{"id":129621,"date":"2024-07-01T22:06:55","date_gmt":"2024-07-01T22:06:55","guid":{"rendered":"https:\/\/www.iplay.com\/games\/game-of-goose-classic-edition\/"},"modified":"2024-07-01T22:06:55","modified_gmt":"2024-07-01T22:06:55","slug":"game-of-goose-classic-edition","status":"publish","type":"product","link":"https:\/\/www.iplay.com\/fr\/games\/game-of-goose-classic-edition\/","title":{"rendered":"Game of goose Classic edition"},"content":{"rendered":"<p>Dans cette \u00e9dition classique et originale du Jeu de l\u2019Oie, les joueurs sont transport\u00e9s dans l\u2019atmosph\u00e8re nostalgique de leur enfance. Cette \u00e9dition reproduit fid\u00e8lement le jeu de soci\u00e9t\u00e9 bien-aim\u00e9 qui divertit les familles depuis des g\u00e9n\u00e9rations, le m\u00eame que votre grand-m\u00e8re aurait pu appr\u00e9cier dans sa jeunesse. <\/p>\n<p>Les origines du Jeu de l\u2019Oie restent entour\u00e9es de myst\u00e8re, les premi\u00e8res r\u00e9f\u00e9rences connues remontant \u00e0 1480. C\u2019est en 1574 que Francesco de M\u00e9dicis a pr\u00e9sent\u00e9 une version du jeu \u00e0 Philippe II d\u2019Espagne, marquant l\u2019une de ses premi\u00e8res versions document\u00e9es. <\/p>\n<p>En tant que jeu de hasard pur, le jeu de l\u2019oie nivelle le terrain de jeu entre les enfants et les adultes, permettant \u00e0 tous les participants de s\u2019affronter sur un pied d\u2019\u00e9galit\u00e9. Ses r\u00e8gles simples mais engageantes ont ciment\u00e9 sa place en tant que favori de la famille \u00e0 travers le monde. <\/p>\n<p>L\u2019une des r\u00e8gles cl\u00e9s concerne la manipulation des jets de d\u00e9s. Si un joueur lance un nombre qui d\u00e9passe le nombre requis pour atteindre la derni\u00e8re case, la pi\u00e8ce doit \u00eatre d\u00e9plac\u00e9e vers l\u2019avant jusqu\u2019\u00e0 la derni\u00e8re case, puis retrac\u00e9e vers l\u2019arri\u00e8re pour utiliser les \u00e9tapes restantes. <\/p>\n<p>De plus, la r\u00e8gle d\u2019occupation dicte qu\u2019aucun joueur ne peut partager le m\u00eame espace. Si le tour d\u2019un joueur se termine sur une case d\u00e9j\u00e0 occup\u00e9e par un adversaire, l\u2019adversaire doit retourner \u00e0 la position \u00e0 partir de laquelle le joueur actuel a commenc\u00e9 son tour. <\/p>\n<p>Cette \u00e9dition du jeu de l\u2019oie prend en charge jusqu\u2019\u00e0 quatre joueurs, invitant les amis et la famille \u00e0 participer au plaisir classique. Le charme du jeu r\u00e9side dans sa simplicit\u00e9 et le plaisir qu\u2019il apporte \u00e0 chaque g\u00e9n\u00e9ration. <\/p>\n<p>Rassemblez vos proches et embarquez dans cette aventure hors du temps, qu\u2019attendez-vous ?<\/p>\n","protected":false},"excerpt":{"rendered":"<p>Profitez du jeu de l\u2019oie classique de votre enfance.<\/p>\n","protected":false},"author":333,"featured_media":37852,"comment_status":"open","ping_status":"closed","template":"","meta":{"_acf_changed":false,"inline_featured_image":false},"product_brand":[],"product_cat":[179,211],"product_tag":[285,305,287],"class_list":{"0":"post-129621","1":"product","2":"type-product","3":"status-publish","4":"has-post-thumbnail","6":"product_cat-mobile-games-fr","7":"product_cat-strategy-fr","8":"product_tag-play-on-mac-fr","9":"product_tag-play-on-mobile-fr","10":"product_tag-play-on-pc-fr","12":"first","13":"instock","14":"shipping-taxable","15":"purchasable","16":"product-type-html5_game"},"acf":[],"yoast_head":"<!-- This site is optimized with the Yoast SEO Premium plugin v25.2 (Yoast SEO v25.2) - https:\/\/yoast.com\/wordpress\/plugins\/seo\/ -->\n<title>Game of goose Classic edition - Jouez sur IPlay<\/title>\n<meta name=\"description\" content=\"Profitez du jeu de l\u2019oie classique de votre enfance.\" \/>\n<meta name=\"robots\" content=\"index, follow, max-snippet:-1, max-image-preview:large, max-video-preview:-1\" \/>\n<link rel=\"canonical\" href=\"https:\/\/www.iplay.com\/fr\/games\/game-of-goose-classic-edition\/\" \/>\n<meta property=\"og:locale\" content=\"fr_FR\" \/>\n<meta property=\"og:type\" content=\"article\" \/>\n<meta property=\"og:title\" content=\"Game of goose Classic edition\" \/>\n<meta property=\"og:description\" content=\"Profitez du jeu de l\u2019oie classique de votre enfance.\" \/>\n<meta property=\"og:url\" content=\"https:\/\/www.iplay.com\/fr\/games\/game-of-goose-classic-edition\/\" \/>\n<meta property=\"og:site_name\" content=\"IPlay\" \/>\n<meta property=\"og:image\" content=\"https:\/\/www.iplay.com\/wp-content\/uploads\/2024\/07\/400x400-gameOfGooseClassicEdition.webp\" \/>\n\t<meta property=\"og:image:width\" content=\"400\" \/>\n\t<meta property=\"og:image:height\" content=\"400\" \/>\n\t<meta property=\"og:image:type\" content=\"image\/webp\" \/>\n<meta name=\"twitter:card\" content=\"summary_large_image\" \/>\n<meta name=\"twitter:label1\" content=\"Dur\u00e9e de lecture estim\u00e9e\" \/>\n\t<meta name=\"twitter:data1\" content=\"2 minutes\" \/>\n<script type=\"application\/ld+json\" class=\"yoast-schema-graph\">{\"@context\":\"https:\/\/schema.org\",\"@graph\":[{\"@type\":\"WebPage\",\"@id\":\"https:\/\/www.iplay.com\/fr\/games\/game-of-goose-classic-edition\/\",\"url\":\"https:\/\/www.iplay.com\/fr\/games\/game-of-goose-classic-edition\/\",\"name\":\"Game of goose Classic edition - Jouez sur IPlay\",\"isPartOf\":{\"@id\":\"https:\/\/www.iplay.com\/en\/#website\"},\"primaryImageOfPage\":{\"@id\":\"https:\/\/www.iplay.com\/fr\/games\/game-of-goose-classic-edition\/#primaryimage\"},\"image\":{\"@id\":\"https:\/\/www.iplay.com\/fr\/games\/game-of-goose-classic-edition\/#primaryimage\"},\"thumbnailUrl\":\"https:\/\/www.iplay.com\/wp-content\/uploads\/2024\/07\/400x400-gameOfGooseClassicEdition.webp\",\"datePublished\":\"2024-07-01T22:06:55+00:00\",\"description\":\"Profitez du jeu de l\u2019oie classique de votre enfance.\",\"breadcrumb\":{\"@id\":\"https:\/\/www.iplay.com\/fr\/games\/game-of-goose-classic-edition\/#breadcrumb\"},\"inLanguage\":\"fr-FR\",\"potentialAction\":[{\"@type\":\"ReadAction\",\"target\":[\"https:\/\/www.iplay.com\/fr\/games\/game-of-goose-classic-edition\/\"]}]},{\"@type\":\"ImageObject\",\"inLanguage\":\"fr-FR\",\"@id\":\"https:\/\/www.iplay.com\/fr\/games\/game-of-goose-classic-edition\/#primaryimage\",\"url\":\"https:\/\/www.iplay.com\/wp-content\/uploads\/2024\/07\/400x400-gameOfGooseClassicEdition.webp\",\"contentUrl\":\"https:\/\/www.iplay.com\/wp-content\/uploads\/2024\/07\/400x400-gameOfGooseClassicEdition.webp\",\"width\":400,\"height\":400},{\"@type\":\"BreadcrumbList\",\"@id\":\"https:\/\/www.iplay.com\/fr\/games\/game-of-goose-classic-edition\/#breadcrumb\",\"itemListElement\":[{\"@type\":\"ListItem\",\"position\":1,\"name\":\"Home\",\"item\":\"https:\/\/www.iplay.com\/fr\/home-page-2\/\"},{\"@type\":\"ListItem\",\"position\":2,\"name\":\"Shop\",\"item\":\"https:\/\/www.iplay.com\/en\/shop\/\"},{\"@type\":\"ListItem\",\"position\":3,\"name\":\"Game of goose Classic edition\"}]},{\"@type\":\"WebSite\",\"@id\":\"https:\/\/www.iplay.com\/en\/#website\",\"url\":\"https:\/\/www.iplay.com\/en\/\",\"name\":\"IPlay\",\"description\":\"The Best Casual Games!\",\"publisher\":{\"@id\":\"https:\/\/www.iplay.com\/en\/#organization\"},\"potentialAction\":[{\"@type\":\"SearchAction\",\"target\":{\"@type\":\"EntryPoint\",\"urlTemplate\":\"https:\/\/www.iplay.com\/en\/?s={search_term_string}\"},\"query-input\":{\"@type\":\"PropertyValueSpecification\",\"valueRequired\":true,\"valueName\":\"search_term_string\"}}],\"inLanguage\":\"fr-FR\"},{\"@type\":\"Organization\",\"@id\":\"https:\/\/www.iplay.com\/en\/#organization\",\"name\":\"IPlay\",\"url\":\"https:\/\/www.iplay.com\/en\/\",\"logo\":{\"@type\":\"ImageObject\",\"inLanguage\":\"fr-FR\",\"@id\":\"https:\/\/www.iplay.com\/en\/#\/schema\/logo\/image\/\",\"url\":\"https:\/\/www.iplay.com\/wp-content\/uploads\/2023\/11\/Group-6100.svg\",\"contentUrl\":\"https:\/\/www.iplay.com\/wp-content\/uploads\/2023\/11\/Group-6100.svg\",\"width\":98,\"height\":25,\"caption\":\"IPlay\"},\"image\":{\"@id\":\"https:\/\/www.iplay.com\/en\/#\/schema\/logo\/image\/\"}}]}<\/script>\n<!-- \/ Yoast SEO Premium plugin. -->","yoast_head_json":{"title":"Game of goose Classic edition - Jouez sur IPlay","description":"Profitez du jeu de l\u2019oie classique de votre enfance.","robots":{"index":"index","follow":"follow","max-snippet":"max-snippet:-1","max-image-preview":"max-image-preview:large","max-video-preview":"max-video-preview:-1"},"canonical":"https:\/\/www.iplay.com\/fr\/games\/game-of-goose-classic-edition\/","og_locale":"fr_FR","og_type":"article","og_title":"Game of goose Classic edition","og_description":"Profitez du jeu de l\u2019oie classique de votre enfance.","og_url":"https:\/\/www.iplay.com\/fr\/games\/game-of-goose-classic-edition\/","og_site_name":"IPlay","og_image":[{"width":400,"height":400,"url":"https:\/\/www.iplay.com\/wp-content\/uploads\/2024\/07\/400x400-gameOfGooseClassicEdition.webp","type":"image\/webp"}],"twitter_card":"summary_large_image","twitter_misc":{"Dur\u00e9e de lecture estim\u00e9e":"2 minutes"},"schema":{"@context":"https:\/\/schema.org","@graph":[{"@type":"WebPage","@id":"https:\/\/www.iplay.com\/fr\/games\/game-of-goose-classic-edition\/","url":"https:\/\/www.iplay.com\/fr\/games\/game-of-goose-classic-edition\/","name":"Game of goose Classic edition - Jouez sur IPlay","isPartOf":{"@id":"https:\/\/www.iplay.com\/en\/#website"},"primaryImageOfPage":{"@id":"https:\/\/www.iplay.com\/fr\/games\/game-of-goose-classic-edition\/#primaryimage"},"image":{"@id":"https:\/\/www.iplay.com\/fr\/games\/game-of-goose-classic-edition\/#primaryimage"},"thumbnailUrl":"https:\/\/www.iplay.com\/wp-content\/uploads\/2024\/07\/400x400-gameOfGooseClassicEdition.webp","datePublished":"2024-07-01T22:06:55+00:00","description":"Profitez du jeu de l\u2019oie classique de votre enfance.","breadcrumb":{"@id":"https:\/\/www.iplay.com\/fr\/games\/game-of-goose-classic-edition\/#breadcrumb"},"inLanguage":"fr-FR","potentialAction":[{"@type":"ReadAction","target":["https:\/\/www.iplay.com\/fr\/games\/game-of-goose-classic-edition\/"]}]},{"@type":"ImageObject","inLanguage":"fr-FR","@id":"https:\/\/www.iplay.com\/fr\/games\/game-of-goose-classic-edition\/#primaryimage","url":"https:\/\/www.iplay.com\/wp-content\/uploads\/2024\/07\/400x400-gameOfGooseClassicEdition.webp","contentUrl":"https:\/\/www.iplay.com\/wp-content\/uploads\/2024\/07\/400x400-gameOfGooseClassicEdition.webp","width":400,"height":400},{"@type":"BreadcrumbList","@id":"https:\/\/www.iplay.com\/fr\/games\/game-of-goose-classic-edition\/#breadcrumb","itemListElement":[{"@type":"ListItem","position":1,"name":"Home","item":"https:\/\/www.iplay.com\/fr\/home-page-2\/"},{"@type":"ListItem","position":2,"name":"Shop","item":"https:\/\/www.iplay.com\/en\/shop\/"},{"@type":"ListItem","position":3,"name":"Game of goose Classic edition"}]},{"@type":"WebSite","@id":"https:\/\/www.iplay.com\/en\/#website","url":"https:\/\/www.iplay.com\/en\/","name":"IPlay","description":"The Best Casual Games!","publisher":{"@id":"https:\/\/www.iplay.com\/en\/#organization"},"potentialAction":[{"@type":"SearchAction","target":{"@type":"EntryPoint","urlTemplate":"https:\/\/www.iplay.com\/en\/?s={search_term_string}"},"query-input":{"@type":"PropertyValueSpecification","valueRequired":true,"valueName":"search_term_string"}}],"inLanguage":"fr-FR"},{"@type":"Organization","@id":"https:\/\/www.iplay.com\/en\/#organization","name":"IPlay","url":"https:\/\/www.iplay.com\/en\/","logo":{"@type":"ImageObject","inLanguage":"fr-FR","@id":"https:\/\/www.iplay.com\/en\/#\/schema\/logo\/image\/","url":"https:\/\/www.iplay.com\/wp-content\/uploads\/2023\/11\/Group-6100.svg","contentUrl":"https:\/\/www.iplay.com\/wp-content\/uploads\/2023\/11\/Group-6100.svg","width":98,"height":25,"caption":"IPlay"},"image":{"@id":"https:\/\/www.iplay.com\/en\/#\/schema\/logo\/image\/"}}]}},"_links":{"self":[{"href":"https:\/\/www.iplay.com\/fr\/wp-json\/wp\/v2\/product\/129621","targetHints":{"allow":["GET"]}}],"collection":[{"href":"https:\/\/www.iplay.com\/fr\/wp-json\/wp\/v2\/product"}],"about":[{"href":"https:\/\/www.iplay.com\/fr\/wp-json\/wp\/v2\/types\/product"}],"author":[{"embeddable":true,"href":"https:\/\/www.iplay.com\/fr\/wp-json\/wp\/v2\/users\/333"}],"replies":[{"embeddable":true,"href":"https:\/\/www.iplay.com\/fr\/wp-json\/wp\/v2\/comments?post=129621"}],"wp:featuredmedia":[{"embeddable":true,"href":"https:\/\/www.iplay.com\/fr\/wp-json\/wp\/v2\/media\/37852"}],"wp:attachment":[{"href":"https:\/\/www.iplay.com\/fr\/wp-json\/wp\/v2\/media?parent=129621"}],"wp:term":[{"taxonomy":"product_brand","embeddable":true,"href":"https:\/\/www.iplay.com\/fr\/wp-json\/wp\/v2\/product_brand?post=129621"},{"taxonomy":"product_cat","embeddable":true,"href":"https:\/\/www.iplay.com\/fr\/wp-json\/wp\/v2\/product_cat?post=129621"},{"taxonomy":"product_tag","embeddable":true,"href":"https:\/\/www.iplay.com\/fr\/wp-json\/wp\/v2\/product_tag?post=129621"}],"curies":[{"name":"wp","href":"https:\/\/api.w.org\/{rel}","templated":true}]}}