{"id":129573,"date":"2023-12-22T00:00:49","date_gmt":"2023-12-22T00:00:49","guid":{"rendered":"https:\/\/www.iplay.com\/games\/christmas-fables-the-magic-snowflake-ce\/"},"modified":"2023-12-22T00:00:49","modified_gmt":"2023-12-22T00:00:49","slug":"christmas-fables-the-magic-snowflake-ce","status":"publish","type":"product","link":"https:\/\/www.iplay.com\/fr\/games\/christmas-fables-the-magic-snowflake-ce\/","title":{"rendered":"Christmas Fables &#8211; The Magic Snowflake CE"},"content":{"rendered":"<p>Pendant les vacances, l\u2019usine de jouets du P\u00e8re No\u00ebl d\u00e9borde (comme chaque ann\u00e9e, alors habituez-vous). Un jour de maladie a \u00e9t\u00e9 refus\u00e9 par l\u2019un des elfes, d\u00e9termin\u00e9 \u00e0 d\u00e9cevoir ses coll\u00e8gues (imaginez cela, des elfes attrapent un rhume). Par cons\u00e9quent, un enfant de dix ans qui porte dans ses petites mains tr\u00e8s (tr\u00e8s !) dangereuses une relique tr\u00e8s (tr\u00e8s !) adorable erre maintenant dans les rues de la ville, agit\u00e9. Vous vous demandez peut-\u00eatre ce qu\u2019une maladie commune et une catastrophe imminente ont \u00e0 voir l\u2019une avec l\u2019autre. Cela devrait rester confidentiel entre vous et l\u2019elfe mentionn\u00e9 pr\u00e9c\u00e9demment ! Surtout, gardez le secret du P\u00e8re No\u00ebl !     <\/p>\n<p>&nbsp;<\/p>\n<p><strong>Fonctionnalit\u00e9s<\/strong><\/p>\n<p>&nbsp;<\/p>\n<p>&#8211; Vous sentez-vous d\u00e9prim\u00e9 ? Embrassez la joie de No\u00ebl en suivant le tintement des cloches ! <\/p>\n<p>&#8211; L\u2019acc\u00e8s au chapitre suppl\u00e9mentaire et un voyage dans le temps jusqu\u2019\u00e0 votre No\u00ebl d\u2019enfance pr\u00e9f\u00e9r\u00e9 sont accord\u00e9s \u00e0 la fin de l\u2019histoire principale !<\/p>\n<p>&#8211; D\u00e9bloquez un certain nombre de succ\u00e8s en r\u00e9solvant des \u00e9nigmes difficiles et des mini-jeux amusants !<\/p>\n<p>&#8211; Les souvenirs int\u00e9ressants et le mat\u00e9riel bonus de cette s\u00e9rie sont \u00e0 surveiller !<\/p>\n<p>&#8211; Des d\u00e9cisions difficiles peuvent \u00eatre prises pour changer le cap des gens et pr\u00e9server No\u00ebl !<\/p>\n","protected":false},"excerpt":{"rendered":"<p>Voyez les faiseurs de miracles jeter un sort !<\/p>\n","protected":false},"author":52,"featured_media":109270,"comment_status":"open","ping_status":"closed","template":"","meta":{"_acf_changed":false,"inline_featured_image":false},"product_brand":[],"product_cat":[165],"product_tag":[287],"class_list":{"0":"post-129573","1":"product","2":"type-product","3":"status-publish","4":"has-post-thumbnail","6":"product_cat-hidden-object-fr","7":"product_tag-play-on-pc-fr","9":"first","10":"instock","11":"shipping-taxable","12":"purchasable","13":"product-type-simple"},"acf":[],"yoast_head":"<!-- This site is optimized with the Yoast SEO Premium plugin v25.2 (Yoast SEO v25.2) - https:\/\/yoast.com\/wordpress\/plugins\/seo\/ -->\n<title>Fables de No\u00ebl - Le flocon de neige magique CE - Assistez \u00e0 un sort de faiseurs de miracles<\/title>\n<meta name=\"description\" content=\"Voyez les faiseurs de miracles jeter un sort !\" \/>\n<meta name=\"robots\" content=\"index, follow, max-snippet:-1, max-image-preview:large, max-video-preview:-1\" \/>\n<link rel=\"canonical\" href=\"https:\/\/www.iplay.com\/fr\/games\/christmas-fables-the-magic-snowflake-ce\/\" \/>\n<meta property=\"og:locale\" content=\"fr_FR\" \/>\n<meta property=\"og:type\" content=\"article\" \/>\n<meta property=\"og:title\" content=\"Christmas Fables - The Magic Snowflake CE\" \/>\n<meta property=\"og:description\" content=\"Voyez les faiseurs de miracles jeter un sort !\" \/>\n<meta property=\"og:url\" content=\"https:\/\/www.iplay.com\/fr\/games\/christmas-fables-the-magic-snowflake-ce\/\" \/>\n<meta property=\"og:site_name\" content=\"IPlay\" \/>\n<meta property=\"og:image\" content=\"https:\/\/www.iplay.com\/wp-content\/uploads\/2024\/02\/large_square_tile_image-14.jpg\" \/>\n\t<meta property=\"og:image:width\" content=\"310\" \/>\n\t<meta property=\"og:image:height\" content=\"310\" \/>\n\t<meta property=\"og:image:type\" content=\"image\/jpeg\" \/>\n<meta name=\"twitter:card\" content=\"summary_large_image\" \/>\n<meta name=\"twitter:label1\" content=\"Dur\u00e9e de lecture estim\u00e9e\" \/>\n\t<meta name=\"twitter:data1\" content=\"1 minute\" \/>\n<script type=\"application\/ld+json\" class=\"yoast-schema-graph\">{\"@context\":\"https:\/\/schema.org\",\"@graph\":[{\"@type\":\"WebPage\",\"@id\":\"https:\/\/www.iplay.com\/fr\/games\/christmas-fables-the-magic-snowflake-ce\/\",\"url\":\"https:\/\/www.iplay.com\/fr\/games\/christmas-fables-the-magic-snowflake-ce\/\",\"name\":\"Fables de No\u00ebl - Le flocon de neige magique CE - Assistez \u00e0 un sort de faiseurs de miracles\",\"isPartOf\":{\"@id\":\"https:\/\/www.iplay.com\/en\/#website\"},\"primaryImageOfPage\":{\"@id\":\"https:\/\/www.iplay.com\/fr\/games\/christmas-fables-the-magic-snowflake-ce\/#primaryimage\"},\"image\":{\"@id\":\"https:\/\/www.iplay.com\/fr\/games\/christmas-fables-the-magic-snowflake-ce\/#primaryimage\"},\"thumbnailUrl\":\"https:\/\/www.iplay.com\/wp-content\/uploads\/2024\/02\/large_square_tile_image-14.jpg\",\"datePublished\":\"2023-12-22T00:00:49+00:00\",\"description\":\"Voyez les faiseurs de miracles jeter un sort !\",\"breadcrumb\":{\"@id\":\"https:\/\/www.iplay.com\/fr\/games\/christmas-fables-the-magic-snowflake-ce\/#breadcrumb\"},\"inLanguage\":\"fr-FR\",\"potentialAction\":[{\"@type\":\"ReadAction\",\"target\":[\"https:\/\/www.iplay.com\/fr\/games\/christmas-fables-the-magic-snowflake-ce\/\"]}]},{\"@type\":\"ImageObject\",\"inLanguage\":\"fr-FR\",\"@id\":\"https:\/\/www.iplay.com\/fr\/games\/christmas-fables-the-magic-snowflake-ce\/#primaryimage\",\"url\":\"https:\/\/www.iplay.com\/wp-content\/uploads\/2024\/02\/large_square_tile_image-14.jpg\",\"contentUrl\":\"https:\/\/www.iplay.com\/wp-content\/uploads\/2024\/02\/large_square_tile_image-14.jpg\",\"width\":310,\"height\":310},{\"@type\":\"BreadcrumbList\",\"@id\":\"https:\/\/www.iplay.com\/fr\/games\/christmas-fables-the-magic-snowflake-ce\/#breadcrumb\",\"itemListElement\":[{\"@type\":\"ListItem\",\"position\":1,\"name\":\"Home\",\"item\":\"https:\/\/www.iplay.com\/fr\/home-page-2\/\"},{\"@type\":\"ListItem\",\"position\":2,\"name\":\"Shop\",\"item\":\"https:\/\/www.iplay.com\/en\/shop\/\"},{\"@type\":\"ListItem\",\"position\":3,\"name\":\"Christmas Fables &#8211; The Magic Snowflake CE\"}]},{\"@type\":\"WebSite\",\"@id\":\"https:\/\/www.iplay.com\/en\/#website\",\"url\":\"https:\/\/www.iplay.com\/en\/\",\"name\":\"IPlay\",\"description\":\"The Best Casual Games!\",\"publisher\":{\"@id\":\"https:\/\/www.iplay.com\/en\/#organization\"},\"potentialAction\":[{\"@type\":\"SearchAction\",\"target\":{\"@type\":\"EntryPoint\",\"urlTemplate\":\"https:\/\/www.iplay.com\/en\/?s={search_term_string}\"},\"query-input\":{\"@type\":\"PropertyValueSpecification\",\"valueRequired\":true,\"valueName\":\"search_term_string\"}}],\"inLanguage\":\"fr-FR\"},{\"@type\":\"Organization\",\"@id\":\"https:\/\/www.iplay.com\/en\/#organization\",\"name\":\"IPlay\",\"url\":\"https:\/\/www.iplay.com\/en\/\",\"logo\":{\"@type\":\"ImageObject\",\"inLanguage\":\"fr-FR\",\"@id\":\"https:\/\/www.iplay.com\/en\/#\/schema\/logo\/image\/\",\"url\":\"https:\/\/www.iplay.com\/wp-content\/uploads\/2023\/11\/Group-6100.svg\",\"contentUrl\":\"https:\/\/www.iplay.com\/wp-content\/uploads\/2023\/11\/Group-6100.svg\",\"width\":98,\"height\":25,\"caption\":\"IPlay\"},\"image\":{\"@id\":\"https:\/\/www.iplay.com\/en\/#\/schema\/logo\/image\/\"}}]}<\/script>\n<!-- \/ Yoast SEO Premium plugin. -->","yoast_head_json":{"title":"Fables de No\u00ebl - Le flocon de neige magique CE - Assistez \u00e0 un sort de faiseurs de miracles","description":"Voyez les faiseurs de miracles jeter un sort !","robots":{"index":"index","follow":"follow","max-snippet":"max-snippet:-1","max-image-preview":"max-image-preview:large","max-video-preview":"max-video-preview:-1"},"canonical":"https:\/\/www.iplay.com\/fr\/games\/christmas-fables-the-magic-snowflake-ce\/","og_locale":"fr_FR","og_type":"article","og_title":"Christmas Fables - The Magic Snowflake CE","og_description":"Voyez les faiseurs de miracles jeter un sort !","og_url":"https:\/\/www.iplay.com\/fr\/games\/christmas-fables-the-magic-snowflake-ce\/","og_site_name":"IPlay","og_image":[{"width":310,"height":310,"url":"https:\/\/www.iplay.com\/wp-content\/uploads\/2024\/02\/large_square_tile_image-14.jpg","type":"image\/jpeg"}],"twitter_card":"summary_large_image","twitter_misc":{"Dur\u00e9e de lecture estim\u00e9e":"1 minute"},"schema":{"@context":"https:\/\/schema.org","@graph":[{"@type":"WebPage","@id":"https:\/\/www.iplay.com\/fr\/games\/christmas-fables-the-magic-snowflake-ce\/","url":"https:\/\/www.iplay.com\/fr\/games\/christmas-fables-the-magic-snowflake-ce\/","name":"Fables de No\u00ebl - Le flocon de neige magique CE - Assistez \u00e0 un sort de faiseurs de miracles","isPartOf":{"@id":"https:\/\/www.iplay.com\/en\/#website"},"primaryImageOfPage":{"@id":"https:\/\/www.iplay.com\/fr\/games\/christmas-fables-the-magic-snowflake-ce\/#primaryimage"},"image":{"@id":"https:\/\/www.iplay.com\/fr\/games\/christmas-fables-the-magic-snowflake-ce\/#primaryimage"},"thumbnailUrl":"https:\/\/www.iplay.com\/wp-content\/uploads\/2024\/02\/large_square_tile_image-14.jpg","datePublished":"2023-12-22T00:00:49+00:00","description":"Voyez les faiseurs de miracles jeter un sort !","breadcrumb":{"@id":"https:\/\/www.iplay.com\/fr\/games\/christmas-fables-the-magic-snowflake-ce\/#breadcrumb"},"inLanguage":"fr-FR","potentialAction":[{"@type":"ReadAction","target":["https:\/\/www.iplay.com\/fr\/games\/christmas-fables-the-magic-snowflake-ce\/"]}]},{"@type":"ImageObject","inLanguage":"fr-FR","@id":"https:\/\/www.iplay.com\/fr\/games\/christmas-fables-the-magic-snowflake-ce\/#primaryimage","url":"https:\/\/www.iplay.com\/wp-content\/uploads\/2024\/02\/large_square_tile_image-14.jpg","contentUrl":"https:\/\/www.iplay.com\/wp-content\/uploads\/2024\/02\/large_square_tile_image-14.jpg","width":310,"height":310},{"@type":"BreadcrumbList","@id":"https:\/\/www.iplay.com\/fr\/games\/christmas-fables-the-magic-snowflake-ce\/#breadcrumb","itemListElement":[{"@type":"ListItem","position":1,"name":"Home","item":"https:\/\/www.iplay.com\/fr\/home-page-2\/"},{"@type":"ListItem","position":2,"name":"Shop","item":"https:\/\/www.iplay.com\/en\/shop\/"},{"@type":"ListItem","position":3,"name":"Christmas Fables &#8211; The Magic Snowflake CE"}]},{"@type":"WebSite","@id":"https:\/\/www.iplay.com\/en\/#website","url":"https:\/\/www.iplay.com\/en\/","name":"IPlay","description":"The Best Casual Games!","publisher":{"@id":"https:\/\/www.iplay.com\/en\/#organization"},"potentialAction":[{"@type":"SearchAction","target":{"@type":"EntryPoint","urlTemplate":"https:\/\/www.iplay.com\/en\/?s={search_term_string}"},"query-input":{"@type":"PropertyValueSpecification","valueRequired":true,"valueName":"search_term_string"}}],"inLanguage":"fr-FR"},{"@type":"Organization","@id":"https:\/\/www.iplay.com\/en\/#organization","name":"IPlay","url":"https:\/\/www.iplay.com\/en\/","logo":{"@type":"ImageObject","inLanguage":"fr-FR","@id":"https:\/\/www.iplay.com\/en\/#\/schema\/logo\/image\/","url":"https:\/\/www.iplay.com\/wp-content\/uploads\/2023\/11\/Group-6100.svg","contentUrl":"https:\/\/www.iplay.com\/wp-content\/uploads\/2023\/11\/Group-6100.svg","width":98,"height":25,"caption":"IPlay"},"image":{"@id":"https:\/\/www.iplay.com\/en\/#\/schema\/logo\/image\/"}}]}},"_links":{"self":[{"href":"https:\/\/www.iplay.com\/fr\/wp-json\/wp\/v2\/product\/129573","targetHints":{"allow":["GET"]}}],"collection":[{"href":"https:\/\/www.iplay.com\/fr\/wp-json\/wp\/v2\/product"}],"about":[{"href":"https:\/\/www.iplay.com\/fr\/wp-json\/wp\/v2\/types\/product"}],"author":[{"embeddable":true,"href":"https:\/\/www.iplay.com\/fr\/wp-json\/wp\/v2\/users\/52"}],"replies":[{"embeddable":true,"href":"https:\/\/www.iplay.com\/fr\/wp-json\/wp\/v2\/comments?post=129573"}],"wp:featuredmedia":[{"embeddable":true,"href":"https:\/\/www.iplay.com\/fr\/wp-json\/wp\/v2\/media\/109270"}],"wp:attachment":[{"href":"https:\/\/www.iplay.com\/fr\/wp-json\/wp\/v2\/media?parent=129573"}],"wp:term":[{"taxonomy":"product_brand","embeddable":true,"href":"https:\/\/www.iplay.com\/fr\/wp-json\/wp\/v2\/product_brand?post=129573"},{"taxonomy":"product_cat","embeddable":true,"href":"https:\/\/www.iplay.com\/fr\/wp-json\/wp\/v2\/product_cat?post=129573"},{"taxonomy":"product_tag","embeddable":true,"href":"https:\/\/www.iplay.com\/fr\/wp-json\/wp\/v2\/product_tag?post=129573"}],"curies":[{"name":"wp","href":"https:\/\/api.w.org\/{rel}","templated":true}]}}