{"id":129502,"date":"2023-11-24T00:00:41","date_gmt":"2023-11-24T00:00:41","guid":{"rendered":"https:\/\/www.iplay.com\/games\/amandas-magic-book-8-among-the-spirits\/"},"modified":"2025-07-24T10:48:02","modified_gmt":"2025-07-24T10:48:02","slug":"amandas-magic-book-8-among-the-spirits","status":"publish","type":"product","link":"https:\/\/www.iplay.com\/fr\/games\/amandas-magic-book-8-among-the-spirits\/","title":{"rendered":"Amanda&#8217;s Magic Book 8: Among the Spirits"},"content":{"rendered":"<p>Des vacances merveilleuses prennent une mauvaise tournure ! Les intentions de Charlie et Amanda d\u2019assister au festival Karatsu Kunchi au Japon se d\u00e9traquent lorsque leur voiture tombe en panne. Lorsqu\u2019ils se rendent dans un village apparemment d\u00e9sert \u00e0 la recherche d\u2019aide, les choses empirent puisque Charlie est maudit et se transforme en cochon ! Amanda doit maintenant s\u2019aventurer dans un royaume plein de magie, d\u2019esprits et de dangers non identifi\u00e9s qu\u2019elle comprend \u00e0 peine. Elle a d\u00fb faire face \u00e0 beaucoup de circonstances \u00e9tranges dans le pass\u00e9, mais celle-ci va vraiment la mettre \u00e0 l\u2019\u00e9preuve. Peut-elle surmonter les choses qui se dressent sur son chemin et sauver Charlie ? Ou va-t-elle c\u00e9der \u00e0 la magie mal\u00e9fique qui l\u2019entoure ?      <\/p>\n<p>&nbsp;<\/p>\n<p><strong>Les caract\u00e9ristiques comprennent :  <\/strong><\/p>\n<p>&nbsp;<\/p>\n<p>&#8211; Un merveilleux voyage l\u2019attend alors qu\u2019Amanda se retrouve pi\u00e9g\u00e9e dans un village magique.<\/p>\n<p>&#8211; Un nouveau monde \u00e9trange est explor\u00e9 avec un casting de nouveaux individus, dont certains se r\u00e9v\u00e9leront \u00eatre de dangereux ennemis et d\u2019autres des camarades.<\/p>\n<p>&#8211; Des puzzles de match-3 amusants vous mettent au d\u00e9fi de collecter les ressources dont vous avez besoin pour continuer.<\/p>\n<p>&#8211; 20 am\u00e9liorations sont d\u00e9bloqu\u00e9es pour aider Amanda dans sa recherche du sauvetage de Charlie.<\/p>\n<p>&#8211; Cinq chapitres pleins d\u2019intrigues, de p\u00e9rils et de magie sont explor\u00e9s alors qu\u2019Amanda d\u00e9couvre les lois de cet \u00e9trange nouveau monde.<\/p>\n","protected":false},"excerpt":{"rendered":"<p>R\u00e9solvez la mal\u00e9diction dans le Japon magique avec Amanda !<\/p>\n","protected":false},"author":42,"featured_media":108982,"comment_status":"open","ping_status":"closed","template":"","meta":{"_acf_changed":false,"inline_featured_image":false},"product_brand":[],"product_cat":[177],"product_tag":[287],"class_list":{"0":"post-129502","1":"product","2":"type-product","3":"status-publish","4":"has-post-thumbnail","6":"product_cat-match-3-fr","7":"product_tag-play-on-pc-fr","9":"first","10":"instock","11":"shipping-taxable","12":"purchasable","13":"product-type-simple"},"acf":[],"yoast_head":"<!-- This site is optimized with the Yoast SEO Premium plugin v25.2 (Yoast SEO v25.2) - https:\/\/yoast.com\/wordpress\/plugins\/seo\/ -->\n<title>Amanda\u2019s Magic Book 8\u00a0: Among the Spirits - R\u00e9solvez la mal\u00e9diction dans le Japon magique avec Amanda<\/title>\n<meta name=\"description\" content=\"R\u00e9solvez la mal\u00e9diction dans le Japon magique avec Amanda !\" \/>\n<meta name=\"robots\" content=\"index, follow, max-snippet:-1, max-image-preview:large, max-video-preview:-1\" \/>\n<link rel=\"canonical\" href=\"https:\/\/www.iplay.com\/fr\/games\/amandas-magic-book-8-among-the-spirits\/\" \/>\n<meta property=\"og:locale\" content=\"fr_FR\" \/>\n<meta property=\"og:type\" content=\"article\" \/>\n<meta property=\"og:title\" content=\"Amanda&#039;s Magic Book 8: Among the Spirits\" \/>\n<meta property=\"og:description\" content=\"R\u00e9solvez la mal\u00e9diction dans le Japon magique avec Amanda !\" \/>\n<meta property=\"og:url\" content=\"https:\/\/www.iplay.com\/fr\/games\/amandas-magic-book-8-among-the-spirits\/\" \/>\n<meta property=\"og:site_name\" content=\"IPlay\" \/>\n<meta property=\"article:modified_time\" content=\"2025-07-24T10:48:02+00:00\" \/>\n<meta property=\"og:image\" content=\"https:\/\/www.iplay.com\/wp-content\/uploads\/2024\/02\/amandas_magic_book_8_-_among_the_spirits_p1.jpg\" \/>\n\t<meta property=\"og:image:width\" content=\"310\" \/>\n\t<meta property=\"og:image:height\" content=\"310\" \/>\n\t<meta property=\"og:image:type\" content=\"image\/jpeg\" \/>\n<meta name=\"twitter:card\" content=\"summary_large_image\" \/>\n<meta name=\"twitter:label1\" content=\"Dur\u00e9e de lecture estim\u00e9e\" \/>\n\t<meta name=\"twitter:data1\" content=\"1 minute\" \/>\n<script type=\"application\/ld+json\" class=\"yoast-schema-graph\">{\"@context\":\"https:\/\/schema.org\",\"@graph\":[{\"@type\":\"WebPage\",\"@id\":\"https:\/\/www.iplay.com\/fr\/games\/amandas-magic-book-8-among-the-spirits\/\",\"url\":\"https:\/\/www.iplay.com\/fr\/games\/amandas-magic-book-8-among-the-spirits\/\",\"name\":\"Amanda\u2019s Magic Book 8\u00a0: Among the Spirits - R\u00e9solvez la mal\u00e9diction dans le Japon magique avec Amanda\",\"isPartOf\":{\"@id\":\"https:\/\/www.iplay.com\/en\/#website\"},\"primaryImageOfPage\":{\"@id\":\"https:\/\/www.iplay.com\/fr\/games\/amandas-magic-book-8-among-the-spirits\/#primaryimage\"},\"image\":{\"@id\":\"https:\/\/www.iplay.com\/fr\/games\/amandas-magic-book-8-among-the-spirits\/#primaryimage\"},\"thumbnailUrl\":\"https:\/\/www.iplay.com\/wp-content\/uploads\/2024\/02\/amandas_magic_book_8_-_among_the_spirits_p1.jpg\",\"datePublished\":\"2023-11-24T00:00:41+00:00\",\"dateModified\":\"2025-07-24T10:48:02+00:00\",\"description\":\"R\u00e9solvez la mal\u00e9diction dans le Japon magique avec Amanda !\",\"breadcrumb\":{\"@id\":\"https:\/\/www.iplay.com\/fr\/games\/amandas-magic-book-8-among-the-spirits\/#breadcrumb\"},\"inLanguage\":\"fr-FR\",\"potentialAction\":[{\"@type\":\"ReadAction\",\"target\":[\"https:\/\/www.iplay.com\/fr\/games\/amandas-magic-book-8-among-the-spirits\/\"]}]},{\"@type\":\"ImageObject\",\"inLanguage\":\"fr-FR\",\"@id\":\"https:\/\/www.iplay.com\/fr\/games\/amandas-magic-book-8-among-the-spirits\/#primaryimage\",\"url\":\"https:\/\/www.iplay.com\/wp-content\/uploads\/2024\/02\/amandas_magic_book_8_-_among_the_spirits_p1.jpg\",\"contentUrl\":\"https:\/\/www.iplay.com\/wp-content\/uploads\/2024\/02\/amandas_magic_book_8_-_among_the_spirits_p1.jpg\",\"width\":310,\"height\":310},{\"@type\":\"BreadcrumbList\",\"@id\":\"https:\/\/www.iplay.com\/fr\/games\/amandas-magic-book-8-among-the-spirits\/#breadcrumb\",\"itemListElement\":[{\"@type\":\"ListItem\",\"position\":1,\"name\":\"Home\",\"item\":\"https:\/\/www.iplay.com\/fr\/home-page-2\/\"},{\"@type\":\"ListItem\",\"position\":2,\"name\":\"Shop\",\"item\":\"https:\/\/www.iplay.com\/en\/shop\/\"},{\"@type\":\"ListItem\",\"position\":3,\"name\":\"Amanda&#8217;s Magic Book 8: Among the Spirits\"}]},{\"@type\":\"WebSite\",\"@id\":\"https:\/\/www.iplay.com\/en\/#website\",\"url\":\"https:\/\/www.iplay.com\/en\/\",\"name\":\"IPlay\",\"description\":\"The Best Casual Games!\",\"publisher\":{\"@id\":\"https:\/\/www.iplay.com\/en\/#organization\"},\"potentialAction\":[{\"@type\":\"SearchAction\",\"target\":{\"@type\":\"EntryPoint\",\"urlTemplate\":\"https:\/\/www.iplay.com\/en\/?s={search_term_string}\"},\"query-input\":{\"@type\":\"PropertyValueSpecification\",\"valueRequired\":true,\"valueName\":\"search_term_string\"}}],\"inLanguage\":\"fr-FR\"},{\"@type\":\"Organization\",\"@id\":\"https:\/\/www.iplay.com\/en\/#organization\",\"name\":\"IPlay\",\"url\":\"https:\/\/www.iplay.com\/en\/\",\"logo\":{\"@type\":\"ImageObject\",\"inLanguage\":\"fr-FR\",\"@id\":\"https:\/\/www.iplay.com\/en\/#\/schema\/logo\/image\/\",\"url\":\"https:\/\/www.iplay.com\/wp-content\/uploads\/2023\/11\/Group-6100.svg\",\"contentUrl\":\"https:\/\/www.iplay.com\/wp-content\/uploads\/2023\/11\/Group-6100.svg\",\"width\":98,\"height\":25,\"caption\":\"IPlay\"},\"image\":{\"@id\":\"https:\/\/www.iplay.com\/en\/#\/schema\/logo\/image\/\"}}]}<\/script>\n<!-- \/ Yoast SEO Premium plugin. -->","yoast_head_json":{"title":"Amanda\u2019s Magic Book 8\u00a0: Among the Spirits - R\u00e9solvez la mal\u00e9diction dans le Japon magique avec Amanda","description":"R\u00e9solvez la mal\u00e9diction dans le Japon magique avec Amanda !","robots":{"index":"index","follow":"follow","max-snippet":"max-snippet:-1","max-image-preview":"max-image-preview:large","max-video-preview":"max-video-preview:-1"},"canonical":"https:\/\/www.iplay.com\/fr\/games\/amandas-magic-book-8-among-the-spirits\/","og_locale":"fr_FR","og_type":"article","og_title":"Amanda's Magic Book 8: Among the Spirits","og_description":"R\u00e9solvez la mal\u00e9diction dans le Japon magique avec Amanda !","og_url":"https:\/\/www.iplay.com\/fr\/games\/amandas-magic-book-8-among-the-spirits\/","og_site_name":"IPlay","article_modified_time":"2025-07-24T10:48:02+00:00","og_image":[{"width":310,"height":310,"url":"https:\/\/www.iplay.com\/wp-content\/uploads\/2024\/02\/amandas_magic_book_8_-_among_the_spirits_p1.jpg","type":"image\/jpeg"}],"twitter_card":"summary_large_image","twitter_misc":{"Dur\u00e9e de lecture estim\u00e9e":"1 minute"},"schema":{"@context":"https:\/\/schema.org","@graph":[{"@type":"WebPage","@id":"https:\/\/www.iplay.com\/fr\/games\/amandas-magic-book-8-among-the-spirits\/","url":"https:\/\/www.iplay.com\/fr\/games\/amandas-magic-book-8-among-the-spirits\/","name":"Amanda\u2019s Magic Book 8\u00a0: Among the Spirits - R\u00e9solvez la mal\u00e9diction dans le Japon magique avec Amanda","isPartOf":{"@id":"https:\/\/www.iplay.com\/en\/#website"},"primaryImageOfPage":{"@id":"https:\/\/www.iplay.com\/fr\/games\/amandas-magic-book-8-among-the-spirits\/#primaryimage"},"image":{"@id":"https:\/\/www.iplay.com\/fr\/games\/amandas-magic-book-8-among-the-spirits\/#primaryimage"},"thumbnailUrl":"https:\/\/www.iplay.com\/wp-content\/uploads\/2024\/02\/amandas_magic_book_8_-_among_the_spirits_p1.jpg","datePublished":"2023-11-24T00:00:41+00:00","dateModified":"2025-07-24T10:48:02+00:00","description":"R\u00e9solvez la mal\u00e9diction dans le Japon magique avec Amanda !","breadcrumb":{"@id":"https:\/\/www.iplay.com\/fr\/games\/amandas-magic-book-8-among-the-spirits\/#breadcrumb"},"inLanguage":"fr-FR","potentialAction":[{"@type":"ReadAction","target":["https:\/\/www.iplay.com\/fr\/games\/amandas-magic-book-8-among-the-spirits\/"]}]},{"@type":"ImageObject","inLanguage":"fr-FR","@id":"https:\/\/www.iplay.com\/fr\/games\/amandas-magic-book-8-among-the-spirits\/#primaryimage","url":"https:\/\/www.iplay.com\/wp-content\/uploads\/2024\/02\/amandas_magic_book_8_-_among_the_spirits_p1.jpg","contentUrl":"https:\/\/www.iplay.com\/wp-content\/uploads\/2024\/02\/amandas_magic_book_8_-_among_the_spirits_p1.jpg","width":310,"height":310},{"@type":"BreadcrumbList","@id":"https:\/\/www.iplay.com\/fr\/games\/amandas-magic-book-8-among-the-spirits\/#breadcrumb","itemListElement":[{"@type":"ListItem","position":1,"name":"Home","item":"https:\/\/www.iplay.com\/fr\/home-page-2\/"},{"@type":"ListItem","position":2,"name":"Shop","item":"https:\/\/www.iplay.com\/en\/shop\/"},{"@type":"ListItem","position":3,"name":"Amanda&#8217;s Magic Book 8: Among the Spirits"}]},{"@type":"WebSite","@id":"https:\/\/www.iplay.com\/en\/#website","url":"https:\/\/www.iplay.com\/en\/","name":"IPlay","description":"The Best Casual Games!","publisher":{"@id":"https:\/\/www.iplay.com\/en\/#organization"},"potentialAction":[{"@type":"SearchAction","target":{"@type":"EntryPoint","urlTemplate":"https:\/\/www.iplay.com\/en\/?s={search_term_string}"},"query-input":{"@type":"PropertyValueSpecification","valueRequired":true,"valueName":"search_term_string"}}],"inLanguage":"fr-FR"},{"@type":"Organization","@id":"https:\/\/www.iplay.com\/en\/#organization","name":"IPlay","url":"https:\/\/www.iplay.com\/en\/","logo":{"@type":"ImageObject","inLanguage":"fr-FR","@id":"https:\/\/www.iplay.com\/en\/#\/schema\/logo\/image\/","url":"https:\/\/www.iplay.com\/wp-content\/uploads\/2023\/11\/Group-6100.svg","contentUrl":"https:\/\/www.iplay.com\/wp-content\/uploads\/2023\/11\/Group-6100.svg","width":98,"height":25,"caption":"IPlay"},"image":{"@id":"https:\/\/www.iplay.com\/en\/#\/schema\/logo\/image\/"}}]}},"_links":{"self":[{"href":"https:\/\/www.iplay.com\/fr\/wp-json\/wp\/v2\/product\/129502","targetHints":{"allow":["GET"]}}],"collection":[{"href":"https:\/\/www.iplay.com\/fr\/wp-json\/wp\/v2\/product"}],"about":[{"href":"https:\/\/www.iplay.com\/fr\/wp-json\/wp\/v2\/types\/product"}],"author":[{"embeddable":true,"href":"https:\/\/www.iplay.com\/fr\/wp-json\/wp\/v2\/users\/42"}],"replies":[{"embeddable":true,"href":"https:\/\/www.iplay.com\/fr\/wp-json\/wp\/v2\/comments?post=129502"}],"wp:featuredmedia":[{"embeddable":true,"href":"https:\/\/www.iplay.com\/fr\/wp-json\/wp\/v2\/media\/108982"}],"wp:attachment":[{"href":"https:\/\/www.iplay.com\/fr\/wp-json\/wp\/v2\/media?parent=129502"}],"wp:term":[{"taxonomy":"product_brand","embeddable":true,"href":"https:\/\/www.iplay.com\/fr\/wp-json\/wp\/v2\/product_brand?post=129502"},{"taxonomy":"product_cat","embeddable":true,"href":"https:\/\/www.iplay.com\/fr\/wp-json\/wp\/v2\/product_cat?post=129502"},{"taxonomy":"product_tag","embeddable":true,"href":"https:\/\/www.iplay.com\/fr\/wp-json\/wp\/v2\/product_tag?post=129502"}],"curies":[{"name":"wp","href":"https:\/\/api.w.org\/{rel}","templated":true}]}}