{"id":129401,"date":"2024-05-31T12:00:34","date_gmt":"2024-05-31T12:00:34","guid":{"rendered":"https:\/\/www.iplay.com\/games\/mahjongus-mystery-of-fortescue\/"},"modified":"2024-05-31T12:00:34","modified_gmt":"2024-05-31T12:00:34","slug":"mahjongus-mystery-of-fortescue","status":"publish","type":"product","link":"https:\/\/www.iplay.com\/fr\/games\/mahjongus-mystery-of-fortescue\/","title":{"rendered":"Mahjongus: Mystery Of Fortescue"},"content":{"rendered":"<p>Pr\u00e9parez-vous \u00e0 embarquer pour un voyage palpitant pas comme les autres dans \u00ab&nbsp;Mahjongus&nbsp;: Mystery of Fortescue&nbsp;\u00bb. Une mission sera entreprise par Victor Graves, un sorcier runique renomm\u00e9 et ancien \u00e9l\u00e8ve de l\u2019\u00e9lite de l\u2019Acad\u00e9mie de Magie, pour d\u00e9couvrir des secrets cach\u00e9s dans les anciennes salles de l\u2019Acad\u00e9mie. <\/p>\n<p>\u00c0 l\u2019arriv\u00e9e, un spectacle troublant sera rencontr\u00e9 : les salles autrefois anim\u00e9es de l\u2019Acad\u00e9mie ont \u00e9t\u00e9 voil\u00e9es par l\u2019obscurit\u00e9, bloqu\u00e9es par un cristal malveillant bourdonnant d\u2019une \u00e9nergie \u00e9trange. Ce cristal d\u00e9vore la magie et menace la survie m\u00eame de l\u2019\u00e9cole. L\u2019\u00e9nigme entourant le cristal et le danger qu\u2019il repr\u00e9sente doivent \u00eatre r\u00e9solus en jouant ensemble aux niveaux standard de mahjong et d\u2019objets cach\u00e9s.  <\/p>\n<p>&nbsp;<\/p>\n<p><strong>Fonctionnalit\u00e9s<\/strong><\/p>\n<ul>\n<li>150 niveaux de Mahjong \u00e0 compl\u00e9ter !<\/li>\n<li>14 HOG suppl\u00e9mentaires \u00e0 affronter !<\/li>\n<li>Des graphismes \u00e9poustouflants et une musique engageante !<\/li>\n<li>Un r\u00e9cit intrigant avec des rebondissements inattendus !<\/li>\n<li>L\u2019Acad\u00e9mie doit \u00eatre prot\u00e9g\u00e9e de la menace imminente !<\/li>\n<\/ul>\n","protected":false},"excerpt":{"rendered":"<p>R\u00e9solvez des \u00e9nigmes de mahjong pour d\u00e9couvrir les secrets de Fortescue avec Mahjongus&nbsp;: Mystery Of Fortescue<\/p>\n","protected":false},"author":14,"featured_media":111138,"comment_status":"open","ping_status":"closed","template":"","meta":{"_acf_changed":false,"inline_featured_image":false},"product_brand":[],"product_cat":[172,193],"product_tag":[287],"class_list":{"0":"post-129401","1":"product","2":"type-product","3":"status-publish","4":"has-post-thumbnail","6":"product_cat-mahjong-fr","7":"product_cat-puzzle-fr","8":"product_tag-play-on-pc-fr","10":"first","11":"instock","12":"shipping-taxable","13":"purchasable","14":"product-type-simple"},"acf":[],"yoast_head":"<!-- This site is optimized with the Yoast SEO Premium plugin v25.2 (Yoast SEO v25.2) - https:\/\/yoast.com\/wordpress\/plugins\/seo\/ -->\n<title>Mahjongus : Le Myst\u00e8re De Fortescue<\/title>\n<meta name=\"description\" content=\"R\u00e9solvez des \u00e9nigmes de mahjong pour d\u00e9couvrir les secrets de Fortescue avec Mahjongus&nbsp;: Mystery Of Fortescue\" \/>\n<meta name=\"robots\" content=\"index, follow, max-snippet:-1, max-image-preview:large, max-video-preview:-1\" \/>\n<link rel=\"canonical\" href=\"https:\/\/www.iplay.com\/fr\/games\/mahjongus-mystery-of-fortescue\/\" \/>\n<meta property=\"og:locale\" content=\"fr_FR\" \/>\n<meta property=\"og:type\" content=\"article\" \/>\n<meta property=\"og:title\" content=\"Mahjongus: Mystery Of Fortescue\" \/>\n<meta property=\"og:description\" content=\"R\u00e9solvez des \u00e9nigmes de mahjong pour d\u00e9couvrir les secrets de Fortescue avec Mahjongus&nbsp;: Mystery Of Fortescue\" \/>\n<meta property=\"og:url\" content=\"https:\/\/www.iplay.com\/fr\/games\/mahjongus-mystery-of-fortescue\/\" \/>\n<meta property=\"og:site_name\" content=\"IPlay\" \/>\n<meta property=\"og:image\" content=\"https:\/\/www.iplay.com\/wp-content\/uploads\/2024\/05\/Mahjongus-Mystery-Of-Fortescue_large_square_tile_image.jpg\" \/>\n\t<meta property=\"og:image:width\" content=\"310\" \/>\n\t<meta property=\"og:image:height\" content=\"310\" \/>\n\t<meta property=\"og:image:type\" content=\"image\/jpeg\" \/>\n<meta name=\"twitter:card\" content=\"summary_large_image\" \/>\n<meta name=\"twitter:label1\" content=\"Dur\u00e9e de lecture estim\u00e9e\" \/>\n\t<meta name=\"twitter:data1\" content=\"1 minute\" \/>\n<script type=\"application\/ld+json\" class=\"yoast-schema-graph\">{\"@context\":\"https:\/\/schema.org\",\"@graph\":[{\"@type\":\"WebPage\",\"@id\":\"https:\/\/www.iplay.com\/fr\/games\/mahjongus-mystery-of-fortescue\/\",\"url\":\"https:\/\/www.iplay.com\/fr\/games\/mahjongus-mystery-of-fortescue\/\",\"name\":\"Mahjongus : Le Myst\u00e8re De Fortescue\",\"isPartOf\":{\"@id\":\"https:\/\/www.iplay.com\/en\/#website\"},\"primaryImageOfPage\":{\"@id\":\"https:\/\/www.iplay.com\/fr\/games\/mahjongus-mystery-of-fortescue\/#primaryimage\"},\"image\":{\"@id\":\"https:\/\/www.iplay.com\/fr\/games\/mahjongus-mystery-of-fortescue\/#primaryimage\"},\"thumbnailUrl\":\"https:\/\/www.iplay.com\/wp-content\/uploads\/2024\/05\/Mahjongus-Mystery-Of-Fortescue_large_square_tile_image.jpg\",\"datePublished\":\"2024-05-31T12:00:34+00:00\",\"description\":\"R\u00e9solvez des \u00e9nigmes de mahjong pour d\u00e9couvrir les secrets de Fortescue avec Mahjongus&nbsp;: Mystery Of Fortescue\",\"breadcrumb\":{\"@id\":\"https:\/\/www.iplay.com\/fr\/games\/mahjongus-mystery-of-fortescue\/#breadcrumb\"},\"inLanguage\":\"fr-FR\",\"potentialAction\":[{\"@type\":\"ReadAction\",\"target\":[\"https:\/\/www.iplay.com\/fr\/games\/mahjongus-mystery-of-fortescue\/\"]}]},{\"@type\":\"ImageObject\",\"inLanguage\":\"fr-FR\",\"@id\":\"https:\/\/www.iplay.com\/fr\/games\/mahjongus-mystery-of-fortescue\/#primaryimage\",\"url\":\"https:\/\/www.iplay.com\/wp-content\/uploads\/2024\/05\/Mahjongus-Mystery-Of-Fortescue_large_square_tile_image.jpg\",\"contentUrl\":\"https:\/\/www.iplay.com\/wp-content\/uploads\/2024\/05\/Mahjongus-Mystery-Of-Fortescue_large_square_tile_image.jpg\",\"width\":310,\"height\":310},{\"@type\":\"BreadcrumbList\",\"@id\":\"https:\/\/www.iplay.com\/fr\/games\/mahjongus-mystery-of-fortescue\/#breadcrumb\",\"itemListElement\":[{\"@type\":\"ListItem\",\"position\":1,\"name\":\"Home\",\"item\":\"https:\/\/www.iplay.com\/fr\/home-page-2\/\"},{\"@type\":\"ListItem\",\"position\":2,\"name\":\"Shop\",\"item\":\"https:\/\/www.iplay.com\/en\/shop\/\"},{\"@type\":\"ListItem\",\"position\":3,\"name\":\"Mahjongus: Mystery Of Fortescue\"}]},{\"@type\":\"WebSite\",\"@id\":\"https:\/\/www.iplay.com\/en\/#website\",\"url\":\"https:\/\/www.iplay.com\/en\/\",\"name\":\"IPlay\",\"description\":\"The Best Casual Games!\",\"publisher\":{\"@id\":\"https:\/\/www.iplay.com\/en\/#organization\"},\"potentialAction\":[{\"@type\":\"SearchAction\",\"target\":{\"@type\":\"EntryPoint\",\"urlTemplate\":\"https:\/\/www.iplay.com\/en\/?s={search_term_string}\"},\"query-input\":{\"@type\":\"PropertyValueSpecification\",\"valueRequired\":true,\"valueName\":\"search_term_string\"}}],\"inLanguage\":\"fr-FR\"},{\"@type\":\"Organization\",\"@id\":\"https:\/\/www.iplay.com\/en\/#organization\",\"name\":\"IPlay\",\"url\":\"https:\/\/www.iplay.com\/en\/\",\"logo\":{\"@type\":\"ImageObject\",\"inLanguage\":\"fr-FR\",\"@id\":\"https:\/\/www.iplay.com\/en\/#\/schema\/logo\/image\/\",\"url\":\"https:\/\/www.iplay.com\/wp-content\/uploads\/2023\/11\/Group-6100.svg\",\"contentUrl\":\"https:\/\/www.iplay.com\/wp-content\/uploads\/2023\/11\/Group-6100.svg\",\"width\":98,\"height\":25,\"caption\":\"IPlay\"},\"image\":{\"@id\":\"https:\/\/www.iplay.com\/en\/#\/schema\/logo\/image\/\"}}]}<\/script>\n<!-- \/ Yoast SEO Premium plugin. -->","yoast_head_json":{"title":"Mahjongus : Le Myst\u00e8re De Fortescue","description":"R\u00e9solvez des \u00e9nigmes de mahjong pour d\u00e9couvrir les secrets de Fortescue avec Mahjongus&nbsp;: Mystery Of Fortescue","robots":{"index":"index","follow":"follow","max-snippet":"max-snippet:-1","max-image-preview":"max-image-preview:large","max-video-preview":"max-video-preview:-1"},"canonical":"https:\/\/www.iplay.com\/fr\/games\/mahjongus-mystery-of-fortescue\/","og_locale":"fr_FR","og_type":"article","og_title":"Mahjongus: Mystery Of Fortescue","og_description":"R\u00e9solvez des \u00e9nigmes de mahjong pour d\u00e9couvrir les secrets de Fortescue avec Mahjongus&nbsp;: Mystery Of Fortescue","og_url":"https:\/\/www.iplay.com\/fr\/games\/mahjongus-mystery-of-fortescue\/","og_site_name":"IPlay","og_image":[{"width":310,"height":310,"url":"https:\/\/www.iplay.com\/wp-content\/uploads\/2024\/05\/Mahjongus-Mystery-Of-Fortescue_large_square_tile_image.jpg","type":"image\/jpeg"}],"twitter_card":"summary_large_image","twitter_misc":{"Dur\u00e9e de lecture estim\u00e9e":"1 minute"},"schema":{"@context":"https:\/\/schema.org","@graph":[{"@type":"WebPage","@id":"https:\/\/www.iplay.com\/fr\/games\/mahjongus-mystery-of-fortescue\/","url":"https:\/\/www.iplay.com\/fr\/games\/mahjongus-mystery-of-fortescue\/","name":"Mahjongus : Le Myst\u00e8re De Fortescue","isPartOf":{"@id":"https:\/\/www.iplay.com\/en\/#website"},"primaryImageOfPage":{"@id":"https:\/\/www.iplay.com\/fr\/games\/mahjongus-mystery-of-fortescue\/#primaryimage"},"image":{"@id":"https:\/\/www.iplay.com\/fr\/games\/mahjongus-mystery-of-fortescue\/#primaryimage"},"thumbnailUrl":"https:\/\/www.iplay.com\/wp-content\/uploads\/2024\/05\/Mahjongus-Mystery-Of-Fortescue_large_square_tile_image.jpg","datePublished":"2024-05-31T12:00:34+00:00","description":"R\u00e9solvez des \u00e9nigmes de mahjong pour d\u00e9couvrir les secrets de Fortescue avec Mahjongus&nbsp;: Mystery Of Fortescue","breadcrumb":{"@id":"https:\/\/www.iplay.com\/fr\/games\/mahjongus-mystery-of-fortescue\/#breadcrumb"},"inLanguage":"fr-FR","potentialAction":[{"@type":"ReadAction","target":["https:\/\/www.iplay.com\/fr\/games\/mahjongus-mystery-of-fortescue\/"]}]},{"@type":"ImageObject","inLanguage":"fr-FR","@id":"https:\/\/www.iplay.com\/fr\/games\/mahjongus-mystery-of-fortescue\/#primaryimage","url":"https:\/\/www.iplay.com\/wp-content\/uploads\/2024\/05\/Mahjongus-Mystery-Of-Fortescue_large_square_tile_image.jpg","contentUrl":"https:\/\/www.iplay.com\/wp-content\/uploads\/2024\/05\/Mahjongus-Mystery-Of-Fortescue_large_square_tile_image.jpg","width":310,"height":310},{"@type":"BreadcrumbList","@id":"https:\/\/www.iplay.com\/fr\/games\/mahjongus-mystery-of-fortescue\/#breadcrumb","itemListElement":[{"@type":"ListItem","position":1,"name":"Home","item":"https:\/\/www.iplay.com\/fr\/home-page-2\/"},{"@type":"ListItem","position":2,"name":"Shop","item":"https:\/\/www.iplay.com\/en\/shop\/"},{"@type":"ListItem","position":3,"name":"Mahjongus: Mystery Of Fortescue"}]},{"@type":"WebSite","@id":"https:\/\/www.iplay.com\/en\/#website","url":"https:\/\/www.iplay.com\/en\/","name":"IPlay","description":"The Best Casual Games!","publisher":{"@id":"https:\/\/www.iplay.com\/en\/#organization"},"potentialAction":[{"@type":"SearchAction","target":{"@type":"EntryPoint","urlTemplate":"https:\/\/www.iplay.com\/en\/?s={search_term_string}"},"query-input":{"@type":"PropertyValueSpecification","valueRequired":true,"valueName":"search_term_string"}}],"inLanguage":"fr-FR"},{"@type":"Organization","@id":"https:\/\/www.iplay.com\/en\/#organization","name":"IPlay","url":"https:\/\/www.iplay.com\/en\/","logo":{"@type":"ImageObject","inLanguage":"fr-FR","@id":"https:\/\/www.iplay.com\/en\/#\/schema\/logo\/image\/","url":"https:\/\/www.iplay.com\/wp-content\/uploads\/2023\/11\/Group-6100.svg","contentUrl":"https:\/\/www.iplay.com\/wp-content\/uploads\/2023\/11\/Group-6100.svg","width":98,"height":25,"caption":"IPlay"},"image":{"@id":"https:\/\/www.iplay.com\/en\/#\/schema\/logo\/image\/"}}]}},"_links":{"self":[{"href":"https:\/\/www.iplay.com\/fr\/wp-json\/wp\/v2\/product\/129401","targetHints":{"allow":["GET"]}}],"collection":[{"href":"https:\/\/www.iplay.com\/fr\/wp-json\/wp\/v2\/product"}],"about":[{"href":"https:\/\/www.iplay.com\/fr\/wp-json\/wp\/v2\/types\/product"}],"author":[{"embeddable":true,"href":"https:\/\/www.iplay.com\/fr\/wp-json\/wp\/v2\/users\/14"}],"replies":[{"embeddable":true,"href":"https:\/\/www.iplay.com\/fr\/wp-json\/wp\/v2\/comments?post=129401"}],"wp:featuredmedia":[{"embeddable":true,"href":"https:\/\/www.iplay.com\/fr\/wp-json\/wp\/v2\/media\/111138"}],"wp:attachment":[{"href":"https:\/\/www.iplay.com\/fr\/wp-json\/wp\/v2\/media?parent=129401"}],"wp:term":[{"taxonomy":"product_brand","embeddable":true,"href":"https:\/\/www.iplay.com\/fr\/wp-json\/wp\/v2\/product_brand?post=129401"},{"taxonomy":"product_cat","embeddable":true,"href":"https:\/\/www.iplay.com\/fr\/wp-json\/wp\/v2\/product_cat?post=129401"},{"taxonomy":"product_tag","embeddable":true,"href":"https:\/\/www.iplay.com\/fr\/wp-json\/wp\/v2\/product_tag?post=129401"}],"curies":[{"name":"wp","href":"https:\/\/api.w.org\/{rel}","templated":true}]}}