{"id":129400,"date":"2024-06-03T12:02:43","date_gmt":"2024-06-03T12:02:43","guid":{"rendered":"https:\/\/www.iplay.com\/games\/european-adventure-bundle-vol-1\/"},"modified":"2024-06-03T12:02:43","modified_gmt":"2024-06-03T12:02:43","slug":"european-adventure-bundle-vol-1","status":"publish","type":"product","link":"https:\/\/www.iplay.com\/fr\/games\/european-adventure-bundle-vol-1\/","title":{"rendered":"European Adventure Bundle Vol. 1"},"content":{"rendered":"<p>C\u2019est l\u2019heure de votre dose de Grande Aventure avec le Pack Aventure Europ\u00e9enne Vol. 1. La plus grande tourn\u00e9e d\u2019Europe sera v\u00e9cue, avec des arr\u00eats dans de nombreux pays et villes. Des ch\u00e2teaux historiques, des merveilles naturelles, de charmantes rues de la ville, des mus\u00e9es et diverses structures architecturales seront explor\u00e9s. Les destinations touristiques les plus importantes sont incluses dans cette s\u00e9rie d\u2019objets cach\u00e9s pour votre plus grand plaisir.    <\/p>\n<p>&nbsp;<\/p>\n<p><strong>Fonctionnalit\u00e9s<\/strong><\/p>\n<ul>\n<li>Trois jeux Big Adventure passionnants dans un seul pack !<\/li>\n<li>Grande aventure : Voyage en Europe<\/li>\n<li>Grande aventure : Voyage en Europe 2<\/li>\n<li>Grande aventure : Voyage en Europe 3<\/li>\n<\/ul>\n","protected":false},"excerpt":{"rendered":"<p>Profitez d\u2019une aventure avec l\u2019incroyable European Adventure Bundle Vol. 1<\/p>\n","protected":false},"author":130,"featured_media":111158,"comment_status":"open","ping_status":"closed","template":"","meta":{"_acf_changed":false,"inline_featured_image":false},"product_brand":[],"product_cat":[165],"product_tag":[287],"class_list":{"0":"post-129400","1":"product","2":"type-product","3":"status-publish","4":"has-post-thumbnail","6":"product_cat-hidden-object-fr","7":"product_tag-play-on-pc-fr","9":"first","10":"instock","11":"shipping-taxable","12":"purchasable","13":"product-type-simple"},"acf":[],"yoast_head":"<!-- This site is optimized with the Yoast SEO Premium plugin v25.2 (Yoast SEO v25.2) - https:\/\/yoast.com\/wordpress\/plugins\/seo\/ -->\n<title>European Adventure Bundle Vol. 1 - Jouez sur IPlay<\/title>\n<meta name=\"description\" content=\"Profitez d\u2019une aventure avec l\u2019incroyable European Adventure Bundle Vol. 1\" \/>\n<meta name=\"robots\" content=\"index, follow, max-snippet:-1, max-image-preview:large, max-video-preview:-1\" \/>\n<link rel=\"canonical\" href=\"https:\/\/www.iplay.com\/fr\/games\/european-adventure-bundle-vol-1\/\" \/>\n<meta property=\"og:locale\" content=\"fr_FR\" \/>\n<meta property=\"og:type\" content=\"article\" \/>\n<meta property=\"og:title\" content=\"European Adventure Bundle Vol. 1\" \/>\n<meta property=\"og:description\" content=\"Profitez d\u2019une aventure avec l\u2019incroyable European Adventure Bundle Vol. 1\" \/>\n<meta property=\"og:url\" content=\"https:\/\/www.iplay.com\/fr\/games\/european-adventure-bundle-vol-1\/\" \/>\n<meta property=\"og:site_name\" content=\"IPlay\" \/>\n<meta property=\"og:image\" content=\"https:\/\/www.iplay.com\/wp-content\/uploads\/2024\/06\/European-Adventure-Bundle-Vol.-1_large_square_tile_image.webp\" \/>\n\t<meta property=\"og:image:width\" content=\"310\" \/>\n\t<meta property=\"og:image:height\" content=\"310\" \/>\n\t<meta property=\"og:image:type\" content=\"image\/webp\" \/>\n<meta name=\"twitter:card\" content=\"summary_large_image\" \/>\n<meta name=\"twitter:label1\" content=\"Dur\u00e9e de lecture estim\u00e9e\" \/>\n\t<meta name=\"twitter:data1\" content=\"1 minute\" \/>\n<script type=\"application\/ld+json\" class=\"yoast-schema-graph\">{\"@context\":\"https:\/\/schema.org\",\"@graph\":[{\"@type\":\"WebPage\",\"@id\":\"https:\/\/www.iplay.com\/fr\/games\/european-adventure-bundle-vol-1\/\",\"url\":\"https:\/\/www.iplay.com\/fr\/games\/european-adventure-bundle-vol-1\/\",\"name\":\"European Adventure Bundle Vol. 1 - Jouez sur IPlay\",\"isPartOf\":{\"@id\":\"https:\/\/www.iplay.com\/en\/#website\"},\"primaryImageOfPage\":{\"@id\":\"https:\/\/www.iplay.com\/fr\/games\/european-adventure-bundle-vol-1\/#primaryimage\"},\"image\":{\"@id\":\"https:\/\/www.iplay.com\/fr\/games\/european-adventure-bundle-vol-1\/#primaryimage\"},\"thumbnailUrl\":\"https:\/\/www.iplay.com\/wp-content\/uploads\/2024\/06\/European-Adventure-Bundle-Vol.-1_large_square_tile_image.webp\",\"datePublished\":\"2024-06-03T12:02:43+00:00\",\"description\":\"Profitez d\u2019une aventure avec l\u2019incroyable European Adventure Bundle Vol. 1\",\"breadcrumb\":{\"@id\":\"https:\/\/www.iplay.com\/fr\/games\/european-adventure-bundle-vol-1\/#breadcrumb\"},\"inLanguage\":\"fr-FR\",\"potentialAction\":[{\"@type\":\"ReadAction\",\"target\":[\"https:\/\/www.iplay.com\/fr\/games\/european-adventure-bundle-vol-1\/\"]}]},{\"@type\":\"ImageObject\",\"inLanguage\":\"fr-FR\",\"@id\":\"https:\/\/www.iplay.com\/fr\/games\/european-adventure-bundle-vol-1\/#primaryimage\",\"url\":\"https:\/\/www.iplay.com\/wp-content\/uploads\/2024\/06\/European-Adventure-Bundle-Vol.-1_large_square_tile_image.webp\",\"contentUrl\":\"https:\/\/www.iplay.com\/wp-content\/uploads\/2024\/06\/European-Adventure-Bundle-Vol.-1_large_square_tile_image.webp\",\"width\":310,\"height\":310},{\"@type\":\"BreadcrumbList\",\"@id\":\"https:\/\/www.iplay.com\/fr\/games\/european-adventure-bundle-vol-1\/#breadcrumb\",\"itemListElement\":[{\"@type\":\"ListItem\",\"position\":1,\"name\":\"Home\",\"item\":\"https:\/\/www.iplay.com\/fr\/home-page-2\/\"},{\"@type\":\"ListItem\",\"position\":2,\"name\":\"Shop\",\"item\":\"https:\/\/www.iplay.com\/en\/shop\/\"},{\"@type\":\"ListItem\",\"position\":3,\"name\":\"European Adventure Bundle Vol. 1\"}]},{\"@type\":\"WebSite\",\"@id\":\"https:\/\/www.iplay.com\/en\/#website\",\"url\":\"https:\/\/www.iplay.com\/en\/\",\"name\":\"IPlay\",\"description\":\"The Best Casual Games!\",\"publisher\":{\"@id\":\"https:\/\/www.iplay.com\/en\/#organization\"},\"potentialAction\":[{\"@type\":\"SearchAction\",\"target\":{\"@type\":\"EntryPoint\",\"urlTemplate\":\"https:\/\/www.iplay.com\/en\/?s={search_term_string}\"},\"query-input\":{\"@type\":\"PropertyValueSpecification\",\"valueRequired\":true,\"valueName\":\"search_term_string\"}}],\"inLanguage\":\"fr-FR\"},{\"@type\":\"Organization\",\"@id\":\"https:\/\/www.iplay.com\/en\/#organization\",\"name\":\"IPlay\",\"url\":\"https:\/\/www.iplay.com\/en\/\",\"logo\":{\"@type\":\"ImageObject\",\"inLanguage\":\"fr-FR\",\"@id\":\"https:\/\/www.iplay.com\/en\/#\/schema\/logo\/image\/\",\"url\":\"https:\/\/www.iplay.com\/wp-content\/uploads\/2023\/11\/Group-6100.svg\",\"contentUrl\":\"https:\/\/www.iplay.com\/wp-content\/uploads\/2023\/11\/Group-6100.svg\",\"width\":98,\"height\":25,\"caption\":\"IPlay\"},\"image\":{\"@id\":\"https:\/\/www.iplay.com\/en\/#\/schema\/logo\/image\/\"}}]}<\/script>\n<!-- \/ Yoast SEO Premium plugin. -->","yoast_head_json":{"title":"European Adventure Bundle Vol. 1 - Jouez sur IPlay","description":"Profitez d\u2019une aventure avec l\u2019incroyable European Adventure Bundle Vol. 1","robots":{"index":"index","follow":"follow","max-snippet":"max-snippet:-1","max-image-preview":"max-image-preview:large","max-video-preview":"max-video-preview:-1"},"canonical":"https:\/\/www.iplay.com\/fr\/games\/european-adventure-bundle-vol-1\/","og_locale":"fr_FR","og_type":"article","og_title":"European Adventure Bundle Vol. 1","og_description":"Profitez d\u2019une aventure avec l\u2019incroyable European Adventure Bundle Vol. 1","og_url":"https:\/\/www.iplay.com\/fr\/games\/european-adventure-bundle-vol-1\/","og_site_name":"IPlay","og_image":[{"width":310,"height":310,"url":"https:\/\/www.iplay.com\/wp-content\/uploads\/2024\/06\/European-Adventure-Bundle-Vol.-1_large_square_tile_image.webp","type":"image\/webp"}],"twitter_card":"summary_large_image","twitter_misc":{"Dur\u00e9e de lecture estim\u00e9e":"1 minute"},"schema":{"@context":"https:\/\/schema.org","@graph":[{"@type":"WebPage","@id":"https:\/\/www.iplay.com\/fr\/games\/european-adventure-bundle-vol-1\/","url":"https:\/\/www.iplay.com\/fr\/games\/european-adventure-bundle-vol-1\/","name":"European Adventure Bundle Vol. 1 - Jouez sur IPlay","isPartOf":{"@id":"https:\/\/www.iplay.com\/en\/#website"},"primaryImageOfPage":{"@id":"https:\/\/www.iplay.com\/fr\/games\/european-adventure-bundle-vol-1\/#primaryimage"},"image":{"@id":"https:\/\/www.iplay.com\/fr\/games\/european-adventure-bundle-vol-1\/#primaryimage"},"thumbnailUrl":"https:\/\/www.iplay.com\/wp-content\/uploads\/2024\/06\/European-Adventure-Bundle-Vol.-1_large_square_tile_image.webp","datePublished":"2024-06-03T12:02:43+00:00","description":"Profitez d\u2019une aventure avec l\u2019incroyable European Adventure Bundle Vol. 1","breadcrumb":{"@id":"https:\/\/www.iplay.com\/fr\/games\/european-adventure-bundle-vol-1\/#breadcrumb"},"inLanguage":"fr-FR","potentialAction":[{"@type":"ReadAction","target":["https:\/\/www.iplay.com\/fr\/games\/european-adventure-bundle-vol-1\/"]}]},{"@type":"ImageObject","inLanguage":"fr-FR","@id":"https:\/\/www.iplay.com\/fr\/games\/european-adventure-bundle-vol-1\/#primaryimage","url":"https:\/\/www.iplay.com\/wp-content\/uploads\/2024\/06\/European-Adventure-Bundle-Vol.-1_large_square_tile_image.webp","contentUrl":"https:\/\/www.iplay.com\/wp-content\/uploads\/2024\/06\/European-Adventure-Bundle-Vol.-1_large_square_tile_image.webp","width":310,"height":310},{"@type":"BreadcrumbList","@id":"https:\/\/www.iplay.com\/fr\/games\/european-adventure-bundle-vol-1\/#breadcrumb","itemListElement":[{"@type":"ListItem","position":1,"name":"Home","item":"https:\/\/www.iplay.com\/fr\/home-page-2\/"},{"@type":"ListItem","position":2,"name":"Shop","item":"https:\/\/www.iplay.com\/en\/shop\/"},{"@type":"ListItem","position":3,"name":"European Adventure Bundle Vol. 1"}]},{"@type":"WebSite","@id":"https:\/\/www.iplay.com\/en\/#website","url":"https:\/\/www.iplay.com\/en\/","name":"IPlay","description":"The Best Casual Games!","publisher":{"@id":"https:\/\/www.iplay.com\/en\/#organization"},"potentialAction":[{"@type":"SearchAction","target":{"@type":"EntryPoint","urlTemplate":"https:\/\/www.iplay.com\/en\/?s={search_term_string}"},"query-input":{"@type":"PropertyValueSpecification","valueRequired":true,"valueName":"search_term_string"}}],"inLanguage":"fr-FR"},{"@type":"Organization","@id":"https:\/\/www.iplay.com\/en\/#organization","name":"IPlay","url":"https:\/\/www.iplay.com\/en\/","logo":{"@type":"ImageObject","inLanguage":"fr-FR","@id":"https:\/\/www.iplay.com\/en\/#\/schema\/logo\/image\/","url":"https:\/\/www.iplay.com\/wp-content\/uploads\/2023\/11\/Group-6100.svg","contentUrl":"https:\/\/www.iplay.com\/wp-content\/uploads\/2023\/11\/Group-6100.svg","width":98,"height":25,"caption":"IPlay"},"image":{"@id":"https:\/\/www.iplay.com\/en\/#\/schema\/logo\/image\/"}}]}},"_links":{"self":[{"href":"https:\/\/www.iplay.com\/fr\/wp-json\/wp\/v2\/product\/129400","targetHints":{"allow":["GET"]}}],"collection":[{"href":"https:\/\/www.iplay.com\/fr\/wp-json\/wp\/v2\/product"}],"about":[{"href":"https:\/\/www.iplay.com\/fr\/wp-json\/wp\/v2\/types\/product"}],"author":[{"embeddable":true,"href":"https:\/\/www.iplay.com\/fr\/wp-json\/wp\/v2\/users\/130"}],"replies":[{"embeddable":true,"href":"https:\/\/www.iplay.com\/fr\/wp-json\/wp\/v2\/comments?post=129400"}],"wp:featuredmedia":[{"embeddable":true,"href":"https:\/\/www.iplay.com\/fr\/wp-json\/wp\/v2\/media\/111158"}],"wp:attachment":[{"href":"https:\/\/www.iplay.com\/fr\/wp-json\/wp\/v2\/media?parent=129400"}],"wp:term":[{"taxonomy":"product_brand","embeddable":true,"href":"https:\/\/www.iplay.com\/fr\/wp-json\/wp\/v2\/product_brand?post=129400"},{"taxonomy":"product_cat","embeddable":true,"href":"https:\/\/www.iplay.com\/fr\/wp-json\/wp\/v2\/product_cat?post=129400"},{"taxonomy":"product_tag","embeddable":true,"href":"https:\/\/www.iplay.com\/fr\/wp-json\/wp\/v2\/product_tag?post=129400"}],"curies":[{"name":"wp","href":"https:\/\/api.w.org\/{rel}","templated":true}]}}