{"id":129383,"date":"2024-05-31T09:00:27","date_gmt":"2024-05-31T09:00:27","guid":{"rendered":"https:\/\/www.iplay.com\/games\/malachite-temple-of-the-sun-ce\/"},"modified":"2024-05-31T09:00:27","modified_gmt":"2024-05-31T09:00:27","slug":"malachite-temple-of-the-sun-ce","status":"publish","type":"product","link":"https:\/\/www.iplay.com\/fr\/games\/malachite-temple-of-the-sun-ce\/","title":{"rendered":"Malachite: Temple of the Sun CE"},"content":{"rendered":"<p>Un voyage passionnant dans les profondeurs d\u2019un ancien temple sera entrepris, o\u00f9 des balles color\u00e9es seront associ\u00e9es et d\u2019incroyables bonus seront gagn\u00e9s au fur et \u00e0 mesure de la progression.<\/p>\n<p>Dans Malachite&nbsp;: Temple of the Sun, les joueurs seront emmen\u00e9s au plus profond d\u2019un temple oubli\u00e9 de la jungle. Des boules color\u00e9es seront associ\u00e9es pour obtenir des bonus incroyables, et un temple sera construit au fur et \u00e0 mesure de la progression. Un choix entre des modes aventure et sans fin vous sera propos\u00e9, permettant une immersion dans le jeu classique de match-3.  <\/p>\n<p>&nbsp;<\/p>\n<p><strong>Fonctionnalit\u00e9s<\/strong><\/p>\n<ul>\n<li>Deux modes de jeu exaltants \u00e0 explorer.<\/li>\n<li>Un gameplay traditionnel de jeu de tir \u00e0 billes \u00e0 revivre.<\/li>\n<li>L\u2019\u00c9dition Collector comprend 25 niveaux suppl\u00e9mentaires.<\/li>\n<li>D\u00e9bloquez plus de sections de votre temple !<\/li>\n<\/ul>\n","protected":false},"excerpt":{"rendered":"<p>Explorez un temple oubli\u00e9 dans ce lanceur de billes vintage avec Malachite&nbsp;: Temple of the Sun Collector\u2019s Edition.<\/p>\n","protected":false},"author":18,"featured_media":111118,"comment_status":"open","ping_status":"closed","template":"","meta":{"_acf_changed":false,"inline_featured_image":false},"product_brand":[],"product_cat":[177,193],"product_tag":[287],"class_list":{"0":"post-129383","1":"product","2":"type-product","3":"status-publish","4":"has-post-thumbnail","6":"product_cat-match-3-fr","7":"product_cat-puzzle-fr","8":"product_tag-play-on-pc-fr","10":"first","11":"instock","12":"shipping-taxable","13":"purchasable","14":"product-type-simple"},"acf":[],"yoast_head":"<!-- This site is optimized with the Yoast SEO Premium plugin v25.2 (Yoast SEO v25.2) - https:\/\/yoast.com\/wordpress\/plugins\/seo\/ -->\n<title>Malachite : Temple du Soleil CE<\/title>\n<meta name=\"description\" content=\"Explorez un temple oubli\u00e9 dans ce lanceur de billes vintage avec Malachite&nbsp;: Temple of the Sun Collector\u2019s Edition.\" \/>\n<meta name=\"robots\" content=\"index, follow, max-snippet:-1, max-image-preview:large, max-video-preview:-1\" \/>\n<link rel=\"canonical\" href=\"https:\/\/www.iplay.com\/fr\/games\/malachite-temple-of-the-sun-ce\/\" \/>\n<meta property=\"og:locale\" content=\"fr_FR\" \/>\n<meta property=\"og:type\" content=\"article\" \/>\n<meta property=\"og:title\" content=\"Malachite: Temple of the Sun CE\" \/>\n<meta property=\"og:description\" content=\"Explorez un temple oubli\u00e9 dans ce lanceur de billes vintage avec Malachite&nbsp;: Temple of the Sun Collector\u2019s Edition.\" \/>\n<meta property=\"og:url\" content=\"https:\/\/www.iplay.com\/fr\/games\/malachite-temple-of-the-sun-ce\/\" \/>\n<meta property=\"og:site_name\" content=\"IPlay\" \/>\n<meta property=\"og:image\" content=\"https:\/\/www.iplay.com\/wp-content\/uploads\/2024\/05\/Malachite-Temple-of-the-Sun-CE_large_square_tile_image.jpg\" \/>\n\t<meta property=\"og:image:width\" content=\"310\" \/>\n\t<meta property=\"og:image:height\" content=\"310\" \/>\n\t<meta property=\"og:image:type\" content=\"image\/jpeg\" \/>\n<meta name=\"twitter:card\" content=\"summary_large_image\" \/>\n<meta name=\"twitter:label1\" content=\"Dur\u00e9e de lecture estim\u00e9e\" \/>\n\t<meta name=\"twitter:data1\" content=\"1 minute\" \/>\n<script type=\"application\/ld+json\" class=\"yoast-schema-graph\">{\"@context\":\"https:\/\/schema.org\",\"@graph\":[{\"@type\":\"WebPage\",\"@id\":\"https:\/\/www.iplay.com\/fr\/games\/malachite-temple-of-the-sun-ce\/\",\"url\":\"https:\/\/www.iplay.com\/fr\/games\/malachite-temple-of-the-sun-ce\/\",\"name\":\"Malachite : Temple du Soleil CE\",\"isPartOf\":{\"@id\":\"https:\/\/www.iplay.com\/en\/#website\"},\"primaryImageOfPage\":{\"@id\":\"https:\/\/www.iplay.com\/fr\/games\/malachite-temple-of-the-sun-ce\/#primaryimage\"},\"image\":{\"@id\":\"https:\/\/www.iplay.com\/fr\/games\/malachite-temple-of-the-sun-ce\/#primaryimage\"},\"thumbnailUrl\":\"https:\/\/www.iplay.com\/wp-content\/uploads\/2024\/05\/Malachite-Temple-of-the-Sun-CE_large_square_tile_image.jpg\",\"datePublished\":\"2024-05-31T09:00:27+00:00\",\"description\":\"Explorez un temple oubli\u00e9 dans ce lanceur de billes vintage avec Malachite&nbsp;: Temple of the Sun Collector\u2019s Edition.\",\"breadcrumb\":{\"@id\":\"https:\/\/www.iplay.com\/fr\/games\/malachite-temple-of-the-sun-ce\/#breadcrumb\"},\"inLanguage\":\"fr-FR\",\"potentialAction\":[{\"@type\":\"ReadAction\",\"target\":[\"https:\/\/www.iplay.com\/fr\/games\/malachite-temple-of-the-sun-ce\/\"]}]},{\"@type\":\"ImageObject\",\"inLanguage\":\"fr-FR\",\"@id\":\"https:\/\/www.iplay.com\/fr\/games\/malachite-temple-of-the-sun-ce\/#primaryimage\",\"url\":\"https:\/\/www.iplay.com\/wp-content\/uploads\/2024\/05\/Malachite-Temple-of-the-Sun-CE_large_square_tile_image.jpg\",\"contentUrl\":\"https:\/\/www.iplay.com\/wp-content\/uploads\/2024\/05\/Malachite-Temple-of-the-Sun-CE_large_square_tile_image.jpg\",\"width\":310,\"height\":310},{\"@type\":\"BreadcrumbList\",\"@id\":\"https:\/\/www.iplay.com\/fr\/games\/malachite-temple-of-the-sun-ce\/#breadcrumb\",\"itemListElement\":[{\"@type\":\"ListItem\",\"position\":1,\"name\":\"Home\",\"item\":\"https:\/\/www.iplay.com\/fr\/home-page-2\/\"},{\"@type\":\"ListItem\",\"position\":2,\"name\":\"Shop\",\"item\":\"https:\/\/www.iplay.com\/en\/shop\/\"},{\"@type\":\"ListItem\",\"position\":3,\"name\":\"Malachite: Temple of the Sun CE\"}]},{\"@type\":\"WebSite\",\"@id\":\"https:\/\/www.iplay.com\/en\/#website\",\"url\":\"https:\/\/www.iplay.com\/en\/\",\"name\":\"IPlay\",\"description\":\"The Best Casual Games!\",\"publisher\":{\"@id\":\"https:\/\/www.iplay.com\/en\/#organization\"},\"potentialAction\":[{\"@type\":\"SearchAction\",\"target\":{\"@type\":\"EntryPoint\",\"urlTemplate\":\"https:\/\/www.iplay.com\/en\/?s={search_term_string}\"},\"query-input\":{\"@type\":\"PropertyValueSpecification\",\"valueRequired\":true,\"valueName\":\"search_term_string\"}}],\"inLanguage\":\"fr-FR\"},{\"@type\":\"Organization\",\"@id\":\"https:\/\/www.iplay.com\/en\/#organization\",\"name\":\"IPlay\",\"url\":\"https:\/\/www.iplay.com\/en\/\",\"logo\":{\"@type\":\"ImageObject\",\"inLanguage\":\"fr-FR\",\"@id\":\"https:\/\/www.iplay.com\/en\/#\/schema\/logo\/image\/\",\"url\":\"https:\/\/www.iplay.com\/wp-content\/uploads\/2023\/11\/Group-6100.svg\",\"contentUrl\":\"https:\/\/www.iplay.com\/wp-content\/uploads\/2023\/11\/Group-6100.svg\",\"width\":98,\"height\":25,\"caption\":\"IPlay\"},\"image\":{\"@id\":\"https:\/\/www.iplay.com\/en\/#\/schema\/logo\/image\/\"}}]}<\/script>\n<!-- \/ Yoast SEO Premium plugin. -->","yoast_head_json":{"title":"Malachite : Temple du Soleil CE","description":"Explorez un temple oubli\u00e9 dans ce lanceur de billes vintage avec Malachite&nbsp;: Temple of the Sun Collector\u2019s Edition.","robots":{"index":"index","follow":"follow","max-snippet":"max-snippet:-1","max-image-preview":"max-image-preview:large","max-video-preview":"max-video-preview:-1"},"canonical":"https:\/\/www.iplay.com\/fr\/games\/malachite-temple-of-the-sun-ce\/","og_locale":"fr_FR","og_type":"article","og_title":"Malachite: Temple of the Sun CE","og_description":"Explorez un temple oubli\u00e9 dans ce lanceur de billes vintage avec Malachite&nbsp;: Temple of the Sun Collector\u2019s Edition.","og_url":"https:\/\/www.iplay.com\/fr\/games\/malachite-temple-of-the-sun-ce\/","og_site_name":"IPlay","og_image":[{"width":310,"height":310,"url":"https:\/\/www.iplay.com\/wp-content\/uploads\/2024\/05\/Malachite-Temple-of-the-Sun-CE_large_square_tile_image.jpg","type":"image\/jpeg"}],"twitter_card":"summary_large_image","twitter_misc":{"Dur\u00e9e de lecture estim\u00e9e":"1 minute"},"schema":{"@context":"https:\/\/schema.org","@graph":[{"@type":"WebPage","@id":"https:\/\/www.iplay.com\/fr\/games\/malachite-temple-of-the-sun-ce\/","url":"https:\/\/www.iplay.com\/fr\/games\/malachite-temple-of-the-sun-ce\/","name":"Malachite : Temple du Soleil CE","isPartOf":{"@id":"https:\/\/www.iplay.com\/en\/#website"},"primaryImageOfPage":{"@id":"https:\/\/www.iplay.com\/fr\/games\/malachite-temple-of-the-sun-ce\/#primaryimage"},"image":{"@id":"https:\/\/www.iplay.com\/fr\/games\/malachite-temple-of-the-sun-ce\/#primaryimage"},"thumbnailUrl":"https:\/\/www.iplay.com\/wp-content\/uploads\/2024\/05\/Malachite-Temple-of-the-Sun-CE_large_square_tile_image.jpg","datePublished":"2024-05-31T09:00:27+00:00","description":"Explorez un temple oubli\u00e9 dans ce lanceur de billes vintage avec Malachite&nbsp;: Temple of the Sun Collector\u2019s Edition.","breadcrumb":{"@id":"https:\/\/www.iplay.com\/fr\/games\/malachite-temple-of-the-sun-ce\/#breadcrumb"},"inLanguage":"fr-FR","potentialAction":[{"@type":"ReadAction","target":["https:\/\/www.iplay.com\/fr\/games\/malachite-temple-of-the-sun-ce\/"]}]},{"@type":"ImageObject","inLanguage":"fr-FR","@id":"https:\/\/www.iplay.com\/fr\/games\/malachite-temple-of-the-sun-ce\/#primaryimage","url":"https:\/\/www.iplay.com\/wp-content\/uploads\/2024\/05\/Malachite-Temple-of-the-Sun-CE_large_square_tile_image.jpg","contentUrl":"https:\/\/www.iplay.com\/wp-content\/uploads\/2024\/05\/Malachite-Temple-of-the-Sun-CE_large_square_tile_image.jpg","width":310,"height":310},{"@type":"BreadcrumbList","@id":"https:\/\/www.iplay.com\/fr\/games\/malachite-temple-of-the-sun-ce\/#breadcrumb","itemListElement":[{"@type":"ListItem","position":1,"name":"Home","item":"https:\/\/www.iplay.com\/fr\/home-page-2\/"},{"@type":"ListItem","position":2,"name":"Shop","item":"https:\/\/www.iplay.com\/en\/shop\/"},{"@type":"ListItem","position":3,"name":"Malachite: Temple of the Sun CE"}]},{"@type":"WebSite","@id":"https:\/\/www.iplay.com\/en\/#website","url":"https:\/\/www.iplay.com\/en\/","name":"IPlay","description":"The Best Casual Games!","publisher":{"@id":"https:\/\/www.iplay.com\/en\/#organization"},"potentialAction":[{"@type":"SearchAction","target":{"@type":"EntryPoint","urlTemplate":"https:\/\/www.iplay.com\/en\/?s={search_term_string}"},"query-input":{"@type":"PropertyValueSpecification","valueRequired":true,"valueName":"search_term_string"}}],"inLanguage":"fr-FR"},{"@type":"Organization","@id":"https:\/\/www.iplay.com\/en\/#organization","name":"IPlay","url":"https:\/\/www.iplay.com\/en\/","logo":{"@type":"ImageObject","inLanguage":"fr-FR","@id":"https:\/\/www.iplay.com\/en\/#\/schema\/logo\/image\/","url":"https:\/\/www.iplay.com\/wp-content\/uploads\/2023\/11\/Group-6100.svg","contentUrl":"https:\/\/www.iplay.com\/wp-content\/uploads\/2023\/11\/Group-6100.svg","width":98,"height":25,"caption":"IPlay"},"image":{"@id":"https:\/\/www.iplay.com\/en\/#\/schema\/logo\/image\/"}}]}},"_links":{"self":[{"href":"https:\/\/www.iplay.com\/fr\/wp-json\/wp\/v2\/product\/129383","targetHints":{"allow":["GET"]}}],"collection":[{"href":"https:\/\/www.iplay.com\/fr\/wp-json\/wp\/v2\/product"}],"about":[{"href":"https:\/\/www.iplay.com\/fr\/wp-json\/wp\/v2\/types\/product"}],"author":[{"embeddable":true,"href":"https:\/\/www.iplay.com\/fr\/wp-json\/wp\/v2\/users\/18"}],"replies":[{"embeddable":true,"href":"https:\/\/www.iplay.com\/fr\/wp-json\/wp\/v2\/comments?post=129383"}],"wp:featuredmedia":[{"embeddable":true,"href":"https:\/\/www.iplay.com\/fr\/wp-json\/wp\/v2\/media\/111118"}],"wp:attachment":[{"href":"https:\/\/www.iplay.com\/fr\/wp-json\/wp\/v2\/media?parent=129383"}],"wp:term":[{"taxonomy":"product_brand","embeddable":true,"href":"https:\/\/www.iplay.com\/fr\/wp-json\/wp\/v2\/product_brand?post=129383"},{"taxonomy":"product_cat","embeddable":true,"href":"https:\/\/www.iplay.com\/fr\/wp-json\/wp\/v2\/product_cat?post=129383"},{"taxonomy":"product_tag","embeddable":true,"href":"https:\/\/www.iplay.com\/fr\/wp-json\/wp\/v2\/product_tag?post=129383"}],"curies":[{"name":"wp","href":"https:\/\/api.w.org\/{rel}","templated":true}]}}