{"id":129343,"date":"2024-04-17T12:05:30","date_gmt":"2024-04-17T12:05:30","guid":{"rendered":"https:\/\/www.iplay.com\/games\/bridge-to-another-world-a-trail-of-breadcrumbs-ce\/"},"modified":"2024-04-17T12:05:30","modified_gmt":"2024-04-17T12:05:30","slug":"bridge-to-another-world-a-trail-of-breadcrumbs-ce","status":"publish","type":"product","link":"https:\/\/www.iplay.com\/fr\/games\/bridge-to-another-world-a-trail-of-breadcrumbs-ce\/","title":{"rendered":"Bridge to Another World: A Trail of Breadcrumbs CE"},"content":{"rendered":"<p>Forc\u00e9e de reconsid\u00e9rer tout ce qu\u2019elle tient pour vrai, douce et mature, Gretel se retrouve plong\u00e9e dans un royaume inhabituel grouillant de sorci\u00e8res ruses, de vaillants chasseurs et d\u2019une puissante magie ! Le danger l\u2019entoure constamment, car elle est oblig\u00e9e d\u2019aider les habitants \u00e0 repousser les sorci\u00e8res d\u00e9termin\u00e9es \u00e0 semer le chaos et la destruction. Pourtant, au milieu du p\u00e9ril, une lueur d\u2019espoir \u00e9merge alors qu\u2019ils entrevoient une opportunit\u00e9 de restaurer le royaume et de le d\u00e9barrasser d\u00e9finitivement de la magie malveillante, jusqu\u2019\u00e0 ce que l\u2019\u0153il per\u00e7ant de Gretel aper\u00e7oive un visage familier !  <\/p>\n<p>Cependant, un sentiment troublant envahit cette terre enchant\u00e9e. Pourquoi est-ce si \u00e9trangement familier ? Par qui a-t-elle \u00e9t\u00e9 amen\u00e9e ici ? Ces questions persistent, invitant Gretel \u00e0 d\u00e9couvrir la v\u00e9rit\u00e9 qui se cache sous la surface. Embarquez pour un voyage captivant d\u2019\u00e9nigmes d\u2019objets cach\u00e9s pour percer les myst\u00e8res qui entourent ce royaume !    <\/p>\n<p>&nbsp;<\/p>\n<p><strong>Caract\u00e9ristiques de l\u2019\u00e9dition collector<\/strong><\/p>\n<ul>\n<li>D\u00e9bordant d\u2019objets uniques, y compris des art conceptuels et des fonds d\u2019\u00e9cran !<\/li>\n<li>Lancez-vous dans un d\u00e9fi clandestin pour acqu\u00e9rir tous les objets m\u00e9tamorphes et les cartes dissimul\u00e9es !<\/li>\n<li>Naviguez sans effort \u00e0 l\u2019aide du guide de strat\u00e9gie pratique, pas besoin de fil d\u2019Ariane !<\/li>\n<li>Plongez plus profond\u00e9ment dans l\u2019histoire avec un chapitre suppl\u00e9mentaire \u00e0 couper le souffle qui prolonge le r\u00e9cit !<\/li>\n<\/ul>\n","protected":false},"excerpt":{"rendered":"<p>Les sorci\u00e8res n\u2019existaient que dans les contes de f\u00e9es, n\u2019est-ce pas &#8211; D\u00e9couvrez-le dans Bridge to Another World&nbsp;: A Trail of Breadcrumbs CE<\/p>\n","protected":false},"author":17,"featured_media":110434,"comment_status":"open","ping_status":"closed","template":"","meta":{"_acf_changed":false,"inline_featured_image":false},"product_brand":[],"product_cat":[165],"product_tag":[287],"class_list":{"0":"post-129343","1":"product","2":"type-product","3":"status-publish","4":"has-post-thumbnail","6":"product_cat-hidden-object-fr","7":"product_tag-play-on-pc-fr","9":"first","10":"instock","11":"shipping-taxable","12":"purchasable","13":"product-type-simple"},"acf":[],"yoast_head":"<!-- This site is optimized with the Yoast SEO Premium plugin v25.2 (Yoast SEO v25.2) - https:\/\/yoast.com\/wordpress\/plugins\/seo\/ -->\n<title>Pont vers un autre monde : un fil d\u2019Ariane CE<\/title>\n<meta name=\"description\" content=\"Les sorci\u00e8res n\u2019existaient que dans les contes de f\u00e9es, n\u2019est-ce pas - D\u00e9couvrez-le dans Bridge to Another World&nbsp;: A Trail of Breadcrumbs CE\" \/>\n<meta name=\"robots\" content=\"index, follow, max-snippet:-1, max-image-preview:large, max-video-preview:-1\" \/>\n<link rel=\"canonical\" href=\"https:\/\/www.iplay.com\/fr\/games\/bridge-to-another-world-a-trail-of-breadcrumbs-ce\/\" \/>\n<meta property=\"og:locale\" content=\"fr_FR\" \/>\n<meta property=\"og:type\" content=\"article\" \/>\n<meta property=\"og:title\" content=\"Bridge to Another World: A Trail of Breadcrumbs CE\" \/>\n<meta property=\"og:description\" content=\"Les sorci\u00e8res n\u2019existaient que dans les contes de f\u00e9es, n\u2019est-ce pas - D\u00e9couvrez-le dans Bridge to Another World&nbsp;: A Trail of Breadcrumbs CE\" \/>\n<meta property=\"og:url\" content=\"https:\/\/www.iplay.com\/fr\/games\/bridge-to-another-world-a-trail-of-breadcrumbs-ce\/\" \/>\n<meta property=\"og:site_name\" content=\"IPlay\" \/>\n<meta property=\"og:image\" content=\"https:\/\/www.iplay.com\/wp-content\/uploads\/2024\/04\/Bridge-to-Another-World-A-Trail-of-Breadcrumbs-CE_slider.webp\" \/>\n\t<meta property=\"og:image:width\" content=\"715\" \/>\n\t<meta property=\"og:image:height\" content=\"485\" \/>\n\t<meta property=\"og:image:type\" content=\"image\/webp\" \/>\n<meta name=\"twitter:card\" content=\"summary_large_image\" \/>\n<meta name=\"twitter:label1\" content=\"Dur\u00e9e de lecture estim\u00e9e\" \/>\n\t<meta name=\"twitter:data1\" content=\"1 minute\" \/>\n<script type=\"application\/ld+json\" class=\"yoast-schema-graph\">{\"@context\":\"https:\/\/schema.org\",\"@graph\":[{\"@type\":\"WebPage\",\"@id\":\"https:\/\/www.iplay.com\/fr\/games\/bridge-to-another-world-a-trail-of-breadcrumbs-ce\/\",\"url\":\"https:\/\/www.iplay.com\/fr\/games\/bridge-to-another-world-a-trail-of-breadcrumbs-ce\/\",\"name\":\"Pont vers un autre monde : un fil d\u2019Ariane CE\",\"isPartOf\":{\"@id\":\"https:\/\/www.iplay.com\/en\/#website\"},\"primaryImageOfPage\":{\"@id\":\"https:\/\/www.iplay.com\/fr\/games\/bridge-to-another-world-a-trail-of-breadcrumbs-ce\/#primaryimage\"},\"image\":{\"@id\":\"https:\/\/www.iplay.com\/fr\/games\/bridge-to-another-world-a-trail-of-breadcrumbs-ce\/#primaryimage\"},\"thumbnailUrl\":\"https:\/\/www.iplay.com\/wp-content\/uploads\/2024\/04\/Bridge-to-Another-World-A-Trail-of-Breadcrumbs-CE_slider.webp\",\"datePublished\":\"2024-04-17T12:05:30+00:00\",\"description\":\"Les sorci\u00e8res n\u2019existaient que dans les contes de f\u00e9es, n\u2019est-ce pas - D\u00e9couvrez-le dans Bridge to Another World&nbsp;: A Trail of Breadcrumbs CE\",\"breadcrumb\":{\"@id\":\"https:\/\/www.iplay.com\/fr\/games\/bridge-to-another-world-a-trail-of-breadcrumbs-ce\/#breadcrumb\"},\"inLanguage\":\"fr-FR\",\"potentialAction\":[{\"@type\":\"ReadAction\",\"target\":[\"https:\/\/www.iplay.com\/fr\/games\/bridge-to-another-world-a-trail-of-breadcrumbs-ce\/\"]}]},{\"@type\":\"ImageObject\",\"inLanguage\":\"fr-FR\",\"@id\":\"https:\/\/www.iplay.com\/fr\/games\/bridge-to-another-world-a-trail-of-breadcrumbs-ce\/#primaryimage\",\"url\":\"https:\/\/www.iplay.com\/wp-content\/uploads\/2024\/04\/Bridge-to-Another-World-A-Trail-of-Breadcrumbs-CE_slider.webp\",\"contentUrl\":\"https:\/\/www.iplay.com\/wp-content\/uploads\/2024\/04\/Bridge-to-Another-World-A-Trail-of-Breadcrumbs-CE_slider.webp\",\"width\":715,\"height\":485},{\"@type\":\"BreadcrumbList\",\"@id\":\"https:\/\/www.iplay.com\/fr\/games\/bridge-to-another-world-a-trail-of-breadcrumbs-ce\/#breadcrumb\",\"itemListElement\":[{\"@type\":\"ListItem\",\"position\":1,\"name\":\"Home\",\"item\":\"https:\/\/www.iplay.com\/fr\/home-page-2\/\"},{\"@type\":\"ListItem\",\"position\":2,\"name\":\"Shop\",\"item\":\"https:\/\/www.iplay.com\/en\/shop\/\"},{\"@type\":\"ListItem\",\"position\":3,\"name\":\"Bridge to Another World: A Trail of Breadcrumbs CE\"}]},{\"@type\":\"WebSite\",\"@id\":\"https:\/\/www.iplay.com\/en\/#website\",\"url\":\"https:\/\/www.iplay.com\/en\/\",\"name\":\"IPlay\",\"description\":\"The Best Casual Games!\",\"publisher\":{\"@id\":\"https:\/\/www.iplay.com\/en\/#organization\"},\"potentialAction\":[{\"@type\":\"SearchAction\",\"target\":{\"@type\":\"EntryPoint\",\"urlTemplate\":\"https:\/\/www.iplay.com\/en\/?s={search_term_string}\"},\"query-input\":{\"@type\":\"PropertyValueSpecification\",\"valueRequired\":true,\"valueName\":\"search_term_string\"}}],\"inLanguage\":\"fr-FR\"},{\"@type\":\"Organization\",\"@id\":\"https:\/\/www.iplay.com\/en\/#organization\",\"name\":\"IPlay\",\"url\":\"https:\/\/www.iplay.com\/en\/\",\"logo\":{\"@type\":\"ImageObject\",\"inLanguage\":\"fr-FR\",\"@id\":\"https:\/\/www.iplay.com\/en\/#\/schema\/logo\/image\/\",\"url\":\"https:\/\/www.iplay.com\/wp-content\/uploads\/2023\/11\/Group-6100.svg\",\"contentUrl\":\"https:\/\/www.iplay.com\/wp-content\/uploads\/2023\/11\/Group-6100.svg\",\"width\":98,\"height\":25,\"caption\":\"IPlay\"},\"image\":{\"@id\":\"https:\/\/www.iplay.com\/en\/#\/schema\/logo\/image\/\"}}]}<\/script>\n<!-- \/ Yoast SEO Premium plugin. -->","yoast_head_json":{"title":"Pont vers un autre monde : un fil d\u2019Ariane CE","description":"Les sorci\u00e8res n\u2019existaient que dans les contes de f\u00e9es, n\u2019est-ce pas - D\u00e9couvrez-le dans Bridge to Another World&nbsp;: A Trail of Breadcrumbs CE","robots":{"index":"index","follow":"follow","max-snippet":"max-snippet:-1","max-image-preview":"max-image-preview:large","max-video-preview":"max-video-preview:-1"},"canonical":"https:\/\/www.iplay.com\/fr\/games\/bridge-to-another-world-a-trail-of-breadcrumbs-ce\/","og_locale":"fr_FR","og_type":"article","og_title":"Bridge to Another World: A Trail of Breadcrumbs CE","og_description":"Les sorci\u00e8res n\u2019existaient que dans les contes de f\u00e9es, n\u2019est-ce pas - D\u00e9couvrez-le dans Bridge to Another World&nbsp;: A Trail of Breadcrumbs CE","og_url":"https:\/\/www.iplay.com\/fr\/games\/bridge-to-another-world-a-trail-of-breadcrumbs-ce\/","og_site_name":"IPlay","og_image":[{"width":715,"height":485,"url":"https:\/\/www.iplay.com\/wp-content\/uploads\/2024\/04\/Bridge-to-Another-World-A-Trail-of-Breadcrumbs-CE_slider.webp","type":"image\/webp"}],"twitter_card":"summary_large_image","twitter_misc":{"Dur\u00e9e de lecture estim\u00e9e":"1 minute"},"schema":{"@context":"https:\/\/schema.org","@graph":[{"@type":"WebPage","@id":"https:\/\/www.iplay.com\/fr\/games\/bridge-to-another-world-a-trail-of-breadcrumbs-ce\/","url":"https:\/\/www.iplay.com\/fr\/games\/bridge-to-another-world-a-trail-of-breadcrumbs-ce\/","name":"Pont vers un autre monde : un fil d\u2019Ariane CE","isPartOf":{"@id":"https:\/\/www.iplay.com\/en\/#website"},"primaryImageOfPage":{"@id":"https:\/\/www.iplay.com\/fr\/games\/bridge-to-another-world-a-trail-of-breadcrumbs-ce\/#primaryimage"},"image":{"@id":"https:\/\/www.iplay.com\/fr\/games\/bridge-to-another-world-a-trail-of-breadcrumbs-ce\/#primaryimage"},"thumbnailUrl":"https:\/\/www.iplay.com\/wp-content\/uploads\/2024\/04\/Bridge-to-Another-World-A-Trail-of-Breadcrumbs-CE_slider.webp","datePublished":"2024-04-17T12:05:30+00:00","description":"Les sorci\u00e8res n\u2019existaient que dans les contes de f\u00e9es, n\u2019est-ce pas - D\u00e9couvrez-le dans Bridge to Another World&nbsp;: A Trail of Breadcrumbs CE","breadcrumb":{"@id":"https:\/\/www.iplay.com\/fr\/games\/bridge-to-another-world-a-trail-of-breadcrumbs-ce\/#breadcrumb"},"inLanguage":"fr-FR","potentialAction":[{"@type":"ReadAction","target":["https:\/\/www.iplay.com\/fr\/games\/bridge-to-another-world-a-trail-of-breadcrumbs-ce\/"]}]},{"@type":"ImageObject","inLanguage":"fr-FR","@id":"https:\/\/www.iplay.com\/fr\/games\/bridge-to-another-world-a-trail-of-breadcrumbs-ce\/#primaryimage","url":"https:\/\/www.iplay.com\/wp-content\/uploads\/2024\/04\/Bridge-to-Another-World-A-Trail-of-Breadcrumbs-CE_slider.webp","contentUrl":"https:\/\/www.iplay.com\/wp-content\/uploads\/2024\/04\/Bridge-to-Another-World-A-Trail-of-Breadcrumbs-CE_slider.webp","width":715,"height":485},{"@type":"BreadcrumbList","@id":"https:\/\/www.iplay.com\/fr\/games\/bridge-to-another-world-a-trail-of-breadcrumbs-ce\/#breadcrumb","itemListElement":[{"@type":"ListItem","position":1,"name":"Home","item":"https:\/\/www.iplay.com\/fr\/home-page-2\/"},{"@type":"ListItem","position":2,"name":"Shop","item":"https:\/\/www.iplay.com\/en\/shop\/"},{"@type":"ListItem","position":3,"name":"Bridge to Another World: A Trail of Breadcrumbs CE"}]},{"@type":"WebSite","@id":"https:\/\/www.iplay.com\/en\/#website","url":"https:\/\/www.iplay.com\/en\/","name":"IPlay","description":"The Best Casual Games!","publisher":{"@id":"https:\/\/www.iplay.com\/en\/#organization"},"potentialAction":[{"@type":"SearchAction","target":{"@type":"EntryPoint","urlTemplate":"https:\/\/www.iplay.com\/en\/?s={search_term_string}"},"query-input":{"@type":"PropertyValueSpecification","valueRequired":true,"valueName":"search_term_string"}}],"inLanguage":"fr-FR"},{"@type":"Organization","@id":"https:\/\/www.iplay.com\/en\/#organization","name":"IPlay","url":"https:\/\/www.iplay.com\/en\/","logo":{"@type":"ImageObject","inLanguage":"fr-FR","@id":"https:\/\/www.iplay.com\/en\/#\/schema\/logo\/image\/","url":"https:\/\/www.iplay.com\/wp-content\/uploads\/2023\/11\/Group-6100.svg","contentUrl":"https:\/\/www.iplay.com\/wp-content\/uploads\/2023\/11\/Group-6100.svg","width":98,"height":25,"caption":"IPlay"},"image":{"@id":"https:\/\/www.iplay.com\/en\/#\/schema\/logo\/image\/"}}]}},"_links":{"self":[{"href":"https:\/\/www.iplay.com\/fr\/wp-json\/wp\/v2\/product\/129343","targetHints":{"allow":["GET"]}}],"collection":[{"href":"https:\/\/www.iplay.com\/fr\/wp-json\/wp\/v2\/product"}],"about":[{"href":"https:\/\/www.iplay.com\/fr\/wp-json\/wp\/v2\/types\/product"}],"author":[{"embeddable":true,"href":"https:\/\/www.iplay.com\/fr\/wp-json\/wp\/v2\/users\/17"}],"replies":[{"embeddable":true,"href":"https:\/\/www.iplay.com\/fr\/wp-json\/wp\/v2\/comments?post=129343"}],"wp:featuredmedia":[{"embeddable":true,"href":"https:\/\/www.iplay.com\/fr\/wp-json\/wp\/v2\/media\/110434"}],"wp:attachment":[{"href":"https:\/\/www.iplay.com\/fr\/wp-json\/wp\/v2\/media?parent=129343"}],"wp:term":[{"taxonomy":"product_brand","embeddable":true,"href":"https:\/\/www.iplay.com\/fr\/wp-json\/wp\/v2\/product_brand?post=129343"},{"taxonomy":"product_cat","embeddable":true,"href":"https:\/\/www.iplay.com\/fr\/wp-json\/wp\/v2\/product_cat?post=129343"},{"taxonomy":"product_tag","embeddable":true,"href":"https:\/\/www.iplay.com\/fr\/wp-json\/wp\/v2\/product_tag?post=129343"}],"curies":[{"name":"wp","href":"https:\/\/api.w.org\/{rel}","templated":true}]}}