{"id":129152,"date":"2024-07-12T14:06:32","date_gmt":"2024-07-12T14:06:32","guid":{"rendered":"https:\/\/www.iplay.com\/games\/smash-all-these-f-animals\/"},"modified":"2024-07-12T14:06:32","modified_gmt":"2024-07-12T14:06:32","slug":"smash-all-these-f-animals","status":"publish","type":"product","link":"https:\/\/www.iplay.com\/fr\/games\/smash-all-these-f-animals\/","title":{"rendered":"Smash all these f.. animals"},"content":{"rendered":"<p>\u00c9crasez les animaux : Le prince des t\u00e9n\u00e8bres et seigneur des cr\u00e9atures infernales fait face \u00e0 une attaque d\u2019une arm\u00e9e de minuscules animaux mignons du bois voisin.<\/p>\n<p>Pour maintenir le respect, ces adorables boules de poils doivent \u00eatre \u00e9cras\u00e9es. Smash all these animals est un jeu d\u2019arcade o\u00f9 un flux d\u2019animaux de la for\u00eat se d\u00e9place du haut vers le bas de l\u2019\u00e9cran. <\/p>\n<p>Trois points de vie sont donn\u00e9s, et chaque animal qui atteint le fond entra\u00eene la perte d\u2019un animal.<\/p>\n<p>Les animaux sont tapot\u00e9s pour s\u2019en d\u00e9barrasser, avec de terribles sorts utilis\u00e9s pour exterminer plusieurs ennemis.<\/p>\n<p>De nouveaux ennemis avec des mouvements plus rapides et plus impr\u00e9visibles sont introduits \u00e0 chaque niveau.<\/p>\n<p>Les petits animaux sont \u00e9cras\u00e9s pour retrouver leur dignit\u00e9 de ma\u00eetre du chaos et du mal.<\/p>\n","protected":false},"excerpt":{"rendered":"<p>\u00c9crasez ces cr\u00e9atures mignonnes et retrouvez votre dignit\u00e9 de ma\u00eetre du mal<\/p>\n","protected":false},"author":333,"featured_media":119494,"comment_status":"open","ping_status":"closed","template":"","meta":{"_acf_changed":false,"inline_featured_image":false},"product_brand":[],"product_cat":[177,179],"product_tag":[285,305,287],"class_list":{"0":"post-129152","1":"product","2":"type-product","3":"status-publish","4":"has-post-thumbnail","6":"product_cat-match-3-fr","7":"product_cat-mobile-games-fr","8":"product_tag-play-on-mac-fr","9":"product_tag-play-on-mobile-fr","10":"product_tag-play-on-pc-fr","12":"first","13":"instock","14":"shipping-taxable","15":"purchasable","16":"product-type-html5_game"},"acf":[],"yoast_head":"<!-- This site is optimized with the Yoast SEO Premium plugin v25.2 (Yoast SEO v25.2) - https:\/\/yoast.com\/wordpress\/plugins\/seo\/ -->\n<title>\u00c9crasez tous ces f.. animaux - Jouez sur IPlay<\/title>\n<meta name=\"description\" content=\"\u00c9crasez ces cr\u00e9atures mignonnes et retrouvez votre dignit\u00e9 de ma\u00eetre du mal\" \/>\n<meta name=\"robots\" content=\"index, follow, max-snippet:-1, max-image-preview:large, max-video-preview:-1\" \/>\n<link rel=\"canonical\" href=\"https:\/\/www.iplay.com\/fr\/games\/smash-all-these-f-animals\/\" \/>\n<meta property=\"og:locale\" content=\"fr_FR\" \/>\n<meta property=\"og:type\" content=\"article\" \/>\n<meta property=\"og:title\" content=\"Smash all these f.. animals\" \/>\n<meta property=\"og:description\" content=\"\u00c9crasez ces cr\u00e9atures mignonnes et retrouvez votre dignit\u00e9 de ma\u00eetre du mal\" \/>\n<meta property=\"og:url\" content=\"https:\/\/www.iplay.com\/fr\/games\/smash-all-these-f-animals\/\" \/>\n<meta property=\"og:site_name\" content=\"IPlay\" \/>\n<meta property=\"og:image\" content=\"https:\/\/www.iplay.com\/wp-content\/uploads\/2024\/07\/ban-smashAllTheseFAnimals-310x310-1.webp\" \/>\n\t<meta property=\"og:image:width\" content=\"715\" \/>\n\t<meta property=\"og:image:height\" content=\"485\" \/>\n\t<meta property=\"og:image:type\" content=\"image\/webp\" \/>\n<meta name=\"twitter:card\" content=\"summary_large_image\" \/>\n<meta name=\"twitter:label1\" content=\"Dur\u00e9e de lecture estim\u00e9e\" \/>\n\t<meta name=\"twitter:data1\" content=\"1 minute\" \/>\n<script type=\"application\/ld+json\" class=\"yoast-schema-graph\">{\"@context\":\"https:\/\/schema.org\",\"@graph\":[{\"@type\":\"WebPage\",\"@id\":\"https:\/\/www.iplay.com\/fr\/games\/smash-all-these-f-animals\/\",\"url\":\"https:\/\/www.iplay.com\/fr\/games\/smash-all-these-f-animals\/\",\"name\":\"\u00c9crasez tous ces f.. animaux - Jouez sur IPlay\",\"isPartOf\":{\"@id\":\"https:\/\/www.iplay.com\/en\/#website\"},\"primaryImageOfPage\":{\"@id\":\"https:\/\/www.iplay.com\/fr\/games\/smash-all-these-f-animals\/#primaryimage\"},\"image\":{\"@id\":\"https:\/\/www.iplay.com\/fr\/games\/smash-all-these-f-animals\/#primaryimage\"},\"thumbnailUrl\":\"https:\/\/www.iplay.com\/wp-content\/uploads\/2024\/07\/ban-smashAllTheseFAnimals-310x310-1.webp\",\"datePublished\":\"2024-07-12T14:06:32+00:00\",\"description\":\"\u00c9crasez ces cr\u00e9atures mignonnes et retrouvez votre dignit\u00e9 de ma\u00eetre du mal\",\"breadcrumb\":{\"@id\":\"https:\/\/www.iplay.com\/fr\/games\/smash-all-these-f-animals\/#breadcrumb\"},\"inLanguage\":\"fr-FR\",\"potentialAction\":[{\"@type\":\"ReadAction\",\"target\":[\"https:\/\/www.iplay.com\/fr\/games\/smash-all-these-f-animals\/\"]}]},{\"@type\":\"ImageObject\",\"inLanguage\":\"fr-FR\",\"@id\":\"https:\/\/www.iplay.com\/fr\/games\/smash-all-these-f-animals\/#primaryimage\",\"url\":\"https:\/\/www.iplay.com\/wp-content\/uploads\/2024\/07\/ban-smashAllTheseFAnimals-310x310-1.webp\",\"contentUrl\":\"https:\/\/www.iplay.com\/wp-content\/uploads\/2024\/07\/ban-smashAllTheseFAnimals-310x310-1.webp\",\"width\":715,\"height\":485},{\"@type\":\"BreadcrumbList\",\"@id\":\"https:\/\/www.iplay.com\/fr\/games\/smash-all-these-f-animals\/#breadcrumb\",\"itemListElement\":[{\"@type\":\"ListItem\",\"position\":1,\"name\":\"Home\",\"item\":\"https:\/\/www.iplay.com\/fr\/home-page-2\/\"},{\"@type\":\"ListItem\",\"position\":2,\"name\":\"Shop\",\"item\":\"https:\/\/www.iplay.com\/en\/shop\/\"},{\"@type\":\"ListItem\",\"position\":3,\"name\":\"Smash all these f.. animals\"}]},{\"@type\":\"WebSite\",\"@id\":\"https:\/\/www.iplay.com\/en\/#website\",\"url\":\"https:\/\/www.iplay.com\/en\/\",\"name\":\"IPlay\",\"description\":\"The Best Casual Games!\",\"publisher\":{\"@id\":\"https:\/\/www.iplay.com\/en\/#organization\"},\"potentialAction\":[{\"@type\":\"SearchAction\",\"target\":{\"@type\":\"EntryPoint\",\"urlTemplate\":\"https:\/\/www.iplay.com\/en\/?s={search_term_string}\"},\"query-input\":{\"@type\":\"PropertyValueSpecification\",\"valueRequired\":true,\"valueName\":\"search_term_string\"}}],\"inLanguage\":\"fr-FR\"},{\"@type\":\"Organization\",\"@id\":\"https:\/\/www.iplay.com\/en\/#organization\",\"name\":\"IPlay\",\"url\":\"https:\/\/www.iplay.com\/en\/\",\"logo\":{\"@type\":\"ImageObject\",\"inLanguage\":\"fr-FR\",\"@id\":\"https:\/\/www.iplay.com\/en\/#\/schema\/logo\/image\/\",\"url\":\"https:\/\/www.iplay.com\/wp-content\/uploads\/2023\/11\/Group-6100.svg\",\"contentUrl\":\"https:\/\/www.iplay.com\/wp-content\/uploads\/2023\/11\/Group-6100.svg\",\"width\":98,\"height\":25,\"caption\":\"IPlay\"},\"image\":{\"@id\":\"https:\/\/www.iplay.com\/en\/#\/schema\/logo\/image\/\"}}]}<\/script>\n<!-- \/ Yoast SEO Premium plugin. -->","yoast_head_json":{"title":"\u00c9crasez tous ces f.. animaux - Jouez sur IPlay","description":"\u00c9crasez ces cr\u00e9atures mignonnes et retrouvez votre dignit\u00e9 de ma\u00eetre du mal","robots":{"index":"index","follow":"follow","max-snippet":"max-snippet:-1","max-image-preview":"max-image-preview:large","max-video-preview":"max-video-preview:-1"},"canonical":"https:\/\/www.iplay.com\/fr\/games\/smash-all-these-f-animals\/","og_locale":"fr_FR","og_type":"article","og_title":"Smash all these f.. animals","og_description":"\u00c9crasez ces cr\u00e9atures mignonnes et retrouvez votre dignit\u00e9 de ma\u00eetre du mal","og_url":"https:\/\/www.iplay.com\/fr\/games\/smash-all-these-f-animals\/","og_site_name":"IPlay","og_image":[{"width":715,"height":485,"url":"https:\/\/www.iplay.com\/wp-content\/uploads\/2024\/07\/ban-smashAllTheseFAnimals-310x310-1.webp","type":"image\/webp"}],"twitter_card":"summary_large_image","twitter_misc":{"Dur\u00e9e de lecture estim\u00e9e":"1 minute"},"schema":{"@context":"https:\/\/schema.org","@graph":[{"@type":"WebPage","@id":"https:\/\/www.iplay.com\/fr\/games\/smash-all-these-f-animals\/","url":"https:\/\/www.iplay.com\/fr\/games\/smash-all-these-f-animals\/","name":"\u00c9crasez tous ces f.. animaux - Jouez sur IPlay","isPartOf":{"@id":"https:\/\/www.iplay.com\/en\/#website"},"primaryImageOfPage":{"@id":"https:\/\/www.iplay.com\/fr\/games\/smash-all-these-f-animals\/#primaryimage"},"image":{"@id":"https:\/\/www.iplay.com\/fr\/games\/smash-all-these-f-animals\/#primaryimage"},"thumbnailUrl":"https:\/\/www.iplay.com\/wp-content\/uploads\/2024\/07\/ban-smashAllTheseFAnimals-310x310-1.webp","datePublished":"2024-07-12T14:06:32+00:00","description":"\u00c9crasez ces cr\u00e9atures mignonnes et retrouvez votre dignit\u00e9 de ma\u00eetre du mal","breadcrumb":{"@id":"https:\/\/www.iplay.com\/fr\/games\/smash-all-these-f-animals\/#breadcrumb"},"inLanguage":"fr-FR","potentialAction":[{"@type":"ReadAction","target":["https:\/\/www.iplay.com\/fr\/games\/smash-all-these-f-animals\/"]}]},{"@type":"ImageObject","inLanguage":"fr-FR","@id":"https:\/\/www.iplay.com\/fr\/games\/smash-all-these-f-animals\/#primaryimage","url":"https:\/\/www.iplay.com\/wp-content\/uploads\/2024\/07\/ban-smashAllTheseFAnimals-310x310-1.webp","contentUrl":"https:\/\/www.iplay.com\/wp-content\/uploads\/2024\/07\/ban-smashAllTheseFAnimals-310x310-1.webp","width":715,"height":485},{"@type":"BreadcrumbList","@id":"https:\/\/www.iplay.com\/fr\/games\/smash-all-these-f-animals\/#breadcrumb","itemListElement":[{"@type":"ListItem","position":1,"name":"Home","item":"https:\/\/www.iplay.com\/fr\/home-page-2\/"},{"@type":"ListItem","position":2,"name":"Shop","item":"https:\/\/www.iplay.com\/en\/shop\/"},{"@type":"ListItem","position":3,"name":"Smash all these f.. animals"}]},{"@type":"WebSite","@id":"https:\/\/www.iplay.com\/en\/#website","url":"https:\/\/www.iplay.com\/en\/","name":"IPlay","description":"The Best Casual Games!","publisher":{"@id":"https:\/\/www.iplay.com\/en\/#organization"},"potentialAction":[{"@type":"SearchAction","target":{"@type":"EntryPoint","urlTemplate":"https:\/\/www.iplay.com\/en\/?s={search_term_string}"},"query-input":{"@type":"PropertyValueSpecification","valueRequired":true,"valueName":"search_term_string"}}],"inLanguage":"fr-FR"},{"@type":"Organization","@id":"https:\/\/www.iplay.com\/en\/#organization","name":"IPlay","url":"https:\/\/www.iplay.com\/en\/","logo":{"@type":"ImageObject","inLanguage":"fr-FR","@id":"https:\/\/www.iplay.com\/en\/#\/schema\/logo\/image\/","url":"https:\/\/www.iplay.com\/wp-content\/uploads\/2023\/11\/Group-6100.svg","contentUrl":"https:\/\/www.iplay.com\/wp-content\/uploads\/2023\/11\/Group-6100.svg","width":98,"height":25,"caption":"IPlay"},"image":{"@id":"https:\/\/www.iplay.com\/en\/#\/schema\/logo\/image\/"}}]}},"_links":{"self":[{"href":"https:\/\/www.iplay.com\/fr\/wp-json\/wp\/v2\/product\/129152","targetHints":{"allow":["GET"]}}],"collection":[{"href":"https:\/\/www.iplay.com\/fr\/wp-json\/wp\/v2\/product"}],"about":[{"href":"https:\/\/www.iplay.com\/fr\/wp-json\/wp\/v2\/types\/product"}],"author":[{"embeddable":true,"href":"https:\/\/www.iplay.com\/fr\/wp-json\/wp\/v2\/users\/333"}],"replies":[{"embeddable":true,"href":"https:\/\/www.iplay.com\/fr\/wp-json\/wp\/v2\/comments?post=129152"}],"wp:featuredmedia":[{"embeddable":true,"href":"https:\/\/www.iplay.com\/fr\/wp-json\/wp\/v2\/media\/119494"}],"wp:attachment":[{"href":"https:\/\/www.iplay.com\/fr\/wp-json\/wp\/v2\/media?parent=129152"}],"wp:term":[{"taxonomy":"product_brand","embeddable":true,"href":"https:\/\/www.iplay.com\/fr\/wp-json\/wp\/v2\/product_brand?post=129152"},{"taxonomy":"product_cat","embeddable":true,"href":"https:\/\/www.iplay.com\/fr\/wp-json\/wp\/v2\/product_cat?post=129152"},{"taxonomy":"product_tag","embeddable":true,"href":"https:\/\/www.iplay.com\/fr\/wp-json\/wp\/v2\/product_tag?post=129152"}],"curies":[{"name":"wp","href":"https:\/\/api.w.org\/{rel}","templated":true}]}}