{"id":129131,"date":"2025-03-28T08:30:56","date_gmt":"2025-03-28T08:30:56","guid":{"rendered":"https:\/\/www.iplay.com\/?post_type=product&p=129131"},"modified":"2025-03-28T08:30:56","modified_gmt":"2025-03-28T08:30:56","slug":"relaxing-time-enchanting-france-collectors-edition","status":"publish","type":"product","link":"https:\/\/www.iplay.com\/fr\/games\/relaxing-time-enchanting-france-collectors-edition\/","title":{"rendered":"Relaxing Time: Enchanting France Collector&#8217;s Edition"},"content":{"rendered":"<p>Embarquez pour un d\u00e9licieux voyage au c\u0153ur de la France et d\u00e9couvrez sa riche histoire, sa beaut\u00e9 intemporelle et son charme irr\u00e9sistible. Guid\u00e9s par votre oncle Cassius, qui partage votre passion pour l\u2019architecture, vous rencontrerez un groupe fascinant d\u2019habitants et de membres de votre famille qui consacrent leur vie \u00e0 pr\u00e9server la magie de la Ville Lumi\u00e8re. Savourez un repas dans un caf\u00e9 vieux de plusieurs si\u00e8cles, promenez-vous dans des jardins anim\u00e9s en pleine floraison, explorez les rues de la mode de renomm\u00e9e mondiale et planifiez une nuit de divertissement \u00e9blouissant \u00e0 l\u2019embl\u00e9matique Moulin Rouge. Avec chaque activit\u00e9 soigneusement con\u00e7ue pour vous immerger dans la splendeur culturelle de la France, vous pouvez profiter de l\u2019esprit d\u2019aventure dans le confort de votre foyer. Pr\u00eat \u00e0 vous laisser emporter par l\u2019enchantement de la France ? Que le voyage commence !     <\/p>\n<p>&nbsp;<\/p>\n<p><strong>Caract\u00e9ristiques de l\u2019\u00e9dition collector<\/strong><\/p>\n<ul>\n<li>D\u00e9bloquez un chapitre bonus exclusif qui approfondit votre lien avec cette aventure enchanteresse.<\/li>\n<li>Immergez-vous dans la culture fran\u00e7aise en collectionnant des fromages exotiques \u00e0 mettre en valeur et \u00e0 savourer.<\/li>\n<li>Mettez \u00e0 l\u2019\u00e9preuve vos comp\u00e9tences en r\u00e9solution de probl\u00e8mes pour obtenir des r\u00e9compenses uniques et des r\u00e9alisations dignes de vantardise.<\/li>\n<li>Am\u00e9liorez votre exp\u00e9rience avec un tr\u00e9sor de contenu t\u00e9l\u00e9chargeable, notamment des fonds d\u2019\u00e9cran, un lecteur de musique captivant, des illustrations conceptuelles, etc.<\/li>\n<\/ul>\n","protected":false},"excerpt":{"rendered":"<p>Promenez-vous dans les paysages pittoresques de la France, \u00e0 la d\u00e9couverte de merveilles architecturales et de d\u00e9fis sereins qui capturent la sophistication intemporelle du pays.<\/p>\n","protected":false},"author":52,"featured_media":129055,"comment_status":"open","ping_status":"closed","template":"","meta":{"_acf_changed":false,"inline_featured_image":false},"product_brand":[],"product_cat":[165],"product_tag":[287],"class_list":{"0":"post-129131","1":"product","2":"type-product","3":"status-publish","4":"has-post-thumbnail","6":"product_cat-hidden-object-fr","7":"product_tag-play-on-pc-fr","9":"first","10":"instock","11":"shipping-taxable","12":"purchasable","13":"product-type-simple"},"acf":[],"yoast_head":"<!-- This site is optimized with the Yoast SEO Premium plugin v25.2 (Yoast SEO v25.2) - https:\/\/yoast.com\/wordpress\/plugins\/seo\/ -->\n<title>Moment de d\u00e9tente : la France enchanteresse CE | Aventures \u00e9l\u00e9gantes<\/title>\n<meta name=\"description\" content=\"Promenez-vous dans les paysages pittoresques de la France, \u00e0 la d\u00e9couverte de merveilles architecturales et de d\u00e9fis sereins qui capturent la sophistication intemporelle du pays.\" \/>\n<meta name=\"robots\" content=\"index, follow, max-snippet:-1, max-image-preview:large, max-video-preview:-1\" \/>\n<link rel=\"canonical\" href=\"https:\/\/www.iplay.com\/en\/games\/relaxing-time-enchanting-france-collectors-edition\/\" \/>\n<meta property=\"og:locale\" content=\"fr_FR\" \/>\n<meta property=\"og:type\" content=\"article\" \/>\n<meta property=\"og:title\" content=\"Relaxing Time: Enchanting France Collector&#039;s Edition\" \/>\n<meta property=\"og:description\" content=\"Promenez-vous dans les paysages pittoresques de la France, \u00e0 la d\u00e9couverte de merveilles architecturales et de d\u00e9fis sereins qui capturent la sophistication intemporelle du pays.\" \/>\n<meta property=\"og:url\" content=\"https:\/\/www.iplay.com\/en\/games\/relaxing-time-enchanting-france-collectors-edition\/\" \/>\n<meta property=\"og:site_name\" content=\"IPlay\" \/>\n<meta property=\"og:image\" content=\"https:\/\/www.iplay.com\/wp-content\/uploads\/2025\/03\/relaxing_time_enchanting_france_collectors_edition_large_video_screenshot.webp\" \/>\n\t<meta property=\"og:image:width\" content=\"715\" \/>\n\t<meta property=\"og:image:height\" content=\"485\" \/>\n\t<meta property=\"og:image:type\" content=\"image\/webp\" \/>\n<meta name=\"twitter:card\" content=\"summary_large_image\" \/>\n<meta name=\"twitter:label1\" content=\"Dur\u00e9e de lecture estim\u00e9e\" \/>\n\t<meta name=\"twitter:data1\" content=\"1 minute\" \/>\n<script type=\"application\/ld+json\" class=\"yoast-schema-graph\">{\"@context\":\"https:\/\/schema.org\",\"@graph\":[{\"@type\":\"WebPage\",\"@id\":\"https:\/\/www.iplay.com\/en\/games\/relaxing-time-enchanting-france-collectors-edition\/\",\"url\":\"https:\/\/www.iplay.com\/en\/games\/relaxing-time-enchanting-france-collectors-edition\/\",\"name\":\"Moment de d\u00e9tente : la France enchanteresse CE | Aventures \u00e9l\u00e9gantes\",\"isPartOf\":{\"@id\":\"https:\/\/www.iplay.com\/en\/#website\"},\"primaryImageOfPage\":{\"@id\":\"https:\/\/www.iplay.com\/en\/games\/relaxing-time-enchanting-france-collectors-edition\/#primaryimage\"},\"image\":{\"@id\":\"https:\/\/www.iplay.com\/en\/games\/relaxing-time-enchanting-france-collectors-edition\/#primaryimage\"},\"thumbnailUrl\":\"https:\/\/www.iplay.com\/wp-content\/uploads\/2025\/03\/relaxing_time_enchanting_france_collectors_edition_large_square_tile_image.webp\",\"datePublished\":\"2025-03-28T08:30:56+00:00\",\"description\":\"Promenez-vous dans les paysages pittoresques de la France, \u00e0 la d\u00e9couverte de merveilles architecturales et de d\u00e9fis sereins qui capturent la sophistication intemporelle du pays.\",\"breadcrumb\":{\"@id\":\"https:\/\/www.iplay.com\/en\/games\/relaxing-time-enchanting-france-collectors-edition\/#breadcrumb\"},\"inLanguage\":\"fr-FR\",\"potentialAction\":[{\"@type\":\"ReadAction\",\"target\":[\"https:\/\/www.iplay.com\/en\/games\/relaxing-time-enchanting-france-collectors-edition\/\"]}]},{\"@type\":\"ImageObject\",\"inLanguage\":\"fr-FR\",\"@id\":\"https:\/\/www.iplay.com\/en\/games\/relaxing-time-enchanting-france-collectors-edition\/#primaryimage\",\"url\":\"https:\/\/www.iplay.com\/wp-content\/uploads\/2025\/03\/relaxing_time_enchanting_france_collectors_edition_large_square_tile_image.webp\",\"contentUrl\":\"https:\/\/www.iplay.com\/wp-content\/uploads\/2025\/03\/relaxing_time_enchanting_france_collectors_edition_large_square_tile_image.webp\",\"width\":310,\"height\":310},{\"@type\":\"BreadcrumbList\",\"@id\":\"https:\/\/www.iplay.com\/en\/games\/relaxing-time-enchanting-france-collectors-edition\/#breadcrumb\",\"itemListElement\":[{\"@type\":\"ListItem\",\"position\":1,\"name\":\"Home\",\"item\":\"https:\/\/www.iplay.com\/fr\/home-page-2\/\"},{\"@type\":\"ListItem\",\"position\":2,\"name\":\"Shop\",\"item\":\"https:\/\/www.iplay.com\/en\/shop\/\"},{\"@type\":\"ListItem\",\"position\":3,\"name\":\"Relaxing Time: Enchanting France Collector&#8217;s Edition\"}]},{\"@type\":\"WebSite\",\"@id\":\"https:\/\/www.iplay.com\/en\/#website\",\"url\":\"https:\/\/www.iplay.com\/en\/\",\"name\":\"IPlay\",\"description\":\"The Best Casual Games!\",\"publisher\":{\"@id\":\"https:\/\/www.iplay.com\/en\/#organization\"},\"potentialAction\":[{\"@type\":\"SearchAction\",\"target\":{\"@type\":\"EntryPoint\",\"urlTemplate\":\"https:\/\/www.iplay.com\/en\/?s={search_term_string}\"},\"query-input\":{\"@type\":\"PropertyValueSpecification\",\"valueRequired\":true,\"valueName\":\"search_term_string\"}}],\"inLanguage\":\"fr-FR\"},{\"@type\":\"Organization\",\"@id\":\"https:\/\/www.iplay.com\/en\/#organization\",\"name\":\"IPlay\",\"url\":\"https:\/\/www.iplay.com\/en\/\",\"logo\":{\"@type\":\"ImageObject\",\"inLanguage\":\"fr-FR\",\"@id\":\"https:\/\/www.iplay.com\/en\/#\/schema\/logo\/image\/\",\"url\":\"https:\/\/www.iplay.com\/wp-content\/uploads\/2023\/11\/Group-6100.svg\",\"contentUrl\":\"https:\/\/www.iplay.com\/wp-content\/uploads\/2023\/11\/Group-6100.svg\",\"width\":98,\"height\":25,\"caption\":\"IPlay\"},\"image\":{\"@id\":\"https:\/\/www.iplay.com\/en\/#\/schema\/logo\/image\/\"}}]}<\/script>\n<!-- \/ Yoast SEO Premium plugin. -->","yoast_head_json":{"title":"Moment de d\u00e9tente : la France enchanteresse CE | Aventures \u00e9l\u00e9gantes","description":"Promenez-vous dans les paysages pittoresques de la France, \u00e0 la d\u00e9couverte de merveilles architecturales et de d\u00e9fis sereins qui capturent la sophistication intemporelle du pays.","robots":{"index":"index","follow":"follow","max-snippet":"max-snippet:-1","max-image-preview":"max-image-preview:large","max-video-preview":"max-video-preview:-1"},"canonical":"https:\/\/www.iplay.com\/en\/games\/relaxing-time-enchanting-france-collectors-edition\/","og_locale":"fr_FR","og_type":"article","og_title":"Relaxing Time: Enchanting France Collector's Edition","og_description":"Promenez-vous dans les paysages pittoresques de la France, \u00e0 la d\u00e9couverte de merveilles architecturales et de d\u00e9fis sereins qui capturent la sophistication intemporelle du pays.","og_url":"https:\/\/www.iplay.com\/en\/games\/relaxing-time-enchanting-france-collectors-edition\/","og_site_name":"IPlay","og_image":[{"width":715,"height":485,"url":"https:\/\/www.iplay.com\/wp-content\/uploads\/2025\/03\/relaxing_time_enchanting_france_collectors_edition_large_video_screenshot.webp","type":"image\/webp"}],"twitter_card":"summary_large_image","twitter_misc":{"Dur\u00e9e de lecture estim\u00e9e":"1 minute"},"schema":{"@context":"https:\/\/schema.org","@graph":[{"@type":"WebPage","@id":"https:\/\/www.iplay.com\/en\/games\/relaxing-time-enchanting-france-collectors-edition\/","url":"https:\/\/www.iplay.com\/en\/games\/relaxing-time-enchanting-france-collectors-edition\/","name":"Moment de d\u00e9tente : la France enchanteresse CE | Aventures \u00e9l\u00e9gantes","isPartOf":{"@id":"https:\/\/www.iplay.com\/en\/#website"},"primaryImageOfPage":{"@id":"https:\/\/www.iplay.com\/en\/games\/relaxing-time-enchanting-france-collectors-edition\/#primaryimage"},"image":{"@id":"https:\/\/www.iplay.com\/en\/games\/relaxing-time-enchanting-france-collectors-edition\/#primaryimage"},"thumbnailUrl":"https:\/\/www.iplay.com\/wp-content\/uploads\/2025\/03\/relaxing_time_enchanting_france_collectors_edition_large_square_tile_image.webp","datePublished":"2025-03-28T08:30:56+00:00","description":"Promenez-vous dans les paysages pittoresques de la France, \u00e0 la d\u00e9couverte de merveilles architecturales et de d\u00e9fis sereins qui capturent la sophistication intemporelle du pays.","breadcrumb":{"@id":"https:\/\/www.iplay.com\/en\/games\/relaxing-time-enchanting-france-collectors-edition\/#breadcrumb"},"inLanguage":"fr-FR","potentialAction":[{"@type":"ReadAction","target":["https:\/\/www.iplay.com\/en\/games\/relaxing-time-enchanting-france-collectors-edition\/"]}]},{"@type":"ImageObject","inLanguage":"fr-FR","@id":"https:\/\/www.iplay.com\/en\/games\/relaxing-time-enchanting-france-collectors-edition\/#primaryimage","url":"https:\/\/www.iplay.com\/wp-content\/uploads\/2025\/03\/relaxing_time_enchanting_france_collectors_edition_large_square_tile_image.webp","contentUrl":"https:\/\/www.iplay.com\/wp-content\/uploads\/2025\/03\/relaxing_time_enchanting_france_collectors_edition_large_square_tile_image.webp","width":310,"height":310},{"@type":"BreadcrumbList","@id":"https:\/\/www.iplay.com\/en\/games\/relaxing-time-enchanting-france-collectors-edition\/#breadcrumb","itemListElement":[{"@type":"ListItem","position":1,"name":"Home","item":"https:\/\/www.iplay.com\/fr\/home-page-2\/"},{"@type":"ListItem","position":2,"name":"Shop","item":"https:\/\/www.iplay.com\/en\/shop\/"},{"@type":"ListItem","position":3,"name":"Relaxing Time: Enchanting France Collector&#8217;s Edition"}]},{"@type":"WebSite","@id":"https:\/\/www.iplay.com\/en\/#website","url":"https:\/\/www.iplay.com\/en\/","name":"IPlay","description":"The Best Casual Games!","publisher":{"@id":"https:\/\/www.iplay.com\/en\/#organization"},"potentialAction":[{"@type":"SearchAction","target":{"@type":"EntryPoint","urlTemplate":"https:\/\/www.iplay.com\/en\/?s={search_term_string}"},"query-input":{"@type":"PropertyValueSpecification","valueRequired":true,"valueName":"search_term_string"}}],"inLanguage":"fr-FR"},{"@type":"Organization","@id":"https:\/\/www.iplay.com\/en\/#organization","name":"IPlay","url":"https:\/\/www.iplay.com\/en\/","logo":{"@type":"ImageObject","inLanguage":"fr-FR","@id":"https:\/\/www.iplay.com\/en\/#\/schema\/logo\/image\/","url":"https:\/\/www.iplay.com\/wp-content\/uploads\/2023\/11\/Group-6100.svg","contentUrl":"https:\/\/www.iplay.com\/wp-content\/uploads\/2023\/11\/Group-6100.svg","width":98,"height":25,"caption":"IPlay"},"image":{"@id":"https:\/\/www.iplay.com\/en\/#\/schema\/logo\/image\/"}}]}},"_links":{"self":[{"href":"https:\/\/www.iplay.com\/fr\/wp-json\/wp\/v2\/product\/129131","targetHints":{"allow":["GET"]}}],"collection":[{"href":"https:\/\/www.iplay.com\/fr\/wp-json\/wp\/v2\/product"}],"about":[{"href":"https:\/\/www.iplay.com\/fr\/wp-json\/wp\/v2\/types\/product"}],"author":[{"embeddable":true,"href":"https:\/\/www.iplay.com\/fr\/wp-json\/wp\/v2\/users\/52"}],"replies":[{"embeddable":true,"href":"https:\/\/www.iplay.com\/fr\/wp-json\/wp\/v2\/comments?post=129131"}],"wp:featuredmedia":[{"embeddable":true,"href":"https:\/\/www.iplay.com\/fr\/wp-json\/wp\/v2\/media\/129055"}],"wp:attachment":[{"href":"https:\/\/www.iplay.com\/fr\/wp-json\/wp\/v2\/media?parent=129131"}],"wp:term":[{"taxonomy":"product_brand","embeddable":true,"href":"https:\/\/www.iplay.com\/fr\/wp-json\/wp\/v2\/product_brand?post=129131"},{"taxonomy":"product_cat","embeddable":true,"href":"https:\/\/www.iplay.com\/fr\/wp-json\/wp\/v2\/product_cat?post=129131"},{"taxonomy":"product_tag","embeddable":true,"href":"https:\/\/www.iplay.com\/fr\/wp-json\/wp\/v2\/product_tag?post=129131"}],"curies":[{"name":"wp","href":"https:\/\/api.w.org\/{rel}","templated":true}]}}