{"id":129124,"date":"2025-03-28T10:30:07","date_gmt":"2025-03-28T10:30:07","guid":{"rendered":"https:\/\/www.iplay.com\/?post_type=product&p=129124"},"modified":"2025-03-28T10:30:07","modified_gmt":"2025-03-28T10:30:07","slug":"bubble-mania-shooter","status":"publish","type":"product","link":"https:\/\/www.iplay.com\/fr\/games\/bubble-mania-shooter\/","title":{"rendered":"Bubble Mania Shooter"},"content":{"rendered":"<p>Bienvenue dans l\u2019incroyable univers des bulles ! C\u2019est un jeu facile \u00e0 jouer mais difficile \u00e0 ma\u00eetriser. Pr\u00e9parez-vous \u00e0 un jeu infiniment divertissant avec de l\u2019action de tir vibrante ! Obtenez le meilleur score en affinant votre vis\u00e9e, en effectuant des tirs impeccables et en faisant exploser des bulles.   <\/p>\n<p>&nbsp;<\/p>\n<p><strong>Fonctionnalit\u00e9s<\/strong><\/p>\n<ul>\n<li>Jeu de puzzle sans fin<\/li>\n<li>Augmenter la difficult\u00e9 de prise de vue<\/li>\n<li>Balles de mise sous tension uniques<\/li>\n<li>Prix des \u00e9toiles<\/li>\n<\/ul>\n<p>&nbsp;<\/p>\n<p><strong>Comment jouer<\/strong><br \/>\nL\u2019objectif du jeu est de gagner autant d\u2019\u00e9toiles que possible en effa\u00e7ant les balles en un minimum de tirs. Utilisez des bonus sp\u00e9ciaux et visez la pr\u00e9cision pour passer facilement les \u00e9tapes. M\u00e9fiez-vous des bulles inhabituelles, difficiles et difficiles \u00e0 \u00e9clater ! Obtenez le meilleur score en montant de niveau !<\/p>\n","protected":false},"excerpt":{"rendered":"<p>Traversez des niveaux captivants dans ce d\u00e9fi enchanteur o\u00f9 des surprises magiques vous attendent \u00e0 chaque coin de rue &#8211; Testez votre pr\u00e9cision et votre strat\u00e9gie tout en collectant des \u00e9toiles \u00e9blouissantes dans une aventure color\u00e9e sans fin.<\/p>\n","protected":false},"author":325,"featured_media":129092,"comment_status":"open","ping_status":"closed","template":"","meta":{"_acf_changed":false,"inline_featured_image":false},"product_brand":[],"product_cat":[177,179,193],"product_tag":[285,287],"class_list":{"0":"post-129124","1":"product","2":"type-product","3":"status-publish","4":"has-post-thumbnail","6":"product_cat-match-3-fr","7":"product_cat-mobile-games-fr","8":"product_cat-puzzle-fr","9":"product_tag-play-on-mac-fr","10":"product_tag-play-on-pc-fr","12":"first","13":"instock","14":"shipping-taxable","15":"purchasable","16":"product-type-html5_game"},"acf":[],"yoast_head":"<!-- This site is optimized with the Yoast SEO Premium plugin v25.2 (Yoast SEO v25.2) - https:\/\/yoast.com\/wordpress\/plugins\/seo\/ -->\n<title>Bubble Mania Shooter : l\u2019aventure pop-assortie \u00e0 la victoire<\/title>\n<meta name=\"description\" content=\"Traversez des niveaux captivants dans ce d\u00e9fi enchanteur o\u00f9 des surprises magiques vous attendent \u00e0 chaque coin de rue - Testez votre pr\u00e9cision et votre strat\u00e9gie tout en collectant des \u00e9toiles \u00e9blouissantes dans une aventure color\u00e9e sans fin.\" \/>\n<meta name=\"robots\" content=\"index, follow, max-snippet:-1, max-image-preview:large, max-video-preview:-1\" \/>\n<link rel=\"canonical\" href=\"https:\/\/www.iplay.com\/en\/games\/bubble-mania-shooter\/\" \/>\n<meta property=\"og:locale\" content=\"fr_FR\" \/>\n<meta property=\"og:type\" content=\"article\" \/>\n<meta property=\"og:title\" content=\"Bubble Mania Shooter\" \/>\n<meta property=\"og:description\" content=\"Traversez des niveaux captivants dans ce d\u00e9fi enchanteur o\u00f9 des surprises magiques vous attendent \u00e0 chaque coin de rue - Testez votre pr\u00e9cision et votre strat\u00e9gie tout en collectant des \u00e9toiles \u00e9blouissantes dans une aventure color\u00e9e sans fin.\" \/>\n<meta property=\"og:url\" content=\"https:\/\/www.iplay.com\/en\/games\/bubble-mania-shooter\/\" \/>\n<meta property=\"og:site_name\" content=\"IPlay\" \/>\n<meta property=\"og:image\" content=\"https:\/\/www.iplay.com\/wp-content\/uploads\/2025\/03\/bubblemaniashooter-html5_title.webp\" \/>\n\t<meta property=\"og:image:width\" content=\"715\" \/>\n\t<meta property=\"og:image:height\" content=\"485\" \/>\n\t<meta property=\"og:image:type\" content=\"image\/webp\" \/>\n<meta name=\"twitter:card\" content=\"summary_large_image\" \/>\n<meta name=\"twitter:label1\" content=\"Dur\u00e9e de lecture estim\u00e9e\" \/>\n\t<meta name=\"twitter:data1\" content=\"1 minute\" \/>\n<script type=\"application\/ld+json\" class=\"yoast-schema-graph\">{\"@context\":\"https:\/\/schema.org\",\"@graph\":[{\"@type\":\"WebPage\",\"@id\":\"https:\/\/www.iplay.com\/en\/games\/bubble-mania-shooter\/\",\"url\":\"https:\/\/www.iplay.com\/en\/games\/bubble-mania-shooter\/\",\"name\":\"Bubble Mania Shooter : l\u2019aventure pop-assortie \u00e0 la victoire\",\"isPartOf\":{\"@id\":\"https:\/\/www.iplay.com\/en\/#website\"},\"primaryImageOfPage\":{\"@id\":\"https:\/\/www.iplay.com\/en\/games\/bubble-mania-shooter\/#primaryimage\"},\"image\":{\"@id\":\"https:\/\/www.iplay.com\/en\/games\/bubble-mania-shooter\/#primaryimage\"},\"thumbnailUrl\":\"https:\/\/www.iplay.com\/wp-content\/uploads\/2025\/03\/bubblemaniashooter-html5_screen_1080x1080_1.webp\",\"datePublished\":\"2025-03-28T10:30:07+00:00\",\"description\":\"Traversez des niveaux captivants dans ce d\u00e9fi enchanteur o\u00f9 des surprises magiques vous attendent \u00e0 chaque coin de rue - Testez votre pr\u00e9cision et votre strat\u00e9gie tout en collectant des \u00e9toiles \u00e9blouissantes dans une aventure color\u00e9e sans fin.\",\"breadcrumb\":{\"@id\":\"https:\/\/www.iplay.com\/en\/games\/bubble-mania-shooter\/#breadcrumb\"},\"inLanguage\":\"fr-FR\",\"potentialAction\":[{\"@type\":\"ReadAction\",\"target\":[\"https:\/\/www.iplay.com\/en\/games\/bubble-mania-shooter\/\"]}]},{\"@type\":\"ImageObject\",\"inLanguage\":\"fr-FR\",\"@id\":\"https:\/\/www.iplay.com\/en\/games\/bubble-mania-shooter\/#primaryimage\",\"url\":\"https:\/\/www.iplay.com\/wp-content\/uploads\/2025\/03\/bubblemaniashooter-html5_screen_1080x1080_1.webp\",\"contentUrl\":\"https:\/\/www.iplay.com\/wp-content\/uploads\/2025\/03\/bubblemaniashooter-html5_screen_1080x1080_1.webp\",\"width\":310,\"height\":310},{\"@type\":\"BreadcrumbList\",\"@id\":\"https:\/\/www.iplay.com\/en\/games\/bubble-mania-shooter\/#breadcrumb\",\"itemListElement\":[{\"@type\":\"ListItem\",\"position\":1,\"name\":\"Home\",\"item\":\"https:\/\/www.iplay.com\/fr\/home-page-2\/\"},{\"@type\":\"ListItem\",\"position\":2,\"name\":\"Shop\",\"item\":\"https:\/\/www.iplay.com\/en\/shop\/\"},{\"@type\":\"ListItem\",\"position\":3,\"name\":\"Bubble Mania Shooter\"}]},{\"@type\":\"WebSite\",\"@id\":\"https:\/\/www.iplay.com\/en\/#website\",\"url\":\"https:\/\/www.iplay.com\/en\/\",\"name\":\"IPlay\",\"description\":\"The Best Casual Games!\",\"publisher\":{\"@id\":\"https:\/\/www.iplay.com\/en\/#organization\"},\"potentialAction\":[{\"@type\":\"SearchAction\",\"target\":{\"@type\":\"EntryPoint\",\"urlTemplate\":\"https:\/\/www.iplay.com\/en\/?s={search_term_string}\"},\"query-input\":{\"@type\":\"PropertyValueSpecification\",\"valueRequired\":true,\"valueName\":\"search_term_string\"}}],\"inLanguage\":\"fr-FR\"},{\"@type\":\"Organization\",\"@id\":\"https:\/\/www.iplay.com\/en\/#organization\",\"name\":\"IPlay\",\"url\":\"https:\/\/www.iplay.com\/en\/\",\"logo\":{\"@type\":\"ImageObject\",\"inLanguage\":\"fr-FR\",\"@id\":\"https:\/\/www.iplay.com\/en\/#\/schema\/logo\/image\/\",\"url\":\"https:\/\/www.iplay.com\/wp-content\/uploads\/2023\/11\/Group-6100.svg\",\"contentUrl\":\"https:\/\/www.iplay.com\/wp-content\/uploads\/2023\/11\/Group-6100.svg\",\"width\":98,\"height\":25,\"caption\":\"IPlay\"},\"image\":{\"@id\":\"https:\/\/www.iplay.com\/en\/#\/schema\/logo\/image\/\"}}]}<\/script>\n<!-- \/ Yoast SEO Premium plugin. -->","yoast_head_json":{"title":"Bubble Mania Shooter : l\u2019aventure pop-assortie \u00e0 la victoire","description":"Traversez des niveaux captivants dans ce d\u00e9fi enchanteur o\u00f9 des surprises magiques vous attendent \u00e0 chaque coin de rue - Testez votre pr\u00e9cision et votre strat\u00e9gie tout en collectant des \u00e9toiles \u00e9blouissantes dans une aventure color\u00e9e sans fin.","robots":{"index":"index","follow":"follow","max-snippet":"max-snippet:-1","max-image-preview":"max-image-preview:large","max-video-preview":"max-video-preview:-1"},"canonical":"https:\/\/www.iplay.com\/en\/games\/bubble-mania-shooter\/","og_locale":"fr_FR","og_type":"article","og_title":"Bubble Mania Shooter","og_description":"Traversez des niveaux captivants dans ce d\u00e9fi enchanteur o\u00f9 des surprises magiques vous attendent \u00e0 chaque coin de rue - Testez votre pr\u00e9cision et votre strat\u00e9gie tout en collectant des \u00e9toiles \u00e9blouissantes dans une aventure color\u00e9e sans fin.","og_url":"https:\/\/www.iplay.com\/en\/games\/bubble-mania-shooter\/","og_site_name":"IPlay","og_image":[{"width":715,"height":485,"url":"https:\/\/www.iplay.com\/wp-content\/uploads\/2025\/03\/bubblemaniashooter-html5_title.webp","type":"image\/webp"}],"twitter_card":"summary_large_image","twitter_misc":{"Dur\u00e9e de lecture estim\u00e9e":"1 minute"},"schema":{"@context":"https:\/\/schema.org","@graph":[{"@type":"WebPage","@id":"https:\/\/www.iplay.com\/en\/games\/bubble-mania-shooter\/","url":"https:\/\/www.iplay.com\/en\/games\/bubble-mania-shooter\/","name":"Bubble Mania Shooter : l\u2019aventure pop-assortie \u00e0 la victoire","isPartOf":{"@id":"https:\/\/www.iplay.com\/en\/#website"},"primaryImageOfPage":{"@id":"https:\/\/www.iplay.com\/en\/games\/bubble-mania-shooter\/#primaryimage"},"image":{"@id":"https:\/\/www.iplay.com\/en\/games\/bubble-mania-shooter\/#primaryimage"},"thumbnailUrl":"https:\/\/www.iplay.com\/wp-content\/uploads\/2025\/03\/bubblemaniashooter-html5_screen_1080x1080_1.webp","datePublished":"2025-03-28T10:30:07+00:00","description":"Traversez des niveaux captivants dans ce d\u00e9fi enchanteur o\u00f9 des surprises magiques vous attendent \u00e0 chaque coin de rue - Testez votre pr\u00e9cision et votre strat\u00e9gie tout en collectant des \u00e9toiles \u00e9blouissantes dans une aventure color\u00e9e sans fin.","breadcrumb":{"@id":"https:\/\/www.iplay.com\/en\/games\/bubble-mania-shooter\/#breadcrumb"},"inLanguage":"fr-FR","potentialAction":[{"@type":"ReadAction","target":["https:\/\/www.iplay.com\/en\/games\/bubble-mania-shooter\/"]}]},{"@type":"ImageObject","inLanguage":"fr-FR","@id":"https:\/\/www.iplay.com\/en\/games\/bubble-mania-shooter\/#primaryimage","url":"https:\/\/www.iplay.com\/wp-content\/uploads\/2025\/03\/bubblemaniashooter-html5_screen_1080x1080_1.webp","contentUrl":"https:\/\/www.iplay.com\/wp-content\/uploads\/2025\/03\/bubblemaniashooter-html5_screen_1080x1080_1.webp","width":310,"height":310},{"@type":"BreadcrumbList","@id":"https:\/\/www.iplay.com\/en\/games\/bubble-mania-shooter\/#breadcrumb","itemListElement":[{"@type":"ListItem","position":1,"name":"Home","item":"https:\/\/www.iplay.com\/fr\/home-page-2\/"},{"@type":"ListItem","position":2,"name":"Shop","item":"https:\/\/www.iplay.com\/en\/shop\/"},{"@type":"ListItem","position":3,"name":"Bubble Mania Shooter"}]},{"@type":"WebSite","@id":"https:\/\/www.iplay.com\/en\/#website","url":"https:\/\/www.iplay.com\/en\/","name":"IPlay","description":"The Best Casual Games!","publisher":{"@id":"https:\/\/www.iplay.com\/en\/#organization"},"potentialAction":[{"@type":"SearchAction","target":{"@type":"EntryPoint","urlTemplate":"https:\/\/www.iplay.com\/en\/?s={search_term_string}"},"query-input":{"@type":"PropertyValueSpecification","valueRequired":true,"valueName":"search_term_string"}}],"inLanguage":"fr-FR"},{"@type":"Organization","@id":"https:\/\/www.iplay.com\/en\/#organization","name":"IPlay","url":"https:\/\/www.iplay.com\/en\/","logo":{"@type":"ImageObject","inLanguage":"fr-FR","@id":"https:\/\/www.iplay.com\/en\/#\/schema\/logo\/image\/","url":"https:\/\/www.iplay.com\/wp-content\/uploads\/2023\/11\/Group-6100.svg","contentUrl":"https:\/\/www.iplay.com\/wp-content\/uploads\/2023\/11\/Group-6100.svg","width":98,"height":25,"caption":"IPlay"},"image":{"@id":"https:\/\/www.iplay.com\/en\/#\/schema\/logo\/image\/"}}]}},"_links":{"self":[{"href":"https:\/\/www.iplay.com\/fr\/wp-json\/wp\/v2\/product\/129124","targetHints":{"allow":["GET"]}}],"collection":[{"href":"https:\/\/www.iplay.com\/fr\/wp-json\/wp\/v2\/product"}],"about":[{"href":"https:\/\/www.iplay.com\/fr\/wp-json\/wp\/v2\/types\/product"}],"author":[{"embeddable":true,"href":"https:\/\/www.iplay.com\/fr\/wp-json\/wp\/v2\/users\/325"}],"replies":[{"embeddable":true,"href":"https:\/\/www.iplay.com\/fr\/wp-json\/wp\/v2\/comments?post=129124"}],"wp:featuredmedia":[{"embeddable":true,"href":"https:\/\/www.iplay.com\/fr\/wp-json\/wp\/v2\/media\/129092"}],"wp:attachment":[{"href":"https:\/\/www.iplay.com\/fr\/wp-json\/wp\/v2\/media?parent=129124"}],"wp:term":[{"taxonomy":"product_brand","embeddable":true,"href":"https:\/\/www.iplay.com\/fr\/wp-json\/wp\/v2\/product_brand?post=129124"},{"taxonomy":"product_cat","embeddable":true,"href":"https:\/\/www.iplay.com\/fr\/wp-json\/wp\/v2\/product_cat?post=129124"},{"taxonomy":"product_tag","embeddable":true,"href":"https:\/\/www.iplay.com\/fr\/wp-json\/wp\/v2\/product_tag?post=129124"}],"curies":[{"name":"wp","href":"https:\/\/api.w.org\/{rel}","templated":true}]}}