{"id":129010,"date":"2024-01-26T00:00:18","date_gmt":"2024-01-26T00:00:18","guid":{"rendered":"https:\/\/www.iplay.com\/games\/maze-of-realities-ride-in-the-sky-collectors-edition\/"},"modified":"2024-01-26T00:00:18","modified_gmt":"2024-01-26T00:00:18","slug":"maze-of-realities-ride-in-the-sky-collectors-edition","status":"publish","type":"product","link":"https:\/\/www.iplay.com\/fr\/games\/maze-of-realities-ride-in-the-sky-collectors-edition\/","title":{"rendered":"Maze of Realities: Ride in the Sky Collector&#8217;s Edition"},"content":{"rendered":"<p>Il serait gravement erron\u00e9 de croire que les sept merveilles du monde sont les seules choses dans l\u2019univers ! Pour le v\u00e9rifier, il suffit de visiter le temple d\u2019Abou Gorab en \u00c9gypte. Non, les ruines sablonneuses d\u00e9su\u00e8tes ne sont pas abord\u00e9es ! Au lieu de cela, il s\u2019agit de ce que les arch\u00e9ologues ont d\u00e9couvert dans cet endroit lointain et de ce qu\u2019ils sont devenus. Les personnes sur le site de fouilles ont commenc\u00e9 \u00e0 dispara\u00eetre inexplicablement une par une. Savez-vous o\u00f9 ils auraient pu aller ? Si ce n\u2019est pas le cas, vous devrez trouver quelque chose en voyageant ! Il faut faire un voyage impromptu pour le travail afin de localiser ces malheureux, o\u00f9 qu\u2019ils se trouvent. Le myst\u00e8re est d\u00e9couvert et des vies sont sauv\u00e9es \u00e0 travers les royaumes dans cette aventure de puzzle d\u2019objets cach\u00e9s.        <\/p>\n<p>&nbsp;<\/p>\n<p><strong>Caract\u00e9ristiques de l\u2019\u00e9dition collector<\/strong><\/p>\n<p>&nbsp;<\/p>\n<p>&#8211; Faites semblant d\u2019\u00eatre un m\u00e9decin interdimensionnel dans le chapitre bonus sp\u00e9cial !<\/p>\n<p>&#8211; Des mat\u00e9riaux bonus sur le th\u00e8me de la fantaisie sont savour\u00e9s, et d\u2019autres goodies \u00e0 collectionner sont gard\u00e9s \u00e0 l\u2019\u0153il !<\/p>\n<p>&#8211; Des mini-jeux et des \u00e9nigmes stimulants sont jou\u00e9s pour d\u00e9bloquer de nouveaux succ\u00e8s !<\/p>\n","protected":false},"excerpt":{"rendered":"<p>D\u00e9couvrez la disparition d\u2019un professeur dans Maze of Realities&nbsp;: Ride in the Sky \u00c9dition Collector<\/p>\n","protected":false},"author":52,"featured_media":124576,"comment_status":"open","ping_status":"closed","template":"","meta":{"_acf_changed":false,"inline_featured_image":false},"product_brand":[],"product_cat":[165],"product_tag":[287],"class_list":{"0":"post-129010","1":"product","2":"type-product","3":"status-publish","4":"has-post-thumbnail","6":"product_cat-hidden-object-fr","7":"product_tag-play-on-pc-fr","9":"first","10":"instock","11":"shipping-taxable","12":"purchasable","13":"product-type-simple"},"acf":[],"yoast_head":"<!-- This site is optimized with the Yoast SEO Premium plugin v25.2 (Yoast SEO v25.2) - https:\/\/yoast.com\/wordpress\/plugins\/seo\/ -->\n<title>Maze of Realities\u00a0: Ride in the Sky Edition Collector - D\u00e9couvrez la disparition d\u2019un professeur<\/title>\n<meta name=\"description\" content=\"D\u00e9couvrez la disparition d\u2019un professeur dans Maze of Realities&nbsp;: Ride in the Sky \u00c9dition Collector\" \/>\n<meta name=\"robots\" content=\"index, follow, max-snippet:-1, max-image-preview:large, max-video-preview:-1\" \/>\n<link rel=\"canonical\" href=\"https:\/\/www.iplay.com\/fr\/games\/maze-of-realities-ride-in-the-sky-collectors-edition\/\" \/>\n<meta property=\"og:locale\" content=\"fr_FR\" \/>\n<meta property=\"og:type\" content=\"article\" \/>\n<meta property=\"og:title\" content=\"Maze of Realities: Ride in the Sky Collector&#039;s Edition\" \/>\n<meta property=\"og:description\" content=\"D\u00e9couvrez la disparition d\u2019un professeur dans Maze of Realities&nbsp;: Ride in the Sky \u00c9dition Collector\" \/>\n<meta property=\"og:url\" content=\"https:\/\/www.iplay.com\/fr\/games\/maze-of-realities-ride-in-the-sky-collectors-edition\/\" \/>\n<meta property=\"og:site_name\" content=\"IPlay\" \/>\n<meta property=\"og:image\" content=\"https:\/\/www.iplay.com\/wp-content\/uploads\/2024\/01\/400x400-maze_of_realities_-_ride_in_the_sky_ce_large_square_tile_image.webp\" \/>\n\t<meta property=\"og:image:width\" content=\"400\" \/>\n\t<meta property=\"og:image:height\" content=\"400\" \/>\n\t<meta property=\"og:image:type\" content=\"image\/webp\" \/>\n<meta name=\"twitter:card\" content=\"summary_large_image\" \/>\n<meta name=\"twitter:label1\" content=\"Dur\u00e9e de lecture estim\u00e9e\" \/>\n\t<meta name=\"twitter:data1\" content=\"1 minute\" \/>\n<script type=\"application\/ld+json\" class=\"yoast-schema-graph\">{\"@context\":\"https:\/\/schema.org\",\"@graph\":[{\"@type\":\"WebPage\",\"@id\":\"https:\/\/www.iplay.com\/fr\/games\/maze-of-realities-ride-in-the-sky-collectors-edition\/\",\"url\":\"https:\/\/www.iplay.com\/fr\/games\/maze-of-realities-ride-in-the-sky-collectors-edition\/\",\"name\":\"Maze of Realities\u00a0: Ride in the Sky Edition Collector - D\u00e9couvrez la disparition d\u2019un professeur\",\"isPartOf\":{\"@id\":\"https:\/\/www.iplay.com\/en\/#website\"},\"primaryImageOfPage\":{\"@id\":\"https:\/\/www.iplay.com\/fr\/games\/maze-of-realities-ride-in-the-sky-collectors-edition\/#primaryimage\"},\"image\":{\"@id\":\"https:\/\/www.iplay.com\/fr\/games\/maze-of-realities-ride-in-the-sky-collectors-edition\/#primaryimage\"},\"thumbnailUrl\":\"https:\/\/www.iplay.com\/wp-content\/uploads\/2024\/01\/400x400-maze_of_realities_-_ride_in_the_sky_ce_large_square_tile_image.webp\",\"datePublished\":\"2024-01-26T00:00:18+00:00\",\"description\":\"D\u00e9couvrez la disparition d\u2019un professeur dans Maze of Realities&nbsp;: Ride in the Sky \u00c9dition Collector\",\"breadcrumb\":{\"@id\":\"https:\/\/www.iplay.com\/fr\/games\/maze-of-realities-ride-in-the-sky-collectors-edition\/#breadcrumb\"},\"inLanguage\":\"fr-FR\",\"potentialAction\":[{\"@type\":\"ReadAction\",\"target\":[\"https:\/\/www.iplay.com\/fr\/games\/maze-of-realities-ride-in-the-sky-collectors-edition\/\"]}]},{\"@type\":\"ImageObject\",\"inLanguage\":\"fr-FR\",\"@id\":\"https:\/\/www.iplay.com\/fr\/games\/maze-of-realities-ride-in-the-sky-collectors-edition\/#primaryimage\",\"url\":\"https:\/\/www.iplay.com\/wp-content\/uploads\/2024\/01\/400x400-maze_of_realities_-_ride_in_the_sky_ce_large_square_tile_image.webp\",\"contentUrl\":\"https:\/\/www.iplay.com\/wp-content\/uploads\/2024\/01\/400x400-maze_of_realities_-_ride_in_the_sky_ce_large_square_tile_image.webp\",\"width\":400,\"height\":400},{\"@type\":\"BreadcrumbList\",\"@id\":\"https:\/\/www.iplay.com\/fr\/games\/maze-of-realities-ride-in-the-sky-collectors-edition\/#breadcrumb\",\"itemListElement\":[{\"@type\":\"ListItem\",\"position\":1,\"name\":\"Home\",\"item\":\"https:\/\/www.iplay.com\/fr\/home-page-2\/\"},{\"@type\":\"ListItem\",\"position\":2,\"name\":\"Shop\",\"item\":\"https:\/\/www.iplay.com\/en\/shop\/\"},{\"@type\":\"ListItem\",\"position\":3,\"name\":\"Maze of Realities: Ride in the Sky Collector&#8217;s Edition\"}]},{\"@type\":\"WebSite\",\"@id\":\"https:\/\/www.iplay.com\/en\/#website\",\"url\":\"https:\/\/www.iplay.com\/en\/\",\"name\":\"IPlay\",\"description\":\"The Best Casual Games!\",\"publisher\":{\"@id\":\"https:\/\/www.iplay.com\/en\/#organization\"},\"potentialAction\":[{\"@type\":\"SearchAction\",\"target\":{\"@type\":\"EntryPoint\",\"urlTemplate\":\"https:\/\/www.iplay.com\/en\/?s={search_term_string}\"},\"query-input\":{\"@type\":\"PropertyValueSpecification\",\"valueRequired\":true,\"valueName\":\"search_term_string\"}}],\"inLanguage\":\"fr-FR\"},{\"@type\":\"Organization\",\"@id\":\"https:\/\/www.iplay.com\/en\/#organization\",\"name\":\"IPlay\",\"url\":\"https:\/\/www.iplay.com\/en\/\",\"logo\":{\"@type\":\"ImageObject\",\"inLanguage\":\"fr-FR\",\"@id\":\"https:\/\/www.iplay.com\/en\/#\/schema\/logo\/image\/\",\"url\":\"https:\/\/www.iplay.com\/wp-content\/uploads\/2023\/11\/Group-6100.svg\",\"contentUrl\":\"https:\/\/www.iplay.com\/wp-content\/uploads\/2023\/11\/Group-6100.svg\",\"width\":98,\"height\":25,\"caption\":\"IPlay\"},\"image\":{\"@id\":\"https:\/\/www.iplay.com\/en\/#\/schema\/logo\/image\/\"}}]}<\/script>\n<!-- \/ Yoast SEO Premium plugin. -->","yoast_head_json":{"title":"Maze of Realities\u00a0: Ride in the Sky Edition Collector - D\u00e9couvrez la disparition d\u2019un professeur","description":"D\u00e9couvrez la disparition d\u2019un professeur dans Maze of Realities&nbsp;: Ride in the Sky \u00c9dition Collector","robots":{"index":"index","follow":"follow","max-snippet":"max-snippet:-1","max-image-preview":"max-image-preview:large","max-video-preview":"max-video-preview:-1"},"canonical":"https:\/\/www.iplay.com\/fr\/games\/maze-of-realities-ride-in-the-sky-collectors-edition\/","og_locale":"fr_FR","og_type":"article","og_title":"Maze of Realities: Ride in the Sky Collector's Edition","og_description":"D\u00e9couvrez la disparition d\u2019un professeur dans Maze of Realities&nbsp;: Ride in the Sky \u00c9dition Collector","og_url":"https:\/\/www.iplay.com\/fr\/games\/maze-of-realities-ride-in-the-sky-collectors-edition\/","og_site_name":"IPlay","og_image":[{"width":400,"height":400,"url":"https:\/\/www.iplay.com\/wp-content\/uploads\/2024\/01\/400x400-maze_of_realities_-_ride_in_the_sky_ce_large_square_tile_image.webp","type":"image\/webp"}],"twitter_card":"summary_large_image","twitter_misc":{"Dur\u00e9e de lecture estim\u00e9e":"1 minute"},"schema":{"@context":"https:\/\/schema.org","@graph":[{"@type":"WebPage","@id":"https:\/\/www.iplay.com\/fr\/games\/maze-of-realities-ride-in-the-sky-collectors-edition\/","url":"https:\/\/www.iplay.com\/fr\/games\/maze-of-realities-ride-in-the-sky-collectors-edition\/","name":"Maze of Realities\u00a0: Ride in the Sky Edition Collector - D\u00e9couvrez la disparition d\u2019un professeur","isPartOf":{"@id":"https:\/\/www.iplay.com\/en\/#website"},"primaryImageOfPage":{"@id":"https:\/\/www.iplay.com\/fr\/games\/maze-of-realities-ride-in-the-sky-collectors-edition\/#primaryimage"},"image":{"@id":"https:\/\/www.iplay.com\/fr\/games\/maze-of-realities-ride-in-the-sky-collectors-edition\/#primaryimage"},"thumbnailUrl":"https:\/\/www.iplay.com\/wp-content\/uploads\/2024\/01\/400x400-maze_of_realities_-_ride_in_the_sky_ce_large_square_tile_image.webp","datePublished":"2024-01-26T00:00:18+00:00","description":"D\u00e9couvrez la disparition d\u2019un professeur dans Maze of Realities&nbsp;: Ride in the Sky \u00c9dition Collector","breadcrumb":{"@id":"https:\/\/www.iplay.com\/fr\/games\/maze-of-realities-ride-in-the-sky-collectors-edition\/#breadcrumb"},"inLanguage":"fr-FR","potentialAction":[{"@type":"ReadAction","target":["https:\/\/www.iplay.com\/fr\/games\/maze-of-realities-ride-in-the-sky-collectors-edition\/"]}]},{"@type":"ImageObject","inLanguage":"fr-FR","@id":"https:\/\/www.iplay.com\/fr\/games\/maze-of-realities-ride-in-the-sky-collectors-edition\/#primaryimage","url":"https:\/\/www.iplay.com\/wp-content\/uploads\/2024\/01\/400x400-maze_of_realities_-_ride_in_the_sky_ce_large_square_tile_image.webp","contentUrl":"https:\/\/www.iplay.com\/wp-content\/uploads\/2024\/01\/400x400-maze_of_realities_-_ride_in_the_sky_ce_large_square_tile_image.webp","width":400,"height":400},{"@type":"BreadcrumbList","@id":"https:\/\/www.iplay.com\/fr\/games\/maze-of-realities-ride-in-the-sky-collectors-edition\/#breadcrumb","itemListElement":[{"@type":"ListItem","position":1,"name":"Home","item":"https:\/\/www.iplay.com\/fr\/home-page-2\/"},{"@type":"ListItem","position":2,"name":"Shop","item":"https:\/\/www.iplay.com\/en\/shop\/"},{"@type":"ListItem","position":3,"name":"Maze of Realities: Ride in the Sky Collector&#8217;s Edition"}]},{"@type":"WebSite","@id":"https:\/\/www.iplay.com\/en\/#website","url":"https:\/\/www.iplay.com\/en\/","name":"IPlay","description":"The Best Casual Games!","publisher":{"@id":"https:\/\/www.iplay.com\/en\/#organization"},"potentialAction":[{"@type":"SearchAction","target":{"@type":"EntryPoint","urlTemplate":"https:\/\/www.iplay.com\/en\/?s={search_term_string}"},"query-input":{"@type":"PropertyValueSpecification","valueRequired":true,"valueName":"search_term_string"}}],"inLanguage":"fr-FR"},{"@type":"Organization","@id":"https:\/\/www.iplay.com\/en\/#organization","name":"IPlay","url":"https:\/\/www.iplay.com\/en\/","logo":{"@type":"ImageObject","inLanguage":"fr-FR","@id":"https:\/\/www.iplay.com\/en\/#\/schema\/logo\/image\/","url":"https:\/\/www.iplay.com\/wp-content\/uploads\/2023\/11\/Group-6100.svg","contentUrl":"https:\/\/www.iplay.com\/wp-content\/uploads\/2023\/11\/Group-6100.svg","width":98,"height":25,"caption":"IPlay"},"image":{"@id":"https:\/\/www.iplay.com\/en\/#\/schema\/logo\/image\/"}}]}},"_links":{"self":[{"href":"https:\/\/www.iplay.com\/fr\/wp-json\/wp\/v2\/product\/129010","targetHints":{"allow":["GET"]}}],"collection":[{"href":"https:\/\/www.iplay.com\/fr\/wp-json\/wp\/v2\/product"}],"about":[{"href":"https:\/\/www.iplay.com\/fr\/wp-json\/wp\/v2\/types\/product"}],"author":[{"embeddable":true,"href":"https:\/\/www.iplay.com\/fr\/wp-json\/wp\/v2\/users\/52"}],"replies":[{"embeddable":true,"href":"https:\/\/www.iplay.com\/fr\/wp-json\/wp\/v2\/comments?post=129010"}],"wp:featuredmedia":[{"embeddable":true,"href":"https:\/\/www.iplay.com\/fr\/wp-json\/wp\/v2\/media\/124576"}],"wp:attachment":[{"href":"https:\/\/www.iplay.com\/fr\/wp-json\/wp\/v2\/media?parent=129010"}],"wp:term":[{"taxonomy":"product_brand","embeddable":true,"href":"https:\/\/www.iplay.com\/fr\/wp-json\/wp\/v2\/product_brand?post=129010"},{"taxonomy":"product_cat","embeddable":true,"href":"https:\/\/www.iplay.com\/fr\/wp-json\/wp\/v2\/product_cat?post=129010"},{"taxonomy":"product_tag","embeddable":true,"href":"https:\/\/www.iplay.com\/fr\/wp-json\/wp\/v2\/product_tag?post=129010"}],"curies":[{"name":"wp","href":"https:\/\/api.w.org\/{rel}","templated":true}]}}