{"id":128964,"date":"2024-01-08T00:00:32","date_gmt":"2024-01-08T00:00:32","guid":{"rendered":"https:\/\/www.iplay.com\/games\/gallery-of-things-reveries\/"},"modified":"2024-01-08T00:00:32","modified_gmt":"2024-01-08T00:00:32","slug":"gallery-of-things-reveries","status":"publish","type":"product","link":"https:\/\/www.iplay.com\/fr\/games\/gallery-of-things-reveries\/","title":{"rendered":"Gallery of Things: Reveries"},"content":{"rendered":"<p>Les joueurs sont immerg\u00e9s dans un d\u00e9cor surr\u00e9aliste gr\u00e2ce \u00e0 Gallery of Things&nbsp;: Reveries, qui combine le gameplay d\u2019objets cach\u00e9s avec le dada\u00efsme. Tout au long des 36 niveaux, un collage d\u2019images stimulant remet en question les id\u00e9es pr\u00e9con\u00e7ues sur la technologie et la nature. Chaque niveau pr\u00e9sente un puzzle diff\u00e9rent alliant myst\u00e8re et beaut\u00e9 pour emmener les joueurs dans un voyage contemplatif. La relation complexe entre la technologie, la nature et l\u2019humanit\u00e9 est explor\u00e9e aux c\u00f4t\u00e9s d\u2019objets cach\u00e9s.   <\/p>\n<p><strong>Fonctionnalit\u00e9s<\/strong><\/p>\n<ul>\n<li>Un jeu d\u2019objets cach\u00e9s centr\u00e9 sur l\u2019art avec une touche bizarre.<\/li>\n<li>Un puzzle original de 36 niveaux avec des sc\u00e8nes intrigantes.<\/li>\n<\/ul>\n","protected":false},"excerpt":{"rendered":"<p>D\u00e9couvrez la technologie et la nature avec des puzzles inspir\u00e9s de Dada dans Gallery of Things&nbsp;: Reveries<\/p>\n","protected":false},"author":18,"featured_media":124548,"comment_status":"open","ping_status":"closed","template":"","meta":{"_acf_changed":false,"inline_featured_image":false},"product_brand":[],"product_cat":[165],"product_tag":[287],"class_list":{"0":"post-128964","1":"product","2":"type-product","3":"status-publish","4":"has-post-thumbnail","6":"product_cat-hidden-object-fr","7":"product_tag-play-on-pc-fr","9":"first","10":"instock","11":"shipping-taxable","12":"purchasable","13":"product-type-simple"},"acf":[],"yoast_head":"<!-- This site is optimized with the Yoast SEO Premium plugin v25.2 (Yoast SEO v25.2) - https:\/\/yoast.com\/wordpress\/plugins\/seo\/ -->\n<title>Gallery of Things\u00a0: Reveries - D\u00e9couvrez la technologie et la nature avec des puzzles inspir\u00e9s de Dada<\/title>\n<meta name=\"description\" content=\"D\u00e9couvrez la technologie et la nature avec des puzzles inspir\u00e9s de Dada dans Gallery of Things&nbsp;: Reveries\" \/>\n<meta name=\"robots\" content=\"index, follow, max-snippet:-1, max-image-preview:large, max-video-preview:-1\" \/>\n<link rel=\"canonical\" href=\"https:\/\/www.iplay.com\/fr\/games\/gallery-of-things-reveries\/\" \/>\n<meta property=\"og:locale\" content=\"fr_FR\" \/>\n<meta property=\"og:type\" content=\"article\" \/>\n<meta property=\"og:title\" content=\"Gallery of Things: Reveries\" \/>\n<meta property=\"og:description\" content=\"D\u00e9couvrez la technologie et la nature avec des puzzles inspir\u00e9s de Dada dans Gallery of Things&nbsp;: Reveries\" \/>\n<meta property=\"og:url\" content=\"https:\/\/www.iplay.com\/fr\/games\/gallery-of-things-reveries\/\" \/>\n<meta property=\"og:site_name\" content=\"IPlay\" \/>\n<meta property=\"og:image\" content=\"https:\/\/www.iplay.com\/wp-content\/uploads\/2024\/01\/400x400-gallery_of_things_-_reveries_large_square_tile_image.webp\" \/>\n\t<meta property=\"og:image:width\" content=\"400\" \/>\n\t<meta property=\"og:image:height\" content=\"400\" \/>\n\t<meta property=\"og:image:type\" content=\"image\/webp\" \/>\n<meta name=\"twitter:card\" content=\"summary_large_image\" \/>\n<meta name=\"twitter:label1\" content=\"Dur\u00e9e de lecture estim\u00e9e\" \/>\n\t<meta name=\"twitter:data1\" content=\"1 minute\" \/>\n<script type=\"application\/ld+json\" class=\"yoast-schema-graph\">{\"@context\":\"https:\/\/schema.org\",\"@graph\":[{\"@type\":\"WebPage\",\"@id\":\"https:\/\/www.iplay.com\/fr\/games\/gallery-of-things-reveries\/\",\"url\":\"https:\/\/www.iplay.com\/fr\/games\/gallery-of-things-reveries\/\",\"name\":\"Gallery of Things\u00a0: Reveries - D\u00e9couvrez la technologie et la nature avec des puzzles inspir\u00e9s de Dada\",\"isPartOf\":{\"@id\":\"https:\/\/www.iplay.com\/en\/#website\"},\"primaryImageOfPage\":{\"@id\":\"https:\/\/www.iplay.com\/fr\/games\/gallery-of-things-reveries\/#primaryimage\"},\"image\":{\"@id\":\"https:\/\/www.iplay.com\/fr\/games\/gallery-of-things-reveries\/#primaryimage\"},\"thumbnailUrl\":\"https:\/\/www.iplay.com\/wp-content\/uploads\/2024\/01\/400x400-gallery_of_things_-_reveries_large_square_tile_image.webp\",\"datePublished\":\"2024-01-08T00:00:32+00:00\",\"description\":\"D\u00e9couvrez la technologie et la nature avec des puzzles inspir\u00e9s de Dada dans Gallery of Things&nbsp;: Reveries\",\"breadcrumb\":{\"@id\":\"https:\/\/www.iplay.com\/fr\/games\/gallery-of-things-reveries\/#breadcrumb\"},\"inLanguage\":\"fr-FR\",\"potentialAction\":[{\"@type\":\"ReadAction\",\"target\":[\"https:\/\/www.iplay.com\/fr\/games\/gallery-of-things-reveries\/\"]}]},{\"@type\":\"ImageObject\",\"inLanguage\":\"fr-FR\",\"@id\":\"https:\/\/www.iplay.com\/fr\/games\/gallery-of-things-reveries\/#primaryimage\",\"url\":\"https:\/\/www.iplay.com\/wp-content\/uploads\/2024\/01\/400x400-gallery_of_things_-_reveries_large_square_tile_image.webp\",\"contentUrl\":\"https:\/\/www.iplay.com\/wp-content\/uploads\/2024\/01\/400x400-gallery_of_things_-_reveries_large_square_tile_image.webp\",\"width\":400,\"height\":400},{\"@type\":\"BreadcrumbList\",\"@id\":\"https:\/\/www.iplay.com\/fr\/games\/gallery-of-things-reveries\/#breadcrumb\",\"itemListElement\":[{\"@type\":\"ListItem\",\"position\":1,\"name\":\"Home\",\"item\":\"https:\/\/www.iplay.com\/fr\/home-page-2\/\"},{\"@type\":\"ListItem\",\"position\":2,\"name\":\"Shop\",\"item\":\"https:\/\/www.iplay.com\/en\/shop\/\"},{\"@type\":\"ListItem\",\"position\":3,\"name\":\"Gallery of Things: Reveries\"}]},{\"@type\":\"WebSite\",\"@id\":\"https:\/\/www.iplay.com\/en\/#website\",\"url\":\"https:\/\/www.iplay.com\/en\/\",\"name\":\"IPlay\",\"description\":\"The Best Casual Games!\",\"publisher\":{\"@id\":\"https:\/\/www.iplay.com\/en\/#organization\"},\"potentialAction\":[{\"@type\":\"SearchAction\",\"target\":{\"@type\":\"EntryPoint\",\"urlTemplate\":\"https:\/\/www.iplay.com\/en\/?s={search_term_string}\"},\"query-input\":{\"@type\":\"PropertyValueSpecification\",\"valueRequired\":true,\"valueName\":\"search_term_string\"}}],\"inLanguage\":\"fr-FR\"},{\"@type\":\"Organization\",\"@id\":\"https:\/\/www.iplay.com\/en\/#organization\",\"name\":\"IPlay\",\"url\":\"https:\/\/www.iplay.com\/en\/\",\"logo\":{\"@type\":\"ImageObject\",\"inLanguage\":\"fr-FR\",\"@id\":\"https:\/\/www.iplay.com\/en\/#\/schema\/logo\/image\/\",\"url\":\"https:\/\/www.iplay.com\/wp-content\/uploads\/2023\/11\/Group-6100.svg\",\"contentUrl\":\"https:\/\/www.iplay.com\/wp-content\/uploads\/2023\/11\/Group-6100.svg\",\"width\":98,\"height\":25,\"caption\":\"IPlay\"},\"image\":{\"@id\":\"https:\/\/www.iplay.com\/en\/#\/schema\/logo\/image\/\"}}]}<\/script>\n<!-- \/ Yoast SEO Premium plugin. -->","yoast_head_json":{"title":"Gallery of Things\u00a0: Reveries - D\u00e9couvrez la technologie et la nature avec des puzzles inspir\u00e9s de Dada","description":"D\u00e9couvrez la technologie et la nature avec des puzzles inspir\u00e9s de Dada dans Gallery of Things&nbsp;: Reveries","robots":{"index":"index","follow":"follow","max-snippet":"max-snippet:-1","max-image-preview":"max-image-preview:large","max-video-preview":"max-video-preview:-1"},"canonical":"https:\/\/www.iplay.com\/fr\/games\/gallery-of-things-reveries\/","og_locale":"fr_FR","og_type":"article","og_title":"Gallery of Things: Reveries","og_description":"D\u00e9couvrez la technologie et la nature avec des puzzles inspir\u00e9s de Dada dans Gallery of Things&nbsp;: Reveries","og_url":"https:\/\/www.iplay.com\/fr\/games\/gallery-of-things-reveries\/","og_site_name":"IPlay","og_image":[{"width":400,"height":400,"url":"https:\/\/www.iplay.com\/wp-content\/uploads\/2024\/01\/400x400-gallery_of_things_-_reveries_large_square_tile_image.webp","type":"image\/webp"}],"twitter_card":"summary_large_image","twitter_misc":{"Dur\u00e9e de lecture estim\u00e9e":"1 minute"},"schema":{"@context":"https:\/\/schema.org","@graph":[{"@type":"WebPage","@id":"https:\/\/www.iplay.com\/fr\/games\/gallery-of-things-reveries\/","url":"https:\/\/www.iplay.com\/fr\/games\/gallery-of-things-reveries\/","name":"Gallery of Things\u00a0: Reveries - D\u00e9couvrez la technologie et la nature avec des puzzles inspir\u00e9s de Dada","isPartOf":{"@id":"https:\/\/www.iplay.com\/en\/#website"},"primaryImageOfPage":{"@id":"https:\/\/www.iplay.com\/fr\/games\/gallery-of-things-reveries\/#primaryimage"},"image":{"@id":"https:\/\/www.iplay.com\/fr\/games\/gallery-of-things-reveries\/#primaryimage"},"thumbnailUrl":"https:\/\/www.iplay.com\/wp-content\/uploads\/2024\/01\/400x400-gallery_of_things_-_reveries_large_square_tile_image.webp","datePublished":"2024-01-08T00:00:32+00:00","description":"D\u00e9couvrez la technologie et la nature avec des puzzles inspir\u00e9s de Dada dans Gallery of Things&nbsp;: Reveries","breadcrumb":{"@id":"https:\/\/www.iplay.com\/fr\/games\/gallery-of-things-reveries\/#breadcrumb"},"inLanguage":"fr-FR","potentialAction":[{"@type":"ReadAction","target":["https:\/\/www.iplay.com\/fr\/games\/gallery-of-things-reveries\/"]}]},{"@type":"ImageObject","inLanguage":"fr-FR","@id":"https:\/\/www.iplay.com\/fr\/games\/gallery-of-things-reveries\/#primaryimage","url":"https:\/\/www.iplay.com\/wp-content\/uploads\/2024\/01\/400x400-gallery_of_things_-_reveries_large_square_tile_image.webp","contentUrl":"https:\/\/www.iplay.com\/wp-content\/uploads\/2024\/01\/400x400-gallery_of_things_-_reveries_large_square_tile_image.webp","width":400,"height":400},{"@type":"BreadcrumbList","@id":"https:\/\/www.iplay.com\/fr\/games\/gallery-of-things-reveries\/#breadcrumb","itemListElement":[{"@type":"ListItem","position":1,"name":"Home","item":"https:\/\/www.iplay.com\/fr\/home-page-2\/"},{"@type":"ListItem","position":2,"name":"Shop","item":"https:\/\/www.iplay.com\/en\/shop\/"},{"@type":"ListItem","position":3,"name":"Gallery of Things: Reveries"}]},{"@type":"WebSite","@id":"https:\/\/www.iplay.com\/en\/#website","url":"https:\/\/www.iplay.com\/en\/","name":"IPlay","description":"The Best Casual Games!","publisher":{"@id":"https:\/\/www.iplay.com\/en\/#organization"},"potentialAction":[{"@type":"SearchAction","target":{"@type":"EntryPoint","urlTemplate":"https:\/\/www.iplay.com\/en\/?s={search_term_string}"},"query-input":{"@type":"PropertyValueSpecification","valueRequired":true,"valueName":"search_term_string"}}],"inLanguage":"fr-FR"},{"@type":"Organization","@id":"https:\/\/www.iplay.com\/en\/#organization","name":"IPlay","url":"https:\/\/www.iplay.com\/en\/","logo":{"@type":"ImageObject","inLanguage":"fr-FR","@id":"https:\/\/www.iplay.com\/en\/#\/schema\/logo\/image\/","url":"https:\/\/www.iplay.com\/wp-content\/uploads\/2023\/11\/Group-6100.svg","contentUrl":"https:\/\/www.iplay.com\/wp-content\/uploads\/2023\/11\/Group-6100.svg","width":98,"height":25,"caption":"IPlay"},"image":{"@id":"https:\/\/www.iplay.com\/en\/#\/schema\/logo\/image\/"}}]}},"_links":{"self":[{"href":"https:\/\/www.iplay.com\/fr\/wp-json\/wp\/v2\/product\/128964","targetHints":{"allow":["GET"]}}],"collection":[{"href":"https:\/\/www.iplay.com\/fr\/wp-json\/wp\/v2\/product"}],"about":[{"href":"https:\/\/www.iplay.com\/fr\/wp-json\/wp\/v2\/types\/product"}],"author":[{"embeddable":true,"href":"https:\/\/www.iplay.com\/fr\/wp-json\/wp\/v2\/users\/18"}],"replies":[{"embeddable":true,"href":"https:\/\/www.iplay.com\/fr\/wp-json\/wp\/v2\/comments?post=128964"}],"wp:featuredmedia":[{"embeddable":true,"href":"https:\/\/www.iplay.com\/fr\/wp-json\/wp\/v2\/media\/124548"}],"wp:attachment":[{"href":"https:\/\/www.iplay.com\/fr\/wp-json\/wp\/v2\/media?parent=128964"}],"wp:term":[{"taxonomy":"product_brand","embeddable":true,"href":"https:\/\/www.iplay.com\/fr\/wp-json\/wp\/v2\/product_brand?post=128964"},{"taxonomy":"product_cat","embeddable":true,"href":"https:\/\/www.iplay.com\/fr\/wp-json\/wp\/v2\/product_cat?post=128964"},{"taxonomy":"product_tag","embeddable":true,"href":"https:\/\/www.iplay.com\/fr\/wp-json\/wp\/v2\/product_tag?post=128964"}],"curies":[{"name":"wp","href":"https:\/\/api.w.org\/{rel}","templated":true}]}}