{"id":128937,"date":"2023-12-25T00:00:26","date_gmt":"2023-12-25T00:00:26","guid":{"rendered":"https:\/\/www.iplay.com\/games\/all-i-want-for-christmas-are-subgames-ce\/"},"modified":"2023-12-25T00:00:26","modified_gmt":"2023-12-25T00:00:26","slug":"all-i-want-for-christmas-are-subgames-ce","status":"publish","type":"product","link":"https:\/\/www.iplay.com\/fr\/games\/all-i-want-for-christmas-are-subgames-ce\/","title":{"rendered":"All I want for Christmas are Subgames CE"},"content":{"rendered":"<p>Vous \u00eates attendus par une aventure incroyable, All I Want for Christmas sont des sous-jeux ! Une gamme de mini-jeux amusants, y compris des t\u00e2ches captivantes Trouver la diff\u00e9rence, des puzzles attachants et des sessions de peinture joyeuses, est propos\u00e9e dans ce spectacle de No\u00ebl. Votre m\u00e9moire est test\u00e9e avec des paires de flocons de neige dans le jeu de m\u00e9moire, votre cerveau est aiguis\u00e9 avec des \u00e9nigmes festives de mots crois\u00e9s et votre pouvoir de mots est mis en valeur dans des t\u00e2ches festives de devinettes de mots. Dans ce voyage de No\u00ebl interactif, pr\u00e9parez-vous \u00e0 une saison de joie avec des tonnes d\u2019autres belles surprises. Alors que All I Want for Christmas are Subgames est explor\u00e9 et conquis, l\u2019ambiance festive peut \u00eatre satisfaite !    <\/p>\n<p>&nbsp;<\/p>\n<p><strong>Les caract\u00e9ristiques comprennent :  <\/strong><\/p>\n<p>&nbsp;<\/p>\n<p>&#8211; S\u00e9lection de niveaux disponible<\/p>\n<p>&#8211; Merveilleuse s\u00e9lection de musique<\/p>\n<p>&#8211; 20+ types diff\u00e9rents de sous-jeux<\/p>\n<p>&#8211; La fonction Hint pour un jeu plus facile<\/p>\n<p>&#8211; Beaucoup, beaucoup de bonheur pour les vacances.<\/p>\n<p>&nbsp;<\/p>\n<p><strong>Caract\u00e9ristiques de l\u2019\u00e9dition collector :  <\/strong><\/p>\n<p>&nbsp;<\/p>\n<p>&#8211; Lecteur de musique<\/p>\n<p>&#8211; 21 niveaux suppl\u00e9mentaires<\/p>\n<p>-Wallpapers.<\/p>\n","protected":false},"excerpt":{"rendered":"<p>Amusez-vous comme des f\u00eates avec les sous-jeux de No\u00ebl !<\/p>\n","protected":false},"author":18,"featured_media":108966,"comment_status":"open","ping_status":"closed","template":"","meta":{"_acf_changed":false,"inline_featured_image":false},"product_brand":[],"product_cat":[165],"product_tag":[287],"class_list":{"0":"post-128937","1":"product","2":"type-product","3":"status-publish","4":"has-post-thumbnail","6":"product_cat-hidden-object-fr","7":"product_tag-play-on-pc-fr","9":"first","10":"instock","11":"shipping-taxable","12":"purchasable","13":"product-type-simple"},"acf":[],"yoast_head":"<!-- This site is optimized with the Yoast SEO Premium plugin v25.2 (Yoast SEO v25.2) - https:\/\/yoast.com\/wordpress\/plugins\/seo\/ -->\n<title>Tout ce que je veux pour No\u00ebl, ce sont des sous-jeux CE - Amusez-vous festivement avec les sous-jeux de No\u00ebl<\/title>\n<meta name=\"description\" content=\"Amusez-vous comme des f\u00eates avec les sous-jeux de No\u00ebl !\" \/>\n<meta name=\"robots\" content=\"index, follow, max-snippet:-1, max-image-preview:large, max-video-preview:-1\" \/>\n<link rel=\"canonical\" href=\"https:\/\/www.iplay.com\/fr\/games\/all-i-want-for-christmas-are-subgames-ce\/\" \/>\n<meta property=\"og:locale\" content=\"fr_FR\" \/>\n<meta property=\"og:type\" content=\"article\" \/>\n<meta property=\"og:title\" content=\"All I want for Christmas are Subgames CE\" \/>\n<meta property=\"og:description\" content=\"Amusez-vous comme des f\u00eates avec les sous-jeux de No\u00ebl !\" \/>\n<meta property=\"og:url\" content=\"https:\/\/www.iplay.com\/fr\/games\/all-i-want-for-christmas-are-subgames-ce\/\" \/>\n<meta property=\"og:site_name\" content=\"IPlay\" \/>\n<meta property=\"og:image\" content=\"https:\/\/www.iplay.com\/wp-content\/uploads\/2024\/02\/all_i_want_for_christmas_are_subgames_ce_p1.jpg\" \/>\n\t<meta property=\"og:image:width\" content=\"310\" \/>\n\t<meta property=\"og:image:height\" content=\"310\" \/>\n\t<meta property=\"og:image:type\" content=\"image\/jpeg\" \/>\n<meta name=\"twitter:card\" content=\"summary_large_image\" \/>\n<meta name=\"twitter:label1\" content=\"Dur\u00e9e de lecture estim\u00e9e\" \/>\n\t<meta name=\"twitter:data1\" content=\"1 minute\" \/>\n<script type=\"application\/ld+json\" class=\"yoast-schema-graph\">{\"@context\":\"https:\/\/schema.org\",\"@graph\":[{\"@type\":\"WebPage\",\"@id\":\"https:\/\/www.iplay.com\/fr\/games\/all-i-want-for-christmas-are-subgames-ce\/\",\"url\":\"https:\/\/www.iplay.com\/fr\/games\/all-i-want-for-christmas-are-subgames-ce\/\",\"name\":\"Tout ce que je veux pour No\u00ebl, ce sont des sous-jeux CE - Amusez-vous festivement avec les sous-jeux de No\u00ebl\",\"isPartOf\":{\"@id\":\"https:\/\/www.iplay.com\/en\/#website\"},\"primaryImageOfPage\":{\"@id\":\"https:\/\/www.iplay.com\/fr\/games\/all-i-want-for-christmas-are-subgames-ce\/#primaryimage\"},\"image\":{\"@id\":\"https:\/\/www.iplay.com\/fr\/games\/all-i-want-for-christmas-are-subgames-ce\/#primaryimage\"},\"thumbnailUrl\":\"https:\/\/www.iplay.com\/wp-content\/uploads\/2024\/02\/all_i_want_for_christmas_are_subgames_ce_p1.jpg\",\"datePublished\":\"2023-12-25T00:00:26+00:00\",\"description\":\"Amusez-vous comme des f\u00eates avec les sous-jeux de No\u00ebl !\",\"breadcrumb\":{\"@id\":\"https:\/\/www.iplay.com\/fr\/games\/all-i-want-for-christmas-are-subgames-ce\/#breadcrumb\"},\"inLanguage\":\"fr-FR\",\"potentialAction\":[{\"@type\":\"ReadAction\",\"target\":[\"https:\/\/www.iplay.com\/fr\/games\/all-i-want-for-christmas-are-subgames-ce\/\"]}]},{\"@type\":\"ImageObject\",\"inLanguage\":\"fr-FR\",\"@id\":\"https:\/\/www.iplay.com\/fr\/games\/all-i-want-for-christmas-are-subgames-ce\/#primaryimage\",\"url\":\"https:\/\/www.iplay.com\/wp-content\/uploads\/2024\/02\/all_i_want_for_christmas_are_subgames_ce_p1.jpg\",\"contentUrl\":\"https:\/\/www.iplay.com\/wp-content\/uploads\/2024\/02\/all_i_want_for_christmas_are_subgames_ce_p1.jpg\",\"width\":310,\"height\":310},{\"@type\":\"BreadcrumbList\",\"@id\":\"https:\/\/www.iplay.com\/fr\/games\/all-i-want-for-christmas-are-subgames-ce\/#breadcrumb\",\"itemListElement\":[{\"@type\":\"ListItem\",\"position\":1,\"name\":\"Home\",\"item\":\"https:\/\/www.iplay.com\/fr\/home-page-2\/\"},{\"@type\":\"ListItem\",\"position\":2,\"name\":\"Shop\",\"item\":\"https:\/\/www.iplay.com\/en\/shop\/\"},{\"@type\":\"ListItem\",\"position\":3,\"name\":\"All I want for Christmas are Subgames CE\"}]},{\"@type\":\"WebSite\",\"@id\":\"https:\/\/www.iplay.com\/en\/#website\",\"url\":\"https:\/\/www.iplay.com\/en\/\",\"name\":\"IPlay\",\"description\":\"The Best Casual Games!\",\"publisher\":{\"@id\":\"https:\/\/www.iplay.com\/en\/#organization\"},\"potentialAction\":[{\"@type\":\"SearchAction\",\"target\":{\"@type\":\"EntryPoint\",\"urlTemplate\":\"https:\/\/www.iplay.com\/en\/?s={search_term_string}\"},\"query-input\":{\"@type\":\"PropertyValueSpecification\",\"valueRequired\":true,\"valueName\":\"search_term_string\"}}],\"inLanguage\":\"fr-FR\"},{\"@type\":\"Organization\",\"@id\":\"https:\/\/www.iplay.com\/en\/#organization\",\"name\":\"IPlay\",\"url\":\"https:\/\/www.iplay.com\/en\/\",\"logo\":{\"@type\":\"ImageObject\",\"inLanguage\":\"fr-FR\",\"@id\":\"https:\/\/www.iplay.com\/en\/#\/schema\/logo\/image\/\",\"url\":\"https:\/\/www.iplay.com\/wp-content\/uploads\/2023\/11\/Group-6100.svg\",\"contentUrl\":\"https:\/\/www.iplay.com\/wp-content\/uploads\/2023\/11\/Group-6100.svg\",\"width\":98,\"height\":25,\"caption\":\"IPlay\"},\"image\":{\"@id\":\"https:\/\/www.iplay.com\/en\/#\/schema\/logo\/image\/\"}}]}<\/script>\n<!-- \/ Yoast SEO Premium plugin. -->","yoast_head_json":{"title":"Tout ce que je veux pour No\u00ebl, ce sont des sous-jeux CE - Amusez-vous festivement avec les sous-jeux de No\u00ebl","description":"Amusez-vous comme des f\u00eates avec les sous-jeux de No\u00ebl !","robots":{"index":"index","follow":"follow","max-snippet":"max-snippet:-1","max-image-preview":"max-image-preview:large","max-video-preview":"max-video-preview:-1"},"canonical":"https:\/\/www.iplay.com\/fr\/games\/all-i-want-for-christmas-are-subgames-ce\/","og_locale":"fr_FR","og_type":"article","og_title":"All I want for Christmas are Subgames CE","og_description":"Amusez-vous comme des f\u00eates avec les sous-jeux de No\u00ebl !","og_url":"https:\/\/www.iplay.com\/fr\/games\/all-i-want-for-christmas-are-subgames-ce\/","og_site_name":"IPlay","og_image":[{"width":310,"height":310,"url":"https:\/\/www.iplay.com\/wp-content\/uploads\/2024\/02\/all_i_want_for_christmas_are_subgames_ce_p1.jpg","type":"image\/jpeg"}],"twitter_card":"summary_large_image","twitter_misc":{"Dur\u00e9e de lecture estim\u00e9e":"1 minute"},"schema":{"@context":"https:\/\/schema.org","@graph":[{"@type":"WebPage","@id":"https:\/\/www.iplay.com\/fr\/games\/all-i-want-for-christmas-are-subgames-ce\/","url":"https:\/\/www.iplay.com\/fr\/games\/all-i-want-for-christmas-are-subgames-ce\/","name":"Tout ce que je veux pour No\u00ebl, ce sont des sous-jeux CE - Amusez-vous festivement avec les sous-jeux de No\u00ebl","isPartOf":{"@id":"https:\/\/www.iplay.com\/en\/#website"},"primaryImageOfPage":{"@id":"https:\/\/www.iplay.com\/fr\/games\/all-i-want-for-christmas-are-subgames-ce\/#primaryimage"},"image":{"@id":"https:\/\/www.iplay.com\/fr\/games\/all-i-want-for-christmas-are-subgames-ce\/#primaryimage"},"thumbnailUrl":"https:\/\/www.iplay.com\/wp-content\/uploads\/2024\/02\/all_i_want_for_christmas_are_subgames_ce_p1.jpg","datePublished":"2023-12-25T00:00:26+00:00","description":"Amusez-vous comme des f\u00eates avec les sous-jeux de No\u00ebl !","breadcrumb":{"@id":"https:\/\/www.iplay.com\/fr\/games\/all-i-want-for-christmas-are-subgames-ce\/#breadcrumb"},"inLanguage":"fr-FR","potentialAction":[{"@type":"ReadAction","target":["https:\/\/www.iplay.com\/fr\/games\/all-i-want-for-christmas-are-subgames-ce\/"]}]},{"@type":"ImageObject","inLanguage":"fr-FR","@id":"https:\/\/www.iplay.com\/fr\/games\/all-i-want-for-christmas-are-subgames-ce\/#primaryimage","url":"https:\/\/www.iplay.com\/wp-content\/uploads\/2024\/02\/all_i_want_for_christmas_are_subgames_ce_p1.jpg","contentUrl":"https:\/\/www.iplay.com\/wp-content\/uploads\/2024\/02\/all_i_want_for_christmas_are_subgames_ce_p1.jpg","width":310,"height":310},{"@type":"BreadcrumbList","@id":"https:\/\/www.iplay.com\/fr\/games\/all-i-want-for-christmas-are-subgames-ce\/#breadcrumb","itemListElement":[{"@type":"ListItem","position":1,"name":"Home","item":"https:\/\/www.iplay.com\/fr\/home-page-2\/"},{"@type":"ListItem","position":2,"name":"Shop","item":"https:\/\/www.iplay.com\/en\/shop\/"},{"@type":"ListItem","position":3,"name":"All I want for Christmas are Subgames CE"}]},{"@type":"WebSite","@id":"https:\/\/www.iplay.com\/en\/#website","url":"https:\/\/www.iplay.com\/en\/","name":"IPlay","description":"The Best Casual Games!","publisher":{"@id":"https:\/\/www.iplay.com\/en\/#organization"},"potentialAction":[{"@type":"SearchAction","target":{"@type":"EntryPoint","urlTemplate":"https:\/\/www.iplay.com\/en\/?s={search_term_string}"},"query-input":{"@type":"PropertyValueSpecification","valueRequired":true,"valueName":"search_term_string"}}],"inLanguage":"fr-FR"},{"@type":"Organization","@id":"https:\/\/www.iplay.com\/en\/#organization","name":"IPlay","url":"https:\/\/www.iplay.com\/en\/","logo":{"@type":"ImageObject","inLanguage":"fr-FR","@id":"https:\/\/www.iplay.com\/en\/#\/schema\/logo\/image\/","url":"https:\/\/www.iplay.com\/wp-content\/uploads\/2023\/11\/Group-6100.svg","contentUrl":"https:\/\/www.iplay.com\/wp-content\/uploads\/2023\/11\/Group-6100.svg","width":98,"height":25,"caption":"IPlay"},"image":{"@id":"https:\/\/www.iplay.com\/en\/#\/schema\/logo\/image\/"}}]}},"_links":{"self":[{"href":"https:\/\/www.iplay.com\/fr\/wp-json\/wp\/v2\/product\/128937","targetHints":{"allow":["GET"]}}],"collection":[{"href":"https:\/\/www.iplay.com\/fr\/wp-json\/wp\/v2\/product"}],"about":[{"href":"https:\/\/www.iplay.com\/fr\/wp-json\/wp\/v2\/types\/product"}],"author":[{"embeddable":true,"href":"https:\/\/www.iplay.com\/fr\/wp-json\/wp\/v2\/users\/18"}],"replies":[{"embeddable":true,"href":"https:\/\/www.iplay.com\/fr\/wp-json\/wp\/v2\/comments?post=128937"}],"wp:featuredmedia":[{"embeddable":true,"href":"https:\/\/www.iplay.com\/fr\/wp-json\/wp\/v2\/media\/108966"}],"wp:attachment":[{"href":"https:\/\/www.iplay.com\/fr\/wp-json\/wp\/v2\/media?parent=128937"}],"wp:term":[{"taxonomy":"product_brand","embeddable":true,"href":"https:\/\/www.iplay.com\/fr\/wp-json\/wp\/v2\/product_brand?post=128937"},{"taxonomy":"product_cat","embeddable":true,"href":"https:\/\/www.iplay.com\/fr\/wp-json\/wp\/v2\/product_cat?post=128937"},{"taxonomy":"product_tag","embeddable":true,"href":"https:\/\/www.iplay.com\/fr\/wp-json\/wp\/v2\/product_tag?post=128937"}],"curies":[{"name":"wp","href":"https:\/\/api.w.org\/{rel}","templated":true}]}}