{"id":128923,"date":"2024-04-12T10:00:18","date_gmt":"2024-04-12T10:00:18","guid":{"rendered":"https:\/\/www.iplay.com\/games\/beyond-the-kingdom-3-secrets-of-the-ancient-ce\/"},"modified":"2024-04-12T10:00:18","modified_gmt":"2024-04-12T10:00:18","slug":"beyond-the-kingdom-3-secrets-of-the-ancient-ce","status":"publish","type":"product","link":"https:\/\/www.iplay.com\/fr\/games\/beyond-the-kingdom-3-secrets-of-the-ancient-ce\/","title":{"rendered":"Beyond the Kingdom 3 &#8211; Secrets of the Ancient CE"},"content":{"rendered":"<p>Le Royaume des F\u00e9es est en danger. Les \u00e9nergies sombres se d\u00e9vers\u00e8rent dans toutes les parties du pays des merveilles. Embarquez pour une aventure \u00e9pique pour aider le roi et ses fid\u00e8les assistants \u00e0 r\u00e9tablir la paix dans le pays des f\u00e9es et d\u00e9couvrez le secret des pirates.  <\/p>\n<p>&nbsp;<\/p>\n<p><strong>Fonctionnalit\u00e9s<\/strong><\/p>\n<ul>\n<li>De nombreuses t\u00e2ches \u00e0 accomplir.<\/li>\n<li>Graphismes color\u00e9s.<\/li>\n<li>Des centaines d\u2019objets de jeu.<\/li>\n<li>Une histoire intrigante.<\/li>\n<\/ul>\n","protected":false},"excerpt":{"rendered":"<p>Aidez le Roi \u00e0 r\u00e9tablir la paix alors que le Royaume des F\u00e9es est en danger avec Beyond the Kingdom 3 &#8211; Secrets of the Ancient Collector\u2019s Edition<\/p>\n","protected":false},"author":139,"featured_media":110354,"comment_status":"open","ping_status":"closed","template":"","meta":{"_acf_changed":false,"inline_featured_image":false},"product_brand":[],"product_cat":[216],"product_tag":[287],"class_list":{"0":"post-128923","1":"product","2":"type-product","3":"status-publish","4":"has-post-thumbnail","6":"product_cat-time-management-fr","7":"product_tag-play-on-pc-fr","9":"first","10":"instock","11":"shipping-taxable","12":"purchasable","13":"product-type-simple"},"acf":[],"yoast_head":"<!-- This site is optimized with the Yoast SEO Premium plugin v25.2 (Yoast SEO v25.2) - https:\/\/yoast.com\/wordpress\/plugins\/seo\/ -->\n<title>Au-del\u00e0 du Royaume 3 - Les secrets de l\u2019Antiquit\u00e9 de notre \u00e8re<\/title>\n<meta name=\"description\" content=\"Aidez le Roi \u00e0 r\u00e9tablir la paix alors que le Royaume des F\u00e9es est en danger avec Beyond the Kingdom 3 - Secrets of the Ancient Collector\u2019s Edition\" \/>\n<meta name=\"robots\" content=\"index, follow, max-snippet:-1, max-image-preview:large, max-video-preview:-1\" \/>\n<link rel=\"canonical\" href=\"https:\/\/www.iplay.com\/fr\/games\/beyond-the-kingdom-3-secrets-of-the-ancient-ce\/\" \/>\n<meta property=\"og:locale\" content=\"fr_FR\" \/>\n<meta property=\"og:type\" content=\"article\" \/>\n<meta property=\"og:title\" content=\"Beyond the Kingdom 3 - Secrets of the Ancient CE\" \/>\n<meta property=\"og:description\" content=\"Aidez le Roi \u00e0 r\u00e9tablir la paix alors que le Royaume des F\u00e9es est en danger avec Beyond the Kingdom 3 - Secrets of the Ancient Collector\u2019s Edition\" \/>\n<meta property=\"og:url\" content=\"https:\/\/www.iplay.com\/fr\/games\/beyond-the-kingdom-3-secrets-of-the-ancient-ce\/\" \/>\n<meta property=\"og:site_name\" content=\"IPlay\" \/>\n<meta property=\"og:image\" content=\"https:\/\/www.iplay.com\/wp-content\/uploads\/2024\/04\/Beyond-the-Kingdom-3-Secrets-of-the-Ancient-CE_large_square_tile_image.webp\" \/>\n\t<meta property=\"og:image:width\" content=\"310\" \/>\n\t<meta property=\"og:image:height\" content=\"310\" \/>\n\t<meta property=\"og:image:type\" content=\"image\/webp\" \/>\n<meta name=\"twitter:card\" content=\"summary_large_image\" \/>\n<script type=\"application\/ld+json\" class=\"yoast-schema-graph\">{\"@context\":\"https:\/\/schema.org\",\"@graph\":[{\"@type\":\"WebPage\",\"@id\":\"https:\/\/www.iplay.com\/fr\/games\/beyond-the-kingdom-3-secrets-of-the-ancient-ce\/\",\"url\":\"https:\/\/www.iplay.com\/fr\/games\/beyond-the-kingdom-3-secrets-of-the-ancient-ce\/\",\"name\":\"Au-del\u00e0 du Royaume 3 - Les secrets de l\u2019Antiquit\u00e9 de notre \u00e8re\",\"isPartOf\":{\"@id\":\"https:\/\/www.iplay.com\/en\/#website\"},\"primaryImageOfPage\":{\"@id\":\"https:\/\/www.iplay.com\/fr\/games\/beyond-the-kingdom-3-secrets-of-the-ancient-ce\/#primaryimage\"},\"image\":{\"@id\":\"https:\/\/www.iplay.com\/fr\/games\/beyond-the-kingdom-3-secrets-of-the-ancient-ce\/#primaryimage\"},\"thumbnailUrl\":\"https:\/\/www.iplay.com\/wp-content\/uploads\/2024\/04\/Beyond-the-Kingdom-3-Secrets-of-the-Ancient-CE_large_square_tile_image.webp\",\"datePublished\":\"2024-04-12T10:00:18+00:00\",\"description\":\"Aidez le Roi \u00e0 r\u00e9tablir la paix alors que le Royaume des F\u00e9es est en danger avec Beyond the Kingdom 3 - Secrets of the Ancient Collector\u2019s Edition\",\"breadcrumb\":{\"@id\":\"https:\/\/www.iplay.com\/fr\/games\/beyond-the-kingdom-3-secrets-of-the-ancient-ce\/#breadcrumb\"},\"inLanguage\":\"fr-FR\",\"potentialAction\":[{\"@type\":\"ReadAction\",\"target\":[\"https:\/\/www.iplay.com\/fr\/games\/beyond-the-kingdom-3-secrets-of-the-ancient-ce\/\"]}]},{\"@type\":\"ImageObject\",\"inLanguage\":\"fr-FR\",\"@id\":\"https:\/\/www.iplay.com\/fr\/games\/beyond-the-kingdom-3-secrets-of-the-ancient-ce\/#primaryimage\",\"url\":\"https:\/\/www.iplay.com\/wp-content\/uploads\/2024\/04\/Beyond-the-Kingdom-3-Secrets-of-the-Ancient-CE_large_square_tile_image.webp\",\"contentUrl\":\"https:\/\/www.iplay.com\/wp-content\/uploads\/2024\/04\/Beyond-the-Kingdom-3-Secrets-of-the-Ancient-CE_large_square_tile_image.webp\",\"width\":310,\"height\":310},{\"@type\":\"BreadcrumbList\",\"@id\":\"https:\/\/www.iplay.com\/fr\/games\/beyond-the-kingdom-3-secrets-of-the-ancient-ce\/#breadcrumb\",\"itemListElement\":[{\"@type\":\"ListItem\",\"position\":1,\"name\":\"Home\",\"item\":\"https:\/\/www.iplay.com\/fr\/home-page-2\/\"},{\"@type\":\"ListItem\",\"position\":2,\"name\":\"Shop\",\"item\":\"https:\/\/www.iplay.com\/en\/shop\/\"},{\"@type\":\"ListItem\",\"position\":3,\"name\":\"Beyond the Kingdom 3 &#8211; Secrets of the Ancient CE\"}]},{\"@type\":\"WebSite\",\"@id\":\"https:\/\/www.iplay.com\/en\/#website\",\"url\":\"https:\/\/www.iplay.com\/en\/\",\"name\":\"IPlay\",\"description\":\"The Best Casual Games!\",\"publisher\":{\"@id\":\"https:\/\/www.iplay.com\/en\/#organization\"},\"potentialAction\":[{\"@type\":\"SearchAction\",\"target\":{\"@type\":\"EntryPoint\",\"urlTemplate\":\"https:\/\/www.iplay.com\/en\/?s={search_term_string}\"},\"query-input\":{\"@type\":\"PropertyValueSpecification\",\"valueRequired\":true,\"valueName\":\"search_term_string\"}}],\"inLanguage\":\"fr-FR\"},{\"@type\":\"Organization\",\"@id\":\"https:\/\/www.iplay.com\/en\/#organization\",\"name\":\"IPlay\",\"url\":\"https:\/\/www.iplay.com\/en\/\",\"logo\":{\"@type\":\"ImageObject\",\"inLanguage\":\"fr-FR\",\"@id\":\"https:\/\/www.iplay.com\/en\/#\/schema\/logo\/image\/\",\"url\":\"https:\/\/www.iplay.com\/wp-content\/uploads\/2023\/11\/Group-6100.svg\",\"contentUrl\":\"https:\/\/www.iplay.com\/wp-content\/uploads\/2023\/11\/Group-6100.svg\",\"width\":98,\"height\":25,\"caption\":\"IPlay\"},\"image\":{\"@id\":\"https:\/\/www.iplay.com\/en\/#\/schema\/logo\/image\/\"}}]}<\/script>\n<!-- \/ Yoast SEO Premium plugin. -->","yoast_head_json":{"title":"Au-del\u00e0 du Royaume 3 - Les secrets de l\u2019Antiquit\u00e9 de notre \u00e8re","description":"Aidez le Roi \u00e0 r\u00e9tablir la paix alors que le Royaume des F\u00e9es est en danger avec Beyond the Kingdom 3 - Secrets of the Ancient Collector\u2019s Edition","robots":{"index":"index","follow":"follow","max-snippet":"max-snippet:-1","max-image-preview":"max-image-preview:large","max-video-preview":"max-video-preview:-1"},"canonical":"https:\/\/www.iplay.com\/fr\/games\/beyond-the-kingdom-3-secrets-of-the-ancient-ce\/","og_locale":"fr_FR","og_type":"article","og_title":"Beyond the Kingdom 3 - Secrets of the Ancient CE","og_description":"Aidez le Roi \u00e0 r\u00e9tablir la paix alors que le Royaume des F\u00e9es est en danger avec Beyond the Kingdom 3 - Secrets of the Ancient Collector\u2019s Edition","og_url":"https:\/\/www.iplay.com\/fr\/games\/beyond-the-kingdom-3-secrets-of-the-ancient-ce\/","og_site_name":"IPlay","og_image":[{"width":310,"height":310,"url":"https:\/\/www.iplay.com\/wp-content\/uploads\/2024\/04\/Beyond-the-Kingdom-3-Secrets-of-the-Ancient-CE_large_square_tile_image.webp","type":"image\/webp"}],"twitter_card":"summary_large_image","schema":{"@context":"https:\/\/schema.org","@graph":[{"@type":"WebPage","@id":"https:\/\/www.iplay.com\/fr\/games\/beyond-the-kingdom-3-secrets-of-the-ancient-ce\/","url":"https:\/\/www.iplay.com\/fr\/games\/beyond-the-kingdom-3-secrets-of-the-ancient-ce\/","name":"Au-del\u00e0 du Royaume 3 - Les secrets de l\u2019Antiquit\u00e9 de notre \u00e8re","isPartOf":{"@id":"https:\/\/www.iplay.com\/en\/#website"},"primaryImageOfPage":{"@id":"https:\/\/www.iplay.com\/fr\/games\/beyond-the-kingdom-3-secrets-of-the-ancient-ce\/#primaryimage"},"image":{"@id":"https:\/\/www.iplay.com\/fr\/games\/beyond-the-kingdom-3-secrets-of-the-ancient-ce\/#primaryimage"},"thumbnailUrl":"https:\/\/www.iplay.com\/wp-content\/uploads\/2024\/04\/Beyond-the-Kingdom-3-Secrets-of-the-Ancient-CE_large_square_tile_image.webp","datePublished":"2024-04-12T10:00:18+00:00","description":"Aidez le Roi \u00e0 r\u00e9tablir la paix alors que le Royaume des F\u00e9es est en danger avec Beyond the Kingdom 3 - Secrets of the Ancient Collector\u2019s Edition","breadcrumb":{"@id":"https:\/\/www.iplay.com\/fr\/games\/beyond-the-kingdom-3-secrets-of-the-ancient-ce\/#breadcrumb"},"inLanguage":"fr-FR","potentialAction":[{"@type":"ReadAction","target":["https:\/\/www.iplay.com\/fr\/games\/beyond-the-kingdom-3-secrets-of-the-ancient-ce\/"]}]},{"@type":"ImageObject","inLanguage":"fr-FR","@id":"https:\/\/www.iplay.com\/fr\/games\/beyond-the-kingdom-3-secrets-of-the-ancient-ce\/#primaryimage","url":"https:\/\/www.iplay.com\/wp-content\/uploads\/2024\/04\/Beyond-the-Kingdom-3-Secrets-of-the-Ancient-CE_large_square_tile_image.webp","contentUrl":"https:\/\/www.iplay.com\/wp-content\/uploads\/2024\/04\/Beyond-the-Kingdom-3-Secrets-of-the-Ancient-CE_large_square_tile_image.webp","width":310,"height":310},{"@type":"BreadcrumbList","@id":"https:\/\/www.iplay.com\/fr\/games\/beyond-the-kingdom-3-secrets-of-the-ancient-ce\/#breadcrumb","itemListElement":[{"@type":"ListItem","position":1,"name":"Home","item":"https:\/\/www.iplay.com\/fr\/home-page-2\/"},{"@type":"ListItem","position":2,"name":"Shop","item":"https:\/\/www.iplay.com\/en\/shop\/"},{"@type":"ListItem","position":3,"name":"Beyond the Kingdom 3 &#8211; Secrets of the Ancient CE"}]},{"@type":"WebSite","@id":"https:\/\/www.iplay.com\/en\/#website","url":"https:\/\/www.iplay.com\/en\/","name":"IPlay","description":"The Best Casual Games!","publisher":{"@id":"https:\/\/www.iplay.com\/en\/#organization"},"potentialAction":[{"@type":"SearchAction","target":{"@type":"EntryPoint","urlTemplate":"https:\/\/www.iplay.com\/en\/?s={search_term_string}"},"query-input":{"@type":"PropertyValueSpecification","valueRequired":true,"valueName":"search_term_string"}}],"inLanguage":"fr-FR"},{"@type":"Organization","@id":"https:\/\/www.iplay.com\/en\/#organization","name":"IPlay","url":"https:\/\/www.iplay.com\/en\/","logo":{"@type":"ImageObject","inLanguage":"fr-FR","@id":"https:\/\/www.iplay.com\/en\/#\/schema\/logo\/image\/","url":"https:\/\/www.iplay.com\/wp-content\/uploads\/2023\/11\/Group-6100.svg","contentUrl":"https:\/\/www.iplay.com\/wp-content\/uploads\/2023\/11\/Group-6100.svg","width":98,"height":25,"caption":"IPlay"},"image":{"@id":"https:\/\/www.iplay.com\/en\/#\/schema\/logo\/image\/"}}]}},"_links":{"self":[{"href":"https:\/\/www.iplay.com\/fr\/wp-json\/wp\/v2\/product\/128923","targetHints":{"allow":["GET"]}}],"collection":[{"href":"https:\/\/www.iplay.com\/fr\/wp-json\/wp\/v2\/product"}],"about":[{"href":"https:\/\/www.iplay.com\/fr\/wp-json\/wp\/v2\/types\/product"}],"author":[{"embeddable":true,"href":"https:\/\/www.iplay.com\/fr\/wp-json\/wp\/v2\/users\/139"}],"replies":[{"embeddable":true,"href":"https:\/\/www.iplay.com\/fr\/wp-json\/wp\/v2\/comments?post=128923"}],"wp:featuredmedia":[{"embeddable":true,"href":"https:\/\/www.iplay.com\/fr\/wp-json\/wp\/v2\/media\/110354"}],"wp:attachment":[{"href":"https:\/\/www.iplay.com\/fr\/wp-json\/wp\/v2\/media?parent=128923"}],"wp:term":[{"taxonomy":"product_brand","embeddable":true,"href":"https:\/\/www.iplay.com\/fr\/wp-json\/wp\/v2\/product_brand?post=128923"},{"taxonomy":"product_cat","embeddable":true,"href":"https:\/\/www.iplay.com\/fr\/wp-json\/wp\/v2\/product_cat?post=128923"},{"taxonomy":"product_tag","embeddable":true,"href":"https:\/\/www.iplay.com\/fr\/wp-json\/wp\/v2\/product_tag?post=128923"}],"curies":[{"name":"wp","href":"https:\/\/api.w.org\/{rel}","templated":true}]}}