{"id":128883,"date":"2025-03-26T09:30:46","date_gmt":"2025-03-26T09:30:46","guid":{"rendered":"https:\/\/www.iplay.com\/games\/dark-city-amsterdam-collectors-edition\/"},"modified":"2025-03-26T18:08:11","modified_gmt":"2025-03-26T18:08:11","slug":"dark-city-amsterdam-collectors-edition","status":"publish","type":"product","link":"https:\/\/www.iplay.com\/fr\/games\/dark-city-amsterdam-collectors-edition\/","title":{"rendered":"Dark City: Amsterdam Collector&#8217;s Edition"},"content":{"rendered":"<p>Les rues tranquilles d\u2019Amsterdam sont maintenant hant\u00e9es par le l\u00e9gendaire navire fant\u00f4me, Le Hollandais volant, qui est myst\u00e9rieusement r\u00e9apparu. La peur se r\u00e9pand dans toute la ville alors que des marins spectraux cherchent \u00e0 se venger.<br \/>\nL\u2019enqu\u00eatrice qualifi\u00e9e Agatha est convoqu\u00e9e pour distinguer la r\u00e9alit\u00e9 de la l\u00e9gende dans ce qui restera dans les m\u00e9moires comme son cas le plus d\u00e9routant. Les fronti\u00e8res entre le mythe et la v\u00e9rit\u00e9 s\u2019estompent au fur et \u00e0 mesure que vous naviguez dans des ruelles atmosph\u00e9riques, interrogez des t\u00e9moins et d\u00e9couvrez une conspiration complexe.<br \/>\nUne captivante aventure de puzzle d\u2019objets cach\u00e9s vous est propos\u00e9e, o\u00f9 des myst\u00e8res sont progressivement r\u00e9v\u00e9l\u00e9s et de sombres secrets sont d\u00e9couverts sous la fa\u00e7ade historique d\u2019Amsterdam.  <\/p>\n<p>&nbsp;<\/p>\n<p><strong>Caract\u00e9ristiques de l\u2019\u00e9dition collector<\/strong><\/p>\n<ul>\n<li>Un chapitre bonus ax\u00e9 sur les feux follets \u00e9nigmatiques est inclus<\/li>\n<li>Les puzzles et les mini-jeux d\u2019objets cach\u00e9s peuvent \u00eatre rejou\u00e9s sans limitations<\/li>\n<li>Des succ\u00e8s exclusifs sont d\u00e9bloqu\u00e9s \u00e0 travers des \u00e9nigmes difficiles<\/li>\n<li>Un guide de strat\u00e9gie complet, une bande-son obs\u00e9dante et de magnifiques illustrations sont fournis<\/li>\n<li>Des tr\u00e9sors de collection et des objets transformables sont cach\u00e9s partout pour am\u00e9liorer votre voyage<\/li>\n<\/ul>\n","protected":false},"excerpt":{"rendered":"<p>Explorez les rues \u00e9nigmatiques d\u2019Amsterdam en r\u00e9solvant un myst\u00e8re effrayant, r\u00e9v\u00e9lant de sombres complots cach\u00e9s dans les passages labyrinthiques et les coins oubli\u00e9s de la ville antique.<\/p>\n","protected":false},"author":17,"featured_media":128864,"comment_status":"open","ping_status":"closed","template":"","meta":{"_acf_changed":false,"inline_featured_image":false},"product_brand":[],"product_cat":[148,165],"product_tag":[287],"class_list":{"0":"post-128883","1":"product","2":"type-product","3":"status-publish","4":"has-post-thumbnail","6":"product_cat-adventure-fr","7":"product_cat-hidden-object-fr","8":"product_tag-play-on-pc-fr","10":"first","11":"instock","12":"shipping-taxable","13":"purchasable","14":"product-type-simple"},"acf":[],"yoast_head":"<!-- This site is optimized with the Yoast SEO Premium plugin v25.2 (Yoast SEO v25.2) - https:\/\/yoast.com\/wordpress\/plugins\/seo\/ -->\n<title>Ville sombre : Amsterdam CE | Myst\u00e8re obs\u00e9dant dans les rues sombres<\/title>\n<meta name=\"description\" content=\"Explorez les rues \u00e9nigmatiques d\u2019Amsterdam en r\u00e9solvant un myst\u00e8re effrayant, r\u00e9v\u00e9lant de sombres complots cach\u00e9s dans les passages labyrinthiques et les coins oubli\u00e9s de la ville antique.\" \/>\n<meta name=\"robots\" content=\"index, follow, max-snippet:-1, max-image-preview:large, max-video-preview:-1\" \/>\n<link rel=\"canonical\" href=\"https:\/\/www.iplay.com\/fr\/games\/dark-city-amsterdam-collectors-edition\/\" \/>\n<meta property=\"og:locale\" content=\"fr_FR\" \/>\n<meta property=\"og:type\" content=\"article\" \/>\n<meta property=\"og:title\" content=\"Dark City: Amsterdam Collector&#039;s Edition\" \/>\n<meta property=\"og:description\" content=\"Explorez les rues \u00e9nigmatiques d\u2019Amsterdam en r\u00e9solvant un myst\u00e8re effrayant, r\u00e9v\u00e9lant de sombres complots cach\u00e9s dans les passages labyrinthiques et les coins oubli\u00e9s de la ville antique.\" \/>\n<meta property=\"og:url\" content=\"https:\/\/www.iplay.com\/fr\/games\/dark-city-amsterdam-collectors-edition\/\" \/>\n<meta property=\"og:site_name\" content=\"IPlay\" \/>\n<meta property=\"article:modified_time\" content=\"2025-03-26T18:08:11+00:00\" \/>\n<meta property=\"og:image\" content=\"https:\/\/www.iplay.com\/wp-content\/uploads\/2025\/03\/dark_city_amsterdam_collectors_edition_large_video_screenshot.webp\" \/>\n\t<meta property=\"og:image:width\" content=\"715\" \/>\n\t<meta property=\"og:image:height\" content=\"485\" \/>\n\t<meta property=\"og:image:type\" content=\"image\/webp\" \/>\n<meta name=\"twitter:card\" content=\"summary_large_image\" \/>\n<meta name=\"twitter:label1\" content=\"Dur\u00e9e de lecture estim\u00e9e\" \/>\n\t<meta name=\"twitter:data1\" content=\"1 minute\" \/>\n<script type=\"application\/ld+json\" class=\"yoast-schema-graph\">{\"@context\":\"https:\/\/schema.org\",\"@graph\":[{\"@type\":\"WebPage\",\"@id\":\"https:\/\/www.iplay.com\/fr\/games\/dark-city-amsterdam-collectors-edition\/\",\"url\":\"https:\/\/www.iplay.com\/fr\/games\/dark-city-amsterdam-collectors-edition\/\",\"name\":\"Ville sombre : Amsterdam CE | Myst\u00e8re obs\u00e9dant dans les rues sombres\",\"isPartOf\":{\"@id\":\"https:\/\/www.iplay.com\/en\/#website\"},\"primaryImageOfPage\":{\"@id\":\"https:\/\/www.iplay.com\/fr\/games\/dark-city-amsterdam-collectors-edition\/#primaryimage\"},\"image\":{\"@id\":\"https:\/\/www.iplay.com\/fr\/games\/dark-city-amsterdam-collectors-edition\/#primaryimage\"},\"thumbnailUrl\":\"https:\/\/www.iplay.com\/wp-content\/uploads\/2025\/03\/dark_city_amsterdam_collectors_edition_large_square_tile_image.webp\",\"datePublished\":\"2025-03-26T09:30:46+00:00\",\"dateModified\":\"2025-03-26T18:08:11+00:00\",\"description\":\"Explorez les rues \u00e9nigmatiques d\u2019Amsterdam en r\u00e9solvant un myst\u00e8re effrayant, r\u00e9v\u00e9lant de sombres complots cach\u00e9s dans les passages labyrinthiques et les coins oubli\u00e9s de la ville antique.\",\"breadcrumb\":{\"@id\":\"https:\/\/www.iplay.com\/fr\/games\/dark-city-amsterdam-collectors-edition\/#breadcrumb\"},\"inLanguage\":\"fr-FR\",\"potentialAction\":[{\"@type\":\"ReadAction\",\"target\":[\"https:\/\/www.iplay.com\/fr\/games\/dark-city-amsterdam-collectors-edition\/\"]}]},{\"@type\":\"ImageObject\",\"inLanguage\":\"fr-FR\",\"@id\":\"https:\/\/www.iplay.com\/fr\/games\/dark-city-amsterdam-collectors-edition\/#primaryimage\",\"url\":\"https:\/\/www.iplay.com\/wp-content\/uploads\/2025\/03\/dark_city_amsterdam_collectors_edition_large_square_tile_image.webp\",\"contentUrl\":\"https:\/\/www.iplay.com\/wp-content\/uploads\/2025\/03\/dark_city_amsterdam_collectors_edition_large_square_tile_image.webp\",\"width\":310,\"height\":310},{\"@type\":\"BreadcrumbList\",\"@id\":\"https:\/\/www.iplay.com\/fr\/games\/dark-city-amsterdam-collectors-edition\/#breadcrumb\",\"itemListElement\":[{\"@type\":\"ListItem\",\"position\":1,\"name\":\"Home\",\"item\":\"https:\/\/www.iplay.com\/fr\/home-page-2\/\"},{\"@type\":\"ListItem\",\"position\":2,\"name\":\"Shop\",\"item\":\"https:\/\/www.iplay.com\/en\/shop\/\"},{\"@type\":\"ListItem\",\"position\":3,\"name\":\"Dark City: Amsterdam Collector&#8217;s Edition\"}]},{\"@type\":\"WebSite\",\"@id\":\"https:\/\/www.iplay.com\/en\/#website\",\"url\":\"https:\/\/www.iplay.com\/en\/\",\"name\":\"IPlay\",\"description\":\"The Best Casual Games!\",\"publisher\":{\"@id\":\"https:\/\/www.iplay.com\/en\/#organization\"},\"potentialAction\":[{\"@type\":\"SearchAction\",\"target\":{\"@type\":\"EntryPoint\",\"urlTemplate\":\"https:\/\/www.iplay.com\/en\/?s={search_term_string}\"},\"query-input\":{\"@type\":\"PropertyValueSpecification\",\"valueRequired\":true,\"valueName\":\"search_term_string\"}}],\"inLanguage\":\"fr-FR\"},{\"@type\":\"Organization\",\"@id\":\"https:\/\/www.iplay.com\/en\/#organization\",\"name\":\"IPlay\",\"url\":\"https:\/\/www.iplay.com\/en\/\",\"logo\":{\"@type\":\"ImageObject\",\"inLanguage\":\"fr-FR\",\"@id\":\"https:\/\/www.iplay.com\/en\/#\/schema\/logo\/image\/\",\"url\":\"https:\/\/www.iplay.com\/wp-content\/uploads\/2023\/11\/Group-6100.svg\",\"contentUrl\":\"https:\/\/www.iplay.com\/wp-content\/uploads\/2023\/11\/Group-6100.svg\",\"width\":98,\"height\":25,\"caption\":\"IPlay\"},\"image\":{\"@id\":\"https:\/\/www.iplay.com\/en\/#\/schema\/logo\/image\/\"}}]}<\/script>\n<!-- \/ Yoast SEO Premium plugin. -->","yoast_head_json":{"title":"Ville sombre : Amsterdam CE | Myst\u00e8re obs\u00e9dant dans les rues sombres","description":"Explorez les rues \u00e9nigmatiques d\u2019Amsterdam en r\u00e9solvant un myst\u00e8re effrayant, r\u00e9v\u00e9lant de sombres complots cach\u00e9s dans les passages labyrinthiques et les coins oubli\u00e9s de la ville antique.","robots":{"index":"index","follow":"follow","max-snippet":"max-snippet:-1","max-image-preview":"max-image-preview:large","max-video-preview":"max-video-preview:-1"},"canonical":"https:\/\/www.iplay.com\/fr\/games\/dark-city-amsterdam-collectors-edition\/","og_locale":"fr_FR","og_type":"article","og_title":"Dark City: Amsterdam Collector's Edition","og_description":"Explorez les rues \u00e9nigmatiques d\u2019Amsterdam en r\u00e9solvant un myst\u00e8re effrayant, r\u00e9v\u00e9lant de sombres complots cach\u00e9s dans les passages labyrinthiques et les coins oubli\u00e9s de la ville antique.","og_url":"https:\/\/www.iplay.com\/fr\/games\/dark-city-amsterdam-collectors-edition\/","og_site_name":"IPlay","article_modified_time":"2025-03-26T18:08:11+00:00","og_image":[{"width":715,"height":485,"url":"https:\/\/www.iplay.com\/wp-content\/uploads\/2025\/03\/dark_city_amsterdam_collectors_edition_large_video_screenshot.webp","type":"image\/webp"}],"twitter_card":"summary_large_image","twitter_misc":{"Dur\u00e9e de lecture estim\u00e9e":"1 minute"},"schema":{"@context":"https:\/\/schema.org","@graph":[{"@type":"WebPage","@id":"https:\/\/www.iplay.com\/fr\/games\/dark-city-amsterdam-collectors-edition\/","url":"https:\/\/www.iplay.com\/fr\/games\/dark-city-amsterdam-collectors-edition\/","name":"Ville sombre : Amsterdam CE | Myst\u00e8re obs\u00e9dant dans les rues sombres","isPartOf":{"@id":"https:\/\/www.iplay.com\/en\/#website"},"primaryImageOfPage":{"@id":"https:\/\/www.iplay.com\/fr\/games\/dark-city-amsterdam-collectors-edition\/#primaryimage"},"image":{"@id":"https:\/\/www.iplay.com\/fr\/games\/dark-city-amsterdam-collectors-edition\/#primaryimage"},"thumbnailUrl":"https:\/\/www.iplay.com\/wp-content\/uploads\/2025\/03\/dark_city_amsterdam_collectors_edition_large_square_tile_image.webp","datePublished":"2025-03-26T09:30:46+00:00","dateModified":"2025-03-26T18:08:11+00:00","description":"Explorez les rues \u00e9nigmatiques d\u2019Amsterdam en r\u00e9solvant un myst\u00e8re effrayant, r\u00e9v\u00e9lant de sombres complots cach\u00e9s dans les passages labyrinthiques et les coins oubli\u00e9s de la ville antique.","breadcrumb":{"@id":"https:\/\/www.iplay.com\/fr\/games\/dark-city-amsterdam-collectors-edition\/#breadcrumb"},"inLanguage":"fr-FR","potentialAction":[{"@type":"ReadAction","target":["https:\/\/www.iplay.com\/fr\/games\/dark-city-amsterdam-collectors-edition\/"]}]},{"@type":"ImageObject","inLanguage":"fr-FR","@id":"https:\/\/www.iplay.com\/fr\/games\/dark-city-amsterdam-collectors-edition\/#primaryimage","url":"https:\/\/www.iplay.com\/wp-content\/uploads\/2025\/03\/dark_city_amsterdam_collectors_edition_large_square_tile_image.webp","contentUrl":"https:\/\/www.iplay.com\/wp-content\/uploads\/2025\/03\/dark_city_amsterdam_collectors_edition_large_square_tile_image.webp","width":310,"height":310},{"@type":"BreadcrumbList","@id":"https:\/\/www.iplay.com\/fr\/games\/dark-city-amsterdam-collectors-edition\/#breadcrumb","itemListElement":[{"@type":"ListItem","position":1,"name":"Home","item":"https:\/\/www.iplay.com\/fr\/home-page-2\/"},{"@type":"ListItem","position":2,"name":"Shop","item":"https:\/\/www.iplay.com\/en\/shop\/"},{"@type":"ListItem","position":3,"name":"Dark City: Amsterdam Collector&#8217;s Edition"}]},{"@type":"WebSite","@id":"https:\/\/www.iplay.com\/en\/#website","url":"https:\/\/www.iplay.com\/en\/","name":"IPlay","description":"The Best Casual Games!","publisher":{"@id":"https:\/\/www.iplay.com\/en\/#organization"},"potentialAction":[{"@type":"SearchAction","target":{"@type":"EntryPoint","urlTemplate":"https:\/\/www.iplay.com\/en\/?s={search_term_string}"},"query-input":{"@type":"PropertyValueSpecification","valueRequired":true,"valueName":"search_term_string"}}],"inLanguage":"fr-FR"},{"@type":"Organization","@id":"https:\/\/www.iplay.com\/en\/#organization","name":"IPlay","url":"https:\/\/www.iplay.com\/en\/","logo":{"@type":"ImageObject","inLanguage":"fr-FR","@id":"https:\/\/www.iplay.com\/en\/#\/schema\/logo\/image\/","url":"https:\/\/www.iplay.com\/wp-content\/uploads\/2023\/11\/Group-6100.svg","contentUrl":"https:\/\/www.iplay.com\/wp-content\/uploads\/2023\/11\/Group-6100.svg","width":98,"height":25,"caption":"IPlay"},"image":{"@id":"https:\/\/www.iplay.com\/en\/#\/schema\/logo\/image\/"}}]}},"_links":{"self":[{"href":"https:\/\/www.iplay.com\/fr\/wp-json\/wp\/v2\/product\/128883","targetHints":{"allow":["GET"]}}],"collection":[{"href":"https:\/\/www.iplay.com\/fr\/wp-json\/wp\/v2\/product"}],"about":[{"href":"https:\/\/www.iplay.com\/fr\/wp-json\/wp\/v2\/types\/product"}],"author":[{"embeddable":true,"href":"https:\/\/www.iplay.com\/fr\/wp-json\/wp\/v2\/users\/17"}],"replies":[{"embeddable":true,"href":"https:\/\/www.iplay.com\/fr\/wp-json\/wp\/v2\/comments?post=128883"}],"wp:featuredmedia":[{"embeddable":true,"href":"https:\/\/www.iplay.com\/fr\/wp-json\/wp\/v2\/media\/128864"}],"wp:attachment":[{"href":"https:\/\/www.iplay.com\/fr\/wp-json\/wp\/v2\/media?parent=128883"}],"wp:term":[{"taxonomy":"product_brand","embeddable":true,"href":"https:\/\/www.iplay.com\/fr\/wp-json\/wp\/v2\/product_brand?post=128883"},{"taxonomy":"product_cat","embeddable":true,"href":"https:\/\/www.iplay.com\/fr\/wp-json\/wp\/v2\/product_cat?post=128883"},{"taxonomy":"product_tag","embeddable":true,"href":"https:\/\/www.iplay.com\/fr\/wp-json\/wp\/v2\/product_tag?post=128883"}],"curies":[{"name":"wp","href":"https:\/\/api.w.org\/{rel}","templated":true}]}}