{"id":128758,"date":"2024-02-02T00:00:59","date_gmt":"2024-02-02T00:00:59","guid":{"rendered":"https:\/\/www.iplay.com\/games\/gaslamp-cases-8-quest-for-the-relic\/"},"modified":"2024-02-02T00:00:59","modified_gmt":"2024-02-02T00:00:59","slug":"gaslamp-cases-8-quest-for-the-relic","status":"publish","type":"product","link":"https:\/\/www.iplay.com\/fr\/games\/gaslamp-cases-8-quest-for-the-relic\/","title":{"rendered":"Gaslamp Cases 8: Quest for the Relic"},"content":{"rendered":"<p>Au lendemain du chaos \u00e0 Londres, un nouveau myst\u00e8re \u00e9merge qui perturbe l\u2019ordre naturel du monde. L\u2019Inde est assaillie par de terribles calamit\u00e9s, avec l\u2019anarchie qui r\u00e8gne. Parvati, guide guide \u00e0 Varanasi, envoie Morgan Johnson, accompagn\u00e9 de Jack Brown et du mystique Tenzin, pour d\u00e9couvrir la v\u00e9rit\u00e9. Les cataclysmes qui s\u00e9vissent dans le monde sont attribu\u00e9s aux tr\u00e9sors sacr\u00e9s vol\u00e9s du Seigneur Shiva. Au cours de cinq chapitres captivants, ils traversent les myst\u00e9rieux Tib\u00e9tain et l\u2019Inde, d\u00e9m\u00ealant une terrible \u00e9nigme. Plongeant dans la mythologie ancienne et accompagnant Parvati \u00e0 travers le tumulte et les \u00e9v\u00e9nements surnaturels de l\u2019Inde, l\u2019histoire prend un tournant profond alors que le destin du monde est en jeu.     <\/p>\n<p>&nbsp;<\/p>\n<p><strong>Fonctionnalit\u00e9s<\/strong><\/p>\n<p>&nbsp;<\/p>\n<p>&#8211; Entrez dans un monde myst\u00e9rieux et r\u00e9solvez des myst\u00e8res<\/p>\n<p>&#8211; Jouez \u00e0 des jeux de match-3 et rassemblez des mat\u00e9riaux pour le r\u00e9cit.<\/p>\n<p>&#8211; Vingt am\u00e9liorations am\u00e9liorent les pouvoirs des personnages et d\u00e9voilent des couches.<\/p>\n<p>&#8211; Voyage passionnant pour r\u00e9tablir l\u2019\u00e9quilibre et rectifier les torts.<\/p>\n<p>&#8211; D\u00e9couvrez des artefacts, des myst\u00e8res et des alli\u00e9s.<\/p>\n","protected":false},"excerpt":{"rendered":"<p>Au lendemain du chaos \u00e0 Londres, un nouveau myst\u00e8re \u00e9merge qui perturbe l\u2019ordre naturel du monde. L\u2019Inde est assaillie par de terribles calamit\u00e9s, avec l\u2019anarchie qui r\u00e8gne. Parvati, guide guide \u00e0 Varanasi, envoie Morgan Johnson, accompagn\u00e9 de Jack Brown et du mystique Tenzin, pour d\u00e9couvrir la v\u00e9rit\u00e9. Les cataclysmes qui s\u00e9vissent dans le monde sont [&hellip;]<\/p>\n","protected":false},"author":42,"featured_media":124552,"comment_status":"open","ping_status":"closed","template":"","meta":{"_acf_changed":false,"inline_featured_image":false},"product_brand":[],"product_cat":[177],"product_tag":[287],"class_list":{"0":"post-128758","1":"product","2":"type-product","3":"status-publish","4":"has-post-thumbnail","6":"product_cat-match-3-fr","7":"product_tag-play-on-pc-fr","9":"first","10":"instock","11":"shipping-taxable","12":"purchasable","13":"product-type-simple"},"acf":[],"yoast_head":"<!-- This site is optimized with the Yoast SEO Premium plugin v25.2 (Yoast SEO v25.2) - https:\/\/yoast.com\/wordpress\/plugins\/seo\/ -->\n<title>Gaslamp Cases 8\u00a0: Quest for the Relic - R\u00e9solvez des \u00e9nigmes pour r\u00e9tablir l\u2019ordre<\/title>\n<meta name=\"description\" content=\"Au lendemain du chaos \u00e0 Londres, un nouveau myst\u00e8re \u00e9merge qui perturbe l\u2019ordre naturel du monde. L\u2019Inde est assaillie par de terribles calamit\u00e9s, avec\" \/>\n<meta name=\"robots\" content=\"index, follow, max-snippet:-1, max-image-preview:large, max-video-preview:-1\" \/>\n<link rel=\"canonical\" href=\"https:\/\/www.iplay.com\/fr\/games\/gaslamp-cases-8-quest-for-the-relic\/\" \/>\n<meta property=\"og:locale\" content=\"fr_FR\" \/>\n<meta property=\"og:type\" content=\"article\" \/>\n<meta property=\"og:title\" content=\"Gaslamp Cases 8: Quest for the Relic\" \/>\n<meta property=\"og:description\" content=\"Au lendemain du chaos \u00e0 Londres, un nouveau myst\u00e8re \u00e9merge qui perturbe l\u2019ordre naturel du monde. L\u2019Inde est assaillie par de terribles calamit\u00e9s, avec\" \/>\n<meta property=\"og:url\" content=\"https:\/\/www.iplay.com\/fr\/games\/gaslamp-cases-8-quest-for-the-relic\/\" \/>\n<meta property=\"og:site_name\" content=\"IPlay\" \/>\n<meta property=\"og:image\" content=\"https:\/\/www.iplay.com\/wp-content\/uploads\/2024\/02\/400x400-gaslamp_cases_8_-_quest_for_the_relic_large_square_tile_image.webp\" \/>\n\t<meta property=\"og:image:width\" content=\"400\" \/>\n\t<meta property=\"og:image:height\" content=\"400\" \/>\n\t<meta property=\"og:image:type\" content=\"image\/webp\" \/>\n<meta name=\"twitter:card\" content=\"summary_large_image\" \/>\n<meta name=\"twitter:label1\" content=\"Dur\u00e9e de lecture estim\u00e9e\" \/>\n\t<meta name=\"twitter:data1\" content=\"1 minute\" \/>\n<script type=\"application\/ld+json\" class=\"yoast-schema-graph\">{\"@context\":\"https:\/\/schema.org\",\"@graph\":[{\"@type\":\"WebPage\",\"@id\":\"https:\/\/www.iplay.com\/fr\/games\/gaslamp-cases-8-quest-for-the-relic\/\",\"url\":\"https:\/\/www.iplay.com\/fr\/games\/gaslamp-cases-8-quest-for-the-relic\/\",\"name\":\"Gaslamp Cases 8\u00a0: Quest for the Relic - R\u00e9solvez des \u00e9nigmes pour r\u00e9tablir l\u2019ordre\",\"isPartOf\":{\"@id\":\"https:\/\/www.iplay.com\/en\/#website\"},\"primaryImageOfPage\":{\"@id\":\"https:\/\/www.iplay.com\/fr\/games\/gaslamp-cases-8-quest-for-the-relic\/#primaryimage\"},\"image\":{\"@id\":\"https:\/\/www.iplay.com\/fr\/games\/gaslamp-cases-8-quest-for-the-relic\/#primaryimage\"},\"thumbnailUrl\":\"https:\/\/www.iplay.com\/wp-content\/uploads\/2024\/02\/400x400-gaslamp_cases_8_-_quest_for_the_relic_large_square_tile_image.webp\",\"datePublished\":\"2024-02-02T00:00:59+00:00\",\"description\":\"Au lendemain du chaos \u00e0 Londres, un nouveau myst\u00e8re \u00e9merge qui perturbe l\u2019ordre naturel du monde. L\u2019Inde est assaillie par de terribles calamit\u00e9s, avec\",\"breadcrumb\":{\"@id\":\"https:\/\/www.iplay.com\/fr\/games\/gaslamp-cases-8-quest-for-the-relic\/#breadcrumb\"},\"inLanguage\":\"fr-FR\",\"potentialAction\":[{\"@type\":\"ReadAction\",\"target\":[\"https:\/\/www.iplay.com\/fr\/games\/gaslamp-cases-8-quest-for-the-relic\/\"]}]},{\"@type\":\"ImageObject\",\"inLanguage\":\"fr-FR\",\"@id\":\"https:\/\/www.iplay.com\/fr\/games\/gaslamp-cases-8-quest-for-the-relic\/#primaryimage\",\"url\":\"https:\/\/www.iplay.com\/wp-content\/uploads\/2024\/02\/400x400-gaslamp_cases_8_-_quest_for_the_relic_large_square_tile_image.webp\",\"contentUrl\":\"https:\/\/www.iplay.com\/wp-content\/uploads\/2024\/02\/400x400-gaslamp_cases_8_-_quest_for_the_relic_large_square_tile_image.webp\",\"width\":400,\"height\":400},{\"@type\":\"BreadcrumbList\",\"@id\":\"https:\/\/www.iplay.com\/fr\/games\/gaslamp-cases-8-quest-for-the-relic\/#breadcrumb\",\"itemListElement\":[{\"@type\":\"ListItem\",\"position\":1,\"name\":\"Home\",\"item\":\"https:\/\/www.iplay.com\/fr\/home-page-2\/\"},{\"@type\":\"ListItem\",\"position\":2,\"name\":\"Shop\",\"item\":\"https:\/\/www.iplay.com\/en\/shop\/\"},{\"@type\":\"ListItem\",\"position\":3,\"name\":\"Gaslamp Cases 8: Quest for the Relic\"}]},{\"@type\":\"WebSite\",\"@id\":\"https:\/\/www.iplay.com\/en\/#website\",\"url\":\"https:\/\/www.iplay.com\/en\/\",\"name\":\"IPlay\",\"description\":\"The Best Casual Games!\",\"publisher\":{\"@id\":\"https:\/\/www.iplay.com\/en\/#organization\"},\"potentialAction\":[{\"@type\":\"SearchAction\",\"target\":{\"@type\":\"EntryPoint\",\"urlTemplate\":\"https:\/\/www.iplay.com\/en\/?s={search_term_string}\"},\"query-input\":{\"@type\":\"PropertyValueSpecification\",\"valueRequired\":true,\"valueName\":\"search_term_string\"}}],\"inLanguage\":\"fr-FR\"},{\"@type\":\"Organization\",\"@id\":\"https:\/\/www.iplay.com\/en\/#organization\",\"name\":\"IPlay\",\"url\":\"https:\/\/www.iplay.com\/en\/\",\"logo\":{\"@type\":\"ImageObject\",\"inLanguage\":\"fr-FR\",\"@id\":\"https:\/\/www.iplay.com\/en\/#\/schema\/logo\/image\/\",\"url\":\"https:\/\/www.iplay.com\/wp-content\/uploads\/2023\/11\/Group-6100.svg\",\"contentUrl\":\"https:\/\/www.iplay.com\/wp-content\/uploads\/2023\/11\/Group-6100.svg\",\"width\":98,\"height\":25,\"caption\":\"IPlay\"},\"image\":{\"@id\":\"https:\/\/www.iplay.com\/en\/#\/schema\/logo\/image\/\"}}]}<\/script>\n<!-- \/ Yoast SEO Premium plugin. -->","yoast_head_json":{"title":"Gaslamp Cases 8\u00a0: Quest for the Relic - R\u00e9solvez des \u00e9nigmes pour r\u00e9tablir l\u2019ordre","description":"Au lendemain du chaos \u00e0 Londres, un nouveau myst\u00e8re \u00e9merge qui perturbe l\u2019ordre naturel du monde. L\u2019Inde est assaillie par de terribles calamit\u00e9s, avec","robots":{"index":"index","follow":"follow","max-snippet":"max-snippet:-1","max-image-preview":"max-image-preview:large","max-video-preview":"max-video-preview:-1"},"canonical":"https:\/\/www.iplay.com\/fr\/games\/gaslamp-cases-8-quest-for-the-relic\/","og_locale":"fr_FR","og_type":"article","og_title":"Gaslamp Cases 8: Quest for the Relic","og_description":"Au lendemain du chaos \u00e0 Londres, un nouveau myst\u00e8re \u00e9merge qui perturbe l\u2019ordre naturel du monde. L\u2019Inde est assaillie par de terribles calamit\u00e9s, avec","og_url":"https:\/\/www.iplay.com\/fr\/games\/gaslamp-cases-8-quest-for-the-relic\/","og_site_name":"IPlay","og_image":[{"width":400,"height":400,"url":"https:\/\/www.iplay.com\/wp-content\/uploads\/2024\/02\/400x400-gaslamp_cases_8_-_quest_for_the_relic_large_square_tile_image.webp","type":"image\/webp"}],"twitter_card":"summary_large_image","twitter_misc":{"Dur\u00e9e de lecture estim\u00e9e":"1 minute"},"schema":{"@context":"https:\/\/schema.org","@graph":[{"@type":"WebPage","@id":"https:\/\/www.iplay.com\/fr\/games\/gaslamp-cases-8-quest-for-the-relic\/","url":"https:\/\/www.iplay.com\/fr\/games\/gaslamp-cases-8-quest-for-the-relic\/","name":"Gaslamp Cases 8\u00a0: Quest for the Relic - R\u00e9solvez des \u00e9nigmes pour r\u00e9tablir l\u2019ordre","isPartOf":{"@id":"https:\/\/www.iplay.com\/en\/#website"},"primaryImageOfPage":{"@id":"https:\/\/www.iplay.com\/fr\/games\/gaslamp-cases-8-quest-for-the-relic\/#primaryimage"},"image":{"@id":"https:\/\/www.iplay.com\/fr\/games\/gaslamp-cases-8-quest-for-the-relic\/#primaryimage"},"thumbnailUrl":"https:\/\/www.iplay.com\/wp-content\/uploads\/2024\/02\/400x400-gaslamp_cases_8_-_quest_for_the_relic_large_square_tile_image.webp","datePublished":"2024-02-02T00:00:59+00:00","description":"Au lendemain du chaos \u00e0 Londres, un nouveau myst\u00e8re \u00e9merge qui perturbe l\u2019ordre naturel du monde. L\u2019Inde est assaillie par de terribles calamit\u00e9s, avec","breadcrumb":{"@id":"https:\/\/www.iplay.com\/fr\/games\/gaslamp-cases-8-quest-for-the-relic\/#breadcrumb"},"inLanguage":"fr-FR","potentialAction":[{"@type":"ReadAction","target":["https:\/\/www.iplay.com\/fr\/games\/gaslamp-cases-8-quest-for-the-relic\/"]}]},{"@type":"ImageObject","inLanguage":"fr-FR","@id":"https:\/\/www.iplay.com\/fr\/games\/gaslamp-cases-8-quest-for-the-relic\/#primaryimage","url":"https:\/\/www.iplay.com\/wp-content\/uploads\/2024\/02\/400x400-gaslamp_cases_8_-_quest_for_the_relic_large_square_tile_image.webp","contentUrl":"https:\/\/www.iplay.com\/wp-content\/uploads\/2024\/02\/400x400-gaslamp_cases_8_-_quest_for_the_relic_large_square_tile_image.webp","width":400,"height":400},{"@type":"BreadcrumbList","@id":"https:\/\/www.iplay.com\/fr\/games\/gaslamp-cases-8-quest-for-the-relic\/#breadcrumb","itemListElement":[{"@type":"ListItem","position":1,"name":"Home","item":"https:\/\/www.iplay.com\/fr\/home-page-2\/"},{"@type":"ListItem","position":2,"name":"Shop","item":"https:\/\/www.iplay.com\/en\/shop\/"},{"@type":"ListItem","position":3,"name":"Gaslamp Cases 8: Quest for the Relic"}]},{"@type":"WebSite","@id":"https:\/\/www.iplay.com\/en\/#website","url":"https:\/\/www.iplay.com\/en\/","name":"IPlay","description":"The Best Casual Games!","publisher":{"@id":"https:\/\/www.iplay.com\/en\/#organization"},"potentialAction":[{"@type":"SearchAction","target":{"@type":"EntryPoint","urlTemplate":"https:\/\/www.iplay.com\/en\/?s={search_term_string}"},"query-input":{"@type":"PropertyValueSpecification","valueRequired":true,"valueName":"search_term_string"}}],"inLanguage":"fr-FR"},{"@type":"Organization","@id":"https:\/\/www.iplay.com\/en\/#organization","name":"IPlay","url":"https:\/\/www.iplay.com\/en\/","logo":{"@type":"ImageObject","inLanguage":"fr-FR","@id":"https:\/\/www.iplay.com\/en\/#\/schema\/logo\/image\/","url":"https:\/\/www.iplay.com\/wp-content\/uploads\/2023\/11\/Group-6100.svg","contentUrl":"https:\/\/www.iplay.com\/wp-content\/uploads\/2023\/11\/Group-6100.svg","width":98,"height":25,"caption":"IPlay"},"image":{"@id":"https:\/\/www.iplay.com\/en\/#\/schema\/logo\/image\/"}}]}},"_links":{"self":[{"href":"https:\/\/www.iplay.com\/fr\/wp-json\/wp\/v2\/product\/128758","targetHints":{"allow":["GET"]}}],"collection":[{"href":"https:\/\/www.iplay.com\/fr\/wp-json\/wp\/v2\/product"}],"about":[{"href":"https:\/\/www.iplay.com\/fr\/wp-json\/wp\/v2\/types\/product"}],"author":[{"embeddable":true,"href":"https:\/\/www.iplay.com\/fr\/wp-json\/wp\/v2\/users\/42"}],"replies":[{"embeddable":true,"href":"https:\/\/www.iplay.com\/fr\/wp-json\/wp\/v2\/comments?post=128758"}],"wp:featuredmedia":[{"embeddable":true,"href":"https:\/\/www.iplay.com\/fr\/wp-json\/wp\/v2\/media\/124552"}],"wp:attachment":[{"href":"https:\/\/www.iplay.com\/fr\/wp-json\/wp\/v2\/media?parent=128758"}],"wp:term":[{"taxonomy":"product_brand","embeddable":true,"href":"https:\/\/www.iplay.com\/fr\/wp-json\/wp\/v2\/product_brand?post=128758"},{"taxonomy":"product_cat","embeddable":true,"href":"https:\/\/www.iplay.com\/fr\/wp-json\/wp\/v2\/product_cat?post=128758"},{"taxonomy":"product_tag","embeddable":true,"href":"https:\/\/www.iplay.com\/fr\/wp-json\/wp\/v2\/product_tag?post=128758"}],"curies":[{"name":"wp","href":"https:\/\/api.w.org\/{rel}","templated":true}]}}