{"id":128745,"date":"2024-02-09T00:00:05","date_gmt":"2024-02-09T00:00:05","guid":{"rendered":"https:\/\/www.iplay.com\/games\/travel-cuisine-3-the-sea-of-flavours-collectors-edition\/"},"modified":"2024-02-09T00:00:05","modified_gmt":"2024-02-09T00:00:05","slug":"travel-cuisine-3-the-sea-of-flavours-collectors-edition","status":"publish","type":"product","link":"https:\/\/www.iplay.com\/fr\/games\/travel-cuisine-3-the-sea-of-flavours-collectors-edition\/","title":{"rendered":"Travel Cuisine 3 The Sea of Flavours Collector&#8217;s Edition"},"content":{"rendered":"<p>Matthew et Tammy sont des restaurateurs prosp\u00e8res. Bien que leurs souhaits se soient r\u00e9alis\u00e9s, ils ont encore un nouveau voyage et une nouvelle exp\u00e9rience \u00e0 attendre avec impatience. Les h\u00e9ros entreprennent des vacances bien m\u00e9rit\u00e9es en bateau de croisi\u00e8re, au cours desquelles Matthew est sur le point de prendre une d\u00e9cision importante dans sa vie. Cependant, de nouveaux probl\u00e8mes se posent aux restaurateurs, ce qui les retarde. Tammy et Matthew r\u00e9ussiront-ils \u00e0 nourrir tout le navire et \u00e0 emp\u00eacher la croisi\u00e8re de s\u2019effondrer, et cela entrera-t-il en conflit avec les objectifs non identifi\u00e9s de Matt ? Apprenez-en plus dans notre r\u00e9cit captivant. Beaucoup d\u2019\u00e9motions seront v\u00e9cues en naviguant sur les eaux du monde, alors soyez pr\u00eat ! D\u00e9couvrez tous les secrets culinaires et savourez au maximum ce voyage !       <\/p>\n<p>&nbsp;<\/p>\n<p><strong>Fonctionnalit\u00e9s<\/strong><\/p>\n<p>&nbsp;<\/p>\n<p>&#8211; Aidez Tammy et Matt \u00e0 pr\u00e9server leur croisi\u00e8re mondiale !<\/p>\n<p>&#8211; Plus de cinquante niveaux avec une grande vari\u00e9t\u00e9 d\u2019objectifs.<\/p>\n<p>&#8211; Une exp\u00e9rience de jeu incroyable pour tous les \u00e2ges.<\/p>\n<p>&#8211; Simple \u00e0 apprendre, complexit\u00e9 croissante.<\/p>\n<p>&#8211; Excellente nourriture et restaurants tr\u00e8s attrayants !<\/p>\n","protected":false},"excerpt":{"rendered":"<p>Naviguez \u00e0 la d\u00e9couverte des saveurs du monde avec Matthew et Tammy dans Travel Cuisine 3 CE !<\/p>\n","protected":false},"author":13,"featured_media":124636,"comment_status":"open","ping_status":"closed","template":"","meta":{"_acf_changed":false,"inline_featured_image":false},"product_brand":[],"product_cat":[216],"product_tag":[287,314],"class_list":{"0":"post-128745","1":"product","2":"type-product","3":"status-publish","4":"has-post-thumbnail","6":"product_cat-time-management-fr","7":"product_tag-play-on-pc-fr","8":"product_tag-travel-cuisine-series-fr","10":"first","11":"instock","12":"shipping-taxable","13":"purchasable","14":"product-type-simple"},"acf":[],"yoast_head":"<!-- This site is optimized with the Yoast SEO Premium plugin v25.2 (Yoast SEO v25.2) - https:\/\/yoast.com\/wordpress\/plugins\/seo\/ -->\n<title>Travel Cuisine 3 La Mer des Saveurs Edition Collector - Naviguez sur les saveurs du monde dans Travel Cuisine 3 CE<\/title>\n<meta name=\"description\" content=\"Naviguez \u00e0 la d\u00e9couverte des saveurs du monde avec Matthew et Tammy dans Travel Cuisine 3 CE !\" \/>\n<meta name=\"robots\" content=\"index, follow, max-snippet:-1, max-image-preview:large, max-video-preview:-1\" \/>\n<link rel=\"canonical\" href=\"https:\/\/www.iplay.com\/fr\/games\/travel-cuisine-3-the-sea-of-flavours-collectors-edition\/\" \/>\n<meta property=\"og:locale\" content=\"fr_FR\" \/>\n<meta property=\"og:type\" content=\"article\" \/>\n<meta property=\"og:title\" content=\"Travel Cuisine 3 The Sea of Flavours Collector&#039;s Edition\" \/>\n<meta property=\"og:description\" content=\"Naviguez \u00e0 la d\u00e9couverte des saveurs du monde avec Matthew et Tammy dans Travel Cuisine 3 CE !\" \/>\n<meta property=\"og:url\" content=\"https:\/\/www.iplay.com\/fr\/games\/travel-cuisine-3-the-sea-of-flavours-collectors-edition\/\" \/>\n<meta property=\"og:site_name\" content=\"IPlay\" \/>\n<meta property=\"og:image\" content=\"https:\/\/www.iplay.com\/wp-content\/uploads\/2024\/02\/400x400-travel_cuisine_3_-_the_sea_of_flavours_ce_large_square_tile_image.webp\" \/>\n\t<meta property=\"og:image:width\" content=\"400\" \/>\n\t<meta property=\"og:image:height\" content=\"400\" \/>\n\t<meta property=\"og:image:type\" content=\"image\/webp\" \/>\n<meta name=\"twitter:card\" content=\"summary_large_image\" \/>\n<meta name=\"twitter:label1\" content=\"Dur\u00e9e de lecture estim\u00e9e\" \/>\n\t<meta name=\"twitter:data1\" content=\"1 minute\" \/>\n<script type=\"application\/ld+json\" class=\"yoast-schema-graph\">{\"@context\":\"https:\/\/schema.org\",\"@graph\":[{\"@type\":\"WebPage\",\"@id\":\"https:\/\/www.iplay.com\/fr\/games\/travel-cuisine-3-the-sea-of-flavours-collectors-edition\/\",\"url\":\"https:\/\/www.iplay.com\/fr\/games\/travel-cuisine-3-the-sea-of-flavours-collectors-edition\/\",\"name\":\"Travel Cuisine 3 La Mer des Saveurs Edition Collector - Naviguez sur les saveurs du monde dans Travel Cuisine 3 CE\",\"isPartOf\":{\"@id\":\"https:\/\/www.iplay.com\/en\/#website\"},\"primaryImageOfPage\":{\"@id\":\"https:\/\/www.iplay.com\/fr\/games\/travel-cuisine-3-the-sea-of-flavours-collectors-edition\/#primaryimage\"},\"image\":{\"@id\":\"https:\/\/www.iplay.com\/fr\/games\/travel-cuisine-3-the-sea-of-flavours-collectors-edition\/#primaryimage\"},\"thumbnailUrl\":\"https:\/\/www.iplay.com\/wp-content\/uploads\/2024\/02\/400x400-travel_cuisine_3_-_the_sea_of_flavours_ce_large_square_tile_image.webp\",\"datePublished\":\"2024-02-09T00:00:05+00:00\",\"description\":\"Naviguez \u00e0 la d\u00e9couverte des saveurs du monde avec Matthew et Tammy dans Travel Cuisine 3 CE !\",\"breadcrumb\":{\"@id\":\"https:\/\/www.iplay.com\/fr\/games\/travel-cuisine-3-the-sea-of-flavours-collectors-edition\/#breadcrumb\"},\"inLanguage\":\"fr-FR\",\"potentialAction\":[{\"@type\":\"ReadAction\",\"target\":[\"https:\/\/www.iplay.com\/fr\/games\/travel-cuisine-3-the-sea-of-flavours-collectors-edition\/\"]}]},{\"@type\":\"ImageObject\",\"inLanguage\":\"fr-FR\",\"@id\":\"https:\/\/www.iplay.com\/fr\/games\/travel-cuisine-3-the-sea-of-flavours-collectors-edition\/#primaryimage\",\"url\":\"https:\/\/www.iplay.com\/wp-content\/uploads\/2024\/02\/400x400-travel_cuisine_3_-_the_sea_of_flavours_ce_large_square_tile_image.webp\",\"contentUrl\":\"https:\/\/www.iplay.com\/wp-content\/uploads\/2024\/02\/400x400-travel_cuisine_3_-_the_sea_of_flavours_ce_large_square_tile_image.webp\",\"width\":400,\"height\":400},{\"@type\":\"BreadcrumbList\",\"@id\":\"https:\/\/www.iplay.com\/fr\/games\/travel-cuisine-3-the-sea-of-flavours-collectors-edition\/#breadcrumb\",\"itemListElement\":[{\"@type\":\"ListItem\",\"position\":1,\"name\":\"Home\",\"item\":\"https:\/\/www.iplay.com\/fr\/home-page-2\/\"},{\"@type\":\"ListItem\",\"position\":2,\"name\":\"Shop\",\"item\":\"https:\/\/www.iplay.com\/en\/shop\/\"},{\"@type\":\"ListItem\",\"position\":3,\"name\":\"Travel Cuisine 3 The Sea of Flavours Collector&#8217;s Edition\"}]},{\"@type\":\"WebSite\",\"@id\":\"https:\/\/www.iplay.com\/en\/#website\",\"url\":\"https:\/\/www.iplay.com\/en\/\",\"name\":\"IPlay\",\"description\":\"The Best Casual Games!\",\"publisher\":{\"@id\":\"https:\/\/www.iplay.com\/en\/#organization\"},\"potentialAction\":[{\"@type\":\"SearchAction\",\"target\":{\"@type\":\"EntryPoint\",\"urlTemplate\":\"https:\/\/www.iplay.com\/en\/?s={search_term_string}\"},\"query-input\":{\"@type\":\"PropertyValueSpecification\",\"valueRequired\":true,\"valueName\":\"search_term_string\"}}],\"inLanguage\":\"fr-FR\"},{\"@type\":\"Organization\",\"@id\":\"https:\/\/www.iplay.com\/en\/#organization\",\"name\":\"IPlay\",\"url\":\"https:\/\/www.iplay.com\/en\/\",\"logo\":{\"@type\":\"ImageObject\",\"inLanguage\":\"fr-FR\",\"@id\":\"https:\/\/www.iplay.com\/en\/#\/schema\/logo\/image\/\",\"url\":\"https:\/\/www.iplay.com\/wp-content\/uploads\/2023\/11\/Group-6100.svg\",\"contentUrl\":\"https:\/\/www.iplay.com\/wp-content\/uploads\/2023\/11\/Group-6100.svg\",\"width\":98,\"height\":25,\"caption\":\"IPlay\"},\"image\":{\"@id\":\"https:\/\/www.iplay.com\/en\/#\/schema\/logo\/image\/\"}}]}<\/script>\n<!-- \/ Yoast SEO Premium plugin. -->","yoast_head_json":{"title":"Travel Cuisine 3 La Mer des Saveurs Edition Collector - Naviguez sur les saveurs du monde dans Travel Cuisine 3 CE","description":"Naviguez \u00e0 la d\u00e9couverte des saveurs du monde avec Matthew et Tammy dans Travel Cuisine 3 CE !","robots":{"index":"index","follow":"follow","max-snippet":"max-snippet:-1","max-image-preview":"max-image-preview:large","max-video-preview":"max-video-preview:-1"},"canonical":"https:\/\/www.iplay.com\/fr\/games\/travel-cuisine-3-the-sea-of-flavours-collectors-edition\/","og_locale":"fr_FR","og_type":"article","og_title":"Travel Cuisine 3 The Sea of Flavours Collector's Edition","og_description":"Naviguez \u00e0 la d\u00e9couverte des saveurs du monde avec Matthew et Tammy dans Travel Cuisine 3 CE !","og_url":"https:\/\/www.iplay.com\/fr\/games\/travel-cuisine-3-the-sea-of-flavours-collectors-edition\/","og_site_name":"IPlay","og_image":[{"width":400,"height":400,"url":"https:\/\/www.iplay.com\/wp-content\/uploads\/2024\/02\/400x400-travel_cuisine_3_-_the_sea_of_flavours_ce_large_square_tile_image.webp","type":"image\/webp"}],"twitter_card":"summary_large_image","twitter_misc":{"Dur\u00e9e de lecture estim\u00e9e":"1 minute"},"schema":{"@context":"https:\/\/schema.org","@graph":[{"@type":"WebPage","@id":"https:\/\/www.iplay.com\/fr\/games\/travel-cuisine-3-the-sea-of-flavours-collectors-edition\/","url":"https:\/\/www.iplay.com\/fr\/games\/travel-cuisine-3-the-sea-of-flavours-collectors-edition\/","name":"Travel Cuisine 3 La Mer des Saveurs Edition Collector - Naviguez sur les saveurs du monde dans Travel Cuisine 3 CE","isPartOf":{"@id":"https:\/\/www.iplay.com\/en\/#website"},"primaryImageOfPage":{"@id":"https:\/\/www.iplay.com\/fr\/games\/travel-cuisine-3-the-sea-of-flavours-collectors-edition\/#primaryimage"},"image":{"@id":"https:\/\/www.iplay.com\/fr\/games\/travel-cuisine-3-the-sea-of-flavours-collectors-edition\/#primaryimage"},"thumbnailUrl":"https:\/\/www.iplay.com\/wp-content\/uploads\/2024\/02\/400x400-travel_cuisine_3_-_the_sea_of_flavours_ce_large_square_tile_image.webp","datePublished":"2024-02-09T00:00:05+00:00","description":"Naviguez \u00e0 la d\u00e9couverte des saveurs du monde avec Matthew et Tammy dans Travel Cuisine 3 CE !","breadcrumb":{"@id":"https:\/\/www.iplay.com\/fr\/games\/travel-cuisine-3-the-sea-of-flavours-collectors-edition\/#breadcrumb"},"inLanguage":"fr-FR","potentialAction":[{"@type":"ReadAction","target":["https:\/\/www.iplay.com\/fr\/games\/travel-cuisine-3-the-sea-of-flavours-collectors-edition\/"]}]},{"@type":"ImageObject","inLanguage":"fr-FR","@id":"https:\/\/www.iplay.com\/fr\/games\/travel-cuisine-3-the-sea-of-flavours-collectors-edition\/#primaryimage","url":"https:\/\/www.iplay.com\/wp-content\/uploads\/2024\/02\/400x400-travel_cuisine_3_-_the_sea_of_flavours_ce_large_square_tile_image.webp","contentUrl":"https:\/\/www.iplay.com\/wp-content\/uploads\/2024\/02\/400x400-travel_cuisine_3_-_the_sea_of_flavours_ce_large_square_tile_image.webp","width":400,"height":400},{"@type":"BreadcrumbList","@id":"https:\/\/www.iplay.com\/fr\/games\/travel-cuisine-3-the-sea-of-flavours-collectors-edition\/#breadcrumb","itemListElement":[{"@type":"ListItem","position":1,"name":"Home","item":"https:\/\/www.iplay.com\/fr\/home-page-2\/"},{"@type":"ListItem","position":2,"name":"Shop","item":"https:\/\/www.iplay.com\/en\/shop\/"},{"@type":"ListItem","position":3,"name":"Travel Cuisine 3 The Sea of Flavours Collector&#8217;s Edition"}]},{"@type":"WebSite","@id":"https:\/\/www.iplay.com\/en\/#website","url":"https:\/\/www.iplay.com\/en\/","name":"IPlay","description":"The Best Casual Games!","publisher":{"@id":"https:\/\/www.iplay.com\/en\/#organization"},"potentialAction":[{"@type":"SearchAction","target":{"@type":"EntryPoint","urlTemplate":"https:\/\/www.iplay.com\/en\/?s={search_term_string}"},"query-input":{"@type":"PropertyValueSpecification","valueRequired":true,"valueName":"search_term_string"}}],"inLanguage":"fr-FR"},{"@type":"Organization","@id":"https:\/\/www.iplay.com\/en\/#organization","name":"IPlay","url":"https:\/\/www.iplay.com\/en\/","logo":{"@type":"ImageObject","inLanguage":"fr-FR","@id":"https:\/\/www.iplay.com\/en\/#\/schema\/logo\/image\/","url":"https:\/\/www.iplay.com\/wp-content\/uploads\/2023\/11\/Group-6100.svg","contentUrl":"https:\/\/www.iplay.com\/wp-content\/uploads\/2023\/11\/Group-6100.svg","width":98,"height":25,"caption":"IPlay"},"image":{"@id":"https:\/\/www.iplay.com\/en\/#\/schema\/logo\/image\/"}}]}},"_links":{"self":[{"href":"https:\/\/www.iplay.com\/fr\/wp-json\/wp\/v2\/product\/128745","targetHints":{"allow":["GET"]}}],"collection":[{"href":"https:\/\/www.iplay.com\/fr\/wp-json\/wp\/v2\/product"}],"about":[{"href":"https:\/\/www.iplay.com\/fr\/wp-json\/wp\/v2\/types\/product"}],"author":[{"embeddable":true,"href":"https:\/\/www.iplay.com\/fr\/wp-json\/wp\/v2\/users\/13"}],"replies":[{"embeddable":true,"href":"https:\/\/www.iplay.com\/fr\/wp-json\/wp\/v2\/comments?post=128745"}],"wp:featuredmedia":[{"embeddable":true,"href":"https:\/\/www.iplay.com\/fr\/wp-json\/wp\/v2\/media\/124636"}],"wp:attachment":[{"href":"https:\/\/www.iplay.com\/fr\/wp-json\/wp\/v2\/media?parent=128745"}],"wp:term":[{"taxonomy":"product_brand","embeddable":true,"href":"https:\/\/www.iplay.com\/fr\/wp-json\/wp\/v2\/product_brand?post=128745"},{"taxonomy":"product_cat","embeddable":true,"href":"https:\/\/www.iplay.com\/fr\/wp-json\/wp\/v2\/product_cat?post=128745"},{"taxonomy":"product_tag","embeddable":true,"href":"https:\/\/www.iplay.com\/fr\/wp-json\/wp\/v2\/product_tag?post=128745"}],"curies":[{"name":"wp","href":"https:\/\/api.w.org\/{rel}","templated":true}]}}