{"id":128596,"date":"2024-04-05T08:00:05","date_gmt":"2024-04-05T08:00:05","guid":{"rendered":"https:\/\/www.iplay.com\/games\/criminal-archives-murder-in-the-pages-ce\/"},"modified":"2024-04-05T08:00:05","modified_gmt":"2024-04-05T08:00:05","slug":"criminal-archives-murder-in-the-pages-ce","status":"publish","type":"product","link":"https:\/\/www.iplay.com\/fr\/games\/criminal-archives-murder-in-the-pages-ce\/","title":{"rendered":"Criminal Archives: Murder in the Pages CE"},"content":{"rendered":"<p>Un journaliste sp\u00e9cialis\u00e9 dans les affaires criminelles est recherch\u00e9, charg\u00e9 de faire la chronique des rencontres les plus singuli\u00e8res. Des meurtres font l\u2019objet d\u2019enqu\u00eates, des criminels sont poursuivis, tout cela dans le but d\u2019am\u00e9liorer le niveau de vie de la ville par la police de San Francisco. Les doutes concernant l\u2019existence des d\u00e9mons sont dissip\u00e9s d\u2019un simple coup d\u2019\u0153il aux articles que vous avez r\u00e9dig\u00e9s, r\u00e9v\u00e9lant leur pr\u00e9sence clandestine parmi nous. Pendant ce temps, les machinations des soci\u00e9t\u00e9s secr\u00e8tes persistent, et l\u2019insaisissable auteur masqu\u00e9 d\u2019un hibou continue de d\u00e9jouer les forces de l\u2019ordre.   <\/p>\n<p>Damian Crow, le c\u00e9l\u00e8bre auteur, demande votre aide alors que le chaos d\u00e9peint dans ses romans policiers se r\u00e9pand dans les rues de la ville. Tous les meurtres peuvent-ils \u00eatre d\u00e9m\u00eal\u00e9s et les malfaiteurs appr\u00e9hend\u00e9s ? <\/p>\n<p>&nbsp;<\/p>\n<p><strong>Fonctionnalit\u00e9s<\/strong><\/p>\n<ul>\n<li>Des preuves bizarres sont amass\u00e9es pour d\u00e9chiffrer les crimes horribles.<\/li>\n<li>D\u00e9couvrez la signification du symbole du hibou et d\u00e9voilez la v\u00e9rit\u00e9.<\/li>\n<li>D\u00e9mantelez les op\u00e9rations des factions secr\u00e8tes et d\u00e9noncez-les.<\/li>\n<li>Donnez du pouvoir \u00e0 la population en \u00e9crivant votre propre r\u00e9cit !<\/li>\n<\/ul>\n","protected":false},"excerpt":{"rendered":"<p>D\u00e9couvrez des indices, arr\u00eatez le tueur &#8211; Personne ne peut \u00e9chapper \u00e0 votre examen dans Archives criminelles&nbsp;: Meurtre dans les Pages \u00c9dition Collector.<\/p>\n","protected":false},"author":52,"featured_media":122526,"comment_status":"open","ping_status":"closed","template":"","meta":{"_acf_changed":false,"inline_featured_image":false},"product_brand":[],"product_cat":[165],"product_tag":[287],"class_list":{"0":"post-128596","1":"product","2":"type-product","3":"status-publish","4":"has-post-thumbnail","6":"product_cat-hidden-object-fr","7":"product_tag-play-on-pc-fr","9":"first","10":"instock","11":"shipping-taxable","12":"purchasable","13":"product-type-simple"},"acf":[],"yoast_head":"<!-- This site is optimized with the Yoast SEO Premium plugin v25.2 (Yoast SEO v25.2) - https:\/\/yoast.com\/wordpress\/plugins\/seo\/ -->\n<title>Archives criminelles\u00a0: Meurtre dans les pages CE - D\u00e9couvrez des indices, arr\u00eatez le tueur ! Personne ne peut \u00e9chapper \u00e0 votre examen<\/title>\n<meta name=\"description\" content=\"D\u00e9couvrez des indices, arr\u00eatez le tueur - Personne ne peut \u00e9chapper \u00e0 votre examen dans Archives criminelles&nbsp;: Meurtre dans les Pages \u00c9dition Collector.\" \/>\n<meta name=\"robots\" content=\"index, follow, max-snippet:-1, max-image-preview:large, max-video-preview:-1\" \/>\n<link rel=\"canonical\" href=\"https:\/\/www.iplay.com\/fr\/games\/criminal-archives-murder-in-the-pages-ce\/\" \/>\n<meta property=\"og:locale\" content=\"fr_FR\" \/>\n<meta property=\"og:type\" content=\"article\" \/>\n<meta property=\"og:title\" content=\"Criminal Archives: Murder in the Pages CE\" \/>\n<meta property=\"og:description\" content=\"D\u00e9couvrez des indices, arr\u00eatez le tueur - Personne ne peut \u00e9chapper \u00e0 votre examen dans Archives criminelles&nbsp;: Meurtre dans les Pages \u00c9dition Collector.\" \/>\n<meta property=\"og:url\" content=\"https:\/\/www.iplay.com\/fr\/games\/criminal-archives-murder-in-the-pages-ce\/\" \/>\n<meta property=\"og:site_name\" content=\"IPlay\" \/>\n<meta property=\"og:image\" content=\"https:\/\/www.iplay.com\/wp-content\/uploads\/2024\/08\/criminal_archives_murder_in_the_pages_ce_large_square_tile_image.jpg\" \/>\n\t<meta property=\"og:image:width\" content=\"715\" \/>\n\t<meta property=\"og:image:height\" content=\"485\" \/>\n\t<meta property=\"og:image:type\" content=\"image\/jpeg\" \/>\n<meta name=\"twitter:card\" content=\"summary_large_image\" \/>\n<meta name=\"twitter:label1\" content=\"Dur\u00e9e de lecture estim\u00e9e\" \/>\n\t<meta name=\"twitter:data1\" content=\"1 minute\" \/>\n<script type=\"application\/ld+json\" class=\"yoast-schema-graph\">{\"@context\":\"https:\/\/schema.org\",\"@graph\":[{\"@type\":\"WebPage\",\"@id\":\"https:\/\/www.iplay.com\/fr\/games\/criminal-archives-murder-in-the-pages-ce\/\",\"url\":\"https:\/\/www.iplay.com\/fr\/games\/criminal-archives-murder-in-the-pages-ce\/\",\"name\":\"Archives criminelles\u00a0: Meurtre dans les pages CE - D\u00e9couvrez des indices, arr\u00eatez le tueur ! Personne ne peut \u00e9chapper \u00e0 votre examen\",\"isPartOf\":{\"@id\":\"https:\/\/www.iplay.com\/en\/#website\"},\"primaryImageOfPage\":{\"@id\":\"https:\/\/www.iplay.com\/fr\/games\/criminal-archives-murder-in-the-pages-ce\/#primaryimage\"},\"image\":{\"@id\":\"https:\/\/www.iplay.com\/fr\/games\/criminal-archives-murder-in-the-pages-ce\/#primaryimage\"},\"thumbnailUrl\":\"https:\/\/www.iplay.com\/wp-content\/uploads\/2024\/08\/criminal_archives_murder_in_the_pages_ce_large_square_tile_image.jpg\",\"datePublished\":\"2024-04-05T08:00:05+00:00\",\"description\":\"D\u00e9couvrez des indices, arr\u00eatez le tueur - Personne ne peut \u00e9chapper \u00e0 votre examen dans Archives criminelles&nbsp;: Meurtre dans les Pages \u00c9dition Collector.\",\"breadcrumb\":{\"@id\":\"https:\/\/www.iplay.com\/fr\/games\/criminal-archives-murder-in-the-pages-ce\/#breadcrumb\"},\"inLanguage\":\"fr-FR\",\"potentialAction\":[{\"@type\":\"ReadAction\",\"target\":[\"https:\/\/www.iplay.com\/fr\/games\/criminal-archives-murder-in-the-pages-ce\/\"]}]},{\"@type\":\"ImageObject\",\"inLanguage\":\"fr-FR\",\"@id\":\"https:\/\/www.iplay.com\/fr\/games\/criminal-archives-murder-in-the-pages-ce\/#primaryimage\",\"url\":\"https:\/\/www.iplay.com\/wp-content\/uploads\/2024\/08\/criminal_archives_murder_in_the_pages_ce_large_square_tile_image.jpg\",\"contentUrl\":\"https:\/\/www.iplay.com\/wp-content\/uploads\/2024\/08\/criminal_archives_murder_in_the_pages_ce_large_square_tile_image.jpg\",\"width\":715,\"height\":485},{\"@type\":\"BreadcrumbList\",\"@id\":\"https:\/\/www.iplay.com\/fr\/games\/criminal-archives-murder-in-the-pages-ce\/#breadcrumb\",\"itemListElement\":[{\"@type\":\"ListItem\",\"position\":1,\"name\":\"Home\",\"item\":\"https:\/\/www.iplay.com\/fr\/home-page-2\/\"},{\"@type\":\"ListItem\",\"position\":2,\"name\":\"Shop\",\"item\":\"https:\/\/www.iplay.com\/en\/shop\/\"},{\"@type\":\"ListItem\",\"position\":3,\"name\":\"Criminal Archives: Murder in the Pages CE\"}]},{\"@type\":\"WebSite\",\"@id\":\"https:\/\/www.iplay.com\/en\/#website\",\"url\":\"https:\/\/www.iplay.com\/en\/\",\"name\":\"IPlay\",\"description\":\"The Best Casual Games!\",\"publisher\":{\"@id\":\"https:\/\/www.iplay.com\/en\/#organization\"},\"potentialAction\":[{\"@type\":\"SearchAction\",\"target\":{\"@type\":\"EntryPoint\",\"urlTemplate\":\"https:\/\/www.iplay.com\/en\/?s={search_term_string}\"},\"query-input\":{\"@type\":\"PropertyValueSpecification\",\"valueRequired\":true,\"valueName\":\"search_term_string\"}}],\"inLanguage\":\"fr-FR\"},{\"@type\":\"Organization\",\"@id\":\"https:\/\/www.iplay.com\/en\/#organization\",\"name\":\"IPlay\",\"url\":\"https:\/\/www.iplay.com\/en\/\",\"logo\":{\"@type\":\"ImageObject\",\"inLanguage\":\"fr-FR\",\"@id\":\"https:\/\/www.iplay.com\/en\/#\/schema\/logo\/image\/\",\"url\":\"https:\/\/www.iplay.com\/wp-content\/uploads\/2023\/11\/Group-6100.svg\",\"contentUrl\":\"https:\/\/www.iplay.com\/wp-content\/uploads\/2023\/11\/Group-6100.svg\",\"width\":98,\"height\":25,\"caption\":\"IPlay\"},\"image\":{\"@id\":\"https:\/\/www.iplay.com\/en\/#\/schema\/logo\/image\/\"}}]}<\/script>\n<!-- \/ Yoast SEO Premium plugin. -->","yoast_head_json":{"title":"Archives criminelles\u00a0: Meurtre dans les pages CE - D\u00e9couvrez des indices, arr\u00eatez le tueur ! Personne ne peut \u00e9chapper \u00e0 votre examen","description":"D\u00e9couvrez des indices, arr\u00eatez le tueur - Personne ne peut \u00e9chapper \u00e0 votre examen dans Archives criminelles&nbsp;: Meurtre dans les Pages \u00c9dition Collector.","robots":{"index":"index","follow":"follow","max-snippet":"max-snippet:-1","max-image-preview":"max-image-preview:large","max-video-preview":"max-video-preview:-1"},"canonical":"https:\/\/www.iplay.com\/fr\/games\/criminal-archives-murder-in-the-pages-ce\/","og_locale":"fr_FR","og_type":"article","og_title":"Criminal Archives: Murder in the Pages CE","og_description":"D\u00e9couvrez des indices, arr\u00eatez le tueur - Personne ne peut \u00e9chapper \u00e0 votre examen dans Archives criminelles&nbsp;: Meurtre dans les Pages \u00c9dition Collector.","og_url":"https:\/\/www.iplay.com\/fr\/games\/criminal-archives-murder-in-the-pages-ce\/","og_site_name":"IPlay","og_image":[{"width":715,"height":485,"url":"https:\/\/www.iplay.com\/wp-content\/uploads\/2024\/08\/criminal_archives_murder_in_the_pages_ce_large_square_tile_image.jpg","type":"image\/jpeg"}],"twitter_card":"summary_large_image","twitter_misc":{"Dur\u00e9e de lecture estim\u00e9e":"1 minute"},"schema":{"@context":"https:\/\/schema.org","@graph":[{"@type":"WebPage","@id":"https:\/\/www.iplay.com\/fr\/games\/criminal-archives-murder-in-the-pages-ce\/","url":"https:\/\/www.iplay.com\/fr\/games\/criminal-archives-murder-in-the-pages-ce\/","name":"Archives criminelles\u00a0: Meurtre dans les pages CE - D\u00e9couvrez des indices, arr\u00eatez le tueur ! Personne ne peut \u00e9chapper \u00e0 votre examen","isPartOf":{"@id":"https:\/\/www.iplay.com\/en\/#website"},"primaryImageOfPage":{"@id":"https:\/\/www.iplay.com\/fr\/games\/criminal-archives-murder-in-the-pages-ce\/#primaryimage"},"image":{"@id":"https:\/\/www.iplay.com\/fr\/games\/criminal-archives-murder-in-the-pages-ce\/#primaryimage"},"thumbnailUrl":"https:\/\/www.iplay.com\/wp-content\/uploads\/2024\/08\/criminal_archives_murder_in_the_pages_ce_large_square_tile_image.jpg","datePublished":"2024-04-05T08:00:05+00:00","description":"D\u00e9couvrez des indices, arr\u00eatez le tueur - Personne ne peut \u00e9chapper \u00e0 votre examen dans Archives criminelles&nbsp;: Meurtre dans les Pages \u00c9dition Collector.","breadcrumb":{"@id":"https:\/\/www.iplay.com\/fr\/games\/criminal-archives-murder-in-the-pages-ce\/#breadcrumb"},"inLanguage":"fr-FR","potentialAction":[{"@type":"ReadAction","target":["https:\/\/www.iplay.com\/fr\/games\/criminal-archives-murder-in-the-pages-ce\/"]}]},{"@type":"ImageObject","inLanguage":"fr-FR","@id":"https:\/\/www.iplay.com\/fr\/games\/criminal-archives-murder-in-the-pages-ce\/#primaryimage","url":"https:\/\/www.iplay.com\/wp-content\/uploads\/2024\/08\/criminal_archives_murder_in_the_pages_ce_large_square_tile_image.jpg","contentUrl":"https:\/\/www.iplay.com\/wp-content\/uploads\/2024\/08\/criminal_archives_murder_in_the_pages_ce_large_square_tile_image.jpg","width":715,"height":485},{"@type":"BreadcrumbList","@id":"https:\/\/www.iplay.com\/fr\/games\/criminal-archives-murder-in-the-pages-ce\/#breadcrumb","itemListElement":[{"@type":"ListItem","position":1,"name":"Home","item":"https:\/\/www.iplay.com\/fr\/home-page-2\/"},{"@type":"ListItem","position":2,"name":"Shop","item":"https:\/\/www.iplay.com\/en\/shop\/"},{"@type":"ListItem","position":3,"name":"Criminal Archives: Murder in the Pages CE"}]},{"@type":"WebSite","@id":"https:\/\/www.iplay.com\/en\/#website","url":"https:\/\/www.iplay.com\/en\/","name":"IPlay","description":"The Best Casual Games!","publisher":{"@id":"https:\/\/www.iplay.com\/en\/#organization"},"potentialAction":[{"@type":"SearchAction","target":{"@type":"EntryPoint","urlTemplate":"https:\/\/www.iplay.com\/en\/?s={search_term_string}"},"query-input":{"@type":"PropertyValueSpecification","valueRequired":true,"valueName":"search_term_string"}}],"inLanguage":"fr-FR"},{"@type":"Organization","@id":"https:\/\/www.iplay.com\/en\/#organization","name":"IPlay","url":"https:\/\/www.iplay.com\/en\/","logo":{"@type":"ImageObject","inLanguage":"fr-FR","@id":"https:\/\/www.iplay.com\/en\/#\/schema\/logo\/image\/","url":"https:\/\/www.iplay.com\/wp-content\/uploads\/2023\/11\/Group-6100.svg","contentUrl":"https:\/\/www.iplay.com\/wp-content\/uploads\/2023\/11\/Group-6100.svg","width":98,"height":25,"caption":"IPlay"},"image":{"@id":"https:\/\/www.iplay.com\/en\/#\/schema\/logo\/image\/"}}]}},"_links":{"self":[{"href":"https:\/\/www.iplay.com\/fr\/wp-json\/wp\/v2\/product\/128596","targetHints":{"allow":["GET"]}}],"collection":[{"href":"https:\/\/www.iplay.com\/fr\/wp-json\/wp\/v2\/product"}],"about":[{"href":"https:\/\/www.iplay.com\/fr\/wp-json\/wp\/v2\/types\/product"}],"author":[{"embeddable":true,"href":"https:\/\/www.iplay.com\/fr\/wp-json\/wp\/v2\/users\/52"}],"replies":[{"embeddable":true,"href":"https:\/\/www.iplay.com\/fr\/wp-json\/wp\/v2\/comments?post=128596"}],"wp:featuredmedia":[{"embeddable":true,"href":"https:\/\/www.iplay.com\/fr\/wp-json\/wp\/v2\/media\/122526"}],"wp:attachment":[{"href":"https:\/\/www.iplay.com\/fr\/wp-json\/wp\/v2\/media?parent=128596"}],"wp:term":[{"taxonomy":"product_brand","embeddable":true,"href":"https:\/\/www.iplay.com\/fr\/wp-json\/wp\/v2\/product_brand?post=128596"},{"taxonomy":"product_cat","embeddable":true,"href":"https:\/\/www.iplay.com\/fr\/wp-json\/wp\/v2\/product_cat?post=128596"},{"taxonomy":"product_tag","embeddable":true,"href":"https:\/\/www.iplay.com\/fr\/wp-json\/wp\/v2\/product_tag?post=128596"}],"curies":[{"name":"wp","href":"https:\/\/api.w.org\/{rel}","templated":true}]}}