{"id":128339,"date":"2024-07-12T14:06:41","date_gmt":"2024-07-12T14:06:41","guid":{"rendered":"https:\/\/www.iplay.com\/games\/stickman-fighter-epic-battle-2\/"},"modified":"2024-07-12T14:06:41","modified_gmt":"2024-07-12T14:06:41","slug":"stickman-fighter-epic-battle-2","status":"publish","type":"product","link":"https:\/\/www.iplay.com\/fr\/games\/stickman-fighter-epic-battle-2\/","title":{"rendered":"Stickman Fighter Epic Battle 2"},"content":{"rendered":"<p>L\u2019autod\u00e9fense et les attaques contre des hordes de combattants stickman sont n\u00e9cessaires.<\/p>\n<p>Tous doivent \u00eatre tu\u00e9s. Une foule de stickmen ren\u00e9gats a commenc\u00e9 \u00e0 kidnapper des gens. <\/p>\n<p>Vous \u00eates leur dernier espoir : un combattant d\u2019arts martiaux super bien entra\u00een\u00e9. Des armes puissantes doivent \u00eatre utilis\u00e9es pour arr\u00eater les ennemis. <\/p>\n<p>La situation peut prendre fin, mais ce sera une bataille \u00e9pique. L\u2019autod\u00e9fense et les coups de pied de tous les ennemis sont n\u00e9cessaires, quoi qu\u2019il arrive. <\/p>\n<p>Il faut faire face \u00e0 de nombreux guerriers. La victoire finale doit \u00eatre men\u00e9e par votre stickman. <\/p>\n<p>Une pl\u00e9thore d\u2019armes diff\u00e9rentes est disponible, y compris des \u00e9p\u00e9es, des matraques, le marteau de Thor, des faux spectres, des gourdins uniques, le tulwar d\u2019Ali Baba, le cimeterre de Sinbad, la carabine de grand-p\u00e8re, la masse \u00e0 pointes \u00e9toil\u00e9es de Barana, la canne de Gandalf, des parapluies bulgares, des masses \u00e0 deux mains, La Guitarra, des balais Nimbus 3000, des haches lourdes d\u00e9capitatrices, des b\u00e2tons ninja bo, des lances de Lancelot, des \u00e9p\u00e9es de gladiateur, des tridents de Pos\u00e9idon, des \u00e9p\u00e9es de ma\u00eetre, des \u00e9p\u00e9es de Zangetsu, des \u00e9p\u00e9es Buster,  Les lames les plus fines de Hattori Hanzo, et bien d\u2019autres.<\/p>\n<p>Chaque arme a des caract\u00e9ristiques uniques, n\u00e9cessitant un jeu judicieux pour vaincre l\u2019ennemi.<\/p>\n<p>Assurez-vous que les ennemis ne vous donnent pas de coups de pied ou de poing, sinon la mort est certaine.<\/p>\n<p>Stickman Fighter&nbsp;: Epic Battle 2 est un jeu d\u2019adresse et de vitesse, n\u00e9cessitant l\u2019encha\u00eenement de prises, de coups de pied et de coups de poing.<\/p>\n","protected":false},"excerpt":{"rendered":"<p>D\u00e9fendez-vous et attaquez des hordes de combattants stickman. Tuez-les tous ! <\/p>\n","protected":false},"author":333,"featured_media":120138,"comment_status":"open","ping_status":"closed","template":"","meta":{"_acf_changed":false,"inline_featured_image":false},"product_brand":[],"product_cat":[151,179],"product_tag":[285,305,287],"class_list":{"0":"post-128339","1":"product","2":"type-product","3":"status-publish","4":"has-post-thumbnail","6":"product_cat-arcade-fr","7":"product_cat-mobile-games-fr","8":"product_tag-play-on-mac-fr","9":"product_tag-play-on-mobile-fr","10":"product_tag-play-on-pc-fr","12":"first","13":"instock","14":"shipping-taxable","15":"purchasable","16":"product-type-html5_game"},"acf":[],"yoast_head":"<!-- This site is optimized with the Yoast SEO Premium plugin v25.2 (Yoast SEO v25.2) - https:\/\/yoast.com\/wordpress\/plugins\/seo\/ -->\n<title>Stickman Fighter Epic Battle 2 - Jouez sur IPlay<\/title>\n<meta name=\"description\" content=\"D\u00e9fendez-vous et attaquez des hordes de combattants stickman. Tuez-les tous !\" \/>\n<meta name=\"robots\" content=\"index, follow, max-snippet:-1, max-image-preview:large, max-video-preview:-1\" \/>\n<link rel=\"canonical\" href=\"https:\/\/www.iplay.com\/fr\/games\/stickman-fighter-epic-battle-2\/\" \/>\n<meta property=\"og:locale\" content=\"fr_FR\" \/>\n<meta property=\"og:type\" content=\"article\" \/>\n<meta property=\"og:title\" content=\"Stickman Fighter Epic Battle 2\" \/>\n<meta property=\"og:description\" content=\"D\u00e9fendez-vous et attaquez des hordes de combattants stickman. Tuez-les tous !\" \/>\n<meta property=\"og:url\" content=\"https:\/\/www.iplay.com\/fr\/games\/stickman-fighter-epic-battle-2\/\" \/>\n<meta property=\"og:site_name\" content=\"IPlay\" \/>\n<meta property=\"og:image\" content=\"https:\/\/www.iplay.com\/wp-content\/uploads\/2024\/07\/ban-stickmanFighterEpicBattle2-310x310-1.webp\" \/>\n\t<meta property=\"og:image:width\" content=\"715\" \/>\n\t<meta property=\"og:image:height\" content=\"485\" \/>\n\t<meta property=\"og:image:type\" content=\"image\/webp\" \/>\n<meta name=\"twitter:card\" content=\"summary_large_image\" \/>\n<meta name=\"twitter:label1\" content=\"Dur\u00e9e de lecture estim\u00e9e\" \/>\n\t<meta name=\"twitter:data1\" content=\"1 minute\" \/>\n<script type=\"application\/ld+json\" class=\"yoast-schema-graph\">{\"@context\":\"https:\/\/schema.org\",\"@graph\":[{\"@type\":\"WebPage\",\"@id\":\"https:\/\/www.iplay.com\/fr\/games\/stickman-fighter-epic-battle-2\/\",\"url\":\"https:\/\/www.iplay.com\/fr\/games\/stickman-fighter-epic-battle-2\/\",\"name\":\"Stickman Fighter Epic Battle 2 - Jouez sur IPlay\",\"isPartOf\":{\"@id\":\"https:\/\/www.iplay.com\/en\/#website\"},\"primaryImageOfPage\":{\"@id\":\"https:\/\/www.iplay.com\/fr\/games\/stickman-fighter-epic-battle-2\/#primaryimage\"},\"image\":{\"@id\":\"https:\/\/www.iplay.com\/fr\/games\/stickman-fighter-epic-battle-2\/#primaryimage\"},\"thumbnailUrl\":\"https:\/\/www.iplay.com\/wp-content\/uploads\/2024\/07\/ban-stickmanFighterEpicBattle2-310x310-1.webp\",\"datePublished\":\"2024-07-12T14:06:41+00:00\",\"description\":\"D\u00e9fendez-vous et attaquez des hordes de combattants stickman. Tuez-les tous !\",\"breadcrumb\":{\"@id\":\"https:\/\/www.iplay.com\/fr\/games\/stickman-fighter-epic-battle-2\/#breadcrumb\"},\"inLanguage\":\"fr-FR\",\"potentialAction\":[{\"@type\":\"ReadAction\",\"target\":[\"https:\/\/www.iplay.com\/fr\/games\/stickman-fighter-epic-battle-2\/\"]}]},{\"@type\":\"ImageObject\",\"inLanguage\":\"fr-FR\",\"@id\":\"https:\/\/www.iplay.com\/fr\/games\/stickman-fighter-epic-battle-2\/#primaryimage\",\"url\":\"https:\/\/www.iplay.com\/wp-content\/uploads\/2024\/07\/ban-stickmanFighterEpicBattle2-310x310-1.webp\",\"contentUrl\":\"https:\/\/www.iplay.com\/wp-content\/uploads\/2024\/07\/ban-stickmanFighterEpicBattle2-310x310-1.webp\",\"width\":715,\"height\":485},{\"@type\":\"BreadcrumbList\",\"@id\":\"https:\/\/www.iplay.com\/fr\/games\/stickman-fighter-epic-battle-2\/#breadcrumb\",\"itemListElement\":[{\"@type\":\"ListItem\",\"position\":1,\"name\":\"Home\",\"item\":\"https:\/\/www.iplay.com\/fr\/home-page-2\/\"},{\"@type\":\"ListItem\",\"position\":2,\"name\":\"Shop\",\"item\":\"https:\/\/www.iplay.com\/en\/shop\/\"},{\"@type\":\"ListItem\",\"position\":3,\"name\":\"Stickman Fighter Epic Battle 2\"}]},{\"@type\":\"WebSite\",\"@id\":\"https:\/\/www.iplay.com\/en\/#website\",\"url\":\"https:\/\/www.iplay.com\/en\/\",\"name\":\"IPlay\",\"description\":\"The Best Casual Games!\",\"publisher\":{\"@id\":\"https:\/\/www.iplay.com\/en\/#organization\"},\"potentialAction\":[{\"@type\":\"SearchAction\",\"target\":{\"@type\":\"EntryPoint\",\"urlTemplate\":\"https:\/\/www.iplay.com\/en\/?s={search_term_string}\"},\"query-input\":{\"@type\":\"PropertyValueSpecification\",\"valueRequired\":true,\"valueName\":\"search_term_string\"}}],\"inLanguage\":\"fr-FR\"},{\"@type\":\"Organization\",\"@id\":\"https:\/\/www.iplay.com\/en\/#organization\",\"name\":\"IPlay\",\"url\":\"https:\/\/www.iplay.com\/en\/\",\"logo\":{\"@type\":\"ImageObject\",\"inLanguage\":\"fr-FR\",\"@id\":\"https:\/\/www.iplay.com\/en\/#\/schema\/logo\/image\/\",\"url\":\"https:\/\/www.iplay.com\/wp-content\/uploads\/2023\/11\/Group-6100.svg\",\"contentUrl\":\"https:\/\/www.iplay.com\/wp-content\/uploads\/2023\/11\/Group-6100.svg\",\"width\":98,\"height\":25,\"caption\":\"IPlay\"},\"image\":{\"@id\":\"https:\/\/www.iplay.com\/en\/#\/schema\/logo\/image\/\"}}]}<\/script>\n<!-- \/ Yoast SEO Premium plugin. -->","yoast_head_json":{"title":"Stickman Fighter Epic Battle 2 - Jouez sur IPlay","description":"D\u00e9fendez-vous et attaquez des hordes de combattants stickman. Tuez-les tous !","robots":{"index":"index","follow":"follow","max-snippet":"max-snippet:-1","max-image-preview":"max-image-preview:large","max-video-preview":"max-video-preview:-1"},"canonical":"https:\/\/www.iplay.com\/fr\/games\/stickman-fighter-epic-battle-2\/","og_locale":"fr_FR","og_type":"article","og_title":"Stickman Fighter Epic Battle 2","og_description":"D\u00e9fendez-vous et attaquez des hordes de combattants stickman. Tuez-les tous !","og_url":"https:\/\/www.iplay.com\/fr\/games\/stickman-fighter-epic-battle-2\/","og_site_name":"IPlay","og_image":[{"width":715,"height":485,"url":"https:\/\/www.iplay.com\/wp-content\/uploads\/2024\/07\/ban-stickmanFighterEpicBattle2-310x310-1.webp","type":"image\/webp"}],"twitter_card":"summary_large_image","twitter_misc":{"Dur\u00e9e de lecture estim\u00e9e":"1 minute"},"schema":{"@context":"https:\/\/schema.org","@graph":[{"@type":"WebPage","@id":"https:\/\/www.iplay.com\/fr\/games\/stickman-fighter-epic-battle-2\/","url":"https:\/\/www.iplay.com\/fr\/games\/stickman-fighter-epic-battle-2\/","name":"Stickman Fighter Epic Battle 2 - Jouez sur IPlay","isPartOf":{"@id":"https:\/\/www.iplay.com\/en\/#website"},"primaryImageOfPage":{"@id":"https:\/\/www.iplay.com\/fr\/games\/stickman-fighter-epic-battle-2\/#primaryimage"},"image":{"@id":"https:\/\/www.iplay.com\/fr\/games\/stickman-fighter-epic-battle-2\/#primaryimage"},"thumbnailUrl":"https:\/\/www.iplay.com\/wp-content\/uploads\/2024\/07\/ban-stickmanFighterEpicBattle2-310x310-1.webp","datePublished":"2024-07-12T14:06:41+00:00","description":"D\u00e9fendez-vous et attaquez des hordes de combattants stickman. Tuez-les tous !","breadcrumb":{"@id":"https:\/\/www.iplay.com\/fr\/games\/stickman-fighter-epic-battle-2\/#breadcrumb"},"inLanguage":"fr-FR","potentialAction":[{"@type":"ReadAction","target":["https:\/\/www.iplay.com\/fr\/games\/stickman-fighter-epic-battle-2\/"]}]},{"@type":"ImageObject","inLanguage":"fr-FR","@id":"https:\/\/www.iplay.com\/fr\/games\/stickman-fighter-epic-battle-2\/#primaryimage","url":"https:\/\/www.iplay.com\/wp-content\/uploads\/2024\/07\/ban-stickmanFighterEpicBattle2-310x310-1.webp","contentUrl":"https:\/\/www.iplay.com\/wp-content\/uploads\/2024\/07\/ban-stickmanFighterEpicBattle2-310x310-1.webp","width":715,"height":485},{"@type":"BreadcrumbList","@id":"https:\/\/www.iplay.com\/fr\/games\/stickman-fighter-epic-battle-2\/#breadcrumb","itemListElement":[{"@type":"ListItem","position":1,"name":"Home","item":"https:\/\/www.iplay.com\/fr\/home-page-2\/"},{"@type":"ListItem","position":2,"name":"Shop","item":"https:\/\/www.iplay.com\/en\/shop\/"},{"@type":"ListItem","position":3,"name":"Stickman Fighter Epic Battle 2"}]},{"@type":"WebSite","@id":"https:\/\/www.iplay.com\/en\/#website","url":"https:\/\/www.iplay.com\/en\/","name":"IPlay","description":"The Best Casual Games!","publisher":{"@id":"https:\/\/www.iplay.com\/en\/#organization"},"potentialAction":[{"@type":"SearchAction","target":{"@type":"EntryPoint","urlTemplate":"https:\/\/www.iplay.com\/en\/?s={search_term_string}"},"query-input":{"@type":"PropertyValueSpecification","valueRequired":true,"valueName":"search_term_string"}}],"inLanguage":"fr-FR"},{"@type":"Organization","@id":"https:\/\/www.iplay.com\/en\/#organization","name":"IPlay","url":"https:\/\/www.iplay.com\/en\/","logo":{"@type":"ImageObject","inLanguage":"fr-FR","@id":"https:\/\/www.iplay.com\/en\/#\/schema\/logo\/image\/","url":"https:\/\/www.iplay.com\/wp-content\/uploads\/2023\/11\/Group-6100.svg","contentUrl":"https:\/\/www.iplay.com\/wp-content\/uploads\/2023\/11\/Group-6100.svg","width":98,"height":25,"caption":"IPlay"},"image":{"@id":"https:\/\/www.iplay.com\/en\/#\/schema\/logo\/image\/"}}]}},"_links":{"self":[{"href":"https:\/\/www.iplay.com\/fr\/wp-json\/wp\/v2\/product\/128339","targetHints":{"allow":["GET"]}}],"collection":[{"href":"https:\/\/www.iplay.com\/fr\/wp-json\/wp\/v2\/product"}],"about":[{"href":"https:\/\/www.iplay.com\/fr\/wp-json\/wp\/v2\/types\/product"}],"author":[{"embeddable":true,"href":"https:\/\/www.iplay.com\/fr\/wp-json\/wp\/v2\/users\/333"}],"replies":[{"embeddable":true,"href":"https:\/\/www.iplay.com\/fr\/wp-json\/wp\/v2\/comments?post=128339"}],"wp:featuredmedia":[{"embeddable":true,"href":"https:\/\/www.iplay.com\/fr\/wp-json\/wp\/v2\/media\/120138"}],"wp:attachment":[{"href":"https:\/\/www.iplay.com\/fr\/wp-json\/wp\/v2\/media?parent=128339"}],"wp:term":[{"taxonomy":"product_brand","embeddable":true,"href":"https:\/\/www.iplay.com\/fr\/wp-json\/wp\/v2\/product_brand?post=128339"},{"taxonomy":"product_cat","embeddable":true,"href":"https:\/\/www.iplay.com\/fr\/wp-json\/wp\/v2\/product_cat?post=128339"},{"taxonomy":"product_tag","embeddable":true,"href":"https:\/\/www.iplay.com\/fr\/wp-json\/wp\/v2\/product_tag?post=128339"}],"curies":[{"name":"wp","href":"https:\/\/api.w.org\/{rel}","templated":true}]}}