{"id":127759,"date":"2024-08-12T09:00:08","date_gmt":"2024-08-12T09:00:08","guid":{"rendered":"https:\/\/www.iplay.com\/games\/lovely-laruaville-volume-1\/"},"modified":"2025-06-12T12:11:45","modified_gmt":"2025-06-12T12:11:45","slug":"lovely-laruaville-volume-1","status":"publish","type":"product","link":"https:\/\/www.iplay.com\/fr\/games\/lovely-laruaville-volume-1\/","title":{"rendered":"Lovely Laruaville &#8211; Volume 1"},"content":{"rendered":"<p>Les sympathiques fant\u00f4mes sont de retour, impatients de trouver de nouveaux endroits o\u00f9 r\u00e9sider. Leur voyage les a conduits dans une vall\u00e9e pittoresque au bord de la mer, mais ils ont rencontr\u00e9 un ph\u00e9nom\u00e8ne inhabituel : les saisons restent inchang\u00e9es dans ce havre de tranquillit\u00e9. La t\u00e2che de restaurer le cycle des saisons vous incombe maintenant. Un village entier doit \u00eatre construit pour donner vie au printemps, \u00e0 l\u2019\u00e9t\u00e9, \u00e0 l\u2019automne et \u00e0 l\u2019hiver, avec tous les \u00e9l\u00e9ments qu\u2019ils impliquent : la pluie, le vent, la neige et le soleil. Votre aide est n\u00e9cessaire pour orner la ville fant\u00f4me de la beaut\u00e9 et du charme de chaque saison.    <\/p>\n<p>&nbsp;<\/p>\n<p><strong>Fonctionnalit\u00e9s<\/strong><\/p>\n<ul>\n<li>Trois jeux Laruaville captivants combin\u00e9s dans un pack fantastique :\n<ul>\n<li>Laruaville<\/li>\n<li>Laruaville 2<\/li>\n<li>Laruaville 3<\/li>\n<\/ul>\n<\/li>\n<\/ul>\n","protected":false},"excerpt":{"rendered":"<p>Prenez le temps d\u2019aider les sympathiques fant\u00f4mes \u00e0 captiver &#8211; <strong>Lovely Laruaville &#8211; Volume 1<\/strong><\/p>\n","protected":false},"author":40,"featured_media":38788,"comment_status":"open","ping_status":"closed","template":"","meta":{"_acf_changed":false,"inline_featured_image":false},"product_brand":[],"product_cat":[177],"product_tag":[287],"class_list":{"0":"post-127759","1":"product","2":"type-product","3":"status-publish","4":"has-post-thumbnail","6":"product_cat-match-3-fr","7":"product_tag-play-on-pc-fr","9":"first","10":"instock","11":"shipping-taxable","12":"purchasable","13":"product-type-simple"},"acf":[],"yoast_head":"<!-- This site is optimized with the Yoast SEO Premium plugin v25.2 (Yoast SEO v25.2) - https:\/\/yoast.com\/wordpress\/plugins\/seo\/ -->\n<title>Lovely Laruaville - Vol. 1 - Prenez le temps d\u2019aider les gentils fant\u00f4mes\u00a0!<\/title>\n<meta name=\"description\" content=\"Prenez le temps d\u2019aider les sympathiques fant\u00f4mes \u00e0 captiver - Lovely Laruaville - Volume 1\" \/>\n<meta name=\"robots\" content=\"index, follow, max-snippet:-1, max-image-preview:large, max-video-preview:-1\" \/>\n<link rel=\"canonical\" href=\"https:\/\/www.iplay.com\/fr\/games\/lovely-laruaville-volume-1\/\" \/>\n<meta property=\"og:locale\" content=\"fr_FR\" \/>\n<meta property=\"og:type\" content=\"article\" \/>\n<meta property=\"og:title\" content=\"Lovely Laruaville - Volume 1\" \/>\n<meta property=\"og:description\" content=\"Prenez le temps d\u2019aider les sympathiques fant\u00f4mes \u00e0 captiver - Lovely Laruaville - Volume 1\" \/>\n<meta property=\"og:url\" content=\"https:\/\/www.iplay.com\/fr\/games\/lovely-laruaville-volume-1\/\" \/>\n<meta property=\"og:site_name\" content=\"IPlay\" \/>\n<meta property=\"article:modified_time\" content=\"2025-06-12T12:11:45+00:00\" \/>\n<meta property=\"og:image\" content=\"https:\/\/www.iplay.com\/wp-content\/uploads\/2024\/09\/400x400-lovely_laruaville_-_volume_1_large_square_tile_image.webp\" \/>\n\t<meta property=\"og:image:width\" content=\"400\" \/>\n\t<meta property=\"og:image:height\" content=\"400\" \/>\n\t<meta property=\"og:image:type\" content=\"image\/webp\" \/>\n<meta name=\"twitter:card\" content=\"summary_large_image\" \/>\n<meta name=\"twitter:label1\" content=\"Dur\u00e9e de lecture estim\u00e9e\" \/>\n\t<meta name=\"twitter:data1\" content=\"1 minute\" \/>\n<script type=\"application\/ld+json\" class=\"yoast-schema-graph\">{\"@context\":\"https:\/\/schema.org\",\"@graph\":[{\"@type\":\"WebPage\",\"@id\":\"https:\/\/www.iplay.com\/fr\/games\/lovely-laruaville-volume-1\/\",\"url\":\"https:\/\/www.iplay.com\/fr\/games\/lovely-laruaville-volume-1\/\",\"name\":\"Lovely Laruaville - Vol. 1 - Prenez le temps d\u2019aider les gentils fant\u00f4mes\u00a0!\",\"isPartOf\":{\"@id\":\"https:\/\/www.iplay.com\/en\/#website\"},\"primaryImageOfPage\":{\"@id\":\"https:\/\/www.iplay.com\/fr\/games\/lovely-laruaville-volume-1\/#primaryimage\"},\"image\":{\"@id\":\"https:\/\/www.iplay.com\/fr\/games\/lovely-laruaville-volume-1\/#primaryimage\"},\"thumbnailUrl\":\"https:\/\/www.iplay.com\/wp-content\/uploads\/2024\/09\/400x400-lovely_laruaville_-_volume_1_large_square_tile_image.webp\",\"datePublished\":\"2024-08-12T09:00:08+00:00\",\"dateModified\":\"2025-06-12T12:11:45+00:00\",\"description\":\"Prenez le temps d\u2019aider les sympathiques fant\u00f4mes \u00e0 captiver - Lovely Laruaville - Volume 1\",\"breadcrumb\":{\"@id\":\"https:\/\/www.iplay.com\/fr\/games\/lovely-laruaville-volume-1\/#breadcrumb\"},\"inLanguage\":\"fr-FR\",\"potentialAction\":[{\"@type\":\"ReadAction\",\"target\":[\"https:\/\/www.iplay.com\/fr\/games\/lovely-laruaville-volume-1\/\"]}]},{\"@type\":\"ImageObject\",\"inLanguage\":\"fr-FR\",\"@id\":\"https:\/\/www.iplay.com\/fr\/games\/lovely-laruaville-volume-1\/#primaryimage\",\"url\":\"https:\/\/www.iplay.com\/wp-content\/uploads\/2024\/09\/400x400-lovely_laruaville_-_volume_1_large_square_tile_image.webp\",\"contentUrl\":\"https:\/\/www.iplay.com\/wp-content\/uploads\/2024\/09\/400x400-lovely_laruaville_-_volume_1_large_square_tile_image.webp\",\"width\":400,\"height\":400},{\"@type\":\"BreadcrumbList\",\"@id\":\"https:\/\/www.iplay.com\/fr\/games\/lovely-laruaville-volume-1\/#breadcrumb\",\"itemListElement\":[{\"@type\":\"ListItem\",\"position\":1,\"name\":\"Home\",\"item\":\"https:\/\/www.iplay.com\/fr\/home-page-2\/\"},{\"@type\":\"ListItem\",\"position\":2,\"name\":\"Shop\",\"item\":\"https:\/\/www.iplay.com\/en\/shop\/\"},{\"@type\":\"ListItem\",\"position\":3,\"name\":\"Lovely Laruaville &#8211; Volume 1\"}]},{\"@type\":\"WebSite\",\"@id\":\"https:\/\/www.iplay.com\/en\/#website\",\"url\":\"https:\/\/www.iplay.com\/en\/\",\"name\":\"IPlay\",\"description\":\"The Best Casual Games!\",\"publisher\":{\"@id\":\"https:\/\/www.iplay.com\/en\/#organization\"},\"potentialAction\":[{\"@type\":\"SearchAction\",\"target\":{\"@type\":\"EntryPoint\",\"urlTemplate\":\"https:\/\/www.iplay.com\/en\/?s={search_term_string}\"},\"query-input\":{\"@type\":\"PropertyValueSpecification\",\"valueRequired\":true,\"valueName\":\"search_term_string\"}}],\"inLanguage\":\"fr-FR\"},{\"@type\":\"Organization\",\"@id\":\"https:\/\/www.iplay.com\/en\/#organization\",\"name\":\"IPlay\",\"url\":\"https:\/\/www.iplay.com\/en\/\",\"logo\":{\"@type\":\"ImageObject\",\"inLanguage\":\"fr-FR\",\"@id\":\"https:\/\/www.iplay.com\/en\/#\/schema\/logo\/image\/\",\"url\":\"https:\/\/www.iplay.com\/wp-content\/uploads\/2023\/11\/Group-6100.svg\",\"contentUrl\":\"https:\/\/www.iplay.com\/wp-content\/uploads\/2023\/11\/Group-6100.svg\",\"width\":98,\"height\":25,\"caption\":\"IPlay\"},\"image\":{\"@id\":\"https:\/\/www.iplay.com\/en\/#\/schema\/logo\/image\/\"}}]}<\/script>\n<!-- \/ Yoast SEO Premium plugin. -->","yoast_head_json":{"title":"Lovely Laruaville - Vol. 1 - Prenez le temps d\u2019aider les gentils fant\u00f4mes\u00a0!","description":"Prenez le temps d\u2019aider les sympathiques fant\u00f4mes \u00e0 captiver - Lovely Laruaville - Volume 1","robots":{"index":"index","follow":"follow","max-snippet":"max-snippet:-1","max-image-preview":"max-image-preview:large","max-video-preview":"max-video-preview:-1"},"canonical":"https:\/\/www.iplay.com\/fr\/games\/lovely-laruaville-volume-1\/","og_locale":"fr_FR","og_type":"article","og_title":"Lovely Laruaville - Volume 1","og_description":"Prenez le temps d\u2019aider les sympathiques fant\u00f4mes \u00e0 captiver - Lovely Laruaville - Volume 1","og_url":"https:\/\/www.iplay.com\/fr\/games\/lovely-laruaville-volume-1\/","og_site_name":"IPlay","article_modified_time":"2025-06-12T12:11:45+00:00","og_image":[{"width":400,"height":400,"url":"https:\/\/www.iplay.com\/wp-content\/uploads\/2024\/09\/400x400-lovely_laruaville_-_volume_1_large_square_tile_image.webp","type":"image\/webp"}],"twitter_card":"summary_large_image","twitter_misc":{"Dur\u00e9e de lecture estim\u00e9e":"1 minute"},"schema":{"@context":"https:\/\/schema.org","@graph":[{"@type":"WebPage","@id":"https:\/\/www.iplay.com\/fr\/games\/lovely-laruaville-volume-1\/","url":"https:\/\/www.iplay.com\/fr\/games\/lovely-laruaville-volume-1\/","name":"Lovely Laruaville - Vol. 1 - Prenez le temps d\u2019aider les gentils fant\u00f4mes\u00a0!","isPartOf":{"@id":"https:\/\/www.iplay.com\/en\/#website"},"primaryImageOfPage":{"@id":"https:\/\/www.iplay.com\/fr\/games\/lovely-laruaville-volume-1\/#primaryimage"},"image":{"@id":"https:\/\/www.iplay.com\/fr\/games\/lovely-laruaville-volume-1\/#primaryimage"},"thumbnailUrl":"https:\/\/www.iplay.com\/wp-content\/uploads\/2024\/09\/400x400-lovely_laruaville_-_volume_1_large_square_tile_image.webp","datePublished":"2024-08-12T09:00:08+00:00","dateModified":"2025-06-12T12:11:45+00:00","description":"Prenez le temps d\u2019aider les sympathiques fant\u00f4mes \u00e0 captiver - Lovely Laruaville - Volume 1","breadcrumb":{"@id":"https:\/\/www.iplay.com\/fr\/games\/lovely-laruaville-volume-1\/#breadcrumb"},"inLanguage":"fr-FR","potentialAction":[{"@type":"ReadAction","target":["https:\/\/www.iplay.com\/fr\/games\/lovely-laruaville-volume-1\/"]}]},{"@type":"ImageObject","inLanguage":"fr-FR","@id":"https:\/\/www.iplay.com\/fr\/games\/lovely-laruaville-volume-1\/#primaryimage","url":"https:\/\/www.iplay.com\/wp-content\/uploads\/2024\/09\/400x400-lovely_laruaville_-_volume_1_large_square_tile_image.webp","contentUrl":"https:\/\/www.iplay.com\/wp-content\/uploads\/2024\/09\/400x400-lovely_laruaville_-_volume_1_large_square_tile_image.webp","width":400,"height":400},{"@type":"BreadcrumbList","@id":"https:\/\/www.iplay.com\/fr\/games\/lovely-laruaville-volume-1\/#breadcrumb","itemListElement":[{"@type":"ListItem","position":1,"name":"Home","item":"https:\/\/www.iplay.com\/fr\/home-page-2\/"},{"@type":"ListItem","position":2,"name":"Shop","item":"https:\/\/www.iplay.com\/en\/shop\/"},{"@type":"ListItem","position":3,"name":"Lovely Laruaville &#8211; Volume 1"}]},{"@type":"WebSite","@id":"https:\/\/www.iplay.com\/en\/#website","url":"https:\/\/www.iplay.com\/en\/","name":"IPlay","description":"The Best Casual Games!","publisher":{"@id":"https:\/\/www.iplay.com\/en\/#organization"},"potentialAction":[{"@type":"SearchAction","target":{"@type":"EntryPoint","urlTemplate":"https:\/\/www.iplay.com\/en\/?s={search_term_string}"},"query-input":{"@type":"PropertyValueSpecification","valueRequired":true,"valueName":"search_term_string"}}],"inLanguage":"fr-FR"},{"@type":"Organization","@id":"https:\/\/www.iplay.com\/en\/#organization","name":"IPlay","url":"https:\/\/www.iplay.com\/en\/","logo":{"@type":"ImageObject","inLanguage":"fr-FR","@id":"https:\/\/www.iplay.com\/en\/#\/schema\/logo\/image\/","url":"https:\/\/www.iplay.com\/wp-content\/uploads\/2023\/11\/Group-6100.svg","contentUrl":"https:\/\/www.iplay.com\/wp-content\/uploads\/2023\/11\/Group-6100.svg","width":98,"height":25,"caption":"IPlay"},"image":{"@id":"https:\/\/www.iplay.com\/en\/#\/schema\/logo\/image\/"}}]}},"_links":{"self":[{"href":"https:\/\/www.iplay.com\/fr\/wp-json\/wp\/v2\/product\/127759","targetHints":{"allow":["GET"]}}],"collection":[{"href":"https:\/\/www.iplay.com\/fr\/wp-json\/wp\/v2\/product"}],"about":[{"href":"https:\/\/www.iplay.com\/fr\/wp-json\/wp\/v2\/types\/product"}],"author":[{"embeddable":true,"href":"https:\/\/www.iplay.com\/fr\/wp-json\/wp\/v2\/users\/40"}],"replies":[{"embeddable":true,"href":"https:\/\/www.iplay.com\/fr\/wp-json\/wp\/v2\/comments?post=127759"}],"wp:featuredmedia":[{"embeddable":true,"href":"https:\/\/www.iplay.com\/fr\/wp-json\/wp\/v2\/media\/38788"}],"wp:attachment":[{"href":"https:\/\/www.iplay.com\/fr\/wp-json\/wp\/v2\/media?parent=127759"}],"wp:term":[{"taxonomy":"product_brand","embeddable":true,"href":"https:\/\/www.iplay.com\/fr\/wp-json\/wp\/v2\/product_brand?post=127759"},{"taxonomy":"product_cat","embeddable":true,"href":"https:\/\/www.iplay.com\/fr\/wp-json\/wp\/v2\/product_cat?post=127759"},{"taxonomy":"product_tag","embeddable":true,"href":"https:\/\/www.iplay.com\/fr\/wp-json\/wp\/v2\/product_tag?post=127759"}],"curies":[{"name":"wp","href":"https:\/\/api.w.org\/{rel}","templated":true}]}}