{"id":127656,"date":"2024-08-13T10:13:39","date_gmt":"2024-08-13T10:13:39","guid":{"rendered":"https:\/\/www.iplay.com\/games\/holly-jolly-christmas\/"},"modified":"2025-03-12T17:48:22","modified_gmt":"2025-03-12T17:48:22","slug":"holly-jolly-christmas","status":"publish","type":"product","link":"https:\/\/www.iplay.com\/fr\/games\/holly-jolly-christmas\/","title":{"rendered":"Holly Jolly Christmas"},"content":{"rendered":"<p>Hohoho ! Le P\u00e8re No\u00ebl a besoin d\u2019aide pour se pr\u00e9parer \u00e0 No\u00ebl dans Happy Holidays Christmas, un d\u00e9licieux jeu de puzzle qui permet de rep\u00e9rer la diff\u00e9rence. <\/p>\n<p>Les joueurs mettront \u00e0 l\u2019\u00e9preuve leur capacit\u00e9 d\u2019observation pour s\u2019assurer que tout est pr\u00eat pour les f\u00eates de fin d\u2019ann\u00e9e.<\/p>\n<p>Peut-on trouver toutes les diff\u00e9rences sans utiliser d\u2019indices ? Venez vous amuser et on verra ! <\/p>\n<p><strong>Comment jouer :  <\/strong><\/p>\n<ul>\n<li>Les deux images pr\u00e9sent\u00e9es doivent \u00eatre observ\u00e9es de pr\u00e8s.<\/li>\n<li>Toutes les diff\u00e9rences doivent \u00eatre trouv\u00e9es et exploit\u00e9es.<\/li>\n<li>Un nouveau niveau sera d\u00e9bloqu\u00e9 apr\u00e8s avoir battu le pr\u00e9c\u00e9dent.<\/li>\n<\/ul>\n","protected":false},"excerpt":{"rendered":"<p>Le P\u00e8re No\u00ebl a besoin de votre aide pour se pr\u00e9parer \u00e0 No\u00ebl !<\/p>\n","protected":false},"author":329,"featured_media":122366,"comment_status":"open","ping_status":"closed","template":"","meta":{"_acf_changed":false,"inline_featured_image":false},"product_brand":[],"product_cat":[179,193],"product_tag":[285,305,287],"class_list":{"0":"post-127656","1":"product","2":"type-product","3":"status-publish","4":"has-post-thumbnail","6":"product_cat-mobile-games-fr","7":"product_cat-puzzle-fr","8":"product_tag-play-on-mac-fr","9":"product_tag-play-on-mobile-fr","10":"product_tag-play-on-pc-fr","12":"first","13":"instock","14":"shipping-taxable","15":"purchasable","16":"product-type-html5_game"},"acf":[],"yoast_head":"<!-- This site is optimized with the Yoast SEO Premium plugin v25.2 (Yoast SEO v25.2) - https:\/\/yoast.com\/wordpress\/plugins\/seo\/ -->\n<title>Holly Jolly Christmas - Jouez sur IPlay<\/title>\n<meta name=\"description\" content=\"Le P\u00e8re No\u00ebl a besoin de votre aide pour se pr\u00e9parer \u00e0 No\u00ebl !\" \/>\n<meta name=\"robots\" content=\"index, follow, max-snippet:-1, max-image-preview:large, max-video-preview:-1\" \/>\n<link rel=\"canonical\" href=\"https:\/\/www.iplay.com\/fr\/games\/holly-jolly-christmas\/\" \/>\n<meta property=\"og:locale\" content=\"fr_FR\" \/>\n<meta property=\"og:type\" content=\"article\" \/>\n<meta property=\"og:title\" content=\"Holly Jolly Christmas\" \/>\n<meta property=\"og:description\" content=\"Le P\u00e8re No\u00ebl a besoin de votre aide pour se pr\u00e9parer \u00e0 No\u00ebl !\" \/>\n<meta property=\"og:url\" content=\"https:\/\/www.iplay.com\/fr\/games\/holly-jolly-christmas\/\" \/>\n<meta property=\"og:site_name\" content=\"IPlay\" \/>\n<meta property=\"article:modified_time\" content=\"2025-03-12T17:48:22+00:00\" \/>\n<meta property=\"og:image\" content=\"https:\/\/www.iplay.com\/wp-content\/uploads\/2024\/08\/Banner_holly_jolly_christmas_thumb200x200.webp\" \/>\n\t<meta property=\"og:image:width\" content=\"715\" \/>\n\t<meta property=\"og:image:height\" content=\"485\" \/>\n\t<meta property=\"og:image:type\" content=\"image\/webp\" \/>\n<meta name=\"twitter:card\" content=\"summary_large_image\" \/>\n<meta name=\"twitter:label1\" content=\"Dur\u00e9e de lecture estim\u00e9e\" \/>\n\t<meta name=\"twitter:data1\" content=\"1 minute\" \/>\n<script type=\"application\/ld+json\" class=\"yoast-schema-graph\">{\"@context\":\"https:\/\/schema.org\",\"@graph\":[{\"@type\":\"WebPage\",\"@id\":\"https:\/\/www.iplay.com\/fr\/games\/holly-jolly-christmas\/\",\"url\":\"https:\/\/www.iplay.com\/fr\/games\/holly-jolly-christmas\/\",\"name\":\"Holly Jolly Christmas - Jouez sur IPlay\",\"isPartOf\":{\"@id\":\"https:\/\/www.iplay.com\/en\/#website\"},\"primaryImageOfPage\":{\"@id\":\"https:\/\/www.iplay.com\/fr\/games\/holly-jolly-christmas\/#primaryimage\"},\"image\":{\"@id\":\"https:\/\/www.iplay.com\/fr\/games\/holly-jolly-christmas\/#primaryimage\"},\"thumbnailUrl\":\"https:\/\/www.iplay.com\/wp-content\/uploads\/2024\/08\/Banner_holly_jolly_christmas_thumb200x200.webp\",\"datePublished\":\"2024-08-13T10:13:39+00:00\",\"dateModified\":\"2025-03-12T17:48:22+00:00\",\"description\":\"Le P\u00e8re No\u00ebl a besoin de votre aide pour se pr\u00e9parer \u00e0 No\u00ebl !\",\"breadcrumb\":{\"@id\":\"https:\/\/www.iplay.com\/fr\/games\/holly-jolly-christmas\/#breadcrumb\"},\"inLanguage\":\"fr-FR\",\"potentialAction\":[{\"@type\":\"ReadAction\",\"target\":[\"https:\/\/www.iplay.com\/fr\/games\/holly-jolly-christmas\/\"]}]},{\"@type\":\"ImageObject\",\"inLanguage\":\"fr-FR\",\"@id\":\"https:\/\/www.iplay.com\/fr\/games\/holly-jolly-christmas\/#primaryimage\",\"url\":\"https:\/\/www.iplay.com\/wp-content\/uploads\/2024\/08\/Banner_holly_jolly_christmas_thumb200x200.webp\",\"contentUrl\":\"https:\/\/www.iplay.com\/wp-content\/uploads\/2024\/08\/Banner_holly_jolly_christmas_thumb200x200.webp\",\"width\":715,\"height\":485},{\"@type\":\"BreadcrumbList\",\"@id\":\"https:\/\/www.iplay.com\/fr\/games\/holly-jolly-christmas\/#breadcrumb\",\"itemListElement\":[{\"@type\":\"ListItem\",\"position\":1,\"name\":\"Home\",\"item\":\"https:\/\/www.iplay.com\/fr\/home-page-2\/\"},{\"@type\":\"ListItem\",\"position\":2,\"name\":\"Shop\",\"item\":\"https:\/\/www.iplay.com\/en\/shop\/\"},{\"@type\":\"ListItem\",\"position\":3,\"name\":\"Holly Jolly Christmas\"}]},{\"@type\":\"WebSite\",\"@id\":\"https:\/\/www.iplay.com\/en\/#website\",\"url\":\"https:\/\/www.iplay.com\/en\/\",\"name\":\"IPlay\",\"description\":\"The Best Casual Games!\",\"publisher\":{\"@id\":\"https:\/\/www.iplay.com\/en\/#organization\"},\"potentialAction\":[{\"@type\":\"SearchAction\",\"target\":{\"@type\":\"EntryPoint\",\"urlTemplate\":\"https:\/\/www.iplay.com\/en\/?s={search_term_string}\"},\"query-input\":{\"@type\":\"PropertyValueSpecification\",\"valueRequired\":true,\"valueName\":\"search_term_string\"}}],\"inLanguage\":\"fr-FR\"},{\"@type\":\"Organization\",\"@id\":\"https:\/\/www.iplay.com\/en\/#organization\",\"name\":\"IPlay\",\"url\":\"https:\/\/www.iplay.com\/en\/\",\"logo\":{\"@type\":\"ImageObject\",\"inLanguage\":\"fr-FR\",\"@id\":\"https:\/\/www.iplay.com\/en\/#\/schema\/logo\/image\/\",\"url\":\"https:\/\/www.iplay.com\/wp-content\/uploads\/2023\/11\/Group-6100.svg\",\"contentUrl\":\"https:\/\/www.iplay.com\/wp-content\/uploads\/2023\/11\/Group-6100.svg\",\"width\":98,\"height\":25,\"caption\":\"IPlay\"},\"image\":{\"@id\":\"https:\/\/www.iplay.com\/en\/#\/schema\/logo\/image\/\"}}]}<\/script>\n<!-- \/ Yoast SEO Premium plugin. -->","yoast_head_json":{"title":"Holly Jolly Christmas - Jouez sur IPlay","description":"Le P\u00e8re No\u00ebl a besoin de votre aide pour se pr\u00e9parer \u00e0 No\u00ebl !","robots":{"index":"index","follow":"follow","max-snippet":"max-snippet:-1","max-image-preview":"max-image-preview:large","max-video-preview":"max-video-preview:-1"},"canonical":"https:\/\/www.iplay.com\/fr\/games\/holly-jolly-christmas\/","og_locale":"fr_FR","og_type":"article","og_title":"Holly Jolly Christmas","og_description":"Le P\u00e8re No\u00ebl a besoin de votre aide pour se pr\u00e9parer \u00e0 No\u00ebl !","og_url":"https:\/\/www.iplay.com\/fr\/games\/holly-jolly-christmas\/","og_site_name":"IPlay","article_modified_time":"2025-03-12T17:48:22+00:00","og_image":[{"width":715,"height":485,"url":"https:\/\/www.iplay.com\/wp-content\/uploads\/2024\/08\/Banner_holly_jolly_christmas_thumb200x200.webp","type":"image\/webp"}],"twitter_card":"summary_large_image","twitter_misc":{"Dur\u00e9e de lecture estim\u00e9e":"1 minute"},"schema":{"@context":"https:\/\/schema.org","@graph":[{"@type":"WebPage","@id":"https:\/\/www.iplay.com\/fr\/games\/holly-jolly-christmas\/","url":"https:\/\/www.iplay.com\/fr\/games\/holly-jolly-christmas\/","name":"Holly Jolly Christmas - Jouez sur IPlay","isPartOf":{"@id":"https:\/\/www.iplay.com\/en\/#website"},"primaryImageOfPage":{"@id":"https:\/\/www.iplay.com\/fr\/games\/holly-jolly-christmas\/#primaryimage"},"image":{"@id":"https:\/\/www.iplay.com\/fr\/games\/holly-jolly-christmas\/#primaryimage"},"thumbnailUrl":"https:\/\/www.iplay.com\/wp-content\/uploads\/2024\/08\/Banner_holly_jolly_christmas_thumb200x200.webp","datePublished":"2024-08-13T10:13:39+00:00","dateModified":"2025-03-12T17:48:22+00:00","description":"Le P\u00e8re No\u00ebl a besoin de votre aide pour se pr\u00e9parer \u00e0 No\u00ebl !","breadcrumb":{"@id":"https:\/\/www.iplay.com\/fr\/games\/holly-jolly-christmas\/#breadcrumb"},"inLanguage":"fr-FR","potentialAction":[{"@type":"ReadAction","target":["https:\/\/www.iplay.com\/fr\/games\/holly-jolly-christmas\/"]}]},{"@type":"ImageObject","inLanguage":"fr-FR","@id":"https:\/\/www.iplay.com\/fr\/games\/holly-jolly-christmas\/#primaryimage","url":"https:\/\/www.iplay.com\/wp-content\/uploads\/2024\/08\/Banner_holly_jolly_christmas_thumb200x200.webp","contentUrl":"https:\/\/www.iplay.com\/wp-content\/uploads\/2024\/08\/Banner_holly_jolly_christmas_thumb200x200.webp","width":715,"height":485},{"@type":"BreadcrumbList","@id":"https:\/\/www.iplay.com\/fr\/games\/holly-jolly-christmas\/#breadcrumb","itemListElement":[{"@type":"ListItem","position":1,"name":"Home","item":"https:\/\/www.iplay.com\/fr\/home-page-2\/"},{"@type":"ListItem","position":2,"name":"Shop","item":"https:\/\/www.iplay.com\/en\/shop\/"},{"@type":"ListItem","position":3,"name":"Holly Jolly Christmas"}]},{"@type":"WebSite","@id":"https:\/\/www.iplay.com\/en\/#website","url":"https:\/\/www.iplay.com\/en\/","name":"IPlay","description":"The Best Casual Games!","publisher":{"@id":"https:\/\/www.iplay.com\/en\/#organization"},"potentialAction":[{"@type":"SearchAction","target":{"@type":"EntryPoint","urlTemplate":"https:\/\/www.iplay.com\/en\/?s={search_term_string}"},"query-input":{"@type":"PropertyValueSpecification","valueRequired":true,"valueName":"search_term_string"}}],"inLanguage":"fr-FR"},{"@type":"Organization","@id":"https:\/\/www.iplay.com\/en\/#organization","name":"IPlay","url":"https:\/\/www.iplay.com\/en\/","logo":{"@type":"ImageObject","inLanguage":"fr-FR","@id":"https:\/\/www.iplay.com\/en\/#\/schema\/logo\/image\/","url":"https:\/\/www.iplay.com\/wp-content\/uploads\/2023\/11\/Group-6100.svg","contentUrl":"https:\/\/www.iplay.com\/wp-content\/uploads\/2023\/11\/Group-6100.svg","width":98,"height":25,"caption":"IPlay"},"image":{"@id":"https:\/\/www.iplay.com\/en\/#\/schema\/logo\/image\/"}}]}},"_links":{"self":[{"href":"https:\/\/www.iplay.com\/fr\/wp-json\/wp\/v2\/product\/127656","targetHints":{"allow":["GET"]}}],"collection":[{"href":"https:\/\/www.iplay.com\/fr\/wp-json\/wp\/v2\/product"}],"about":[{"href":"https:\/\/www.iplay.com\/fr\/wp-json\/wp\/v2\/types\/product"}],"author":[{"embeddable":true,"href":"https:\/\/www.iplay.com\/fr\/wp-json\/wp\/v2\/users\/329"}],"replies":[{"embeddable":true,"href":"https:\/\/www.iplay.com\/fr\/wp-json\/wp\/v2\/comments?post=127656"}],"wp:featuredmedia":[{"embeddable":true,"href":"https:\/\/www.iplay.com\/fr\/wp-json\/wp\/v2\/media\/122366"}],"wp:attachment":[{"href":"https:\/\/www.iplay.com\/fr\/wp-json\/wp\/v2\/media?parent=127656"}],"wp:term":[{"taxonomy":"product_brand","embeddable":true,"href":"https:\/\/www.iplay.com\/fr\/wp-json\/wp\/v2\/product_brand?post=127656"},{"taxonomy":"product_cat","embeddable":true,"href":"https:\/\/www.iplay.com\/fr\/wp-json\/wp\/v2\/product_cat?post=127656"},{"taxonomy":"product_tag","embeddable":true,"href":"https:\/\/www.iplay.com\/fr\/wp-json\/wp\/v2\/product_tag?post=127656"}],"curies":[{"name":"wp","href":"https:\/\/api.w.org\/{rel}","templated":true}]}}