{"id":127653,"date":"2024-08-14T10:00:16","date_gmt":"2024-08-14T10:00:16","guid":{"rendered":"https:\/\/www.iplay.com\/games\/marvelous-magic-detectives-volume-1\/"},"modified":"2024-08-14T10:00:16","modified_gmt":"2024-08-14T10:00:16","slug":"marvelous-magic-detectives-volume-1","status":"publish","type":"product","link":"https:\/\/www.iplay.com\/fr\/games\/marvelous-magic-detectives-volume-1\/","title":{"rendered":"Marvelous Magic Detectives &#8211; Volume 1"},"content":{"rendered":"<p>Marvelous Magic Detectives &#8211; Volume 1 est une collection de jeux d\u2019aventure et de puzzle d\u2019objets cach\u00e9s (HOPA), o\u00f9 les joueurs jouent le r\u00f4le d\u2019un d\u00e9tective naviguant dans des d\u00e9cors magiques et myst\u00e9rieux pour r\u00e9soudre des affaires complexes.<\/p>\n<ul>\n<li><strong>Magic City D\u00e9tective&nbsp;: Secret Desire CE&nbsp;:<\/strong>\n<ul>\n<li>Dans ce titre, le d\u00e9tective est appel\u00e9 \u00e0 enqu\u00eater sur une affaire tr\u00e8s m\u00e9diatis\u00e9e dans une ville magique o\u00f9 se d\u00e9roule une s\u00e9rie d\u2019\u00e9v\u00e9nements myst\u00e9rieux. L\u2019histoire tourne autour d\u2019un secret cach\u00e9 qui pourrait changer le destin de la ville. Les joueurs doivent explorer des lieux enchanteurs, r\u00e9soudre des \u00e9nigmes et interagir avec diverses cr\u00e9atures magiques pour d\u00e9couvrir la v\u00e9rit\u00e9 derri\u00e8re le d\u00e9sir qui a d\u00e9clench\u00e9 le chaos.  <\/li>\n<\/ul>\n<\/li>\n<li><strong>Magic City Detective&nbsp;: Les Ailes de la Vengeance CE&nbsp;:<\/strong>\n<ul>\n<li>Dans \u00ab&nbsp;Wings of Revenge&nbsp;\u00bb, le d\u00e9tective fait face \u00e0 une affaire impliquant une force vengeresse qui menace la paix de la ville. L\u2019intrigue est centr\u00e9e sur la poursuite par le d\u00e9tective d\u2019un dangereux antagoniste qui cherche \u00e0 se venger, peut-\u00eatre contre la ville ou ses habitants. Le gameplay consiste \u00e0 rechercher des objets cach\u00e9s, \u00e0 r\u00e9soudre des \u00e9nigmes complexes et \u00e0 affronter les c\u00f4t\u00e9s les plus sombres du monde magique pour arr\u00eater l\u2019antagoniste et r\u00e9tablir l\u2019harmonie.  <\/li>\n<\/ul>\n<\/li>\n<li><strong>Magic City Detective&nbsp;: Rage Under Moon CE&nbsp;:<\/strong>\n<ul>\n<li>Cet \u00e9pisode plonge le d\u00e9tective dans un monde o\u00f9 des forces surnaturelles sont \u00e0 l\u2019\u0153uvre sous l\u2019influence de la lune. Le d\u00e9tective doit enqu\u00eater sur une s\u00e9rie d\u2019incidents li\u00e9s \u00e0 des loups-garous ou \u00e0 d\u2019autres cr\u00e9atures lunaires. Le jeu implique probablement de d\u00e9couvrir d\u2019anciennes mal\u00e9dictions ou de g\u00e9rer des conflits entre diff\u00e9rents \u00eatres magiques. Comme pour les autres titres, les joueurs s\u2019engagent dans un m\u00e9lange de recherches d\u2019objets cach\u00e9s, d\u2019\u00e9nigmes et d\u2019exploration sc\u00e9naris\u00e9e pour r\u00e9soudre le myst\u00e8re.   <\/li>\n<\/ul>\n<\/li>\n<\/ul>\n<p>Chaque jeu de la s\u00e9rie propose une narration immersive, des \u00e9nigmes complexes et des environnements magnifiquement con\u00e7us, le tout centr\u00e9 sur un m\u00e9lange de magie, de myst\u00e8re et de travail de d\u00e9tective.<\/p>\n<p><strong>Fonctionnalit\u00e9s:<\/strong><\/p>\n<ul>\n<li>3 jeux Magic City Detective g\u00e9niaux dans un super pack !\n<ul>\n<li>Magic City Detective&nbsp;: Secret Desire \u00c9dition Collector.<\/li>\n<li>Magic City Detective&nbsp;: Les Ailes de la Vengeance \u00c9dition Collector.<\/li>\n<li>Magic City D\u00e9tective : Rage Under Moon CE.<\/li>\n<\/ul>\n<\/li>\n<\/ul>\n","protected":false},"excerpt":{"rendered":"<p><strong>Marvelous Magic Detectives &#8211; Vol 1 &#8211; Affrontez<\/strong> des myst\u00e8res magiques et rendez justice au monde magique !<\/p>\n","protected":false},"author":52,"featured_media":38789,"comment_status":"open","ping_status":"closed","template":"","meta":{"_acf_changed":false,"inline_featured_image":false},"product_brand":[],"product_cat":[165],"product_tag":[287],"class_list":{"0":"post-127653","1":"product","2":"type-product","3":"status-publish","4":"has-post-thumbnail","6":"product_cat-hidden-object-fr","7":"product_tag-play-on-pc-fr","9":"first","10":"instock","11":"shipping-taxable","12":"purchasable","13":"product-type-simple"},"acf":[],"yoast_head":"<!-- This site is optimized with the Yoast SEO Premium plugin v25.2 (Yoast SEO v25.2) - https:\/\/yoast.com\/wordpress\/plugins\/seo\/ -->\n<title>Marvelous Magic Detectives - Vol 1 - Affrontez des myst\u00e8res magiques<\/title>\n<meta name=\"description\" content=\"Marvelous Magic Detectives - Vol 1 - Affrontez des myst\u00e8res magiques et rendez justice au monde magique !\" \/>\n<meta name=\"robots\" content=\"index, follow, max-snippet:-1, max-image-preview:large, max-video-preview:-1\" \/>\n<link rel=\"canonical\" href=\"https:\/\/www.iplay.com\/fr\/games\/marvelous-magic-detectives-volume-1\/\" \/>\n<meta property=\"og:locale\" content=\"fr_FR\" \/>\n<meta property=\"og:type\" content=\"article\" \/>\n<meta property=\"og:title\" content=\"Marvelous Magic Detectives - Volume 1\" \/>\n<meta property=\"og:description\" content=\"Marvelous Magic Detectives - Vol 1 - Affrontez des myst\u00e8res magiques et rendez justice au monde magique !\" \/>\n<meta property=\"og:url\" content=\"https:\/\/www.iplay.com\/fr\/games\/marvelous-magic-detectives-volume-1\/\" \/>\n<meta property=\"og:site_name\" content=\"IPlay\" \/>\n<meta property=\"og:image\" content=\"https:\/\/www.iplay.com\/wp-content\/uploads\/2024\/09\/400x400-marvelous_magic_detectives_-_volume_1_large_square_tile_image.webp\" \/>\n\t<meta property=\"og:image:width\" content=\"400\" \/>\n\t<meta property=\"og:image:height\" content=\"400\" \/>\n\t<meta property=\"og:image:type\" content=\"image\/webp\" \/>\n<meta name=\"twitter:card\" content=\"summary_large_image\" \/>\n<meta name=\"twitter:label1\" content=\"Dur\u00e9e de lecture estim\u00e9e\" \/>\n\t<meta name=\"twitter:data1\" content=\"2 minutes\" \/>\n<script type=\"application\/ld+json\" class=\"yoast-schema-graph\">{\"@context\":\"https:\/\/schema.org\",\"@graph\":[{\"@type\":\"WebPage\",\"@id\":\"https:\/\/www.iplay.com\/fr\/games\/marvelous-magic-detectives-volume-1\/\",\"url\":\"https:\/\/www.iplay.com\/fr\/games\/marvelous-magic-detectives-volume-1\/\",\"name\":\"Marvelous Magic Detectives - Vol 1 - Affrontez des myst\u00e8res magiques\",\"isPartOf\":{\"@id\":\"https:\/\/www.iplay.com\/en\/#website\"},\"primaryImageOfPage\":{\"@id\":\"https:\/\/www.iplay.com\/fr\/games\/marvelous-magic-detectives-volume-1\/#primaryimage\"},\"image\":{\"@id\":\"https:\/\/www.iplay.com\/fr\/games\/marvelous-magic-detectives-volume-1\/#primaryimage\"},\"thumbnailUrl\":\"https:\/\/www.iplay.com\/wp-content\/uploads\/2024\/09\/400x400-marvelous_magic_detectives_-_volume_1_large_square_tile_image.webp\",\"datePublished\":\"2024-08-14T10:00:16+00:00\",\"description\":\"Marvelous Magic Detectives - Vol 1 - Affrontez des myst\u00e8res magiques et rendez justice au monde magique !\",\"breadcrumb\":{\"@id\":\"https:\/\/www.iplay.com\/fr\/games\/marvelous-magic-detectives-volume-1\/#breadcrumb\"},\"inLanguage\":\"fr-FR\",\"potentialAction\":[{\"@type\":\"ReadAction\",\"target\":[\"https:\/\/www.iplay.com\/fr\/games\/marvelous-magic-detectives-volume-1\/\"]}]},{\"@type\":\"ImageObject\",\"inLanguage\":\"fr-FR\",\"@id\":\"https:\/\/www.iplay.com\/fr\/games\/marvelous-magic-detectives-volume-1\/#primaryimage\",\"url\":\"https:\/\/www.iplay.com\/wp-content\/uploads\/2024\/09\/400x400-marvelous_magic_detectives_-_volume_1_large_square_tile_image.webp\",\"contentUrl\":\"https:\/\/www.iplay.com\/wp-content\/uploads\/2024\/09\/400x400-marvelous_magic_detectives_-_volume_1_large_square_tile_image.webp\",\"width\":400,\"height\":400},{\"@type\":\"BreadcrumbList\",\"@id\":\"https:\/\/www.iplay.com\/fr\/games\/marvelous-magic-detectives-volume-1\/#breadcrumb\",\"itemListElement\":[{\"@type\":\"ListItem\",\"position\":1,\"name\":\"Home\",\"item\":\"https:\/\/www.iplay.com\/fr\/home-page-2\/\"},{\"@type\":\"ListItem\",\"position\":2,\"name\":\"Shop\",\"item\":\"https:\/\/www.iplay.com\/en\/shop\/\"},{\"@type\":\"ListItem\",\"position\":3,\"name\":\"Marvelous Magic Detectives &#8211; Volume 1\"}]},{\"@type\":\"WebSite\",\"@id\":\"https:\/\/www.iplay.com\/en\/#website\",\"url\":\"https:\/\/www.iplay.com\/en\/\",\"name\":\"IPlay\",\"description\":\"The Best Casual Games!\",\"publisher\":{\"@id\":\"https:\/\/www.iplay.com\/en\/#organization\"},\"potentialAction\":[{\"@type\":\"SearchAction\",\"target\":{\"@type\":\"EntryPoint\",\"urlTemplate\":\"https:\/\/www.iplay.com\/en\/?s={search_term_string}\"},\"query-input\":{\"@type\":\"PropertyValueSpecification\",\"valueRequired\":true,\"valueName\":\"search_term_string\"}}],\"inLanguage\":\"fr-FR\"},{\"@type\":\"Organization\",\"@id\":\"https:\/\/www.iplay.com\/en\/#organization\",\"name\":\"IPlay\",\"url\":\"https:\/\/www.iplay.com\/en\/\",\"logo\":{\"@type\":\"ImageObject\",\"inLanguage\":\"fr-FR\",\"@id\":\"https:\/\/www.iplay.com\/en\/#\/schema\/logo\/image\/\",\"url\":\"https:\/\/www.iplay.com\/wp-content\/uploads\/2023\/11\/Group-6100.svg\",\"contentUrl\":\"https:\/\/www.iplay.com\/wp-content\/uploads\/2023\/11\/Group-6100.svg\",\"width\":98,\"height\":25,\"caption\":\"IPlay\"},\"image\":{\"@id\":\"https:\/\/www.iplay.com\/en\/#\/schema\/logo\/image\/\"}}]}<\/script>\n<!-- \/ Yoast SEO Premium plugin. -->","yoast_head_json":{"title":"Marvelous Magic Detectives - Vol 1 - Affrontez des myst\u00e8res magiques","description":"Marvelous Magic Detectives - Vol 1 - Affrontez des myst\u00e8res magiques et rendez justice au monde magique !","robots":{"index":"index","follow":"follow","max-snippet":"max-snippet:-1","max-image-preview":"max-image-preview:large","max-video-preview":"max-video-preview:-1"},"canonical":"https:\/\/www.iplay.com\/fr\/games\/marvelous-magic-detectives-volume-1\/","og_locale":"fr_FR","og_type":"article","og_title":"Marvelous Magic Detectives - Volume 1","og_description":"Marvelous Magic Detectives - Vol 1 - Affrontez des myst\u00e8res magiques et rendez justice au monde magique !","og_url":"https:\/\/www.iplay.com\/fr\/games\/marvelous-magic-detectives-volume-1\/","og_site_name":"IPlay","og_image":[{"width":400,"height":400,"url":"https:\/\/www.iplay.com\/wp-content\/uploads\/2024\/09\/400x400-marvelous_magic_detectives_-_volume_1_large_square_tile_image.webp","type":"image\/webp"}],"twitter_card":"summary_large_image","twitter_misc":{"Dur\u00e9e de lecture estim\u00e9e":"2 minutes"},"schema":{"@context":"https:\/\/schema.org","@graph":[{"@type":"WebPage","@id":"https:\/\/www.iplay.com\/fr\/games\/marvelous-magic-detectives-volume-1\/","url":"https:\/\/www.iplay.com\/fr\/games\/marvelous-magic-detectives-volume-1\/","name":"Marvelous Magic Detectives - Vol 1 - Affrontez des myst\u00e8res magiques","isPartOf":{"@id":"https:\/\/www.iplay.com\/en\/#website"},"primaryImageOfPage":{"@id":"https:\/\/www.iplay.com\/fr\/games\/marvelous-magic-detectives-volume-1\/#primaryimage"},"image":{"@id":"https:\/\/www.iplay.com\/fr\/games\/marvelous-magic-detectives-volume-1\/#primaryimage"},"thumbnailUrl":"https:\/\/www.iplay.com\/wp-content\/uploads\/2024\/09\/400x400-marvelous_magic_detectives_-_volume_1_large_square_tile_image.webp","datePublished":"2024-08-14T10:00:16+00:00","description":"Marvelous Magic Detectives - Vol 1 - Affrontez des myst\u00e8res magiques et rendez justice au monde magique !","breadcrumb":{"@id":"https:\/\/www.iplay.com\/fr\/games\/marvelous-magic-detectives-volume-1\/#breadcrumb"},"inLanguage":"fr-FR","potentialAction":[{"@type":"ReadAction","target":["https:\/\/www.iplay.com\/fr\/games\/marvelous-magic-detectives-volume-1\/"]}]},{"@type":"ImageObject","inLanguage":"fr-FR","@id":"https:\/\/www.iplay.com\/fr\/games\/marvelous-magic-detectives-volume-1\/#primaryimage","url":"https:\/\/www.iplay.com\/wp-content\/uploads\/2024\/09\/400x400-marvelous_magic_detectives_-_volume_1_large_square_tile_image.webp","contentUrl":"https:\/\/www.iplay.com\/wp-content\/uploads\/2024\/09\/400x400-marvelous_magic_detectives_-_volume_1_large_square_tile_image.webp","width":400,"height":400},{"@type":"BreadcrumbList","@id":"https:\/\/www.iplay.com\/fr\/games\/marvelous-magic-detectives-volume-1\/#breadcrumb","itemListElement":[{"@type":"ListItem","position":1,"name":"Home","item":"https:\/\/www.iplay.com\/fr\/home-page-2\/"},{"@type":"ListItem","position":2,"name":"Shop","item":"https:\/\/www.iplay.com\/en\/shop\/"},{"@type":"ListItem","position":3,"name":"Marvelous Magic Detectives &#8211; Volume 1"}]},{"@type":"WebSite","@id":"https:\/\/www.iplay.com\/en\/#website","url":"https:\/\/www.iplay.com\/en\/","name":"IPlay","description":"The Best Casual Games!","publisher":{"@id":"https:\/\/www.iplay.com\/en\/#organization"},"potentialAction":[{"@type":"SearchAction","target":{"@type":"EntryPoint","urlTemplate":"https:\/\/www.iplay.com\/en\/?s={search_term_string}"},"query-input":{"@type":"PropertyValueSpecification","valueRequired":true,"valueName":"search_term_string"}}],"inLanguage":"fr-FR"},{"@type":"Organization","@id":"https:\/\/www.iplay.com\/en\/#organization","name":"IPlay","url":"https:\/\/www.iplay.com\/en\/","logo":{"@type":"ImageObject","inLanguage":"fr-FR","@id":"https:\/\/www.iplay.com\/en\/#\/schema\/logo\/image\/","url":"https:\/\/www.iplay.com\/wp-content\/uploads\/2023\/11\/Group-6100.svg","contentUrl":"https:\/\/www.iplay.com\/wp-content\/uploads\/2023\/11\/Group-6100.svg","width":98,"height":25,"caption":"IPlay"},"image":{"@id":"https:\/\/www.iplay.com\/en\/#\/schema\/logo\/image\/"}}]}},"_links":{"self":[{"href":"https:\/\/www.iplay.com\/fr\/wp-json\/wp\/v2\/product\/127653","targetHints":{"allow":["GET"]}}],"collection":[{"href":"https:\/\/www.iplay.com\/fr\/wp-json\/wp\/v2\/product"}],"about":[{"href":"https:\/\/www.iplay.com\/fr\/wp-json\/wp\/v2\/types\/product"}],"author":[{"embeddable":true,"href":"https:\/\/www.iplay.com\/fr\/wp-json\/wp\/v2\/users\/52"}],"replies":[{"embeddable":true,"href":"https:\/\/www.iplay.com\/fr\/wp-json\/wp\/v2\/comments?post=127653"}],"wp:featuredmedia":[{"embeddable":true,"href":"https:\/\/www.iplay.com\/fr\/wp-json\/wp\/v2\/media\/38789"}],"wp:attachment":[{"href":"https:\/\/www.iplay.com\/fr\/wp-json\/wp\/v2\/media?parent=127653"}],"wp:term":[{"taxonomy":"product_brand","embeddable":true,"href":"https:\/\/www.iplay.com\/fr\/wp-json\/wp\/v2\/product_brand?post=127653"},{"taxonomy":"product_cat","embeddable":true,"href":"https:\/\/www.iplay.com\/fr\/wp-json\/wp\/v2\/product_cat?post=127653"},{"taxonomy":"product_tag","embeddable":true,"href":"https:\/\/www.iplay.com\/fr\/wp-json\/wp\/v2\/product_tag?post=127653"}],"curies":[{"name":"wp","href":"https:\/\/api.w.org\/{rel}","templated":true}]}}