{"id":127508,"date":"2024-10-25T08:00:57","date_gmt":"2024-10-25T08:00:57","guid":{"rendered":"https:\/\/www.iplay.com\/games\/the-harmony-chronicles-demon-of-the-void-collectors-edition\/"},"modified":"2025-03-19T12:31:41","modified_gmt":"2025-03-19T12:31:41","slug":"the-harmony-chronicles-demon-of-the-void-collectors-edition","status":"publish","type":"product","link":"https:\/\/www.iplay.com\/fr\/games\/the-harmony-chronicles-demon-of-the-void-collectors-edition\/","title":{"rendered":"The Harmony Chronicles: Demon Of The Void Collector&#8217;s Edition"},"content":{"rendered":"<p>Embarquez pour une aventure inoubliable avec <strong>The Harmony Chronicles &#8211; Demon of the Void, un jeu d\u2019objets<\/strong> cach\u00e9s qui vous plongera dans un monde au bord de la destruction. Le destin de l\u2019univers repose entre les mains de Mona, une fille autrefois ordinaire qui a \u00e9t\u00e9 transform\u00e9e en guerri\u00e8re choisie de la d\u00e9esse Harmony. Alors qu\u2019elle se pr\u00e9pare \u00e0 rencontrer son protecteur c\u00e9leste, Mona est soudainement tir\u00e9e \u00e0 travers un portail mystique et propuls\u00e9e dans un monde en train de s\u2019effondrer.  <\/p>\n<p>Son voyage l\u2019emm\u00e8ne \u00e0 l\u2019Universit\u00e9 interdimensionnelle de magie, une institution autrefois florissante qui est maintenant en ruine. C\u2019est l\u00e0 qu\u2019elle rencontre le professeur Kadabrius, le seul individu qui semble comprendre la gravit\u00e9 de la situation. Mona apprend rapidement qu\u2019une force terrifiante, connue sous le nom de D\u00e9mon du N\u00e9ant, d\u00e9chire les r\u00e9alit\u00e9s, consumant tout sur son passage. C\u2019est \u00e0 elle de s\u2019aventurer \u00e0 travers les royaumes bris\u00e9s, de rassembler des indices et de trouver un moyen d\u2019arr\u00eater le D\u00e9mon du N\u00e9ant avant qu\u2019il ne d\u00e9vore l\u2019univers entier.   <\/p>\n<p><strong>Fonctionnalit\u00e9s<\/strong><\/p>\n<ul>\n<li><em>Explorez des mondes enchanteurs et vari\u00e9s :<\/em> Le voyage de Mona vous emm\u00e8nera \u00e0 travers des paysages \u00e0 couper le souffle, dessin\u00e9s \u00e0 la main, chacun rempli de myst\u00e8res et de d\u00e9fis uniques. Des for\u00eats enchant\u00e9es aux temples anciens, chaque royaume offre un r\u00e9gal visuel pour les yeux. <\/li>\n<li><em>R\u00e9solvez des \u00e9nigmes d\u2019objets cach\u00e9s difficiles :<\/em> Mettez vos comp\u00e9tences d\u2019observation \u00e0 l\u2019\u00e9preuve en recherchant des indices cach\u00e9s et des objets essentiels \u00e9parpill\u00e9s dans des environnements richement d\u00e9taill\u00e9s. Chaque \u00e9nigme vous rapprochera un peu plus de la d\u00e9faite du D\u00e9mon du N\u00e9ant. <\/li>\n<li><em>Bataille contre le d\u00e9mon du Vide :<\/em> Au fur et \u00e0 mesure de votre progression, vous vous retrouverez face \u00e0 face avec le mena\u00e7ant D\u00e9mon du N\u00e9ant lui-m\u00eame, un \u00eatre qui d\u00e9vore des mondes entiers. Ce n\u2019est qu\u2019avec de l\u2019esprit, du courage et du travail d\u2019\u00e9quipe que Mona peut esp\u00e9rer vaincre cet ennemi monstrueux. <\/li>\n<li><em>Former des alliances improbables :<\/em> En chemin, Mona sera rejointe par une bande de compagnons excentriques, dont le chevalier Lancelot, un chevalier sans t\u00eate au c\u0153ur d\u2019or ; un pr\u00eatre chat parlant avec une profonde connaissance magique ; un Sphinx sage ; et m\u00eame un Kraken redoutable. Chaque alli\u00e9 apportera ses propres comp\u00e9tences et bizarreries pour l\u2019aider dans la bataille contre le chaos. <\/li>\n<li><em>R\u00e9solution strat\u00e9gique de probl\u00e8mes :<\/em> Tout au long du voyage, vous serez charg\u00e9 de r\u00e9soudre divers casse-t\u00eate et \u00e9nigmes strat\u00e9giques. Qu\u2019il s\u2019agisse de d\u00e9chiffrer d\u2019anciennes runes ou de d\u00e9jouer des cr\u00e9atures magiques, ces \u00e9nigmes mettront \u00e0 l\u2019\u00e9preuve votre logique et votre cr\u00e9ativit\u00e9. <\/li>\n<li><em>Restaurez les Royaumes Bris\u00e9s :<\/em> Alors que Mona rassemble des alli\u00e9s et d\u00e9couvre des pouvoirs cach\u00e9s, elle rel\u00e8vera le d\u00e9fi ultime de r\u00e9tablir l\u2019ordre dans les univers bris\u00e9s. Chaque monde qu\u2019elle sauve la rapproche de la d\u00e9couverte du myst\u00e8re qui se cache derri\u00e8re le D\u00e9mon du N\u00e9ant. <\/li>\n<li><em>Des intrigues amusantes et engageantes :<\/em> Des dialogues humoristiques aux moments r\u00e9confortants avec ses compagnons, le voyage de Mona est rempli de r\u00e9cits captivants. Le m\u00e9lange de moments l\u00e9gers et dramatiques en fait une exp\u00e9rience riche et \u00e9motionnelle. <\/li>\n<\/ul>\n<p>&nbsp;<\/p>\n<p><strong>Caract\u00e9ristiques de l\u2019\u00e9dition collector<\/strong><\/p>\n<ul>\n<li><em>Sc\u00e9nario \u00e9tendu :<\/em> Plongez plus profond\u00e9ment dans l\u2019aventure de Mona avec des \u00e9l\u00e9ments d\u2019intrigue suppl\u00e9mentaires, r\u00e9v\u00e9lant des secrets cach\u00e9s sur son pass\u00e9 et les origines du D\u00e9mon du N\u00e9ant.<\/li>\n<li><em>Niveaux bonus et \u00e9nigmes :<\/em> Relevez de nouveaux d\u00e9fis avec des niveaux exclusifs et des \u00e9nigmes complexes con\u00e7ues pour tester vos comp\u00e9tences.<\/li>\n<li><em>Rencontrez de nouveaux personnages :<\/em> Rencontrez des alli\u00e9s et des adversaires encore plus uniques au fur et \u00e0 mesure que vous progressez dans l\u2019\u00c9dition Collector.<\/li>\n<li><em>Contenu exclusif :<\/em> Profitez de contenus bonus tels que des fonds d\u2019\u00e9cran, des bandes sonores et des casse-t\u00eate qui ajoutent une valeur suppl\u00e9mentaire \u00e0 votre voyage.<\/li>\n<\/ul>\n<p>&nbsp;<\/p>\n<p><strong>The Harmony Chronicles &#8211; Demon of the Void <\/strong>promet des heures de jeu palpitantes, des sc\u00e9narios captivants et un monde riche en myst\u00e8re et en magie. La qu\u00eate de Mona est plus qu\u2019une simple aventure, c\u2019est une course contre la montre pour sauver l\u2019univers. Reprendrez-vous le flambeau et combattrez-vous le D\u00e9mon du N\u00e9ant, ou les t\u00e9n\u00e8bres l\u2019emporteront-elles ? Le voyage vous attend, \u00eates-vous pr\u00eat ?   <\/p>\n<p>Ce jeu d\u2019objets cach\u00e9s offre le m\u00e9lange parfait de myst\u00e8re, de fantaisie et de r\u00e9solution d\u2019\u00e9nigmes, ce qui le rend id\u00e9al pour les fans de narration immersive et de gameplay stimulant. Que vous soyez novice dans le genre ou un passionn\u00e9 chevronn\u00e9 de puzzles, The Harmony Chronicles vous tiendra en haleine du d\u00e9but \u00e0 la fin. Ne manquez pas votre chance de plonger dans cette aventure inoubliable !<\/p>\n","protected":false},"excerpt":{"rendered":"<p>Le destin de l\u2019univers repose entre les mains de Mona, une fille autrefois ordinaire qui a \u00e9t\u00e9 transform\u00e9e en guerri\u00e8re choisie de la d\u00e9esse Harmony.<\/p>\n","protected":false},"author":14,"featured_media":38803,"comment_status":"open","ping_status":"closed","template":"","meta":{"_acf_changed":false,"inline_featured_image":false},"product_brand":[],"product_cat":[165],"product_tag":[287],"class_list":{"0":"post-127508","1":"product","2":"type-product","3":"status-publish","4":"has-post-thumbnail","6":"product_cat-hidden-object-fr","7":"product_tag-play-on-pc-fr","9":"first","10":"instock","11":"shipping-taxable","12":"purchasable","13":"product-type-simple"},"acf":[],"yoast_head":"<!-- This site is optimized with the Yoast SEO Premium plugin v25.2 (Yoast SEO v25.2) - https:\/\/yoast.com\/wordpress\/plugins\/seo\/ -->\n<title>The Harmony Chronicles\u00a0: Demon Of The Void CE - Rejoignez Mona dans une qu\u00eate palpitante !<\/title>\n<meta name=\"description\" content=\"Le destin de l\u2019univers repose entre les mains de Mona, une fille autrefois ordinaire qui a \u00e9t\u00e9 transform\u00e9e en guerri\u00e8re choisie de la d\u00e9esse Harmony.\" \/>\n<meta name=\"robots\" content=\"index, follow, max-snippet:-1, max-image-preview:large, max-video-preview:-1\" \/>\n<link rel=\"canonical\" href=\"https:\/\/www.iplay.com\/fr\/games\/the-harmony-chronicles-demon-of-the-void-collectors-edition\/\" \/>\n<meta property=\"og:locale\" content=\"fr_FR\" \/>\n<meta property=\"og:type\" content=\"article\" \/>\n<meta property=\"og:title\" content=\"The Harmony Chronicles: Demon Of The Void Collector&#039;s Edition\" \/>\n<meta property=\"og:description\" content=\"Le destin de l\u2019univers repose entre les mains de Mona, une fille autrefois ordinaire qui a \u00e9t\u00e9 transform\u00e9e en guerri\u00e8re choisie de la d\u00e9esse Harmony.\" \/>\n<meta property=\"og:url\" content=\"https:\/\/www.iplay.com\/fr\/games\/the-harmony-chronicles-demon-of-the-void-collectors-edition\/\" \/>\n<meta property=\"og:site_name\" content=\"IPlay\" \/>\n<meta property=\"article:modified_time\" content=\"2025-03-19T12:31:41+00:00\" \/>\n<meta property=\"og:image\" content=\"https:\/\/www.iplay.com\/wp-content\/uploads\/2024\/09\/400x400-the_harmony_chronicles_-_demon_of_the_void_ce_large_square_tile_image.webp\" \/>\n\t<meta property=\"og:image:width\" content=\"400\" \/>\n\t<meta property=\"og:image:height\" content=\"400\" \/>\n\t<meta property=\"og:image:type\" content=\"image\/webp\" \/>\n<meta name=\"twitter:card\" content=\"summary_large_image\" \/>\n<meta name=\"twitter:label1\" content=\"Dur\u00e9e de lecture estim\u00e9e\" \/>\n\t<meta name=\"twitter:data1\" content=\"4 minutes\" \/>\n<script type=\"application\/ld+json\" class=\"yoast-schema-graph\">{\"@context\":\"https:\/\/schema.org\",\"@graph\":[{\"@type\":\"WebPage\",\"@id\":\"https:\/\/www.iplay.com\/fr\/games\/the-harmony-chronicles-demon-of-the-void-collectors-edition\/\",\"url\":\"https:\/\/www.iplay.com\/fr\/games\/the-harmony-chronicles-demon-of-the-void-collectors-edition\/\",\"name\":\"The Harmony Chronicles\u00a0: Demon Of The Void CE - Rejoignez Mona dans une qu\u00eate palpitante !\",\"isPartOf\":{\"@id\":\"https:\/\/www.iplay.com\/en\/#website\"},\"primaryImageOfPage\":{\"@id\":\"https:\/\/www.iplay.com\/fr\/games\/the-harmony-chronicles-demon-of-the-void-collectors-edition\/#primaryimage\"},\"image\":{\"@id\":\"https:\/\/www.iplay.com\/fr\/games\/the-harmony-chronicles-demon-of-the-void-collectors-edition\/#primaryimage\"},\"thumbnailUrl\":\"https:\/\/www.iplay.com\/wp-content\/uploads\/2024\/09\/400x400-the_harmony_chronicles_-_demon_of_the_void_ce_large_square_tile_image.webp\",\"datePublished\":\"2024-10-25T08:00:57+00:00\",\"dateModified\":\"2025-03-19T12:31:41+00:00\",\"description\":\"Le destin de l\u2019univers repose entre les mains de Mona, une fille autrefois ordinaire qui a \u00e9t\u00e9 transform\u00e9e en guerri\u00e8re choisie de la d\u00e9esse Harmony.\",\"breadcrumb\":{\"@id\":\"https:\/\/www.iplay.com\/fr\/games\/the-harmony-chronicles-demon-of-the-void-collectors-edition\/#breadcrumb\"},\"inLanguage\":\"fr-FR\",\"potentialAction\":[{\"@type\":\"ReadAction\",\"target\":[\"https:\/\/www.iplay.com\/fr\/games\/the-harmony-chronicles-demon-of-the-void-collectors-edition\/\"]}]},{\"@type\":\"ImageObject\",\"inLanguage\":\"fr-FR\",\"@id\":\"https:\/\/www.iplay.com\/fr\/games\/the-harmony-chronicles-demon-of-the-void-collectors-edition\/#primaryimage\",\"url\":\"https:\/\/www.iplay.com\/wp-content\/uploads\/2024\/09\/400x400-the_harmony_chronicles_-_demon_of_the_void_ce_large_square_tile_image.webp\",\"contentUrl\":\"https:\/\/www.iplay.com\/wp-content\/uploads\/2024\/09\/400x400-the_harmony_chronicles_-_demon_of_the_void_ce_large_square_tile_image.webp\",\"width\":400,\"height\":400},{\"@type\":\"BreadcrumbList\",\"@id\":\"https:\/\/www.iplay.com\/fr\/games\/the-harmony-chronicles-demon-of-the-void-collectors-edition\/#breadcrumb\",\"itemListElement\":[{\"@type\":\"ListItem\",\"position\":1,\"name\":\"Home\",\"item\":\"https:\/\/www.iplay.com\/fr\/home-page-2\/\"},{\"@type\":\"ListItem\",\"position\":2,\"name\":\"Shop\",\"item\":\"https:\/\/www.iplay.com\/en\/shop\/\"},{\"@type\":\"ListItem\",\"position\":3,\"name\":\"The Harmony Chronicles: Demon Of The Void Collector&#8217;s Edition\"}]},{\"@type\":\"WebSite\",\"@id\":\"https:\/\/www.iplay.com\/en\/#website\",\"url\":\"https:\/\/www.iplay.com\/en\/\",\"name\":\"IPlay\",\"description\":\"The Best Casual Games!\",\"publisher\":{\"@id\":\"https:\/\/www.iplay.com\/en\/#organization\"},\"potentialAction\":[{\"@type\":\"SearchAction\",\"target\":{\"@type\":\"EntryPoint\",\"urlTemplate\":\"https:\/\/www.iplay.com\/en\/?s={search_term_string}\"},\"query-input\":{\"@type\":\"PropertyValueSpecification\",\"valueRequired\":true,\"valueName\":\"search_term_string\"}}],\"inLanguage\":\"fr-FR\"},{\"@type\":\"Organization\",\"@id\":\"https:\/\/www.iplay.com\/en\/#organization\",\"name\":\"IPlay\",\"url\":\"https:\/\/www.iplay.com\/en\/\",\"logo\":{\"@type\":\"ImageObject\",\"inLanguage\":\"fr-FR\",\"@id\":\"https:\/\/www.iplay.com\/en\/#\/schema\/logo\/image\/\",\"url\":\"https:\/\/www.iplay.com\/wp-content\/uploads\/2023\/11\/Group-6100.svg\",\"contentUrl\":\"https:\/\/www.iplay.com\/wp-content\/uploads\/2023\/11\/Group-6100.svg\",\"width\":98,\"height\":25,\"caption\":\"IPlay\"},\"image\":{\"@id\":\"https:\/\/www.iplay.com\/en\/#\/schema\/logo\/image\/\"}}]}<\/script>\n<!-- \/ Yoast SEO Premium plugin. -->","yoast_head_json":{"title":"The Harmony Chronicles\u00a0: Demon Of The Void CE - Rejoignez Mona dans une qu\u00eate palpitante !","description":"Le destin de l\u2019univers repose entre les mains de Mona, une fille autrefois ordinaire qui a \u00e9t\u00e9 transform\u00e9e en guerri\u00e8re choisie de la d\u00e9esse Harmony.","robots":{"index":"index","follow":"follow","max-snippet":"max-snippet:-1","max-image-preview":"max-image-preview:large","max-video-preview":"max-video-preview:-1"},"canonical":"https:\/\/www.iplay.com\/fr\/games\/the-harmony-chronicles-demon-of-the-void-collectors-edition\/","og_locale":"fr_FR","og_type":"article","og_title":"The Harmony Chronicles: Demon Of The Void Collector's Edition","og_description":"Le destin de l\u2019univers repose entre les mains de Mona, une fille autrefois ordinaire qui a \u00e9t\u00e9 transform\u00e9e en guerri\u00e8re choisie de la d\u00e9esse Harmony.","og_url":"https:\/\/www.iplay.com\/fr\/games\/the-harmony-chronicles-demon-of-the-void-collectors-edition\/","og_site_name":"IPlay","article_modified_time":"2025-03-19T12:31:41+00:00","og_image":[{"width":400,"height":400,"url":"https:\/\/www.iplay.com\/wp-content\/uploads\/2024\/09\/400x400-the_harmony_chronicles_-_demon_of_the_void_ce_large_square_tile_image.webp","type":"image\/webp"}],"twitter_card":"summary_large_image","twitter_misc":{"Dur\u00e9e de lecture estim\u00e9e":"4 minutes"},"schema":{"@context":"https:\/\/schema.org","@graph":[{"@type":"WebPage","@id":"https:\/\/www.iplay.com\/fr\/games\/the-harmony-chronicles-demon-of-the-void-collectors-edition\/","url":"https:\/\/www.iplay.com\/fr\/games\/the-harmony-chronicles-demon-of-the-void-collectors-edition\/","name":"The Harmony Chronicles\u00a0: Demon Of The Void CE - Rejoignez Mona dans une qu\u00eate palpitante !","isPartOf":{"@id":"https:\/\/www.iplay.com\/en\/#website"},"primaryImageOfPage":{"@id":"https:\/\/www.iplay.com\/fr\/games\/the-harmony-chronicles-demon-of-the-void-collectors-edition\/#primaryimage"},"image":{"@id":"https:\/\/www.iplay.com\/fr\/games\/the-harmony-chronicles-demon-of-the-void-collectors-edition\/#primaryimage"},"thumbnailUrl":"https:\/\/www.iplay.com\/wp-content\/uploads\/2024\/09\/400x400-the_harmony_chronicles_-_demon_of_the_void_ce_large_square_tile_image.webp","datePublished":"2024-10-25T08:00:57+00:00","dateModified":"2025-03-19T12:31:41+00:00","description":"Le destin de l\u2019univers repose entre les mains de Mona, une fille autrefois ordinaire qui a \u00e9t\u00e9 transform\u00e9e en guerri\u00e8re choisie de la d\u00e9esse Harmony.","breadcrumb":{"@id":"https:\/\/www.iplay.com\/fr\/games\/the-harmony-chronicles-demon-of-the-void-collectors-edition\/#breadcrumb"},"inLanguage":"fr-FR","potentialAction":[{"@type":"ReadAction","target":["https:\/\/www.iplay.com\/fr\/games\/the-harmony-chronicles-demon-of-the-void-collectors-edition\/"]}]},{"@type":"ImageObject","inLanguage":"fr-FR","@id":"https:\/\/www.iplay.com\/fr\/games\/the-harmony-chronicles-demon-of-the-void-collectors-edition\/#primaryimage","url":"https:\/\/www.iplay.com\/wp-content\/uploads\/2024\/09\/400x400-the_harmony_chronicles_-_demon_of_the_void_ce_large_square_tile_image.webp","contentUrl":"https:\/\/www.iplay.com\/wp-content\/uploads\/2024\/09\/400x400-the_harmony_chronicles_-_demon_of_the_void_ce_large_square_tile_image.webp","width":400,"height":400},{"@type":"BreadcrumbList","@id":"https:\/\/www.iplay.com\/fr\/games\/the-harmony-chronicles-demon-of-the-void-collectors-edition\/#breadcrumb","itemListElement":[{"@type":"ListItem","position":1,"name":"Home","item":"https:\/\/www.iplay.com\/fr\/home-page-2\/"},{"@type":"ListItem","position":2,"name":"Shop","item":"https:\/\/www.iplay.com\/en\/shop\/"},{"@type":"ListItem","position":3,"name":"The Harmony Chronicles: Demon Of The Void Collector&#8217;s Edition"}]},{"@type":"WebSite","@id":"https:\/\/www.iplay.com\/en\/#website","url":"https:\/\/www.iplay.com\/en\/","name":"IPlay","description":"The Best Casual Games!","publisher":{"@id":"https:\/\/www.iplay.com\/en\/#organization"},"potentialAction":[{"@type":"SearchAction","target":{"@type":"EntryPoint","urlTemplate":"https:\/\/www.iplay.com\/en\/?s={search_term_string}"},"query-input":{"@type":"PropertyValueSpecification","valueRequired":true,"valueName":"search_term_string"}}],"inLanguage":"fr-FR"},{"@type":"Organization","@id":"https:\/\/www.iplay.com\/en\/#organization","name":"IPlay","url":"https:\/\/www.iplay.com\/en\/","logo":{"@type":"ImageObject","inLanguage":"fr-FR","@id":"https:\/\/www.iplay.com\/en\/#\/schema\/logo\/image\/","url":"https:\/\/www.iplay.com\/wp-content\/uploads\/2023\/11\/Group-6100.svg","contentUrl":"https:\/\/www.iplay.com\/wp-content\/uploads\/2023\/11\/Group-6100.svg","width":98,"height":25,"caption":"IPlay"},"image":{"@id":"https:\/\/www.iplay.com\/en\/#\/schema\/logo\/image\/"}}]}},"_links":{"self":[{"href":"https:\/\/www.iplay.com\/fr\/wp-json\/wp\/v2\/product\/127508","targetHints":{"allow":["GET"]}}],"collection":[{"href":"https:\/\/www.iplay.com\/fr\/wp-json\/wp\/v2\/product"}],"about":[{"href":"https:\/\/www.iplay.com\/fr\/wp-json\/wp\/v2\/types\/product"}],"author":[{"embeddable":true,"href":"https:\/\/www.iplay.com\/fr\/wp-json\/wp\/v2\/users\/14"}],"replies":[{"embeddable":true,"href":"https:\/\/www.iplay.com\/fr\/wp-json\/wp\/v2\/comments?post=127508"}],"wp:featuredmedia":[{"embeddable":true,"href":"https:\/\/www.iplay.com\/fr\/wp-json\/wp\/v2\/media\/38803"}],"wp:attachment":[{"href":"https:\/\/www.iplay.com\/fr\/wp-json\/wp\/v2\/media?parent=127508"}],"wp:term":[{"taxonomy":"product_brand","embeddable":true,"href":"https:\/\/www.iplay.com\/fr\/wp-json\/wp\/v2\/product_brand?post=127508"},{"taxonomy":"product_cat","embeddable":true,"href":"https:\/\/www.iplay.com\/fr\/wp-json\/wp\/v2\/product_cat?post=127508"},{"taxonomy":"product_tag","embeddable":true,"href":"https:\/\/www.iplay.com\/fr\/wp-json\/wp\/v2\/product_tag?post=127508"}],"curies":[{"name":"wp","href":"https:\/\/api.w.org\/{rel}","templated":true}]}}