{"id":127493,"date":"2024-10-16T20:43:09","date_gmt":"2024-10-16T20:43:09","guid":{"rendered":"https:\/\/www.iplay.com\/games\/secrets-of-magic-spooktacular-bundle\/"},"modified":"2024-10-16T20:43:09","modified_gmt":"2024-10-16T20:43:09","slug":"secrets-of-magic-spooktacular-bundle","status":"publish","type":"product","link":"https:\/\/www.iplay.com\/fr\/games\/secrets-of-magic-spooktacular-bundle\/","title":{"rendered":"Secrets of Magic &#8211; Spooktacular Bundle"},"content":{"rendered":"<p>Pr\u00e9parez-vous \u00e0 vous immerger dans une aventure d\u2019Halloween effrayante et rejoignez Victoria alors qu\u2019elle se lance dans un voyage palpitant rempli de magie, de myst\u00e8re et de d\u00e9fis \u00e9tranges dans cet ensemble de jeu extraordinaire. Que vous soyez un fan de sorcellerie, de jets de sorts ou que vous aimiez simplement les aventures sur le th\u00e8me d\u2019Halloween, cette collection est con\u00e7ue pour captiver et divertir. \u00cates-vous assez courageux pour vous aventurer dans un monde o\u00f9 des sorci\u00e8res, des sorciers et des cr\u00e9atures mystiques vous attendent ?  <\/p>\n<p>&nbsp;<\/p>\n<p><em>Les secrets de la magie : le livre des sorts<\/em><\/p>\n<p>Dans ce conte magique, les joueurs seront transport\u00e9s dans un monde fantastique grouillant de sorciers et de sorci\u00e8res. Victoria, notre courageuse protagoniste, doit rassembler des artefacts sp\u00e9ciaux et acqu\u00e9rir des comp\u00e9tences de sorcellerie pour prot\u00e9ger ses parents des griffes de la sorci\u00e8re mal\u00e9fique. Les royaumes enchant\u00e9s que vous traverserez rec\u00e8lent de nombreux secrets, mais c\u2019est le Livre des Sorts qui sera votre guide ultime. Ce jeu de Match-3 offre plus que de simples \u00e9nigmes, il offre la possibilit\u00e9 d\u2019apprendre des sorts puissants et de ma\u00eetriser l\u2019art de la magie. Une fois que vous avez perfectionn\u00e9 vos capacit\u00e9s, lancez-vous dans le mode D\u00e9fi pour tester vos nouvelles comp\u00e9tences dans un environnement comp\u00e9titif.    <\/p>\n<p><strong>Secrets of Magic 2 : Sorci\u00e8res et sorciers<\/strong><\/p>\n<p>Le voyage de Victoria se poursuit alors qu\u2019elle ma\u00eetrise ses capacit\u00e9s magiques et se pr\u00e9pare \u00e0 affronter Agn\u00e8s, la redoutable m\u00e9chante qui menace son monde. Avec ses pouvoirs pleinement r\u00e9alis\u00e9s, Victoria doit s\u2019unir \u00e0 d\u2019autres sorci\u00e8res et sorciers pour se lancer dans une bataille \u00e9pique contre les forces du mal. Dans cette suite passionnante, vous vous frayerez un chemin \u00e0 travers des terres mystiques et p\u00e9rilleuses, en d\u00e9bloquant des pouvoirs cach\u00e9s et en d\u00e9couvrant de nouveaux d\u00e9fis en cours de route. Arm\u00e9 de votre baguette et de vos connaissances enchant\u00e9es, c\u2019est \u00e0 vous de lib\u00e9rer les parents de Victoria et de r\u00e9tablir l\u2019\u00e9quilibre dans le royaume magique.   <\/p>\n<p>&nbsp;<\/p>\n<p><strong>Secrets of Magic 3 : Joyeux Halloween<\/strong><\/p>\n<p>Halloween approche \u00e0 grands pas, et Victoria, maintenant enseignante \u00e0 la c\u00e9l\u00e8bre Mystic Academy of Magic, a besoin de votre aide pour se pr\u00e9parer \u00e0 la nuit la plus effrayante de l\u2019ann\u00e9e. Dans ce jeu, la cr\u00e9ativit\u00e9 et la r\u00e9solution d\u2019\u00e9nigmes se combinent alors que vous aidez \u00e0 d\u00e9corer l\u2019\u00e9cole pour une c\u00e9l\u00e9bration hant\u00e9e pas comme les autres. Au fur et \u00e0 mesure que vous progressez dans cette aventure fantomatique, vous rencontrerez des \u00e9nigmes de Match-3 difficiles et des bonus passionnants qui vous rapporteront de l\u2019or pour acheter des d\u00e9corations d\u2019Halloween extraordinaires. D\u00e9bloquez de nouveaux objets, affrontez des obstacles d\u00e9licats et pr\u00e9parez-vous \u00e0 transformer la Mystic Academy en un lieu d\u2019\u00e9merveillement \u00e9trange !   <\/p>\n<p><strong>Secrets of Magic 4&nbsp;: Potion Master<\/strong><\/p>\n<p>Victoria revient avec une nouvelle aventure, mais cette fois-ci, elle n\u2019est pas seule. Sa talentueuse \u00e9l\u00e8ve, Beatrix, est impatiente de faire ses preuves et de devenir un ma\u00eetre des potions. Ensemble, ils se lancent dans une qu\u00eate pour trouver des ingr\u00e9dients rares et extraordinaires cach\u00e9s au plus profond de la For\u00eat Interdite. Cependant, cette for\u00eat n\u2019est pas un endroit ordinaire, elle est remplie de cr\u00e9atures magiques et de forces obscures qui attendent de tester leur bravoure. Dans ce chapitre de la s\u00e9rie, les joueurs exploreront des paysages enchant\u00e9s, fabriqueront de puissantes potions et affronteront une gamme d\u2019ennemis mythiques dans leur qu\u00eate de ma\u00eetrise magique. Le monde de la sorcellerie n\u2019a jamais \u00e9t\u00e9 aussi passionnant et immersif.     <\/p>\n<p><strong>Secrets of Magic 5 : Retour \u00e0 l\u2019\u00e9cole<\/strong><\/p>\n<p>Victoria et Beatrix retournent une fois de plus \u00e0 l\u2019\u00c9cole de Magie, et juste \u00e0 temps pour la saison la plus magique de l\u2019ann\u00e9e : Halloween ! Dans ce dernier \u00e9pisode, les deux sorci\u00e8res ont besoin de votre aide pour transformer l\u2019\u00e9cole en un lieu spectaculairement effrayant pour les festivit\u00e9s d\u2019Halloween. Avec de belles \u00e9nigmes \u00e0 r\u00e9soudre et un gameplay innovant \u00e0 appr\u00e9cier, ce jeu de Match-3 offre un nouveau niveau d\u2019excitation et de plaisir. D\u00e9bloquez des d\u00e9corations uniques, surmontez de nouveaux d\u00e9fis et faites de cet Halloween le plus enchanteur \u00e0 ce jour !   <\/p>\n<p><strong>Pourquoi ce pack de jeux est incontournable :<\/strong><\/p>\n<p>Ce pack Secrets of Magic offre des heures de divertissement magique, combinant des histoires captivantes, des \u00e9nigmes complexes et du plaisir sur le th\u00e8me d\u2019Halloween. Chaque jeu de la s\u00e9rie s\u2019appuie sur le pr\u00e9c\u00e9dent, garantissant que les joueurs restent engag\u00e9s alors qu\u2019ils plongent plus profond\u00e9ment dans le monde de la sorcellerie et de l\u2019aventure. Que vous d\u00e9coriez l\u2019\u00e9cole pour l\u2019Halloween ou que vous naviguiez dans la myst\u00e9rieuse for\u00eat interdite, chaque moment est con\u00e7u pour vous tenir en haleine.  <\/p>\n<p>&nbsp;<\/p>\n<p><strong>Qu\u2019est-ce qui distingue cet ensemble ?<\/strong><\/p>\n<p>Des intrigues riches : Chaque jeu raconte une partie unique du voyage magique de Victoria, m\u00ealant fantaisie, myst\u00e8re et aventure d\u2019une mani\u00e8re qui gardera les joueurs intrigu\u00e9s du d\u00e9but \u00e0 la fin.<br \/>\nGameplay Match-3 stimulant : Avec des \u00e9nigmes qui deviennent de plus en plus difficiles, les joueurs de tous niveaux trouveront du plaisir et de la satisfaction \u00e0 terminer chaque niveau.<br \/>\nPlaisir interactif d\u2019Halloween : Des d\u00e9corations effrayantes aux qu\u00eates palpitantes, cette collection offre le m\u00e9lange parfait d\u2019excitation \u00e9trange pour les amateurs d\u2019Halloween.<br \/>\nDes graphismes vibrants et des mondes immersifs : Les royaumes magiques du jeu prennent vie gr\u00e2ce \u00e0 des graphismes \u00e9poustouflants, des animations anim\u00e9es et des bandes-son atmosph\u00e9riques qui rendent chaque aventure r\u00e9elle.<\/p>\n<p>Avec cinq jeux emball\u00e9s dans ce pack, d\u2019innombrables heures de plaisir sont garanties alors que vous aidez Victoria et ses compagnons \u00e0 surmonter les forces obscures, \u00e0 r\u00e9soudre des myst\u00e8res et \u00e0 c\u00e9l\u00e9brer la magie d\u2019Halloween. Que vous combattiez des sorci\u00e8res mal\u00e9fiques, que vous pr\u00e9pariez des potions ou que vous d\u00e9coriez une \u00e9cole hant\u00e9e, chaque \u00e9tape de cette aventure est con\u00e7ue pour \u00eatre divertissante, engageante et inoubliable.<\/p>\n","protected":false},"excerpt":{"rendered":"<p>Avec cinq jeux emball\u00e9s dans ce pack, d\u2019innombrables heures de plaisir sont garanties alors que vous aidez Victoria et ses compagnons \u00e0 surmonter les forces obscures, \u00e0 r\u00e9soudre des myst\u00e8res et \u00e0 c\u00e9l\u00e9brer la magie d\u2019Halloween.<\/p>\n","protected":false},"author":22,"featured_media":38799,"comment_status":"open","ping_status":"closed","template":"","meta":{"_acf_changed":false,"inline_featured_image":false},"product_brand":[],"product_cat":[177],"product_tag":[287],"class_list":{"0":"post-127493","1":"product","2":"type-product","3":"status-publish","4":"has-post-thumbnail","6":"product_cat-match-3-fr","7":"product_tag-play-on-pc-fr","9":"first","10":"instock","11":"shipping-taxable","12":"purchasable","13":"product-type-simple"},"acf":[],"yoast_head":"<!-- This site is optimized with the Yoast SEO Premium plugin v25.2 (Yoast SEO v25.2) - https:\/\/yoast.com\/wordpress\/plugins\/seo\/ -->\n<title>Secrets of Magic - Spooktacular Bundle - Pr\u00e9parez-vous pour un Halloween exaltant !<\/title>\n<meta name=\"description\" content=\"Avec cinq jeux emball\u00e9s dans ce pack, d\u2019innombrables heures de plaisir sont garanties alors que vous aidez Victoria et ses compagnons \u00e0 surmonter les forces obscures, \u00e0 r\u00e9soudre des myst\u00e8res et \u00e0 c\u00e9l\u00e9brer la magie d\u2019Halloween.\" \/>\n<meta name=\"robots\" content=\"index, follow, max-snippet:-1, max-image-preview:large, max-video-preview:-1\" \/>\n<link rel=\"canonical\" href=\"https:\/\/www.iplay.com\/fr\/games\/secrets-of-magic-spooktacular-bundle\/\" \/>\n<meta property=\"og:locale\" content=\"fr_FR\" \/>\n<meta property=\"og:type\" content=\"article\" \/>\n<meta property=\"og:title\" content=\"Secrets of Magic - Spooktacular Bundle\" \/>\n<meta property=\"og:description\" content=\"Avec cinq jeux emball\u00e9s dans ce pack, d\u2019innombrables heures de plaisir sont garanties alors que vous aidez Victoria et ses compagnons \u00e0 surmonter les forces obscures, \u00e0 r\u00e9soudre des myst\u00e8res et \u00e0 c\u00e9l\u00e9brer la magie d\u2019Halloween.\" \/>\n<meta property=\"og:url\" content=\"https:\/\/www.iplay.com\/fr\/games\/secrets-of-magic-spooktacular-bundle\/\" \/>\n<meta property=\"og:site_name\" content=\"IPlay\" \/>\n<meta property=\"og:image\" content=\"https:\/\/www.iplay.com\/wp-content\/uploads\/2024\/09\/400x400-secrets_of_magic_-_spooktacular_bundle_large_square_tile_image.webp\" \/>\n\t<meta property=\"og:image:width\" content=\"400\" \/>\n\t<meta property=\"og:image:height\" content=\"400\" \/>\n\t<meta property=\"og:image:type\" content=\"image\/webp\" \/>\n<meta name=\"twitter:card\" content=\"summary_large_image\" \/>\n<meta name=\"twitter:label1\" content=\"Dur\u00e9e de lecture estim\u00e9e\" \/>\n\t<meta name=\"twitter:data1\" content=\"5 minutes\" \/>\n<script type=\"application\/ld+json\" class=\"yoast-schema-graph\">{\"@context\":\"https:\/\/schema.org\",\"@graph\":[{\"@type\":\"WebPage\",\"@id\":\"https:\/\/www.iplay.com\/fr\/games\/secrets-of-magic-spooktacular-bundle\/\",\"url\":\"https:\/\/www.iplay.com\/fr\/games\/secrets-of-magic-spooktacular-bundle\/\",\"name\":\"Secrets of Magic - Spooktacular Bundle - Pr\u00e9parez-vous pour un Halloween exaltant !\",\"isPartOf\":{\"@id\":\"https:\/\/www.iplay.com\/en\/#website\"},\"primaryImageOfPage\":{\"@id\":\"https:\/\/www.iplay.com\/fr\/games\/secrets-of-magic-spooktacular-bundle\/#primaryimage\"},\"image\":{\"@id\":\"https:\/\/www.iplay.com\/fr\/games\/secrets-of-magic-spooktacular-bundle\/#primaryimage\"},\"thumbnailUrl\":\"https:\/\/www.iplay.com\/wp-content\/uploads\/2024\/09\/400x400-secrets_of_magic_-_spooktacular_bundle_large_square_tile_image.webp\",\"datePublished\":\"2024-10-16T20:43:09+00:00\",\"description\":\"Avec cinq jeux emball\u00e9s dans ce pack, d\u2019innombrables heures de plaisir sont garanties alors que vous aidez Victoria et ses compagnons \u00e0 surmonter les forces obscures, \u00e0 r\u00e9soudre des myst\u00e8res et \u00e0 c\u00e9l\u00e9brer la magie d\u2019Halloween.\",\"breadcrumb\":{\"@id\":\"https:\/\/www.iplay.com\/fr\/games\/secrets-of-magic-spooktacular-bundle\/#breadcrumb\"},\"inLanguage\":\"fr-FR\",\"potentialAction\":[{\"@type\":\"ReadAction\",\"target\":[\"https:\/\/www.iplay.com\/fr\/games\/secrets-of-magic-spooktacular-bundle\/\"]}]},{\"@type\":\"ImageObject\",\"inLanguage\":\"fr-FR\",\"@id\":\"https:\/\/www.iplay.com\/fr\/games\/secrets-of-magic-spooktacular-bundle\/#primaryimage\",\"url\":\"https:\/\/www.iplay.com\/wp-content\/uploads\/2024\/09\/400x400-secrets_of_magic_-_spooktacular_bundle_large_square_tile_image.webp\",\"contentUrl\":\"https:\/\/www.iplay.com\/wp-content\/uploads\/2024\/09\/400x400-secrets_of_magic_-_spooktacular_bundle_large_square_tile_image.webp\",\"width\":400,\"height\":400},{\"@type\":\"BreadcrumbList\",\"@id\":\"https:\/\/www.iplay.com\/fr\/games\/secrets-of-magic-spooktacular-bundle\/#breadcrumb\",\"itemListElement\":[{\"@type\":\"ListItem\",\"position\":1,\"name\":\"Home\",\"item\":\"https:\/\/www.iplay.com\/fr\/home-page-2\/\"},{\"@type\":\"ListItem\",\"position\":2,\"name\":\"Shop\",\"item\":\"https:\/\/www.iplay.com\/en\/shop\/\"},{\"@type\":\"ListItem\",\"position\":3,\"name\":\"Secrets of Magic &#8211; Spooktacular Bundle\"}]},{\"@type\":\"WebSite\",\"@id\":\"https:\/\/www.iplay.com\/en\/#website\",\"url\":\"https:\/\/www.iplay.com\/en\/\",\"name\":\"IPlay\",\"description\":\"The Best Casual Games!\",\"publisher\":{\"@id\":\"https:\/\/www.iplay.com\/en\/#organization\"},\"potentialAction\":[{\"@type\":\"SearchAction\",\"target\":{\"@type\":\"EntryPoint\",\"urlTemplate\":\"https:\/\/www.iplay.com\/en\/?s={search_term_string}\"},\"query-input\":{\"@type\":\"PropertyValueSpecification\",\"valueRequired\":true,\"valueName\":\"search_term_string\"}}],\"inLanguage\":\"fr-FR\"},{\"@type\":\"Organization\",\"@id\":\"https:\/\/www.iplay.com\/en\/#organization\",\"name\":\"IPlay\",\"url\":\"https:\/\/www.iplay.com\/en\/\",\"logo\":{\"@type\":\"ImageObject\",\"inLanguage\":\"fr-FR\",\"@id\":\"https:\/\/www.iplay.com\/en\/#\/schema\/logo\/image\/\",\"url\":\"https:\/\/www.iplay.com\/wp-content\/uploads\/2023\/11\/Group-6100.svg\",\"contentUrl\":\"https:\/\/www.iplay.com\/wp-content\/uploads\/2023\/11\/Group-6100.svg\",\"width\":98,\"height\":25,\"caption\":\"IPlay\"},\"image\":{\"@id\":\"https:\/\/www.iplay.com\/en\/#\/schema\/logo\/image\/\"}}]}<\/script>\n<!-- \/ Yoast SEO Premium plugin. -->","yoast_head_json":{"title":"Secrets of Magic - Spooktacular Bundle - Pr\u00e9parez-vous pour un Halloween exaltant !","description":"Avec cinq jeux emball\u00e9s dans ce pack, d\u2019innombrables heures de plaisir sont garanties alors que vous aidez Victoria et ses compagnons \u00e0 surmonter les forces obscures, \u00e0 r\u00e9soudre des myst\u00e8res et \u00e0 c\u00e9l\u00e9brer la magie d\u2019Halloween.","robots":{"index":"index","follow":"follow","max-snippet":"max-snippet:-1","max-image-preview":"max-image-preview:large","max-video-preview":"max-video-preview:-1"},"canonical":"https:\/\/www.iplay.com\/fr\/games\/secrets-of-magic-spooktacular-bundle\/","og_locale":"fr_FR","og_type":"article","og_title":"Secrets of Magic - Spooktacular Bundle","og_description":"Avec cinq jeux emball\u00e9s dans ce pack, d\u2019innombrables heures de plaisir sont garanties alors que vous aidez Victoria et ses compagnons \u00e0 surmonter les forces obscures, \u00e0 r\u00e9soudre des myst\u00e8res et \u00e0 c\u00e9l\u00e9brer la magie d\u2019Halloween.","og_url":"https:\/\/www.iplay.com\/fr\/games\/secrets-of-magic-spooktacular-bundle\/","og_site_name":"IPlay","og_image":[{"width":400,"height":400,"url":"https:\/\/www.iplay.com\/wp-content\/uploads\/2024\/09\/400x400-secrets_of_magic_-_spooktacular_bundle_large_square_tile_image.webp","type":"image\/webp"}],"twitter_card":"summary_large_image","twitter_misc":{"Dur\u00e9e de lecture estim\u00e9e":"5 minutes"},"schema":{"@context":"https:\/\/schema.org","@graph":[{"@type":"WebPage","@id":"https:\/\/www.iplay.com\/fr\/games\/secrets-of-magic-spooktacular-bundle\/","url":"https:\/\/www.iplay.com\/fr\/games\/secrets-of-magic-spooktacular-bundle\/","name":"Secrets of Magic - Spooktacular Bundle - Pr\u00e9parez-vous pour un Halloween exaltant !","isPartOf":{"@id":"https:\/\/www.iplay.com\/en\/#website"},"primaryImageOfPage":{"@id":"https:\/\/www.iplay.com\/fr\/games\/secrets-of-magic-spooktacular-bundle\/#primaryimage"},"image":{"@id":"https:\/\/www.iplay.com\/fr\/games\/secrets-of-magic-spooktacular-bundle\/#primaryimage"},"thumbnailUrl":"https:\/\/www.iplay.com\/wp-content\/uploads\/2024\/09\/400x400-secrets_of_magic_-_spooktacular_bundle_large_square_tile_image.webp","datePublished":"2024-10-16T20:43:09+00:00","description":"Avec cinq jeux emball\u00e9s dans ce pack, d\u2019innombrables heures de plaisir sont garanties alors que vous aidez Victoria et ses compagnons \u00e0 surmonter les forces obscures, \u00e0 r\u00e9soudre des myst\u00e8res et \u00e0 c\u00e9l\u00e9brer la magie d\u2019Halloween.","breadcrumb":{"@id":"https:\/\/www.iplay.com\/fr\/games\/secrets-of-magic-spooktacular-bundle\/#breadcrumb"},"inLanguage":"fr-FR","potentialAction":[{"@type":"ReadAction","target":["https:\/\/www.iplay.com\/fr\/games\/secrets-of-magic-spooktacular-bundle\/"]}]},{"@type":"ImageObject","inLanguage":"fr-FR","@id":"https:\/\/www.iplay.com\/fr\/games\/secrets-of-magic-spooktacular-bundle\/#primaryimage","url":"https:\/\/www.iplay.com\/wp-content\/uploads\/2024\/09\/400x400-secrets_of_magic_-_spooktacular_bundle_large_square_tile_image.webp","contentUrl":"https:\/\/www.iplay.com\/wp-content\/uploads\/2024\/09\/400x400-secrets_of_magic_-_spooktacular_bundle_large_square_tile_image.webp","width":400,"height":400},{"@type":"BreadcrumbList","@id":"https:\/\/www.iplay.com\/fr\/games\/secrets-of-magic-spooktacular-bundle\/#breadcrumb","itemListElement":[{"@type":"ListItem","position":1,"name":"Home","item":"https:\/\/www.iplay.com\/fr\/home-page-2\/"},{"@type":"ListItem","position":2,"name":"Shop","item":"https:\/\/www.iplay.com\/en\/shop\/"},{"@type":"ListItem","position":3,"name":"Secrets of Magic &#8211; Spooktacular Bundle"}]},{"@type":"WebSite","@id":"https:\/\/www.iplay.com\/en\/#website","url":"https:\/\/www.iplay.com\/en\/","name":"IPlay","description":"The Best Casual Games!","publisher":{"@id":"https:\/\/www.iplay.com\/en\/#organization"},"potentialAction":[{"@type":"SearchAction","target":{"@type":"EntryPoint","urlTemplate":"https:\/\/www.iplay.com\/en\/?s={search_term_string}"},"query-input":{"@type":"PropertyValueSpecification","valueRequired":true,"valueName":"search_term_string"}}],"inLanguage":"fr-FR"},{"@type":"Organization","@id":"https:\/\/www.iplay.com\/en\/#organization","name":"IPlay","url":"https:\/\/www.iplay.com\/en\/","logo":{"@type":"ImageObject","inLanguage":"fr-FR","@id":"https:\/\/www.iplay.com\/en\/#\/schema\/logo\/image\/","url":"https:\/\/www.iplay.com\/wp-content\/uploads\/2023\/11\/Group-6100.svg","contentUrl":"https:\/\/www.iplay.com\/wp-content\/uploads\/2023\/11\/Group-6100.svg","width":98,"height":25,"caption":"IPlay"},"image":{"@id":"https:\/\/www.iplay.com\/en\/#\/schema\/logo\/image\/"}}]}},"_links":{"self":[{"href":"https:\/\/www.iplay.com\/fr\/wp-json\/wp\/v2\/product\/127493","targetHints":{"allow":["GET"]}}],"collection":[{"href":"https:\/\/www.iplay.com\/fr\/wp-json\/wp\/v2\/product"}],"about":[{"href":"https:\/\/www.iplay.com\/fr\/wp-json\/wp\/v2\/types\/product"}],"author":[{"embeddable":true,"href":"https:\/\/www.iplay.com\/fr\/wp-json\/wp\/v2\/users\/22"}],"replies":[{"embeddable":true,"href":"https:\/\/www.iplay.com\/fr\/wp-json\/wp\/v2\/comments?post=127493"}],"wp:featuredmedia":[{"embeddable":true,"href":"https:\/\/www.iplay.com\/fr\/wp-json\/wp\/v2\/media\/38799"}],"wp:attachment":[{"href":"https:\/\/www.iplay.com\/fr\/wp-json\/wp\/v2\/media?parent=127493"}],"wp:term":[{"taxonomy":"product_brand","embeddable":true,"href":"https:\/\/www.iplay.com\/fr\/wp-json\/wp\/v2\/product_brand?post=127493"},{"taxonomy":"product_cat","embeddable":true,"href":"https:\/\/www.iplay.com\/fr\/wp-json\/wp\/v2\/product_cat?post=127493"},{"taxonomy":"product_tag","embeddable":true,"href":"https:\/\/www.iplay.com\/fr\/wp-json\/wp\/v2\/product_tag?post=127493"}],"curies":[{"name":"wp","href":"https:\/\/api.w.org\/{rel}","templated":true}]}}