{"id":127486,"date":"2024-10-11T08:00:39","date_gmt":"2024-10-11T08:00:39","guid":{"rendered":"https:\/\/www.iplay.com\/games\/clearit-to-mars\/"},"modified":"2024-10-11T08:00:39","modified_gmt":"2024-10-11T08:00:39","slug":"clearit-to-mars","status":"publish","type":"product","link":"https:\/\/www.iplay.com\/fr\/games\/clearit-to-mars\/","title":{"rendered":"ClearIt To Mars"},"content":{"rendered":"<p>ClearIt To Mars offre une exp\u00e9rience de puzzle attrayante et color\u00e9e, \u00e0 la fois simple \u00e0 comprendre et de plus en plus difficile au fur et \u00e0 mesure que vous progressez. Ce jeu dynamique, con\u00e7u pour divertir pendant des heures, offre une vari\u00e9t\u00e9 de niveaux qui garderont les joueurs occasionnels et les amateurs de puzzles accroch\u00e9s. Avec 200 niveaux \u00e0 conqu\u00e9rir, chacun avec des degr\u00e9s de complexit\u00e9 variables, vous \u00eates assur\u00e9 d\u2019heures de jeu immersif.  <\/p>\n<p>Au centre de chaque niveau se trouve une image captivante compos\u00e9e de boules aux couleurs vives. Votre t\u00e2che consiste \u00e0 d\u00e9gager le terrain en tirant strat\u00e9giquement des balles depuis les bords de l\u2019\u00e9cran. Les balles sont situ\u00e9es sur les quatre c\u00f4t\u00e9s (gauche, droite, haut et bas) en attendant d\u2019\u00eatre s\u00e9lectionn\u00e9es et tir\u00e9es en ligne droite vers le centre. Le but est d\u2019assortir des balles de la m\u00eame couleur, qui dispara\u00eetront lorsqu\u2019elles entreront en contact les unes avec les autres. Votre d\u00e9fi est de faire dispara\u00eetre toutes les balles, en nettoyant compl\u00e8tement le terrain.    <\/p>\n<p>Au fur et \u00e0 mesure que le jeu progresse, les \u00e9nigmes deviennent plus complexes, ce qui garantit que chaque niveau offre une exp\u00e9rience fra\u00eeche et stimulante. Avec cinq modes de jeu diff\u00e9rents, il existe de nombreuses fa\u00e7ons de d\u00e9fier votre esprit et de vous divertir. <\/p>\n<p><strong>Fonctionnalit\u00e9s<\/strong><\/p>\n<ul>\n<li><em>200 niveaux engageants :<\/em> Plongez dans une vari\u00e9t\u00e9 d\u2019\u00e9nigmes \u00e0 travers 200 niveaux, chacun offrant un d\u00e9fi unique \u00e0 mesure que la complexit\u00e9 augmente.<\/li>\n<li><em>Animation color\u00e9e et vivante :<\/em> Profitez d\u2019animations vives et dynamiques qui rendent le jeu visuellement attrayant et agr\u00e9able. Les designs lumineux et color\u00e9s garantissent que chaque instant est accrocheur et amusant. <\/li>\n<li><em>Un gameplay facile \u00e0 comprendre :<\/em> La m\u00e9canique est intuitive : il suffit de tirer sur les balles depuis les bords et de faire correspondre les couleurs pour les faire dispara\u00eetre. Mais ne vous laissez pas berner par sa simplicit\u00e9 ; La difficult\u00e9 croissante vous incitera \u00e0 revenir pour plus. <\/li>\n<li><em>Cinq modes de jeu :<\/em> Explorez cinq modes de jeu distincts, offrant diff\u00e9rentes approches des \u00e9nigmes et ajoutant de la vari\u00e9t\u00e9 \u00e0 votre exp\u00e9rience.<\/li>\n<li><em>Temps de jeu illimit\u00e9 :<\/em> Il n\u2019y a pas de pression de temps dans ClearIt To Mars. Vous pouvez prendre votre temps pour r\u00e9soudre chaque \u00e9nigme, ce qui est parfait pour les joueurs qui appr\u00e9cient une exp\u00e9rience de jeu d\u00e9tendue et r\u00e9fl\u00e9chie. Cependant, au fur et \u00e0 mesure que vous avancez, les \u00e9tapes deviennent plus complexes, ce qui rend le d\u00e9fi frais et excitant.  <\/li>\n<li><em>Dix heures de jeu :<\/em> Avec une dizaine d\u2019heures de contenu, ClearIt To Mars offre un excellent rapport qualit\u00e9-prix, ce qui en fait un choix id\u00e9al pour ceux qui recherchent un jeu qui les divertira pendant plusieurs sessions.<\/li>\n<\/ul>\n<p>&nbsp;<\/p>\n<p>Pourquoi ClearIt To Mars vaut votre temps :<\/p>\n<p>ClearIt To Mars se distingue par une combinaison parfaite de plaisir, de d\u00e9fi et de d\u00e9tente. Que vous soyez \u00e0 la recherche d\u2019une pause rapide pendant votre journ\u00e9e ou d\u2019une s\u00e9ance plus longue de stimulation mentale, ce jeu offre l\u2019\u00e9quilibre parfait. Sa m\u00e9canique simple le rend accessible aux d\u00e9butants, tandis que la complexit\u00e9 et la vari\u00e9t\u00e9 croissantes des modes de jeu offrent une exp\u00e9rience enrichissante pour les fans de puzzle chevronn\u00e9s.  <\/p>\n<p>Ce jeu est plus qu\u2019un simple puzzle color\u00e9, c\u2019est un test satisfaisant de strat\u00e9gie et d\u2019habilet\u00e9, avec en prime des visuels vibrants qui font de chaque niveau un plaisir \u00e0 jouer. Les 200 niveaux garantissent qu\u2019il y a toujours quelque chose de nouveau \u00e0 explorer, et sans limite de temps, vous pouvez prendre votre temps pour profiter pleinement de chaque \u00e9nigme \u00e0 votre propre rythme. <\/p>\n<p>Si vous \u00eates un fan d\u2019\u00e9nigmes qui mettent progressivement \u00e0 l\u2019\u00e9preuve vos comp\u00e9tences tout en offrant une exp\u00e9rience visuellement dynamique, ClearIt To Mars est un jeu incontournable. C\u2019est un jeu qui vous invite \u00e0 vous d\u00e9tendre, \u00e0 tester votre strat\u00e9gie et \u00e0 vous amuser, tout en profitant de belles animations et d\u2019un gameplay fluide.<\/p>\n","protected":false},"excerpt":{"rendered":"<p><strong>ClearIt To Mars<\/strong> &#8211; La combinaison parfaite de plaisir, de d\u00e9fi et de d\u00e9tente.<\/p>\n","protected":false},"author":36,"featured_media":38771,"comment_status":"open","ping_status":"closed","template":"","meta":{"_acf_changed":false,"inline_featured_image":false},"product_brand":[],"product_cat":[177,193],"product_tag":[287],"class_list":{"0":"post-127486","1":"product","2":"type-product","3":"status-publish","4":"has-post-thumbnail","6":"product_cat-match-3-fr","7":"product_cat-puzzle-fr","8":"product_tag-play-on-pc-fr","10":"first","11":"instock","12":"shipping-taxable","13":"purchasable","14":"product-type-simple"},"acf":[],"yoast_head":"<!-- This site is optimized with the Yoast SEO Premium plugin v25.2 (Yoast SEO v25.2) - https:\/\/yoast.com\/wordpress\/plugins\/seo\/ -->\n<title>ClearIt To Mars\u00a0!- Match 3 en mission sur la plan\u00e8te rouge\u00a0!<\/title>\n<meta name=\"description\" content=\"ClearIt To Mars - La combinaison parfaite de plaisir, de d\u00e9fi et de d\u00e9tente.\" \/>\n<meta name=\"robots\" content=\"index, follow, max-snippet:-1, max-image-preview:large, max-video-preview:-1\" \/>\n<link rel=\"canonical\" href=\"https:\/\/www.iplay.com\/fr\/games\/clearit-to-mars\/\" \/>\n<meta property=\"og:locale\" content=\"fr_FR\" \/>\n<meta property=\"og:type\" content=\"article\" \/>\n<meta property=\"og:title\" content=\"ClearIt To Mars\" \/>\n<meta property=\"og:description\" content=\"ClearIt To Mars - La combinaison parfaite de plaisir, de d\u00e9fi et de d\u00e9tente.\" \/>\n<meta property=\"og:url\" content=\"https:\/\/www.iplay.com\/fr\/games\/clearit-to-mars\/\" \/>\n<meta property=\"og:site_name\" content=\"IPlay\" \/>\n<meta property=\"og:image\" content=\"https:\/\/www.iplay.com\/wp-content\/uploads\/2024\/09\/400x400-clearit_to_mars_large_square_tile_image.webp\" \/>\n\t<meta property=\"og:image:width\" content=\"400\" \/>\n\t<meta property=\"og:image:height\" content=\"400\" \/>\n\t<meta property=\"og:image:type\" content=\"image\/webp\" \/>\n<meta name=\"twitter:card\" content=\"summary_large_image\" \/>\n<meta name=\"twitter:label1\" content=\"Dur\u00e9e de lecture estim\u00e9e\" \/>\n\t<meta name=\"twitter:data1\" content=\"3 minutes\" \/>\n<script type=\"application\/ld+json\" class=\"yoast-schema-graph\">{\"@context\":\"https:\/\/schema.org\",\"@graph\":[{\"@type\":\"WebPage\",\"@id\":\"https:\/\/www.iplay.com\/fr\/games\/clearit-to-mars\/\",\"url\":\"https:\/\/www.iplay.com\/fr\/games\/clearit-to-mars\/\",\"name\":\"ClearIt To Mars\u00a0!- Match 3 en mission sur la plan\u00e8te rouge\u00a0!\",\"isPartOf\":{\"@id\":\"https:\/\/www.iplay.com\/en\/#website\"},\"primaryImageOfPage\":{\"@id\":\"https:\/\/www.iplay.com\/fr\/games\/clearit-to-mars\/#primaryimage\"},\"image\":{\"@id\":\"https:\/\/www.iplay.com\/fr\/games\/clearit-to-mars\/#primaryimage\"},\"thumbnailUrl\":\"https:\/\/www.iplay.com\/wp-content\/uploads\/2024\/09\/400x400-clearit_to_mars_large_square_tile_image.webp\",\"datePublished\":\"2024-10-11T08:00:39+00:00\",\"description\":\"ClearIt To Mars - La combinaison parfaite de plaisir, de d\u00e9fi et de d\u00e9tente.\",\"breadcrumb\":{\"@id\":\"https:\/\/www.iplay.com\/fr\/games\/clearit-to-mars\/#breadcrumb\"},\"inLanguage\":\"fr-FR\",\"potentialAction\":[{\"@type\":\"ReadAction\",\"target\":[\"https:\/\/www.iplay.com\/fr\/games\/clearit-to-mars\/\"]}]},{\"@type\":\"ImageObject\",\"inLanguage\":\"fr-FR\",\"@id\":\"https:\/\/www.iplay.com\/fr\/games\/clearit-to-mars\/#primaryimage\",\"url\":\"https:\/\/www.iplay.com\/wp-content\/uploads\/2024\/09\/400x400-clearit_to_mars_large_square_tile_image.webp\",\"contentUrl\":\"https:\/\/www.iplay.com\/wp-content\/uploads\/2024\/09\/400x400-clearit_to_mars_large_square_tile_image.webp\",\"width\":400,\"height\":400},{\"@type\":\"BreadcrumbList\",\"@id\":\"https:\/\/www.iplay.com\/fr\/games\/clearit-to-mars\/#breadcrumb\",\"itemListElement\":[{\"@type\":\"ListItem\",\"position\":1,\"name\":\"Home\",\"item\":\"https:\/\/www.iplay.com\/fr\/home-page-2\/\"},{\"@type\":\"ListItem\",\"position\":2,\"name\":\"Shop\",\"item\":\"https:\/\/www.iplay.com\/en\/shop\/\"},{\"@type\":\"ListItem\",\"position\":3,\"name\":\"ClearIt To Mars\"}]},{\"@type\":\"WebSite\",\"@id\":\"https:\/\/www.iplay.com\/en\/#website\",\"url\":\"https:\/\/www.iplay.com\/en\/\",\"name\":\"IPlay\",\"description\":\"The Best Casual Games!\",\"publisher\":{\"@id\":\"https:\/\/www.iplay.com\/en\/#organization\"},\"potentialAction\":[{\"@type\":\"SearchAction\",\"target\":{\"@type\":\"EntryPoint\",\"urlTemplate\":\"https:\/\/www.iplay.com\/en\/?s={search_term_string}\"},\"query-input\":{\"@type\":\"PropertyValueSpecification\",\"valueRequired\":true,\"valueName\":\"search_term_string\"}}],\"inLanguage\":\"fr-FR\"},{\"@type\":\"Organization\",\"@id\":\"https:\/\/www.iplay.com\/en\/#organization\",\"name\":\"IPlay\",\"url\":\"https:\/\/www.iplay.com\/en\/\",\"logo\":{\"@type\":\"ImageObject\",\"inLanguage\":\"fr-FR\",\"@id\":\"https:\/\/www.iplay.com\/en\/#\/schema\/logo\/image\/\",\"url\":\"https:\/\/www.iplay.com\/wp-content\/uploads\/2023\/11\/Group-6100.svg\",\"contentUrl\":\"https:\/\/www.iplay.com\/wp-content\/uploads\/2023\/11\/Group-6100.svg\",\"width\":98,\"height\":25,\"caption\":\"IPlay\"},\"image\":{\"@id\":\"https:\/\/www.iplay.com\/en\/#\/schema\/logo\/image\/\"}}]}<\/script>\n<!-- \/ Yoast SEO Premium plugin. -->","yoast_head_json":{"title":"ClearIt To Mars\u00a0!- Match 3 en mission sur la plan\u00e8te rouge\u00a0!","description":"ClearIt To Mars - La combinaison parfaite de plaisir, de d\u00e9fi et de d\u00e9tente.","robots":{"index":"index","follow":"follow","max-snippet":"max-snippet:-1","max-image-preview":"max-image-preview:large","max-video-preview":"max-video-preview:-1"},"canonical":"https:\/\/www.iplay.com\/fr\/games\/clearit-to-mars\/","og_locale":"fr_FR","og_type":"article","og_title":"ClearIt To Mars","og_description":"ClearIt To Mars - La combinaison parfaite de plaisir, de d\u00e9fi et de d\u00e9tente.","og_url":"https:\/\/www.iplay.com\/fr\/games\/clearit-to-mars\/","og_site_name":"IPlay","og_image":[{"width":400,"height":400,"url":"https:\/\/www.iplay.com\/wp-content\/uploads\/2024\/09\/400x400-clearit_to_mars_large_square_tile_image.webp","type":"image\/webp"}],"twitter_card":"summary_large_image","twitter_misc":{"Dur\u00e9e de lecture estim\u00e9e":"3 minutes"},"schema":{"@context":"https:\/\/schema.org","@graph":[{"@type":"WebPage","@id":"https:\/\/www.iplay.com\/fr\/games\/clearit-to-mars\/","url":"https:\/\/www.iplay.com\/fr\/games\/clearit-to-mars\/","name":"ClearIt To Mars\u00a0!- Match 3 en mission sur la plan\u00e8te rouge\u00a0!","isPartOf":{"@id":"https:\/\/www.iplay.com\/en\/#website"},"primaryImageOfPage":{"@id":"https:\/\/www.iplay.com\/fr\/games\/clearit-to-mars\/#primaryimage"},"image":{"@id":"https:\/\/www.iplay.com\/fr\/games\/clearit-to-mars\/#primaryimage"},"thumbnailUrl":"https:\/\/www.iplay.com\/wp-content\/uploads\/2024\/09\/400x400-clearit_to_mars_large_square_tile_image.webp","datePublished":"2024-10-11T08:00:39+00:00","description":"ClearIt To Mars - La combinaison parfaite de plaisir, de d\u00e9fi et de d\u00e9tente.","breadcrumb":{"@id":"https:\/\/www.iplay.com\/fr\/games\/clearit-to-mars\/#breadcrumb"},"inLanguage":"fr-FR","potentialAction":[{"@type":"ReadAction","target":["https:\/\/www.iplay.com\/fr\/games\/clearit-to-mars\/"]}]},{"@type":"ImageObject","inLanguage":"fr-FR","@id":"https:\/\/www.iplay.com\/fr\/games\/clearit-to-mars\/#primaryimage","url":"https:\/\/www.iplay.com\/wp-content\/uploads\/2024\/09\/400x400-clearit_to_mars_large_square_tile_image.webp","contentUrl":"https:\/\/www.iplay.com\/wp-content\/uploads\/2024\/09\/400x400-clearit_to_mars_large_square_tile_image.webp","width":400,"height":400},{"@type":"BreadcrumbList","@id":"https:\/\/www.iplay.com\/fr\/games\/clearit-to-mars\/#breadcrumb","itemListElement":[{"@type":"ListItem","position":1,"name":"Home","item":"https:\/\/www.iplay.com\/fr\/home-page-2\/"},{"@type":"ListItem","position":2,"name":"Shop","item":"https:\/\/www.iplay.com\/en\/shop\/"},{"@type":"ListItem","position":3,"name":"ClearIt To Mars"}]},{"@type":"WebSite","@id":"https:\/\/www.iplay.com\/en\/#website","url":"https:\/\/www.iplay.com\/en\/","name":"IPlay","description":"The Best Casual Games!","publisher":{"@id":"https:\/\/www.iplay.com\/en\/#organization"},"potentialAction":[{"@type":"SearchAction","target":{"@type":"EntryPoint","urlTemplate":"https:\/\/www.iplay.com\/en\/?s={search_term_string}"},"query-input":{"@type":"PropertyValueSpecification","valueRequired":true,"valueName":"search_term_string"}}],"inLanguage":"fr-FR"},{"@type":"Organization","@id":"https:\/\/www.iplay.com\/en\/#organization","name":"IPlay","url":"https:\/\/www.iplay.com\/en\/","logo":{"@type":"ImageObject","inLanguage":"fr-FR","@id":"https:\/\/www.iplay.com\/en\/#\/schema\/logo\/image\/","url":"https:\/\/www.iplay.com\/wp-content\/uploads\/2023\/11\/Group-6100.svg","contentUrl":"https:\/\/www.iplay.com\/wp-content\/uploads\/2023\/11\/Group-6100.svg","width":98,"height":25,"caption":"IPlay"},"image":{"@id":"https:\/\/www.iplay.com\/en\/#\/schema\/logo\/image\/"}}]}},"_links":{"self":[{"href":"https:\/\/www.iplay.com\/fr\/wp-json\/wp\/v2\/product\/127486","targetHints":{"allow":["GET"]}}],"collection":[{"href":"https:\/\/www.iplay.com\/fr\/wp-json\/wp\/v2\/product"}],"about":[{"href":"https:\/\/www.iplay.com\/fr\/wp-json\/wp\/v2\/types\/product"}],"author":[{"embeddable":true,"href":"https:\/\/www.iplay.com\/fr\/wp-json\/wp\/v2\/users\/36"}],"replies":[{"embeddable":true,"href":"https:\/\/www.iplay.com\/fr\/wp-json\/wp\/v2\/comments?post=127486"}],"wp:featuredmedia":[{"embeddable":true,"href":"https:\/\/www.iplay.com\/fr\/wp-json\/wp\/v2\/media\/38771"}],"wp:attachment":[{"href":"https:\/\/www.iplay.com\/fr\/wp-json\/wp\/v2\/media?parent=127486"}],"wp:term":[{"taxonomy":"product_brand","embeddable":true,"href":"https:\/\/www.iplay.com\/fr\/wp-json\/wp\/v2\/product_brand?post=127486"},{"taxonomy":"product_cat","embeddable":true,"href":"https:\/\/www.iplay.com\/fr\/wp-json\/wp\/v2\/product_cat?post=127486"},{"taxonomy":"product_tag","embeddable":true,"href":"https:\/\/www.iplay.com\/fr\/wp-json\/wp\/v2\/product_tag?post=127486"}],"curies":[{"name":"wp","href":"https:\/\/api.w.org\/{rel}","templated":true}]}}