{"id":127470,"date":"2024-10-04T09:41:01","date_gmt":"2024-10-04T09:41:01","guid":{"rendered":"https:\/\/www.iplay.com\/games\/jigsaw-puzzle-lovers-3\/"},"modified":"2024-10-04T09:41:01","modified_gmt":"2024-10-04T09:41:01","slug":"jigsaw-puzzle-lovers-3","status":"publish","type":"product","link":"https:\/\/www.iplay.com\/fr\/games\/jigsaw-puzzle-lovers-3\/","title":{"rendered":"Jigsaw Puzzle Lovers 3"},"content":{"rendered":"<p>Une exp\u00e9rience relaxante et agr\u00e9able vous attend avec ce jeu de puzzle l\u00e9ger, con\u00e7u pour offrir une \u00e9vasion tranquille aux amateurs de puzzles et aux joueurs occasionnels. Le jeu offre une vaste collection de visuels captivants, allant de paysages sereins \u00e0 des \u0153uvres d\u2019art humoristiques, garantissant qu\u2019il y en a pour tous les go\u00fbts. Que vous pr\u00e9f\u00e9riez une courte pause ou que vous disposiez de plusieurs heures pour vous d\u00e9tendre, le jeu s\u2019adapte \u00e0 votre rythme, vous permettant de r\u00e9soudre des \u00e9nigmes sans contrainte de temps. Au fur et \u00e0 mesure que vous progressez, vous constaterez que la bande-son apaisante am\u00e9liore votre exp\u00e9rience, fournissant la toile de fond parfaite pour votre voyage consistant \u00e0 assembler de belles images, morceau par morceau.   <\/p>\n<p><strong>Fonctionnalit\u00e9s<\/strong><\/p>\n<ul>\n<li><em>Vaste collection d\u2019images :<\/em> La galerie du jeu comporte des centaines d\u2019images haute d\u00e9finition, ce qui garantit qu\u2019il y a toujours un nouveau puzzle \u00e9poustouflant \u00e0 explorer. Des sc\u00e8nes de nature paisibles \u00e0 l\u2019art abstrait et aux illustrations ludiques, une large s\u00e9lection de th\u00e8mes visuels est disponible pour toutes les humeurs et tous les int\u00e9r\u00eats. Que vous soyez d\u2019humeur \u00e0 quelque chose de tranquille ou de l\u00e9ger, la galerie du jeu a tout ce qu\u2019il vous faut.  <\/li>\n<li><em>Des visuels \u00e9poustouflants :<\/em> Chaque puzzle prend vie gr\u00e2ce \u00e0 une qualit\u00e9 d\u2019image am\u00e9lior\u00e9e qui vous plonge dans ses d\u00e9tails \u00e9clatants. Les graphismes haute r\u00e9solution rendent l\u2019assemblage du puzzle plus agr\u00e9able, car les visuels \u00e9poustouflants se d\u00e9ploient \u00e0 chaque section termin\u00e9e. <\/li>\n<li><em>Plusieurs modes de puzzle : <\/em> La vari\u00e9t\u00e9 est offerte \u00e0 travers plusieurs modes de puzzle, ce qui permet de garder le gameplay frais et engageant. Des puzzles classiques aux modes plus strat\u00e9giques Rotation des tuiles, Divisions et \u00c9change de tuiles, le jeu vous met au d\u00e9fi d\u2019utiliser diff\u00e9rentes comp\u00e9tences et strat\u00e9gies pour terminer chaque puzzle. Ces modes vari\u00e9s s\u2019adressent \u00e0 la fois aux fans de puzzles traditionnels et \u00e0 ceux qui recherchent une nouvelle tournure dans la r\u00e9solution d\u2019\u00e9nigmes.  <\/li>\n<li><em>Cr\u00e9ation de puzzle personnalis\u00e9 :<\/em> Pour une exp\u00e9rience encore plus personnalis\u00e9e, la fonction de cr\u00e9ation de puzzles personnalis\u00e9s vous permet de transformer vos photos pr\u00e9f\u00e9r\u00e9es ou vos souvenirs pr\u00e9cieux en puzzles. En quelques clics, vos photos personnelles peuvent devenir le prochain casse-t\u00eate \u00e0 r\u00e9soudre, offrant une fa\u00e7on unique de revivre des moments sp\u00e9ciaux. <\/li>\n<li><em>Niveaux de difficult\u00e9 r\u00e9glables :<\/em> Le jeu est con\u00e7u pour les joueurs de tous niveaux. Les param\u00e8tres de difficult\u00e9 r\u00e9glables vous permettent de choisir la complexit\u00e9 qui convient \u00e0 vos capacit\u00e9s et \u00e0 votre humeur, que vous soyez un d\u00e9butant \u00e0 la recherche d\u2019un d\u00e9fi relaxant ou un expert cherchant \u00e0 repousser vos limites en mati\u00e8re de r\u00e9solution d\u2019\u00e9nigmes. Vous pouvez augmenter le nombre de pi\u00e8ces ou ajouter des d\u00e9fis suppl\u00e9mentaires, ce qui rend chaque puzzle aussi facile ou difficile que vous le souhaitez.  <\/li>\n<li><em>Syst\u00e8me de suivi des progr\u00e8s :<\/em> Un syst\u00e8me int\u00e9gr\u00e9 de suivi de la progression vous permet de ne jamais perdre le fil de vos r\u00e9alisations. Gr\u00e2ce \u00e0 cette fonctionnalit\u00e9, vous pouvez facilement reprendre des \u00e9nigmes inachev\u00e9es ou \u00eatre fier de terminer des \u00e9nigmes particuli\u00e8rement difficiles. Chaque succ\u00e8s est reconnu, ce qui rend le parcours de chaque puzzle gratifiant et motivant.  <\/li>\n<li><em>Riches options de personnalisation :<\/em> Votre exp\u00e9rience de r\u00e9solution d\u2019\u00e9nigmes peut \u00eatre adapt\u00e9e \u00e0 vos pr\u00e9f\u00e9rences exactes. Choisissez parmi une gamme d\u2019options de personnalisation, notamment l\u2019ajustement de la taille des pi\u00e8ces du puzzle, la s\u00e9lection de diff\u00e9rentes formes et la modification de la disposition. Ces choix garantissent que le jeu est aussi confortable et personnalis\u00e9 que possible, am\u00e9liorant \u00e0 la fois l\u2019engagement et le plaisir.  <\/li>\n<li><em>Bande-son calme et apaisante :<\/em> La bande-son apaisante joue doucement en arri\u00e8re-plan, cr\u00e9ant un environnement paisible qui vous permet de vous immerger compl\u00e8tement dans le processus de r\u00e9solution d\u2019\u00e9nigmes. Cette douce musique ajoute \u00e0 la nature relaxante du jeu, aidant \u00e0 faire fondre le stress de la vie quotidienne pendant que vous vous concentrez sur la r\u00e9solution de chaque puzzle. <\/li>\n<li>Arri\u00e8re-plans et sch\u00e9mas de couleurs personnalis\u00e9s : Am\u00e9liorez encore plus votre jeu en choisissant parmi un \u00e9ventail de designs d\u2019arri\u00e8re-plan et de couleurs. Que vous souhaitiez un arri\u00e8re-plan pastel apaisant ou une sc\u00e8ne plus vibrante, ces options vous permettent de cr\u00e9er l\u2019ambiance et de cr\u00e9er une atmosph\u00e8re visuelle qui convient \u00e0 votre style. <\/li>\n<li><em>Transformez les puzzles termin\u00e9s en fonds d\u2019\u00e9cran :<\/em> Lorsqu\u2019un puzzle est termin\u00e9, le sentiment d\u2019accomplissement ne s\u2019arr\u00eate pas l\u00e0. Vous pouvez transformer vos puzzles termin\u00e9s en magnifiques fonds d\u2019\u00e9cran, offrant un souvenir durable de votre voyage de r\u00e9solution d\u2019\u00e9nigmes. Cette fonctionnalit\u00e9 transforme votre espace num\u00e9rique avec des visuels \u00e9poustouflants qui apportent joie et fiert\u00e9 dans ce que vous avez accompli.  <\/li>\n<li><em>Divers mod\u00e8les de pi\u00e8ces de puzzle :<\/em> Pour personnaliser davantage votre exp\u00e9rience, le jeu propose une large s\u00e9lection de mod\u00e8les de pi\u00e8ces de puzzle. Que vous pr\u00e9f\u00e9riez les pi\u00e8ces imbriqu\u00e9es traditionnelles ou les formes plus abstraites, vous pouvez s\u00e9lectionner le type de pi\u00e8ces qui correspondent le mieux \u00e0 votre style d\u00e9routant. Cela ajoute une couche de cr\u00e9ativit\u00e9 et de personnalisation \u00e0 chaque puzzle, garantissant qu\u2019il n\u2019y a pas deux jeux identiques.  <\/li>\n<\/ul>\n<p>&nbsp;<\/p>\n<p>Ce jeu de puzzle va au-del\u00e0 du gameplay traditionnel en offrant une exp\u00e9rience soigneusement organis\u00e9e qui allie d\u00e9tente et cr\u00e9ativit\u00e9. Les visuels haute d\u00e9finition, la large gamme de modes de puzzle et la possibilit\u00e9 de cr\u00e9er des puzzles personnalis\u00e9s en font un jeu polyvalent adapt\u00e9 \u00e0 tous les joueurs. Que vous soyez un casse-t\u00eate chevronn\u00e9 ou un joueur occasionnel \u00e0 la recherche d\u2019une activit\u00e9 sans stress, ce jeu offre des heures de divertissement sans fin dans un environnement paisible et visuellement \u00e9poustouflant.  <\/p>\n<p>La possibilit\u00e9 d\u2019ajuster la difficult\u00e9, associ\u00e9e \u00e0 de nombreux choix de personnalisation, garantit que votre exp\u00e9rience est unique. En proposant des \u00e9nigmes allant de simples et apaisantes \u00e0 complexes et stimulantes, ce jeu est le m\u00e9lange parfait de relaxation et de stimulation mentale, adapt\u00e9 \u00e0 votre rythme et \u00e0 vos pr\u00e9f\u00e9rences. <\/p>\n<p>Avec une bande-son douce, une vari\u00e9t\u00e9 impressionnante d\u2019images et la possibilit\u00e9 de cr\u00e9er des puzzles personnalis\u00e9s, ce jeu offre plus qu\u2019un simple passe-temps, il offre une exp\u00e9rience immersive et apaisante con\u00e7ue pour vous aider \u00e0 vous d\u00e9tendre et \u00e0 vous amuser, une pi\u00e8ce \u00e0 la fois.<\/p>\n<p>Que vous cherchiez un moyen de vous d\u00e9tendre apr\u00e8s une longue journ\u00e9e ou que vous recherchiez un l\u00e9ger d\u00e9fi mental pour briser votre routine, ce jeu de puzzle offre une exp\u00e9rience parfaitement \u00e9quilibr\u00e9e qui s\u2019adresse \u00e0 tous les types de joueurs. Alors, asseyez-vous, d\u00e9tendez-vous et profitez du d\u00e9licieux voyage que vous pouvez accomplir en r\u00e9solvant de magnifiques \u00e9nigmes.<\/p>\n","protected":false},"excerpt":{"rendered":"<p><strong>Jigsaw Puzzle Lovers 3<\/strong> &#8211; R\u00e9solvez des puzzles incroyables et color\u00e9s !<\/p>\n","protected":false},"author":129,"featured_media":38786,"comment_status":"open","ping_status":"closed","template":"","meta":{"_acf_changed":false,"inline_featured_image":false},"product_brand":[],"product_cat":[169],"product_tag":[287],"class_list":{"0":"post-127470","1":"product","2":"type-product","3":"status-publish","4":"has-post-thumbnail","6":"product_cat-jigsaw-fr","7":"product_tag-play-on-pc-fr","9":"first","10":"instock","11":"shipping-taxable","12":"purchasable","13":"product-type-simple"},"acf":[],"yoast_head":"<!-- This site is optimized with the Yoast SEO Premium plugin v25.2 (Yoast SEO v25.2) - https:\/\/yoast.com\/wordpress\/plugins\/seo\/ -->\n<title>Jigsaw Puzzle Lovers 3 - R\u00e9solvez des puzzles incroyables et color\u00e9s !<\/title>\n<meta name=\"description\" content=\"Jigsaw Puzzle Lovers 3 - R\u00e9solvez des puzzles incroyables et color\u00e9s !\" \/>\n<meta name=\"robots\" content=\"index, follow, max-snippet:-1, max-image-preview:large, max-video-preview:-1\" \/>\n<link rel=\"canonical\" href=\"https:\/\/www.iplay.com\/fr\/games\/jigsaw-puzzle-lovers-3\/\" \/>\n<meta property=\"og:locale\" content=\"fr_FR\" \/>\n<meta property=\"og:type\" content=\"article\" \/>\n<meta property=\"og:title\" content=\"Jigsaw Puzzle Lovers 3\" \/>\n<meta property=\"og:description\" content=\"Jigsaw Puzzle Lovers 3 - R\u00e9solvez des puzzles incroyables et color\u00e9s !\" \/>\n<meta property=\"og:url\" content=\"https:\/\/www.iplay.com\/fr\/games\/jigsaw-puzzle-lovers-3\/\" \/>\n<meta property=\"og:site_name\" content=\"IPlay\" \/>\n<meta property=\"og:image\" content=\"https:\/\/www.iplay.com\/wp-content\/uploads\/2024\/09\/400x400-jigsaw_puzzle_lovers_3_large_square_tile_image.webp\" \/>\n\t<meta property=\"og:image:width\" content=\"400\" \/>\n\t<meta property=\"og:image:height\" content=\"400\" \/>\n\t<meta property=\"og:image:type\" content=\"image\/webp\" \/>\n<meta name=\"twitter:card\" content=\"summary_large_image\" \/>\n<meta name=\"twitter:label1\" content=\"Dur\u00e9e de lecture estim\u00e9e\" \/>\n\t<meta name=\"twitter:data1\" content=\"6 minutes\" \/>\n<script type=\"application\/ld+json\" class=\"yoast-schema-graph\">{\"@context\":\"https:\/\/schema.org\",\"@graph\":[{\"@type\":\"WebPage\",\"@id\":\"https:\/\/www.iplay.com\/fr\/games\/jigsaw-puzzle-lovers-3\/\",\"url\":\"https:\/\/www.iplay.com\/fr\/games\/jigsaw-puzzle-lovers-3\/\",\"name\":\"Jigsaw Puzzle Lovers 3 - R\u00e9solvez des puzzles incroyables et color\u00e9s !\",\"isPartOf\":{\"@id\":\"https:\/\/www.iplay.com\/en\/#website\"},\"primaryImageOfPage\":{\"@id\":\"https:\/\/www.iplay.com\/fr\/games\/jigsaw-puzzle-lovers-3\/#primaryimage\"},\"image\":{\"@id\":\"https:\/\/www.iplay.com\/fr\/games\/jigsaw-puzzle-lovers-3\/#primaryimage\"},\"thumbnailUrl\":\"https:\/\/www.iplay.com\/wp-content\/uploads\/2024\/09\/400x400-jigsaw_puzzle_lovers_3_large_square_tile_image.webp\",\"datePublished\":\"2024-10-04T09:41:01+00:00\",\"description\":\"Jigsaw Puzzle Lovers 3 - R\u00e9solvez des puzzles incroyables et color\u00e9s !\",\"breadcrumb\":{\"@id\":\"https:\/\/www.iplay.com\/fr\/games\/jigsaw-puzzle-lovers-3\/#breadcrumb\"},\"inLanguage\":\"fr-FR\",\"potentialAction\":[{\"@type\":\"ReadAction\",\"target\":[\"https:\/\/www.iplay.com\/fr\/games\/jigsaw-puzzle-lovers-3\/\"]}]},{\"@type\":\"ImageObject\",\"inLanguage\":\"fr-FR\",\"@id\":\"https:\/\/www.iplay.com\/fr\/games\/jigsaw-puzzle-lovers-3\/#primaryimage\",\"url\":\"https:\/\/www.iplay.com\/wp-content\/uploads\/2024\/09\/400x400-jigsaw_puzzle_lovers_3_large_square_tile_image.webp\",\"contentUrl\":\"https:\/\/www.iplay.com\/wp-content\/uploads\/2024\/09\/400x400-jigsaw_puzzle_lovers_3_large_square_tile_image.webp\",\"width\":400,\"height\":400},{\"@type\":\"BreadcrumbList\",\"@id\":\"https:\/\/www.iplay.com\/fr\/games\/jigsaw-puzzle-lovers-3\/#breadcrumb\",\"itemListElement\":[{\"@type\":\"ListItem\",\"position\":1,\"name\":\"Home\",\"item\":\"https:\/\/www.iplay.com\/fr\/home-page-2\/\"},{\"@type\":\"ListItem\",\"position\":2,\"name\":\"Shop\",\"item\":\"https:\/\/www.iplay.com\/en\/shop\/\"},{\"@type\":\"ListItem\",\"position\":3,\"name\":\"Jigsaw Puzzle Lovers 3\"}]},{\"@type\":\"WebSite\",\"@id\":\"https:\/\/www.iplay.com\/en\/#website\",\"url\":\"https:\/\/www.iplay.com\/en\/\",\"name\":\"IPlay\",\"description\":\"The Best Casual Games!\",\"publisher\":{\"@id\":\"https:\/\/www.iplay.com\/en\/#organization\"},\"potentialAction\":[{\"@type\":\"SearchAction\",\"target\":{\"@type\":\"EntryPoint\",\"urlTemplate\":\"https:\/\/www.iplay.com\/en\/?s={search_term_string}\"},\"query-input\":{\"@type\":\"PropertyValueSpecification\",\"valueRequired\":true,\"valueName\":\"search_term_string\"}}],\"inLanguage\":\"fr-FR\"},{\"@type\":\"Organization\",\"@id\":\"https:\/\/www.iplay.com\/en\/#organization\",\"name\":\"IPlay\",\"url\":\"https:\/\/www.iplay.com\/en\/\",\"logo\":{\"@type\":\"ImageObject\",\"inLanguage\":\"fr-FR\",\"@id\":\"https:\/\/www.iplay.com\/en\/#\/schema\/logo\/image\/\",\"url\":\"https:\/\/www.iplay.com\/wp-content\/uploads\/2023\/11\/Group-6100.svg\",\"contentUrl\":\"https:\/\/www.iplay.com\/wp-content\/uploads\/2023\/11\/Group-6100.svg\",\"width\":98,\"height\":25,\"caption\":\"IPlay\"},\"image\":{\"@id\":\"https:\/\/www.iplay.com\/en\/#\/schema\/logo\/image\/\"}}]}<\/script>\n<!-- \/ Yoast SEO Premium plugin. -->","yoast_head_json":{"title":"Jigsaw Puzzle Lovers 3 - R\u00e9solvez des puzzles incroyables et color\u00e9s !","description":"Jigsaw Puzzle Lovers 3 - R\u00e9solvez des puzzles incroyables et color\u00e9s !","robots":{"index":"index","follow":"follow","max-snippet":"max-snippet:-1","max-image-preview":"max-image-preview:large","max-video-preview":"max-video-preview:-1"},"canonical":"https:\/\/www.iplay.com\/fr\/games\/jigsaw-puzzle-lovers-3\/","og_locale":"fr_FR","og_type":"article","og_title":"Jigsaw Puzzle Lovers 3","og_description":"Jigsaw Puzzle Lovers 3 - R\u00e9solvez des puzzles incroyables et color\u00e9s !","og_url":"https:\/\/www.iplay.com\/fr\/games\/jigsaw-puzzle-lovers-3\/","og_site_name":"IPlay","og_image":[{"width":400,"height":400,"url":"https:\/\/www.iplay.com\/wp-content\/uploads\/2024\/09\/400x400-jigsaw_puzzle_lovers_3_large_square_tile_image.webp","type":"image\/webp"}],"twitter_card":"summary_large_image","twitter_misc":{"Dur\u00e9e de lecture estim\u00e9e":"6 minutes"},"schema":{"@context":"https:\/\/schema.org","@graph":[{"@type":"WebPage","@id":"https:\/\/www.iplay.com\/fr\/games\/jigsaw-puzzle-lovers-3\/","url":"https:\/\/www.iplay.com\/fr\/games\/jigsaw-puzzle-lovers-3\/","name":"Jigsaw Puzzle Lovers 3 - R\u00e9solvez des puzzles incroyables et color\u00e9s !","isPartOf":{"@id":"https:\/\/www.iplay.com\/en\/#website"},"primaryImageOfPage":{"@id":"https:\/\/www.iplay.com\/fr\/games\/jigsaw-puzzle-lovers-3\/#primaryimage"},"image":{"@id":"https:\/\/www.iplay.com\/fr\/games\/jigsaw-puzzle-lovers-3\/#primaryimage"},"thumbnailUrl":"https:\/\/www.iplay.com\/wp-content\/uploads\/2024\/09\/400x400-jigsaw_puzzle_lovers_3_large_square_tile_image.webp","datePublished":"2024-10-04T09:41:01+00:00","description":"Jigsaw Puzzle Lovers 3 - R\u00e9solvez des puzzles incroyables et color\u00e9s !","breadcrumb":{"@id":"https:\/\/www.iplay.com\/fr\/games\/jigsaw-puzzle-lovers-3\/#breadcrumb"},"inLanguage":"fr-FR","potentialAction":[{"@type":"ReadAction","target":["https:\/\/www.iplay.com\/fr\/games\/jigsaw-puzzle-lovers-3\/"]}]},{"@type":"ImageObject","inLanguage":"fr-FR","@id":"https:\/\/www.iplay.com\/fr\/games\/jigsaw-puzzle-lovers-3\/#primaryimage","url":"https:\/\/www.iplay.com\/wp-content\/uploads\/2024\/09\/400x400-jigsaw_puzzle_lovers_3_large_square_tile_image.webp","contentUrl":"https:\/\/www.iplay.com\/wp-content\/uploads\/2024\/09\/400x400-jigsaw_puzzle_lovers_3_large_square_tile_image.webp","width":400,"height":400},{"@type":"BreadcrumbList","@id":"https:\/\/www.iplay.com\/fr\/games\/jigsaw-puzzle-lovers-3\/#breadcrumb","itemListElement":[{"@type":"ListItem","position":1,"name":"Home","item":"https:\/\/www.iplay.com\/fr\/home-page-2\/"},{"@type":"ListItem","position":2,"name":"Shop","item":"https:\/\/www.iplay.com\/en\/shop\/"},{"@type":"ListItem","position":3,"name":"Jigsaw Puzzle Lovers 3"}]},{"@type":"WebSite","@id":"https:\/\/www.iplay.com\/en\/#website","url":"https:\/\/www.iplay.com\/en\/","name":"IPlay","description":"The Best Casual Games!","publisher":{"@id":"https:\/\/www.iplay.com\/en\/#organization"},"potentialAction":[{"@type":"SearchAction","target":{"@type":"EntryPoint","urlTemplate":"https:\/\/www.iplay.com\/en\/?s={search_term_string}"},"query-input":{"@type":"PropertyValueSpecification","valueRequired":true,"valueName":"search_term_string"}}],"inLanguage":"fr-FR"},{"@type":"Organization","@id":"https:\/\/www.iplay.com\/en\/#organization","name":"IPlay","url":"https:\/\/www.iplay.com\/en\/","logo":{"@type":"ImageObject","inLanguage":"fr-FR","@id":"https:\/\/www.iplay.com\/en\/#\/schema\/logo\/image\/","url":"https:\/\/www.iplay.com\/wp-content\/uploads\/2023\/11\/Group-6100.svg","contentUrl":"https:\/\/www.iplay.com\/wp-content\/uploads\/2023\/11\/Group-6100.svg","width":98,"height":25,"caption":"IPlay"},"image":{"@id":"https:\/\/www.iplay.com\/en\/#\/schema\/logo\/image\/"}}]}},"_links":{"self":[{"href":"https:\/\/www.iplay.com\/fr\/wp-json\/wp\/v2\/product\/127470","targetHints":{"allow":["GET"]}}],"collection":[{"href":"https:\/\/www.iplay.com\/fr\/wp-json\/wp\/v2\/product"}],"about":[{"href":"https:\/\/www.iplay.com\/fr\/wp-json\/wp\/v2\/types\/product"}],"author":[{"embeddable":true,"href":"https:\/\/www.iplay.com\/fr\/wp-json\/wp\/v2\/users\/129"}],"replies":[{"embeddable":true,"href":"https:\/\/www.iplay.com\/fr\/wp-json\/wp\/v2\/comments?post=127470"}],"wp:featuredmedia":[{"embeddable":true,"href":"https:\/\/www.iplay.com\/fr\/wp-json\/wp\/v2\/media\/38786"}],"wp:attachment":[{"href":"https:\/\/www.iplay.com\/fr\/wp-json\/wp\/v2\/media?parent=127470"}],"wp:term":[{"taxonomy":"product_brand","embeddable":true,"href":"https:\/\/www.iplay.com\/fr\/wp-json\/wp\/v2\/product_brand?post=127470"},{"taxonomy":"product_cat","embeddable":true,"href":"https:\/\/www.iplay.com\/fr\/wp-json\/wp\/v2\/product_cat?post=127470"},{"taxonomy":"product_tag","embeddable":true,"href":"https:\/\/www.iplay.com\/fr\/wp-json\/wp\/v2\/product_tag?post=127470"}],"curies":[{"name":"wp","href":"https:\/\/api.w.org\/{rel}","templated":true}]}}