{"id":127463,"date":"2024-09-27T08:00:25","date_gmt":"2024-09-27T08:00:25","guid":{"rendered":"https:\/\/www.iplay.com\/games\/spellarium-11\/"},"modified":"2024-09-27T08:00:25","modified_gmt":"2024-09-27T08:00:25","slug":"spellarium-11","status":"publish","type":"product","link":"https:\/\/www.iplay.com\/fr\/games\/spellarium-11\/","title":{"rendered":"Spellarium 11"},"content":{"rendered":"<p>Dans le dernier opus de la s\u00e9rie <strong>Spellarium<\/strong> , les joueurs sont une fois de plus appel\u00e9s \u00e0 aider Eric dans sa qu\u00eate pour faire revivre le soleil d\u00e9clinant et redonner vie \u00e0 un monde mourant. Avec l\u2019aide des esprits du feu, de l\u2019eau, de la terre et de l\u2019air, l\u2019\u00e9quilibre de la nature doit \u00eatre r\u00e9tabli. Cette fois-ci, de nouveaux changements et fonctionnalit\u00e9s ont \u00e9t\u00e9 introduits pour am\u00e9liorer le gameplay, le rendant \u00e0 la fois plus stimulant et gratifiant pour les joueurs de tous niveaux.  <\/p>\n<p>La m\u00e9canique principale du jeu, le Match-3, a connu quelques ajustements innovants. Une caract\u00e9ristique remarquable permet d\u00e9sormais d\u2019\u00e9changer des pi\u00e8ces contre des tuiles r\u00e9guli\u00e8res, \u00e0 condition que cela donne lieu \u00e0 une combinaison, offrant une nouvelle couche strat\u00e9gique \u00e0 chaque puzzle. Ce petit changement percutant ajoute de la profondeur au gameplay, le gardant attrayant pour les nouveaux joueurs et les fans chevronn\u00e9s de la s\u00e9rie.  <\/p>\n<p>De plus, le Mahjong a \u00e9t\u00e9 compl\u00e8tement r\u00e9invent\u00e9, se concentrant moins sur les clics insens\u00e9s et plus sur les mouvements r\u00e9fl\u00e9chis et strat\u00e9giques. Chaque niveau de Mahjong a \u00e9t\u00e9 rigoureusement test\u00e9 pour s\u2019assurer qu\u2019il est possible de le terminer, bien que certaines \u00e9nigmes exigent de s\u00e9rieux cerveaux. Cependant, il n\u2019y a pas lieu d\u2019\u00eatre frustr\u00e9 : les joueurs qui se retrouvent bloqu\u00e9s peuvent passer et revenir \u00e0 des niveaux difficiles plus tard, ce qui garantit une progression fluide et agr\u00e9able dans le jeu.  <\/p>\n<p>&nbsp;<\/p>\n<p><strong>Fonctionnalit\u00e9s<\/strong><\/p>\n<ul>\n<li><em>Caract\u00e9ristiques et am\u00e9liorations du gameplay :<\/em> 90 niveaux de Match-3 passionnants : Une nouvelle s\u00e9rie de niveaux de Match-3 permettra aux joueurs de rester engag\u00e9s dans des \u00e9nigmes dynamiques qui n\u00e9cessitent \u00e0 la fois de l\u2019habilet\u00e9 et de la strat\u00e9gie. L\u2019ajout de l\u2019\u00e9change de pi\u00e8ces apporte une nouvelle tournure \u00e0 la formule traditionnelle, rendant chaque niveau frais et gratifiant. <\/li>\n<li><em>Vari\u00e9t\u00e9 de mini-jeux :<\/em> Au-del\u00e0 du Match-3, Spellarium propose une gamme d\u2019activit\u00e9s qui incluent le Mahjong, les puzzles, Spot the Difference et Solitaire. Ces mini-jeux brisent l\u2019action et ajoutent des couches suppl\u00e9mentaires de plaisir \u00e0 l\u2019exp\u00e9rience globale, offrant quelque chose pour tout le monde. <\/li>\n<li><em>Caract\u00e9ristique de la construction de la ville :<\/em> Au fur et \u00e0 mesure que vous progressez dans le jeu, vous serez charg\u00e9 de construire et d\u2019am\u00e9liorer une ville. Chaque b\u00e2timent repr\u00e9sente votre progression et votre succ\u00e8s, cr\u00e9ant un syst\u00e8me de r\u00e9compense visuel et interactif qui s\u2019int\u00e8gre parfaitement \u00e0 l\u2019histoire du jeu. <\/li>\n<li><em>Jeux bonus avec flexibilit\u00e9 :<\/em> Les joueurs qui pr\u00e9f\u00e8rent se concentrer sur le r\u00e9cit principal ou les niveaux de Match-3 peuvent sauter les jeux bonus s\u2019ils le souhaitent. Cette fonctionnalit\u00e9 permet une exp\u00e9rience plus personnalis\u00e9e, r\u00e9pondant \u00e0 ceux qui veulent faire avancer l\u2019histoire tout en offrant du contenu facultatif pour les compl\u00e9tionnistes. <\/li>\n<li><em>Niveaux difficiles mais justes :<\/em> Bien que le Mahjong remani\u00e9 puisse poser un d\u00e9fi plus difficile, tous les niveaux ont \u00e9t\u00e9 test\u00e9s pour s\u2019assurer qu\u2019ils peuvent \u00eatre termin\u00e9s sans frustration. Pour les joueurs \u00e0 la recherche d\u2019une exp\u00e9rience plus d\u00e9tendue, la possibilit\u00e9 de sauter des \u00e9tapes particuli\u00e8rement d\u00e9licates est disponible, garantissant que le flux du jeu n\u2019est jamais interrompu. <\/li>\n<li><em>Nouveau r\u00e9cit :<\/em> Le d\u00e9roulement de l\u2019histoire d\u2019Eric et des esprits emm\u00e8nera les joueurs dans un voyage mystique rempli de magie, de myst\u00e8re et de d\u00e9fis \u00e9piques. La narration ajoute de la profondeur \u00e9motionnelle au gameplay, en gardant les joueurs investis dans le monde qu\u2019ils aident \u00e0 sauver. <\/li>\n<li>\n<\/li>\n<\/ul>\n<p><strong>Spellarium 11<\/strong> n\u2019est pas seulement un jeu ; Il s\u2019agit d\u2019une exp\u00e9rience totalement immersive qui offre des heures de divertissement tout en donnant aux joueurs la libert\u00e9 de l\u2019aborder \u00e0 leur mani\u00e8re. Que vous soyez l\u00e0 pour l\u2019histoire, les \u00e9nigmes ou la construction cr\u00e9ative du monde, ce dernier volet a quelque chose pour tout le monde.<\/p>\n","protected":false},"excerpt":{"rendered":"<p>Dans <strong>Spellarium 11<\/strong> &#8211; aidez Eric dans sa qu\u00eate pour faire revivre le soleil d\u00e9clinant et redonner vie \u00e0 un monde mourant avec l\u2019aide des esprits du feu, de l\u2019eau, de la terre et de l\u2019air, l\u2019\u00e9quilibre de la nature doit \u00eatre restaur\u00e9.<\/p>\n","protected":false},"author":40,"featured_media":38800,"comment_status":"open","ping_status":"closed","template":"","meta":{"_acf_changed":false,"inline_featured_image":false},"product_brand":[],"product_cat":[177,193],"product_tag":[287],"class_list":{"0":"post-127463","1":"product","2":"type-product","3":"status-publish","4":"has-post-thumbnail","6":"product_cat-match-3-fr","7":"product_cat-puzzle-fr","8":"product_tag-play-on-pc-fr","10":"first","11":"instock","12":"shipping-taxable","13":"purchasable","14":"product-type-simple"},"acf":[],"yoast_head":"<!-- This site is optimized with the Yoast SEO Premium plugin v25.2 (Yoast SEO v25.2) - https:\/\/yoast.com\/wordpress\/plugins\/seo\/ -->\n<title>Spellarium 11 - Ravivez le soleil et redonnez vie \u00e0 un monde mourant<\/title>\n<meta name=\"description\" content=\"Dans Spellarium 11 - aidez Eric dans sa qu\u00eate pour faire revivre le soleil d\u00e9clinant et redonner vie \u00e0 un monde mourant avec l\u2019aide des esprits du feu, de l\u2019eau, de la terre et de l\u2019air, l\u2019\u00e9quilibre de la nature doit \u00eatre restaur\u00e9.\" \/>\n<meta name=\"robots\" content=\"index, follow, max-snippet:-1, max-image-preview:large, max-video-preview:-1\" \/>\n<link rel=\"canonical\" href=\"https:\/\/www.iplay.com\/fr\/games\/spellarium-11\/\" \/>\n<meta property=\"og:locale\" content=\"fr_FR\" \/>\n<meta property=\"og:type\" content=\"article\" \/>\n<meta property=\"og:title\" content=\"Spellarium 11\" \/>\n<meta property=\"og:description\" content=\"Dans Spellarium 11 - aidez Eric dans sa qu\u00eate pour faire revivre le soleil d\u00e9clinant et redonner vie \u00e0 un monde mourant avec l\u2019aide des esprits du feu, de l\u2019eau, de la terre et de l\u2019air, l\u2019\u00e9quilibre de la nature doit \u00eatre restaur\u00e9.\" \/>\n<meta property=\"og:url\" content=\"https:\/\/www.iplay.com\/fr\/games\/spellarium-11\/\" \/>\n<meta property=\"og:site_name\" content=\"IPlay\" \/>\n<meta property=\"og:image\" content=\"https:\/\/www.iplay.com\/wp-content\/uploads\/2024\/09\/400x400-spellarium_11_large_square_tile_image.webp\" \/>\n\t<meta property=\"og:image:width\" content=\"400\" \/>\n\t<meta property=\"og:image:height\" content=\"400\" \/>\n\t<meta property=\"og:image:type\" content=\"image\/webp\" \/>\n<meta name=\"twitter:card\" content=\"summary_large_image\" \/>\n<meta name=\"twitter:label1\" content=\"Dur\u00e9e de lecture estim\u00e9e\" \/>\n\t<meta name=\"twitter:data1\" content=\"3 minutes\" \/>\n<script type=\"application\/ld+json\" class=\"yoast-schema-graph\">{\"@context\":\"https:\/\/schema.org\",\"@graph\":[{\"@type\":\"WebPage\",\"@id\":\"https:\/\/www.iplay.com\/fr\/games\/spellarium-11\/\",\"url\":\"https:\/\/www.iplay.com\/fr\/games\/spellarium-11\/\",\"name\":\"Spellarium 11 - Ravivez le soleil et redonnez vie \u00e0 un monde mourant\",\"isPartOf\":{\"@id\":\"https:\/\/www.iplay.com\/en\/#website\"},\"primaryImageOfPage\":{\"@id\":\"https:\/\/www.iplay.com\/fr\/games\/spellarium-11\/#primaryimage\"},\"image\":{\"@id\":\"https:\/\/www.iplay.com\/fr\/games\/spellarium-11\/#primaryimage\"},\"thumbnailUrl\":\"https:\/\/www.iplay.com\/wp-content\/uploads\/2024\/09\/400x400-spellarium_11_large_square_tile_image.webp\",\"datePublished\":\"2024-09-27T08:00:25+00:00\",\"description\":\"Dans Spellarium 11 - aidez Eric dans sa qu\u00eate pour faire revivre le soleil d\u00e9clinant et redonner vie \u00e0 un monde mourant avec l\u2019aide des esprits du feu, de l\u2019eau, de la terre et de l\u2019air, l\u2019\u00e9quilibre de la nature doit \u00eatre restaur\u00e9.\",\"breadcrumb\":{\"@id\":\"https:\/\/www.iplay.com\/fr\/games\/spellarium-11\/#breadcrumb\"},\"inLanguage\":\"fr-FR\",\"potentialAction\":[{\"@type\":\"ReadAction\",\"target\":[\"https:\/\/www.iplay.com\/fr\/games\/spellarium-11\/\"]}]},{\"@type\":\"ImageObject\",\"inLanguage\":\"fr-FR\",\"@id\":\"https:\/\/www.iplay.com\/fr\/games\/spellarium-11\/#primaryimage\",\"url\":\"https:\/\/www.iplay.com\/wp-content\/uploads\/2024\/09\/400x400-spellarium_11_large_square_tile_image.webp\",\"contentUrl\":\"https:\/\/www.iplay.com\/wp-content\/uploads\/2024\/09\/400x400-spellarium_11_large_square_tile_image.webp\",\"width\":400,\"height\":400},{\"@type\":\"BreadcrumbList\",\"@id\":\"https:\/\/www.iplay.com\/fr\/games\/spellarium-11\/#breadcrumb\",\"itemListElement\":[{\"@type\":\"ListItem\",\"position\":1,\"name\":\"Home\",\"item\":\"https:\/\/www.iplay.com\/fr\/home-page-2\/\"},{\"@type\":\"ListItem\",\"position\":2,\"name\":\"Shop\",\"item\":\"https:\/\/www.iplay.com\/en\/shop\/\"},{\"@type\":\"ListItem\",\"position\":3,\"name\":\"Spellarium 11\"}]},{\"@type\":\"WebSite\",\"@id\":\"https:\/\/www.iplay.com\/en\/#website\",\"url\":\"https:\/\/www.iplay.com\/en\/\",\"name\":\"IPlay\",\"description\":\"The Best Casual Games!\",\"publisher\":{\"@id\":\"https:\/\/www.iplay.com\/en\/#organization\"},\"potentialAction\":[{\"@type\":\"SearchAction\",\"target\":{\"@type\":\"EntryPoint\",\"urlTemplate\":\"https:\/\/www.iplay.com\/en\/?s={search_term_string}\"},\"query-input\":{\"@type\":\"PropertyValueSpecification\",\"valueRequired\":true,\"valueName\":\"search_term_string\"}}],\"inLanguage\":\"fr-FR\"},{\"@type\":\"Organization\",\"@id\":\"https:\/\/www.iplay.com\/en\/#organization\",\"name\":\"IPlay\",\"url\":\"https:\/\/www.iplay.com\/en\/\",\"logo\":{\"@type\":\"ImageObject\",\"inLanguage\":\"fr-FR\",\"@id\":\"https:\/\/www.iplay.com\/en\/#\/schema\/logo\/image\/\",\"url\":\"https:\/\/www.iplay.com\/wp-content\/uploads\/2023\/11\/Group-6100.svg\",\"contentUrl\":\"https:\/\/www.iplay.com\/wp-content\/uploads\/2023\/11\/Group-6100.svg\",\"width\":98,\"height\":25,\"caption\":\"IPlay\"},\"image\":{\"@id\":\"https:\/\/www.iplay.com\/en\/#\/schema\/logo\/image\/\"}}]}<\/script>\n<!-- \/ Yoast SEO Premium plugin. -->","yoast_head_json":{"title":"Spellarium 11 - Ravivez le soleil et redonnez vie \u00e0 un monde mourant","description":"Dans Spellarium 11 - aidez Eric dans sa qu\u00eate pour faire revivre le soleil d\u00e9clinant et redonner vie \u00e0 un monde mourant avec l\u2019aide des esprits du feu, de l\u2019eau, de la terre et de l\u2019air, l\u2019\u00e9quilibre de la nature doit \u00eatre restaur\u00e9.","robots":{"index":"index","follow":"follow","max-snippet":"max-snippet:-1","max-image-preview":"max-image-preview:large","max-video-preview":"max-video-preview:-1"},"canonical":"https:\/\/www.iplay.com\/fr\/games\/spellarium-11\/","og_locale":"fr_FR","og_type":"article","og_title":"Spellarium 11","og_description":"Dans Spellarium 11 - aidez Eric dans sa qu\u00eate pour faire revivre le soleil d\u00e9clinant et redonner vie \u00e0 un monde mourant avec l\u2019aide des esprits du feu, de l\u2019eau, de la terre et de l\u2019air, l\u2019\u00e9quilibre de la nature doit \u00eatre restaur\u00e9.","og_url":"https:\/\/www.iplay.com\/fr\/games\/spellarium-11\/","og_site_name":"IPlay","og_image":[{"width":400,"height":400,"url":"https:\/\/www.iplay.com\/wp-content\/uploads\/2024\/09\/400x400-spellarium_11_large_square_tile_image.webp","type":"image\/webp"}],"twitter_card":"summary_large_image","twitter_misc":{"Dur\u00e9e de lecture estim\u00e9e":"3 minutes"},"schema":{"@context":"https:\/\/schema.org","@graph":[{"@type":"WebPage","@id":"https:\/\/www.iplay.com\/fr\/games\/spellarium-11\/","url":"https:\/\/www.iplay.com\/fr\/games\/spellarium-11\/","name":"Spellarium 11 - Ravivez le soleil et redonnez vie \u00e0 un monde mourant","isPartOf":{"@id":"https:\/\/www.iplay.com\/en\/#website"},"primaryImageOfPage":{"@id":"https:\/\/www.iplay.com\/fr\/games\/spellarium-11\/#primaryimage"},"image":{"@id":"https:\/\/www.iplay.com\/fr\/games\/spellarium-11\/#primaryimage"},"thumbnailUrl":"https:\/\/www.iplay.com\/wp-content\/uploads\/2024\/09\/400x400-spellarium_11_large_square_tile_image.webp","datePublished":"2024-09-27T08:00:25+00:00","description":"Dans Spellarium 11 - aidez Eric dans sa qu\u00eate pour faire revivre le soleil d\u00e9clinant et redonner vie \u00e0 un monde mourant avec l\u2019aide des esprits du feu, de l\u2019eau, de la terre et de l\u2019air, l\u2019\u00e9quilibre de la nature doit \u00eatre restaur\u00e9.","breadcrumb":{"@id":"https:\/\/www.iplay.com\/fr\/games\/spellarium-11\/#breadcrumb"},"inLanguage":"fr-FR","potentialAction":[{"@type":"ReadAction","target":["https:\/\/www.iplay.com\/fr\/games\/spellarium-11\/"]}]},{"@type":"ImageObject","inLanguage":"fr-FR","@id":"https:\/\/www.iplay.com\/fr\/games\/spellarium-11\/#primaryimage","url":"https:\/\/www.iplay.com\/wp-content\/uploads\/2024\/09\/400x400-spellarium_11_large_square_tile_image.webp","contentUrl":"https:\/\/www.iplay.com\/wp-content\/uploads\/2024\/09\/400x400-spellarium_11_large_square_tile_image.webp","width":400,"height":400},{"@type":"BreadcrumbList","@id":"https:\/\/www.iplay.com\/fr\/games\/spellarium-11\/#breadcrumb","itemListElement":[{"@type":"ListItem","position":1,"name":"Home","item":"https:\/\/www.iplay.com\/fr\/home-page-2\/"},{"@type":"ListItem","position":2,"name":"Shop","item":"https:\/\/www.iplay.com\/en\/shop\/"},{"@type":"ListItem","position":3,"name":"Spellarium 11"}]},{"@type":"WebSite","@id":"https:\/\/www.iplay.com\/en\/#website","url":"https:\/\/www.iplay.com\/en\/","name":"IPlay","description":"The Best Casual Games!","publisher":{"@id":"https:\/\/www.iplay.com\/en\/#organization"},"potentialAction":[{"@type":"SearchAction","target":{"@type":"EntryPoint","urlTemplate":"https:\/\/www.iplay.com\/en\/?s={search_term_string}"},"query-input":{"@type":"PropertyValueSpecification","valueRequired":true,"valueName":"search_term_string"}}],"inLanguage":"fr-FR"},{"@type":"Organization","@id":"https:\/\/www.iplay.com\/en\/#organization","name":"IPlay","url":"https:\/\/www.iplay.com\/en\/","logo":{"@type":"ImageObject","inLanguage":"fr-FR","@id":"https:\/\/www.iplay.com\/en\/#\/schema\/logo\/image\/","url":"https:\/\/www.iplay.com\/wp-content\/uploads\/2023\/11\/Group-6100.svg","contentUrl":"https:\/\/www.iplay.com\/wp-content\/uploads\/2023\/11\/Group-6100.svg","width":98,"height":25,"caption":"IPlay"},"image":{"@id":"https:\/\/www.iplay.com\/en\/#\/schema\/logo\/image\/"}}]}},"_links":{"self":[{"href":"https:\/\/www.iplay.com\/fr\/wp-json\/wp\/v2\/product\/127463","targetHints":{"allow":["GET"]}}],"collection":[{"href":"https:\/\/www.iplay.com\/fr\/wp-json\/wp\/v2\/product"}],"about":[{"href":"https:\/\/www.iplay.com\/fr\/wp-json\/wp\/v2\/types\/product"}],"author":[{"embeddable":true,"href":"https:\/\/www.iplay.com\/fr\/wp-json\/wp\/v2\/users\/40"}],"replies":[{"embeddable":true,"href":"https:\/\/www.iplay.com\/fr\/wp-json\/wp\/v2\/comments?post=127463"}],"wp:featuredmedia":[{"embeddable":true,"href":"https:\/\/www.iplay.com\/fr\/wp-json\/wp\/v2\/media\/38800"}],"wp:attachment":[{"href":"https:\/\/www.iplay.com\/fr\/wp-json\/wp\/v2\/media?parent=127463"}],"wp:term":[{"taxonomy":"product_brand","embeddable":true,"href":"https:\/\/www.iplay.com\/fr\/wp-json\/wp\/v2\/product_brand?post=127463"},{"taxonomy":"product_cat","embeddable":true,"href":"https:\/\/www.iplay.com\/fr\/wp-json\/wp\/v2\/product_cat?post=127463"},{"taxonomy":"product_tag","embeddable":true,"href":"https:\/\/www.iplay.com\/fr\/wp-json\/wp\/v2\/product_tag?post=127463"}],"curies":[{"name":"wp","href":"https:\/\/api.w.org\/{rel}","templated":true}]}}