{"id":127457,"date":"2024-09-26T14:44:18","date_gmt":"2024-09-26T14:44:18","guid":{"rendered":"https:\/\/www.iplay.com\/games\/grim-tales-all-shades-of-black-collectors-edition\/"},"modified":"2024-09-26T14:44:18","modified_gmt":"2024-09-26T14:44:18","slug":"grim-tales-all-shades-of-black-collectors-edition","status":"publish","type":"product","link":"https:\/\/www.iplay.com\/fr\/games\/grim-tales-all-shades-of-black-collectors-edition\/","title":{"rendered":"Grim Tales: All Shades of Black Collector&#8217;s Edition"},"content":{"rendered":"<p>La rupture tr\u00e8s attendue d\u2019Anna Gray se transforme en cauchemar lorsque ses proches disparaissent sans explication. \u00c0 sa grande horreur, il devient clair qu\u2019un ancien portrait mystique a disparu, d\u00e9clenchant le chaos qui d\u00e9vaste son monde. D\u00e9termin\u00e9e \u00e0 d\u00e9couvrir la v\u00e9rit\u00e9, Anna se lance dans un p\u00e9rilleux voyage dans le temps, dans une course contre la montre pour r\u00e9cup\u00e9rer le tableau enchant\u00e9 et sauver ses bien-aim\u00e9s Dorian et Alice. Mais cette mission mettra son courage \u00e0 l\u2019\u00e9preuve, alors qu\u2019elle fait face \u00e0 des dangers indicibles dans le monde sombre de <strong>Grim Tales&nbsp;: All Shades of Black Collector\u2019s Edition <\/strong>    <\/p>\n<p>L\u2019aventure se d\u00e9roule dans une exp\u00e9rience de puzzle d\u2019objets cach\u00e9s richement immersive, o\u00f9 seuls les plus courageux d\u00e9couvriront les secrets cach\u00e9s au plus profond du pass\u00e9. Alors que les joueurs guident Anna tout au long de son voyage, ils navigueront dans des environnements magnifiquement con\u00e7us, d\u00e9couvriront des indices, r\u00e9soudront des \u00e9nigmes complexes et feront face \u00e0 des forces surnaturelles qui cherchent \u00e0 bloquer leur chemin. \u00c0 chaque d\u00e9couverte, le myst\u00e8re du portrait maudit et son lien avec la famille disparue commenceront \u00e0 s\u2019\u00e9claircir, mais non sans des d\u00e9fis palpitants qui exigent une r\u00e9flexion rapide et une observation aiguis\u00e9e.  <\/p>\n<p>&nbsp;<\/p>\n<p><strong>Caract\u00e9ristiques de l\u2019\u00e9dition collector<\/strong><\/p>\n<ul>\n<li><em>Chapitre bonus exclusif :<\/em> Voyagez encore plus loin dans le temps dans un chapitre de jeu suppl\u00e9mentaire qui d\u00e9couvre plus de secrets et de nouveaux myst\u00e8res.<\/li>\n<li><em>Guide strat\u00e9gique :<\/em> Ne restez jamais coinc\u00e9 avec un guide d\u00e9taill\u00e9 qui vous aide \u00e0 naviguer \u00e0 travers chaque d\u00e9fi et \u00e0 r\u00e9soudre chaque \u00e9nigme efficacement.<\/li>\n<li><em>Rejouabilit\u00e9 :<\/em> Revisitez les mini-jeux et les puzzles d\u2019objets cach\u00e9s (HOP) \u00e0 tout moment pour affiner vos comp\u00e9tences et am\u00e9liorer vos scores.<\/li>\n<li><em>Personnalisation:<\/em> Profitez de fonds d\u2019\u00e9cran, de musique et d\u2019\u00e9conomiseurs d\u2019\u00e9cran exclusifs, ce qui vous permet de personnaliser votre exp\u00e9rience de jeu et d\u2019emmener le monde enchanteur de Grim Tales au-del\u00e0 du jeu.<\/li>\n<li><em>Objets de collection et r\u00e9alisations :<\/em> Recherchez des pi\u00e8ces de puzzle cach\u00e9es et d\u00e9bloquez des succ\u00e8s uniques au fur et \u00e0 mesure de votre progression, r\u00e9compensant votre \u0153il vif et vos prouesses en mati\u00e8re de r\u00e9solution d\u2019\u00e9nigmes.<\/li>\n<\/ul>\n<p>&nbsp;<\/p>\n<p><strong>Grim Tales&nbsp;: All Shades of Black Collector\u2019s Edition <\/strong>promet une aventure inoubliable qui incitera les joueurs \u00e0 revenir, non seulement pour le d\u00e9fi, mais aussi pour la riche narration et le magnifique monde du jeu. Pr\u00e9parez-vous \u00e0 vous perdre dans une histoire \u00e9pique, r\u00e9solvez des \u00e9nigmes complexes et sauvez la famille d\u2019Anna des griffes de la magie noire, avant que le temps ne soit \u00e9coul\u00e9.<\/p>\n","protected":false},"excerpt":{"rendered":"<p><strong>Grim Tales&nbsp;: All Shades of Black \u00c9dition Collector <\/strong>promet une aventure inoubliable qui incitera les joueurs \u00e0 revenir, non seulement pour le d\u00e9fi, mais aussi pour la riche narration et le magnifique monde du jeu<\/p>\n","protected":false},"author":17,"featured_media":38782,"comment_status":"open","ping_status":"closed","template":"","meta":{"_acf_changed":false,"inline_featured_image":false},"product_brand":[],"product_cat":[165],"product_tag":[287],"class_list":{"0":"post-127457","1":"product","2":"type-product","3":"status-publish","4":"has-post-thumbnail","6":"product_cat-hidden-object-fr","7":"product_tag-play-on-pc-fr","9":"first","10":"instock","11":"shipping-taxable","12":"purchasable","13":"product-type-simple"},"acf":[],"yoast_head":"<!-- This site is optimized with the Yoast SEO Premium plugin v25.2 (Yoast SEO v25.2) - https:\/\/yoast.com\/wordpress\/plugins\/seo\/ -->\n<title>Grim Tales\u00a0: All Shades of Black CE fait un voyage dans le temps !<\/title>\n<meta name=\"description\" content=\"Grim Tales&nbsp;: All Shades of Black \u00c9dition Collector promet une aventure inoubliable qui incitera les joueurs \u00e0 revenir, non seulement pour le d\u00e9fi, mais aussi pour la riche narration et le magnifique monde du jeu\" \/>\n<meta name=\"robots\" content=\"index, follow, max-snippet:-1, max-image-preview:large, max-video-preview:-1\" \/>\n<link rel=\"canonical\" href=\"https:\/\/www.iplay.com\/fr\/games\/grim-tales-all-shades-of-black-collectors-edition\/\" \/>\n<meta property=\"og:locale\" content=\"fr_FR\" \/>\n<meta property=\"og:type\" content=\"article\" \/>\n<meta property=\"og:title\" content=\"Grim Tales: All Shades of Black Collector&#039;s Edition\" \/>\n<meta property=\"og:description\" content=\"Grim Tales&nbsp;: All Shades of Black \u00c9dition Collector promet une aventure inoubliable qui incitera les joueurs \u00e0 revenir, non seulement pour le d\u00e9fi, mais aussi pour la riche narration et le magnifique monde du jeu\" \/>\n<meta property=\"og:url\" content=\"https:\/\/www.iplay.com\/fr\/games\/grim-tales-all-shades-of-black-collectors-edition\/\" \/>\n<meta property=\"og:site_name\" content=\"IPlay\" \/>\n<meta property=\"og:image\" content=\"https:\/\/www.iplay.com\/wp-content\/uploads\/2024\/09\/400x400-grim_tales_-_all_shades_of_black_ce_large_square_tile_image.webp\" \/>\n\t<meta property=\"og:image:width\" content=\"400\" \/>\n\t<meta property=\"og:image:height\" content=\"400\" \/>\n\t<meta property=\"og:image:type\" content=\"image\/webp\" \/>\n<meta name=\"twitter:card\" content=\"summary_large_image\" \/>\n<meta name=\"twitter:label1\" content=\"Dur\u00e9e de lecture estim\u00e9e\" \/>\n\t<meta name=\"twitter:data1\" content=\"2 minutes\" \/>\n<script type=\"application\/ld+json\" class=\"yoast-schema-graph\">{\"@context\":\"https:\/\/schema.org\",\"@graph\":[{\"@type\":\"WebPage\",\"@id\":\"https:\/\/www.iplay.com\/fr\/games\/grim-tales-all-shades-of-black-collectors-edition\/\",\"url\":\"https:\/\/www.iplay.com\/fr\/games\/grim-tales-all-shades-of-black-collectors-edition\/\",\"name\":\"Grim Tales\u00a0: All Shades of Black CE fait un voyage dans le temps !\",\"isPartOf\":{\"@id\":\"https:\/\/www.iplay.com\/en\/#website\"},\"primaryImageOfPage\":{\"@id\":\"https:\/\/www.iplay.com\/fr\/games\/grim-tales-all-shades-of-black-collectors-edition\/#primaryimage\"},\"image\":{\"@id\":\"https:\/\/www.iplay.com\/fr\/games\/grim-tales-all-shades-of-black-collectors-edition\/#primaryimage\"},\"thumbnailUrl\":\"https:\/\/www.iplay.com\/wp-content\/uploads\/2024\/09\/400x400-grim_tales_-_all_shades_of_black_ce_large_square_tile_image.webp\",\"datePublished\":\"2024-09-26T14:44:18+00:00\",\"description\":\"Grim Tales&nbsp;: All Shades of Black \u00c9dition Collector promet une aventure inoubliable qui incitera les joueurs \u00e0 revenir, non seulement pour le d\u00e9fi, mais aussi pour la riche narration et le magnifique monde du jeu\",\"breadcrumb\":{\"@id\":\"https:\/\/www.iplay.com\/fr\/games\/grim-tales-all-shades-of-black-collectors-edition\/#breadcrumb\"},\"inLanguage\":\"fr-FR\",\"potentialAction\":[{\"@type\":\"ReadAction\",\"target\":[\"https:\/\/www.iplay.com\/fr\/games\/grim-tales-all-shades-of-black-collectors-edition\/\"]}]},{\"@type\":\"ImageObject\",\"inLanguage\":\"fr-FR\",\"@id\":\"https:\/\/www.iplay.com\/fr\/games\/grim-tales-all-shades-of-black-collectors-edition\/#primaryimage\",\"url\":\"https:\/\/www.iplay.com\/wp-content\/uploads\/2024\/09\/400x400-grim_tales_-_all_shades_of_black_ce_large_square_tile_image.webp\",\"contentUrl\":\"https:\/\/www.iplay.com\/wp-content\/uploads\/2024\/09\/400x400-grim_tales_-_all_shades_of_black_ce_large_square_tile_image.webp\",\"width\":400,\"height\":400},{\"@type\":\"BreadcrumbList\",\"@id\":\"https:\/\/www.iplay.com\/fr\/games\/grim-tales-all-shades-of-black-collectors-edition\/#breadcrumb\",\"itemListElement\":[{\"@type\":\"ListItem\",\"position\":1,\"name\":\"Home\",\"item\":\"https:\/\/www.iplay.com\/fr\/home-page-2\/\"},{\"@type\":\"ListItem\",\"position\":2,\"name\":\"Shop\",\"item\":\"https:\/\/www.iplay.com\/en\/shop\/\"},{\"@type\":\"ListItem\",\"position\":3,\"name\":\"Grim Tales: All Shades of Black Collector&#8217;s Edition\"}]},{\"@type\":\"WebSite\",\"@id\":\"https:\/\/www.iplay.com\/en\/#website\",\"url\":\"https:\/\/www.iplay.com\/en\/\",\"name\":\"IPlay\",\"description\":\"The Best Casual Games!\",\"publisher\":{\"@id\":\"https:\/\/www.iplay.com\/en\/#organization\"},\"potentialAction\":[{\"@type\":\"SearchAction\",\"target\":{\"@type\":\"EntryPoint\",\"urlTemplate\":\"https:\/\/www.iplay.com\/en\/?s={search_term_string}\"},\"query-input\":{\"@type\":\"PropertyValueSpecification\",\"valueRequired\":true,\"valueName\":\"search_term_string\"}}],\"inLanguage\":\"fr-FR\"},{\"@type\":\"Organization\",\"@id\":\"https:\/\/www.iplay.com\/en\/#organization\",\"name\":\"IPlay\",\"url\":\"https:\/\/www.iplay.com\/en\/\",\"logo\":{\"@type\":\"ImageObject\",\"inLanguage\":\"fr-FR\",\"@id\":\"https:\/\/www.iplay.com\/en\/#\/schema\/logo\/image\/\",\"url\":\"https:\/\/www.iplay.com\/wp-content\/uploads\/2023\/11\/Group-6100.svg\",\"contentUrl\":\"https:\/\/www.iplay.com\/wp-content\/uploads\/2023\/11\/Group-6100.svg\",\"width\":98,\"height\":25,\"caption\":\"IPlay\"},\"image\":{\"@id\":\"https:\/\/www.iplay.com\/en\/#\/schema\/logo\/image\/\"}}]}<\/script>\n<!-- \/ Yoast SEO Premium plugin. -->","yoast_head_json":{"title":"Grim Tales\u00a0: All Shades of Black CE fait un voyage dans le temps !","description":"Grim Tales&nbsp;: All Shades of Black \u00c9dition Collector promet une aventure inoubliable qui incitera les joueurs \u00e0 revenir, non seulement pour le d\u00e9fi, mais aussi pour la riche narration et le magnifique monde du jeu","robots":{"index":"index","follow":"follow","max-snippet":"max-snippet:-1","max-image-preview":"max-image-preview:large","max-video-preview":"max-video-preview:-1"},"canonical":"https:\/\/www.iplay.com\/fr\/games\/grim-tales-all-shades-of-black-collectors-edition\/","og_locale":"fr_FR","og_type":"article","og_title":"Grim Tales: All Shades of Black Collector's Edition","og_description":"Grim Tales&nbsp;: All Shades of Black \u00c9dition Collector promet une aventure inoubliable qui incitera les joueurs \u00e0 revenir, non seulement pour le d\u00e9fi, mais aussi pour la riche narration et le magnifique monde du jeu","og_url":"https:\/\/www.iplay.com\/fr\/games\/grim-tales-all-shades-of-black-collectors-edition\/","og_site_name":"IPlay","og_image":[{"width":400,"height":400,"url":"https:\/\/www.iplay.com\/wp-content\/uploads\/2024\/09\/400x400-grim_tales_-_all_shades_of_black_ce_large_square_tile_image.webp","type":"image\/webp"}],"twitter_card":"summary_large_image","twitter_misc":{"Dur\u00e9e de lecture estim\u00e9e":"2 minutes"},"schema":{"@context":"https:\/\/schema.org","@graph":[{"@type":"WebPage","@id":"https:\/\/www.iplay.com\/fr\/games\/grim-tales-all-shades-of-black-collectors-edition\/","url":"https:\/\/www.iplay.com\/fr\/games\/grim-tales-all-shades-of-black-collectors-edition\/","name":"Grim Tales\u00a0: All Shades of Black CE fait un voyage dans le temps !","isPartOf":{"@id":"https:\/\/www.iplay.com\/en\/#website"},"primaryImageOfPage":{"@id":"https:\/\/www.iplay.com\/fr\/games\/grim-tales-all-shades-of-black-collectors-edition\/#primaryimage"},"image":{"@id":"https:\/\/www.iplay.com\/fr\/games\/grim-tales-all-shades-of-black-collectors-edition\/#primaryimage"},"thumbnailUrl":"https:\/\/www.iplay.com\/wp-content\/uploads\/2024\/09\/400x400-grim_tales_-_all_shades_of_black_ce_large_square_tile_image.webp","datePublished":"2024-09-26T14:44:18+00:00","description":"Grim Tales&nbsp;: All Shades of Black \u00c9dition Collector promet une aventure inoubliable qui incitera les joueurs \u00e0 revenir, non seulement pour le d\u00e9fi, mais aussi pour la riche narration et le magnifique monde du jeu","breadcrumb":{"@id":"https:\/\/www.iplay.com\/fr\/games\/grim-tales-all-shades-of-black-collectors-edition\/#breadcrumb"},"inLanguage":"fr-FR","potentialAction":[{"@type":"ReadAction","target":["https:\/\/www.iplay.com\/fr\/games\/grim-tales-all-shades-of-black-collectors-edition\/"]}]},{"@type":"ImageObject","inLanguage":"fr-FR","@id":"https:\/\/www.iplay.com\/fr\/games\/grim-tales-all-shades-of-black-collectors-edition\/#primaryimage","url":"https:\/\/www.iplay.com\/wp-content\/uploads\/2024\/09\/400x400-grim_tales_-_all_shades_of_black_ce_large_square_tile_image.webp","contentUrl":"https:\/\/www.iplay.com\/wp-content\/uploads\/2024\/09\/400x400-grim_tales_-_all_shades_of_black_ce_large_square_tile_image.webp","width":400,"height":400},{"@type":"BreadcrumbList","@id":"https:\/\/www.iplay.com\/fr\/games\/grim-tales-all-shades-of-black-collectors-edition\/#breadcrumb","itemListElement":[{"@type":"ListItem","position":1,"name":"Home","item":"https:\/\/www.iplay.com\/fr\/home-page-2\/"},{"@type":"ListItem","position":2,"name":"Shop","item":"https:\/\/www.iplay.com\/en\/shop\/"},{"@type":"ListItem","position":3,"name":"Grim Tales: All Shades of Black Collector&#8217;s Edition"}]},{"@type":"WebSite","@id":"https:\/\/www.iplay.com\/en\/#website","url":"https:\/\/www.iplay.com\/en\/","name":"IPlay","description":"The Best Casual Games!","publisher":{"@id":"https:\/\/www.iplay.com\/en\/#organization"},"potentialAction":[{"@type":"SearchAction","target":{"@type":"EntryPoint","urlTemplate":"https:\/\/www.iplay.com\/en\/?s={search_term_string}"},"query-input":{"@type":"PropertyValueSpecification","valueRequired":true,"valueName":"search_term_string"}}],"inLanguage":"fr-FR"},{"@type":"Organization","@id":"https:\/\/www.iplay.com\/en\/#organization","name":"IPlay","url":"https:\/\/www.iplay.com\/en\/","logo":{"@type":"ImageObject","inLanguage":"fr-FR","@id":"https:\/\/www.iplay.com\/en\/#\/schema\/logo\/image\/","url":"https:\/\/www.iplay.com\/wp-content\/uploads\/2023\/11\/Group-6100.svg","contentUrl":"https:\/\/www.iplay.com\/wp-content\/uploads\/2023\/11\/Group-6100.svg","width":98,"height":25,"caption":"IPlay"},"image":{"@id":"https:\/\/www.iplay.com\/en\/#\/schema\/logo\/image\/"}}]}},"_links":{"self":[{"href":"https:\/\/www.iplay.com\/fr\/wp-json\/wp\/v2\/product\/127457","targetHints":{"allow":["GET"]}}],"collection":[{"href":"https:\/\/www.iplay.com\/fr\/wp-json\/wp\/v2\/product"}],"about":[{"href":"https:\/\/www.iplay.com\/fr\/wp-json\/wp\/v2\/types\/product"}],"author":[{"embeddable":true,"href":"https:\/\/www.iplay.com\/fr\/wp-json\/wp\/v2\/users\/17"}],"replies":[{"embeddable":true,"href":"https:\/\/www.iplay.com\/fr\/wp-json\/wp\/v2\/comments?post=127457"}],"wp:featuredmedia":[{"embeddable":true,"href":"https:\/\/www.iplay.com\/fr\/wp-json\/wp\/v2\/media\/38782"}],"wp:attachment":[{"href":"https:\/\/www.iplay.com\/fr\/wp-json\/wp\/v2\/media?parent=127457"}],"wp:term":[{"taxonomy":"product_brand","embeddable":true,"href":"https:\/\/www.iplay.com\/fr\/wp-json\/wp\/v2\/product_brand?post=127457"},{"taxonomy":"product_cat","embeddable":true,"href":"https:\/\/www.iplay.com\/fr\/wp-json\/wp\/v2\/product_cat?post=127457"},{"taxonomy":"product_tag","embeddable":true,"href":"https:\/\/www.iplay.com\/fr\/wp-json\/wp\/v2\/product_tag?post=127457"}],"curies":[{"name":"wp","href":"https:\/\/api.w.org\/{rel}","templated":true}]}}