{"id":127435,"date":"2024-09-11T11:37:48","date_gmt":"2024-09-11T11:37:48","guid":{"rendered":"https:\/\/www.iplay.com\/games\/crossroads-fatal-truths-collectors-edition\/"},"modified":"2025-03-12T17:29:32","modified_gmt":"2025-03-12T17:29:32","slug":"crossroads-fatal-truths-collectors-edition","status":"publish","type":"product","link":"https:\/\/www.iplay.com\/fr\/games\/crossroads-fatal-truths-collectors-edition\/","title":{"rendered":"Crossroads: Fatal Truths Collector&#8217;s Edition"},"content":{"rendered":"<p>Qu\u2019est-ce qui compte le plus pour vous ? Est-ce la v\u00e9rit\u00e9, la justice, ou peut-\u00eatre quelque chose que vous \u00eates encore en train de d\u00e9couvrir ? Cette incertitude universelle fait de Crossroads la destination parfaite &#8211; une barre mystique suspendue entre fantaisie et r\u00e9alit\u00e9, n\u2019apparaissant qu\u2019\u00e0 ceux qui cherchent des r\u00e9ponses. Ici, des vies du pass\u00e9, du futur ou des r\u00e9alit\u00e9s alternatives peuvent \u00eatre explor\u00e9es, offrant un aper\u00e7u d\u2019histoires remplies de d\u00e9fis et de dilemmes moraux. Vos choix fa\u00e7onneront non seulement votre voyage, mais d\u00e9termineront \u00e9galement le destin des personnages que vous incarnez. Chaque d\u00e9cision a du poids, et de mauvais choix peuvent entra\u00eener des cons\u00e9quences d\u00e9sastreuses.     <\/p>\n<p>Pour vous guider \u00e0 travers ces histoires hallucinantes, Mistress Eve, l\u2019\u00e9nigmatique barmaid de Crossroads, vous emm\u00e8nera dans un voyage inoubliable \u00e0 travers trois histoires tordues de d\u00e9couverte de soi. Chaque histoire plonge profond\u00e9ment dans des d\u00e9fis personnels, mettant \u00e0 l\u2019\u00e9preuve votre jugement et votre boussole morale. <\/p>\n<p>&nbsp;<\/p>\n<p><strong>Caract\u00e9ristiques cl\u00e9s<\/strong><\/p>\n<ul>\n<li><em>Chapitre bonus :<\/em> Poursuivez l\u2019aventure avec Ma\u00eetresse Eve dans un chapitre bonus palpitant, en d\u00e9veloppant les contes originaux.<\/li>\n<li><em>Contenu bonus :<\/em> Rejouez des puzzles d\u2019objets cach\u00e9s (HOP) et des mini-jeux pour aiguiser vos comp\u00e9tences.<\/li>\n<li><em>Extras exclusifs :<\/em> D\u00e9bloquez l\u2019acc\u00e8s \u00e0 de la musique exclusive, des fonds d\u2019\u00e9cran \u00e9poustouflants et d\u2019autres tr\u00e9sors cach\u00e9s qui enrichissent l\u2019exp\u00e9rience.<\/li>\n<li><em>Objets de collection et symboles :<\/em> Partez \u00e0 la chasse aux symboles et aux objets de collection cach\u00e9s dans chaque lieu pour d\u00e9couvrir plus de secrets.<\/li>\n<li><em>Guide strat\u00e9gique :<\/em> Gardez le cap gr\u00e2ce \u00e0 un guide strat\u00e9gique utile pour vous assurer de ne jamais manquer un battement ou d\u2019oublier des d\u00e9tails importants.<\/li>\n<\/ul>\n<p>&nbsp;<\/p>\n<p>Cette aventure d\u2019objets cach\u00e9s offre non seulement un divertissement, mais aussi une exploration captivante des choix moraux et de l\u2019autor\u00e9flexion. Que vous soyez un joueur occasionnel ou un fan chevronn\u00e9 de jeux d\u2019aventure, Crossroads offre une exp\u00e9rience immersive et stimulante qui vous accompagnera longtemps apr\u00e8s la fin du voyage. Avec des graphismes \u00e9poustouflants, des personnages complexes et des \u00e9nigmes complexes, ce jeu offre l\u2019\u00e9vasion parfaite tout en d\u00e9fiant votre intellect et vos choix.<\/p>\n","protected":false},"excerpt":{"rendered":"<p>Crossroads&nbsp;: Fatal Truths \u00c9dition Collector &#8211; Faites vos choix et d\u00e9couvrez votre chemin.<\/p>\n","protected":false},"author":17,"featured_media":38773,"comment_status":"open","ping_status":"closed","template":"","meta":{"_acf_changed":false,"inline_featured_image":false},"product_brand":[],"product_cat":[165],"product_tag":[287],"class_list":{"0":"post-127435","1":"product","2":"type-product","3":"status-publish","4":"has-post-thumbnail","6":"product_cat-hidden-object-fr","7":"product_tag-play-on-pc-fr","9":"first","10":"instock","11":"shipping-taxable","12":"purchasable","13":"product-type-simple"},"acf":[],"yoast_head":"<!-- This site is optimized with the Yoast SEO Premium plugin v25.2 (Yoast SEO v25.2) - https:\/\/yoast.com\/wordpress\/plugins\/seo\/ -->\n<title>Crossroads\u00a0: Fatal Truths CE - Faites vos choix. D\u00e9couvrez votre chemin.<\/title>\n<meta name=\"description\" content=\"Crossroads&nbsp;: Fatal Truths \u00c9dition Collector - Faites vos choix et d\u00e9couvrez votre chemin.\" \/>\n<meta name=\"robots\" content=\"index, follow, max-snippet:-1, max-image-preview:large, max-video-preview:-1\" \/>\n<link rel=\"canonical\" href=\"https:\/\/www.iplay.com\/fr\/games\/crossroads-fatal-truths-collectors-edition\/\" \/>\n<meta property=\"og:locale\" content=\"fr_FR\" \/>\n<meta property=\"og:type\" content=\"article\" \/>\n<meta property=\"og:title\" content=\"Crossroads: Fatal Truths Collector&#039;s Edition\" \/>\n<meta property=\"og:description\" content=\"Crossroads&nbsp;: Fatal Truths \u00c9dition Collector - Faites vos choix et d\u00e9couvrez votre chemin.\" \/>\n<meta property=\"og:url\" content=\"https:\/\/www.iplay.com\/fr\/games\/crossroads-fatal-truths-collectors-edition\/\" \/>\n<meta property=\"og:site_name\" content=\"IPlay\" \/>\n<meta property=\"article:modified_time\" content=\"2025-03-12T17:29:32+00:00\" \/>\n<meta property=\"og:image\" content=\"https:\/\/www.iplay.com\/wp-content\/uploads\/2024\/09\/400x400-crossroads_-_fatal_truths_ce_large_square_tile_image.webp\" \/>\n\t<meta property=\"og:image:width\" content=\"400\" \/>\n\t<meta property=\"og:image:height\" content=\"400\" \/>\n\t<meta property=\"og:image:type\" content=\"image\/webp\" \/>\n<meta name=\"twitter:card\" content=\"summary_large_image\" \/>\n<meta name=\"twitter:label1\" content=\"Dur\u00e9e de lecture estim\u00e9e\" \/>\n\t<meta name=\"twitter:data1\" content=\"2 minutes\" \/>\n<script type=\"application\/ld+json\" class=\"yoast-schema-graph\">{\"@context\":\"https:\/\/schema.org\",\"@graph\":[{\"@type\":\"WebPage\",\"@id\":\"https:\/\/www.iplay.com\/fr\/games\/crossroads-fatal-truths-collectors-edition\/\",\"url\":\"https:\/\/www.iplay.com\/fr\/games\/crossroads-fatal-truths-collectors-edition\/\",\"name\":\"Crossroads\u00a0: Fatal Truths CE - Faites vos choix. D\u00e9couvrez votre chemin.\",\"isPartOf\":{\"@id\":\"https:\/\/www.iplay.com\/en\/#website\"},\"primaryImageOfPage\":{\"@id\":\"https:\/\/www.iplay.com\/fr\/games\/crossroads-fatal-truths-collectors-edition\/#primaryimage\"},\"image\":{\"@id\":\"https:\/\/www.iplay.com\/fr\/games\/crossroads-fatal-truths-collectors-edition\/#primaryimage\"},\"thumbnailUrl\":\"https:\/\/www.iplay.com\/wp-content\/uploads\/2024\/09\/400x400-crossroads_-_fatal_truths_ce_large_square_tile_image.webp\",\"datePublished\":\"2024-09-11T11:37:48+00:00\",\"dateModified\":\"2025-03-12T17:29:32+00:00\",\"description\":\"Crossroads&nbsp;: Fatal Truths \u00c9dition Collector - Faites vos choix et d\u00e9couvrez votre chemin.\",\"breadcrumb\":{\"@id\":\"https:\/\/www.iplay.com\/fr\/games\/crossroads-fatal-truths-collectors-edition\/#breadcrumb\"},\"inLanguage\":\"fr-FR\",\"potentialAction\":[{\"@type\":\"ReadAction\",\"target\":[\"https:\/\/www.iplay.com\/fr\/games\/crossroads-fatal-truths-collectors-edition\/\"]}]},{\"@type\":\"ImageObject\",\"inLanguage\":\"fr-FR\",\"@id\":\"https:\/\/www.iplay.com\/fr\/games\/crossroads-fatal-truths-collectors-edition\/#primaryimage\",\"url\":\"https:\/\/www.iplay.com\/wp-content\/uploads\/2024\/09\/400x400-crossroads_-_fatal_truths_ce_large_square_tile_image.webp\",\"contentUrl\":\"https:\/\/www.iplay.com\/wp-content\/uploads\/2024\/09\/400x400-crossroads_-_fatal_truths_ce_large_square_tile_image.webp\",\"width\":400,\"height\":400},{\"@type\":\"BreadcrumbList\",\"@id\":\"https:\/\/www.iplay.com\/fr\/games\/crossroads-fatal-truths-collectors-edition\/#breadcrumb\",\"itemListElement\":[{\"@type\":\"ListItem\",\"position\":1,\"name\":\"Home\",\"item\":\"https:\/\/www.iplay.com\/fr\/home-page-2\/\"},{\"@type\":\"ListItem\",\"position\":2,\"name\":\"Shop\",\"item\":\"https:\/\/www.iplay.com\/en\/shop\/\"},{\"@type\":\"ListItem\",\"position\":3,\"name\":\"Crossroads: Fatal Truths Collector&#8217;s Edition\"}]},{\"@type\":\"WebSite\",\"@id\":\"https:\/\/www.iplay.com\/en\/#website\",\"url\":\"https:\/\/www.iplay.com\/en\/\",\"name\":\"IPlay\",\"description\":\"The Best Casual Games!\",\"publisher\":{\"@id\":\"https:\/\/www.iplay.com\/en\/#organization\"},\"potentialAction\":[{\"@type\":\"SearchAction\",\"target\":{\"@type\":\"EntryPoint\",\"urlTemplate\":\"https:\/\/www.iplay.com\/en\/?s={search_term_string}\"},\"query-input\":{\"@type\":\"PropertyValueSpecification\",\"valueRequired\":true,\"valueName\":\"search_term_string\"}}],\"inLanguage\":\"fr-FR\"},{\"@type\":\"Organization\",\"@id\":\"https:\/\/www.iplay.com\/en\/#organization\",\"name\":\"IPlay\",\"url\":\"https:\/\/www.iplay.com\/en\/\",\"logo\":{\"@type\":\"ImageObject\",\"inLanguage\":\"fr-FR\",\"@id\":\"https:\/\/www.iplay.com\/en\/#\/schema\/logo\/image\/\",\"url\":\"https:\/\/www.iplay.com\/wp-content\/uploads\/2023\/11\/Group-6100.svg\",\"contentUrl\":\"https:\/\/www.iplay.com\/wp-content\/uploads\/2023\/11\/Group-6100.svg\",\"width\":98,\"height\":25,\"caption\":\"IPlay\"},\"image\":{\"@id\":\"https:\/\/www.iplay.com\/en\/#\/schema\/logo\/image\/\"}}]}<\/script>\n<!-- \/ Yoast SEO Premium plugin. -->","yoast_head_json":{"title":"Crossroads\u00a0: Fatal Truths CE - Faites vos choix. D\u00e9couvrez votre chemin.","description":"Crossroads&nbsp;: Fatal Truths \u00c9dition Collector - Faites vos choix et d\u00e9couvrez votre chemin.","robots":{"index":"index","follow":"follow","max-snippet":"max-snippet:-1","max-image-preview":"max-image-preview:large","max-video-preview":"max-video-preview:-1"},"canonical":"https:\/\/www.iplay.com\/fr\/games\/crossroads-fatal-truths-collectors-edition\/","og_locale":"fr_FR","og_type":"article","og_title":"Crossroads: Fatal Truths Collector's Edition","og_description":"Crossroads&nbsp;: Fatal Truths \u00c9dition Collector - Faites vos choix et d\u00e9couvrez votre chemin.","og_url":"https:\/\/www.iplay.com\/fr\/games\/crossroads-fatal-truths-collectors-edition\/","og_site_name":"IPlay","article_modified_time":"2025-03-12T17:29:32+00:00","og_image":[{"width":400,"height":400,"url":"https:\/\/www.iplay.com\/wp-content\/uploads\/2024\/09\/400x400-crossroads_-_fatal_truths_ce_large_square_tile_image.webp","type":"image\/webp"}],"twitter_card":"summary_large_image","twitter_misc":{"Dur\u00e9e de lecture estim\u00e9e":"2 minutes"},"schema":{"@context":"https:\/\/schema.org","@graph":[{"@type":"WebPage","@id":"https:\/\/www.iplay.com\/fr\/games\/crossroads-fatal-truths-collectors-edition\/","url":"https:\/\/www.iplay.com\/fr\/games\/crossroads-fatal-truths-collectors-edition\/","name":"Crossroads\u00a0: Fatal Truths CE - Faites vos choix. D\u00e9couvrez votre chemin.","isPartOf":{"@id":"https:\/\/www.iplay.com\/en\/#website"},"primaryImageOfPage":{"@id":"https:\/\/www.iplay.com\/fr\/games\/crossroads-fatal-truths-collectors-edition\/#primaryimage"},"image":{"@id":"https:\/\/www.iplay.com\/fr\/games\/crossroads-fatal-truths-collectors-edition\/#primaryimage"},"thumbnailUrl":"https:\/\/www.iplay.com\/wp-content\/uploads\/2024\/09\/400x400-crossroads_-_fatal_truths_ce_large_square_tile_image.webp","datePublished":"2024-09-11T11:37:48+00:00","dateModified":"2025-03-12T17:29:32+00:00","description":"Crossroads&nbsp;: Fatal Truths \u00c9dition Collector - Faites vos choix et d\u00e9couvrez votre chemin.","breadcrumb":{"@id":"https:\/\/www.iplay.com\/fr\/games\/crossroads-fatal-truths-collectors-edition\/#breadcrumb"},"inLanguage":"fr-FR","potentialAction":[{"@type":"ReadAction","target":["https:\/\/www.iplay.com\/fr\/games\/crossroads-fatal-truths-collectors-edition\/"]}]},{"@type":"ImageObject","inLanguage":"fr-FR","@id":"https:\/\/www.iplay.com\/fr\/games\/crossroads-fatal-truths-collectors-edition\/#primaryimage","url":"https:\/\/www.iplay.com\/wp-content\/uploads\/2024\/09\/400x400-crossroads_-_fatal_truths_ce_large_square_tile_image.webp","contentUrl":"https:\/\/www.iplay.com\/wp-content\/uploads\/2024\/09\/400x400-crossroads_-_fatal_truths_ce_large_square_tile_image.webp","width":400,"height":400},{"@type":"BreadcrumbList","@id":"https:\/\/www.iplay.com\/fr\/games\/crossroads-fatal-truths-collectors-edition\/#breadcrumb","itemListElement":[{"@type":"ListItem","position":1,"name":"Home","item":"https:\/\/www.iplay.com\/fr\/home-page-2\/"},{"@type":"ListItem","position":2,"name":"Shop","item":"https:\/\/www.iplay.com\/en\/shop\/"},{"@type":"ListItem","position":3,"name":"Crossroads: Fatal Truths Collector&#8217;s Edition"}]},{"@type":"WebSite","@id":"https:\/\/www.iplay.com\/en\/#website","url":"https:\/\/www.iplay.com\/en\/","name":"IPlay","description":"The Best Casual Games!","publisher":{"@id":"https:\/\/www.iplay.com\/en\/#organization"},"potentialAction":[{"@type":"SearchAction","target":{"@type":"EntryPoint","urlTemplate":"https:\/\/www.iplay.com\/en\/?s={search_term_string}"},"query-input":{"@type":"PropertyValueSpecification","valueRequired":true,"valueName":"search_term_string"}}],"inLanguage":"fr-FR"},{"@type":"Organization","@id":"https:\/\/www.iplay.com\/en\/#organization","name":"IPlay","url":"https:\/\/www.iplay.com\/en\/","logo":{"@type":"ImageObject","inLanguage":"fr-FR","@id":"https:\/\/www.iplay.com\/en\/#\/schema\/logo\/image\/","url":"https:\/\/www.iplay.com\/wp-content\/uploads\/2023\/11\/Group-6100.svg","contentUrl":"https:\/\/www.iplay.com\/wp-content\/uploads\/2023\/11\/Group-6100.svg","width":98,"height":25,"caption":"IPlay"},"image":{"@id":"https:\/\/www.iplay.com\/en\/#\/schema\/logo\/image\/"}}]}},"_links":{"self":[{"href":"https:\/\/www.iplay.com\/fr\/wp-json\/wp\/v2\/product\/127435","targetHints":{"allow":["GET"]}}],"collection":[{"href":"https:\/\/www.iplay.com\/fr\/wp-json\/wp\/v2\/product"}],"about":[{"href":"https:\/\/www.iplay.com\/fr\/wp-json\/wp\/v2\/types\/product"}],"author":[{"embeddable":true,"href":"https:\/\/www.iplay.com\/fr\/wp-json\/wp\/v2\/users\/17"}],"replies":[{"embeddable":true,"href":"https:\/\/www.iplay.com\/fr\/wp-json\/wp\/v2\/comments?post=127435"}],"wp:featuredmedia":[{"embeddable":true,"href":"https:\/\/www.iplay.com\/fr\/wp-json\/wp\/v2\/media\/38773"}],"wp:attachment":[{"href":"https:\/\/www.iplay.com\/fr\/wp-json\/wp\/v2\/media?parent=127435"}],"wp:term":[{"taxonomy":"product_brand","embeddable":true,"href":"https:\/\/www.iplay.com\/fr\/wp-json\/wp\/v2\/product_brand?post=127435"},{"taxonomy":"product_cat","embeddable":true,"href":"https:\/\/www.iplay.com\/fr\/wp-json\/wp\/v2\/product_cat?post=127435"},{"taxonomy":"product_tag","embeddable":true,"href":"https:\/\/www.iplay.com\/fr\/wp-json\/wp\/v2\/product_tag?post=127435"}],"curies":[{"name":"wp","href":"https:\/\/api.w.org\/{rel}","templated":true}]}}