{"id":127430,"date":"2025-03-12T09:30:28","date_gmt":"2025-03-12T09:30:28","guid":{"rendered":"https:\/\/www.iplay.com\/games\/wilde-investigations-animal-sanctuary-shuffle-collectors-edition\/"},"modified":"2025-03-12T17:55:16","modified_gmt":"2025-03-12T17:55:16","slug":"wilde-investigations-animal-sanctuary-shuffle-collectors-edition","status":"publish","type":"product","link":"https:\/\/www.iplay.com\/fr\/games\/wilde-investigations-animal-sanctuary-shuffle-collectors-edition\/","title":{"rendered":"Wilde Investigations: Animal Sanctuary Shuffle Collector&#8217;s Edition"},"content":{"rendered":"<p>Un nouveau chapitre captivant de la s\u00e9rie Wilde Investigations attend les joueurs dans cette aventure immersive d\u2019objets cach\u00e9s. Le d\u00e9veloppement du sanctuaire animalier est supervis\u00e9 par un donateur bienveillant, mais vos talents uniques sont n\u00e9cessaires pour que le projet soit men\u00e9 \u00e0 bien.<br \/>\n\u00c0 votre arriv\u00e9e au sanctuaire, votre capacit\u00e9 exceptionnelle \u00e0 communiquer avec les animaux r\u00e9v\u00e8le que de nombreux r\u00e9sidents sont m\u00e9contents de leur h\u00e9bergement. La situation se complique encore lorsqu\u2019un panda roux espi\u00e8gle s\u2019\u00e9chappe pendant les pr\u00e9paratifs. Vos capacit\u00e9s de r\u00e9solution de probl\u00e8mes et votre don sp\u00e9cial doivent \u00eatre utilis\u00e9s pour localiser l\u2019animal disparu et aider l\u2019\u00e9quipe \u00e0 pr\u00e9parer le sanctuaire pour sa prochaine inauguration.   <\/p>\n<p>&nbsp;<\/p>\n<p><strong>Caract\u00e9ristiques de l\u2019\u00e9dition collector<\/strong><\/p>\n<ul>\n<li>Participez aux c\u00e9l\u00e9brations lors de l\u2019ouverture du sanctuaire animalier de Laney Bee et d\u00e9couvrez pourquoi un \u00e9co-activiste cr\u00e9e des obstacles<\/li>\n<li>Gagnez de l\u2019argent dans le jeu en jouant \u00e0 plusieurs reprises pour acc\u00e9der \u00e0 du contenu premium, notamment des bandes sonores et des fonds d\u2019\u00e9cran<\/li>\n<li>Profitez \u00e0 nouveau de vos puzzles d\u2019objets cach\u00e9s et mini-jeux pr\u00e9f\u00e9r\u00e9s gr\u00e2ce \u00e0 la fonction de relecture, et d\u00e9bloquez un puzzle secret<\/li>\n<li>Suivez votre progression gr\u00e2ce aux r\u00e9compenses d\u2019accomplissement et recherchez des objets de collection cach\u00e9s dans l\u2019enceinte du sanctuaire<\/li>\n<li>Acc\u00e9dez au guide strat\u00e9gique complet pour conna\u00eetre les derniers d\u00e9veloppements et conseils sur le sanctuaire<\/li>\n<\/ul>\n<p>&nbsp;<\/p>\n<p>&nbsp;<\/p>\n<p>Cette aventure captivante et r\u00e9confortante de puzzle d\u2019objets cach\u00e9s combine une narration d\u00e9licieuse avec un gameplay stimulant qui plaira aux fans de la s\u00e9rie et aux nouveaux arrivants.<\/p>\n","protected":false},"excerpt":{"rendered":"<p>Devenez le d\u00e9tective en chef de Wilde Investigations en aidant \u00e0 organiser et \u00e0 pr\u00e9parer un sanctuaire faunique pour le jour de l\u2019ouverture, en r\u00e9solvant des \u00e9nigmes uniques en cours de route.<\/p>\n","protected":false},"author":17,"featured_media":127419,"comment_status":"open","ping_status":"closed","template":"","meta":{"_acf_changed":false,"inline_featured_image":false},"product_brand":[],"product_cat":[148,165],"product_tag":[287],"class_list":{"0":"post-127430","1":"product","2":"type-product","3":"status-publish","4":"has-post-thumbnail","6":"product_cat-adventure-fr","7":"product_cat-hidden-object-fr","8":"product_tag-play-on-pc-fr","10":"first","11":"instock","12":"shipping-taxable","13":"purchasable","14":"product-type-simple"},"acf":[],"yoast_head":"<!-- This site is optimized with the Yoast SEO Premium plugin v25.2 (Yoast SEO v25.2) - https:\/\/yoast.com\/wordpress\/plugins\/seo\/ -->\n<title>Wilde Investigations : pr\u00e9parer l\u2019ouverture du sanctuaire animalier<\/title>\n<meta name=\"description\" content=\"Devenez le d\u00e9tective en chef de Wilde Investigations en aidant \u00e0 organiser et \u00e0 pr\u00e9parer un sanctuaire faunique pour le jour de l\u2019ouverture, en r\u00e9solvant des \u00e9nigmes uniques en cours de route.\" \/>\n<meta name=\"robots\" content=\"index, follow, max-snippet:-1, max-image-preview:large, max-video-preview:-1\" \/>\n<link rel=\"canonical\" href=\"https:\/\/www.iplay.com\/fr\/games\/wilde-investigations-animal-sanctuary-shuffle-collectors-edition\/\" \/>\n<meta property=\"og:locale\" content=\"fr_FR\" \/>\n<meta property=\"og:type\" content=\"article\" \/>\n<meta property=\"og:title\" content=\"Wilde Investigations: Animal Sanctuary Shuffle Collector&#039;s Edition\" \/>\n<meta property=\"og:description\" content=\"Devenez le d\u00e9tective en chef de Wilde Investigations en aidant \u00e0 organiser et \u00e0 pr\u00e9parer un sanctuaire faunique pour le jour de l\u2019ouverture, en r\u00e9solvant des \u00e9nigmes uniques en cours de route.\" \/>\n<meta property=\"og:url\" content=\"https:\/\/www.iplay.com\/fr\/games\/wilde-investigations-animal-sanctuary-shuffle-collectors-edition\/\" \/>\n<meta property=\"og:site_name\" content=\"IPlay\" \/>\n<meta property=\"article:modified_time\" content=\"2025-03-12T17:55:16+00:00\" \/>\n<meta property=\"og:image\" content=\"https:\/\/www.iplay.com\/wp-content\/uploads\/2025\/03\/wilde_investigations_animal_sanctuary_shuffle_ce_large_video_screenshot.webp\" \/>\n\t<meta property=\"og:image:width\" content=\"715\" \/>\n\t<meta property=\"og:image:height\" content=\"485\" \/>\n\t<meta property=\"og:image:type\" content=\"image\/webp\" \/>\n<meta name=\"twitter:card\" content=\"summary_large_image\" \/>\n<meta name=\"twitter:label1\" content=\"Dur\u00e9e de lecture estim\u00e9e\" \/>\n\t<meta name=\"twitter:data1\" content=\"1 minute\" \/>\n<script type=\"application\/ld+json\" class=\"yoast-schema-graph\">{\"@context\":\"https:\/\/schema.org\",\"@graph\":[{\"@type\":\"WebPage\",\"@id\":\"https:\/\/www.iplay.com\/fr\/games\/wilde-investigations-animal-sanctuary-shuffle-collectors-edition\/\",\"url\":\"https:\/\/www.iplay.com\/fr\/games\/wilde-investigations-animal-sanctuary-shuffle-collectors-edition\/\",\"name\":\"Wilde Investigations : pr\u00e9parer l\u2019ouverture du sanctuaire animalier\",\"isPartOf\":{\"@id\":\"https:\/\/www.iplay.com\/en\/#website\"},\"primaryImageOfPage\":{\"@id\":\"https:\/\/www.iplay.com\/fr\/games\/wilde-investigations-animal-sanctuary-shuffle-collectors-edition\/#primaryimage\"},\"image\":{\"@id\":\"https:\/\/www.iplay.com\/fr\/games\/wilde-investigations-animal-sanctuary-shuffle-collectors-edition\/#primaryimage\"},\"thumbnailUrl\":\"https:\/\/www.iplay.com\/wp-content\/uploads\/2025\/03\/wilde_investigations_animal_sanctuary_shuffle_ce_large_video_screenshot.webp\",\"datePublished\":\"2025-03-12T09:30:28+00:00\",\"dateModified\":\"2025-03-12T17:55:16+00:00\",\"description\":\"Devenez le d\u00e9tective en chef de Wilde Investigations en aidant \u00e0 organiser et \u00e0 pr\u00e9parer un sanctuaire faunique pour le jour de l\u2019ouverture, en r\u00e9solvant des \u00e9nigmes uniques en cours de route.\",\"breadcrumb\":{\"@id\":\"https:\/\/www.iplay.com\/fr\/games\/wilde-investigations-animal-sanctuary-shuffle-collectors-edition\/#breadcrumb\"},\"inLanguage\":\"fr-FR\",\"potentialAction\":[{\"@type\":\"ReadAction\",\"target\":[\"https:\/\/www.iplay.com\/fr\/games\/wilde-investigations-animal-sanctuary-shuffle-collectors-edition\/\"]}]},{\"@type\":\"ImageObject\",\"inLanguage\":\"fr-FR\",\"@id\":\"https:\/\/www.iplay.com\/fr\/games\/wilde-investigations-animal-sanctuary-shuffle-collectors-edition\/#primaryimage\",\"url\":\"https:\/\/www.iplay.com\/wp-content\/uploads\/2025\/03\/wilde_investigations_animal_sanctuary_shuffle_ce_large_video_screenshot.webp\",\"contentUrl\":\"https:\/\/www.iplay.com\/wp-content\/uploads\/2025\/03\/wilde_investigations_animal_sanctuary_shuffle_ce_large_video_screenshot.webp\",\"width\":715,\"height\":485},{\"@type\":\"BreadcrumbList\",\"@id\":\"https:\/\/www.iplay.com\/fr\/games\/wilde-investigations-animal-sanctuary-shuffle-collectors-edition\/#breadcrumb\",\"itemListElement\":[{\"@type\":\"ListItem\",\"position\":1,\"name\":\"Home\",\"item\":\"https:\/\/www.iplay.com\/fr\/home-page-2\/\"},{\"@type\":\"ListItem\",\"position\":2,\"name\":\"Shop\",\"item\":\"https:\/\/www.iplay.com\/en\/shop\/\"},{\"@type\":\"ListItem\",\"position\":3,\"name\":\"Wilde Investigations: Animal Sanctuary Shuffle Collector&#8217;s Edition\"}]},{\"@type\":\"WebSite\",\"@id\":\"https:\/\/www.iplay.com\/en\/#website\",\"url\":\"https:\/\/www.iplay.com\/en\/\",\"name\":\"IPlay\",\"description\":\"The Best Casual Games!\",\"publisher\":{\"@id\":\"https:\/\/www.iplay.com\/en\/#organization\"},\"potentialAction\":[{\"@type\":\"SearchAction\",\"target\":{\"@type\":\"EntryPoint\",\"urlTemplate\":\"https:\/\/www.iplay.com\/en\/?s={search_term_string}\"},\"query-input\":{\"@type\":\"PropertyValueSpecification\",\"valueRequired\":true,\"valueName\":\"search_term_string\"}}],\"inLanguage\":\"fr-FR\"},{\"@type\":\"Organization\",\"@id\":\"https:\/\/www.iplay.com\/en\/#organization\",\"name\":\"IPlay\",\"url\":\"https:\/\/www.iplay.com\/en\/\",\"logo\":{\"@type\":\"ImageObject\",\"inLanguage\":\"fr-FR\",\"@id\":\"https:\/\/www.iplay.com\/en\/#\/schema\/logo\/image\/\",\"url\":\"https:\/\/www.iplay.com\/wp-content\/uploads\/2023\/11\/Group-6100.svg\",\"contentUrl\":\"https:\/\/www.iplay.com\/wp-content\/uploads\/2023\/11\/Group-6100.svg\",\"width\":98,\"height\":25,\"caption\":\"IPlay\"},\"image\":{\"@id\":\"https:\/\/www.iplay.com\/en\/#\/schema\/logo\/image\/\"}}]}<\/script>\n<!-- \/ Yoast SEO Premium plugin. -->","yoast_head_json":{"title":"Wilde Investigations : pr\u00e9parer l\u2019ouverture du sanctuaire animalier","description":"Devenez le d\u00e9tective en chef de Wilde Investigations en aidant \u00e0 organiser et \u00e0 pr\u00e9parer un sanctuaire faunique pour le jour de l\u2019ouverture, en r\u00e9solvant des \u00e9nigmes uniques en cours de route.","robots":{"index":"index","follow":"follow","max-snippet":"max-snippet:-1","max-image-preview":"max-image-preview:large","max-video-preview":"max-video-preview:-1"},"canonical":"https:\/\/www.iplay.com\/fr\/games\/wilde-investigations-animal-sanctuary-shuffle-collectors-edition\/","og_locale":"fr_FR","og_type":"article","og_title":"Wilde Investigations: Animal Sanctuary Shuffle Collector's Edition","og_description":"Devenez le d\u00e9tective en chef de Wilde Investigations en aidant \u00e0 organiser et \u00e0 pr\u00e9parer un sanctuaire faunique pour le jour de l\u2019ouverture, en r\u00e9solvant des \u00e9nigmes uniques en cours de route.","og_url":"https:\/\/www.iplay.com\/fr\/games\/wilde-investigations-animal-sanctuary-shuffle-collectors-edition\/","og_site_name":"IPlay","article_modified_time":"2025-03-12T17:55:16+00:00","og_image":[{"width":715,"height":485,"url":"https:\/\/www.iplay.com\/wp-content\/uploads\/2025\/03\/wilde_investigations_animal_sanctuary_shuffle_ce_large_video_screenshot.webp","type":"image\/webp"}],"twitter_card":"summary_large_image","twitter_misc":{"Dur\u00e9e de lecture estim\u00e9e":"1 minute"},"schema":{"@context":"https:\/\/schema.org","@graph":[{"@type":"WebPage","@id":"https:\/\/www.iplay.com\/fr\/games\/wilde-investigations-animal-sanctuary-shuffle-collectors-edition\/","url":"https:\/\/www.iplay.com\/fr\/games\/wilde-investigations-animal-sanctuary-shuffle-collectors-edition\/","name":"Wilde Investigations : pr\u00e9parer l\u2019ouverture du sanctuaire animalier","isPartOf":{"@id":"https:\/\/www.iplay.com\/en\/#website"},"primaryImageOfPage":{"@id":"https:\/\/www.iplay.com\/fr\/games\/wilde-investigations-animal-sanctuary-shuffle-collectors-edition\/#primaryimage"},"image":{"@id":"https:\/\/www.iplay.com\/fr\/games\/wilde-investigations-animal-sanctuary-shuffle-collectors-edition\/#primaryimage"},"thumbnailUrl":"https:\/\/www.iplay.com\/wp-content\/uploads\/2025\/03\/wilde_investigations_animal_sanctuary_shuffle_ce_large_video_screenshot.webp","datePublished":"2025-03-12T09:30:28+00:00","dateModified":"2025-03-12T17:55:16+00:00","description":"Devenez le d\u00e9tective en chef de Wilde Investigations en aidant \u00e0 organiser et \u00e0 pr\u00e9parer un sanctuaire faunique pour le jour de l\u2019ouverture, en r\u00e9solvant des \u00e9nigmes uniques en cours de route.","breadcrumb":{"@id":"https:\/\/www.iplay.com\/fr\/games\/wilde-investigations-animal-sanctuary-shuffle-collectors-edition\/#breadcrumb"},"inLanguage":"fr-FR","potentialAction":[{"@type":"ReadAction","target":["https:\/\/www.iplay.com\/fr\/games\/wilde-investigations-animal-sanctuary-shuffle-collectors-edition\/"]}]},{"@type":"ImageObject","inLanguage":"fr-FR","@id":"https:\/\/www.iplay.com\/fr\/games\/wilde-investigations-animal-sanctuary-shuffle-collectors-edition\/#primaryimage","url":"https:\/\/www.iplay.com\/wp-content\/uploads\/2025\/03\/wilde_investigations_animal_sanctuary_shuffle_ce_large_video_screenshot.webp","contentUrl":"https:\/\/www.iplay.com\/wp-content\/uploads\/2025\/03\/wilde_investigations_animal_sanctuary_shuffle_ce_large_video_screenshot.webp","width":715,"height":485},{"@type":"BreadcrumbList","@id":"https:\/\/www.iplay.com\/fr\/games\/wilde-investigations-animal-sanctuary-shuffle-collectors-edition\/#breadcrumb","itemListElement":[{"@type":"ListItem","position":1,"name":"Home","item":"https:\/\/www.iplay.com\/fr\/home-page-2\/"},{"@type":"ListItem","position":2,"name":"Shop","item":"https:\/\/www.iplay.com\/en\/shop\/"},{"@type":"ListItem","position":3,"name":"Wilde Investigations: Animal Sanctuary Shuffle Collector&#8217;s Edition"}]},{"@type":"WebSite","@id":"https:\/\/www.iplay.com\/en\/#website","url":"https:\/\/www.iplay.com\/en\/","name":"IPlay","description":"The Best Casual Games!","publisher":{"@id":"https:\/\/www.iplay.com\/en\/#organization"},"potentialAction":[{"@type":"SearchAction","target":{"@type":"EntryPoint","urlTemplate":"https:\/\/www.iplay.com\/en\/?s={search_term_string}"},"query-input":{"@type":"PropertyValueSpecification","valueRequired":true,"valueName":"search_term_string"}}],"inLanguage":"fr-FR"},{"@type":"Organization","@id":"https:\/\/www.iplay.com\/en\/#organization","name":"IPlay","url":"https:\/\/www.iplay.com\/en\/","logo":{"@type":"ImageObject","inLanguage":"fr-FR","@id":"https:\/\/www.iplay.com\/en\/#\/schema\/logo\/image\/","url":"https:\/\/www.iplay.com\/wp-content\/uploads\/2023\/11\/Group-6100.svg","contentUrl":"https:\/\/www.iplay.com\/wp-content\/uploads\/2023\/11\/Group-6100.svg","width":98,"height":25,"caption":"IPlay"},"image":{"@id":"https:\/\/www.iplay.com\/en\/#\/schema\/logo\/image\/"}}]}},"_links":{"self":[{"href":"https:\/\/www.iplay.com\/fr\/wp-json\/wp\/v2\/product\/127430","targetHints":{"allow":["GET"]}}],"collection":[{"href":"https:\/\/www.iplay.com\/fr\/wp-json\/wp\/v2\/product"}],"about":[{"href":"https:\/\/www.iplay.com\/fr\/wp-json\/wp\/v2\/types\/product"}],"author":[{"embeddable":true,"href":"https:\/\/www.iplay.com\/fr\/wp-json\/wp\/v2\/users\/17"}],"replies":[{"embeddable":true,"href":"https:\/\/www.iplay.com\/fr\/wp-json\/wp\/v2\/comments?post=127430"}],"wp:featuredmedia":[{"embeddable":true,"href":"https:\/\/www.iplay.com\/fr\/wp-json\/wp\/v2\/media\/127419"}],"wp:attachment":[{"href":"https:\/\/www.iplay.com\/fr\/wp-json\/wp\/v2\/media?parent=127430"}],"wp:term":[{"taxonomy":"product_brand","embeddable":true,"href":"https:\/\/www.iplay.com\/fr\/wp-json\/wp\/v2\/product_brand?post=127430"},{"taxonomy":"product_cat","embeddable":true,"href":"https:\/\/www.iplay.com\/fr\/wp-json\/wp\/v2\/product_cat?post=127430"},{"taxonomy":"product_tag","embeddable":true,"href":"https:\/\/www.iplay.com\/fr\/wp-json\/wp\/v2\/product_tag?post=127430"}],"curies":[{"name":"wp","href":"https:\/\/api.w.org\/{rel}","templated":true}]}}