{"id":127213,"date":"2020-09-28T00:00:00","date_gmt":"2020-09-28T00:00:00","guid":{"rendered":"https:\/\/www.iplay.com\/games\/daydream-mosaics\/"},"modified":"2020-09-28T00:00:00","modified_gmt":"2020-09-28T00:00:00","slug":"daydream-mosaics","status":"publish","type":"product","link":"https:\/\/www.iplay.com\/fr\/games\/daydream-mosaics\/","title":{"rendered":"DayDream Mosaics"},"content":{"rendered":"<p>Entrez dans un fascinant pays des merveilles de mosa\u00efques ! Voyagez \u00e0 travers une terre ancienne pour reconstruire des havres de paix du pass\u00e9. Plus de 100 niveaux de plaisir d\u00e9contract\u00e9 vous attendent lorsque vous utilisez la logique et l\u2019intuition pour d\u00e9couvrir de belles images cach\u00e9es dans des motifs num\u00e9riques. Vous pouvez cr\u00e9er des havres de paix dans des sc\u00e8nes r\u00e9alistes en utilisant les gemmes que vous avez rassembl\u00e9es entre les niveaux. Une fois que vous avez cr\u00e9\u00e9 ces paysages fantastiques, vous pouvez les d\u00e9finir comme fond d\u2019\u00e9cran pour votre bureau. L\u2019ensemble d\u00e9j\u00e0 complet de fonctionnalit\u00e9s de Daydream Mosaics est am\u00e9lior\u00e9 avec des graphismes captivants et une musique apaisante. D\u2019excellentes mosa\u00efques avec un maximum de six couleurs sont l\u2019une des caract\u00e9ristiques. Plus de 100 niveaux de nonogramme peuvent \u00eatre r\u00e9solus. Construction de havres de paix. S\u00e9lectionnez l\u2019un des trois modes de jeu disponibles. Chaque nonogramme suit un chemin logique. Choisissez parmi un assortiment de rev\u00eatements de carreaux. De beaux arri\u00e8re-plans. Une bande-son qui se veut \u00e9th\u00e9r\u00e9e.<\/p>\n","protected":false},"excerpt":{"rendered":"<p>Entrez dans un royaume captivant de mosa\u00efques ! Mosa\u00efques imaginaires <\/p>\n","protected":false},"author":20,"featured_media":82066,"comment_status":"open","ping_status":"closed","template":"","meta":{"_acf_changed":false,"inline_featured_image":false},"product_brand":[],"product_cat":[193],"product_tag":[],"class_list":{"0":"post-127213","1":"product","2":"type-product","3":"status-publish","4":"has-post-thumbnail","6":"product_cat-puzzle-fr","8":"first","9":"instock","10":"shipping-taxable","11":"purchasable","12":"product-type-simple"},"acf":[],"yoast_head":"<!-- This site is optimized with the Yoast SEO Premium plugin v25.2 (Yoast SEO v25.2) - https:\/\/yoast.com\/wordpress\/plugins\/seo\/ -->\n<title>DayDream Mosaics - Mosa\u00efques envo\u00fbtantes au pays des merveilles ! (Mosa\u00efques Daydream)<\/title>\n<meta name=\"description\" content=\"Entrez dans un royaume captivant de mosa\u00efques ! Mosa\u00efques imaginaires\" \/>\n<meta name=\"robots\" content=\"index, follow, max-snippet:-1, max-image-preview:large, max-video-preview:-1\" \/>\n<link rel=\"canonical\" href=\"https:\/\/www.iplay.com\/fr\/games\/daydream-mosaics\/\" \/>\n<meta property=\"og:locale\" content=\"fr_FR\" \/>\n<meta property=\"og:type\" content=\"article\" \/>\n<meta property=\"og:title\" content=\"DayDream Mosaics\" \/>\n<meta property=\"og:description\" content=\"Entrez dans un royaume captivant de mosa\u00efques ! Mosa\u00efques imaginaires\" \/>\n<meta property=\"og:url\" content=\"https:\/\/www.iplay.com\/fr\/games\/daydream-mosaics\/\" \/>\n<meta property=\"og:site_name\" content=\"IPlay\" \/>\n<meta property=\"og:image\" content=\"https:\/\/www.iplay.com\/wp-content\/uploads\/2023\/12\/large_square_tile_image-2635.jpg\" \/>\n\t<meta property=\"og:image:width\" content=\"310\" \/>\n\t<meta property=\"og:image:height\" content=\"310\" \/>\n\t<meta property=\"og:image:type\" content=\"image\/jpeg\" \/>\n<meta name=\"twitter:card\" content=\"summary_large_image\" \/>\n<meta name=\"twitter:label1\" content=\"Dur\u00e9e de lecture estim\u00e9e\" \/>\n\t<meta name=\"twitter:data1\" content=\"1 minute\" \/>\n<script type=\"application\/ld+json\" class=\"yoast-schema-graph\">{\"@context\":\"https:\/\/schema.org\",\"@graph\":[{\"@type\":\"WebPage\",\"@id\":\"https:\/\/www.iplay.com\/fr\/games\/daydream-mosaics\/\",\"url\":\"https:\/\/www.iplay.com\/fr\/games\/daydream-mosaics\/\",\"name\":\"DayDream Mosaics - Mosa\u00efques envo\u00fbtantes au pays des merveilles ! (Mosa\u00efques Daydream)\",\"isPartOf\":{\"@id\":\"https:\/\/www.iplay.com\/en\/#website\"},\"primaryImageOfPage\":{\"@id\":\"https:\/\/www.iplay.com\/fr\/games\/daydream-mosaics\/#primaryimage\"},\"image\":{\"@id\":\"https:\/\/www.iplay.com\/fr\/games\/daydream-mosaics\/#primaryimage\"},\"thumbnailUrl\":\"https:\/\/www.iplay.com\/wp-content\/uploads\/2023\/12\/large_square_tile_image-2635.jpg\",\"datePublished\":\"2020-09-28T00:00:00+00:00\",\"description\":\"Entrez dans un royaume captivant de mosa\u00efques ! Mosa\u00efques imaginaires\",\"breadcrumb\":{\"@id\":\"https:\/\/www.iplay.com\/fr\/games\/daydream-mosaics\/#breadcrumb\"},\"inLanguage\":\"fr-FR\",\"potentialAction\":[{\"@type\":\"ReadAction\",\"target\":[\"https:\/\/www.iplay.com\/fr\/games\/daydream-mosaics\/\"]}]},{\"@type\":\"ImageObject\",\"inLanguage\":\"fr-FR\",\"@id\":\"https:\/\/www.iplay.com\/fr\/games\/daydream-mosaics\/#primaryimage\",\"url\":\"https:\/\/www.iplay.com\/wp-content\/uploads\/2023\/12\/large_square_tile_image-2635.jpg\",\"contentUrl\":\"https:\/\/www.iplay.com\/wp-content\/uploads\/2023\/12\/large_square_tile_image-2635.jpg\",\"width\":310,\"height\":310},{\"@type\":\"BreadcrumbList\",\"@id\":\"https:\/\/www.iplay.com\/fr\/games\/daydream-mosaics\/#breadcrumb\",\"itemListElement\":[{\"@type\":\"ListItem\",\"position\":1,\"name\":\"Home\",\"item\":\"https:\/\/www.iplay.com\/fr\/home-page-2\/\"},{\"@type\":\"ListItem\",\"position\":2,\"name\":\"Shop\",\"item\":\"https:\/\/www.iplay.com\/en\/shop\/\"},{\"@type\":\"ListItem\",\"position\":3,\"name\":\"DayDream Mosaics\"}]},{\"@type\":\"WebSite\",\"@id\":\"https:\/\/www.iplay.com\/en\/#website\",\"url\":\"https:\/\/www.iplay.com\/en\/\",\"name\":\"IPlay\",\"description\":\"The Best Casual Games!\",\"publisher\":{\"@id\":\"https:\/\/www.iplay.com\/en\/#organization\"},\"potentialAction\":[{\"@type\":\"SearchAction\",\"target\":{\"@type\":\"EntryPoint\",\"urlTemplate\":\"https:\/\/www.iplay.com\/en\/?s={search_term_string}\"},\"query-input\":{\"@type\":\"PropertyValueSpecification\",\"valueRequired\":true,\"valueName\":\"search_term_string\"}}],\"inLanguage\":\"fr-FR\"},{\"@type\":\"Organization\",\"@id\":\"https:\/\/www.iplay.com\/en\/#organization\",\"name\":\"IPlay\",\"url\":\"https:\/\/www.iplay.com\/en\/\",\"logo\":{\"@type\":\"ImageObject\",\"inLanguage\":\"fr-FR\",\"@id\":\"https:\/\/www.iplay.com\/en\/#\/schema\/logo\/image\/\",\"url\":\"https:\/\/www.iplay.com\/wp-content\/uploads\/2023\/11\/Group-6100.svg\",\"contentUrl\":\"https:\/\/www.iplay.com\/wp-content\/uploads\/2023\/11\/Group-6100.svg\",\"width\":98,\"height\":25,\"caption\":\"IPlay\"},\"image\":{\"@id\":\"https:\/\/www.iplay.com\/en\/#\/schema\/logo\/image\/\"}}]}<\/script>\n<!-- \/ Yoast SEO Premium plugin. -->","yoast_head_json":{"title":"DayDream Mosaics - Mosa\u00efques envo\u00fbtantes au pays des merveilles ! (Mosa\u00efques Daydream)","description":"Entrez dans un royaume captivant de mosa\u00efques ! Mosa\u00efques imaginaires","robots":{"index":"index","follow":"follow","max-snippet":"max-snippet:-1","max-image-preview":"max-image-preview:large","max-video-preview":"max-video-preview:-1"},"canonical":"https:\/\/www.iplay.com\/fr\/games\/daydream-mosaics\/","og_locale":"fr_FR","og_type":"article","og_title":"DayDream Mosaics","og_description":"Entrez dans un royaume captivant de mosa\u00efques ! Mosa\u00efques imaginaires","og_url":"https:\/\/www.iplay.com\/fr\/games\/daydream-mosaics\/","og_site_name":"IPlay","og_image":[{"width":310,"height":310,"url":"https:\/\/www.iplay.com\/wp-content\/uploads\/2023\/12\/large_square_tile_image-2635.jpg","type":"image\/jpeg"}],"twitter_card":"summary_large_image","twitter_misc":{"Dur\u00e9e de lecture estim\u00e9e":"1 minute"},"schema":{"@context":"https:\/\/schema.org","@graph":[{"@type":"WebPage","@id":"https:\/\/www.iplay.com\/fr\/games\/daydream-mosaics\/","url":"https:\/\/www.iplay.com\/fr\/games\/daydream-mosaics\/","name":"DayDream Mosaics - Mosa\u00efques envo\u00fbtantes au pays des merveilles ! (Mosa\u00efques Daydream)","isPartOf":{"@id":"https:\/\/www.iplay.com\/en\/#website"},"primaryImageOfPage":{"@id":"https:\/\/www.iplay.com\/fr\/games\/daydream-mosaics\/#primaryimage"},"image":{"@id":"https:\/\/www.iplay.com\/fr\/games\/daydream-mosaics\/#primaryimage"},"thumbnailUrl":"https:\/\/www.iplay.com\/wp-content\/uploads\/2023\/12\/large_square_tile_image-2635.jpg","datePublished":"2020-09-28T00:00:00+00:00","description":"Entrez dans un royaume captivant de mosa\u00efques ! Mosa\u00efques imaginaires","breadcrumb":{"@id":"https:\/\/www.iplay.com\/fr\/games\/daydream-mosaics\/#breadcrumb"},"inLanguage":"fr-FR","potentialAction":[{"@type":"ReadAction","target":["https:\/\/www.iplay.com\/fr\/games\/daydream-mosaics\/"]}]},{"@type":"ImageObject","inLanguage":"fr-FR","@id":"https:\/\/www.iplay.com\/fr\/games\/daydream-mosaics\/#primaryimage","url":"https:\/\/www.iplay.com\/wp-content\/uploads\/2023\/12\/large_square_tile_image-2635.jpg","contentUrl":"https:\/\/www.iplay.com\/wp-content\/uploads\/2023\/12\/large_square_tile_image-2635.jpg","width":310,"height":310},{"@type":"BreadcrumbList","@id":"https:\/\/www.iplay.com\/fr\/games\/daydream-mosaics\/#breadcrumb","itemListElement":[{"@type":"ListItem","position":1,"name":"Home","item":"https:\/\/www.iplay.com\/fr\/home-page-2\/"},{"@type":"ListItem","position":2,"name":"Shop","item":"https:\/\/www.iplay.com\/en\/shop\/"},{"@type":"ListItem","position":3,"name":"DayDream Mosaics"}]},{"@type":"WebSite","@id":"https:\/\/www.iplay.com\/en\/#website","url":"https:\/\/www.iplay.com\/en\/","name":"IPlay","description":"The Best Casual Games!","publisher":{"@id":"https:\/\/www.iplay.com\/en\/#organization"},"potentialAction":[{"@type":"SearchAction","target":{"@type":"EntryPoint","urlTemplate":"https:\/\/www.iplay.com\/en\/?s={search_term_string}"},"query-input":{"@type":"PropertyValueSpecification","valueRequired":true,"valueName":"search_term_string"}}],"inLanguage":"fr-FR"},{"@type":"Organization","@id":"https:\/\/www.iplay.com\/en\/#organization","name":"IPlay","url":"https:\/\/www.iplay.com\/en\/","logo":{"@type":"ImageObject","inLanguage":"fr-FR","@id":"https:\/\/www.iplay.com\/en\/#\/schema\/logo\/image\/","url":"https:\/\/www.iplay.com\/wp-content\/uploads\/2023\/11\/Group-6100.svg","contentUrl":"https:\/\/www.iplay.com\/wp-content\/uploads\/2023\/11\/Group-6100.svg","width":98,"height":25,"caption":"IPlay"},"image":{"@id":"https:\/\/www.iplay.com\/en\/#\/schema\/logo\/image\/"}}]}},"_links":{"self":[{"href":"https:\/\/www.iplay.com\/fr\/wp-json\/wp\/v2\/product\/127213","targetHints":{"allow":["GET"]}}],"collection":[{"href":"https:\/\/www.iplay.com\/fr\/wp-json\/wp\/v2\/product"}],"about":[{"href":"https:\/\/www.iplay.com\/fr\/wp-json\/wp\/v2\/types\/product"}],"author":[{"embeddable":true,"href":"https:\/\/www.iplay.com\/fr\/wp-json\/wp\/v2\/users\/20"}],"replies":[{"embeddable":true,"href":"https:\/\/www.iplay.com\/fr\/wp-json\/wp\/v2\/comments?post=127213"}],"wp:featuredmedia":[{"embeddable":true,"href":"https:\/\/www.iplay.com\/fr\/wp-json\/wp\/v2\/media\/82066"}],"wp:attachment":[{"href":"https:\/\/www.iplay.com\/fr\/wp-json\/wp\/v2\/media?parent=127213"}],"wp:term":[{"taxonomy":"product_brand","embeddable":true,"href":"https:\/\/www.iplay.com\/fr\/wp-json\/wp\/v2\/product_brand?post=127213"},{"taxonomy":"product_cat","embeddable":true,"href":"https:\/\/www.iplay.com\/fr\/wp-json\/wp\/v2\/product_cat?post=127213"},{"taxonomy":"product_tag","embeddable":true,"href":"https:\/\/www.iplay.com\/fr\/wp-json\/wp\/v2\/product_tag?post=127213"}],"curies":[{"name":"wp","href":"https:\/\/api.w.org\/{rel}","templated":true}]}}