{"id":127210,"date":"2023-04-07T00:00:01","date_gmt":"2023-04-07T00:00:01","guid":{"rendered":"https:\/\/www.iplay.com\/games\/daydream-mosaics-3-shards-of-hope\/"},"modified":"2023-04-07T00:00:01","modified_gmt":"2023-04-07T00:00:01","slug":"daydream-mosaics-3-shards-of-hope","status":"publish","type":"product","link":"https:\/\/www.iplay.com\/fr\/games\/daydream-mosaics-3-shards-of-hope\/","title":{"rendered":"Daydream Mosaics 3 &#8211; Shards of Hope"},"content":{"rendered":"<p>Revenons \u00e0 notre passionnante aventure en mosa\u00efque ! Au fur et \u00e0 mesure que le voyage de Juliette progresse, il la m\u00e8ne \u00e0 Zerenyis, o\u00f9 elle doit collecter les fragments d\u2019espoir pour fixer le cristal blanc. C\u2019est un symbole puissant qui peut ramener l\u2019harmonie sur la plan\u00e8te Crimsonian. Sur plus de 100 niveaux de plaisir de la lumi\u00e8re, utilisez la logique pour d\u00e9couvrir de belles images cach\u00e9es dans des motifs num\u00e9riques. Accumulez des richesses scintillantes pour redonner \u00e0 des havres exquis leur splendeur d\u2019antan. Obtenez plus de ressources en vous engageant dans des mini-jeux bonus qui incluent des puzzles et des sc\u00e8nes d\u2019objets cach\u00e9s. L\u2019ensemble des fonctionnalit\u00e9s est termin\u00e9 avec de beaux visuels et une bande-son apaisante. D\u00e9couvrez ce qui se passe ensuite dans le voyage captivant de Juliette pour sauver les mondes jumeaux. D\u2019excellentes mosa\u00efques avec un maximum de six couleurs sont l\u2019une des caract\u00e9ristiques.        <\/p>\n<p>&nbsp;<\/p>\n<p><strong>Fonctionnalit\u00e9s<\/strong><\/p>\n<p>&nbsp;<\/p>\n<p>120 niveaux de nonogramme \u00e0 d\u00e9chiffrer.<\/p>\n<p>Restaurer les lieux de culte historiques.<\/p>\n<p>S\u00e9lectionnez l\u2019un des quatre modes de jeu disponibles.<\/p>\n<p>Des mini-jeux qui peuvent \u00eatre rejou\u00e9s, tels que des sc\u00e8nes d\u2019objets cach\u00e9s et des puzzles.<\/p>\n<p>Un r\u00e9cit captivant. Chaque nonogramme suit un chemin logique. <\/p>\n<p>Choisissez parmi un assortiment de rev\u00eatements de carreaux.<\/p>\n<p>De beaux arri\u00e8re-plans.<\/p>\n<p>Une bande-son parfaite pour la r\u00eaverie, \u00e9th\u00e9r\u00e9e.<\/p>\n","protected":false},"excerpt":{"rendered":"<p>Partez pour une aventure palpitante en mosa\u00efque pour trouver les rayons d\u2019espoir qui restaureront le cristal blanc.<\/p>\n","protected":false},"author":20,"featured_media":73781,"comment_status":"open","ping_status":"closed","template":"","meta":{"_acf_changed":false,"inline_featured_image":false},"product_brand":[],"product_cat":[193],"product_tag":[],"class_list":{"0":"post-127210","1":"product","2":"type-product","3":"status-publish","4":"has-post-thumbnail","6":"product_cat-puzzle-fr","8":"first","9":"instock","10":"shipping-taxable","11":"purchasable","12":"product-type-simple"},"acf":[],"yoast_head":"<!-- This site is optimized with the Yoast SEO Premium plugin v25.2 (Yoast SEO v25.2) - https:\/\/yoast.com\/wordpress\/plugins\/seo\/ -->\n<title>Daydream Mosaics 3 - Shards of Hope - Embarquez pour un voyage en mosa\u00efques \u00e0 la recherche d\u2019\u00e9clats d\u2019espoir<\/title>\n<meta name=\"description\" content=\"Partez pour une aventure palpitante en mosa\u00efque pour trouver les rayons d\u2019espoir qui restaureront le cristal blanc.\" \/>\n<meta name=\"robots\" content=\"index, follow, max-snippet:-1, max-image-preview:large, max-video-preview:-1\" \/>\n<link rel=\"canonical\" href=\"https:\/\/www.iplay.com\/fr\/games\/daydream-mosaics-3-shards-of-hope\/\" \/>\n<meta property=\"og:locale\" content=\"fr_FR\" \/>\n<meta property=\"og:type\" content=\"article\" \/>\n<meta property=\"og:title\" content=\"Daydream Mosaics 3 - Shards of Hope\" \/>\n<meta property=\"og:description\" content=\"Partez pour une aventure palpitante en mosa\u00efque pour trouver les rayons d\u2019espoir qui restaureront le cristal blanc.\" \/>\n<meta property=\"og:url\" content=\"https:\/\/www.iplay.com\/fr\/games\/daydream-mosaics-3-shards-of-hope\/\" \/>\n<meta property=\"og:site_name\" content=\"IPlay\" \/>\n<meta property=\"og:image\" content=\"https:\/\/www.iplay.com\/wp-content\/uploads\/2023\/12\/large_square_tile_image-2104.jpg\" \/>\n\t<meta property=\"og:image:width\" content=\"310\" \/>\n\t<meta property=\"og:image:height\" content=\"310\" \/>\n\t<meta property=\"og:image:type\" content=\"image\/jpeg\" \/>\n<meta name=\"twitter:card\" content=\"summary_large_image\" \/>\n<meta name=\"twitter:label1\" content=\"Dur\u00e9e de lecture estim\u00e9e\" \/>\n\t<meta name=\"twitter:data1\" content=\"1 minute\" \/>\n<script type=\"application\/ld+json\" class=\"yoast-schema-graph\">{\"@context\":\"https:\/\/schema.org\",\"@graph\":[{\"@type\":\"WebPage\",\"@id\":\"https:\/\/www.iplay.com\/fr\/games\/daydream-mosaics-3-shards-of-hope\/\",\"url\":\"https:\/\/www.iplay.com\/fr\/games\/daydream-mosaics-3-shards-of-hope\/\",\"name\":\"Daydream Mosaics 3 - Shards of Hope - Embarquez pour un voyage en mosa\u00efques \u00e0 la recherche d\u2019\u00e9clats d\u2019espoir\",\"isPartOf\":{\"@id\":\"https:\/\/www.iplay.com\/en\/#website\"},\"primaryImageOfPage\":{\"@id\":\"https:\/\/www.iplay.com\/fr\/games\/daydream-mosaics-3-shards-of-hope\/#primaryimage\"},\"image\":{\"@id\":\"https:\/\/www.iplay.com\/fr\/games\/daydream-mosaics-3-shards-of-hope\/#primaryimage\"},\"thumbnailUrl\":\"https:\/\/www.iplay.com\/wp-content\/uploads\/2023\/12\/large_square_tile_image-2104.jpg\",\"datePublished\":\"2023-04-07T00:00:01+00:00\",\"description\":\"Partez pour une aventure palpitante en mosa\u00efque pour trouver les rayons d\u2019espoir qui restaureront le cristal blanc.\",\"breadcrumb\":{\"@id\":\"https:\/\/www.iplay.com\/fr\/games\/daydream-mosaics-3-shards-of-hope\/#breadcrumb\"},\"inLanguage\":\"fr-FR\",\"potentialAction\":[{\"@type\":\"ReadAction\",\"target\":[\"https:\/\/www.iplay.com\/fr\/games\/daydream-mosaics-3-shards-of-hope\/\"]}]},{\"@type\":\"ImageObject\",\"inLanguage\":\"fr-FR\",\"@id\":\"https:\/\/www.iplay.com\/fr\/games\/daydream-mosaics-3-shards-of-hope\/#primaryimage\",\"url\":\"https:\/\/www.iplay.com\/wp-content\/uploads\/2023\/12\/large_square_tile_image-2104.jpg\",\"contentUrl\":\"https:\/\/www.iplay.com\/wp-content\/uploads\/2023\/12\/large_square_tile_image-2104.jpg\",\"width\":310,\"height\":310},{\"@type\":\"BreadcrumbList\",\"@id\":\"https:\/\/www.iplay.com\/fr\/games\/daydream-mosaics-3-shards-of-hope\/#breadcrumb\",\"itemListElement\":[{\"@type\":\"ListItem\",\"position\":1,\"name\":\"Home\",\"item\":\"https:\/\/www.iplay.com\/fr\/home-page-2\/\"},{\"@type\":\"ListItem\",\"position\":2,\"name\":\"Shop\",\"item\":\"https:\/\/www.iplay.com\/en\/shop\/\"},{\"@type\":\"ListItem\",\"position\":3,\"name\":\"Daydream Mosaics 3 &#8211; Shards of Hope\"}]},{\"@type\":\"WebSite\",\"@id\":\"https:\/\/www.iplay.com\/en\/#website\",\"url\":\"https:\/\/www.iplay.com\/en\/\",\"name\":\"IPlay\",\"description\":\"The Best Casual Games!\",\"publisher\":{\"@id\":\"https:\/\/www.iplay.com\/en\/#organization\"},\"potentialAction\":[{\"@type\":\"SearchAction\",\"target\":{\"@type\":\"EntryPoint\",\"urlTemplate\":\"https:\/\/www.iplay.com\/en\/?s={search_term_string}\"},\"query-input\":{\"@type\":\"PropertyValueSpecification\",\"valueRequired\":true,\"valueName\":\"search_term_string\"}}],\"inLanguage\":\"fr-FR\"},{\"@type\":\"Organization\",\"@id\":\"https:\/\/www.iplay.com\/en\/#organization\",\"name\":\"IPlay\",\"url\":\"https:\/\/www.iplay.com\/en\/\",\"logo\":{\"@type\":\"ImageObject\",\"inLanguage\":\"fr-FR\",\"@id\":\"https:\/\/www.iplay.com\/en\/#\/schema\/logo\/image\/\",\"url\":\"https:\/\/www.iplay.com\/wp-content\/uploads\/2023\/11\/Group-6100.svg\",\"contentUrl\":\"https:\/\/www.iplay.com\/wp-content\/uploads\/2023\/11\/Group-6100.svg\",\"width\":98,\"height\":25,\"caption\":\"IPlay\"},\"image\":{\"@id\":\"https:\/\/www.iplay.com\/en\/#\/schema\/logo\/image\/\"}}]}<\/script>\n<!-- \/ Yoast SEO Premium plugin. -->","yoast_head_json":{"title":"Daydream Mosaics 3 - Shards of Hope - Embarquez pour un voyage en mosa\u00efques \u00e0 la recherche d\u2019\u00e9clats d\u2019espoir","description":"Partez pour une aventure palpitante en mosa\u00efque pour trouver les rayons d\u2019espoir qui restaureront le cristal blanc.","robots":{"index":"index","follow":"follow","max-snippet":"max-snippet:-1","max-image-preview":"max-image-preview:large","max-video-preview":"max-video-preview:-1"},"canonical":"https:\/\/www.iplay.com\/fr\/games\/daydream-mosaics-3-shards-of-hope\/","og_locale":"fr_FR","og_type":"article","og_title":"Daydream Mosaics 3 - Shards of Hope","og_description":"Partez pour une aventure palpitante en mosa\u00efque pour trouver les rayons d\u2019espoir qui restaureront le cristal blanc.","og_url":"https:\/\/www.iplay.com\/fr\/games\/daydream-mosaics-3-shards-of-hope\/","og_site_name":"IPlay","og_image":[{"width":310,"height":310,"url":"https:\/\/www.iplay.com\/wp-content\/uploads\/2023\/12\/large_square_tile_image-2104.jpg","type":"image\/jpeg"}],"twitter_card":"summary_large_image","twitter_misc":{"Dur\u00e9e de lecture estim\u00e9e":"1 minute"},"schema":{"@context":"https:\/\/schema.org","@graph":[{"@type":"WebPage","@id":"https:\/\/www.iplay.com\/fr\/games\/daydream-mosaics-3-shards-of-hope\/","url":"https:\/\/www.iplay.com\/fr\/games\/daydream-mosaics-3-shards-of-hope\/","name":"Daydream Mosaics 3 - Shards of Hope - Embarquez pour un voyage en mosa\u00efques \u00e0 la recherche d\u2019\u00e9clats d\u2019espoir","isPartOf":{"@id":"https:\/\/www.iplay.com\/en\/#website"},"primaryImageOfPage":{"@id":"https:\/\/www.iplay.com\/fr\/games\/daydream-mosaics-3-shards-of-hope\/#primaryimage"},"image":{"@id":"https:\/\/www.iplay.com\/fr\/games\/daydream-mosaics-3-shards-of-hope\/#primaryimage"},"thumbnailUrl":"https:\/\/www.iplay.com\/wp-content\/uploads\/2023\/12\/large_square_tile_image-2104.jpg","datePublished":"2023-04-07T00:00:01+00:00","description":"Partez pour une aventure palpitante en mosa\u00efque pour trouver les rayons d\u2019espoir qui restaureront le cristal blanc.","breadcrumb":{"@id":"https:\/\/www.iplay.com\/fr\/games\/daydream-mosaics-3-shards-of-hope\/#breadcrumb"},"inLanguage":"fr-FR","potentialAction":[{"@type":"ReadAction","target":["https:\/\/www.iplay.com\/fr\/games\/daydream-mosaics-3-shards-of-hope\/"]}]},{"@type":"ImageObject","inLanguage":"fr-FR","@id":"https:\/\/www.iplay.com\/fr\/games\/daydream-mosaics-3-shards-of-hope\/#primaryimage","url":"https:\/\/www.iplay.com\/wp-content\/uploads\/2023\/12\/large_square_tile_image-2104.jpg","contentUrl":"https:\/\/www.iplay.com\/wp-content\/uploads\/2023\/12\/large_square_tile_image-2104.jpg","width":310,"height":310},{"@type":"BreadcrumbList","@id":"https:\/\/www.iplay.com\/fr\/games\/daydream-mosaics-3-shards-of-hope\/#breadcrumb","itemListElement":[{"@type":"ListItem","position":1,"name":"Home","item":"https:\/\/www.iplay.com\/fr\/home-page-2\/"},{"@type":"ListItem","position":2,"name":"Shop","item":"https:\/\/www.iplay.com\/en\/shop\/"},{"@type":"ListItem","position":3,"name":"Daydream Mosaics 3 &#8211; Shards of Hope"}]},{"@type":"WebSite","@id":"https:\/\/www.iplay.com\/en\/#website","url":"https:\/\/www.iplay.com\/en\/","name":"IPlay","description":"The Best Casual Games!","publisher":{"@id":"https:\/\/www.iplay.com\/en\/#organization"},"potentialAction":[{"@type":"SearchAction","target":{"@type":"EntryPoint","urlTemplate":"https:\/\/www.iplay.com\/en\/?s={search_term_string}"},"query-input":{"@type":"PropertyValueSpecification","valueRequired":true,"valueName":"search_term_string"}}],"inLanguage":"fr-FR"},{"@type":"Organization","@id":"https:\/\/www.iplay.com\/en\/#organization","name":"IPlay","url":"https:\/\/www.iplay.com\/en\/","logo":{"@type":"ImageObject","inLanguage":"fr-FR","@id":"https:\/\/www.iplay.com\/en\/#\/schema\/logo\/image\/","url":"https:\/\/www.iplay.com\/wp-content\/uploads\/2023\/11\/Group-6100.svg","contentUrl":"https:\/\/www.iplay.com\/wp-content\/uploads\/2023\/11\/Group-6100.svg","width":98,"height":25,"caption":"IPlay"},"image":{"@id":"https:\/\/www.iplay.com\/en\/#\/schema\/logo\/image\/"}}]}},"_links":{"self":[{"href":"https:\/\/www.iplay.com\/fr\/wp-json\/wp\/v2\/product\/127210","targetHints":{"allow":["GET"]}}],"collection":[{"href":"https:\/\/www.iplay.com\/fr\/wp-json\/wp\/v2\/product"}],"about":[{"href":"https:\/\/www.iplay.com\/fr\/wp-json\/wp\/v2\/types\/product"}],"author":[{"embeddable":true,"href":"https:\/\/www.iplay.com\/fr\/wp-json\/wp\/v2\/users\/20"}],"replies":[{"embeddable":true,"href":"https:\/\/www.iplay.com\/fr\/wp-json\/wp\/v2\/comments?post=127210"}],"wp:featuredmedia":[{"embeddable":true,"href":"https:\/\/www.iplay.com\/fr\/wp-json\/wp\/v2\/media\/73781"}],"wp:attachment":[{"href":"https:\/\/www.iplay.com\/fr\/wp-json\/wp\/v2\/media?parent=127210"}],"wp:term":[{"taxonomy":"product_brand","embeddable":true,"href":"https:\/\/www.iplay.com\/fr\/wp-json\/wp\/v2\/product_brand?post=127210"},{"taxonomy":"product_cat","embeddable":true,"href":"https:\/\/www.iplay.com\/fr\/wp-json\/wp\/v2\/product_cat?post=127210"},{"taxonomy":"product_tag","embeddable":true,"href":"https:\/\/www.iplay.com\/fr\/wp-json\/wp\/v2\/product_tag?post=127210"}],"curies":[{"name":"wp","href":"https:\/\/api.w.org\/{rel}","templated":true}]}}