{"id":127095,"date":"2024-02-23T00:00:45","date_gmt":"2024-02-23T00:00:45","guid":{"rendered":"https:\/\/www.iplay.com\/games\/around-the-world-travel-to-brazil-collectors-edition\/"},"modified":"2025-03-06T10:12:11","modified_gmt":"2025-03-06T10:12:11","slug":"around-the-world-travel-to-brazil-collectors-edition","status":"publish","type":"product","link":"https:\/\/www.iplay.com\/fr\/games\/around-the-world-travel-to-brazil-collectors-edition\/","title":{"rendered":"Around the World: Travel to Brazil Collector&#8217;s Edition"},"content":{"rendered":"<p>Embarquez pour un voyage virtuel \u00e0 la d\u00e9couverte des attractions captivantes du Br\u00e9sil avec notre derni\u00e8re cr\u00e9ation de jeu, \u00ab Around the World&nbsp;: Amazing Brazil \u00bb. Divers objets attendent d\u2019\u00eatre d\u00e9couverts au milieu des paysages ensoleill\u00e9s du Br\u00e9sil, offrant aux joueurs la possibilit\u00e9 de s\u2019engager dans des mini-jeux fascinants et d\u2019amasser une gamme de souvenirs pour comm\u00e9morer leur aventure. <\/p>\n<p>&nbsp;<\/p>\n<p>Tout au long de cette exp\u00e9dition captivante, les joueurs d\u00e9voileront 30 sites \u00e0 couper le souffle diss\u00e9min\u00e9s sur le vaste terrain du Br\u00e9sil. Des sommets majestueux du Pain de Sucre aux profondeurs luxuriantes de la jungle amazonienne, des cavernes enchanteresses aux rues anim\u00e9es de Rio de Janeiro, et des rivages tranquilles des plages br\u00e9siliennes orn\u00e9es de sable blanc comme neige, l\u2019exploration ne conna\u00eet pas de limites. Plongez dans la splendeur des parcs nationaux spectaculaires, plongez dans la riche histoire pr\u00e9serv\u00e9e dans les mus\u00e9es et \u00e9merveillez-vous devant les anciens ch\u00e2teaux impr\u00e9gn\u00e9s de l\u00e9gendes et de traditions.  <\/p>\n<p>&nbsp;<\/p>\n<p><strong>Contenu de l\u2019\u00e9dition collector<\/strong><\/p>\n<p>&nbsp;<\/p>\n<p>&#8211; D\u00e9couvrez 10 nouveaux lieux, chacun offrant des tr\u00e9sors et des secrets uniques qui attendent d\u2019\u00eatre d\u00e9couverts.<\/p>\n<p>&nbsp;<\/p>\n<p>&#8211; Participez \u00e0 10 nouveaux mini-jeux, dont 12 sp\u00e9cialement con\u00e7us pour les amateurs de puzzles, offrant des heures de divertissement immersif.<\/p>\n<p>&nbsp;<\/p>\n<p>&#8211; D\u00e9corez votre bureau avec de superbes fonds d\u2019\u00e9cran capturant l\u2019essence des paysages \u00e0 couper le souffle du Br\u00e9sil, ce qui vous permet d\u2019apporter une touche de sa beaut\u00e9 dans votre domaine num\u00e9rique.<\/p>\n<p>&nbsp;<\/p>\n<p>&#8211; Plongez dans une s\u00e9lection de musique s\u00e9lectionn\u00e9e gr\u00e2ce au lecteur de musique int\u00e9gr\u00e9, enrichissant votre exp\u00e9rience de jeu avec des airs m\u00e9lodieux inspir\u00e9s de la culture vibrante du Br\u00e9sil.<\/p>\n<p>&nbsp;<\/p>\n<p>&#8211; Parcourez la boutique virtuelle pour trouver une gamme de cadeaux br\u00e9siliens, offrant aux joueurs la possibilit\u00e9 d\u2019acqu\u00e9rir des souvenirs et des souvenirs virtuels en guise de t\u00e9moignage de leur voyage virtuel \u00e0 travers cette terre enchanteresse.<\/p>\n","protected":false},"excerpt":{"rendered":"<p>Vivez des vacances m\u00e9morables en famille au Br\u00e9sil.<\/p>\n","protected":false},"author":130,"featured_media":124500,"comment_status":"open","ping_status":"closed","template":"","meta":{"_acf_changed":false,"inline_featured_image":false},"product_brand":[],"product_cat":[165],"product_tag":[287],"class_list":{"0":"post-127095","1":"product","2":"type-product","3":"status-publish","4":"has-post-thumbnail","6":"product_cat-hidden-object-fr","7":"product_tag-play-on-pc-fr","9":"first","10":"instock","11":"shipping-taxable","12":"purchasable","13":"product-type-simple"},"acf":[],"yoast_head":"<!-- This site is optimized with the Yoast SEO Premium plugin v25.2 (Yoast SEO v25.2) - https:\/\/yoast.com\/wordpress\/plugins\/seo\/ -->\n<title>Tour du monde\u00a0: Voyage au Br\u00e9sil \u00c9dition Collector - Vivez des vacances m\u00e9morables en famille au Br\u00e9sil<\/title>\n<meta name=\"description\" content=\"Vivez des vacances m\u00e9morables en famille au Br\u00e9sil.\" \/>\n<meta name=\"robots\" content=\"index, follow, max-snippet:-1, max-image-preview:large, max-video-preview:-1\" \/>\n<link rel=\"canonical\" href=\"https:\/\/www.iplay.com\/fr\/games\/around-the-world-travel-to-brazil-collectors-edition\/\" \/>\n<meta property=\"og:locale\" content=\"fr_FR\" \/>\n<meta property=\"og:type\" content=\"article\" \/>\n<meta property=\"og:title\" content=\"Around the World: Travel to Brazil Collector&#039;s Edition\" \/>\n<meta property=\"og:description\" content=\"Vivez des vacances m\u00e9morables en famille au Br\u00e9sil.\" \/>\n<meta property=\"og:url\" content=\"https:\/\/www.iplay.com\/fr\/games\/around-the-world-travel-to-brazil-collectors-edition\/\" \/>\n<meta property=\"og:site_name\" content=\"IPlay\" \/>\n<meta property=\"article:modified_time\" content=\"2025-03-06T10:12:11+00:00\" \/>\n<meta property=\"og:image\" content=\"https:\/\/www.iplay.com\/wp-content\/uploads\/2024\/02\/400x400-around_the_world_-_travel_to_brazil_ce_large_square_tile_image.webp\" \/>\n\t<meta property=\"og:image:width\" content=\"400\" \/>\n\t<meta property=\"og:image:height\" content=\"400\" \/>\n\t<meta property=\"og:image:type\" content=\"image\/webp\" \/>\n<meta name=\"twitter:card\" content=\"summary_large_image\" \/>\n<meta name=\"twitter:label1\" content=\"Dur\u00e9e de lecture estim\u00e9e\" \/>\n\t<meta name=\"twitter:data1\" content=\"2 minutes\" \/>\n<script type=\"application\/ld+json\" class=\"yoast-schema-graph\">{\"@context\":\"https:\/\/schema.org\",\"@graph\":[{\"@type\":\"WebPage\",\"@id\":\"https:\/\/www.iplay.com\/fr\/games\/around-the-world-travel-to-brazil-collectors-edition\/\",\"url\":\"https:\/\/www.iplay.com\/fr\/games\/around-the-world-travel-to-brazil-collectors-edition\/\",\"name\":\"Tour du monde\u00a0: Voyage au Br\u00e9sil \u00c9dition Collector - Vivez des vacances m\u00e9morables en famille au Br\u00e9sil\",\"isPartOf\":{\"@id\":\"https:\/\/www.iplay.com\/en\/#website\"},\"primaryImageOfPage\":{\"@id\":\"https:\/\/www.iplay.com\/fr\/games\/around-the-world-travel-to-brazil-collectors-edition\/#primaryimage\"},\"image\":{\"@id\":\"https:\/\/www.iplay.com\/fr\/games\/around-the-world-travel-to-brazil-collectors-edition\/#primaryimage\"},\"thumbnailUrl\":\"https:\/\/www.iplay.com\/wp-content\/uploads\/2024\/02\/400x400-around_the_world_-_travel_to_brazil_ce_large_square_tile_image.webp\",\"datePublished\":\"2024-02-23T00:00:45+00:00\",\"dateModified\":\"2025-03-06T10:12:11+00:00\",\"description\":\"Vivez des vacances m\u00e9morables en famille au Br\u00e9sil.\",\"breadcrumb\":{\"@id\":\"https:\/\/www.iplay.com\/fr\/games\/around-the-world-travel-to-brazil-collectors-edition\/#breadcrumb\"},\"inLanguage\":\"fr-FR\",\"potentialAction\":[{\"@type\":\"ReadAction\",\"target\":[\"https:\/\/www.iplay.com\/fr\/games\/around-the-world-travel-to-brazil-collectors-edition\/\"]}]},{\"@type\":\"ImageObject\",\"inLanguage\":\"fr-FR\",\"@id\":\"https:\/\/www.iplay.com\/fr\/games\/around-the-world-travel-to-brazil-collectors-edition\/#primaryimage\",\"url\":\"https:\/\/www.iplay.com\/wp-content\/uploads\/2024\/02\/400x400-around_the_world_-_travel_to_brazil_ce_large_square_tile_image.webp\",\"contentUrl\":\"https:\/\/www.iplay.com\/wp-content\/uploads\/2024\/02\/400x400-around_the_world_-_travel_to_brazil_ce_large_square_tile_image.webp\",\"width\":400,\"height\":400},{\"@type\":\"BreadcrumbList\",\"@id\":\"https:\/\/www.iplay.com\/fr\/games\/around-the-world-travel-to-brazil-collectors-edition\/#breadcrumb\",\"itemListElement\":[{\"@type\":\"ListItem\",\"position\":1,\"name\":\"Home\",\"item\":\"https:\/\/www.iplay.com\/fr\/home-page-2\/\"},{\"@type\":\"ListItem\",\"position\":2,\"name\":\"Shop\",\"item\":\"https:\/\/www.iplay.com\/en\/shop\/\"},{\"@type\":\"ListItem\",\"position\":3,\"name\":\"Around the World: Travel to Brazil Collector&#8217;s Edition\"}]},{\"@type\":\"WebSite\",\"@id\":\"https:\/\/www.iplay.com\/en\/#website\",\"url\":\"https:\/\/www.iplay.com\/en\/\",\"name\":\"IPlay\",\"description\":\"The Best Casual Games!\",\"publisher\":{\"@id\":\"https:\/\/www.iplay.com\/en\/#organization\"},\"potentialAction\":[{\"@type\":\"SearchAction\",\"target\":{\"@type\":\"EntryPoint\",\"urlTemplate\":\"https:\/\/www.iplay.com\/en\/?s={search_term_string}\"},\"query-input\":{\"@type\":\"PropertyValueSpecification\",\"valueRequired\":true,\"valueName\":\"search_term_string\"}}],\"inLanguage\":\"fr-FR\"},{\"@type\":\"Organization\",\"@id\":\"https:\/\/www.iplay.com\/en\/#organization\",\"name\":\"IPlay\",\"url\":\"https:\/\/www.iplay.com\/en\/\",\"logo\":{\"@type\":\"ImageObject\",\"inLanguage\":\"fr-FR\",\"@id\":\"https:\/\/www.iplay.com\/en\/#\/schema\/logo\/image\/\",\"url\":\"https:\/\/www.iplay.com\/wp-content\/uploads\/2023\/11\/Group-6100.svg\",\"contentUrl\":\"https:\/\/www.iplay.com\/wp-content\/uploads\/2023\/11\/Group-6100.svg\",\"width\":98,\"height\":25,\"caption\":\"IPlay\"},\"image\":{\"@id\":\"https:\/\/www.iplay.com\/en\/#\/schema\/logo\/image\/\"}}]}<\/script>\n<!-- \/ Yoast SEO Premium plugin. -->","yoast_head_json":{"title":"Tour du monde\u00a0: Voyage au Br\u00e9sil \u00c9dition Collector - Vivez des vacances m\u00e9morables en famille au Br\u00e9sil","description":"Vivez des vacances m\u00e9morables en famille au Br\u00e9sil.","robots":{"index":"index","follow":"follow","max-snippet":"max-snippet:-1","max-image-preview":"max-image-preview:large","max-video-preview":"max-video-preview:-1"},"canonical":"https:\/\/www.iplay.com\/fr\/games\/around-the-world-travel-to-brazil-collectors-edition\/","og_locale":"fr_FR","og_type":"article","og_title":"Around the World: Travel to Brazil Collector's Edition","og_description":"Vivez des vacances m\u00e9morables en famille au Br\u00e9sil.","og_url":"https:\/\/www.iplay.com\/fr\/games\/around-the-world-travel-to-brazil-collectors-edition\/","og_site_name":"IPlay","article_modified_time":"2025-03-06T10:12:11+00:00","og_image":[{"width":400,"height":400,"url":"https:\/\/www.iplay.com\/wp-content\/uploads\/2024\/02\/400x400-around_the_world_-_travel_to_brazil_ce_large_square_tile_image.webp","type":"image\/webp"}],"twitter_card":"summary_large_image","twitter_misc":{"Dur\u00e9e de lecture estim\u00e9e":"2 minutes"},"schema":{"@context":"https:\/\/schema.org","@graph":[{"@type":"WebPage","@id":"https:\/\/www.iplay.com\/fr\/games\/around-the-world-travel-to-brazil-collectors-edition\/","url":"https:\/\/www.iplay.com\/fr\/games\/around-the-world-travel-to-brazil-collectors-edition\/","name":"Tour du monde\u00a0: Voyage au Br\u00e9sil \u00c9dition Collector - Vivez des vacances m\u00e9morables en famille au Br\u00e9sil","isPartOf":{"@id":"https:\/\/www.iplay.com\/en\/#website"},"primaryImageOfPage":{"@id":"https:\/\/www.iplay.com\/fr\/games\/around-the-world-travel-to-brazil-collectors-edition\/#primaryimage"},"image":{"@id":"https:\/\/www.iplay.com\/fr\/games\/around-the-world-travel-to-brazil-collectors-edition\/#primaryimage"},"thumbnailUrl":"https:\/\/www.iplay.com\/wp-content\/uploads\/2024\/02\/400x400-around_the_world_-_travel_to_brazil_ce_large_square_tile_image.webp","datePublished":"2024-02-23T00:00:45+00:00","dateModified":"2025-03-06T10:12:11+00:00","description":"Vivez des vacances m\u00e9morables en famille au Br\u00e9sil.","breadcrumb":{"@id":"https:\/\/www.iplay.com\/fr\/games\/around-the-world-travel-to-brazil-collectors-edition\/#breadcrumb"},"inLanguage":"fr-FR","potentialAction":[{"@type":"ReadAction","target":["https:\/\/www.iplay.com\/fr\/games\/around-the-world-travel-to-brazil-collectors-edition\/"]}]},{"@type":"ImageObject","inLanguage":"fr-FR","@id":"https:\/\/www.iplay.com\/fr\/games\/around-the-world-travel-to-brazil-collectors-edition\/#primaryimage","url":"https:\/\/www.iplay.com\/wp-content\/uploads\/2024\/02\/400x400-around_the_world_-_travel_to_brazil_ce_large_square_tile_image.webp","contentUrl":"https:\/\/www.iplay.com\/wp-content\/uploads\/2024\/02\/400x400-around_the_world_-_travel_to_brazil_ce_large_square_tile_image.webp","width":400,"height":400},{"@type":"BreadcrumbList","@id":"https:\/\/www.iplay.com\/fr\/games\/around-the-world-travel-to-brazil-collectors-edition\/#breadcrumb","itemListElement":[{"@type":"ListItem","position":1,"name":"Home","item":"https:\/\/www.iplay.com\/fr\/home-page-2\/"},{"@type":"ListItem","position":2,"name":"Shop","item":"https:\/\/www.iplay.com\/en\/shop\/"},{"@type":"ListItem","position":3,"name":"Around the World: Travel to Brazil Collector&#8217;s Edition"}]},{"@type":"WebSite","@id":"https:\/\/www.iplay.com\/en\/#website","url":"https:\/\/www.iplay.com\/en\/","name":"IPlay","description":"The Best Casual Games!","publisher":{"@id":"https:\/\/www.iplay.com\/en\/#organization"},"potentialAction":[{"@type":"SearchAction","target":{"@type":"EntryPoint","urlTemplate":"https:\/\/www.iplay.com\/en\/?s={search_term_string}"},"query-input":{"@type":"PropertyValueSpecification","valueRequired":true,"valueName":"search_term_string"}}],"inLanguage":"fr-FR"},{"@type":"Organization","@id":"https:\/\/www.iplay.com\/en\/#organization","name":"IPlay","url":"https:\/\/www.iplay.com\/en\/","logo":{"@type":"ImageObject","inLanguage":"fr-FR","@id":"https:\/\/www.iplay.com\/en\/#\/schema\/logo\/image\/","url":"https:\/\/www.iplay.com\/wp-content\/uploads\/2023\/11\/Group-6100.svg","contentUrl":"https:\/\/www.iplay.com\/wp-content\/uploads\/2023\/11\/Group-6100.svg","width":98,"height":25,"caption":"IPlay"},"image":{"@id":"https:\/\/www.iplay.com\/en\/#\/schema\/logo\/image\/"}}]}},"_links":{"self":[{"href":"https:\/\/www.iplay.com\/fr\/wp-json\/wp\/v2\/product\/127095","targetHints":{"allow":["GET"]}}],"collection":[{"href":"https:\/\/www.iplay.com\/fr\/wp-json\/wp\/v2\/product"}],"about":[{"href":"https:\/\/www.iplay.com\/fr\/wp-json\/wp\/v2\/types\/product"}],"author":[{"embeddable":true,"href":"https:\/\/www.iplay.com\/fr\/wp-json\/wp\/v2\/users\/130"}],"replies":[{"embeddable":true,"href":"https:\/\/www.iplay.com\/fr\/wp-json\/wp\/v2\/comments?post=127095"}],"wp:featuredmedia":[{"embeddable":true,"href":"https:\/\/www.iplay.com\/fr\/wp-json\/wp\/v2\/media\/124500"}],"wp:attachment":[{"href":"https:\/\/www.iplay.com\/fr\/wp-json\/wp\/v2\/media?parent=127095"}],"wp:term":[{"taxonomy":"product_brand","embeddable":true,"href":"https:\/\/www.iplay.com\/fr\/wp-json\/wp\/v2\/product_brand?post=127095"},{"taxonomy":"product_cat","embeddable":true,"href":"https:\/\/www.iplay.com\/fr\/wp-json\/wp\/v2\/product_cat?post=127095"},{"taxonomy":"product_tag","embeddable":true,"href":"https:\/\/www.iplay.com\/fr\/wp-json\/wp\/v2\/product_tag?post=127095"}],"curies":[{"name":"wp","href":"https:\/\/api.w.org\/{rel}","templated":true}]}}