{"id":127092,"date":"2022-03-06T00:00:00","date_gmt":"2022-03-06T00:00:00","guid":{"rendered":"https:\/\/www.iplay.com\/games\/around-the-world-2-with-the-johnson-family\/"},"modified":"2022-03-06T00:00:00","modified_gmt":"2022-03-06T00:00:00","slug":"around-the-world-2-with-the-johnson-family","status":"publish","type":"product","link":"https:\/\/www.iplay.com\/fr\/games\/around-the-world-2-with-the-johnson-family\/","title":{"rendered":"Around the World 2 with the Johnson Family"},"content":{"rendered":"<p>Explorez le monde ! Vous passerez non seulement un bon moment \u00e0 explorer divers sites \u00e0 travers le monde, mais vous en apprendrez \u00e9galement plus sur leur esprit et leur culture. Vous pouvez faire des albums avec des photographies d\u2019animaux pour vos souvenirs. Chaque niveau comporte deux lieux \u00e0 visiter ainsi qu\u2019une dizaine de mini-jeux diff\u00e9rents. Il y a deux jeux de cartes : la m\u00e9moire et le solitaire, et dans le jeu de mahjong, vous devez nettoyer le plateau, trouver 15 diff\u00e9rences dans la sc\u00e8ne et jouer au jeu de l\u2019encombrement. Pour voir le prochain emplacement, vous devez trouver un moyen de sortir du labyrinthe, explorer de nouvelles r\u00e9gions uniques en compl\u00e9tant des puzzles, d\u00e9bloquer des tuiles en bois dans un \u00e9tonnant jeu de match 2, trouver des collections de diff\u00e9rents groupes d\u2019animaux et trouver deux choses identiques. M\u00eame le joueur le plus exp\u00e9riment\u00e9 sera mis au d\u00e9fi par les trois degr\u00e9s de difficult\u00e9 : FACILE, NORMAL et DIFFICILE. Dans le menu des choix, vous pouvez choisir entre des phrases m\u00e9lang\u00e9es et\/ou des lettres manquantes, et vous devez trouver l\u2019objet morphing dans chaque niveau pour gagner de l\u2019argent suppl\u00e9mentaire !       <\/p>\n<p>&nbsp;<\/p>\n<p>&nbsp;<\/p>\n<p><strong>  Fonctionnalit\u00e9s:<\/strong><\/p>\n<p>&nbsp;<\/p>\n<p>&#8211; Explorer le monde<\/p>\n<p>&#8211; Rassemblez des collections \u00e9tonnantes<\/p>\n<p>&#8211; Profitez de superbes graphismes et de mini-jeux passionnants<\/p>\n<p>&#8211; Trouver les diff\u00e9rences dans la sc\u00e8ne<\/p>\n<p>&#8211; Jouez \u00e0 des puzzles de mahjong stimulants<\/p>\n<p>&#8211; Nettoyez le d\u00e9sordre<\/p>\n<p>&#8211; R\u00e9solvez un incroyable jeu de match 2<\/p>\n<p>&#8211; R\u00e9p\u00e9tez les niveaux et les mini-jeux pr\u00e9f\u00e9r\u00e9s<\/p>\n","protected":false},"excerpt":{"rendered":"<p>Explorez le monde et vivez une exp\u00e9rience incroyable en voyageant dans divers endroits avec la famille Johnson.<\/p>\n","protected":false},"author":48,"featured_media":77736,"comment_status":"open","ping_status":"closed","template":"","meta":{"_acf_changed":false,"inline_featured_image":false},"product_brand":[],"product_cat":[165],"product_tag":[287],"class_list":{"0":"post-127092","1":"product","2":"type-product","3":"status-publish","4":"has-post-thumbnail","6":"product_cat-hidden-object-fr","7":"product_tag-play-on-pc-fr","9":"first","10":"instock","11":"shipping-taxable","12":"purchasable","13":"product-type-simple"},"acf":[],"yoast_head":"<!-- This site is optimized with the Yoast SEO Premium plugin v25.2 (Yoast SEO v25.2) - https:\/\/yoast.com\/wordpress\/plugins\/seo\/ -->\n<title>Tour du monde 2 avec la famille Johnson - Destinations touristiques avec la famille Johnson, d\u00e9couvrez le monde<\/title>\n<meta name=\"description\" content=\"Explorez le monde et vivez une exp\u00e9rience incroyable en voyageant dans divers endroits avec la famille Johnson.\" \/>\n<meta name=\"robots\" content=\"index, follow, max-snippet:-1, max-image-preview:large, max-video-preview:-1\" \/>\n<link rel=\"canonical\" href=\"https:\/\/www.iplay.com\/fr\/games\/around-the-world-2-with-the-johnson-family\/\" \/>\n<meta property=\"og:locale\" content=\"fr_FR\" \/>\n<meta property=\"og:type\" content=\"article\" \/>\n<meta property=\"og:title\" content=\"Around the World 2 with the Johnson Family\" \/>\n<meta property=\"og:description\" content=\"Explorez le monde et vivez une exp\u00e9rience incroyable en voyageant dans divers endroits avec la famille Johnson.\" \/>\n<meta property=\"og:url\" content=\"https:\/\/www.iplay.com\/fr\/games\/around-the-world-2-with-the-johnson-family\/\" \/>\n<meta property=\"og:site_name\" content=\"IPlay\" \/>\n<meta property=\"og:image\" content=\"https:\/\/www.iplay.com\/wp-content\/uploads\/2023\/12\/large_square_tile_image-2356.jpg\" \/>\n\t<meta property=\"og:image:width\" content=\"310\" \/>\n\t<meta property=\"og:image:height\" content=\"310\" \/>\n\t<meta property=\"og:image:type\" content=\"image\/jpeg\" \/>\n<meta name=\"twitter:card\" content=\"summary_large_image\" \/>\n<meta name=\"twitter:label1\" content=\"Dur\u00e9e de lecture estim\u00e9e\" \/>\n\t<meta name=\"twitter:data1\" content=\"1 minute\" \/>\n<script type=\"application\/ld+json\" class=\"yoast-schema-graph\">{\"@context\":\"https:\/\/schema.org\",\"@graph\":[{\"@type\":\"WebPage\",\"@id\":\"https:\/\/www.iplay.com\/fr\/games\/around-the-world-2-with-the-johnson-family\/\",\"url\":\"https:\/\/www.iplay.com\/fr\/games\/around-the-world-2-with-the-johnson-family\/\",\"name\":\"Tour du monde 2 avec la famille Johnson - Destinations touristiques avec la famille Johnson, d\u00e9couvrez le monde\",\"isPartOf\":{\"@id\":\"https:\/\/www.iplay.com\/en\/#website\"},\"primaryImageOfPage\":{\"@id\":\"https:\/\/www.iplay.com\/fr\/games\/around-the-world-2-with-the-johnson-family\/#primaryimage\"},\"image\":{\"@id\":\"https:\/\/www.iplay.com\/fr\/games\/around-the-world-2-with-the-johnson-family\/#primaryimage\"},\"thumbnailUrl\":\"https:\/\/www.iplay.com\/wp-content\/uploads\/2023\/12\/large_square_tile_image-2356.jpg\",\"datePublished\":\"2022-03-06T00:00:00+00:00\",\"description\":\"Explorez le monde et vivez une exp\u00e9rience incroyable en voyageant dans divers endroits avec la famille Johnson.\",\"breadcrumb\":{\"@id\":\"https:\/\/www.iplay.com\/fr\/games\/around-the-world-2-with-the-johnson-family\/#breadcrumb\"},\"inLanguage\":\"fr-FR\",\"potentialAction\":[{\"@type\":\"ReadAction\",\"target\":[\"https:\/\/www.iplay.com\/fr\/games\/around-the-world-2-with-the-johnson-family\/\"]}]},{\"@type\":\"ImageObject\",\"inLanguage\":\"fr-FR\",\"@id\":\"https:\/\/www.iplay.com\/fr\/games\/around-the-world-2-with-the-johnson-family\/#primaryimage\",\"url\":\"https:\/\/www.iplay.com\/wp-content\/uploads\/2023\/12\/large_square_tile_image-2356.jpg\",\"contentUrl\":\"https:\/\/www.iplay.com\/wp-content\/uploads\/2023\/12\/large_square_tile_image-2356.jpg\",\"width\":310,\"height\":310},{\"@type\":\"BreadcrumbList\",\"@id\":\"https:\/\/www.iplay.com\/fr\/games\/around-the-world-2-with-the-johnson-family\/#breadcrumb\",\"itemListElement\":[{\"@type\":\"ListItem\",\"position\":1,\"name\":\"Home\",\"item\":\"https:\/\/www.iplay.com\/fr\/home-page-2\/\"},{\"@type\":\"ListItem\",\"position\":2,\"name\":\"Shop\",\"item\":\"https:\/\/www.iplay.com\/en\/shop\/\"},{\"@type\":\"ListItem\",\"position\":3,\"name\":\"Around the World 2 with the Johnson Family\"}]},{\"@type\":\"WebSite\",\"@id\":\"https:\/\/www.iplay.com\/en\/#website\",\"url\":\"https:\/\/www.iplay.com\/en\/\",\"name\":\"IPlay\",\"description\":\"The Best Casual Games!\",\"publisher\":{\"@id\":\"https:\/\/www.iplay.com\/en\/#organization\"},\"potentialAction\":[{\"@type\":\"SearchAction\",\"target\":{\"@type\":\"EntryPoint\",\"urlTemplate\":\"https:\/\/www.iplay.com\/en\/?s={search_term_string}\"},\"query-input\":{\"@type\":\"PropertyValueSpecification\",\"valueRequired\":true,\"valueName\":\"search_term_string\"}}],\"inLanguage\":\"fr-FR\"},{\"@type\":\"Organization\",\"@id\":\"https:\/\/www.iplay.com\/en\/#organization\",\"name\":\"IPlay\",\"url\":\"https:\/\/www.iplay.com\/en\/\",\"logo\":{\"@type\":\"ImageObject\",\"inLanguage\":\"fr-FR\",\"@id\":\"https:\/\/www.iplay.com\/en\/#\/schema\/logo\/image\/\",\"url\":\"https:\/\/www.iplay.com\/wp-content\/uploads\/2023\/11\/Group-6100.svg\",\"contentUrl\":\"https:\/\/www.iplay.com\/wp-content\/uploads\/2023\/11\/Group-6100.svg\",\"width\":98,\"height\":25,\"caption\":\"IPlay\"},\"image\":{\"@id\":\"https:\/\/www.iplay.com\/en\/#\/schema\/logo\/image\/\"}}]}<\/script>\n<!-- \/ Yoast SEO Premium plugin. -->","yoast_head_json":{"title":"Tour du monde 2 avec la famille Johnson - Destinations touristiques avec la famille Johnson, d\u00e9couvrez le monde","description":"Explorez le monde et vivez une exp\u00e9rience incroyable en voyageant dans divers endroits avec la famille Johnson.","robots":{"index":"index","follow":"follow","max-snippet":"max-snippet:-1","max-image-preview":"max-image-preview:large","max-video-preview":"max-video-preview:-1"},"canonical":"https:\/\/www.iplay.com\/fr\/games\/around-the-world-2-with-the-johnson-family\/","og_locale":"fr_FR","og_type":"article","og_title":"Around the World 2 with the Johnson Family","og_description":"Explorez le monde et vivez une exp\u00e9rience incroyable en voyageant dans divers endroits avec la famille Johnson.","og_url":"https:\/\/www.iplay.com\/fr\/games\/around-the-world-2-with-the-johnson-family\/","og_site_name":"IPlay","og_image":[{"width":310,"height":310,"url":"https:\/\/www.iplay.com\/wp-content\/uploads\/2023\/12\/large_square_tile_image-2356.jpg","type":"image\/jpeg"}],"twitter_card":"summary_large_image","twitter_misc":{"Dur\u00e9e de lecture estim\u00e9e":"1 minute"},"schema":{"@context":"https:\/\/schema.org","@graph":[{"@type":"WebPage","@id":"https:\/\/www.iplay.com\/fr\/games\/around-the-world-2-with-the-johnson-family\/","url":"https:\/\/www.iplay.com\/fr\/games\/around-the-world-2-with-the-johnson-family\/","name":"Tour du monde 2 avec la famille Johnson - Destinations touristiques avec la famille Johnson, d\u00e9couvrez le monde","isPartOf":{"@id":"https:\/\/www.iplay.com\/en\/#website"},"primaryImageOfPage":{"@id":"https:\/\/www.iplay.com\/fr\/games\/around-the-world-2-with-the-johnson-family\/#primaryimage"},"image":{"@id":"https:\/\/www.iplay.com\/fr\/games\/around-the-world-2-with-the-johnson-family\/#primaryimage"},"thumbnailUrl":"https:\/\/www.iplay.com\/wp-content\/uploads\/2023\/12\/large_square_tile_image-2356.jpg","datePublished":"2022-03-06T00:00:00+00:00","description":"Explorez le monde et vivez une exp\u00e9rience incroyable en voyageant dans divers endroits avec la famille Johnson.","breadcrumb":{"@id":"https:\/\/www.iplay.com\/fr\/games\/around-the-world-2-with-the-johnson-family\/#breadcrumb"},"inLanguage":"fr-FR","potentialAction":[{"@type":"ReadAction","target":["https:\/\/www.iplay.com\/fr\/games\/around-the-world-2-with-the-johnson-family\/"]}]},{"@type":"ImageObject","inLanguage":"fr-FR","@id":"https:\/\/www.iplay.com\/fr\/games\/around-the-world-2-with-the-johnson-family\/#primaryimage","url":"https:\/\/www.iplay.com\/wp-content\/uploads\/2023\/12\/large_square_tile_image-2356.jpg","contentUrl":"https:\/\/www.iplay.com\/wp-content\/uploads\/2023\/12\/large_square_tile_image-2356.jpg","width":310,"height":310},{"@type":"BreadcrumbList","@id":"https:\/\/www.iplay.com\/fr\/games\/around-the-world-2-with-the-johnson-family\/#breadcrumb","itemListElement":[{"@type":"ListItem","position":1,"name":"Home","item":"https:\/\/www.iplay.com\/fr\/home-page-2\/"},{"@type":"ListItem","position":2,"name":"Shop","item":"https:\/\/www.iplay.com\/en\/shop\/"},{"@type":"ListItem","position":3,"name":"Around the World 2 with the Johnson Family"}]},{"@type":"WebSite","@id":"https:\/\/www.iplay.com\/en\/#website","url":"https:\/\/www.iplay.com\/en\/","name":"IPlay","description":"The Best Casual Games!","publisher":{"@id":"https:\/\/www.iplay.com\/en\/#organization"},"potentialAction":[{"@type":"SearchAction","target":{"@type":"EntryPoint","urlTemplate":"https:\/\/www.iplay.com\/en\/?s={search_term_string}"},"query-input":{"@type":"PropertyValueSpecification","valueRequired":true,"valueName":"search_term_string"}}],"inLanguage":"fr-FR"},{"@type":"Organization","@id":"https:\/\/www.iplay.com\/en\/#organization","name":"IPlay","url":"https:\/\/www.iplay.com\/en\/","logo":{"@type":"ImageObject","inLanguage":"fr-FR","@id":"https:\/\/www.iplay.com\/en\/#\/schema\/logo\/image\/","url":"https:\/\/www.iplay.com\/wp-content\/uploads\/2023\/11\/Group-6100.svg","contentUrl":"https:\/\/www.iplay.com\/wp-content\/uploads\/2023\/11\/Group-6100.svg","width":98,"height":25,"caption":"IPlay"},"image":{"@id":"https:\/\/www.iplay.com\/en\/#\/schema\/logo\/image\/"}}]}},"_links":{"self":[{"href":"https:\/\/www.iplay.com\/fr\/wp-json\/wp\/v2\/product\/127092","targetHints":{"allow":["GET"]}}],"collection":[{"href":"https:\/\/www.iplay.com\/fr\/wp-json\/wp\/v2\/product"}],"about":[{"href":"https:\/\/www.iplay.com\/fr\/wp-json\/wp\/v2\/types\/product"}],"author":[{"embeddable":true,"href":"https:\/\/www.iplay.com\/fr\/wp-json\/wp\/v2\/users\/48"}],"replies":[{"embeddable":true,"href":"https:\/\/www.iplay.com\/fr\/wp-json\/wp\/v2\/comments?post=127092"}],"wp:featuredmedia":[{"embeddable":true,"href":"https:\/\/www.iplay.com\/fr\/wp-json\/wp\/v2\/media\/77736"}],"wp:attachment":[{"href":"https:\/\/www.iplay.com\/fr\/wp-json\/wp\/v2\/media?parent=127092"}],"wp:term":[{"taxonomy":"product_brand","embeddable":true,"href":"https:\/\/www.iplay.com\/fr\/wp-json\/wp\/v2\/product_brand?post=127092"},{"taxonomy":"product_cat","embeddable":true,"href":"https:\/\/www.iplay.com\/fr\/wp-json\/wp\/v2\/product_cat?post=127092"},{"taxonomy":"product_tag","embeddable":true,"href":"https:\/\/www.iplay.com\/fr\/wp-json\/wp\/v2\/product_tag?post=127092"}],"curies":[{"name":"wp","href":"https:\/\/api.w.org\/{rel}","templated":true}]}}