{"id":127086,"date":"2024-06-21T12:03:48","date_gmt":"2024-06-21T12:03:48","guid":{"rendered":"https:\/\/www.iplay.com\/games\/around-the-world-3-amazing-countries-collectors-edition\/"},"modified":"2025-07-04T09:14:10","modified_gmt":"2025-07-04T09:14:10","slug":"around-the-world-3-amazing-countries-collectors-edition","status":"publish","type":"product","link":"https:\/\/www.iplay.com\/fr\/games\/around-the-world-3-amazing-countries-collectors-edition\/","title":{"rendered":"Around the World 3: Amazing Countries Collector&#8217;s Edition"},"content":{"rendered":"<p>Un nouveau jeu de la s\u00e9rie Around the World&nbsp;: Amazing Countries est \u00e0 appr\u00e9cier. Dans cette aventure palpitante, de nombreuses m\u00e9thodes sont fournies pour localiser des objets cach\u00e9s, et des mini-jeux captivants sont inclus pour plus de plaisir. <\/p>\n<p>Un voyage extraordinaire \u00e0 travers 30 lieux \u00e0 couper le souffle et remarquables vous est propos\u00e9. Les d\u00e9serts peuvent \u00eatre explor\u00e9s, la splendeur des for\u00eats peut \u00eatre admir\u00e9e, des montagnes \u00e0 couper le souffle peuvent \u00eatre visit\u00e9es et l\u2019environnement naturel des parcs nationaux peut \u00eatre savour\u00e9. Vos capacit\u00e9s et votre expertise seront utilis\u00e9es pour terminer des mini-jeux et trouver tous les objets cach\u00e9s tout au long du jeu.  <\/p>\n<p>&nbsp;<\/p>\n<p><strong>Caract\u00e9ristiques de l\u2019\u00e9dition collector<\/strong><\/p>\n<ul>\n<li>Les vrais fans seront mis au d\u00e9fi par 12 \u00e9nigmes suppl\u00e9mentaires, ainsi que 10 lieux suppl\u00e9mentaires et 10 mini-jeux bonus.<\/li>\n<li>Des \u00e9conomiseurs d\u2019\u00e9cran de bureau offrant des panoramas \u00e9poustouflants de divers monuments nationaux sont inclus.<\/li>\n<li>Un lecteur de musique avec des morceaux sur le th\u00e8me du voyage est disponible.<\/li>\n<li>Une boutique de souvenirs est pr\u00e9vue pour la collecte de souvenirs.<\/li>\n<\/ul>\n","protected":false},"excerpt":{"rendered":"<p>Vivez une aventure de voyage pas comme les autres avec <strong>Around the World 3 &#8211; Amazing Countries Collectors Edition<\/strong><\/p>\n","protected":false},"author":130,"featured_media":112166,"comment_status":"open","ping_status":"closed","template":"","meta":{"_acf_changed":false,"inline_featured_image":false},"product_brand":[],"product_cat":[165],"product_tag":[287],"class_list":{"0":"post-127086","1":"product","2":"type-product","3":"status-publish","4":"has-post-thumbnail","6":"product_cat-hidden-object-fr","7":"product_tag-play-on-pc-fr","9":"first","10":"instock","11":"shipping-taxable","12":"purchasable","13":"product-type-simple"},"acf":[],"yoast_head":"<!-- This site is optimized with the Yoast SEO Premium plugin v25.2 (Yoast SEO v25.2) - https:\/\/yoast.com\/wordpress\/plugins\/seo\/ -->\n<title>Tour du Monde 3\u00a0: Amazing Countries \u00c9dition Collector<\/title>\n<meta name=\"description\" content=\"Vivez une aventure de voyage pas comme les autres avec Around the World 3 - Amazing Countries Collectors Edition\" \/>\n<meta name=\"robots\" content=\"index, follow, max-snippet:-1, max-image-preview:large, max-video-preview:-1\" \/>\n<link rel=\"canonical\" href=\"https:\/\/www.iplay.com\/fr\/games\/around-the-world-3-amazing-countries-collectors-edition\/\" \/>\n<meta property=\"og:locale\" content=\"fr_FR\" \/>\n<meta property=\"og:type\" content=\"article\" \/>\n<meta property=\"og:title\" content=\"Around the World 3: Amazing Countries Collector&#039;s Edition\" \/>\n<meta property=\"og:description\" content=\"Vivez une aventure de voyage pas comme les autres avec Around the World 3 - Amazing Countries Collectors Edition\" \/>\n<meta property=\"og:url\" content=\"https:\/\/www.iplay.com\/fr\/games\/around-the-world-3-amazing-countries-collectors-edition\/\" \/>\n<meta property=\"og:site_name\" content=\"IPlay\" \/>\n<meta property=\"article:modified_time\" content=\"2025-07-04T09:14:10+00:00\" \/>\n<meta property=\"og:image\" content=\"https:\/\/www.iplay.com\/wp-content\/uploads\/2024\/06\/Around-the-World-3-Amazing-Countries-CE_large_square_tile_image.webp\" \/>\n\t<meta property=\"og:image:width\" content=\"310\" \/>\n\t<meta property=\"og:image:height\" content=\"310\" \/>\n\t<meta property=\"og:image:type\" content=\"image\/webp\" \/>\n<meta name=\"twitter:card\" content=\"summary_large_image\" \/>\n<meta name=\"twitter:label1\" content=\"Dur\u00e9e de lecture estim\u00e9e\" \/>\n\t<meta name=\"twitter:data1\" content=\"1 minute\" \/>\n<script type=\"application\/ld+json\" class=\"yoast-schema-graph\">{\"@context\":\"https:\/\/schema.org\",\"@graph\":[{\"@type\":\"WebPage\",\"@id\":\"https:\/\/www.iplay.com\/fr\/games\/around-the-world-3-amazing-countries-collectors-edition\/\",\"url\":\"https:\/\/www.iplay.com\/fr\/games\/around-the-world-3-amazing-countries-collectors-edition\/\",\"name\":\"Tour du Monde 3\u00a0: Amazing Countries \u00c9dition Collector\",\"isPartOf\":{\"@id\":\"https:\/\/www.iplay.com\/en\/#website\"},\"primaryImageOfPage\":{\"@id\":\"https:\/\/www.iplay.com\/fr\/games\/around-the-world-3-amazing-countries-collectors-edition\/#primaryimage\"},\"image\":{\"@id\":\"https:\/\/www.iplay.com\/fr\/games\/around-the-world-3-amazing-countries-collectors-edition\/#primaryimage\"},\"thumbnailUrl\":\"https:\/\/www.iplay.com\/wp-content\/uploads\/2024\/06\/Around-the-World-3-Amazing-Countries-CE_large_square_tile_image.webp\",\"datePublished\":\"2024-06-21T12:03:48+00:00\",\"dateModified\":\"2025-07-04T09:14:10+00:00\",\"description\":\"Vivez une aventure de voyage pas comme les autres avec Around the World 3 - Amazing Countries Collectors Edition\",\"breadcrumb\":{\"@id\":\"https:\/\/www.iplay.com\/fr\/games\/around-the-world-3-amazing-countries-collectors-edition\/#breadcrumb\"},\"inLanguage\":\"fr-FR\",\"potentialAction\":[{\"@type\":\"ReadAction\",\"target\":[\"https:\/\/www.iplay.com\/fr\/games\/around-the-world-3-amazing-countries-collectors-edition\/\"]}]},{\"@type\":\"ImageObject\",\"inLanguage\":\"fr-FR\",\"@id\":\"https:\/\/www.iplay.com\/fr\/games\/around-the-world-3-amazing-countries-collectors-edition\/#primaryimage\",\"url\":\"https:\/\/www.iplay.com\/wp-content\/uploads\/2024\/06\/Around-the-World-3-Amazing-Countries-CE_large_square_tile_image.webp\",\"contentUrl\":\"https:\/\/www.iplay.com\/wp-content\/uploads\/2024\/06\/Around-the-World-3-Amazing-Countries-CE_large_square_tile_image.webp\",\"width\":310,\"height\":310},{\"@type\":\"BreadcrumbList\",\"@id\":\"https:\/\/www.iplay.com\/fr\/games\/around-the-world-3-amazing-countries-collectors-edition\/#breadcrumb\",\"itemListElement\":[{\"@type\":\"ListItem\",\"position\":1,\"name\":\"Home\",\"item\":\"https:\/\/www.iplay.com\/fr\/home-page-2\/\"},{\"@type\":\"ListItem\",\"position\":2,\"name\":\"Shop\",\"item\":\"https:\/\/www.iplay.com\/en\/shop\/\"},{\"@type\":\"ListItem\",\"position\":3,\"name\":\"Around the World 3: Amazing Countries Collector&#8217;s Edition\"}]},{\"@type\":\"WebSite\",\"@id\":\"https:\/\/www.iplay.com\/en\/#website\",\"url\":\"https:\/\/www.iplay.com\/en\/\",\"name\":\"IPlay\",\"description\":\"The Best Casual Games!\",\"publisher\":{\"@id\":\"https:\/\/www.iplay.com\/en\/#organization\"},\"potentialAction\":[{\"@type\":\"SearchAction\",\"target\":{\"@type\":\"EntryPoint\",\"urlTemplate\":\"https:\/\/www.iplay.com\/en\/?s={search_term_string}\"},\"query-input\":{\"@type\":\"PropertyValueSpecification\",\"valueRequired\":true,\"valueName\":\"search_term_string\"}}],\"inLanguage\":\"fr-FR\"},{\"@type\":\"Organization\",\"@id\":\"https:\/\/www.iplay.com\/en\/#organization\",\"name\":\"IPlay\",\"url\":\"https:\/\/www.iplay.com\/en\/\",\"logo\":{\"@type\":\"ImageObject\",\"inLanguage\":\"fr-FR\",\"@id\":\"https:\/\/www.iplay.com\/en\/#\/schema\/logo\/image\/\",\"url\":\"https:\/\/www.iplay.com\/wp-content\/uploads\/2023\/11\/Group-6100.svg\",\"contentUrl\":\"https:\/\/www.iplay.com\/wp-content\/uploads\/2023\/11\/Group-6100.svg\",\"width\":98,\"height\":25,\"caption\":\"IPlay\"},\"image\":{\"@id\":\"https:\/\/www.iplay.com\/en\/#\/schema\/logo\/image\/\"}}]}<\/script>\n<!-- \/ Yoast SEO Premium plugin. -->","yoast_head_json":{"title":"Tour du Monde 3\u00a0: Amazing Countries \u00c9dition Collector","description":"Vivez une aventure de voyage pas comme les autres avec Around the World 3 - Amazing Countries Collectors Edition","robots":{"index":"index","follow":"follow","max-snippet":"max-snippet:-1","max-image-preview":"max-image-preview:large","max-video-preview":"max-video-preview:-1"},"canonical":"https:\/\/www.iplay.com\/fr\/games\/around-the-world-3-amazing-countries-collectors-edition\/","og_locale":"fr_FR","og_type":"article","og_title":"Around the World 3: Amazing Countries Collector's Edition","og_description":"Vivez une aventure de voyage pas comme les autres avec Around the World 3 - Amazing Countries Collectors Edition","og_url":"https:\/\/www.iplay.com\/fr\/games\/around-the-world-3-amazing-countries-collectors-edition\/","og_site_name":"IPlay","article_modified_time":"2025-07-04T09:14:10+00:00","og_image":[{"width":310,"height":310,"url":"https:\/\/www.iplay.com\/wp-content\/uploads\/2024\/06\/Around-the-World-3-Amazing-Countries-CE_large_square_tile_image.webp","type":"image\/webp"}],"twitter_card":"summary_large_image","twitter_misc":{"Dur\u00e9e de lecture estim\u00e9e":"1 minute"},"schema":{"@context":"https:\/\/schema.org","@graph":[{"@type":"WebPage","@id":"https:\/\/www.iplay.com\/fr\/games\/around-the-world-3-amazing-countries-collectors-edition\/","url":"https:\/\/www.iplay.com\/fr\/games\/around-the-world-3-amazing-countries-collectors-edition\/","name":"Tour du Monde 3\u00a0: Amazing Countries \u00c9dition Collector","isPartOf":{"@id":"https:\/\/www.iplay.com\/en\/#website"},"primaryImageOfPage":{"@id":"https:\/\/www.iplay.com\/fr\/games\/around-the-world-3-amazing-countries-collectors-edition\/#primaryimage"},"image":{"@id":"https:\/\/www.iplay.com\/fr\/games\/around-the-world-3-amazing-countries-collectors-edition\/#primaryimage"},"thumbnailUrl":"https:\/\/www.iplay.com\/wp-content\/uploads\/2024\/06\/Around-the-World-3-Amazing-Countries-CE_large_square_tile_image.webp","datePublished":"2024-06-21T12:03:48+00:00","dateModified":"2025-07-04T09:14:10+00:00","description":"Vivez une aventure de voyage pas comme les autres avec Around the World 3 - Amazing Countries Collectors Edition","breadcrumb":{"@id":"https:\/\/www.iplay.com\/fr\/games\/around-the-world-3-amazing-countries-collectors-edition\/#breadcrumb"},"inLanguage":"fr-FR","potentialAction":[{"@type":"ReadAction","target":["https:\/\/www.iplay.com\/fr\/games\/around-the-world-3-amazing-countries-collectors-edition\/"]}]},{"@type":"ImageObject","inLanguage":"fr-FR","@id":"https:\/\/www.iplay.com\/fr\/games\/around-the-world-3-amazing-countries-collectors-edition\/#primaryimage","url":"https:\/\/www.iplay.com\/wp-content\/uploads\/2024\/06\/Around-the-World-3-Amazing-Countries-CE_large_square_tile_image.webp","contentUrl":"https:\/\/www.iplay.com\/wp-content\/uploads\/2024\/06\/Around-the-World-3-Amazing-Countries-CE_large_square_tile_image.webp","width":310,"height":310},{"@type":"BreadcrumbList","@id":"https:\/\/www.iplay.com\/fr\/games\/around-the-world-3-amazing-countries-collectors-edition\/#breadcrumb","itemListElement":[{"@type":"ListItem","position":1,"name":"Home","item":"https:\/\/www.iplay.com\/fr\/home-page-2\/"},{"@type":"ListItem","position":2,"name":"Shop","item":"https:\/\/www.iplay.com\/en\/shop\/"},{"@type":"ListItem","position":3,"name":"Around the World 3: Amazing Countries Collector&#8217;s Edition"}]},{"@type":"WebSite","@id":"https:\/\/www.iplay.com\/en\/#website","url":"https:\/\/www.iplay.com\/en\/","name":"IPlay","description":"The Best Casual Games!","publisher":{"@id":"https:\/\/www.iplay.com\/en\/#organization"},"potentialAction":[{"@type":"SearchAction","target":{"@type":"EntryPoint","urlTemplate":"https:\/\/www.iplay.com\/en\/?s={search_term_string}"},"query-input":{"@type":"PropertyValueSpecification","valueRequired":true,"valueName":"search_term_string"}}],"inLanguage":"fr-FR"},{"@type":"Organization","@id":"https:\/\/www.iplay.com\/en\/#organization","name":"IPlay","url":"https:\/\/www.iplay.com\/en\/","logo":{"@type":"ImageObject","inLanguage":"fr-FR","@id":"https:\/\/www.iplay.com\/en\/#\/schema\/logo\/image\/","url":"https:\/\/www.iplay.com\/wp-content\/uploads\/2023\/11\/Group-6100.svg","contentUrl":"https:\/\/www.iplay.com\/wp-content\/uploads\/2023\/11\/Group-6100.svg","width":98,"height":25,"caption":"IPlay"},"image":{"@id":"https:\/\/www.iplay.com\/en\/#\/schema\/logo\/image\/"}}]}},"_links":{"self":[{"href":"https:\/\/www.iplay.com\/fr\/wp-json\/wp\/v2\/product\/127086","targetHints":{"allow":["GET"]}}],"collection":[{"href":"https:\/\/www.iplay.com\/fr\/wp-json\/wp\/v2\/product"}],"about":[{"href":"https:\/\/www.iplay.com\/fr\/wp-json\/wp\/v2\/types\/product"}],"author":[{"embeddable":true,"href":"https:\/\/www.iplay.com\/fr\/wp-json\/wp\/v2\/users\/130"}],"replies":[{"embeddable":true,"href":"https:\/\/www.iplay.com\/fr\/wp-json\/wp\/v2\/comments?post=127086"}],"wp:featuredmedia":[{"embeddable":true,"href":"https:\/\/www.iplay.com\/fr\/wp-json\/wp\/v2\/media\/112166"}],"wp:attachment":[{"href":"https:\/\/www.iplay.com\/fr\/wp-json\/wp\/v2\/media?parent=127086"}],"wp:term":[{"taxonomy":"product_brand","embeddable":true,"href":"https:\/\/www.iplay.com\/fr\/wp-json\/wp\/v2\/product_brand?post=127086"},{"taxonomy":"product_cat","embeddable":true,"href":"https:\/\/www.iplay.com\/fr\/wp-json\/wp\/v2\/product_cat?post=127086"},{"taxonomy":"product_tag","embeddable":true,"href":"https:\/\/www.iplay.com\/fr\/wp-json\/wp\/v2\/product_tag?post=127086"}],"curies":[{"name":"wp","href":"https:\/\/api.w.org\/{rel}","templated":true}]}}