{"id":127069,"date":"2021-12-21T00:00:01","date_gmt":"2021-12-21T00:00:01","guid":{"rendered":"https:\/\/www.iplay.com\/games\/christmas-wonderland-11-collectors-edition\/"},"modified":"2021-12-21T00:00:01","modified_gmt":"2021-12-21T00:00:01","slug":"christmas-wonderland-11-collectors-edition","status":"publish","type":"product","link":"https:\/\/www.iplay.com\/fr\/games\/christmas-wonderland-11-collectors-edition\/","title":{"rendered":"Christmas Wonderland 11 &#8211; Collector&#8217;s Edition"},"content":{"rendered":"<p>Savourez les splendides c\u00e9l\u00e9brations de No\u00ebl \u00e0 Springfield cette ann\u00e9e. Assistez les lutins et le P\u00e8re No\u00ebl au p\u00f4le Nord. Visite de la maison du P\u00e8re No\u00ebl, des ateliers de jouets, de la grange \u00e0 rennes et de la grotte. Voir l\u2019exposition de la Nativit\u00e9. Aidez les organismes de bienfaisance \u00e0 livrer des cadeaux aux sans-abri. Installez des d\u00e9corations de No\u00ebl. Gagnez des r\u00e9compenses et des succ\u00e8s impressionnants. Prenez des photos, cr\u00e9ez un album. Soudain, c\u2019est la veille de No\u00ebl et le P\u00e8re No\u00ebl vole autour du monde pendant que les enfants dorment profond\u00e9ment, ou le sont-ils ? Bient\u00f4t, ce sera un autre matin de No\u00ebl g\u00e9nial. Aidez le P\u00e8re No\u00ebl \u00e0 trouver des centaines d\u2019objets cach\u00e9s, d\u2019objets perdus et trouv\u00e9s, d\u2019arbres d\u2019or, d\u2019anges et de rennes. Jouez \u00e0 de superbes mini-jeux. ainsi que des insignes de m\u00e9rite pour vos r\u00e9alisations. Christmas Wonderland 11 Collector\u2019s Edition regorge de cadeaux et de surprises cach\u00e9es avec des graphismes et des \u00e9nigmes magnifiques. Joignez-vous \u00e0 la f\u00eate, avec un gameplay de No\u00ebl vraiment captivant pour les familles et les amis de tous niveaux et de tous \u00e2ges.              <\/p>\n<p>&nbsp;<\/p>\n<p>&nbsp;<\/p>\n<p><strong>Fonctionnalit\u00e9s:<\/strong><\/p>\n<p>&nbsp;<\/p>\n<p>&#8211; Un gameplay de No\u00ebl impressionnant<\/p>\n<p>&#8211; Des graphismes magnifiques partout.<\/p>\n<p>&#8211; Porcs sensationnels et puzzles<\/p>\n<p>&#8211; Achetez des cadeaux pour toute la famille<\/p>\n<p>&#8211; Recherches d\u2019objets bonus difficiles<\/p>\n<p>&nbsp;<\/p>\n<p>&nbsp;<\/p>\n<p><strong>Caract\u00e9ristiques de l\u2019\u00e9dition collector :<\/strong><\/p>\n<p>&nbsp;<\/p>\n<p>&#8211; Vraiment \u00e9poustouflant &#8211; \u00c9dition Collector<\/p>\n<p>&#8211; Trois modes : Facile, Difficile et Extr\u00eame !<\/p>\n<p>&#8211; Lieux, visuels et exp\u00e9rience de jeu suppl\u00e9mentaires<\/p>\n<p>&#8211; Collection massive de puzzles suppl\u00e9mentaires<\/p>\n<p>&#8211; Images d\u2019arri\u00e8re-plan et lecteurs de musique distinctifs<\/p>\n","protected":false},"excerpt":{"rendered":"<p>Christmas Wonderland 11 Collector\u2019s Edition est une d\u00e9licieuse aventure familiale.<\/p>\n","protected":false},"author":37,"featured_media":104162,"comment_status":"open","ping_status":"closed","template":"","meta":{"_acf_changed":false,"inline_featured_image":false},"product_brand":[],"product_cat":[165],"product_tag":[287],"class_list":{"0":"post-127069","1":"product","2":"type-product","3":"status-publish","4":"has-post-thumbnail","6":"product_cat-hidden-object-fr","7":"product_tag-play-on-pc-fr","9":"first","10":"instock","11":"shipping-taxable","12":"purchasable","13":"product-type-simple"},"acf":[],"yoast_head":"<!-- This site is optimized with the Yoast SEO Premium plugin v25.2 (Yoast SEO v25.2) - https:\/\/yoast.com\/wordpress\/plugins\/seo\/ -->\n<title>Christmas Wonderland 11 - \u00c9dition Collector - Une aventure de No\u00ebl pour toute la famille<\/title>\n<meta name=\"description\" content=\"Christmas Wonderland 11 Collector\u2019s Edition est une d\u00e9licieuse aventure familiale.\" \/>\n<meta name=\"robots\" content=\"index, follow, max-snippet:-1, max-image-preview:large, max-video-preview:-1\" \/>\n<link rel=\"canonical\" href=\"https:\/\/www.iplay.com\/fr\/games\/christmas-wonderland-11-collectors-edition\/\" \/>\n<meta property=\"og:locale\" content=\"fr_FR\" \/>\n<meta property=\"og:type\" content=\"article\" \/>\n<meta property=\"og:title\" content=\"Christmas Wonderland 11 - Collector&#039;s Edition\" \/>\n<meta property=\"og:description\" content=\"Christmas Wonderland 11 Collector\u2019s Edition est une d\u00e9licieuse aventure familiale.\" \/>\n<meta property=\"og:url\" content=\"https:\/\/www.iplay.com\/fr\/games\/christmas-wonderland-11-collectors-edition\/\" \/>\n<meta property=\"og:site_name\" content=\"IPlay\" \/>\n<meta property=\"og:image\" content=\"https:\/\/www.iplay.com\/wp-content\/uploads\/2023\/12\/large_square_tile_image-4025.jpg\" \/>\n\t<meta property=\"og:image:width\" content=\"310\" \/>\n\t<meta property=\"og:image:height\" content=\"310\" \/>\n\t<meta property=\"og:image:type\" content=\"image\/jpeg\" \/>\n<meta name=\"twitter:card\" content=\"summary_large_image\" \/>\n<meta name=\"twitter:label1\" content=\"Dur\u00e9e de lecture estim\u00e9e\" \/>\n\t<meta name=\"twitter:data1\" content=\"2 minutes\" \/>\n<script type=\"application\/ld+json\" class=\"yoast-schema-graph\">{\"@context\":\"https:\/\/schema.org\",\"@graph\":[{\"@type\":\"WebPage\",\"@id\":\"https:\/\/www.iplay.com\/fr\/games\/christmas-wonderland-11-collectors-edition\/\",\"url\":\"https:\/\/www.iplay.com\/fr\/games\/christmas-wonderland-11-collectors-edition\/\",\"name\":\"Christmas Wonderland 11 - \u00c9dition Collector - Une aventure de No\u00ebl pour toute la famille\",\"isPartOf\":{\"@id\":\"https:\/\/www.iplay.com\/en\/#website\"},\"primaryImageOfPage\":{\"@id\":\"https:\/\/www.iplay.com\/fr\/games\/christmas-wonderland-11-collectors-edition\/#primaryimage\"},\"image\":{\"@id\":\"https:\/\/www.iplay.com\/fr\/games\/christmas-wonderland-11-collectors-edition\/#primaryimage\"},\"thumbnailUrl\":\"https:\/\/www.iplay.com\/wp-content\/uploads\/2023\/12\/large_square_tile_image-4025.jpg\",\"datePublished\":\"2021-12-21T00:00:01+00:00\",\"description\":\"Christmas Wonderland 11 Collector\u2019s Edition est une d\u00e9licieuse aventure familiale.\",\"breadcrumb\":{\"@id\":\"https:\/\/www.iplay.com\/fr\/games\/christmas-wonderland-11-collectors-edition\/#breadcrumb\"},\"inLanguage\":\"fr-FR\",\"potentialAction\":[{\"@type\":\"ReadAction\",\"target\":[\"https:\/\/www.iplay.com\/fr\/games\/christmas-wonderland-11-collectors-edition\/\"]}]},{\"@type\":\"ImageObject\",\"inLanguage\":\"fr-FR\",\"@id\":\"https:\/\/www.iplay.com\/fr\/games\/christmas-wonderland-11-collectors-edition\/#primaryimage\",\"url\":\"https:\/\/www.iplay.com\/wp-content\/uploads\/2023\/12\/large_square_tile_image-4025.jpg\",\"contentUrl\":\"https:\/\/www.iplay.com\/wp-content\/uploads\/2023\/12\/large_square_tile_image-4025.jpg\",\"width\":310,\"height\":310},{\"@type\":\"BreadcrumbList\",\"@id\":\"https:\/\/www.iplay.com\/fr\/games\/christmas-wonderland-11-collectors-edition\/#breadcrumb\",\"itemListElement\":[{\"@type\":\"ListItem\",\"position\":1,\"name\":\"Home\",\"item\":\"https:\/\/www.iplay.com\/fr\/home-page-2\/\"},{\"@type\":\"ListItem\",\"position\":2,\"name\":\"Shop\",\"item\":\"https:\/\/www.iplay.com\/en\/shop\/\"},{\"@type\":\"ListItem\",\"position\":3,\"name\":\"Christmas Wonderland 11 &#8211; Collector&#8217;s Edition\"}]},{\"@type\":\"WebSite\",\"@id\":\"https:\/\/www.iplay.com\/en\/#website\",\"url\":\"https:\/\/www.iplay.com\/en\/\",\"name\":\"IPlay\",\"description\":\"The Best Casual Games!\",\"publisher\":{\"@id\":\"https:\/\/www.iplay.com\/en\/#organization\"},\"potentialAction\":[{\"@type\":\"SearchAction\",\"target\":{\"@type\":\"EntryPoint\",\"urlTemplate\":\"https:\/\/www.iplay.com\/en\/?s={search_term_string}\"},\"query-input\":{\"@type\":\"PropertyValueSpecification\",\"valueRequired\":true,\"valueName\":\"search_term_string\"}}],\"inLanguage\":\"fr-FR\"},{\"@type\":\"Organization\",\"@id\":\"https:\/\/www.iplay.com\/en\/#organization\",\"name\":\"IPlay\",\"url\":\"https:\/\/www.iplay.com\/en\/\",\"logo\":{\"@type\":\"ImageObject\",\"inLanguage\":\"fr-FR\",\"@id\":\"https:\/\/www.iplay.com\/en\/#\/schema\/logo\/image\/\",\"url\":\"https:\/\/www.iplay.com\/wp-content\/uploads\/2023\/11\/Group-6100.svg\",\"contentUrl\":\"https:\/\/www.iplay.com\/wp-content\/uploads\/2023\/11\/Group-6100.svg\",\"width\":98,\"height\":25,\"caption\":\"IPlay\"},\"image\":{\"@id\":\"https:\/\/www.iplay.com\/en\/#\/schema\/logo\/image\/\"}}]}<\/script>\n<!-- \/ Yoast SEO Premium plugin. -->","yoast_head_json":{"title":"Christmas Wonderland 11 - \u00c9dition Collector - Une aventure de No\u00ebl pour toute la famille","description":"Christmas Wonderland 11 Collector\u2019s Edition est une d\u00e9licieuse aventure familiale.","robots":{"index":"index","follow":"follow","max-snippet":"max-snippet:-1","max-image-preview":"max-image-preview:large","max-video-preview":"max-video-preview:-1"},"canonical":"https:\/\/www.iplay.com\/fr\/games\/christmas-wonderland-11-collectors-edition\/","og_locale":"fr_FR","og_type":"article","og_title":"Christmas Wonderland 11 - Collector's Edition","og_description":"Christmas Wonderland 11 Collector\u2019s Edition est une d\u00e9licieuse aventure familiale.","og_url":"https:\/\/www.iplay.com\/fr\/games\/christmas-wonderland-11-collectors-edition\/","og_site_name":"IPlay","og_image":[{"width":310,"height":310,"url":"https:\/\/www.iplay.com\/wp-content\/uploads\/2023\/12\/large_square_tile_image-4025.jpg","type":"image\/jpeg"}],"twitter_card":"summary_large_image","twitter_misc":{"Dur\u00e9e de lecture estim\u00e9e":"2 minutes"},"schema":{"@context":"https:\/\/schema.org","@graph":[{"@type":"WebPage","@id":"https:\/\/www.iplay.com\/fr\/games\/christmas-wonderland-11-collectors-edition\/","url":"https:\/\/www.iplay.com\/fr\/games\/christmas-wonderland-11-collectors-edition\/","name":"Christmas Wonderland 11 - \u00c9dition Collector - Une aventure de No\u00ebl pour toute la famille","isPartOf":{"@id":"https:\/\/www.iplay.com\/en\/#website"},"primaryImageOfPage":{"@id":"https:\/\/www.iplay.com\/fr\/games\/christmas-wonderland-11-collectors-edition\/#primaryimage"},"image":{"@id":"https:\/\/www.iplay.com\/fr\/games\/christmas-wonderland-11-collectors-edition\/#primaryimage"},"thumbnailUrl":"https:\/\/www.iplay.com\/wp-content\/uploads\/2023\/12\/large_square_tile_image-4025.jpg","datePublished":"2021-12-21T00:00:01+00:00","description":"Christmas Wonderland 11 Collector\u2019s Edition est une d\u00e9licieuse aventure familiale.","breadcrumb":{"@id":"https:\/\/www.iplay.com\/fr\/games\/christmas-wonderland-11-collectors-edition\/#breadcrumb"},"inLanguage":"fr-FR","potentialAction":[{"@type":"ReadAction","target":["https:\/\/www.iplay.com\/fr\/games\/christmas-wonderland-11-collectors-edition\/"]}]},{"@type":"ImageObject","inLanguage":"fr-FR","@id":"https:\/\/www.iplay.com\/fr\/games\/christmas-wonderland-11-collectors-edition\/#primaryimage","url":"https:\/\/www.iplay.com\/wp-content\/uploads\/2023\/12\/large_square_tile_image-4025.jpg","contentUrl":"https:\/\/www.iplay.com\/wp-content\/uploads\/2023\/12\/large_square_tile_image-4025.jpg","width":310,"height":310},{"@type":"BreadcrumbList","@id":"https:\/\/www.iplay.com\/fr\/games\/christmas-wonderland-11-collectors-edition\/#breadcrumb","itemListElement":[{"@type":"ListItem","position":1,"name":"Home","item":"https:\/\/www.iplay.com\/fr\/home-page-2\/"},{"@type":"ListItem","position":2,"name":"Shop","item":"https:\/\/www.iplay.com\/en\/shop\/"},{"@type":"ListItem","position":3,"name":"Christmas Wonderland 11 &#8211; Collector&#8217;s Edition"}]},{"@type":"WebSite","@id":"https:\/\/www.iplay.com\/en\/#website","url":"https:\/\/www.iplay.com\/en\/","name":"IPlay","description":"The Best Casual Games!","publisher":{"@id":"https:\/\/www.iplay.com\/en\/#organization"},"potentialAction":[{"@type":"SearchAction","target":{"@type":"EntryPoint","urlTemplate":"https:\/\/www.iplay.com\/en\/?s={search_term_string}"},"query-input":{"@type":"PropertyValueSpecification","valueRequired":true,"valueName":"search_term_string"}}],"inLanguage":"fr-FR"},{"@type":"Organization","@id":"https:\/\/www.iplay.com\/en\/#organization","name":"IPlay","url":"https:\/\/www.iplay.com\/en\/","logo":{"@type":"ImageObject","inLanguage":"fr-FR","@id":"https:\/\/www.iplay.com\/en\/#\/schema\/logo\/image\/","url":"https:\/\/www.iplay.com\/wp-content\/uploads\/2023\/11\/Group-6100.svg","contentUrl":"https:\/\/www.iplay.com\/wp-content\/uploads\/2023\/11\/Group-6100.svg","width":98,"height":25,"caption":"IPlay"},"image":{"@id":"https:\/\/www.iplay.com\/en\/#\/schema\/logo\/image\/"}}]}},"_links":{"self":[{"href":"https:\/\/www.iplay.com\/fr\/wp-json\/wp\/v2\/product\/127069","targetHints":{"allow":["GET"]}}],"collection":[{"href":"https:\/\/www.iplay.com\/fr\/wp-json\/wp\/v2\/product"}],"about":[{"href":"https:\/\/www.iplay.com\/fr\/wp-json\/wp\/v2\/types\/product"}],"author":[{"embeddable":true,"href":"https:\/\/www.iplay.com\/fr\/wp-json\/wp\/v2\/users\/37"}],"replies":[{"embeddable":true,"href":"https:\/\/www.iplay.com\/fr\/wp-json\/wp\/v2\/comments?post=127069"}],"wp:featuredmedia":[{"embeddable":true,"href":"https:\/\/www.iplay.com\/fr\/wp-json\/wp\/v2\/media\/104162"}],"wp:attachment":[{"href":"https:\/\/www.iplay.com\/fr\/wp-json\/wp\/v2\/media?parent=127069"}],"wp:term":[{"taxonomy":"product_brand","embeddable":true,"href":"https:\/\/www.iplay.com\/fr\/wp-json\/wp\/v2\/product_brand?post=127069"},{"taxonomy":"product_cat","embeddable":true,"href":"https:\/\/www.iplay.com\/fr\/wp-json\/wp\/v2\/product_cat?post=127069"},{"taxonomy":"product_tag","embeddable":true,"href":"https:\/\/www.iplay.com\/fr\/wp-json\/wp\/v2\/product_tag?post=127069"}],"curies":[{"name":"wp","href":"https:\/\/api.w.org\/{rel}","templated":true}]}}