{"id":127053,"date":"2021-12-01T00:00:00","date_gmt":"2021-12-01T00:00:00","guid":{"rendered":"https:\/\/www.iplay.com\/games\/christmas-wonderland-10-collectors-edition\/"},"modified":"2021-12-01T00:00:00","modified_gmt":"2021-12-01T00:00:00","slug":"christmas-wonderland-10-collectors-edition","status":"publish","type":"product","link":"https:\/\/www.iplay.com\/fr\/games\/christmas-wonderland-10-collectors-edition\/","title":{"rendered":"Christmas Wonderland 10 &#8211; Collector&#8217;s Edition"},"content":{"rendered":"<p>Gagnez un merveilleux voyage pour voir le P\u00e8re No\u00ebl dans son pays des merveilles du p\u00f4le Nord \u00e0 bord de l\u2019exquis SS Wonderland Princess. La grotte, la grange \u00e0 rennes, les ateliers et l\u2019entrep\u00f4t du P\u00e8re No\u00ebl sont tous des arr\u00eats qui valent la peine. Une cr\u00e8che est expos\u00e9e \u00e0 l\u2019\u00e9glise de Springfield. Aidez les organismes philanthropiques \u00e0 nourrir les sans-abri en leur fournissant des repas. Il est temps d\u2019installer les arbres et les d\u00e9corations de No\u00ebl. Accumulez des r\u00e9alisations et des r\u00e9compenses incroyables. Album : Assemblez vos photos. Les enfants dorment profond\u00e9ment quand tout \u00e0 coup c\u2019est la veille de No\u00ebl et que le P\u00e8re No\u00ebl vole autour du monde, ou le sont-ils ?.. Avant que nous ne nous en rendions compte, le matin de No\u00ebl sera encore plus merveilleux.<\/p>\n<p>&nbsp;<\/p>\n<p>&nbsp;<\/p>\n<p><strong>Fonctionnalit\u00e9s:<\/strong><\/p>\n<p>&nbsp;<\/p>\n<p>&#8211; Aidez le P\u00e8re No\u00ebl \u00e0 localiser des centaines d\u2019anges dor\u00e9s, de rennes, d\u2019objets perdus et trouv\u00e9s et d\u2019objets cach\u00e9s.<\/p>\n<p>&#8211; Profitez de mini-jeux incroyables, ainsi que d\u2019insignes de m\u00e9rite pour vos r\u00e9alisations.<\/p>\n<p>&#8211; Christmas Wonderland 10 propose des graphismes et des \u00e9nigmes \u00e9poustouflants, ainsi qu\u2019une abondance de cadeaux et de surprises cach\u00e9es.<\/p>\n<p>&#8211; Choisissez parmi trois modes de jeu diff\u00e9rents (Casual, Challenge et Extreme ; collectionnez-les tous contre la montre).<\/p>\n<p>&#8211; Participez \u00e0 l\u2019excitation avec un gameplay de No\u00ebl vraiment captivant qui convient aux amis et \u00e0 la famille de tous \u00e2ges et de tous niveaux.<\/p>\n<p>&nbsp;<\/p>\n<p>&nbsp;<\/p>\n<p><strong>Caract\u00e9ristiques de l\u2019\u00e9dition collector :<br \/>\n<\/strong><\/p>\n<p>&nbsp;<\/p>\n<p>&#8211; Trois modes : Facile, Difficile et Extr\u00eame !<\/p>\n<p>&#8211; Lieux, visuels et exp\u00e9rience de jeu suppl\u00e9mentaires<\/p>\n<p>&#8211; Collection massive de puzzles suppl\u00e9mentaires<\/p>\n<p>&#8211; Images et musique d\u2019arri\u00e8re-plan distinctives.<\/p>\n","protected":false},"excerpt":{"rendered":"<p>Dans Christmas Wonderland 10 &#8211; Collector\u2019s Edition, aidez le P\u00e8re No\u00ebl une fois de plus.<\/p>\n","protected":false},"author":37,"featured_media":78344,"comment_status":"open","ping_status":"closed","template":"","meta":{"_acf_changed":false,"inline_featured_image":false},"product_brand":[],"product_cat":[165],"product_tag":[287],"class_list":{"0":"post-127053","1":"product","2":"type-product","3":"status-publish","4":"has-post-thumbnail","6":"product_cat-hidden-object-fr","7":"product_tag-play-on-pc-fr","9":"first","10":"instock","11":"shipping-taxable","12":"purchasable","13":"product-type-simple"},"acf":[],"yoast_head":"<!-- This site is optimized with the Yoast SEO Premium plugin v25.2 (Yoast SEO v25.2) - https:\/\/yoast.com\/wordpress\/plugins\/seo\/ -->\n<title>Christmas Wonderland 10 - \u00c9dition Collector - Aidez \u00e0 nouveau le P\u00e8re No\u00ebl dans Christmas Wonderland 10<\/title>\n<meta name=\"description\" content=\"Dans Christmas Wonderland 10 - Collector\u2019s Edition, aidez le P\u00e8re No\u00ebl une fois de plus.\" \/>\n<meta name=\"robots\" content=\"index, follow, max-snippet:-1, max-image-preview:large, max-video-preview:-1\" \/>\n<link rel=\"canonical\" href=\"https:\/\/www.iplay.com\/fr\/games\/christmas-wonderland-10-collectors-edition\/\" \/>\n<meta property=\"og:locale\" content=\"fr_FR\" \/>\n<meta property=\"og:type\" content=\"article\" \/>\n<meta property=\"og:title\" content=\"Christmas Wonderland 10 - Collector&#039;s Edition\" \/>\n<meta property=\"og:description\" content=\"Dans Christmas Wonderland 10 - Collector\u2019s Edition, aidez le P\u00e8re No\u00ebl une fois de plus.\" \/>\n<meta property=\"og:url\" content=\"https:\/\/www.iplay.com\/fr\/games\/christmas-wonderland-10-collectors-edition\/\" \/>\n<meta property=\"og:site_name\" content=\"IPlay\" \/>\n<meta property=\"og:image\" content=\"https:\/\/www.iplay.com\/wp-content\/uploads\/2023\/12\/large_square_tile_image-2396.jpg\" \/>\n\t<meta property=\"og:image:width\" content=\"310\" \/>\n\t<meta property=\"og:image:height\" content=\"310\" \/>\n\t<meta property=\"og:image:type\" content=\"image\/jpeg\" \/>\n<meta name=\"twitter:card\" content=\"summary_large_image\" \/>\n<meta name=\"twitter:label1\" content=\"Dur\u00e9e de lecture estim\u00e9e\" \/>\n\t<meta name=\"twitter:data1\" content=\"2 minutes\" \/>\n<script type=\"application\/ld+json\" class=\"yoast-schema-graph\">{\"@context\":\"https:\/\/schema.org\",\"@graph\":[{\"@type\":\"WebPage\",\"@id\":\"https:\/\/www.iplay.com\/fr\/games\/christmas-wonderland-10-collectors-edition\/\",\"url\":\"https:\/\/www.iplay.com\/fr\/games\/christmas-wonderland-10-collectors-edition\/\",\"name\":\"Christmas Wonderland 10 - \u00c9dition Collector - Aidez \u00e0 nouveau le P\u00e8re No\u00ebl dans Christmas Wonderland 10\",\"isPartOf\":{\"@id\":\"https:\/\/www.iplay.com\/en\/#website\"},\"primaryImageOfPage\":{\"@id\":\"https:\/\/www.iplay.com\/fr\/games\/christmas-wonderland-10-collectors-edition\/#primaryimage\"},\"image\":{\"@id\":\"https:\/\/www.iplay.com\/fr\/games\/christmas-wonderland-10-collectors-edition\/#primaryimage\"},\"thumbnailUrl\":\"https:\/\/www.iplay.com\/wp-content\/uploads\/2023\/12\/large_square_tile_image-2396.jpg\",\"datePublished\":\"2021-12-01T00:00:00+00:00\",\"description\":\"Dans Christmas Wonderland 10 - Collector\u2019s Edition, aidez le P\u00e8re No\u00ebl une fois de plus.\",\"breadcrumb\":{\"@id\":\"https:\/\/www.iplay.com\/fr\/games\/christmas-wonderland-10-collectors-edition\/#breadcrumb\"},\"inLanguage\":\"fr-FR\",\"potentialAction\":[{\"@type\":\"ReadAction\",\"target\":[\"https:\/\/www.iplay.com\/fr\/games\/christmas-wonderland-10-collectors-edition\/\"]}]},{\"@type\":\"ImageObject\",\"inLanguage\":\"fr-FR\",\"@id\":\"https:\/\/www.iplay.com\/fr\/games\/christmas-wonderland-10-collectors-edition\/#primaryimage\",\"url\":\"https:\/\/www.iplay.com\/wp-content\/uploads\/2023\/12\/large_square_tile_image-2396.jpg\",\"contentUrl\":\"https:\/\/www.iplay.com\/wp-content\/uploads\/2023\/12\/large_square_tile_image-2396.jpg\",\"width\":310,\"height\":310},{\"@type\":\"BreadcrumbList\",\"@id\":\"https:\/\/www.iplay.com\/fr\/games\/christmas-wonderland-10-collectors-edition\/#breadcrumb\",\"itemListElement\":[{\"@type\":\"ListItem\",\"position\":1,\"name\":\"Home\",\"item\":\"https:\/\/www.iplay.com\/fr\/home-page-2\/\"},{\"@type\":\"ListItem\",\"position\":2,\"name\":\"Shop\",\"item\":\"https:\/\/www.iplay.com\/en\/shop\/\"},{\"@type\":\"ListItem\",\"position\":3,\"name\":\"Christmas Wonderland 10 &#8211; Collector&#8217;s Edition\"}]},{\"@type\":\"WebSite\",\"@id\":\"https:\/\/www.iplay.com\/en\/#website\",\"url\":\"https:\/\/www.iplay.com\/en\/\",\"name\":\"IPlay\",\"description\":\"The Best Casual Games!\",\"publisher\":{\"@id\":\"https:\/\/www.iplay.com\/en\/#organization\"},\"potentialAction\":[{\"@type\":\"SearchAction\",\"target\":{\"@type\":\"EntryPoint\",\"urlTemplate\":\"https:\/\/www.iplay.com\/en\/?s={search_term_string}\"},\"query-input\":{\"@type\":\"PropertyValueSpecification\",\"valueRequired\":true,\"valueName\":\"search_term_string\"}}],\"inLanguage\":\"fr-FR\"},{\"@type\":\"Organization\",\"@id\":\"https:\/\/www.iplay.com\/en\/#organization\",\"name\":\"IPlay\",\"url\":\"https:\/\/www.iplay.com\/en\/\",\"logo\":{\"@type\":\"ImageObject\",\"inLanguage\":\"fr-FR\",\"@id\":\"https:\/\/www.iplay.com\/en\/#\/schema\/logo\/image\/\",\"url\":\"https:\/\/www.iplay.com\/wp-content\/uploads\/2023\/11\/Group-6100.svg\",\"contentUrl\":\"https:\/\/www.iplay.com\/wp-content\/uploads\/2023\/11\/Group-6100.svg\",\"width\":98,\"height\":25,\"caption\":\"IPlay\"},\"image\":{\"@id\":\"https:\/\/www.iplay.com\/en\/#\/schema\/logo\/image\/\"}}]}<\/script>\n<!-- \/ Yoast SEO Premium plugin. -->","yoast_head_json":{"title":"Christmas Wonderland 10 - \u00c9dition Collector - Aidez \u00e0 nouveau le P\u00e8re No\u00ebl dans Christmas Wonderland 10","description":"Dans Christmas Wonderland 10 - Collector\u2019s Edition, aidez le P\u00e8re No\u00ebl une fois de plus.","robots":{"index":"index","follow":"follow","max-snippet":"max-snippet:-1","max-image-preview":"max-image-preview:large","max-video-preview":"max-video-preview:-1"},"canonical":"https:\/\/www.iplay.com\/fr\/games\/christmas-wonderland-10-collectors-edition\/","og_locale":"fr_FR","og_type":"article","og_title":"Christmas Wonderland 10 - Collector's Edition","og_description":"Dans Christmas Wonderland 10 - Collector\u2019s Edition, aidez le P\u00e8re No\u00ebl une fois de plus.","og_url":"https:\/\/www.iplay.com\/fr\/games\/christmas-wonderland-10-collectors-edition\/","og_site_name":"IPlay","og_image":[{"width":310,"height":310,"url":"https:\/\/www.iplay.com\/wp-content\/uploads\/2023\/12\/large_square_tile_image-2396.jpg","type":"image\/jpeg"}],"twitter_card":"summary_large_image","twitter_misc":{"Dur\u00e9e de lecture estim\u00e9e":"2 minutes"},"schema":{"@context":"https:\/\/schema.org","@graph":[{"@type":"WebPage","@id":"https:\/\/www.iplay.com\/fr\/games\/christmas-wonderland-10-collectors-edition\/","url":"https:\/\/www.iplay.com\/fr\/games\/christmas-wonderland-10-collectors-edition\/","name":"Christmas Wonderland 10 - \u00c9dition Collector - Aidez \u00e0 nouveau le P\u00e8re No\u00ebl dans Christmas Wonderland 10","isPartOf":{"@id":"https:\/\/www.iplay.com\/en\/#website"},"primaryImageOfPage":{"@id":"https:\/\/www.iplay.com\/fr\/games\/christmas-wonderland-10-collectors-edition\/#primaryimage"},"image":{"@id":"https:\/\/www.iplay.com\/fr\/games\/christmas-wonderland-10-collectors-edition\/#primaryimage"},"thumbnailUrl":"https:\/\/www.iplay.com\/wp-content\/uploads\/2023\/12\/large_square_tile_image-2396.jpg","datePublished":"2021-12-01T00:00:00+00:00","description":"Dans Christmas Wonderland 10 - Collector\u2019s Edition, aidez le P\u00e8re No\u00ebl une fois de plus.","breadcrumb":{"@id":"https:\/\/www.iplay.com\/fr\/games\/christmas-wonderland-10-collectors-edition\/#breadcrumb"},"inLanguage":"fr-FR","potentialAction":[{"@type":"ReadAction","target":["https:\/\/www.iplay.com\/fr\/games\/christmas-wonderland-10-collectors-edition\/"]}]},{"@type":"ImageObject","inLanguage":"fr-FR","@id":"https:\/\/www.iplay.com\/fr\/games\/christmas-wonderland-10-collectors-edition\/#primaryimage","url":"https:\/\/www.iplay.com\/wp-content\/uploads\/2023\/12\/large_square_tile_image-2396.jpg","contentUrl":"https:\/\/www.iplay.com\/wp-content\/uploads\/2023\/12\/large_square_tile_image-2396.jpg","width":310,"height":310},{"@type":"BreadcrumbList","@id":"https:\/\/www.iplay.com\/fr\/games\/christmas-wonderland-10-collectors-edition\/#breadcrumb","itemListElement":[{"@type":"ListItem","position":1,"name":"Home","item":"https:\/\/www.iplay.com\/fr\/home-page-2\/"},{"@type":"ListItem","position":2,"name":"Shop","item":"https:\/\/www.iplay.com\/en\/shop\/"},{"@type":"ListItem","position":3,"name":"Christmas Wonderland 10 &#8211; Collector&#8217;s Edition"}]},{"@type":"WebSite","@id":"https:\/\/www.iplay.com\/en\/#website","url":"https:\/\/www.iplay.com\/en\/","name":"IPlay","description":"The Best Casual Games!","publisher":{"@id":"https:\/\/www.iplay.com\/en\/#organization"},"potentialAction":[{"@type":"SearchAction","target":{"@type":"EntryPoint","urlTemplate":"https:\/\/www.iplay.com\/en\/?s={search_term_string}"},"query-input":{"@type":"PropertyValueSpecification","valueRequired":true,"valueName":"search_term_string"}}],"inLanguage":"fr-FR"},{"@type":"Organization","@id":"https:\/\/www.iplay.com\/en\/#organization","name":"IPlay","url":"https:\/\/www.iplay.com\/en\/","logo":{"@type":"ImageObject","inLanguage":"fr-FR","@id":"https:\/\/www.iplay.com\/en\/#\/schema\/logo\/image\/","url":"https:\/\/www.iplay.com\/wp-content\/uploads\/2023\/11\/Group-6100.svg","contentUrl":"https:\/\/www.iplay.com\/wp-content\/uploads\/2023\/11\/Group-6100.svg","width":98,"height":25,"caption":"IPlay"},"image":{"@id":"https:\/\/www.iplay.com\/en\/#\/schema\/logo\/image\/"}}]}},"_links":{"self":[{"href":"https:\/\/www.iplay.com\/fr\/wp-json\/wp\/v2\/product\/127053","targetHints":{"allow":["GET"]}}],"collection":[{"href":"https:\/\/www.iplay.com\/fr\/wp-json\/wp\/v2\/product"}],"about":[{"href":"https:\/\/www.iplay.com\/fr\/wp-json\/wp\/v2\/types\/product"}],"author":[{"embeddable":true,"href":"https:\/\/www.iplay.com\/fr\/wp-json\/wp\/v2\/users\/37"}],"replies":[{"embeddable":true,"href":"https:\/\/www.iplay.com\/fr\/wp-json\/wp\/v2\/comments?post=127053"}],"wp:featuredmedia":[{"embeddable":true,"href":"https:\/\/www.iplay.com\/fr\/wp-json\/wp\/v2\/media\/78344"}],"wp:attachment":[{"href":"https:\/\/www.iplay.com\/fr\/wp-json\/wp\/v2\/media?parent=127053"}],"wp:term":[{"taxonomy":"product_brand","embeddable":true,"href":"https:\/\/www.iplay.com\/fr\/wp-json\/wp\/v2\/product_brand?post=127053"},{"taxonomy":"product_cat","embeddable":true,"href":"https:\/\/www.iplay.com\/fr\/wp-json\/wp\/v2\/product_cat?post=127053"},{"taxonomy":"product_tag","embeddable":true,"href":"https:\/\/www.iplay.com\/fr\/wp-json\/wp\/v2\/product_tag?post=127053"}],"curies":[{"name":"wp","href":"https:\/\/api.w.org\/{rel}","templated":true}]}}