{"id":126984,"date":"2025-03-07T09:00:28","date_gmt":"2025-03-07T09:00:28","guid":{"rendered":"https:\/\/www.iplay.com\/?post_type=product&p=126984"},"modified":"2025-03-07T09:00:28","modified_gmt":"2025-03-07T09:00:28","slug":"mystery-of-myths-heart-of-athens-collectors-edition","status":"publish","type":"product","link":"https:\/\/www.iplay.com\/fr\/games\/mystery-of-myths-heart-of-athens-collectors-edition\/","title":{"rendered":"Mystery of Myths: Heart of Athens Collector&#8217;s Edition"},"content":{"rendered":"<p>Dans l\u2019enqu\u00eate la plus complexe de sa carri\u00e8re, Elijah Reed, un agent chevronn\u00e9 du minist\u00e8re des Myst\u00e8res, est plong\u00e9. C\u2019est dans la ville historique d\u2019Ath\u00e8nes, en Gr\u00e8ce, que son attention est attir\u00e9e par son attention, car des mythes oubli\u00e9s depuis longtemps prennent vie de mani\u00e8re dangereuse. Un partenariat avec nul autre que l\u2019ancien dieu grec Pan est form\u00e9, \u00e0 travers lequel des indices cach\u00e9s doivent \u00eatre d\u00e9cod\u00e9s, des \u00e9nigmes mythologiques doivent \u00eatre abord\u00e9es et un nouveau culte mortel doit \u00eatre contrecarr\u00e9. Au fur et \u00e0 mesure que l\u2019exploration plus profonde du monde \u00e9nigmatique des mythes anciens est entreprise, les fronti\u00e8res entre l\u00e9gende et r\u00e9alit\u00e9 s\u2019estompent, ce qui g\u00e9n\u00e8re plus de questions que de r\u00e9ponses.   <\/p>\n<p>Les mondes de l\u2019enqu\u00eate moderne et de la mythologie ancienne sont parfaitement tiss\u00e9s dans cette aventure captivante. Un \u00e9quilibre parfait entre \u00e9nigmes stimulantes et narration immersive est atteint, o\u00f9 les joueurs de tous niveaux peuvent \u00eatre engag\u00e9s. Gr\u00e2ce \u00e0 des graphismes \u00e9poustouflants et \u00e0 une conception sonore atmosph\u00e9rique, l\u2019Ath\u00e8nes antique prend vie, o\u00f9 chaque lieu est impr\u00e9gn\u00e9 de d\u00e9tails historiques et de signification mythologique.  <\/p>\n<p>&nbsp;<\/p>\n<p>&nbsp;<\/p>\n<p><strong>Fonctionnalit\u00e9s<\/strong><\/p>\n<ul>\n<li><strong>Sc\u00e9nario \u00e9tendu<\/strong> &#8211; Un chapitre bonus exclusif est fourni, \u00e0 travers lequel le r\u00e9cit principal est approfondi et d\u00e9velopp\u00e9.<\/li>\n<li><strong>Collection de souvenirs<\/strong> &#8211; Une galerie personnelle est remplie alors qu\u2019un \u00e9ventail de souvenirs uniques est collect\u00e9 tout au long de l\u2019aventure.<\/li>\n<li><strong>Illustrations haut de gamme<\/strong> &#8211; L\u2019exp\u00e9rience de jeu est prolong\u00e9e au-del\u00e0 du jeu lorsque des fonds d\u2019\u00e9cran haute r\u00e9solution au design complexe sont t\u00e9l\u00e9charg\u00e9s et appr\u00e9ci\u00e9s.<\/li>\n<li><strong>Relecture du contenu<\/strong> &#8211; Les moments pr\u00e9f\u00e9r\u00e9s peuvent \u00eatre revisit\u00e9s sous forme de mini-jeux et de vid\u00e9os tout au long de l\u2019aventure sont rejou\u00e9s \u00e0 volont\u00e9.<\/li>\n<\/ul>\n<p>&nbsp;<\/p>\n<p>&nbsp;<\/p>\n<p>Cette \u00e9dition collector est con\u00e7ue pour ceux qui recherchent l\u2019exp\u00e9rience de jeu la plus riche. Chaque aspect du jeu est am\u00e9lior\u00e9, de l\u2019histoire \u00e9tendue aux objets de collection exclusifs, o\u00f9 une valeur bien au-del\u00e0 de l\u2019\u00e9dition standard est d\u00e9livr\u00e9e. Les myst\u00e8res de la Gr\u00e8ce antique attendent d\u2019\u00eatre d\u00e9m\u00eal\u00e9s dans cette version d\u00e9finitive de l\u2019affaire la plus difficile d\u2019Elijah Reed.<\/p>\n","protected":false},"excerpt":{"rendered":"<p>Faites \u00e9quipe avec les agents Elijah et Pan pour enqu\u00eater sur les secrets les plus sombres d\u2019Ath\u00e8nes &#8211; D\u00e9couvrez des indices cach\u00e9s, r\u00e9solvez d\u2019anciennes \u00e9nigmes et arr\u00eatez une dangereuse secte avant qu\u2019il ne soit trop tard.<\/p>\n","protected":false},"author":52,"featured_media":126945,"comment_status":"open","ping_status":"closed","template":"","meta":{"_acf_changed":false,"inline_featured_image":false},"product_brand":[],"product_cat":[148,165],"product_tag":[287],"class_list":{"0":"post-126984","1":"product","2":"type-product","3":"status-publish","4":"has-post-thumbnail","6":"product_cat-adventure-fr","7":"product_cat-hidden-object-fr","8":"product_tag-play-on-pc-fr","10":"first","11":"instock","12":"shipping-taxable","13":"purchasable","14":"product-type-simple"},"acf":[],"yoast_head":"<!-- This site is optimized with the Yoast SEO Premium plugin v25.2 (Yoast SEO v25.2) - https:\/\/yoast.com\/wordpress\/plugins\/seo\/ -->\n<title>Myst\u00e8re des mythes : Le c\u0153ur d\u2019Ath\u00e8nes CE : Les agents Elijah et Pan arr\u00eatent un culte naissant<\/title>\n<meta name=\"description\" content=\"Faites \u00e9quipe avec les agents Elijah et Pan pour enqu\u00eater sur les secrets les plus sombres d\u2019Ath\u00e8nes - D\u00e9couvrez des indices cach\u00e9s, r\u00e9solvez d\u2019anciennes \u00e9nigmes et arr\u00eatez une dangereuse secte avant qu\u2019il ne soit trop tard.\" \/>\n<meta name=\"robots\" content=\"index, follow, max-snippet:-1, max-image-preview:large, max-video-preview:-1\" \/>\n<link rel=\"canonical\" href=\"https:\/\/www.iplay.com\/en\/games\/mystery-of-myths-heart-of-athens-collectors-edition\/\" \/>\n<meta property=\"og:locale\" content=\"fr_FR\" \/>\n<meta property=\"og:type\" content=\"article\" \/>\n<meta property=\"og:title\" content=\"Mystery of Myths: Heart of Athens Collector&#039;s Edition\" \/>\n<meta property=\"og:description\" content=\"Faites \u00e9quipe avec les agents Elijah et Pan pour enqu\u00eater sur les secrets les plus sombres d\u2019Ath\u00e8nes - D\u00e9couvrez des indices cach\u00e9s, r\u00e9solvez d\u2019anciennes \u00e9nigmes et arr\u00eatez une dangereuse secte avant qu\u2019il ne soit trop tard.\" \/>\n<meta property=\"og:url\" content=\"https:\/\/www.iplay.com\/en\/games\/mystery-of-myths-heart-of-athens-collectors-edition\/\" \/>\n<meta property=\"og:site_name\" content=\"IPlay\" \/>\n<meta property=\"og:image\" content=\"https:\/\/www.iplay.com\/wp-content\/uploads\/2025\/03\/mystery_of_myths_heart_of_athens_ce_large_video_screenshot.webp\" \/>\n\t<meta property=\"og:image:width\" content=\"715\" \/>\n\t<meta property=\"og:image:height\" content=\"485\" \/>\n\t<meta property=\"og:image:type\" content=\"image\/webp\" \/>\n<meta name=\"twitter:card\" content=\"summary_large_image\" \/>\n<meta name=\"twitter:label1\" content=\"Dur\u00e9e de lecture estim\u00e9e\" \/>\n\t<meta name=\"twitter:data1\" content=\"2 minutes\" \/>\n<script type=\"application\/ld+json\" class=\"yoast-schema-graph\">{\"@context\":\"https:\/\/schema.org\",\"@graph\":[{\"@type\":\"WebPage\",\"@id\":\"https:\/\/www.iplay.com\/en\/games\/mystery-of-myths-heart-of-athens-collectors-edition\/\",\"url\":\"https:\/\/www.iplay.com\/en\/games\/mystery-of-myths-heart-of-athens-collectors-edition\/\",\"name\":\"Myst\u00e8re des mythes : Le c\u0153ur d\u2019Ath\u00e8nes CE : Les agents Elijah et Pan arr\u00eatent un culte naissant\",\"isPartOf\":{\"@id\":\"https:\/\/www.iplay.com\/en\/#website\"},\"primaryImageOfPage\":{\"@id\":\"https:\/\/www.iplay.com\/en\/games\/mystery-of-myths-heart-of-athens-collectors-edition\/#primaryimage\"},\"image\":{\"@id\":\"https:\/\/www.iplay.com\/en\/games\/mystery-of-myths-heart-of-athens-collectors-edition\/#primaryimage\"},\"thumbnailUrl\":\"https:\/\/www.iplay.com\/wp-content\/uploads\/2025\/03\/mystery_of_myths_heart_of_athens_ce_large_video_screenshot.webp\",\"datePublished\":\"2025-03-07T09:00:28+00:00\",\"description\":\"Faites \u00e9quipe avec les agents Elijah et Pan pour enqu\u00eater sur les secrets les plus sombres d\u2019Ath\u00e8nes - D\u00e9couvrez des indices cach\u00e9s, r\u00e9solvez d\u2019anciennes \u00e9nigmes et arr\u00eatez une dangereuse secte avant qu\u2019il ne soit trop tard.\",\"breadcrumb\":{\"@id\":\"https:\/\/www.iplay.com\/en\/games\/mystery-of-myths-heart-of-athens-collectors-edition\/#breadcrumb\"},\"inLanguage\":\"fr-FR\",\"potentialAction\":[{\"@type\":\"ReadAction\",\"target\":[\"https:\/\/www.iplay.com\/en\/games\/mystery-of-myths-heart-of-athens-collectors-edition\/\"]}]},{\"@type\":\"ImageObject\",\"inLanguage\":\"fr-FR\",\"@id\":\"https:\/\/www.iplay.com\/en\/games\/mystery-of-myths-heart-of-athens-collectors-edition\/#primaryimage\",\"url\":\"https:\/\/www.iplay.com\/wp-content\/uploads\/2025\/03\/mystery_of_myths_heart_of_athens_ce_large_video_screenshot.webp\",\"contentUrl\":\"https:\/\/www.iplay.com\/wp-content\/uploads\/2025\/03\/mystery_of_myths_heart_of_athens_ce_large_video_screenshot.webp\",\"width\":715,\"height\":485},{\"@type\":\"BreadcrumbList\",\"@id\":\"https:\/\/www.iplay.com\/en\/games\/mystery-of-myths-heart-of-athens-collectors-edition\/#breadcrumb\",\"itemListElement\":[{\"@type\":\"ListItem\",\"position\":1,\"name\":\"Home\",\"item\":\"https:\/\/www.iplay.com\/fr\/home-page-2\/\"},{\"@type\":\"ListItem\",\"position\":2,\"name\":\"Shop\",\"item\":\"https:\/\/www.iplay.com\/en\/shop\/\"},{\"@type\":\"ListItem\",\"position\":3,\"name\":\"Mystery of Myths: Heart of Athens Collector&#8217;s Edition\"}]},{\"@type\":\"WebSite\",\"@id\":\"https:\/\/www.iplay.com\/en\/#website\",\"url\":\"https:\/\/www.iplay.com\/en\/\",\"name\":\"IPlay\",\"description\":\"The Best Casual Games!\",\"publisher\":{\"@id\":\"https:\/\/www.iplay.com\/en\/#organization\"},\"potentialAction\":[{\"@type\":\"SearchAction\",\"target\":{\"@type\":\"EntryPoint\",\"urlTemplate\":\"https:\/\/www.iplay.com\/en\/?s={search_term_string}\"},\"query-input\":{\"@type\":\"PropertyValueSpecification\",\"valueRequired\":true,\"valueName\":\"search_term_string\"}}],\"inLanguage\":\"fr-FR\"},{\"@type\":\"Organization\",\"@id\":\"https:\/\/www.iplay.com\/en\/#organization\",\"name\":\"IPlay\",\"url\":\"https:\/\/www.iplay.com\/en\/\",\"logo\":{\"@type\":\"ImageObject\",\"inLanguage\":\"fr-FR\",\"@id\":\"https:\/\/www.iplay.com\/en\/#\/schema\/logo\/image\/\",\"url\":\"https:\/\/www.iplay.com\/wp-content\/uploads\/2023\/11\/Group-6100.svg\",\"contentUrl\":\"https:\/\/www.iplay.com\/wp-content\/uploads\/2023\/11\/Group-6100.svg\",\"width\":98,\"height\":25,\"caption\":\"IPlay\"},\"image\":{\"@id\":\"https:\/\/www.iplay.com\/en\/#\/schema\/logo\/image\/\"}}]}<\/script>\n<!-- \/ Yoast SEO Premium plugin. -->","yoast_head_json":{"title":"Myst\u00e8re des mythes : Le c\u0153ur d\u2019Ath\u00e8nes CE : Les agents Elijah et Pan arr\u00eatent un culte naissant","description":"Faites \u00e9quipe avec les agents Elijah et Pan pour enqu\u00eater sur les secrets les plus sombres d\u2019Ath\u00e8nes - D\u00e9couvrez des indices cach\u00e9s, r\u00e9solvez d\u2019anciennes \u00e9nigmes et arr\u00eatez une dangereuse secte avant qu\u2019il ne soit trop tard.","robots":{"index":"index","follow":"follow","max-snippet":"max-snippet:-1","max-image-preview":"max-image-preview:large","max-video-preview":"max-video-preview:-1"},"canonical":"https:\/\/www.iplay.com\/en\/games\/mystery-of-myths-heart-of-athens-collectors-edition\/","og_locale":"fr_FR","og_type":"article","og_title":"Mystery of Myths: Heart of Athens Collector's Edition","og_description":"Faites \u00e9quipe avec les agents Elijah et Pan pour enqu\u00eater sur les secrets les plus sombres d\u2019Ath\u00e8nes - D\u00e9couvrez des indices cach\u00e9s, r\u00e9solvez d\u2019anciennes \u00e9nigmes et arr\u00eatez une dangereuse secte avant qu\u2019il ne soit trop tard.","og_url":"https:\/\/www.iplay.com\/en\/games\/mystery-of-myths-heart-of-athens-collectors-edition\/","og_site_name":"IPlay","og_image":[{"width":715,"height":485,"url":"https:\/\/www.iplay.com\/wp-content\/uploads\/2025\/03\/mystery_of_myths_heart_of_athens_ce_large_video_screenshot.webp","type":"image\/webp"}],"twitter_card":"summary_large_image","twitter_misc":{"Dur\u00e9e de lecture estim\u00e9e":"2 minutes"},"schema":{"@context":"https:\/\/schema.org","@graph":[{"@type":"WebPage","@id":"https:\/\/www.iplay.com\/en\/games\/mystery-of-myths-heart-of-athens-collectors-edition\/","url":"https:\/\/www.iplay.com\/en\/games\/mystery-of-myths-heart-of-athens-collectors-edition\/","name":"Myst\u00e8re des mythes : Le c\u0153ur d\u2019Ath\u00e8nes CE : Les agents Elijah et Pan arr\u00eatent un culte naissant","isPartOf":{"@id":"https:\/\/www.iplay.com\/en\/#website"},"primaryImageOfPage":{"@id":"https:\/\/www.iplay.com\/en\/games\/mystery-of-myths-heart-of-athens-collectors-edition\/#primaryimage"},"image":{"@id":"https:\/\/www.iplay.com\/en\/games\/mystery-of-myths-heart-of-athens-collectors-edition\/#primaryimage"},"thumbnailUrl":"https:\/\/www.iplay.com\/wp-content\/uploads\/2025\/03\/mystery_of_myths_heart_of_athens_ce_large_video_screenshot.webp","datePublished":"2025-03-07T09:00:28+00:00","description":"Faites \u00e9quipe avec les agents Elijah et Pan pour enqu\u00eater sur les secrets les plus sombres d\u2019Ath\u00e8nes - D\u00e9couvrez des indices cach\u00e9s, r\u00e9solvez d\u2019anciennes \u00e9nigmes et arr\u00eatez une dangereuse secte avant qu\u2019il ne soit trop tard.","breadcrumb":{"@id":"https:\/\/www.iplay.com\/en\/games\/mystery-of-myths-heart-of-athens-collectors-edition\/#breadcrumb"},"inLanguage":"fr-FR","potentialAction":[{"@type":"ReadAction","target":["https:\/\/www.iplay.com\/en\/games\/mystery-of-myths-heart-of-athens-collectors-edition\/"]}]},{"@type":"ImageObject","inLanguage":"fr-FR","@id":"https:\/\/www.iplay.com\/en\/games\/mystery-of-myths-heart-of-athens-collectors-edition\/#primaryimage","url":"https:\/\/www.iplay.com\/wp-content\/uploads\/2025\/03\/mystery_of_myths_heart_of_athens_ce_large_video_screenshot.webp","contentUrl":"https:\/\/www.iplay.com\/wp-content\/uploads\/2025\/03\/mystery_of_myths_heart_of_athens_ce_large_video_screenshot.webp","width":715,"height":485},{"@type":"BreadcrumbList","@id":"https:\/\/www.iplay.com\/en\/games\/mystery-of-myths-heart-of-athens-collectors-edition\/#breadcrumb","itemListElement":[{"@type":"ListItem","position":1,"name":"Home","item":"https:\/\/www.iplay.com\/fr\/home-page-2\/"},{"@type":"ListItem","position":2,"name":"Shop","item":"https:\/\/www.iplay.com\/en\/shop\/"},{"@type":"ListItem","position":3,"name":"Mystery of Myths: Heart of Athens Collector&#8217;s Edition"}]},{"@type":"WebSite","@id":"https:\/\/www.iplay.com\/en\/#website","url":"https:\/\/www.iplay.com\/en\/","name":"IPlay","description":"The Best Casual Games!","publisher":{"@id":"https:\/\/www.iplay.com\/en\/#organization"},"potentialAction":[{"@type":"SearchAction","target":{"@type":"EntryPoint","urlTemplate":"https:\/\/www.iplay.com\/en\/?s={search_term_string}"},"query-input":{"@type":"PropertyValueSpecification","valueRequired":true,"valueName":"search_term_string"}}],"inLanguage":"fr-FR"},{"@type":"Organization","@id":"https:\/\/www.iplay.com\/en\/#organization","name":"IPlay","url":"https:\/\/www.iplay.com\/en\/","logo":{"@type":"ImageObject","inLanguage":"fr-FR","@id":"https:\/\/www.iplay.com\/en\/#\/schema\/logo\/image\/","url":"https:\/\/www.iplay.com\/wp-content\/uploads\/2023\/11\/Group-6100.svg","contentUrl":"https:\/\/www.iplay.com\/wp-content\/uploads\/2023\/11\/Group-6100.svg","width":98,"height":25,"caption":"IPlay"},"image":{"@id":"https:\/\/www.iplay.com\/en\/#\/schema\/logo\/image\/"}}]}},"_links":{"self":[{"href":"https:\/\/www.iplay.com\/fr\/wp-json\/wp\/v2\/product\/126984","targetHints":{"allow":["GET"]}}],"collection":[{"href":"https:\/\/www.iplay.com\/fr\/wp-json\/wp\/v2\/product"}],"about":[{"href":"https:\/\/www.iplay.com\/fr\/wp-json\/wp\/v2\/types\/product"}],"author":[{"embeddable":true,"href":"https:\/\/www.iplay.com\/fr\/wp-json\/wp\/v2\/users\/52"}],"replies":[{"embeddable":true,"href":"https:\/\/www.iplay.com\/fr\/wp-json\/wp\/v2\/comments?post=126984"}],"wp:featuredmedia":[{"embeddable":true,"href":"https:\/\/www.iplay.com\/fr\/wp-json\/wp\/v2\/media\/126945"}],"wp:attachment":[{"href":"https:\/\/www.iplay.com\/fr\/wp-json\/wp\/v2\/media?parent=126984"}],"wp:term":[{"taxonomy":"product_brand","embeddable":true,"href":"https:\/\/www.iplay.com\/fr\/wp-json\/wp\/v2\/product_brand?post=126984"},{"taxonomy":"product_cat","embeddable":true,"href":"https:\/\/www.iplay.com\/fr\/wp-json\/wp\/v2\/product_cat?post=126984"},{"taxonomy":"product_tag","embeddable":true,"href":"https:\/\/www.iplay.com\/fr\/wp-json\/wp\/v2\/product_tag?post=126984"}],"curies":[{"name":"wp","href":"https:\/\/api.w.org\/{rel}","templated":true}]}}