{"id":126812,"date":"2021-10-14T00:00:00","date_gmt":"2021-10-14T00:00:00","guid":{"rendered":"https:\/\/www.iplay.com\/games\/vacation-adventures-cruise-director-6-ce\/"},"modified":"2021-10-14T00:00:00","modified_gmt":"2021-10-14T00:00:00","slug":"vacation-adventures-cruise-director-6-ce","status":"publish","type":"product","link":"https:\/\/www.iplay.com\/fr\/games\/vacation-adventures-cruise-director-6-ce\/","title":{"rendered":"Vacation Adventures &#8211; Cruise Director 6 &#8211; CE"},"content":{"rendered":"<p>En tant que directeur de croisi\u00e8re en charge, profitez d\u2019une incroyable croisi\u00e8re mondiale unique \u00e0 bord de l\u2019USS Liberty of the Waves, le magnifique vaisseau amiral de la flotte. D\u00e9couvrez les \u00eeles des Cara\u00efbes \u00e0 bord du majestueux grand voilier SS Caribbean Queen. Explorez l\u2019Asie \u00e0 bord de l\u2019opulent train express Pride of India. Planifiez des voyages incroyables \u00e0 travers le monde. Il existe plusieurs destinations touristiques fantastiques, telles que Rome, Sydney et les Bahamas. Faites un voyage \u00e0 la Nouvelle-Orl\u00e9ans pour Mardi Gras. D\u00e9couvrez des sites c\u00e9l\u00e8bres, profitez de la vue sur les oc\u00e9ans Atlantique et Pacifique et d\u00e9tendez-vous sur de charmantes \u00eeles d\u00e9sertes. Aider les passagers avec leurs cabines, leurs boutiques, leurs restaurants et leurs divertissements \u00e0 bord et dans les ports d\u2019escale. Collectionnez les souvenirs de votre croisi\u00e8re. Recherchez des centaines d\u2019artefacts cach\u00e9s, d\u2019articles de d\u00e9barquement de passagers et de d\u00e9chets potentiellement recyclables. Profitez de mini-jeux incroyables. Pour vos r\u00e9alisations, vous pouvez gagner des badges de m\u00e9rite. Les familles de tous \u00e2ges peuvent profiter d\u2019une heure de jeu tr\u00e8s divertissant sur Cruise Director 6, qui comporte trois niveaux : d\u00e9contract\u00e9, d\u00e9fi et intense. Collectionnez-les tous.             <\/p>\n<p>&nbsp;<\/p>\n<p>&nbsp;<\/p>\n<p><strong>Fonctionnalit\u00e9s:<\/strong><\/p>\n<p>&nbsp;<\/p>\n<p>&#8211; DEUX croisi\u00e8res passionnantes<br \/>\n &#8211; Trois modes : D\u00e9contract\u00e9, D\u00e9fi et Extr\u00eame ! Grande croisi\u00e8re sur les Cara\u00efbes<br \/>\n &#8211; Lieux bonus, graphismes et gameplay<br \/>\n &#8211; \u00c9norme collection de puzzles<br \/>\n bonus &#8211; Fonds d\u2019\u00e9cran originaux et lecteur de musique<\/p>\n","protected":false},"excerpt":{"rendered":"<p>Cruise Director 6 &#8211; CE : Deux croisi\u00e8res incroyables, une magnifique aventure dans Travel Adventures<\/p>\n","protected":false},"author":37,"featured_media":78776,"comment_status":"open","ping_status":"closed","template":"","meta":{"_acf_changed":false,"inline_featured_image":false},"product_brand":[],"product_cat":[165],"product_tag":[287],"class_list":{"0":"post-126812","1":"product","2":"type-product","3":"status-publish","4":"has-post-thumbnail","6":"product_cat-hidden-object-fr","7":"product_tag-play-on-pc-fr","9":"first","10":"instock","11":"shipping-taxable","12":"purchasable","13":"product-type-simple"},"acf":[],"yoast_head":"<!-- This site is optimized with the Yoast SEO Premium plugin v25.2 (Yoast SEO v25.2) - https:\/\/yoast.com\/wordpress\/plugins\/seo\/ -->\n<title>Vacation Adventures - Cruise Director 6 - CE - Deux croisi\u00e8res incroyables dans Vacation Adventures - Cruise Director 6<\/title>\n<meta name=\"description\" content=\"Cruise Director 6 - CE : Deux croisi\u00e8res incroyables, une magnifique aventure dans Travel Adventures\" \/>\n<meta name=\"robots\" content=\"index, follow, max-snippet:-1, max-image-preview:large, max-video-preview:-1\" \/>\n<link rel=\"canonical\" href=\"https:\/\/www.iplay.com\/fr\/games\/vacation-adventures-cruise-director-6-ce\/\" \/>\n<meta property=\"og:locale\" content=\"fr_FR\" \/>\n<meta property=\"og:type\" content=\"article\" \/>\n<meta property=\"og:title\" content=\"Vacation Adventures - Cruise Director 6 - CE\" \/>\n<meta property=\"og:description\" content=\"Cruise Director 6 - CE : Deux croisi\u00e8res incroyables, une magnifique aventure dans Travel Adventures\" \/>\n<meta property=\"og:url\" content=\"https:\/\/www.iplay.com\/fr\/games\/vacation-adventures-cruise-director-6-ce\/\" \/>\n<meta property=\"og:site_name\" content=\"IPlay\" \/>\n<meta property=\"og:image\" content=\"https:\/\/www.iplay.com\/wp-content\/uploads\/2023\/12\/large_square_tile_image-2424.jpg\" \/>\n\t<meta property=\"og:image:width\" content=\"310\" \/>\n\t<meta property=\"og:image:height\" content=\"310\" \/>\n\t<meta property=\"og:image:type\" content=\"image\/jpeg\" \/>\n<meta name=\"twitter:card\" content=\"summary_large_image\" \/>\n<meta name=\"twitter:label1\" content=\"Dur\u00e9e de lecture estim\u00e9e\" \/>\n\t<meta name=\"twitter:data1\" content=\"1 minute\" \/>\n<script type=\"application\/ld+json\" class=\"yoast-schema-graph\">{\"@context\":\"https:\/\/schema.org\",\"@graph\":[{\"@type\":\"WebPage\",\"@id\":\"https:\/\/www.iplay.com\/fr\/games\/vacation-adventures-cruise-director-6-ce\/\",\"url\":\"https:\/\/www.iplay.com\/fr\/games\/vacation-adventures-cruise-director-6-ce\/\",\"name\":\"Vacation Adventures - Cruise Director 6 - CE - Deux croisi\u00e8res incroyables dans Vacation Adventures - Cruise Director 6\",\"isPartOf\":{\"@id\":\"https:\/\/www.iplay.com\/en\/#website\"},\"primaryImageOfPage\":{\"@id\":\"https:\/\/www.iplay.com\/fr\/games\/vacation-adventures-cruise-director-6-ce\/#primaryimage\"},\"image\":{\"@id\":\"https:\/\/www.iplay.com\/fr\/games\/vacation-adventures-cruise-director-6-ce\/#primaryimage\"},\"thumbnailUrl\":\"https:\/\/www.iplay.com\/wp-content\/uploads\/2023\/12\/large_square_tile_image-2424.jpg\",\"datePublished\":\"2021-10-14T00:00:00+00:00\",\"description\":\"Cruise Director 6 - CE : Deux croisi\u00e8res incroyables, une magnifique aventure dans Travel Adventures\",\"breadcrumb\":{\"@id\":\"https:\/\/www.iplay.com\/fr\/games\/vacation-adventures-cruise-director-6-ce\/#breadcrumb\"},\"inLanguage\":\"fr-FR\",\"potentialAction\":[{\"@type\":\"ReadAction\",\"target\":[\"https:\/\/www.iplay.com\/fr\/games\/vacation-adventures-cruise-director-6-ce\/\"]}]},{\"@type\":\"ImageObject\",\"inLanguage\":\"fr-FR\",\"@id\":\"https:\/\/www.iplay.com\/fr\/games\/vacation-adventures-cruise-director-6-ce\/#primaryimage\",\"url\":\"https:\/\/www.iplay.com\/wp-content\/uploads\/2023\/12\/large_square_tile_image-2424.jpg\",\"contentUrl\":\"https:\/\/www.iplay.com\/wp-content\/uploads\/2023\/12\/large_square_tile_image-2424.jpg\",\"width\":310,\"height\":310},{\"@type\":\"BreadcrumbList\",\"@id\":\"https:\/\/www.iplay.com\/fr\/games\/vacation-adventures-cruise-director-6-ce\/#breadcrumb\",\"itemListElement\":[{\"@type\":\"ListItem\",\"position\":1,\"name\":\"Home\",\"item\":\"https:\/\/www.iplay.com\/fr\/home-page-2\/\"},{\"@type\":\"ListItem\",\"position\":2,\"name\":\"Shop\",\"item\":\"https:\/\/www.iplay.com\/en\/shop\/\"},{\"@type\":\"ListItem\",\"position\":3,\"name\":\"Vacation Adventures &#8211; Cruise Director 6 &#8211; CE\"}]},{\"@type\":\"WebSite\",\"@id\":\"https:\/\/www.iplay.com\/en\/#website\",\"url\":\"https:\/\/www.iplay.com\/en\/\",\"name\":\"IPlay\",\"description\":\"The Best Casual Games!\",\"publisher\":{\"@id\":\"https:\/\/www.iplay.com\/en\/#organization\"},\"potentialAction\":[{\"@type\":\"SearchAction\",\"target\":{\"@type\":\"EntryPoint\",\"urlTemplate\":\"https:\/\/www.iplay.com\/en\/?s={search_term_string}\"},\"query-input\":{\"@type\":\"PropertyValueSpecification\",\"valueRequired\":true,\"valueName\":\"search_term_string\"}}],\"inLanguage\":\"fr-FR\"},{\"@type\":\"Organization\",\"@id\":\"https:\/\/www.iplay.com\/en\/#organization\",\"name\":\"IPlay\",\"url\":\"https:\/\/www.iplay.com\/en\/\",\"logo\":{\"@type\":\"ImageObject\",\"inLanguage\":\"fr-FR\",\"@id\":\"https:\/\/www.iplay.com\/en\/#\/schema\/logo\/image\/\",\"url\":\"https:\/\/www.iplay.com\/wp-content\/uploads\/2023\/11\/Group-6100.svg\",\"contentUrl\":\"https:\/\/www.iplay.com\/wp-content\/uploads\/2023\/11\/Group-6100.svg\",\"width\":98,\"height\":25,\"caption\":\"IPlay\"},\"image\":{\"@id\":\"https:\/\/www.iplay.com\/en\/#\/schema\/logo\/image\/\"}}]}<\/script>\n<!-- \/ Yoast SEO Premium plugin. -->","yoast_head_json":{"title":"Vacation Adventures - Cruise Director 6 - CE - Deux croisi\u00e8res incroyables dans Vacation Adventures - Cruise Director 6","description":"Cruise Director 6 - CE : Deux croisi\u00e8res incroyables, une magnifique aventure dans Travel Adventures","robots":{"index":"index","follow":"follow","max-snippet":"max-snippet:-1","max-image-preview":"max-image-preview:large","max-video-preview":"max-video-preview:-1"},"canonical":"https:\/\/www.iplay.com\/fr\/games\/vacation-adventures-cruise-director-6-ce\/","og_locale":"fr_FR","og_type":"article","og_title":"Vacation Adventures - Cruise Director 6 - CE","og_description":"Cruise Director 6 - CE : Deux croisi\u00e8res incroyables, une magnifique aventure dans Travel Adventures","og_url":"https:\/\/www.iplay.com\/fr\/games\/vacation-adventures-cruise-director-6-ce\/","og_site_name":"IPlay","og_image":[{"width":310,"height":310,"url":"https:\/\/www.iplay.com\/wp-content\/uploads\/2023\/12\/large_square_tile_image-2424.jpg","type":"image\/jpeg"}],"twitter_card":"summary_large_image","twitter_misc":{"Dur\u00e9e de lecture estim\u00e9e":"1 minute"},"schema":{"@context":"https:\/\/schema.org","@graph":[{"@type":"WebPage","@id":"https:\/\/www.iplay.com\/fr\/games\/vacation-adventures-cruise-director-6-ce\/","url":"https:\/\/www.iplay.com\/fr\/games\/vacation-adventures-cruise-director-6-ce\/","name":"Vacation Adventures - Cruise Director 6 - CE - Deux croisi\u00e8res incroyables dans Vacation Adventures - Cruise Director 6","isPartOf":{"@id":"https:\/\/www.iplay.com\/en\/#website"},"primaryImageOfPage":{"@id":"https:\/\/www.iplay.com\/fr\/games\/vacation-adventures-cruise-director-6-ce\/#primaryimage"},"image":{"@id":"https:\/\/www.iplay.com\/fr\/games\/vacation-adventures-cruise-director-6-ce\/#primaryimage"},"thumbnailUrl":"https:\/\/www.iplay.com\/wp-content\/uploads\/2023\/12\/large_square_tile_image-2424.jpg","datePublished":"2021-10-14T00:00:00+00:00","description":"Cruise Director 6 - CE : Deux croisi\u00e8res incroyables, une magnifique aventure dans Travel Adventures","breadcrumb":{"@id":"https:\/\/www.iplay.com\/fr\/games\/vacation-adventures-cruise-director-6-ce\/#breadcrumb"},"inLanguage":"fr-FR","potentialAction":[{"@type":"ReadAction","target":["https:\/\/www.iplay.com\/fr\/games\/vacation-adventures-cruise-director-6-ce\/"]}]},{"@type":"ImageObject","inLanguage":"fr-FR","@id":"https:\/\/www.iplay.com\/fr\/games\/vacation-adventures-cruise-director-6-ce\/#primaryimage","url":"https:\/\/www.iplay.com\/wp-content\/uploads\/2023\/12\/large_square_tile_image-2424.jpg","contentUrl":"https:\/\/www.iplay.com\/wp-content\/uploads\/2023\/12\/large_square_tile_image-2424.jpg","width":310,"height":310},{"@type":"BreadcrumbList","@id":"https:\/\/www.iplay.com\/fr\/games\/vacation-adventures-cruise-director-6-ce\/#breadcrumb","itemListElement":[{"@type":"ListItem","position":1,"name":"Home","item":"https:\/\/www.iplay.com\/fr\/home-page-2\/"},{"@type":"ListItem","position":2,"name":"Shop","item":"https:\/\/www.iplay.com\/en\/shop\/"},{"@type":"ListItem","position":3,"name":"Vacation Adventures &#8211; Cruise Director 6 &#8211; CE"}]},{"@type":"WebSite","@id":"https:\/\/www.iplay.com\/en\/#website","url":"https:\/\/www.iplay.com\/en\/","name":"IPlay","description":"The Best Casual Games!","publisher":{"@id":"https:\/\/www.iplay.com\/en\/#organization"},"potentialAction":[{"@type":"SearchAction","target":{"@type":"EntryPoint","urlTemplate":"https:\/\/www.iplay.com\/en\/?s={search_term_string}"},"query-input":{"@type":"PropertyValueSpecification","valueRequired":true,"valueName":"search_term_string"}}],"inLanguage":"fr-FR"},{"@type":"Organization","@id":"https:\/\/www.iplay.com\/en\/#organization","name":"IPlay","url":"https:\/\/www.iplay.com\/en\/","logo":{"@type":"ImageObject","inLanguage":"fr-FR","@id":"https:\/\/www.iplay.com\/en\/#\/schema\/logo\/image\/","url":"https:\/\/www.iplay.com\/wp-content\/uploads\/2023\/11\/Group-6100.svg","contentUrl":"https:\/\/www.iplay.com\/wp-content\/uploads\/2023\/11\/Group-6100.svg","width":98,"height":25,"caption":"IPlay"},"image":{"@id":"https:\/\/www.iplay.com\/en\/#\/schema\/logo\/image\/"}}]}},"_links":{"self":[{"href":"https:\/\/www.iplay.com\/fr\/wp-json\/wp\/v2\/product\/126812","targetHints":{"allow":["GET"]}}],"collection":[{"href":"https:\/\/www.iplay.com\/fr\/wp-json\/wp\/v2\/product"}],"about":[{"href":"https:\/\/www.iplay.com\/fr\/wp-json\/wp\/v2\/types\/product"}],"author":[{"embeddable":true,"href":"https:\/\/www.iplay.com\/fr\/wp-json\/wp\/v2\/users\/37"}],"replies":[{"embeddable":true,"href":"https:\/\/www.iplay.com\/fr\/wp-json\/wp\/v2\/comments?post=126812"}],"wp:featuredmedia":[{"embeddable":true,"href":"https:\/\/www.iplay.com\/fr\/wp-json\/wp\/v2\/media\/78776"}],"wp:attachment":[{"href":"https:\/\/www.iplay.com\/fr\/wp-json\/wp\/v2\/media?parent=126812"}],"wp:term":[{"taxonomy":"product_brand","embeddable":true,"href":"https:\/\/www.iplay.com\/fr\/wp-json\/wp\/v2\/product_brand?post=126812"},{"taxonomy":"product_cat","embeddable":true,"href":"https:\/\/www.iplay.com\/fr\/wp-json\/wp\/v2\/product_cat?post=126812"},{"taxonomy":"product_tag","embeddable":true,"href":"https:\/\/www.iplay.com\/fr\/wp-json\/wp\/v2\/product_tag?post=126812"}],"curies":[{"name":"wp","href":"https:\/\/api.w.org\/{rel}","templated":true}]}}