{"id":126758,"date":"2024-11-01T16:13:08","date_gmt":"2024-11-01T16:13:08","guid":{"rendered":"https:\/\/www.iplay.com\/games\/pixel-art-69\/"},"modified":"2025-04-18T15:06:10","modified_gmt":"2025-04-18T15:06:10","slug":"pixel-art-69","status":"publish","type":"product","link":"https:\/\/www.iplay.com\/fr\/games\/pixel-art-69\/","title":{"rendered":"Pixel Art 69"},"content":{"rendered":"<p>La peinture est devenue plus simple et plus agr\u00e9able que jamais&nbsp;! Pas besoin de vous soucier de la s\u00e9lection des couleurs : il suffit de s\u2019asseoir, de se d\u00e9tendre et de regarder chaque image prendre vie avec facilit\u00e9. Une gamme d\u2019images amusantes et vibrantes a \u00e9t\u00e9 fournie, vous permettant de vous concentrer sur la joie de peindre par num\u00e9ros. Chaque zone peut \u00eatre facilement remplie avec l\u2019outil de remplissage de la zone pour guider votre progression et am\u00e9liorer la pr\u00e9cision, vous permettant de vous concentrer uniquement sur l\u2019exp\u00e9rience.   <\/p>\n<p><strong>Fonctionnalit\u00e9s<\/strong><\/p>\n<ul>\n<li>80 images incroyables \u00e0 peindre : Chaque image offre un design unique et attrayant \u00e0 donner vie, des paysages aux motifs complexes. Parfaites pour tous les \u00e2ges, ces images sont id\u00e9ales pour tous ceux qui recherchent une \u00e9vasion paisible et cr\u00e9ative. <\/li>\n<li>Outil de remplissage de la zone pour une peinture sans couture : Cet outil utile permet des remplissages rapides et pr\u00e9cis de sections plus grandes, garantissant que m\u00eame les plus petits d\u00e9tails sont r\u00e9alis\u00e9s sans effort. Con\u00e7u pour une peinture lisse et sans joint. <\/li>\n<li>Une exp\u00e9rience relaxante : Des heures de d\u00e9tente vous attendent avec ce syst\u00e8me de peinture guid\u00e9e, vous permettant de vous d\u00e9tendre et de laisser libre cours \u00e0 votre cr\u00e9ativit\u00e9. Chaque pi\u00e8ce finie offre un sentiment d\u2019accomplissement et de joie. <\/li>\n<\/ul>\n<p>&nbsp;<\/p>\n<p>Quel que soit votre niveau de comp\u00e9tence, la simplicit\u00e9 de la peinture par num\u00e9ros en fait une activit\u00e9 parfaite pour tous ceux qui cherchent \u00e0 se d\u00e9tendre, \u00e0 exprimer leur cr\u00e9ativit\u00e9 ou simplement \u00e0 profiter d\u2019un moment tranquille avec l\u2019art.<\/p>\n","protected":false},"excerpt":{"rendered":"<p>Pixel Art 69 &#8211; Profitez de la simplicit\u00e9 de la peinture<\/p>\n","protected":false},"author":21,"featured_media":124436,"comment_status":"open","ping_status":"closed","template":"","meta":{"_acf_changed":false,"inline_featured_image":false},"product_brand":[],"product_cat":[183],"product_tag":[279,287],"class_list":{"0":"post-126758","1":"product","2":"type-product","3":"status-publish","4":"has-post-thumbnail","6":"product_cat-paint-by-numbers-series-fr","7":"product_tag-pixel-art-series-fr","8":"product_tag-play-on-pc-fr","10":"first","11":"instock","12":"shipping-taxable","13":"purchasable","14":"product-type-simple"},"acf":[],"yoast_head":"<!-- This site is optimized with the Yoast SEO Premium plugin v25.2 (Yoast SEO v25.2) - https:\/\/yoast.com\/wordpress\/plugins\/seo\/ -->\n<title>Pixel Art 69 - Profitez de la simplicit\u00e9 de la peinture<\/title>\n<meta name=\"description\" content=\"Pixel Art 69 - Profitez de la simplicit\u00e9 de la peinture\" \/>\n<meta name=\"robots\" content=\"index, follow, max-snippet:-1, max-image-preview:large, max-video-preview:-1\" \/>\n<link rel=\"canonical\" href=\"https:\/\/www.iplay.com\/fr\/games\/pixel-art-69\/\" \/>\n<meta property=\"og:locale\" content=\"fr_FR\" \/>\n<meta property=\"og:type\" content=\"article\" \/>\n<meta property=\"og:title\" content=\"Pixel Art 69\" \/>\n<meta property=\"og:description\" content=\"Pixel Art 69 - Profitez de la simplicit\u00e9 de la peinture\" \/>\n<meta property=\"og:url\" content=\"https:\/\/www.iplay.com\/fr\/games\/pixel-art-69\/\" \/>\n<meta property=\"og:site_name\" content=\"IPlay\" \/>\n<meta property=\"article:modified_time\" content=\"2025-04-18T15:06:10+00:00\" \/>\n<meta property=\"og:image\" content=\"https:\/\/www.iplay.com\/wp-content\/uploads\/2024\/11\/pixel_art_69_large_square_tile_image-1.webp\" \/>\n\t<meta property=\"og:image:width\" content=\"400\" \/>\n\t<meta property=\"og:image:height\" content=\"400\" \/>\n\t<meta property=\"og:image:type\" content=\"image\/webp\" \/>\n<meta name=\"twitter:card\" content=\"summary_large_image\" \/>\n<meta name=\"twitter:label1\" content=\"Dur\u00e9e de lecture estim\u00e9e\" \/>\n\t<meta name=\"twitter:data1\" content=\"1 minute\" \/>\n<script type=\"application\/ld+json\" class=\"yoast-schema-graph\">{\"@context\":\"https:\/\/schema.org\",\"@graph\":[{\"@type\":\"WebPage\",\"@id\":\"https:\/\/www.iplay.com\/fr\/games\/pixel-art-69\/\",\"url\":\"https:\/\/www.iplay.com\/fr\/games\/pixel-art-69\/\",\"name\":\"Pixel Art 69 - Profitez de la simplicit\u00e9 de la peinture\",\"isPartOf\":{\"@id\":\"https:\/\/www.iplay.com\/en\/#website\"},\"primaryImageOfPage\":{\"@id\":\"https:\/\/www.iplay.com\/fr\/games\/pixel-art-69\/#primaryimage\"},\"image\":{\"@id\":\"https:\/\/www.iplay.com\/fr\/games\/pixel-art-69\/#primaryimage\"},\"thumbnailUrl\":\"https:\/\/www.iplay.com\/wp-content\/uploads\/2024\/11\/pixel_art_69_large_square_tile_image-1.webp\",\"datePublished\":\"2024-11-01T16:13:08+00:00\",\"dateModified\":\"2025-04-18T15:06:10+00:00\",\"description\":\"Pixel Art 69 - Profitez de la simplicit\u00e9 de la peinture\",\"breadcrumb\":{\"@id\":\"https:\/\/www.iplay.com\/fr\/games\/pixel-art-69\/#breadcrumb\"},\"inLanguage\":\"fr-FR\",\"potentialAction\":[{\"@type\":\"ReadAction\",\"target\":[\"https:\/\/www.iplay.com\/fr\/games\/pixel-art-69\/\"]}]},{\"@type\":\"ImageObject\",\"inLanguage\":\"fr-FR\",\"@id\":\"https:\/\/www.iplay.com\/fr\/games\/pixel-art-69\/#primaryimage\",\"url\":\"https:\/\/www.iplay.com\/wp-content\/uploads\/2024\/11\/pixel_art_69_large_square_tile_image-1.webp\",\"contentUrl\":\"https:\/\/www.iplay.com\/wp-content\/uploads\/2024\/11\/pixel_art_69_large_square_tile_image-1.webp\",\"width\":400,\"height\":400},{\"@type\":\"BreadcrumbList\",\"@id\":\"https:\/\/www.iplay.com\/fr\/games\/pixel-art-69\/#breadcrumb\",\"itemListElement\":[{\"@type\":\"ListItem\",\"position\":1,\"name\":\"Home\",\"item\":\"https:\/\/www.iplay.com\/fr\/home-page-2\/\"},{\"@type\":\"ListItem\",\"position\":2,\"name\":\"Shop\",\"item\":\"https:\/\/www.iplay.com\/en\/shop\/\"},{\"@type\":\"ListItem\",\"position\":3,\"name\":\"Pixel Art 69\"}]},{\"@type\":\"WebSite\",\"@id\":\"https:\/\/www.iplay.com\/en\/#website\",\"url\":\"https:\/\/www.iplay.com\/en\/\",\"name\":\"IPlay\",\"description\":\"The Best Casual Games!\",\"publisher\":{\"@id\":\"https:\/\/www.iplay.com\/en\/#organization\"},\"potentialAction\":[{\"@type\":\"SearchAction\",\"target\":{\"@type\":\"EntryPoint\",\"urlTemplate\":\"https:\/\/www.iplay.com\/en\/?s={search_term_string}\"},\"query-input\":{\"@type\":\"PropertyValueSpecification\",\"valueRequired\":true,\"valueName\":\"search_term_string\"}}],\"inLanguage\":\"fr-FR\"},{\"@type\":\"Organization\",\"@id\":\"https:\/\/www.iplay.com\/en\/#organization\",\"name\":\"IPlay\",\"url\":\"https:\/\/www.iplay.com\/en\/\",\"logo\":{\"@type\":\"ImageObject\",\"inLanguage\":\"fr-FR\",\"@id\":\"https:\/\/www.iplay.com\/en\/#\/schema\/logo\/image\/\",\"url\":\"https:\/\/www.iplay.com\/wp-content\/uploads\/2023\/11\/Group-6100.svg\",\"contentUrl\":\"https:\/\/www.iplay.com\/wp-content\/uploads\/2023\/11\/Group-6100.svg\",\"width\":98,\"height\":25,\"caption\":\"IPlay\"},\"image\":{\"@id\":\"https:\/\/www.iplay.com\/en\/#\/schema\/logo\/image\/\"}}]}<\/script>\n<!-- \/ Yoast SEO Premium plugin. -->","yoast_head_json":{"title":"Pixel Art 69 - Profitez de la simplicit\u00e9 de la peinture","description":"Pixel Art 69 - Profitez de la simplicit\u00e9 de la peinture","robots":{"index":"index","follow":"follow","max-snippet":"max-snippet:-1","max-image-preview":"max-image-preview:large","max-video-preview":"max-video-preview:-1"},"canonical":"https:\/\/www.iplay.com\/fr\/games\/pixel-art-69\/","og_locale":"fr_FR","og_type":"article","og_title":"Pixel Art 69","og_description":"Pixel Art 69 - Profitez de la simplicit\u00e9 de la peinture","og_url":"https:\/\/www.iplay.com\/fr\/games\/pixel-art-69\/","og_site_name":"IPlay","article_modified_time":"2025-04-18T15:06:10+00:00","og_image":[{"width":400,"height":400,"url":"https:\/\/www.iplay.com\/wp-content\/uploads\/2024\/11\/pixel_art_69_large_square_tile_image-1.webp","type":"image\/webp"}],"twitter_card":"summary_large_image","twitter_misc":{"Dur\u00e9e de lecture estim\u00e9e":"1 minute"},"schema":{"@context":"https:\/\/schema.org","@graph":[{"@type":"WebPage","@id":"https:\/\/www.iplay.com\/fr\/games\/pixel-art-69\/","url":"https:\/\/www.iplay.com\/fr\/games\/pixel-art-69\/","name":"Pixel Art 69 - Profitez de la simplicit\u00e9 de la peinture","isPartOf":{"@id":"https:\/\/www.iplay.com\/en\/#website"},"primaryImageOfPage":{"@id":"https:\/\/www.iplay.com\/fr\/games\/pixel-art-69\/#primaryimage"},"image":{"@id":"https:\/\/www.iplay.com\/fr\/games\/pixel-art-69\/#primaryimage"},"thumbnailUrl":"https:\/\/www.iplay.com\/wp-content\/uploads\/2024\/11\/pixel_art_69_large_square_tile_image-1.webp","datePublished":"2024-11-01T16:13:08+00:00","dateModified":"2025-04-18T15:06:10+00:00","description":"Pixel Art 69 - Profitez de la simplicit\u00e9 de la peinture","breadcrumb":{"@id":"https:\/\/www.iplay.com\/fr\/games\/pixel-art-69\/#breadcrumb"},"inLanguage":"fr-FR","potentialAction":[{"@type":"ReadAction","target":["https:\/\/www.iplay.com\/fr\/games\/pixel-art-69\/"]}]},{"@type":"ImageObject","inLanguage":"fr-FR","@id":"https:\/\/www.iplay.com\/fr\/games\/pixel-art-69\/#primaryimage","url":"https:\/\/www.iplay.com\/wp-content\/uploads\/2024\/11\/pixel_art_69_large_square_tile_image-1.webp","contentUrl":"https:\/\/www.iplay.com\/wp-content\/uploads\/2024\/11\/pixel_art_69_large_square_tile_image-1.webp","width":400,"height":400},{"@type":"BreadcrumbList","@id":"https:\/\/www.iplay.com\/fr\/games\/pixel-art-69\/#breadcrumb","itemListElement":[{"@type":"ListItem","position":1,"name":"Home","item":"https:\/\/www.iplay.com\/fr\/home-page-2\/"},{"@type":"ListItem","position":2,"name":"Shop","item":"https:\/\/www.iplay.com\/en\/shop\/"},{"@type":"ListItem","position":3,"name":"Pixel Art 69"}]},{"@type":"WebSite","@id":"https:\/\/www.iplay.com\/en\/#website","url":"https:\/\/www.iplay.com\/en\/","name":"IPlay","description":"The Best Casual Games!","publisher":{"@id":"https:\/\/www.iplay.com\/en\/#organization"},"potentialAction":[{"@type":"SearchAction","target":{"@type":"EntryPoint","urlTemplate":"https:\/\/www.iplay.com\/en\/?s={search_term_string}"},"query-input":{"@type":"PropertyValueSpecification","valueRequired":true,"valueName":"search_term_string"}}],"inLanguage":"fr-FR"},{"@type":"Organization","@id":"https:\/\/www.iplay.com\/en\/#organization","name":"IPlay","url":"https:\/\/www.iplay.com\/en\/","logo":{"@type":"ImageObject","inLanguage":"fr-FR","@id":"https:\/\/www.iplay.com\/en\/#\/schema\/logo\/image\/","url":"https:\/\/www.iplay.com\/wp-content\/uploads\/2023\/11\/Group-6100.svg","contentUrl":"https:\/\/www.iplay.com\/wp-content\/uploads\/2023\/11\/Group-6100.svg","width":98,"height":25,"caption":"IPlay"},"image":{"@id":"https:\/\/www.iplay.com\/en\/#\/schema\/logo\/image\/"}}]}},"_links":{"self":[{"href":"https:\/\/www.iplay.com\/fr\/wp-json\/wp\/v2\/product\/126758","targetHints":{"allow":["GET"]}}],"collection":[{"href":"https:\/\/www.iplay.com\/fr\/wp-json\/wp\/v2\/product"}],"about":[{"href":"https:\/\/www.iplay.com\/fr\/wp-json\/wp\/v2\/types\/product"}],"author":[{"embeddable":true,"href":"https:\/\/www.iplay.com\/fr\/wp-json\/wp\/v2\/users\/21"}],"replies":[{"embeddable":true,"href":"https:\/\/www.iplay.com\/fr\/wp-json\/wp\/v2\/comments?post=126758"}],"wp:featuredmedia":[{"embeddable":true,"href":"https:\/\/www.iplay.com\/fr\/wp-json\/wp\/v2\/media\/124436"}],"wp:attachment":[{"href":"https:\/\/www.iplay.com\/fr\/wp-json\/wp\/v2\/media?parent=126758"}],"wp:term":[{"taxonomy":"product_brand","embeddable":true,"href":"https:\/\/www.iplay.com\/fr\/wp-json\/wp\/v2\/product_brand?post=126758"},{"taxonomy":"product_cat","embeddable":true,"href":"https:\/\/www.iplay.com\/fr\/wp-json\/wp\/v2\/product_cat?post=126758"},{"taxonomy":"product_tag","embeddable":true,"href":"https:\/\/www.iplay.com\/fr\/wp-json\/wp\/v2\/product_tag?post=126758"}],"curies":[{"name":"wp","href":"https:\/\/api.w.org\/{rel}","templated":true}]}}