{"id":126755,"date":"2024-12-18T07:30:34","date_gmt":"2024-12-18T07:30:34","guid":{"rendered":"https:\/\/www.iplay.com\/games\/suddenly-meow-christmas\/"},"modified":"2024-12-18T07:30:34","modified_gmt":"2024-12-18T07:30:34","slug":"suddenly-meow-christmas","status":"publish","type":"product","link":"https:\/\/www.iplay.com\/fr\/games\/suddenly-meow-christmas\/","title":{"rendered":"Suddenly Meow Christmas"},"content":{"rendered":"<p>Une d\u00e9licieuse aventure de No\u00ebl prend vie avec Tim et Spooky. Tim a besoin d\u2019aide pendant qu\u2019il cherche ses collations de poisson congel\u00e9es, tandis que Spooky collectionne les bo\u00eetes-cadeaux de No\u00ebl. Les \u00e9nigmes de match-3 sont r\u00e9solues \u00e0 travers 90 niveaux festifs, guidant ces boules de poils espi\u00e8gles \u00e0 travers leurs escapades de vacances. Le salon de grand-m\u00e8re doit \u00e9galement \u00eatre sauv\u00e9 d\u2019une catastrophe f\u00e9line, tout en profitant d\u2019une histoire comique se d\u00e9roulant dans sa maison confortable. L\u2019esprit festif est adopt\u00e9 avec des mini-jeux suppl\u00e9mentaires comme des d\u00e9fis d\u2019objets cach\u00e9s et plus encore. Ce jeu unique promet une exp\u00e9rience de vacances joyeuse, parfaite pour les amateurs de puzzles et les amoureux des chats.     <\/p>\n<p>&nbsp;<\/p>\n<p><strong>Fonctionnalit\u00e9s<\/strong><\/p>\n<ul>\n<li><em>90 niveaux festifs de match-3<\/em> &#8211; Une vari\u00e9t\u00e9 d\u2019\u00e9nigmes sont compl\u00e9t\u00e9es pour progresser dans l\u2019histoire.<\/li>\n<li>Le <em>salon de grand-m\u00e8re doit \u00eatre prot\u00e9g\u00e9 &#8211; <\/em>Les m\u00e9faits sont g\u00e9r\u00e9s alors que la pi\u00e8ce est sauv\u00e9e du chaos ludique.<\/li>\n<li><em>Objets cach\u00e9s et autres mini-jeux &#8211; <\/em>Des activit\u00e9s suppl\u00e9mentaires ajoutent de la vari\u00e9t\u00e9 et du plaisir \u00e0 l\u2019aventure.<\/li>\n<li><em>Des \u00e9toiles sont gagn\u00e9es pour mettre en valeur l\u2019expertise &#8211; <\/em>Les succ\u00e8s sont r\u00e9compens\u00e9s pour un gameplay habile.<\/li>\n<li><em>Un conte de vacances comique &#8211; <\/em>Une histoire l\u00e9g\u00e8re ajoute du charme et des rires au voyage.<\/li>\n<\/ul>\n<p>&nbsp;<\/p>\n<p>Joignez-vous aux festivit\u00e9s avec Tim et Spooky pour une escapade m\u00e9morable remplie de rires, de d\u00e9fis et de moments r\u00e9confortants&nbsp;!<\/p>\n","protected":false},"excerpt":{"rendered":"<p>Un voyage festif avec Tim et Spooky dans<strong> Suddenly Meow Christmas<\/strong><\/p>\n","protected":false},"author":55,"featured_media":125668,"comment_status":"open","ping_status":"closed","template":"","meta":{"_acf_changed":false,"inline_featured_image":false},"product_brand":[],"product_cat":[177,193],"product_tag":[287],"class_list":{"0":"post-126755","1":"product","2":"type-product","3":"status-publish","4":"has-post-thumbnail","6":"product_cat-match-3-fr","7":"product_cat-puzzle-fr","8":"product_tag-play-on-pc-fr","10":"first","11":"instock","12":"shipping-taxable","13":"purchasable","14":"product-type-simple"},"acf":[],"yoast_head":"<!-- This site is optimized with the Yoast SEO Premium plugin v25.2 (Yoast SEO v25.2) - https:\/\/yoast.com\/wordpress\/plugins\/seo\/ -->\n<title>D\u00e9couvrez un nouveau jeu de match-3 dans Suddenly Meow Christmas !<\/title>\n<meta name=\"description\" content=\"Un voyage festif avec Tim et Spooky dans Suddenly Meow Christmas\" \/>\n<meta name=\"robots\" content=\"index, follow, max-snippet:-1, max-image-preview:large, max-video-preview:-1\" \/>\n<link rel=\"canonical\" href=\"https:\/\/www.iplay.com\/fr\/games\/suddenly-meow-christmas\/\" \/>\n<meta property=\"og:locale\" content=\"fr_FR\" \/>\n<meta property=\"og:type\" content=\"article\" \/>\n<meta property=\"og:title\" content=\"Suddenly Meow Christmas\" \/>\n<meta property=\"og:description\" content=\"Un voyage festif avec Tim et Spooky dans Suddenly Meow Christmas\" \/>\n<meta property=\"og:url\" content=\"https:\/\/www.iplay.com\/fr\/games\/suddenly-meow-christmas\/\" \/>\n<meta property=\"og:site_name\" content=\"IPlay\" \/>\n<meta property=\"og:image\" content=\"https:\/\/www.iplay.com\/wp-content\/uploads\/2024\/12\/suddenly_meow_christmas_large_square_tile_image.webp\" \/>\n\t<meta property=\"og:image:width\" content=\"400\" \/>\n\t<meta property=\"og:image:height\" content=\"400\" \/>\n\t<meta property=\"og:image:type\" content=\"image\/webp\" \/>\n<meta name=\"twitter:card\" content=\"summary_large_image\" \/>\n<meta name=\"twitter:label1\" content=\"Dur\u00e9e de lecture estim\u00e9e\" \/>\n\t<meta name=\"twitter:data1\" content=\"1 minute\" \/>\n<script type=\"application\/ld+json\" class=\"yoast-schema-graph\">{\"@context\":\"https:\/\/schema.org\",\"@graph\":[{\"@type\":\"WebPage\",\"@id\":\"https:\/\/www.iplay.com\/fr\/games\/suddenly-meow-christmas\/\",\"url\":\"https:\/\/www.iplay.com\/fr\/games\/suddenly-meow-christmas\/\",\"name\":\"D\u00e9couvrez un nouveau jeu de match-3 dans Suddenly Meow Christmas !\",\"isPartOf\":{\"@id\":\"https:\/\/www.iplay.com\/en\/#website\"},\"primaryImageOfPage\":{\"@id\":\"https:\/\/www.iplay.com\/fr\/games\/suddenly-meow-christmas\/#primaryimage\"},\"image\":{\"@id\":\"https:\/\/www.iplay.com\/fr\/games\/suddenly-meow-christmas\/#primaryimage\"},\"thumbnailUrl\":\"https:\/\/www.iplay.com\/wp-content\/uploads\/2024\/12\/suddenly_meow_christmas_large_square_tile_image.webp\",\"datePublished\":\"2024-12-18T07:30:34+00:00\",\"description\":\"Un voyage festif avec Tim et Spooky dans Suddenly Meow Christmas\",\"breadcrumb\":{\"@id\":\"https:\/\/www.iplay.com\/fr\/games\/suddenly-meow-christmas\/#breadcrumb\"},\"inLanguage\":\"fr-FR\",\"potentialAction\":[{\"@type\":\"ReadAction\",\"target\":[\"https:\/\/www.iplay.com\/fr\/games\/suddenly-meow-christmas\/\"]}]},{\"@type\":\"ImageObject\",\"inLanguage\":\"fr-FR\",\"@id\":\"https:\/\/www.iplay.com\/fr\/games\/suddenly-meow-christmas\/#primaryimage\",\"url\":\"https:\/\/www.iplay.com\/wp-content\/uploads\/2024\/12\/suddenly_meow_christmas_large_square_tile_image.webp\",\"contentUrl\":\"https:\/\/www.iplay.com\/wp-content\/uploads\/2024\/12\/suddenly_meow_christmas_large_square_tile_image.webp\",\"width\":400,\"height\":400},{\"@type\":\"BreadcrumbList\",\"@id\":\"https:\/\/www.iplay.com\/fr\/games\/suddenly-meow-christmas\/#breadcrumb\",\"itemListElement\":[{\"@type\":\"ListItem\",\"position\":1,\"name\":\"Home\",\"item\":\"https:\/\/www.iplay.com\/fr\/home-page-2\/\"},{\"@type\":\"ListItem\",\"position\":2,\"name\":\"Shop\",\"item\":\"https:\/\/www.iplay.com\/en\/shop\/\"},{\"@type\":\"ListItem\",\"position\":3,\"name\":\"Suddenly Meow Christmas\"}]},{\"@type\":\"WebSite\",\"@id\":\"https:\/\/www.iplay.com\/en\/#website\",\"url\":\"https:\/\/www.iplay.com\/en\/\",\"name\":\"IPlay\",\"description\":\"The Best Casual Games!\",\"publisher\":{\"@id\":\"https:\/\/www.iplay.com\/en\/#organization\"},\"potentialAction\":[{\"@type\":\"SearchAction\",\"target\":{\"@type\":\"EntryPoint\",\"urlTemplate\":\"https:\/\/www.iplay.com\/en\/?s={search_term_string}\"},\"query-input\":{\"@type\":\"PropertyValueSpecification\",\"valueRequired\":true,\"valueName\":\"search_term_string\"}}],\"inLanguage\":\"fr-FR\"},{\"@type\":\"Organization\",\"@id\":\"https:\/\/www.iplay.com\/en\/#organization\",\"name\":\"IPlay\",\"url\":\"https:\/\/www.iplay.com\/en\/\",\"logo\":{\"@type\":\"ImageObject\",\"inLanguage\":\"fr-FR\",\"@id\":\"https:\/\/www.iplay.com\/en\/#\/schema\/logo\/image\/\",\"url\":\"https:\/\/www.iplay.com\/wp-content\/uploads\/2023\/11\/Group-6100.svg\",\"contentUrl\":\"https:\/\/www.iplay.com\/wp-content\/uploads\/2023\/11\/Group-6100.svg\",\"width\":98,\"height\":25,\"caption\":\"IPlay\"},\"image\":{\"@id\":\"https:\/\/www.iplay.com\/en\/#\/schema\/logo\/image\/\"}}]}<\/script>\n<!-- \/ Yoast SEO Premium plugin. -->","yoast_head_json":{"title":"D\u00e9couvrez un nouveau jeu de match-3 dans Suddenly Meow Christmas !","description":"Un voyage festif avec Tim et Spooky dans Suddenly Meow Christmas","robots":{"index":"index","follow":"follow","max-snippet":"max-snippet:-1","max-image-preview":"max-image-preview:large","max-video-preview":"max-video-preview:-1"},"canonical":"https:\/\/www.iplay.com\/fr\/games\/suddenly-meow-christmas\/","og_locale":"fr_FR","og_type":"article","og_title":"Suddenly Meow Christmas","og_description":"Un voyage festif avec Tim et Spooky dans Suddenly Meow Christmas","og_url":"https:\/\/www.iplay.com\/fr\/games\/suddenly-meow-christmas\/","og_site_name":"IPlay","og_image":[{"width":400,"height":400,"url":"https:\/\/www.iplay.com\/wp-content\/uploads\/2024\/12\/suddenly_meow_christmas_large_square_tile_image.webp","type":"image\/webp"}],"twitter_card":"summary_large_image","twitter_misc":{"Dur\u00e9e de lecture estim\u00e9e":"1 minute"},"schema":{"@context":"https:\/\/schema.org","@graph":[{"@type":"WebPage","@id":"https:\/\/www.iplay.com\/fr\/games\/suddenly-meow-christmas\/","url":"https:\/\/www.iplay.com\/fr\/games\/suddenly-meow-christmas\/","name":"D\u00e9couvrez un nouveau jeu de match-3 dans Suddenly Meow Christmas !","isPartOf":{"@id":"https:\/\/www.iplay.com\/en\/#website"},"primaryImageOfPage":{"@id":"https:\/\/www.iplay.com\/fr\/games\/suddenly-meow-christmas\/#primaryimage"},"image":{"@id":"https:\/\/www.iplay.com\/fr\/games\/suddenly-meow-christmas\/#primaryimage"},"thumbnailUrl":"https:\/\/www.iplay.com\/wp-content\/uploads\/2024\/12\/suddenly_meow_christmas_large_square_tile_image.webp","datePublished":"2024-12-18T07:30:34+00:00","description":"Un voyage festif avec Tim et Spooky dans Suddenly Meow Christmas","breadcrumb":{"@id":"https:\/\/www.iplay.com\/fr\/games\/suddenly-meow-christmas\/#breadcrumb"},"inLanguage":"fr-FR","potentialAction":[{"@type":"ReadAction","target":["https:\/\/www.iplay.com\/fr\/games\/suddenly-meow-christmas\/"]}]},{"@type":"ImageObject","inLanguage":"fr-FR","@id":"https:\/\/www.iplay.com\/fr\/games\/suddenly-meow-christmas\/#primaryimage","url":"https:\/\/www.iplay.com\/wp-content\/uploads\/2024\/12\/suddenly_meow_christmas_large_square_tile_image.webp","contentUrl":"https:\/\/www.iplay.com\/wp-content\/uploads\/2024\/12\/suddenly_meow_christmas_large_square_tile_image.webp","width":400,"height":400},{"@type":"BreadcrumbList","@id":"https:\/\/www.iplay.com\/fr\/games\/suddenly-meow-christmas\/#breadcrumb","itemListElement":[{"@type":"ListItem","position":1,"name":"Home","item":"https:\/\/www.iplay.com\/fr\/home-page-2\/"},{"@type":"ListItem","position":2,"name":"Shop","item":"https:\/\/www.iplay.com\/en\/shop\/"},{"@type":"ListItem","position":3,"name":"Suddenly Meow Christmas"}]},{"@type":"WebSite","@id":"https:\/\/www.iplay.com\/en\/#website","url":"https:\/\/www.iplay.com\/en\/","name":"IPlay","description":"The Best Casual Games!","publisher":{"@id":"https:\/\/www.iplay.com\/en\/#organization"},"potentialAction":[{"@type":"SearchAction","target":{"@type":"EntryPoint","urlTemplate":"https:\/\/www.iplay.com\/en\/?s={search_term_string}"},"query-input":{"@type":"PropertyValueSpecification","valueRequired":true,"valueName":"search_term_string"}}],"inLanguage":"fr-FR"},{"@type":"Organization","@id":"https:\/\/www.iplay.com\/en\/#organization","name":"IPlay","url":"https:\/\/www.iplay.com\/en\/","logo":{"@type":"ImageObject","inLanguage":"fr-FR","@id":"https:\/\/www.iplay.com\/en\/#\/schema\/logo\/image\/","url":"https:\/\/www.iplay.com\/wp-content\/uploads\/2023\/11\/Group-6100.svg","contentUrl":"https:\/\/www.iplay.com\/wp-content\/uploads\/2023\/11\/Group-6100.svg","width":98,"height":25,"caption":"IPlay"},"image":{"@id":"https:\/\/www.iplay.com\/en\/#\/schema\/logo\/image\/"}}]}},"_links":{"self":[{"href":"https:\/\/www.iplay.com\/fr\/wp-json\/wp\/v2\/product\/126755","targetHints":{"allow":["GET"]}}],"collection":[{"href":"https:\/\/www.iplay.com\/fr\/wp-json\/wp\/v2\/product"}],"about":[{"href":"https:\/\/www.iplay.com\/fr\/wp-json\/wp\/v2\/types\/product"}],"author":[{"embeddable":true,"href":"https:\/\/www.iplay.com\/fr\/wp-json\/wp\/v2\/users\/55"}],"replies":[{"embeddable":true,"href":"https:\/\/www.iplay.com\/fr\/wp-json\/wp\/v2\/comments?post=126755"}],"wp:featuredmedia":[{"embeddable":true,"href":"https:\/\/www.iplay.com\/fr\/wp-json\/wp\/v2\/media\/125668"}],"wp:attachment":[{"href":"https:\/\/www.iplay.com\/fr\/wp-json\/wp\/v2\/media?parent=126755"}],"wp:term":[{"taxonomy":"product_brand","embeddable":true,"href":"https:\/\/www.iplay.com\/fr\/wp-json\/wp\/v2\/product_brand?post=126755"},{"taxonomy":"product_cat","embeddable":true,"href":"https:\/\/www.iplay.com\/fr\/wp-json\/wp\/v2\/product_cat?post=126755"},{"taxonomy":"product_tag","embeddable":true,"href":"https:\/\/www.iplay.com\/fr\/wp-json\/wp\/v2\/product_tag?post=126755"}],"curies":[{"name":"wp","href":"https:\/\/api.w.org\/{rel}","templated":true}]}}