{"id":126747,"date":"2024-11-29T10:00:49","date_gmt":"2024-11-29T10:00:49","guid":{"rendered":"https:\/\/www.iplay.com\/games\/roads-of-middle-ages-collectors-edition\/"},"modified":"2024-11-29T10:00:49","modified_gmt":"2024-11-29T10:00:49","slug":"roads-of-middle-ages-collectors-edition","status":"publish","type":"product","link":"https:\/\/www.iplay.com\/fr\/games\/roads-of-middle-ages-collectors-edition\/","title":{"rendered":"Roads of Middle Ages Collector&#8217;s Edition"},"content":{"rendered":"<p>Entrez dans une aventure m\u00e9di\u00e9vale l\u00e9gendaire avec <strong>Roads of Middle Ages Collector\u2019s Edition. <\/strong>Les fans de la c\u00e9l\u00e8bre s\u00e9rie <strong>Les Routes de Rome<\/strong> sont invit\u00e9s \u00e0 explorer un nouveau chapitre passionnant de la narration m\u00e9di\u00e9vale. <strong>Roads of Middle Ages Collector\u2019s Edition<\/strong> offre un spin-off captivant rempli d\u2019aventure, de strat\u00e9gie et d\u2019un sc\u00e9nario captivant. Situ\u00e9 \u00e0 une \u00e9poque de ch\u00e2teaux, de royaumes et de qu\u00eates p\u00e9rilleuses, ce jeu met les joueurs au d\u00e9fi de se mettre dans la peau d\u2019un jeune prince charg\u00e9 de sauver son royaume de la ruine. <\/p>\n<p>Un royaume en p\u00e9ril &#8211; La trag\u00e9die frappe lorsqu\u2019un sorcier rus\u00e9 pi\u00e8ge le roi bien-aim\u00e9, le laissant dans un coffret de verre enchant\u00e9. Alors que le danger plane sur le royaume et qu\u2019aucune solution imm\u00e9diate n\u2019est en vue, le poids du leadership repose sur le jeune prince. Pour r\u00e9tablir la paix et l\u2019ordre, il faut arr\u00eater le sorcier effront\u00e9, d\u00e9fendre le royaume et faire revivre le roi. Mais ce n\u2019est pas un voyage que le prince entreprendra seul. Il faut trouver des alli\u00e9s, relever des d\u00e9fis et \u00e9laborer des strat\u00e9gies. Le destin du royaume est entre vos mains : \u00eates-vous pr\u00eat \u00e0 accepter l\u2019appel de l\u2019aventure ?     <\/p>\n<p>&nbsp;<\/p>\n<p>Fonctionnalit\u00e9s<\/p>\n<ul>\n<li><em>40 niveaux vibrants<\/em> &#8211; Explorez une vari\u00e9t\u00e9 de paysages et de sc\u00e9narios m\u00e9di\u00e9vaux qui donnent vie \u00e0 cette p\u00e9riode.<\/li>\n<li><em>Gameplay am\u00e9lior\u00e9<\/em> &#8211; Les m\u00e9canismes classiques ont \u00e9t\u00e9 peaufin\u00e9s et am\u00e9lior\u00e9s pour une exp\u00e9rience encore plus fluide et plus engageante.<\/li>\n<li><em>Option en plusieurs clics<\/em> &#8211; Planifiez \u00e0 l\u2019avance et \u00e9laborez des strat\u00e9gies en mettant les t\u00e2ches en file d\u2019attente, ce qui rend le jeu efficace et gratifiant.<\/li>\n<li><em>Caches cach\u00e9es<\/em> &#8211; D\u00e9couvrez des tr\u00e9sors bien dissimul\u00e9s qui ajoutent une couche suppl\u00e9mentaire de d\u00e9fi et d\u2019excitation \u00e0 chaque niveau.<\/li>\n<li><em>Niveaux de difficult\u00e9<\/em> &#8211; Choisissez parmi quatre modes en fonction de votre niveau de comp\u00e9tence et de votre rythme pr\u00e9f\u00e9r\u00e9.<\/li>\n<\/ul>\n<p>&nbsp;<\/p>\n<p>Caract\u00e9ristiques de l\u2019\u00e9dition collector<\/p>\n<ul>\n<li><em>Huit niveaux suppl\u00e9mentaires &#8211; Profitez de<\/em> contenu bonus qui prolonge l\u2019aventure.<\/li>\n<li><em>Fonds d\u2019\u00e9cran \u00e9poustouflants<\/em> &#8211; Apportez la magie du jeu sur votre bureau avec des visuels de haute qualit\u00e9.<\/li>\n<li><em>Bande-son personnalis\u00e9e<\/em> &#8211; Plongez dans l\u2019atmosph\u00e8re m\u00e9di\u00e9vale avec un morceau exclusif.<\/li>\n<li><em>Cartes de cache secr\u00e8te<\/em> &#8211; Acc\u00e9dez \u00e0 des cartes d\u00e9taill\u00e9es qui vous guident vers des tr\u00e9sors cach\u00e9s dans chaque niveau.<\/li>\n<\/ul>\n<p>&nbsp;<\/p>\n<p>Que vous soyez un fan chevronn\u00e9 de Roads of Rome ou que vous d\u00e9couvriez la s\u00e9rie, <strong>l\u2019\u00e9dition collector de Roads of Middle Ages<\/strong> offre une exp\u00e9rience qui allie nostalgie et fra\u00eecheur. Avec son histoire captivante, ses fonctionnalit\u00e9s riches et son contenu bonus, ce n\u2019est pas seulement un jeu, c\u2019est une aventure m\u00e9di\u00e9vale qui promet des heures de plaisir. <\/p>\n<p>Votre qu\u00eate vous attend &#8211; <strong>Les Routes du Moyen \u00c2ge \u00c9dition Collector invite les<\/strong> joueurs \u00e0 embarquer dans un voyage rempli de dangers, de d\u00e9couvertes et de triomphes. Prenez les commandes, menez le prince \u00e0 la victoire et redonnez au royaume sa gloire d\u2019antan. <\/p>\n<p>&nbsp;<\/p>\n<p>&nbsp;<\/p>\n<p>&nbsp;<\/p>\n","protected":false},"excerpt":{"rendered":"<p>Entrez dans la peau d\u2019un h\u00e9ros et que le voyage commence avec <strong>Roads of Middle Ages Collector<\/strong> Edition<\/p>\n","protected":false},"author":79,"featured_media":125076,"comment_status":"open","ping_status":"closed","template":"","meta":{"_acf_changed":false,"inline_featured_image":false},"product_brand":[],"product_cat":[216],"product_tag":[287],"class_list":{"0":"post-126747","1":"product","2":"type-product","3":"status-publish","4":"has-post-thumbnail","6":"product_cat-time-management-fr","7":"product_tag-play-on-pc-fr","9":"first","10":"instock","11":"shipping-taxable","12":"purchasable","13":"product-type-simple"},"acf":[],"yoast_head":"<!-- This site is optimized with the Yoast SEO Premium plugin v25.2 (Yoast SEO v25.2) - https:\/\/yoast.com\/wordpress\/plugins\/seo\/ -->\n<title>Capturez un sorcier et sauvez le roi dans Roads of Middle Ages !<\/title>\n<meta name=\"description\" content=\"Entrez dans la peau d\u2019un h\u00e9ros et que le voyage commence avec Roads of Middle Ages Collector Edition\" \/>\n<meta name=\"robots\" content=\"index, follow, max-snippet:-1, max-image-preview:large, max-video-preview:-1\" \/>\n<link rel=\"canonical\" href=\"https:\/\/www.iplay.com\/fr\/games\/roads-of-middle-ages-collectors-edition\/\" \/>\n<meta property=\"og:locale\" content=\"fr_FR\" \/>\n<meta property=\"og:type\" content=\"article\" \/>\n<meta property=\"og:title\" content=\"Roads of Middle Ages Collector&#039;s Edition\" \/>\n<meta property=\"og:description\" content=\"Entrez dans la peau d\u2019un h\u00e9ros et que le voyage commence avec Roads of Middle Ages Collector Edition\" \/>\n<meta property=\"og:url\" content=\"https:\/\/www.iplay.com\/fr\/games\/roads-of-middle-ages-collectors-edition\/\" \/>\n<meta property=\"og:site_name\" content=\"IPlay\" \/>\n<meta property=\"og:image\" content=\"https:\/\/www.iplay.com\/wp-content\/uploads\/2024\/11\/roads_of_the_middle_ages_ce_large_square_tile_image.webp\" \/>\n\t<meta property=\"og:image:width\" content=\"400\" \/>\n\t<meta property=\"og:image:height\" content=\"400\" \/>\n\t<meta property=\"og:image:type\" content=\"image\/webp\" \/>\n<meta name=\"twitter:card\" content=\"summary_large_image\" \/>\n<meta name=\"twitter:label1\" content=\"Dur\u00e9e de lecture estim\u00e9e\" \/>\n\t<meta name=\"twitter:data1\" content=\"3 minutes\" \/>\n<script type=\"application\/ld+json\" class=\"yoast-schema-graph\">{\"@context\":\"https:\/\/schema.org\",\"@graph\":[{\"@type\":\"WebPage\",\"@id\":\"https:\/\/www.iplay.com\/fr\/games\/roads-of-middle-ages-collectors-edition\/\",\"url\":\"https:\/\/www.iplay.com\/fr\/games\/roads-of-middle-ages-collectors-edition\/\",\"name\":\"Capturez un sorcier et sauvez le roi dans Roads of Middle Ages !\",\"isPartOf\":{\"@id\":\"https:\/\/www.iplay.com\/en\/#website\"},\"primaryImageOfPage\":{\"@id\":\"https:\/\/www.iplay.com\/fr\/games\/roads-of-middle-ages-collectors-edition\/#primaryimage\"},\"image\":{\"@id\":\"https:\/\/www.iplay.com\/fr\/games\/roads-of-middle-ages-collectors-edition\/#primaryimage\"},\"thumbnailUrl\":\"https:\/\/www.iplay.com\/wp-content\/uploads\/2024\/11\/roads_of_the_middle_ages_ce_large_square_tile_image.webp\",\"datePublished\":\"2024-11-29T10:00:49+00:00\",\"description\":\"Entrez dans la peau d\u2019un h\u00e9ros et que le voyage commence avec Roads of Middle Ages Collector Edition\",\"breadcrumb\":{\"@id\":\"https:\/\/www.iplay.com\/fr\/games\/roads-of-middle-ages-collectors-edition\/#breadcrumb\"},\"inLanguage\":\"fr-FR\",\"potentialAction\":[{\"@type\":\"ReadAction\",\"target\":[\"https:\/\/www.iplay.com\/fr\/games\/roads-of-middle-ages-collectors-edition\/\"]}]},{\"@type\":\"ImageObject\",\"inLanguage\":\"fr-FR\",\"@id\":\"https:\/\/www.iplay.com\/fr\/games\/roads-of-middle-ages-collectors-edition\/#primaryimage\",\"url\":\"https:\/\/www.iplay.com\/wp-content\/uploads\/2024\/11\/roads_of_the_middle_ages_ce_large_square_tile_image.webp\",\"contentUrl\":\"https:\/\/www.iplay.com\/wp-content\/uploads\/2024\/11\/roads_of_the_middle_ages_ce_large_square_tile_image.webp\",\"width\":400,\"height\":400},{\"@type\":\"BreadcrumbList\",\"@id\":\"https:\/\/www.iplay.com\/fr\/games\/roads-of-middle-ages-collectors-edition\/#breadcrumb\",\"itemListElement\":[{\"@type\":\"ListItem\",\"position\":1,\"name\":\"Home\",\"item\":\"https:\/\/www.iplay.com\/fr\/home-page-2\/\"},{\"@type\":\"ListItem\",\"position\":2,\"name\":\"Shop\",\"item\":\"https:\/\/www.iplay.com\/en\/shop\/\"},{\"@type\":\"ListItem\",\"position\":3,\"name\":\"Roads of Middle Ages Collector&#8217;s Edition\"}]},{\"@type\":\"WebSite\",\"@id\":\"https:\/\/www.iplay.com\/en\/#website\",\"url\":\"https:\/\/www.iplay.com\/en\/\",\"name\":\"IPlay\",\"description\":\"The Best Casual Games!\",\"publisher\":{\"@id\":\"https:\/\/www.iplay.com\/en\/#organization\"},\"potentialAction\":[{\"@type\":\"SearchAction\",\"target\":{\"@type\":\"EntryPoint\",\"urlTemplate\":\"https:\/\/www.iplay.com\/en\/?s={search_term_string}\"},\"query-input\":{\"@type\":\"PropertyValueSpecification\",\"valueRequired\":true,\"valueName\":\"search_term_string\"}}],\"inLanguage\":\"fr-FR\"},{\"@type\":\"Organization\",\"@id\":\"https:\/\/www.iplay.com\/en\/#organization\",\"name\":\"IPlay\",\"url\":\"https:\/\/www.iplay.com\/en\/\",\"logo\":{\"@type\":\"ImageObject\",\"inLanguage\":\"fr-FR\",\"@id\":\"https:\/\/www.iplay.com\/en\/#\/schema\/logo\/image\/\",\"url\":\"https:\/\/www.iplay.com\/wp-content\/uploads\/2023\/11\/Group-6100.svg\",\"contentUrl\":\"https:\/\/www.iplay.com\/wp-content\/uploads\/2023\/11\/Group-6100.svg\",\"width\":98,\"height\":25,\"caption\":\"IPlay\"},\"image\":{\"@id\":\"https:\/\/www.iplay.com\/en\/#\/schema\/logo\/image\/\"}}]}<\/script>\n<!-- \/ Yoast SEO Premium plugin. -->","yoast_head_json":{"title":"Capturez un sorcier et sauvez le roi dans Roads of Middle Ages !","description":"Entrez dans la peau d\u2019un h\u00e9ros et que le voyage commence avec Roads of Middle Ages Collector Edition","robots":{"index":"index","follow":"follow","max-snippet":"max-snippet:-1","max-image-preview":"max-image-preview:large","max-video-preview":"max-video-preview:-1"},"canonical":"https:\/\/www.iplay.com\/fr\/games\/roads-of-middle-ages-collectors-edition\/","og_locale":"fr_FR","og_type":"article","og_title":"Roads of Middle Ages Collector's Edition","og_description":"Entrez dans la peau d\u2019un h\u00e9ros et que le voyage commence avec Roads of Middle Ages Collector Edition","og_url":"https:\/\/www.iplay.com\/fr\/games\/roads-of-middle-ages-collectors-edition\/","og_site_name":"IPlay","og_image":[{"width":400,"height":400,"url":"https:\/\/www.iplay.com\/wp-content\/uploads\/2024\/11\/roads_of_the_middle_ages_ce_large_square_tile_image.webp","type":"image\/webp"}],"twitter_card":"summary_large_image","twitter_misc":{"Dur\u00e9e de lecture estim\u00e9e":"3 minutes"},"schema":{"@context":"https:\/\/schema.org","@graph":[{"@type":"WebPage","@id":"https:\/\/www.iplay.com\/fr\/games\/roads-of-middle-ages-collectors-edition\/","url":"https:\/\/www.iplay.com\/fr\/games\/roads-of-middle-ages-collectors-edition\/","name":"Capturez un sorcier et sauvez le roi dans Roads of Middle Ages !","isPartOf":{"@id":"https:\/\/www.iplay.com\/en\/#website"},"primaryImageOfPage":{"@id":"https:\/\/www.iplay.com\/fr\/games\/roads-of-middle-ages-collectors-edition\/#primaryimage"},"image":{"@id":"https:\/\/www.iplay.com\/fr\/games\/roads-of-middle-ages-collectors-edition\/#primaryimage"},"thumbnailUrl":"https:\/\/www.iplay.com\/wp-content\/uploads\/2024\/11\/roads_of_the_middle_ages_ce_large_square_tile_image.webp","datePublished":"2024-11-29T10:00:49+00:00","description":"Entrez dans la peau d\u2019un h\u00e9ros et que le voyage commence avec Roads of Middle Ages Collector Edition","breadcrumb":{"@id":"https:\/\/www.iplay.com\/fr\/games\/roads-of-middle-ages-collectors-edition\/#breadcrumb"},"inLanguage":"fr-FR","potentialAction":[{"@type":"ReadAction","target":["https:\/\/www.iplay.com\/fr\/games\/roads-of-middle-ages-collectors-edition\/"]}]},{"@type":"ImageObject","inLanguage":"fr-FR","@id":"https:\/\/www.iplay.com\/fr\/games\/roads-of-middle-ages-collectors-edition\/#primaryimage","url":"https:\/\/www.iplay.com\/wp-content\/uploads\/2024\/11\/roads_of_the_middle_ages_ce_large_square_tile_image.webp","contentUrl":"https:\/\/www.iplay.com\/wp-content\/uploads\/2024\/11\/roads_of_the_middle_ages_ce_large_square_tile_image.webp","width":400,"height":400},{"@type":"BreadcrumbList","@id":"https:\/\/www.iplay.com\/fr\/games\/roads-of-middle-ages-collectors-edition\/#breadcrumb","itemListElement":[{"@type":"ListItem","position":1,"name":"Home","item":"https:\/\/www.iplay.com\/fr\/home-page-2\/"},{"@type":"ListItem","position":2,"name":"Shop","item":"https:\/\/www.iplay.com\/en\/shop\/"},{"@type":"ListItem","position":3,"name":"Roads of Middle Ages Collector&#8217;s Edition"}]},{"@type":"WebSite","@id":"https:\/\/www.iplay.com\/en\/#website","url":"https:\/\/www.iplay.com\/en\/","name":"IPlay","description":"The Best Casual Games!","publisher":{"@id":"https:\/\/www.iplay.com\/en\/#organization"},"potentialAction":[{"@type":"SearchAction","target":{"@type":"EntryPoint","urlTemplate":"https:\/\/www.iplay.com\/en\/?s={search_term_string}"},"query-input":{"@type":"PropertyValueSpecification","valueRequired":true,"valueName":"search_term_string"}}],"inLanguage":"fr-FR"},{"@type":"Organization","@id":"https:\/\/www.iplay.com\/en\/#organization","name":"IPlay","url":"https:\/\/www.iplay.com\/en\/","logo":{"@type":"ImageObject","inLanguage":"fr-FR","@id":"https:\/\/www.iplay.com\/en\/#\/schema\/logo\/image\/","url":"https:\/\/www.iplay.com\/wp-content\/uploads\/2023\/11\/Group-6100.svg","contentUrl":"https:\/\/www.iplay.com\/wp-content\/uploads\/2023\/11\/Group-6100.svg","width":98,"height":25,"caption":"IPlay"},"image":{"@id":"https:\/\/www.iplay.com\/en\/#\/schema\/logo\/image\/"}}]}},"_links":{"self":[{"href":"https:\/\/www.iplay.com\/fr\/wp-json\/wp\/v2\/product\/126747","targetHints":{"allow":["GET"]}}],"collection":[{"href":"https:\/\/www.iplay.com\/fr\/wp-json\/wp\/v2\/product"}],"about":[{"href":"https:\/\/www.iplay.com\/fr\/wp-json\/wp\/v2\/types\/product"}],"author":[{"embeddable":true,"href":"https:\/\/www.iplay.com\/fr\/wp-json\/wp\/v2\/users\/79"}],"replies":[{"embeddable":true,"href":"https:\/\/www.iplay.com\/fr\/wp-json\/wp\/v2\/comments?post=126747"}],"wp:featuredmedia":[{"embeddable":true,"href":"https:\/\/www.iplay.com\/fr\/wp-json\/wp\/v2\/media\/125076"}],"wp:attachment":[{"href":"https:\/\/www.iplay.com\/fr\/wp-json\/wp\/v2\/media?parent=126747"}],"wp:term":[{"taxonomy":"product_brand","embeddable":true,"href":"https:\/\/www.iplay.com\/fr\/wp-json\/wp\/v2\/product_brand?post=126747"},{"taxonomy":"product_cat","embeddable":true,"href":"https:\/\/www.iplay.com\/fr\/wp-json\/wp\/v2\/product_cat?post=126747"},{"taxonomy":"product_tag","embeddable":true,"href":"https:\/\/www.iplay.com\/fr\/wp-json\/wp\/v2\/product_tag?post=126747"}],"curies":[{"name":"wp","href":"https:\/\/api.w.org\/{rel}","templated":true}]}}