{"id":126727,"date":"2024-11-20T09:00:16","date_gmt":"2024-11-20T09:00:16","guid":{"rendered":"https:\/\/www.iplay.com\/games\/pop-art-14\/"},"modified":"2024-11-20T09:00:16","modified_gmt":"2024-11-20T09:00:16","slug":"pop-art-14","status":"publish","type":"product","link":"https:\/\/www.iplay.com\/fr\/games\/pop-art-14\/","title":{"rendered":"Pop Art 14"},"content":{"rendered":"<p>Une invitation \u00e0 explorer le monde vibrant de l\u2019art est lanc\u00e9e avec <strong>Pop Art 14<\/strong>, o\u00f9 la peinture se transforme en une activit\u00e9 joyeuse et sans stress. Les d\u00e9fis traditionnels de la s\u00e9lection des couleurs sont laiss\u00e9s de c\u00f4t\u00e9, ce qui permet de se concentrer sur la d\u00e9tente et la cr\u00e9ativit\u00e9. Cette exp\u00e9rience de peinture interactive est con\u00e7ue pour rendre l\u2019art \u00e0 la fois accessible et agr\u00e9able pour tout le monde, que vous soyez un artiste chevronn\u00e9 ou un d\u00e9butant complet.  <\/p>\n<p>Gr\u00e2ce \u00e0 un syst\u00e8me simple de correspondance des num\u00e9ros et des couleurs, chaque coup de pinceau donne vie aux images ravissantes. L\u2019accent est mis sur le plaisir et la cr\u00e9ativit\u00e9, offrant une fa\u00e7on rafra\u00eechissante de se d\u00e9tendre et de s\u2019exprimer. <\/p>\n<p><strong>Fonctionnalit\u00e9s<\/strong><\/p>\n<ul>\n<li><em>Cr\u00e9ation artistique sans effort :<\/em> La peinture a \u00e9t\u00e9 simplifi\u00e9e, ce qui rend plus facile que jamais la production de belles \u0153uvres d\u2019art.<\/li>\n<li><em>D\u00e9tente sans stress :<\/em> Le souci de choisir la palette de couleurs parfaite est \u00e9limin\u00e9 &#8211; il suffit de suivre les chiffres et d\u2019en profiter.<\/li>\n<li><em>S\u00e9lection d\u2019\u0153uvres d\u2019art vari\u00e9e :<\/em> Une collection captivante de 64 images \u00e9poustouflantes garantit qu\u2019il y en a pour tous les go\u00fbts.<\/li>\n<li><em>Un passe-temps th\u00e9rapeutique :<\/em> La peinture permet d\u2019\u00e9chapper au stress quotidien tout en offrant des heures de divertissement.<\/li>\n<li><em>Parfait pour tous les \u00e2ges :<\/em> Que l\u2019on soit jeune ou moins jeune, tout le monde peut vivre la magie de Pop Art 14.<\/li>\n<\/ul>\n<p>Que vous soyez \u00e0 la recherche d\u2019un passe-temps relaxant ou d\u2019un exutoire cr\u00e9atif, <strong>Pop Art 14<\/strong> offre une \u00e9vasion color\u00e9e parfaite pour toutes les humeurs. D\u00e9couvrez le plaisir de peindre comme jamais auparavant et transformez des toiles vierges en chefs-d\u2019\u0153uvre \u00e9clatants, tout en profitant d\u2019une activit\u00e9 vraiment unique et enrichissante. <\/p>\n<p>Plongez dans l\u2019univers de <strong>Pop Art 14<\/strong> et laissez libre cours \u00e0 votre cr\u00e9ativit\u00e9 !<\/p>\n","protected":false},"excerpt":{"rendered":"<p>Plongez dans l\u2019univers de <strong>Pop Art 14<\/strong> et laissez libre cours \u00e0 votre cr\u00e9ativit\u00e9 !<\/p>\n","protected":false},"author":21,"featured_media":124964,"comment_status":"open","ping_status":"closed","template":"","meta":{"_acf_changed":false,"inline_featured_image":false},"product_brand":[],"product_cat":[183],"product_tag":[287],"class_list":{"0":"post-126727","1":"product","2":"type-product","3":"status-publish","4":"has-post-thumbnail","6":"product_cat-paint-by-numbers-series-fr","7":"product_tag-play-on-pc-fr","9":"first","10":"instock","11":"shipping-taxable","12":"purchasable","13":"product-type-simple"},"acf":[],"yoast_head":"<!-- This site is optimized with the Yoast SEO Premium plugin v25.2 (Yoast SEO v25.2) - https:\/\/yoast.com\/wordpress\/plugins\/seo\/ -->\n<title>Amusez-vous \u00e0 peindre avec Pop Art 14 : la cr\u00e9ativit\u00e9 en toute simplicit\u00e9 !<\/title>\n<meta name=\"description\" content=\"Plongez dans l\u2019univers de Pop Art 14 et laissez libre cours \u00e0 votre cr\u00e9ativit\u00e9 !\" \/>\n<meta name=\"robots\" content=\"index, follow, max-snippet:-1, max-image-preview:large, max-video-preview:-1\" \/>\n<link rel=\"canonical\" href=\"https:\/\/www.iplay.com\/fr\/games\/pop-art-14\/\" \/>\n<meta property=\"og:locale\" content=\"fr_FR\" \/>\n<meta property=\"og:type\" content=\"article\" \/>\n<meta property=\"og:title\" content=\"Pop Art 14\" \/>\n<meta property=\"og:description\" content=\"Plongez dans l\u2019univers de Pop Art 14 et laissez libre cours \u00e0 votre cr\u00e9ativit\u00e9 !\" \/>\n<meta property=\"og:url\" content=\"https:\/\/www.iplay.com\/fr\/games\/pop-art-14\/\" \/>\n<meta property=\"og:site_name\" content=\"IPlay\" \/>\n<meta property=\"og:image\" content=\"https:\/\/www.iplay.com\/wp-content\/uploads\/2024\/11\/pop_art_14_large_video_screenshot.webp\" \/>\n\t<meta property=\"og:image:width\" content=\"715\" \/>\n\t<meta property=\"og:image:height\" content=\"485\" \/>\n\t<meta property=\"og:image:type\" content=\"image\/webp\" \/>\n<meta name=\"twitter:card\" content=\"summary_large_image\" \/>\n<meta name=\"twitter:label1\" content=\"Dur\u00e9e de lecture estim\u00e9e\" \/>\n\t<meta name=\"twitter:data1\" content=\"2 minutes\" \/>\n<script type=\"application\/ld+json\" class=\"yoast-schema-graph\">{\"@context\":\"https:\/\/schema.org\",\"@graph\":[{\"@type\":\"WebPage\",\"@id\":\"https:\/\/www.iplay.com\/fr\/games\/pop-art-14\/\",\"url\":\"https:\/\/www.iplay.com\/fr\/games\/pop-art-14\/\",\"name\":\"Amusez-vous \u00e0 peindre avec Pop Art 14 : la cr\u00e9ativit\u00e9 en toute simplicit\u00e9 !\",\"isPartOf\":{\"@id\":\"https:\/\/www.iplay.com\/en\/#website\"},\"primaryImageOfPage\":{\"@id\":\"https:\/\/www.iplay.com\/fr\/games\/pop-art-14\/#primaryimage\"},\"image\":{\"@id\":\"https:\/\/www.iplay.com\/fr\/games\/pop-art-14\/#primaryimage\"},\"thumbnailUrl\":\"https:\/\/www.iplay.com\/wp-content\/uploads\/2024\/11\/pop_art_14_large_video_screenshot.webp\",\"datePublished\":\"2024-11-20T09:00:16+00:00\",\"description\":\"Plongez dans l\u2019univers de Pop Art 14 et laissez libre cours \u00e0 votre cr\u00e9ativit\u00e9 !\",\"breadcrumb\":{\"@id\":\"https:\/\/www.iplay.com\/fr\/games\/pop-art-14\/#breadcrumb\"},\"inLanguage\":\"fr-FR\",\"potentialAction\":[{\"@type\":\"ReadAction\",\"target\":[\"https:\/\/www.iplay.com\/fr\/games\/pop-art-14\/\"]}]},{\"@type\":\"ImageObject\",\"inLanguage\":\"fr-FR\",\"@id\":\"https:\/\/www.iplay.com\/fr\/games\/pop-art-14\/#primaryimage\",\"url\":\"https:\/\/www.iplay.com\/wp-content\/uploads\/2024\/11\/pop_art_14_large_video_screenshot.webp\",\"contentUrl\":\"https:\/\/www.iplay.com\/wp-content\/uploads\/2024\/11\/pop_art_14_large_video_screenshot.webp\",\"width\":715,\"height\":485},{\"@type\":\"BreadcrumbList\",\"@id\":\"https:\/\/www.iplay.com\/fr\/games\/pop-art-14\/#breadcrumb\",\"itemListElement\":[{\"@type\":\"ListItem\",\"position\":1,\"name\":\"Home\",\"item\":\"https:\/\/www.iplay.com\/fr\/home-page-2\/\"},{\"@type\":\"ListItem\",\"position\":2,\"name\":\"Shop\",\"item\":\"https:\/\/www.iplay.com\/en\/shop\/\"},{\"@type\":\"ListItem\",\"position\":3,\"name\":\"Pop Art 14\"}]},{\"@type\":\"WebSite\",\"@id\":\"https:\/\/www.iplay.com\/en\/#website\",\"url\":\"https:\/\/www.iplay.com\/en\/\",\"name\":\"IPlay\",\"description\":\"The Best Casual Games!\",\"publisher\":{\"@id\":\"https:\/\/www.iplay.com\/en\/#organization\"},\"potentialAction\":[{\"@type\":\"SearchAction\",\"target\":{\"@type\":\"EntryPoint\",\"urlTemplate\":\"https:\/\/www.iplay.com\/en\/?s={search_term_string}\"},\"query-input\":{\"@type\":\"PropertyValueSpecification\",\"valueRequired\":true,\"valueName\":\"search_term_string\"}}],\"inLanguage\":\"fr-FR\"},{\"@type\":\"Organization\",\"@id\":\"https:\/\/www.iplay.com\/en\/#organization\",\"name\":\"IPlay\",\"url\":\"https:\/\/www.iplay.com\/en\/\",\"logo\":{\"@type\":\"ImageObject\",\"inLanguage\":\"fr-FR\",\"@id\":\"https:\/\/www.iplay.com\/en\/#\/schema\/logo\/image\/\",\"url\":\"https:\/\/www.iplay.com\/wp-content\/uploads\/2023\/11\/Group-6100.svg\",\"contentUrl\":\"https:\/\/www.iplay.com\/wp-content\/uploads\/2023\/11\/Group-6100.svg\",\"width\":98,\"height\":25,\"caption\":\"IPlay\"},\"image\":{\"@id\":\"https:\/\/www.iplay.com\/en\/#\/schema\/logo\/image\/\"}}]}<\/script>\n<!-- \/ Yoast SEO Premium plugin. -->","yoast_head_json":{"title":"Amusez-vous \u00e0 peindre avec Pop Art 14 : la cr\u00e9ativit\u00e9 en toute simplicit\u00e9 !","description":"Plongez dans l\u2019univers de Pop Art 14 et laissez libre cours \u00e0 votre cr\u00e9ativit\u00e9 !","robots":{"index":"index","follow":"follow","max-snippet":"max-snippet:-1","max-image-preview":"max-image-preview:large","max-video-preview":"max-video-preview:-1"},"canonical":"https:\/\/www.iplay.com\/fr\/games\/pop-art-14\/","og_locale":"fr_FR","og_type":"article","og_title":"Pop Art 14","og_description":"Plongez dans l\u2019univers de Pop Art 14 et laissez libre cours \u00e0 votre cr\u00e9ativit\u00e9 !","og_url":"https:\/\/www.iplay.com\/fr\/games\/pop-art-14\/","og_site_name":"IPlay","og_image":[{"width":715,"height":485,"url":"https:\/\/www.iplay.com\/wp-content\/uploads\/2024\/11\/pop_art_14_large_video_screenshot.webp","type":"image\/webp"}],"twitter_card":"summary_large_image","twitter_misc":{"Dur\u00e9e de lecture estim\u00e9e":"2 minutes"},"schema":{"@context":"https:\/\/schema.org","@graph":[{"@type":"WebPage","@id":"https:\/\/www.iplay.com\/fr\/games\/pop-art-14\/","url":"https:\/\/www.iplay.com\/fr\/games\/pop-art-14\/","name":"Amusez-vous \u00e0 peindre avec Pop Art 14 : la cr\u00e9ativit\u00e9 en toute simplicit\u00e9 !","isPartOf":{"@id":"https:\/\/www.iplay.com\/en\/#website"},"primaryImageOfPage":{"@id":"https:\/\/www.iplay.com\/fr\/games\/pop-art-14\/#primaryimage"},"image":{"@id":"https:\/\/www.iplay.com\/fr\/games\/pop-art-14\/#primaryimage"},"thumbnailUrl":"https:\/\/www.iplay.com\/wp-content\/uploads\/2024\/11\/pop_art_14_large_video_screenshot.webp","datePublished":"2024-11-20T09:00:16+00:00","description":"Plongez dans l\u2019univers de Pop Art 14 et laissez libre cours \u00e0 votre cr\u00e9ativit\u00e9 !","breadcrumb":{"@id":"https:\/\/www.iplay.com\/fr\/games\/pop-art-14\/#breadcrumb"},"inLanguage":"fr-FR","potentialAction":[{"@type":"ReadAction","target":["https:\/\/www.iplay.com\/fr\/games\/pop-art-14\/"]}]},{"@type":"ImageObject","inLanguage":"fr-FR","@id":"https:\/\/www.iplay.com\/fr\/games\/pop-art-14\/#primaryimage","url":"https:\/\/www.iplay.com\/wp-content\/uploads\/2024\/11\/pop_art_14_large_video_screenshot.webp","contentUrl":"https:\/\/www.iplay.com\/wp-content\/uploads\/2024\/11\/pop_art_14_large_video_screenshot.webp","width":715,"height":485},{"@type":"BreadcrumbList","@id":"https:\/\/www.iplay.com\/fr\/games\/pop-art-14\/#breadcrumb","itemListElement":[{"@type":"ListItem","position":1,"name":"Home","item":"https:\/\/www.iplay.com\/fr\/home-page-2\/"},{"@type":"ListItem","position":2,"name":"Shop","item":"https:\/\/www.iplay.com\/en\/shop\/"},{"@type":"ListItem","position":3,"name":"Pop Art 14"}]},{"@type":"WebSite","@id":"https:\/\/www.iplay.com\/en\/#website","url":"https:\/\/www.iplay.com\/en\/","name":"IPlay","description":"The Best Casual Games!","publisher":{"@id":"https:\/\/www.iplay.com\/en\/#organization"},"potentialAction":[{"@type":"SearchAction","target":{"@type":"EntryPoint","urlTemplate":"https:\/\/www.iplay.com\/en\/?s={search_term_string}"},"query-input":{"@type":"PropertyValueSpecification","valueRequired":true,"valueName":"search_term_string"}}],"inLanguage":"fr-FR"},{"@type":"Organization","@id":"https:\/\/www.iplay.com\/en\/#organization","name":"IPlay","url":"https:\/\/www.iplay.com\/en\/","logo":{"@type":"ImageObject","inLanguage":"fr-FR","@id":"https:\/\/www.iplay.com\/en\/#\/schema\/logo\/image\/","url":"https:\/\/www.iplay.com\/wp-content\/uploads\/2023\/11\/Group-6100.svg","contentUrl":"https:\/\/www.iplay.com\/wp-content\/uploads\/2023\/11\/Group-6100.svg","width":98,"height":25,"caption":"IPlay"},"image":{"@id":"https:\/\/www.iplay.com\/en\/#\/schema\/logo\/image\/"}}]}},"_links":{"self":[{"href":"https:\/\/www.iplay.com\/fr\/wp-json\/wp\/v2\/product\/126727","targetHints":{"allow":["GET"]}}],"collection":[{"href":"https:\/\/www.iplay.com\/fr\/wp-json\/wp\/v2\/product"}],"about":[{"href":"https:\/\/www.iplay.com\/fr\/wp-json\/wp\/v2\/types\/product"}],"author":[{"embeddable":true,"href":"https:\/\/www.iplay.com\/fr\/wp-json\/wp\/v2\/users\/21"}],"replies":[{"embeddable":true,"href":"https:\/\/www.iplay.com\/fr\/wp-json\/wp\/v2\/comments?post=126727"}],"wp:featuredmedia":[{"embeddable":true,"href":"https:\/\/www.iplay.com\/fr\/wp-json\/wp\/v2\/media\/124964"}],"wp:attachment":[{"href":"https:\/\/www.iplay.com\/fr\/wp-json\/wp\/v2\/media?parent=126727"}],"wp:term":[{"taxonomy":"product_brand","embeddable":true,"href":"https:\/\/www.iplay.com\/fr\/wp-json\/wp\/v2\/product_brand?post=126727"},{"taxonomy":"product_cat","embeddable":true,"href":"https:\/\/www.iplay.com\/fr\/wp-json\/wp\/v2\/product_cat?post=126727"},{"taxonomy":"product_tag","embeddable":true,"href":"https:\/\/www.iplay.com\/fr\/wp-json\/wp\/v2\/product_tag?post=126727"}],"curies":[{"name":"wp","href":"https:\/\/api.w.org\/{rel}","templated":true}]}}