{"id":126672,"date":"2024-03-01T02:00:52","date_gmt":"2024-03-01T02:00:52","guid":{"rendered":"https:\/\/www.iplay.com\/games\/jewel-match-aquascapes-2-collectors-edition\/"},"modified":"2025-03-20T17:49:48","modified_gmt":"2025-03-20T17:49:48","slug":"jewel-match-aquascapes-2-collectors-edition","status":"publish","type":"product","link":"https:\/\/www.iplay.com\/fr\/games\/jewel-match-aquascapes-2-collectors-edition\/","title":{"rendered":"Jewel Match Aquascapes 2 Collector&#8217;s Edition"},"content":{"rendered":"<p>Embarquez pour une aventure Match-3 captivante dans un monde sous la surface o\u00f9 le banal est emport\u00e9 ! Dans ce royaume sous-marin captivant, une myriade de puzzles de Match-3 difficiles attendent d\u2019\u00eatre d\u00e9couverts, vous guidant \u00e0 travers des jardins de corail vibrants et des vues sous-marines \u00e0 couper le souffle. <\/p>\n<p>Au fur et \u00e0 mesure que vous creusez plus profond\u00e9ment, rassemblez des pierres pr\u00e9cieuses scintillantes pour revitaliser un magnifique domaine sous-marin, en insufflant la vie \u00e0 sa splendeur. Explorez les profondeurs fascinantes o\u00f9 des ressources essentielles vous attendent, accompagn\u00e9es d\u2019\u00e9nigmes difficiles, de sc\u00e8nes intrigantes et de puzzles complexes. \u00c9quipez-vous d\u2019une gamme de formidables bonus de la boutique pour vous aider dans votre voyage \u00e0 travers l\u2019oc\u00e9an sans limites.  <\/p>\n<p>Plongez dans un \u00e9ventail de fonctionnalit\u00e9s de jeu innovantes, notamment des sous-marins, des murs robustes, des tapis roulants en mouvement, des pieuvres astucieuses, et bien plus encore ! Plongez dans les m\u00e9lodies apaisantes d\u2019une charmante musique de fond tout en naviguant dans un large \u00e9ventail de d\u00e9fis de Match-3. Jewel Match Aquascapes 2 vous appelle, o\u00f9 la tranquillit\u00e9 s\u2019entrem\u00eale \u00e0 des \u00e9nigmes palpitantes, vous invitant \u00e0 une odyss\u00e9e aquatique !<\/p>\n<p>&nbsp;<\/p>\n<p><strong>Fonctionnalit\u00e9s<\/strong><\/p>\n<p>&nbsp;<\/p>\n<p>&#8211; Deux cents niveaux expansifs \u00e0 explorer !<br \/>\n&#8211; D\u00e9bloquez soixante niveaux bonus suppl\u00e9mentaires et d\u00e9couvrez de nouveaux \u00e9l\u00e9ments de jeu !<br \/>\n&#8211; Choisissez parmi trois modes de jeu distincts : mouvements restreints, d\u00e9tendu et chronom\u00e9tr\u00e9 !<br \/>\n&#8211; Personnalisez votre exp\u00e9rience avec trois options de difficult\u00e9 : standard, avanc\u00e9 et fou.<br \/>\n&#8211; Am\u00e9liorez votre jeu avec une vari\u00e9t\u00e9 de boosts et d\u2019am\u00e9liorations puissants disponibles dans la boutique du jeu.<br \/>\n&#8211; Profitez de mini-jeux rejouables, y compris des s\u00e9quences intrigantes o\u00f9 l\u2019on trouve la diff\u00e9rence et des puzzles.<\/p>\n","protected":false},"excerpt":{"rendered":"<p>Plongez dans un monde souterrain captivant o\u00f9 l\u2019ordinaire s\u2019estompe avec Jewel Match Aquascapes 2 \u00c9dition Collector<\/p>\n","protected":false},"author":20,"featured_media":124564,"comment_status":"open","ping_status":"closed","template":"","meta":{"_acf_changed":false,"inline_featured_image":false},"product_brand":[],"product_cat":[177],"product_tag":[287],"class_list":{"0":"post-126672","1":"product","2":"type-product","3":"status-publish","4":"has-post-thumbnail","6":"product_cat-match-3-fr","7":"product_tag-play-on-pc-fr","9":"first","10":"instock","11":"shipping-taxable","12":"purchasable","13":"product-type-simple"},"acf":[],"yoast_head":"<!-- This site is optimized with the Yoast SEO Premium plugin v25.2 (Yoast SEO v25.2) - https:\/\/yoast.com\/wordpress\/plugins\/seo\/ -->\n<title>Jewel Match Aquascapes 2 \u00c9dition Collector - Plongez dans un monde souterrain captivant o\u00f9 l\u2019ordinaire s\u2019estompe<\/title>\n<meta name=\"description\" content=\"Plongez dans un monde souterrain captivant o\u00f9 l\u2019ordinaire s\u2019estompe avec Jewel Match Aquascapes 2 \u00c9dition Collector\" \/>\n<meta name=\"robots\" content=\"index, follow, max-snippet:-1, max-image-preview:large, max-video-preview:-1\" \/>\n<link rel=\"canonical\" href=\"https:\/\/www.iplay.com\/fr\/games\/jewel-match-aquascapes-2-collectors-edition\/\" \/>\n<meta property=\"og:locale\" content=\"fr_FR\" \/>\n<meta property=\"og:type\" content=\"article\" \/>\n<meta property=\"og:title\" content=\"Jewel Match Aquascapes 2 Collector&#039;s Edition\" \/>\n<meta property=\"og:description\" content=\"Plongez dans un monde souterrain captivant o\u00f9 l\u2019ordinaire s\u2019estompe avec Jewel Match Aquascapes 2 \u00c9dition Collector\" \/>\n<meta property=\"og:url\" content=\"https:\/\/www.iplay.com\/fr\/games\/jewel-match-aquascapes-2-collectors-edition\/\" \/>\n<meta property=\"og:site_name\" content=\"IPlay\" \/>\n<meta property=\"article:modified_time\" content=\"2025-03-20T17:49:48+00:00\" \/>\n<meta property=\"og:image\" content=\"https:\/\/www.iplay.com\/wp-content\/uploads\/2024\/03\/400x400-jewel_match_aquascapes_2_ce_large_square_tile_image.webp\" \/>\n\t<meta property=\"og:image:width\" content=\"400\" \/>\n\t<meta property=\"og:image:height\" content=\"400\" \/>\n\t<meta property=\"og:image:type\" content=\"image\/webp\" \/>\n<meta name=\"twitter:card\" content=\"summary_large_image\" \/>\n<meta name=\"twitter:label1\" content=\"Dur\u00e9e de lecture estim\u00e9e\" \/>\n\t<meta name=\"twitter:data1\" content=\"1 minute\" \/>\n<script type=\"application\/ld+json\" class=\"yoast-schema-graph\">{\"@context\":\"https:\/\/schema.org\",\"@graph\":[{\"@type\":\"WebPage\",\"@id\":\"https:\/\/www.iplay.com\/fr\/games\/jewel-match-aquascapes-2-collectors-edition\/\",\"url\":\"https:\/\/www.iplay.com\/fr\/games\/jewel-match-aquascapes-2-collectors-edition\/\",\"name\":\"Jewel Match Aquascapes 2 \u00c9dition Collector - Plongez dans un monde souterrain captivant o\u00f9 l\u2019ordinaire s\u2019estompe\",\"isPartOf\":{\"@id\":\"https:\/\/www.iplay.com\/en\/#website\"},\"primaryImageOfPage\":{\"@id\":\"https:\/\/www.iplay.com\/fr\/games\/jewel-match-aquascapes-2-collectors-edition\/#primaryimage\"},\"image\":{\"@id\":\"https:\/\/www.iplay.com\/fr\/games\/jewel-match-aquascapes-2-collectors-edition\/#primaryimage\"},\"thumbnailUrl\":\"https:\/\/www.iplay.com\/wp-content\/uploads\/2024\/03\/400x400-jewel_match_aquascapes_2_ce_large_square_tile_image.webp\",\"datePublished\":\"2024-03-01T02:00:52+00:00\",\"dateModified\":\"2025-03-20T17:49:48+00:00\",\"description\":\"Plongez dans un monde souterrain captivant o\u00f9 l\u2019ordinaire s\u2019estompe avec Jewel Match Aquascapes 2 \u00c9dition Collector\",\"breadcrumb\":{\"@id\":\"https:\/\/www.iplay.com\/fr\/games\/jewel-match-aquascapes-2-collectors-edition\/#breadcrumb\"},\"inLanguage\":\"fr-FR\",\"potentialAction\":[{\"@type\":\"ReadAction\",\"target\":[\"https:\/\/www.iplay.com\/fr\/games\/jewel-match-aquascapes-2-collectors-edition\/\"]}]},{\"@type\":\"ImageObject\",\"inLanguage\":\"fr-FR\",\"@id\":\"https:\/\/www.iplay.com\/fr\/games\/jewel-match-aquascapes-2-collectors-edition\/#primaryimage\",\"url\":\"https:\/\/www.iplay.com\/wp-content\/uploads\/2024\/03\/400x400-jewel_match_aquascapes_2_ce_large_square_tile_image.webp\",\"contentUrl\":\"https:\/\/www.iplay.com\/wp-content\/uploads\/2024\/03\/400x400-jewel_match_aquascapes_2_ce_large_square_tile_image.webp\",\"width\":400,\"height\":400},{\"@type\":\"BreadcrumbList\",\"@id\":\"https:\/\/www.iplay.com\/fr\/games\/jewel-match-aquascapes-2-collectors-edition\/#breadcrumb\",\"itemListElement\":[{\"@type\":\"ListItem\",\"position\":1,\"name\":\"Home\",\"item\":\"https:\/\/www.iplay.com\/fr\/home-page-2\/\"},{\"@type\":\"ListItem\",\"position\":2,\"name\":\"Shop\",\"item\":\"https:\/\/www.iplay.com\/en\/shop\/\"},{\"@type\":\"ListItem\",\"position\":3,\"name\":\"Jewel Match Aquascapes 2 Collector&#8217;s Edition\"}]},{\"@type\":\"WebSite\",\"@id\":\"https:\/\/www.iplay.com\/en\/#website\",\"url\":\"https:\/\/www.iplay.com\/en\/\",\"name\":\"IPlay\",\"description\":\"The Best Casual Games!\",\"publisher\":{\"@id\":\"https:\/\/www.iplay.com\/en\/#organization\"},\"potentialAction\":[{\"@type\":\"SearchAction\",\"target\":{\"@type\":\"EntryPoint\",\"urlTemplate\":\"https:\/\/www.iplay.com\/en\/?s={search_term_string}\"},\"query-input\":{\"@type\":\"PropertyValueSpecification\",\"valueRequired\":true,\"valueName\":\"search_term_string\"}}],\"inLanguage\":\"fr-FR\"},{\"@type\":\"Organization\",\"@id\":\"https:\/\/www.iplay.com\/en\/#organization\",\"name\":\"IPlay\",\"url\":\"https:\/\/www.iplay.com\/en\/\",\"logo\":{\"@type\":\"ImageObject\",\"inLanguage\":\"fr-FR\",\"@id\":\"https:\/\/www.iplay.com\/en\/#\/schema\/logo\/image\/\",\"url\":\"https:\/\/www.iplay.com\/wp-content\/uploads\/2023\/11\/Group-6100.svg\",\"contentUrl\":\"https:\/\/www.iplay.com\/wp-content\/uploads\/2023\/11\/Group-6100.svg\",\"width\":98,\"height\":25,\"caption\":\"IPlay\"},\"image\":{\"@id\":\"https:\/\/www.iplay.com\/en\/#\/schema\/logo\/image\/\"}}]}<\/script>\n<!-- \/ Yoast SEO Premium plugin. -->","yoast_head_json":{"title":"Jewel Match Aquascapes 2 \u00c9dition Collector - Plongez dans un monde souterrain captivant o\u00f9 l\u2019ordinaire s\u2019estompe","description":"Plongez dans un monde souterrain captivant o\u00f9 l\u2019ordinaire s\u2019estompe avec Jewel Match Aquascapes 2 \u00c9dition Collector","robots":{"index":"index","follow":"follow","max-snippet":"max-snippet:-1","max-image-preview":"max-image-preview:large","max-video-preview":"max-video-preview:-1"},"canonical":"https:\/\/www.iplay.com\/fr\/games\/jewel-match-aquascapes-2-collectors-edition\/","og_locale":"fr_FR","og_type":"article","og_title":"Jewel Match Aquascapes 2 Collector's Edition","og_description":"Plongez dans un monde souterrain captivant o\u00f9 l\u2019ordinaire s\u2019estompe avec Jewel Match Aquascapes 2 \u00c9dition Collector","og_url":"https:\/\/www.iplay.com\/fr\/games\/jewel-match-aquascapes-2-collectors-edition\/","og_site_name":"IPlay","article_modified_time":"2025-03-20T17:49:48+00:00","og_image":[{"width":400,"height":400,"url":"https:\/\/www.iplay.com\/wp-content\/uploads\/2024\/03\/400x400-jewel_match_aquascapes_2_ce_large_square_tile_image.webp","type":"image\/webp"}],"twitter_card":"summary_large_image","twitter_misc":{"Dur\u00e9e de lecture estim\u00e9e":"1 minute"},"schema":{"@context":"https:\/\/schema.org","@graph":[{"@type":"WebPage","@id":"https:\/\/www.iplay.com\/fr\/games\/jewel-match-aquascapes-2-collectors-edition\/","url":"https:\/\/www.iplay.com\/fr\/games\/jewel-match-aquascapes-2-collectors-edition\/","name":"Jewel Match Aquascapes 2 \u00c9dition Collector - Plongez dans un monde souterrain captivant o\u00f9 l\u2019ordinaire s\u2019estompe","isPartOf":{"@id":"https:\/\/www.iplay.com\/en\/#website"},"primaryImageOfPage":{"@id":"https:\/\/www.iplay.com\/fr\/games\/jewel-match-aquascapes-2-collectors-edition\/#primaryimage"},"image":{"@id":"https:\/\/www.iplay.com\/fr\/games\/jewel-match-aquascapes-2-collectors-edition\/#primaryimage"},"thumbnailUrl":"https:\/\/www.iplay.com\/wp-content\/uploads\/2024\/03\/400x400-jewel_match_aquascapes_2_ce_large_square_tile_image.webp","datePublished":"2024-03-01T02:00:52+00:00","dateModified":"2025-03-20T17:49:48+00:00","description":"Plongez dans un monde souterrain captivant o\u00f9 l\u2019ordinaire s\u2019estompe avec Jewel Match Aquascapes 2 \u00c9dition Collector","breadcrumb":{"@id":"https:\/\/www.iplay.com\/fr\/games\/jewel-match-aquascapes-2-collectors-edition\/#breadcrumb"},"inLanguage":"fr-FR","potentialAction":[{"@type":"ReadAction","target":["https:\/\/www.iplay.com\/fr\/games\/jewel-match-aquascapes-2-collectors-edition\/"]}]},{"@type":"ImageObject","inLanguage":"fr-FR","@id":"https:\/\/www.iplay.com\/fr\/games\/jewel-match-aquascapes-2-collectors-edition\/#primaryimage","url":"https:\/\/www.iplay.com\/wp-content\/uploads\/2024\/03\/400x400-jewel_match_aquascapes_2_ce_large_square_tile_image.webp","contentUrl":"https:\/\/www.iplay.com\/wp-content\/uploads\/2024\/03\/400x400-jewel_match_aquascapes_2_ce_large_square_tile_image.webp","width":400,"height":400},{"@type":"BreadcrumbList","@id":"https:\/\/www.iplay.com\/fr\/games\/jewel-match-aquascapes-2-collectors-edition\/#breadcrumb","itemListElement":[{"@type":"ListItem","position":1,"name":"Home","item":"https:\/\/www.iplay.com\/fr\/home-page-2\/"},{"@type":"ListItem","position":2,"name":"Shop","item":"https:\/\/www.iplay.com\/en\/shop\/"},{"@type":"ListItem","position":3,"name":"Jewel Match Aquascapes 2 Collector&#8217;s Edition"}]},{"@type":"WebSite","@id":"https:\/\/www.iplay.com\/en\/#website","url":"https:\/\/www.iplay.com\/en\/","name":"IPlay","description":"The Best Casual Games!","publisher":{"@id":"https:\/\/www.iplay.com\/en\/#organization"},"potentialAction":[{"@type":"SearchAction","target":{"@type":"EntryPoint","urlTemplate":"https:\/\/www.iplay.com\/en\/?s={search_term_string}"},"query-input":{"@type":"PropertyValueSpecification","valueRequired":true,"valueName":"search_term_string"}}],"inLanguage":"fr-FR"},{"@type":"Organization","@id":"https:\/\/www.iplay.com\/en\/#organization","name":"IPlay","url":"https:\/\/www.iplay.com\/en\/","logo":{"@type":"ImageObject","inLanguage":"fr-FR","@id":"https:\/\/www.iplay.com\/en\/#\/schema\/logo\/image\/","url":"https:\/\/www.iplay.com\/wp-content\/uploads\/2023\/11\/Group-6100.svg","contentUrl":"https:\/\/www.iplay.com\/wp-content\/uploads\/2023\/11\/Group-6100.svg","width":98,"height":25,"caption":"IPlay"},"image":{"@id":"https:\/\/www.iplay.com\/en\/#\/schema\/logo\/image\/"}}]}},"_links":{"self":[{"href":"https:\/\/www.iplay.com\/fr\/wp-json\/wp\/v2\/product\/126672","targetHints":{"allow":["GET"]}}],"collection":[{"href":"https:\/\/www.iplay.com\/fr\/wp-json\/wp\/v2\/product"}],"about":[{"href":"https:\/\/www.iplay.com\/fr\/wp-json\/wp\/v2\/types\/product"}],"author":[{"embeddable":true,"href":"https:\/\/www.iplay.com\/fr\/wp-json\/wp\/v2\/users\/20"}],"replies":[{"embeddable":true,"href":"https:\/\/www.iplay.com\/fr\/wp-json\/wp\/v2\/comments?post=126672"}],"wp:featuredmedia":[{"embeddable":true,"href":"https:\/\/www.iplay.com\/fr\/wp-json\/wp\/v2\/media\/124564"}],"wp:attachment":[{"href":"https:\/\/www.iplay.com\/fr\/wp-json\/wp\/v2\/media?parent=126672"}],"wp:term":[{"taxonomy":"product_brand","embeddable":true,"href":"https:\/\/www.iplay.com\/fr\/wp-json\/wp\/v2\/product_brand?post=126672"},{"taxonomy":"product_cat","embeddable":true,"href":"https:\/\/www.iplay.com\/fr\/wp-json\/wp\/v2\/product_cat?post=126672"},{"taxonomy":"product_tag","embeddable":true,"href":"https:\/\/www.iplay.com\/fr\/wp-json\/wp\/v2\/product_tag?post=126672"}],"curies":[{"name":"wp","href":"https:\/\/api.w.org\/{rel}","templated":true}]}}