{"id":126657,"date":"2023-08-22T00:00:00","date_gmt":"2023-08-22T00:00:00","guid":{"rendered":"https:\/\/www.iplay.com\/games\/jewel-match-solitaire-summertime\/"},"modified":"2025-07-29T11:29:17","modified_gmt":"2025-07-29T11:29:17","slug":"jewel-match-solitaire-summertime","status":"publish","type":"product","link":"https:\/\/www.iplay.com\/fr\/games\/jewel-match-solitaire-summertime\/","title":{"rendered":"Jewel Match Solitaire Summertime"},"content":{"rendered":"<p>Prenez place \u00e0 l\u2019ombre avec un jeu de cartes. C\u2019est le moment de jouer au solitaire et de pique-! Jewel Match fait monter la temp\u00e9rature avec ce Solitaire Summer Edition. Restaurez cinq charmantes escapades estivales tout en explorant la campagne et plus de 200 niveaux&nbsp;! Quatre modes de jeu sont disponibles : Chronom\u00e9tr\u00e9, D\u00e9tendu, Difficile et Normal. Activez 120 nouveaux niveaux Supersize et Challenge pour une exp\u00e9rience de jeu in\u00e9dite. D\u00e9bloquez 18 variantes diff\u00e9rentes du Solitaire, y compris la vari\u00e9t\u00e9 traditionnelle du Klondike ainsi que de toutes nouvelles comme Lady Maria et Siegecraft. Le jeu de solitaire traditionnel est am\u00e9lior\u00e9 par des dizaines d\u2019options de jeu diff\u00e9rentes, notamment des serrures, des barri\u00e8res, des bonus, des cartes gel\u00e9es, des rubans, des sceaux, des cartes suppl\u00e9mentaires, et plus encore ! En plus de viser l\u2019insaisissable Parfait dans chaque niveau, recherchez dans chaque niveau des gemmes et de l\u2019argent que vous pouvez utiliser pour acheter de nouvelles am\u00e9liorations pour chaque sc\u00e9nario. Accomplissez des missions pour r\u00e9v\u00e9ler de jolis oiseaux et papillons qui orneront les sc\u00e8nes. Jewel Match Solitaire Summertime vous permet de profiter du soleil, de l\u2019\u00e9t\u00e9 et du solitaire.          <\/p>\n<p>&nbsp;<\/p>\n<p>&nbsp;<\/p>\n<p><strong>Fonctionnalit\u00e9s:<\/strong><\/p>\n<p>&#8211; 200 niveaux de Solitaire !<br \/>\n&#8211; Cent soixante \u00e9tapes ultra-grandes et stimulantes.<br \/>\n&#8211; Jouez \u00e0 quatre modes de jeu distincts : Chronom\u00e9tr\u00e9, D\u00e9tendu, Difficile et Normal.<br \/>\n&#8211; Six jeux de solitaire traditionnels, tels que Freecell, Spider et Klondike.<br \/>\n&#8211; Douze autres variantes de Solitaire<br \/>\n &#8211; Cinquante niveaux bonus de Mahjong rejouables !<br \/>\n&#8211; Restaurez cinq escapades estivales incroyables&nbsp;!<br \/>\n&#8211; Ouvrez vingt papillons et oiseaux \u00e0 ajouter aux sc\u00e8nes.<br \/>\n&#8211; Terminez douze qu\u00eates.<br \/>\n&#8211; Choisissez parmi une vari\u00e9t\u00e9 de jeux de cartes avec lesquels jouer.<br \/>\n&#8211; Plusieurs bonus et variantes de gameplay.<br \/>\n&#8211; Obtenez de superbes fonds d\u2019\u00e9cran en les d\u00e9verrouillant.<br \/>\n&#8211; Apaisez-vous avec une bande-son apaisante.<\/p>\n","protected":false},"excerpt":{"rendered":"<p>Restez calme et prenez quelques cartes. C\u2019est le moment de jouer au solitaire et de pique-! <\/p>\n","protected":false},"author":20,"featured_media":72325,"comment_status":"open","ping_status":"closed","template":"","meta":{"_acf_changed":false,"inline_featured_image":false},"product_brand":[],"product_cat":[155,207],"product_tag":[287,265],"class_list":{"0":"post-126657","1":"product","2":"type-product","3":"status-publish","4":"has-post-thumbnail","6":"product_cat-card-fr-2","7":"product_cat-solitaire-fr","8":"product_tag-play-on-pc-fr","9":"product_tag-jewel-match-solitaire-series-fr","11":"first","12":"instock","13":"shipping-taxable","14":"purchasable","15":"product-type-simple"},"acf":[],"yoast_head":"<!-- This site is optimized with the Yoast SEO Premium plugin v25.2 (Yoast SEO v25.2) - https:\/\/yoast.com\/wordpress\/plugins\/seo\/ -->\n<title>Jewel Match Solitaire Summertime - Gardez votre sang-froid, jouez au Solitaire et partez pique-<\/title>\n<meta name=\"description\" content=\"Restez calme et prenez quelques cartes. C\u2019est le moment de jouer au solitaire et de pique-!\" \/>\n<meta name=\"robots\" content=\"index, follow, max-snippet:-1, max-image-preview:large, max-video-preview:-1\" \/>\n<link rel=\"canonical\" href=\"https:\/\/www.iplay.com\/fr\/games\/jewel-match-solitaire-summertime\/\" \/>\n<meta property=\"og:locale\" content=\"fr_FR\" \/>\n<meta property=\"og:type\" content=\"article\" \/>\n<meta property=\"og:title\" content=\"Jewel Match Solitaire Summertime\" \/>\n<meta property=\"og:description\" content=\"Restez calme et prenez quelques cartes. C\u2019est le moment de jouer au solitaire et de pique-!\" \/>\n<meta property=\"og:url\" content=\"https:\/\/www.iplay.com\/fr\/games\/jewel-match-solitaire-summertime\/\" \/>\n<meta property=\"og:site_name\" content=\"IPlay\" \/>\n<meta property=\"article:modified_time\" content=\"2025-07-29T11:29:17+00:00\" \/>\n<meta property=\"og:image\" content=\"https:\/\/www.iplay.com\/wp-content\/uploads\/2023\/12\/large_square_tile_image-2012.jpg\" \/>\n\t<meta property=\"og:image:width\" content=\"310\" \/>\n\t<meta property=\"og:image:height\" content=\"310\" \/>\n\t<meta property=\"og:image:type\" content=\"image\/jpeg\" \/>\n<meta name=\"twitter:card\" content=\"summary_large_image\" \/>\n<meta name=\"twitter:label1\" content=\"Dur\u00e9e de lecture estim\u00e9e\" \/>\n\t<meta name=\"twitter:data1\" content=\"2 minutes\" \/>\n<script type=\"application\/ld+json\" class=\"yoast-schema-graph\">{\"@context\":\"https:\/\/schema.org\",\"@graph\":[{\"@type\":\"WebPage\",\"@id\":\"https:\/\/www.iplay.com\/fr\/games\/jewel-match-solitaire-summertime\/\",\"url\":\"https:\/\/www.iplay.com\/fr\/games\/jewel-match-solitaire-summertime\/\",\"name\":\"Jewel Match Solitaire Summertime - Gardez votre sang-froid, jouez au Solitaire et partez pique-\",\"isPartOf\":{\"@id\":\"https:\/\/www.iplay.com\/en\/#website\"},\"primaryImageOfPage\":{\"@id\":\"https:\/\/www.iplay.com\/fr\/games\/jewel-match-solitaire-summertime\/#primaryimage\"},\"image\":{\"@id\":\"https:\/\/www.iplay.com\/fr\/games\/jewel-match-solitaire-summertime\/#primaryimage\"},\"thumbnailUrl\":\"https:\/\/www.iplay.com\/wp-content\/uploads\/2023\/12\/large_square_tile_image-2012.jpg\",\"datePublished\":\"2023-08-22T00:00:00+00:00\",\"dateModified\":\"2025-07-29T11:29:17+00:00\",\"description\":\"Restez calme et prenez quelques cartes. C\u2019est le moment de jouer au solitaire et de pique-!\",\"breadcrumb\":{\"@id\":\"https:\/\/www.iplay.com\/fr\/games\/jewel-match-solitaire-summertime\/#breadcrumb\"},\"inLanguage\":\"fr-FR\",\"potentialAction\":[{\"@type\":\"ReadAction\",\"target\":[\"https:\/\/www.iplay.com\/fr\/games\/jewel-match-solitaire-summertime\/\"]}]},{\"@type\":\"ImageObject\",\"inLanguage\":\"fr-FR\",\"@id\":\"https:\/\/www.iplay.com\/fr\/games\/jewel-match-solitaire-summertime\/#primaryimage\",\"url\":\"https:\/\/www.iplay.com\/wp-content\/uploads\/2023\/12\/large_square_tile_image-2012.jpg\",\"contentUrl\":\"https:\/\/www.iplay.com\/wp-content\/uploads\/2023\/12\/large_square_tile_image-2012.jpg\",\"width\":310,\"height\":310},{\"@type\":\"BreadcrumbList\",\"@id\":\"https:\/\/www.iplay.com\/fr\/games\/jewel-match-solitaire-summertime\/#breadcrumb\",\"itemListElement\":[{\"@type\":\"ListItem\",\"position\":1,\"name\":\"Home\",\"item\":\"https:\/\/www.iplay.com\/fr\/home-page-2\/\"},{\"@type\":\"ListItem\",\"position\":2,\"name\":\"Shop\",\"item\":\"https:\/\/www.iplay.com\/en\/shop\/\"},{\"@type\":\"ListItem\",\"position\":3,\"name\":\"Jewel Match Solitaire Summertime\"}]},{\"@type\":\"WebSite\",\"@id\":\"https:\/\/www.iplay.com\/en\/#website\",\"url\":\"https:\/\/www.iplay.com\/en\/\",\"name\":\"IPlay\",\"description\":\"The Best Casual Games!\",\"publisher\":{\"@id\":\"https:\/\/www.iplay.com\/en\/#organization\"},\"potentialAction\":[{\"@type\":\"SearchAction\",\"target\":{\"@type\":\"EntryPoint\",\"urlTemplate\":\"https:\/\/www.iplay.com\/en\/?s={search_term_string}\"},\"query-input\":{\"@type\":\"PropertyValueSpecification\",\"valueRequired\":true,\"valueName\":\"search_term_string\"}}],\"inLanguage\":\"fr-FR\"},{\"@type\":\"Organization\",\"@id\":\"https:\/\/www.iplay.com\/en\/#organization\",\"name\":\"IPlay\",\"url\":\"https:\/\/www.iplay.com\/en\/\",\"logo\":{\"@type\":\"ImageObject\",\"inLanguage\":\"fr-FR\",\"@id\":\"https:\/\/www.iplay.com\/en\/#\/schema\/logo\/image\/\",\"url\":\"https:\/\/www.iplay.com\/wp-content\/uploads\/2023\/11\/Group-6100.svg\",\"contentUrl\":\"https:\/\/www.iplay.com\/wp-content\/uploads\/2023\/11\/Group-6100.svg\",\"width\":98,\"height\":25,\"caption\":\"IPlay\"},\"image\":{\"@id\":\"https:\/\/www.iplay.com\/en\/#\/schema\/logo\/image\/\"}}]}<\/script>\n<!-- \/ Yoast SEO Premium plugin. -->","yoast_head_json":{"title":"Jewel Match Solitaire Summertime - Gardez votre sang-froid, jouez au Solitaire et partez pique-","description":"Restez calme et prenez quelques cartes. C\u2019est le moment de jouer au solitaire et de pique-!","robots":{"index":"index","follow":"follow","max-snippet":"max-snippet:-1","max-image-preview":"max-image-preview:large","max-video-preview":"max-video-preview:-1"},"canonical":"https:\/\/www.iplay.com\/fr\/games\/jewel-match-solitaire-summertime\/","og_locale":"fr_FR","og_type":"article","og_title":"Jewel Match Solitaire Summertime","og_description":"Restez calme et prenez quelques cartes. C\u2019est le moment de jouer au solitaire et de pique-!","og_url":"https:\/\/www.iplay.com\/fr\/games\/jewel-match-solitaire-summertime\/","og_site_name":"IPlay","article_modified_time":"2025-07-29T11:29:17+00:00","og_image":[{"width":310,"height":310,"url":"https:\/\/www.iplay.com\/wp-content\/uploads\/2023\/12\/large_square_tile_image-2012.jpg","type":"image\/jpeg"}],"twitter_card":"summary_large_image","twitter_misc":{"Dur\u00e9e de lecture estim\u00e9e":"2 minutes"},"schema":{"@context":"https:\/\/schema.org","@graph":[{"@type":"WebPage","@id":"https:\/\/www.iplay.com\/fr\/games\/jewel-match-solitaire-summertime\/","url":"https:\/\/www.iplay.com\/fr\/games\/jewel-match-solitaire-summertime\/","name":"Jewel Match Solitaire Summertime - Gardez votre sang-froid, jouez au Solitaire et partez pique-","isPartOf":{"@id":"https:\/\/www.iplay.com\/en\/#website"},"primaryImageOfPage":{"@id":"https:\/\/www.iplay.com\/fr\/games\/jewel-match-solitaire-summertime\/#primaryimage"},"image":{"@id":"https:\/\/www.iplay.com\/fr\/games\/jewel-match-solitaire-summertime\/#primaryimage"},"thumbnailUrl":"https:\/\/www.iplay.com\/wp-content\/uploads\/2023\/12\/large_square_tile_image-2012.jpg","datePublished":"2023-08-22T00:00:00+00:00","dateModified":"2025-07-29T11:29:17+00:00","description":"Restez calme et prenez quelques cartes. C\u2019est le moment de jouer au solitaire et de pique-!","breadcrumb":{"@id":"https:\/\/www.iplay.com\/fr\/games\/jewel-match-solitaire-summertime\/#breadcrumb"},"inLanguage":"fr-FR","potentialAction":[{"@type":"ReadAction","target":["https:\/\/www.iplay.com\/fr\/games\/jewel-match-solitaire-summertime\/"]}]},{"@type":"ImageObject","inLanguage":"fr-FR","@id":"https:\/\/www.iplay.com\/fr\/games\/jewel-match-solitaire-summertime\/#primaryimage","url":"https:\/\/www.iplay.com\/wp-content\/uploads\/2023\/12\/large_square_tile_image-2012.jpg","contentUrl":"https:\/\/www.iplay.com\/wp-content\/uploads\/2023\/12\/large_square_tile_image-2012.jpg","width":310,"height":310},{"@type":"BreadcrumbList","@id":"https:\/\/www.iplay.com\/fr\/games\/jewel-match-solitaire-summertime\/#breadcrumb","itemListElement":[{"@type":"ListItem","position":1,"name":"Home","item":"https:\/\/www.iplay.com\/fr\/home-page-2\/"},{"@type":"ListItem","position":2,"name":"Shop","item":"https:\/\/www.iplay.com\/en\/shop\/"},{"@type":"ListItem","position":3,"name":"Jewel Match Solitaire Summertime"}]},{"@type":"WebSite","@id":"https:\/\/www.iplay.com\/en\/#website","url":"https:\/\/www.iplay.com\/en\/","name":"IPlay","description":"The Best Casual Games!","publisher":{"@id":"https:\/\/www.iplay.com\/en\/#organization"},"potentialAction":[{"@type":"SearchAction","target":{"@type":"EntryPoint","urlTemplate":"https:\/\/www.iplay.com\/en\/?s={search_term_string}"},"query-input":{"@type":"PropertyValueSpecification","valueRequired":true,"valueName":"search_term_string"}}],"inLanguage":"fr-FR"},{"@type":"Organization","@id":"https:\/\/www.iplay.com\/en\/#organization","name":"IPlay","url":"https:\/\/www.iplay.com\/en\/","logo":{"@type":"ImageObject","inLanguage":"fr-FR","@id":"https:\/\/www.iplay.com\/en\/#\/schema\/logo\/image\/","url":"https:\/\/www.iplay.com\/wp-content\/uploads\/2023\/11\/Group-6100.svg","contentUrl":"https:\/\/www.iplay.com\/wp-content\/uploads\/2023\/11\/Group-6100.svg","width":98,"height":25,"caption":"IPlay"},"image":{"@id":"https:\/\/www.iplay.com\/en\/#\/schema\/logo\/image\/"}}]}},"_links":{"self":[{"href":"https:\/\/www.iplay.com\/fr\/wp-json\/wp\/v2\/product\/126657","targetHints":{"allow":["GET"]}}],"collection":[{"href":"https:\/\/www.iplay.com\/fr\/wp-json\/wp\/v2\/product"}],"about":[{"href":"https:\/\/www.iplay.com\/fr\/wp-json\/wp\/v2\/types\/product"}],"author":[{"embeddable":true,"href":"https:\/\/www.iplay.com\/fr\/wp-json\/wp\/v2\/users\/20"}],"replies":[{"embeddable":true,"href":"https:\/\/www.iplay.com\/fr\/wp-json\/wp\/v2\/comments?post=126657"}],"wp:featuredmedia":[{"embeddable":true,"href":"https:\/\/www.iplay.com\/fr\/wp-json\/wp\/v2\/media\/72325"}],"wp:attachment":[{"href":"https:\/\/www.iplay.com\/fr\/wp-json\/wp\/v2\/media?parent=126657"}],"wp:term":[{"taxonomy":"product_brand","embeddable":true,"href":"https:\/\/www.iplay.com\/fr\/wp-json\/wp\/v2\/product_brand?post=126657"},{"taxonomy":"product_cat","embeddable":true,"href":"https:\/\/www.iplay.com\/fr\/wp-json\/wp\/v2\/product_cat?post=126657"},{"taxonomy":"product_tag","embeddable":true,"href":"https:\/\/www.iplay.com\/fr\/wp-json\/wp\/v2\/product_tag?post=126657"}],"curies":[{"name":"wp","href":"https:\/\/api.w.org\/{rel}","templated":true}]}}