{"id":126587,"date":"2022-05-18T00:00:00","date_gmt":"2022-05-18T00:00:00","guid":{"rendered":"https:\/\/www.iplay.com\/games\/brave-deeds-of-rescue-team-collectors-edition\/"},"modified":"2025-05-27T19:13:58","modified_gmt":"2025-05-27T19:13:58","slug":"brave-deeds-of-rescue-team-collectors-edition","status":"publish","type":"product","link":"https:\/\/www.iplay.com\/fr\/games\/brave-deeds-of-rescue-team-collectors-edition\/","title":{"rendered":"Brave Deeds Of Rescue Team Collector&#8217;s Edition"},"content":{"rendered":"<p><a href=\"https:\/\/www.iplay.com\/fr\/product-tag\/rescue-team-series-fr\/\">D\u00e9couvrez plus de jeux de la s\u00e9rie Rescue Team ici<\/a><\/p>\n<p>Prot\u00e9gez votre population humaine des catastrophes imminentes ! Vos villages sont d\u00e9vast\u00e9s par de mauvais voleurs et des calamit\u00e9s naturelles, mais vous devez faire tout ce qui est en votre pouvoir pour sauver les gens. Formez et assemblez une \u00e9quipe de sauvetage hautement qualifi\u00e9e pour faire face aux pires sc\u00e9narios. Pour survivre, vous devrez non seulement embaucher les plus grands experts que le pays a \u00e0 offrir, mais vous devrez \u00e9galement faire un usage prudent du peu d\u2019argent dont vous disposez pour construire l\u2019\u00e9quipement dont vous aurez besoin pour rechercher des survivants parmi les d\u00e9bris et r\u00e9parer les d\u00e9g\u00e2ts. Au fur et \u00e0 mesure que vous construisez votre ville, apportez les am\u00e9liorations n\u00e9cessaires pour assurer la sant\u00e9 et la s\u00e9curit\u00e9 de votre population. Votre \u00e9quipe de sauvetage est pr\u00eate \u00e0 ex\u00e9cuter tous les ordres que vous lui donnez si vous pensez poss\u00e9der les qualit\u00e9s d\u2019un vrai h\u00e9ros !     <\/p>\n<p>&nbsp;<\/p>\n<p>&nbsp;<\/p>\n<p><strong>Fonctionnalit\u00e9s:<\/strong><\/p>\n<p>&nbsp;<\/p>\n<p>&#8211; 25 niveaux<br \/>\n color\u00e9s \u00e9volutifs- 3 modes de difficult\u00e9 : expert, d\u00e9tendu et novice<br \/>\n&#8211; Niveaux<br \/>\n color\u00e9s \u00e9volutifs- Tutoriel<br \/>\n \u00e9tape par \u00e9tape- Carte avec missions<br \/>\n&#8211; Parc<br \/>\n de transport de sauvetage- Former divers sp\u00e9cialistes pour aider l\u2019\u00e9quipe<br \/>\n de sauvetage- Utilisez le laboratoire et le d\u00e9partement d\u2019ing\u00e9nierie pour d\u00e9velopper des m\u00e9dicaments et des outils<\/p>\n<p>&nbsp;<\/p>\n<p>&nbsp;<\/p>\n<p><strong>Caract\u00e9ristiques de l\u2019\u00e9dition Collector :<\/strong><\/p>\n<p>&nbsp;<\/p>\n<p>&#8211; Chapitre bonus avec 5 niveaux<br \/>\n&#8211; De nombreuses am\u00e9liorations et r\u00e9alisations \u00e0 d\u00e9bloquer<br \/>\n&#8211; Guide des niveaux<br \/>\n \u00e9tape par \u00e9tape- Section Actualit\u00e9s : 9 pages<\/p>\n","protected":false},"excerpt":{"rendered":"<p>Prot\u00e9gez la population des catastrophes imminentes dans Brave Deeds Of Rescue Team CE<\/p>\n","protected":false},"author":8,"featured_media":77112,"comment_status":"open","ping_status":"closed","template":"","meta":{"_acf_changed":false,"inline_featured_image":false},"product_brand":[],"product_cat":[216],"product_tag":[287,292],"class_list":{"0":"post-126587","1":"product","2":"type-product","3":"status-publish","4":"has-post-thumbnail","6":"product_cat-time-management-fr","7":"product_tag-play-on-pc-fr","8":"product_tag-rescue-team-series-fr","10":"first","11":"instock","12":"shipping-taxable","13":"purchasable","14":"product-type-simple"},"acf":[],"yoast_head":"<!-- This site is optimized with the Yoast SEO Premium plugin v25.2 (Yoast SEO v25.2) - https:\/\/yoast.com\/wordpress\/plugins\/seo\/ -->\n<title>Brave Deeds Of Rescue Team \u00c9dition Collector - Engagez-vous dans des actes de bravoure avec l\u2019\u00c9quipe de Secours \u00c9dition Collector<\/title>\n<meta name=\"description\" content=\"Prot\u00e9gez la population des catastrophes imminentes dans Brave Deeds Of Rescue Team CE\" \/>\n<meta name=\"robots\" content=\"index, follow, max-snippet:-1, max-image-preview:large, max-video-preview:-1\" \/>\n<link rel=\"canonical\" href=\"https:\/\/www.iplay.com\/fr\/games\/brave-deeds-of-rescue-team-collectors-edition\/\" \/>\n<meta property=\"og:locale\" content=\"fr_FR\" \/>\n<meta property=\"og:type\" content=\"article\" \/>\n<meta property=\"og:title\" content=\"Brave Deeds Of Rescue Team Collector&#039;s Edition\" \/>\n<meta property=\"og:description\" content=\"Prot\u00e9gez la population des catastrophes imminentes dans Brave Deeds Of Rescue Team CE\" \/>\n<meta property=\"og:url\" content=\"https:\/\/www.iplay.com\/fr\/games\/brave-deeds-of-rescue-team-collectors-edition\/\" \/>\n<meta property=\"og:site_name\" content=\"IPlay\" \/>\n<meta property=\"article:modified_time\" content=\"2025-05-27T19:13:58+00:00\" \/>\n<meta property=\"og:image\" content=\"https:\/\/www.iplay.com\/wp-content\/uploads\/2023\/12\/large_square_tile_image-2317.jpg\" \/>\n\t<meta property=\"og:image:width\" content=\"310\" \/>\n\t<meta property=\"og:image:height\" content=\"310\" \/>\n\t<meta property=\"og:image:type\" content=\"image\/jpeg\" \/>\n<meta name=\"twitter:card\" content=\"summary_large_image\" \/>\n<meta name=\"twitter:label1\" content=\"Dur\u00e9e de lecture estim\u00e9e\" \/>\n\t<meta name=\"twitter:data1\" content=\"1 minute\" \/>\n<script type=\"application\/ld+json\" class=\"yoast-schema-graph\">{\"@context\":\"https:\/\/schema.org\",\"@graph\":[{\"@type\":\"WebPage\",\"@id\":\"https:\/\/www.iplay.com\/fr\/games\/brave-deeds-of-rescue-team-collectors-edition\/\",\"url\":\"https:\/\/www.iplay.com\/fr\/games\/brave-deeds-of-rescue-team-collectors-edition\/\",\"name\":\"Brave Deeds Of Rescue Team \u00c9dition Collector - Engagez-vous dans des actes de bravoure avec l\u2019\u00c9quipe de Secours \u00c9dition Collector\",\"isPartOf\":{\"@id\":\"https:\/\/www.iplay.com\/en\/#website\"},\"primaryImageOfPage\":{\"@id\":\"https:\/\/www.iplay.com\/fr\/games\/brave-deeds-of-rescue-team-collectors-edition\/#primaryimage\"},\"image\":{\"@id\":\"https:\/\/www.iplay.com\/fr\/games\/brave-deeds-of-rescue-team-collectors-edition\/#primaryimage\"},\"thumbnailUrl\":\"https:\/\/www.iplay.com\/wp-content\/uploads\/2023\/12\/large_square_tile_image-2317.jpg\",\"datePublished\":\"2022-05-18T00:00:00+00:00\",\"dateModified\":\"2025-05-27T19:13:58+00:00\",\"description\":\"Prot\u00e9gez la population des catastrophes imminentes dans Brave Deeds Of Rescue Team CE\",\"breadcrumb\":{\"@id\":\"https:\/\/www.iplay.com\/fr\/games\/brave-deeds-of-rescue-team-collectors-edition\/#breadcrumb\"},\"inLanguage\":\"fr-FR\",\"potentialAction\":[{\"@type\":\"ReadAction\",\"target\":[\"https:\/\/www.iplay.com\/fr\/games\/brave-deeds-of-rescue-team-collectors-edition\/\"]}]},{\"@type\":\"ImageObject\",\"inLanguage\":\"fr-FR\",\"@id\":\"https:\/\/www.iplay.com\/fr\/games\/brave-deeds-of-rescue-team-collectors-edition\/#primaryimage\",\"url\":\"https:\/\/www.iplay.com\/wp-content\/uploads\/2023\/12\/large_square_tile_image-2317.jpg\",\"contentUrl\":\"https:\/\/www.iplay.com\/wp-content\/uploads\/2023\/12\/large_square_tile_image-2317.jpg\",\"width\":310,\"height\":310},{\"@type\":\"BreadcrumbList\",\"@id\":\"https:\/\/www.iplay.com\/fr\/games\/brave-deeds-of-rescue-team-collectors-edition\/#breadcrumb\",\"itemListElement\":[{\"@type\":\"ListItem\",\"position\":1,\"name\":\"Home\",\"item\":\"https:\/\/www.iplay.com\/fr\/home-page-2\/\"},{\"@type\":\"ListItem\",\"position\":2,\"name\":\"Shop\",\"item\":\"https:\/\/www.iplay.com\/en\/shop\/\"},{\"@type\":\"ListItem\",\"position\":3,\"name\":\"Brave Deeds Of Rescue Team Collector&#8217;s Edition\"}]},{\"@type\":\"WebSite\",\"@id\":\"https:\/\/www.iplay.com\/en\/#website\",\"url\":\"https:\/\/www.iplay.com\/en\/\",\"name\":\"IPlay\",\"description\":\"The Best Casual Games!\",\"publisher\":{\"@id\":\"https:\/\/www.iplay.com\/en\/#organization\"},\"potentialAction\":[{\"@type\":\"SearchAction\",\"target\":{\"@type\":\"EntryPoint\",\"urlTemplate\":\"https:\/\/www.iplay.com\/en\/?s={search_term_string}\"},\"query-input\":{\"@type\":\"PropertyValueSpecification\",\"valueRequired\":true,\"valueName\":\"search_term_string\"}}],\"inLanguage\":\"fr-FR\"},{\"@type\":\"Organization\",\"@id\":\"https:\/\/www.iplay.com\/en\/#organization\",\"name\":\"IPlay\",\"url\":\"https:\/\/www.iplay.com\/en\/\",\"logo\":{\"@type\":\"ImageObject\",\"inLanguage\":\"fr-FR\",\"@id\":\"https:\/\/www.iplay.com\/en\/#\/schema\/logo\/image\/\",\"url\":\"https:\/\/www.iplay.com\/wp-content\/uploads\/2023\/11\/Group-6100.svg\",\"contentUrl\":\"https:\/\/www.iplay.com\/wp-content\/uploads\/2023\/11\/Group-6100.svg\",\"width\":98,\"height\":25,\"caption\":\"IPlay\"},\"image\":{\"@id\":\"https:\/\/www.iplay.com\/en\/#\/schema\/logo\/image\/\"}}]}<\/script>\n<!-- \/ Yoast SEO Premium plugin. -->","yoast_head_json":{"title":"Brave Deeds Of Rescue Team \u00c9dition Collector - Engagez-vous dans des actes de bravoure avec l\u2019\u00c9quipe de Secours \u00c9dition Collector","description":"Prot\u00e9gez la population des catastrophes imminentes dans Brave Deeds Of Rescue Team CE","robots":{"index":"index","follow":"follow","max-snippet":"max-snippet:-1","max-image-preview":"max-image-preview:large","max-video-preview":"max-video-preview:-1"},"canonical":"https:\/\/www.iplay.com\/fr\/games\/brave-deeds-of-rescue-team-collectors-edition\/","og_locale":"fr_FR","og_type":"article","og_title":"Brave Deeds Of Rescue Team Collector's Edition","og_description":"Prot\u00e9gez la population des catastrophes imminentes dans Brave Deeds Of Rescue Team CE","og_url":"https:\/\/www.iplay.com\/fr\/games\/brave-deeds-of-rescue-team-collectors-edition\/","og_site_name":"IPlay","article_modified_time":"2025-05-27T19:13:58+00:00","og_image":[{"width":310,"height":310,"url":"https:\/\/www.iplay.com\/wp-content\/uploads\/2023\/12\/large_square_tile_image-2317.jpg","type":"image\/jpeg"}],"twitter_card":"summary_large_image","twitter_misc":{"Dur\u00e9e de lecture estim\u00e9e":"1 minute"},"schema":{"@context":"https:\/\/schema.org","@graph":[{"@type":"WebPage","@id":"https:\/\/www.iplay.com\/fr\/games\/brave-deeds-of-rescue-team-collectors-edition\/","url":"https:\/\/www.iplay.com\/fr\/games\/brave-deeds-of-rescue-team-collectors-edition\/","name":"Brave Deeds Of Rescue Team \u00c9dition Collector - Engagez-vous dans des actes de bravoure avec l\u2019\u00c9quipe de Secours \u00c9dition Collector","isPartOf":{"@id":"https:\/\/www.iplay.com\/en\/#website"},"primaryImageOfPage":{"@id":"https:\/\/www.iplay.com\/fr\/games\/brave-deeds-of-rescue-team-collectors-edition\/#primaryimage"},"image":{"@id":"https:\/\/www.iplay.com\/fr\/games\/brave-deeds-of-rescue-team-collectors-edition\/#primaryimage"},"thumbnailUrl":"https:\/\/www.iplay.com\/wp-content\/uploads\/2023\/12\/large_square_tile_image-2317.jpg","datePublished":"2022-05-18T00:00:00+00:00","dateModified":"2025-05-27T19:13:58+00:00","description":"Prot\u00e9gez la population des catastrophes imminentes dans Brave Deeds Of Rescue Team CE","breadcrumb":{"@id":"https:\/\/www.iplay.com\/fr\/games\/brave-deeds-of-rescue-team-collectors-edition\/#breadcrumb"},"inLanguage":"fr-FR","potentialAction":[{"@type":"ReadAction","target":["https:\/\/www.iplay.com\/fr\/games\/brave-deeds-of-rescue-team-collectors-edition\/"]}]},{"@type":"ImageObject","inLanguage":"fr-FR","@id":"https:\/\/www.iplay.com\/fr\/games\/brave-deeds-of-rescue-team-collectors-edition\/#primaryimage","url":"https:\/\/www.iplay.com\/wp-content\/uploads\/2023\/12\/large_square_tile_image-2317.jpg","contentUrl":"https:\/\/www.iplay.com\/wp-content\/uploads\/2023\/12\/large_square_tile_image-2317.jpg","width":310,"height":310},{"@type":"BreadcrumbList","@id":"https:\/\/www.iplay.com\/fr\/games\/brave-deeds-of-rescue-team-collectors-edition\/#breadcrumb","itemListElement":[{"@type":"ListItem","position":1,"name":"Home","item":"https:\/\/www.iplay.com\/fr\/home-page-2\/"},{"@type":"ListItem","position":2,"name":"Shop","item":"https:\/\/www.iplay.com\/en\/shop\/"},{"@type":"ListItem","position":3,"name":"Brave Deeds Of Rescue Team Collector&#8217;s Edition"}]},{"@type":"WebSite","@id":"https:\/\/www.iplay.com\/en\/#website","url":"https:\/\/www.iplay.com\/en\/","name":"IPlay","description":"The Best Casual Games!","publisher":{"@id":"https:\/\/www.iplay.com\/en\/#organization"},"potentialAction":[{"@type":"SearchAction","target":{"@type":"EntryPoint","urlTemplate":"https:\/\/www.iplay.com\/en\/?s={search_term_string}"},"query-input":{"@type":"PropertyValueSpecification","valueRequired":true,"valueName":"search_term_string"}}],"inLanguage":"fr-FR"},{"@type":"Organization","@id":"https:\/\/www.iplay.com\/en\/#organization","name":"IPlay","url":"https:\/\/www.iplay.com\/en\/","logo":{"@type":"ImageObject","inLanguage":"fr-FR","@id":"https:\/\/www.iplay.com\/en\/#\/schema\/logo\/image\/","url":"https:\/\/www.iplay.com\/wp-content\/uploads\/2023\/11\/Group-6100.svg","contentUrl":"https:\/\/www.iplay.com\/wp-content\/uploads\/2023\/11\/Group-6100.svg","width":98,"height":25,"caption":"IPlay"},"image":{"@id":"https:\/\/www.iplay.com\/en\/#\/schema\/logo\/image\/"}}]}},"_links":{"self":[{"href":"https:\/\/www.iplay.com\/fr\/wp-json\/wp\/v2\/product\/126587","targetHints":{"allow":["GET"]}}],"collection":[{"href":"https:\/\/www.iplay.com\/fr\/wp-json\/wp\/v2\/product"}],"about":[{"href":"https:\/\/www.iplay.com\/fr\/wp-json\/wp\/v2\/types\/product"}],"author":[{"embeddable":true,"href":"https:\/\/www.iplay.com\/fr\/wp-json\/wp\/v2\/users\/8"}],"replies":[{"embeddable":true,"href":"https:\/\/www.iplay.com\/fr\/wp-json\/wp\/v2\/comments?post=126587"}],"wp:featuredmedia":[{"embeddable":true,"href":"https:\/\/www.iplay.com\/fr\/wp-json\/wp\/v2\/media\/77112"}],"wp:attachment":[{"href":"https:\/\/www.iplay.com\/fr\/wp-json\/wp\/v2\/media?parent=126587"}],"wp:term":[{"taxonomy":"product_brand","embeddable":true,"href":"https:\/\/www.iplay.com\/fr\/wp-json\/wp\/v2\/product_brand?post=126587"},{"taxonomy":"product_cat","embeddable":true,"href":"https:\/\/www.iplay.com\/fr\/wp-json\/wp\/v2\/product_cat?post=126587"},{"taxonomy":"product_tag","embeddable":true,"href":"https:\/\/www.iplay.com\/fr\/wp-json\/wp\/v2\/product_tag?post=126587"}],"curies":[{"name":"wp","href":"https:\/\/api.w.org\/{rel}","templated":true}]}}