{"id":126563,"date":"2024-09-05T12:02:06","date_gmt":"2024-09-05T12:02:06","guid":{"rendered":"https:\/\/www.iplay.com\/games\/book-travelers-a-royal-story-ce\/"},"modified":"2025-02-28T15:15:27","modified_gmt":"2025-02-28T15:15:27","slug":"book-travelers-a-royal-story-ce","status":"publish","type":"product","link":"https:\/\/www.iplay.com\/fr\/games\/book-travelers-a-royal-story-ce\/","title":{"rendered":"Book Travelers: A Royal Story CE"},"content":{"rendered":"<p>Bient\u00f4t, vous \u00eates rappel\u00e9 \u00e0 la Grande Biblioth\u00e8que, au moment m\u00eame o\u00f9 les \u00e9v\u00e9nements de votre pr\u00e9c\u00e9dent voyage \u00e0 travers les pages vivantes d\u2019un chef-d\u2019\u0153uvre litt\u00e9raire commencent \u00e0 s\u2019estomper de votre esprit. \u00c0 votre retour, on d\u00e9couvre qu\u2019une tentative est en cours pour modifier la r\u00e9alit\u00e9 des Trois Mousquetaires et effacer la figure \u00e9nigmatique de D\u2019Artagnan de l\u2019existence. La responsabilit\u00e9 d\u2019emp\u00eacher cette force myst\u00e9rieuse de perturber l\u2019histoire repose maintenant sur vos \u00e9paules. Au fur et \u00e0 mesure que vous plongez dans le monde cr\u00e9\u00e9 par Alexandre Dumas, vous vous retrouverez pi\u00e9g\u00e9 entre deux r\u00e9alit\u00e9s : celle que vous connaissez et celle du livre.   <\/p>\n<p>Pour r\u00e9ussir, vous devez r\u00e9soudre des \u00e9nigmes cach\u00e9es dans les mots de l\u2019auteur, prot\u00e9ger l\u2019h\u00e9ritage des personnages et assurer la survie de l\u2019un des plus grands h\u00e9ros de la litt\u00e9rature. Serez-vous en mesure de perp\u00e9tuer l\u2019h\u00e9ritage de D\u2019Artagnan et d\u2019emp\u00eacher cette menace imminente ? Embarquez pour cette captivante aventure de puzzle d\u2019objets cach\u00e9s et d\u00e9couvrez la v\u00e9rit\u00e9 !  <\/p>\n<p>&nbsp;<\/p>\n<p><strong>Caract\u00e9ristiques de l\u2019\u00e9dition collector :<\/strong><\/p>\n<ul>\n<li><em>Revivez le pass\u00e9 dans le chapitre bonus : <\/em>Revenez \u00e0 vos d\u00e9buts dans un chapitre sp\u00e9cial qui ajoute plus de profondeur \u00e0 l\u2019histoire.<\/li>\n<li><em>D\u00e9couvrez des secrets cach\u00e9s :<\/em> Collectez les bustes et les pi\u00e8ces de puzzle des auteurs pour d\u00e9bloquer un puzzle dans la salle cach\u00e9e.<\/li>\n<li><em>Revisitez vos d\u00e9fis pr\u00e9f\u00e9r\u00e9s :<\/em> Rejouez \u00e0 vos mini-jeux et puzzles d\u2019objets cach\u00e9s (HOP) pr\u00e9f\u00e9r\u00e9s, gagnez des succ\u00e8s et acc\u00e9dez \u00e0 un chapitre bonus plein de surprises.<\/li>\n<li><em>Profitez de contenus exclusifs :<\/em> D\u00e9bloquez de la musique sp\u00e9ciale, des \u00e9conomiseurs d\u2019\u00e9cran, des fonds d\u2019\u00e9cran et d\u2019autres mat\u00e9riaux bonus.<\/li>\n<li><em>Ne perdez jamais votre chemin :<\/em> Utilisez le guide de strat\u00e9gie inclus pour relever les d\u00e9fis et vous assurer de toujours conna\u00eetre la prochaine \u00e9tape.<\/li>\n<\/ul>\n<p>&nbsp;<\/p>\n<p>Cette aventure offre un m\u00e9lange unique de myst\u00e8re, d\u2019histoire litt\u00e9raire et d\u2019\u00e9nigmes immersives qui garderont les joueurs engag\u00e9s et d\u00e9sireux de d\u00e9couvrir tous les secrets cach\u00e9s dans les pages des Trois Mousquetaires. Que vous soyez un fan de fiction historique, d\u2019\u00e9nigmes ou de jeux d\u2019aventure, cette exp\u00e9rience vous transportera dans un monde o\u00f9 les fronti\u00e8res de la r\u00e9alit\u00e9 s\u2019estompent et o\u00f9 l\u2019histoire litt\u00e9raire est entre vos mains.<\/p>\n","protected":false},"excerpt":{"rendered":"<p>Embarquez pour un voyage litt\u00e9raire dans Book Travelers &#8211; A Royal Story Collector\u2019s Edition<\/p>\n","protected":false},"author":17,"featured_media":38768,"comment_status":"open","ping_status":"closed","template":"","meta":{"_acf_changed":false,"inline_featured_image":false},"product_brand":[],"product_cat":[165],"product_tag":[287],"class_list":{"0":"post-126563","1":"product","2":"type-product","3":"status-publish","4":"has-post-thumbnail","6":"product_cat-hidden-object-fr","7":"product_tag-play-on-pc-fr","9":"first","10":"instock","11":"shipping-taxable","12":"purchasable","13":"product-type-simple"},"acf":[],"yoast_head":"<!-- This site is optimized with the Yoast SEO Premium plugin v25.2 (Yoast SEO v25.2) - https:\/\/yoast.com\/wordpress\/plugins\/seo\/ -->\n<title>Embarquez pour un voyage litt\u00e9raire dans Book Travelers\u00a0: A Royal Story CE<\/title>\n<meta name=\"description\" content=\"Embarquez pour un voyage litt\u00e9raire dans Book Travelers - A Royal Story Collector\u2019s Edition\" \/>\n<meta name=\"robots\" content=\"index, follow, max-snippet:-1, max-image-preview:large, max-video-preview:-1\" \/>\n<link rel=\"canonical\" href=\"https:\/\/www.iplay.com\/fr\/games\/book-travelers-a-royal-story-ce\/\" \/>\n<meta property=\"og:locale\" content=\"fr_FR\" \/>\n<meta property=\"og:type\" content=\"article\" \/>\n<meta property=\"og:title\" content=\"Book Travelers: A Royal Story CE\" \/>\n<meta property=\"og:description\" content=\"Embarquez pour un voyage litt\u00e9raire dans Book Travelers - A Royal Story Collector\u2019s Edition\" \/>\n<meta property=\"og:url\" content=\"https:\/\/www.iplay.com\/fr\/games\/book-travelers-a-royal-story-ce\/\" \/>\n<meta property=\"og:site_name\" content=\"IPlay\" \/>\n<meta property=\"article:modified_time\" content=\"2025-02-28T15:15:27+00:00\" \/>\n<meta property=\"og:image\" content=\"https:\/\/www.iplay.com\/wp-content\/uploads\/2024\/09\/400x400-book_travelers_-_a_royal_story_ce_large_square_tile_image.webp\" \/>\n\t<meta property=\"og:image:width\" content=\"400\" \/>\n\t<meta property=\"og:image:height\" content=\"400\" \/>\n\t<meta property=\"og:image:type\" content=\"image\/webp\" \/>\n<meta name=\"twitter:card\" content=\"summary_large_image\" \/>\n<meta name=\"twitter:label1\" content=\"Dur\u00e9e de lecture estim\u00e9e\" \/>\n\t<meta name=\"twitter:data1\" content=\"2 minutes\" \/>\n<script type=\"application\/ld+json\" class=\"yoast-schema-graph\">{\"@context\":\"https:\/\/schema.org\",\"@graph\":[{\"@type\":\"WebPage\",\"@id\":\"https:\/\/www.iplay.com\/fr\/games\/book-travelers-a-royal-story-ce\/\",\"url\":\"https:\/\/www.iplay.com\/fr\/games\/book-travelers-a-royal-story-ce\/\",\"name\":\"Embarquez pour un voyage litt\u00e9raire dans Book Travelers\u00a0: A Royal Story CE\",\"isPartOf\":{\"@id\":\"https:\/\/www.iplay.com\/en\/#website\"},\"primaryImageOfPage\":{\"@id\":\"https:\/\/www.iplay.com\/fr\/games\/book-travelers-a-royal-story-ce\/#primaryimage\"},\"image\":{\"@id\":\"https:\/\/www.iplay.com\/fr\/games\/book-travelers-a-royal-story-ce\/#primaryimage\"},\"thumbnailUrl\":\"https:\/\/www.iplay.com\/wp-content\/uploads\/2024\/09\/400x400-book_travelers_-_a_royal_story_ce_large_square_tile_image.webp\",\"datePublished\":\"2024-09-05T12:02:06+00:00\",\"dateModified\":\"2025-02-28T15:15:27+00:00\",\"description\":\"Embarquez pour un voyage litt\u00e9raire dans Book Travelers - A Royal Story Collector\u2019s Edition\",\"breadcrumb\":{\"@id\":\"https:\/\/www.iplay.com\/fr\/games\/book-travelers-a-royal-story-ce\/#breadcrumb\"},\"inLanguage\":\"fr-FR\",\"potentialAction\":[{\"@type\":\"ReadAction\",\"target\":[\"https:\/\/www.iplay.com\/fr\/games\/book-travelers-a-royal-story-ce\/\"]}]},{\"@type\":\"ImageObject\",\"inLanguage\":\"fr-FR\",\"@id\":\"https:\/\/www.iplay.com\/fr\/games\/book-travelers-a-royal-story-ce\/#primaryimage\",\"url\":\"https:\/\/www.iplay.com\/wp-content\/uploads\/2024\/09\/400x400-book_travelers_-_a_royal_story_ce_large_square_tile_image.webp\",\"contentUrl\":\"https:\/\/www.iplay.com\/wp-content\/uploads\/2024\/09\/400x400-book_travelers_-_a_royal_story_ce_large_square_tile_image.webp\",\"width\":400,\"height\":400},{\"@type\":\"BreadcrumbList\",\"@id\":\"https:\/\/www.iplay.com\/fr\/games\/book-travelers-a-royal-story-ce\/#breadcrumb\",\"itemListElement\":[{\"@type\":\"ListItem\",\"position\":1,\"name\":\"Home\",\"item\":\"https:\/\/www.iplay.com\/fr\/home-page-2\/\"},{\"@type\":\"ListItem\",\"position\":2,\"name\":\"Shop\",\"item\":\"https:\/\/www.iplay.com\/en\/shop\/\"},{\"@type\":\"ListItem\",\"position\":3,\"name\":\"Book Travelers: A Royal Story CE\"}]},{\"@type\":\"WebSite\",\"@id\":\"https:\/\/www.iplay.com\/en\/#website\",\"url\":\"https:\/\/www.iplay.com\/en\/\",\"name\":\"IPlay\",\"description\":\"The Best Casual Games!\",\"publisher\":{\"@id\":\"https:\/\/www.iplay.com\/en\/#organization\"},\"potentialAction\":[{\"@type\":\"SearchAction\",\"target\":{\"@type\":\"EntryPoint\",\"urlTemplate\":\"https:\/\/www.iplay.com\/en\/?s={search_term_string}\"},\"query-input\":{\"@type\":\"PropertyValueSpecification\",\"valueRequired\":true,\"valueName\":\"search_term_string\"}}],\"inLanguage\":\"fr-FR\"},{\"@type\":\"Organization\",\"@id\":\"https:\/\/www.iplay.com\/en\/#organization\",\"name\":\"IPlay\",\"url\":\"https:\/\/www.iplay.com\/en\/\",\"logo\":{\"@type\":\"ImageObject\",\"inLanguage\":\"fr-FR\",\"@id\":\"https:\/\/www.iplay.com\/en\/#\/schema\/logo\/image\/\",\"url\":\"https:\/\/www.iplay.com\/wp-content\/uploads\/2023\/11\/Group-6100.svg\",\"contentUrl\":\"https:\/\/www.iplay.com\/wp-content\/uploads\/2023\/11\/Group-6100.svg\",\"width\":98,\"height\":25,\"caption\":\"IPlay\"},\"image\":{\"@id\":\"https:\/\/www.iplay.com\/en\/#\/schema\/logo\/image\/\"}}]}<\/script>\n<!-- \/ Yoast SEO Premium plugin. -->","yoast_head_json":{"title":"Embarquez pour un voyage litt\u00e9raire dans Book Travelers\u00a0: A Royal Story CE","description":"Embarquez pour un voyage litt\u00e9raire dans Book Travelers - A Royal Story Collector\u2019s Edition","robots":{"index":"index","follow":"follow","max-snippet":"max-snippet:-1","max-image-preview":"max-image-preview:large","max-video-preview":"max-video-preview:-1"},"canonical":"https:\/\/www.iplay.com\/fr\/games\/book-travelers-a-royal-story-ce\/","og_locale":"fr_FR","og_type":"article","og_title":"Book Travelers: A Royal Story CE","og_description":"Embarquez pour un voyage litt\u00e9raire dans Book Travelers - A Royal Story Collector\u2019s Edition","og_url":"https:\/\/www.iplay.com\/fr\/games\/book-travelers-a-royal-story-ce\/","og_site_name":"IPlay","article_modified_time":"2025-02-28T15:15:27+00:00","og_image":[{"width":400,"height":400,"url":"https:\/\/www.iplay.com\/wp-content\/uploads\/2024\/09\/400x400-book_travelers_-_a_royal_story_ce_large_square_tile_image.webp","type":"image\/webp"}],"twitter_card":"summary_large_image","twitter_misc":{"Dur\u00e9e de lecture estim\u00e9e":"2 minutes"},"schema":{"@context":"https:\/\/schema.org","@graph":[{"@type":"WebPage","@id":"https:\/\/www.iplay.com\/fr\/games\/book-travelers-a-royal-story-ce\/","url":"https:\/\/www.iplay.com\/fr\/games\/book-travelers-a-royal-story-ce\/","name":"Embarquez pour un voyage litt\u00e9raire dans Book Travelers\u00a0: A Royal Story CE","isPartOf":{"@id":"https:\/\/www.iplay.com\/en\/#website"},"primaryImageOfPage":{"@id":"https:\/\/www.iplay.com\/fr\/games\/book-travelers-a-royal-story-ce\/#primaryimage"},"image":{"@id":"https:\/\/www.iplay.com\/fr\/games\/book-travelers-a-royal-story-ce\/#primaryimage"},"thumbnailUrl":"https:\/\/www.iplay.com\/wp-content\/uploads\/2024\/09\/400x400-book_travelers_-_a_royal_story_ce_large_square_tile_image.webp","datePublished":"2024-09-05T12:02:06+00:00","dateModified":"2025-02-28T15:15:27+00:00","description":"Embarquez pour un voyage litt\u00e9raire dans Book Travelers - A Royal Story Collector\u2019s Edition","breadcrumb":{"@id":"https:\/\/www.iplay.com\/fr\/games\/book-travelers-a-royal-story-ce\/#breadcrumb"},"inLanguage":"fr-FR","potentialAction":[{"@type":"ReadAction","target":["https:\/\/www.iplay.com\/fr\/games\/book-travelers-a-royal-story-ce\/"]}]},{"@type":"ImageObject","inLanguage":"fr-FR","@id":"https:\/\/www.iplay.com\/fr\/games\/book-travelers-a-royal-story-ce\/#primaryimage","url":"https:\/\/www.iplay.com\/wp-content\/uploads\/2024\/09\/400x400-book_travelers_-_a_royal_story_ce_large_square_tile_image.webp","contentUrl":"https:\/\/www.iplay.com\/wp-content\/uploads\/2024\/09\/400x400-book_travelers_-_a_royal_story_ce_large_square_tile_image.webp","width":400,"height":400},{"@type":"BreadcrumbList","@id":"https:\/\/www.iplay.com\/fr\/games\/book-travelers-a-royal-story-ce\/#breadcrumb","itemListElement":[{"@type":"ListItem","position":1,"name":"Home","item":"https:\/\/www.iplay.com\/fr\/home-page-2\/"},{"@type":"ListItem","position":2,"name":"Shop","item":"https:\/\/www.iplay.com\/en\/shop\/"},{"@type":"ListItem","position":3,"name":"Book Travelers: A Royal Story CE"}]},{"@type":"WebSite","@id":"https:\/\/www.iplay.com\/en\/#website","url":"https:\/\/www.iplay.com\/en\/","name":"IPlay","description":"The Best Casual Games!","publisher":{"@id":"https:\/\/www.iplay.com\/en\/#organization"},"potentialAction":[{"@type":"SearchAction","target":{"@type":"EntryPoint","urlTemplate":"https:\/\/www.iplay.com\/en\/?s={search_term_string}"},"query-input":{"@type":"PropertyValueSpecification","valueRequired":true,"valueName":"search_term_string"}}],"inLanguage":"fr-FR"},{"@type":"Organization","@id":"https:\/\/www.iplay.com\/en\/#organization","name":"IPlay","url":"https:\/\/www.iplay.com\/en\/","logo":{"@type":"ImageObject","inLanguage":"fr-FR","@id":"https:\/\/www.iplay.com\/en\/#\/schema\/logo\/image\/","url":"https:\/\/www.iplay.com\/wp-content\/uploads\/2023\/11\/Group-6100.svg","contentUrl":"https:\/\/www.iplay.com\/wp-content\/uploads\/2023\/11\/Group-6100.svg","width":98,"height":25,"caption":"IPlay"},"image":{"@id":"https:\/\/www.iplay.com\/en\/#\/schema\/logo\/image\/"}}]}},"_links":{"self":[{"href":"https:\/\/www.iplay.com\/fr\/wp-json\/wp\/v2\/product\/126563","targetHints":{"allow":["GET"]}}],"collection":[{"href":"https:\/\/www.iplay.com\/fr\/wp-json\/wp\/v2\/product"}],"about":[{"href":"https:\/\/www.iplay.com\/fr\/wp-json\/wp\/v2\/types\/product"}],"author":[{"embeddable":true,"href":"https:\/\/www.iplay.com\/fr\/wp-json\/wp\/v2\/users\/17"}],"replies":[{"embeddable":true,"href":"https:\/\/www.iplay.com\/fr\/wp-json\/wp\/v2\/comments?post=126563"}],"wp:featuredmedia":[{"embeddable":true,"href":"https:\/\/www.iplay.com\/fr\/wp-json\/wp\/v2\/media\/38768"}],"wp:attachment":[{"href":"https:\/\/www.iplay.com\/fr\/wp-json\/wp\/v2\/media?parent=126563"}],"wp:term":[{"taxonomy":"product_brand","embeddable":true,"href":"https:\/\/www.iplay.com\/fr\/wp-json\/wp\/v2\/product_brand?post=126563"},{"taxonomy":"product_cat","embeddable":true,"href":"https:\/\/www.iplay.com\/fr\/wp-json\/wp\/v2\/product_cat?post=126563"},{"taxonomy":"product_tag","embeddable":true,"href":"https:\/\/www.iplay.com\/fr\/wp-json\/wp\/v2\/product_tag?post=126563"}],"curies":[{"name":"wp","href":"https:\/\/api.w.org\/{rel}","templated":true}]}}