{"id":126538,"date":"2022-07-07T00:00:00","date_gmt":"2022-07-07T00:00:00","guid":{"rendered":"https:\/\/www.iplay.com\/games\/jewel-quest-the-sapphire-dragon-collectors-edition\/"},"modified":"2022-07-07T00:00:00","modified_gmt":"2022-07-07T00:00:00","slug":"jewel-quest-the-sapphire-dragon-collectors-edition","status":"publish","type":"product","link":"https:\/\/www.iplay.com\/fr\/games\/jewel-quest-the-sapphire-dragon-collectors-edition\/","title":{"rendered":"Jewel Quest: The Sapphire Dragon &#8212; Collector&#8217;s Edition"},"content":{"rendered":"<div class=\"flex flex-grow flex-col max-w-full\">\n<div class=\"min-h-[20px] text-message flex flex-col items-start gap-3 whitespace-pre-wrap break-words [.text-message+&amp;]:mt-5 overflow-x-auto\" data-message-author-role=\"assistant\" data-message-id=\"f0f06006-4622-461b-9617-11c321e49914\">\n<div class=\"markdown prose w-full break-words dark:prose-invert light\">\n<p>Embarquez pour l\u2019aventure dans <strong>Jewel Quest 6&nbsp;: The Sapphire Dragon<\/strong> alors que Raj subit le crash d\u2019un Cessna lors d\u2019une temp\u00eate de neige dans l\u2019Himalaya, ce qui le m\u00e8nera \u00e0 une d\u00e9couverte inattendue : le Temple des V\u0153ux, que l\u2019on croyait auparavant \u00eatre un mythe ! Raj rassemble une \u00e9quipe pour explorer le temple, mais leurs plans prennent une tournure soudaine lorsqu\u2019ils rencontrent une bande de pirates impitoyables. Aujourd\u2019hui, \u00e0 la poursuite de Jiang Hao et de son \u00e9quipage, les arch\u00e9ologues d\u2019\u00e9lite de Raj se lancent dans une qu\u00eate mondiale. Tout au long de leur p\u00e9rilleux voyage, ils doivent utiliser leur expertise pour percer les myst\u00e8res entourant l\u2019\u00e9nigmatique dragon de saphir. Au milieu de dangers constants, un triangle amoureux se d\u00e9ploie entre trois compagnons. En rejoignant l\u2019\u00e9quipe, d\u00e9couvrez qui r\u00e9chauffera le c\u0153ur et qui se brisera.     <\/p>\n<p>&nbsp;<\/p>\n<p><strong>Jewel Quest 6<\/strong> pr\u00e9sente 200 nouveaux panneaux de bijoux, vous guidant \u00e0 travers l\u2019exploration d\u2019anciennes merveilles et la r\u00e9v\u00e9lation du secret du dragon de saphir. Participez \u00e0 des tableaux de joyaux bourr\u00e9s d\u2019action et testez vos comp\u00e9tences avec des d\u00e9fis bonus cach\u00e9s. Voyagez du N\u00e9pal \u00e0 la Chine et \u00e0 la M\u00e9diterran\u00e9e, pour d\u00e9couvrir les secrets du l\u00e9gendaire dragon saphir.  <\/p>\n<p>Profitez de la nouvelle fonction Multi Matching, qui vous permet de changer continuellement de joyaux pendant que d\u2019autres gemmes sont en mouvement.<\/p>\n<p>Pour r\u00e9pondre \u00e0 la demande g\u00e9n\u00e9rale, choisissez votre niveau de difficult\u00e9 pr\u00e9f\u00e9r\u00e9, allant de Facile \u00e0 Complexe !<\/p>\n<p>Choisissez l\u2019un des cinq personnages audacieux, chacun avec des comp\u00e9tences uniques pour vous aider \u00e0 r\u00e9soudre des tableaux de gemmes.<\/p>\n<p>Relevez de nouveaux d\u00e9fis dans huit modes de gemmes in\u00e9dits.<\/p>\n<p>Pouvez-vous d\u00e9couvrir de nouvelles vari\u00e9t\u00e9s de joyaux ou compl\u00e9ter le plateau avant qu\u2019il ne soit inond\u00e9 ?<\/p>\n<p>&nbsp;<\/p>\n<p><strong>Points forts de l\u2019\u00e9dition collector<\/strong><\/p>\n<p>&nbsp;<\/p>\n<ul>\n<li>40 planches de joyaux bonus<\/li>\n<li>Guide strat\u00e9gique<\/li>\n<li>Art conceptuel<\/li>\n<li>Fonds d\u2019\u00e9cran et \u00e9conomiseur d\u2019\u00e9cran<\/li>\n<\/ul>\n<\/div>\n<\/div>\n<\/div>\n","protected":false},"excerpt":{"rendered":"<p>D\u00e9couvrez le myst\u00e8re qui entoure le rare dragon de saphir !<\/p>\n","protected":false},"author":4,"featured_media":57333,"comment_status":"open","ping_status":"closed","template":"","meta":{"_acf_changed":false,"inline_featured_image":false},"product_brand":[],"product_cat":[177],"product_tag":[287],"class_list":{"0":"post-126538","1":"product","2":"type-product","3":"status-publish","4":"has-post-thumbnail","6":"product_cat-match-3-fr","7":"product_tag-play-on-pc-fr","9":"first","10":"instock","11":"shipping-taxable","12":"purchasable","13":"product-type-simple"},"acf":[],"yoast_head":"<!-- This site is optimized with the Yoast SEO Premium plugin v25.2 (Yoast SEO v25.2) - https:\/\/yoast.com\/wordpress\/plugins\/seo\/ -->\n<title>Jewel Quest\u00a0: Le Dragon de Saphir -- \u00c9dition Collector - D\u00e9couvrez le secret du Dragon de Saphir<\/title>\n<meta name=\"description\" content=\"D\u00e9couvrez le myst\u00e8re qui entoure le rare dragon de saphir !\" \/>\n<meta name=\"robots\" content=\"index, follow, max-snippet:-1, max-image-preview:large, max-video-preview:-1\" \/>\n<link rel=\"canonical\" href=\"https:\/\/www.iplay.com\/fr\/games\/jewel-quest-the-sapphire-dragon-collectors-edition\/\" \/>\n<meta property=\"og:locale\" content=\"fr_FR\" \/>\n<meta property=\"og:type\" content=\"article\" \/>\n<meta property=\"og:title\" content=\"Jewel Quest: The Sapphire Dragon -- Collector&#039;s Edition\" \/>\n<meta property=\"og:description\" content=\"D\u00e9couvrez le myst\u00e8re qui entoure le rare dragon de saphir !\" \/>\n<meta property=\"og:url\" content=\"https:\/\/www.iplay.com\/fr\/games\/jewel-quest-the-sapphire-dragon-collectors-edition\/\" \/>\n<meta property=\"og:site_name\" content=\"IPlay\" \/>\n<meta property=\"og:image\" content=\"https:\/\/www.iplay.com\/wp-content\/uploads\/2023\/12\/large_square_tile_image-1056.jpg\" \/>\n\t<meta property=\"og:image:width\" content=\"310\" \/>\n\t<meta property=\"og:image:height\" content=\"310\" \/>\n\t<meta property=\"og:image:type\" content=\"image\/jpeg\" \/>\n<meta name=\"twitter:card\" content=\"summary_large_image\" \/>\n<meta name=\"twitter:label1\" content=\"Dur\u00e9e de lecture estim\u00e9e\" \/>\n\t<meta name=\"twitter:data1\" content=\"2 minutes\" \/>\n<script type=\"application\/ld+json\" class=\"yoast-schema-graph\">{\"@context\":\"https:\/\/schema.org\",\"@graph\":[{\"@type\":\"WebPage\",\"@id\":\"https:\/\/www.iplay.com\/fr\/games\/jewel-quest-the-sapphire-dragon-collectors-edition\/\",\"url\":\"https:\/\/www.iplay.com\/fr\/games\/jewel-quest-the-sapphire-dragon-collectors-edition\/\",\"name\":\"Jewel Quest\u00a0: Le Dragon de Saphir -- \u00c9dition Collector - D\u00e9couvrez le secret du Dragon de Saphir\",\"isPartOf\":{\"@id\":\"https:\/\/www.iplay.com\/en\/#website\"},\"primaryImageOfPage\":{\"@id\":\"https:\/\/www.iplay.com\/fr\/games\/jewel-quest-the-sapphire-dragon-collectors-edition\/#primaryimage\"},\"image\":{\"@id\":\"https:\/\/www.iplay.com\/fr\/games\/jewel-quest-the-sapphire-dragon-collectors-edition\/#primaryimage\"},\"thumbnailUrl\":\"https:\/\/www.iplay.com\/wp-content\/uploads\/2023\/12\/large_square_tile_image-1056.jpg\",\"datePublished\":\"2022-07-07T00:00:00+00:00\",\"description\":\"D\u00e9couvrez le myst\u00e8re qui entoure le rare dragon de saphir !\",\"breadcrumb\":{\"@id\":\"https:\/\/www.iplay.com\/fr\/games\/jewel-quest-the-sapphire-dragon-collectors-edition\/#breadcrumb\"},\"inLanguage\":\"fr-FR\",\"potentialAction\":[{\"@type\":\"ReadAction\",\"target\":[\"https:\/\/www.iplay.com\/fr\/games\/jewel-quest-the-sapphire-dragon-collectors-edition\/\"]}]},{\"@type\":\"ImageObject\",\"inLanguage\":\"fr-FR\",\"@id\":\"https:\/\/www.iplay.com\/fr\/games\/jewel-quest-the-sapphire-dragon-collectors-edition\/#primaryimage\",\"url\":\"https:\/\/www.iplay.com\/wp-content\/uploads\/2023\/12\/large_square_tile_image-1056.jpg\",\"contentUrl\":\"https:\/\/www.iplay.com\/wp-content\/uploads\/2023\/12\/large_square_tile_image-1056.jpg\",\"width\":310,\"height\":310},{\"@type\":\"BreadcrumbList\",\"@id\":\"https:\/\/www.iplay.com\/fr\/games\/jewel-quest-the-sapphire-dragon-collectors-edition\/#breadcrumb\",\"itemListElement\":[{\"@type\":\"ListItem\",\"position\":1,\"name\":\"Home\",\"item\":\"https:\/\/www.iplay.com\/fr\/home-page-2\/\"},{\"@type\":\"ListItem\",\"position\":2,\"name\":\"Shop\",\"item\":\"https:\/\/www.iplay.com\/en\/shop\/\"},{\"@type\":\"ListItem\",\"position\":3,\"name\":\"Jewel Quest: The Sapphire Dragon &#8212; Collector&#8217;s Edition\"}]},{\"@type\":\"WebSite\",\"@id\":\"https:\/\/www.iplay.com\/en\/#website\",\"url\":\"https:\/\/www.iplay.com\/en\/\",\"name\":\"IPlay\",\"description\":\"The Best Casual Games!\",\"publisher\":{\"@id\":\"https:\/\/www.iplay.com\/en\/#organization\"},\"potentialAction\":[{\"@type\":\"SearchAction\",\"target\":{\"@type\":\"EntryPoint\",\"urlTemplate\":\"https:\/\/www.iplay.com\/en\/?s={search_term_string}\"},\"query-input\":{\"@type\":\"PropertyValueSpecification\",\"valueRequired\":true,\"valueName\":\"search_term_string\"}}],\"inLanguage\":\"fr-FR\"},{\"@type\":\"Organization\",\"@id\":\"https:\/\/www.iplay.com\/en\/#organization\",\"name\":\"IPlay\",\"url\":\"https:\/\/www.iplay.com\/en\/\",\"logo\":{\"@type\":\"ImageObject\",\"inLanguage\":\"fr-FR\",\"@id\":\"https:\/\/www.iplay.com\/en\/#\/schema\/logo\/image\/\",\"url\":\"https:\/\/www.iplay.com\/wp-content\/uploads\/2023\/11\/Group-6100.svg\",\"contentUrl\":\"https:\/\/www.iplay.com\/wp-content\/uploads\/2023\/11\/Group-6100.svg\",\"width\":98,\"height\":25,\"caption\":\"IPlay\"},\"image\":{\"@id\":\"https:\/\/www.iplay.com\/en\/#\/schema\/logo\/image\/\"}}]}<\/script>\n<!-- \/ Yoast SEO Premium plugin. -->","yoast_head_json":{"title":"Jewel Quest\u00a0: Le Dragon de Saphir -- \u00c9dition Collector - D\u00e9couvrez le secret du Dragon de Saphir","description":"D\u00e9couvrez le myst\u00e8re qui entoure le rare dragon de saphir !","robots":{"index":"index","follow":"follow","max-snippet":"max-snippet:-1","max-image-preview":"max-image-preview:large","max-video-preview":"max-video-preview:-1"},"canonical":"https:\/\/www.iplay.com\/fr\/games\/jewel-quest-the-sapphire-dragon-collectors-edition\/","og_locale":"fr_FR","og_type":"article","og_title":"Jewel Quest: The Sapphire Dragon -- Collector's Edition","og_description":"D\u00e9couvrez le myst\u00e8re qui entoure le rare dragon de saphir !","og_url":"https:\/\/www.iplay.com\/fr\/games\/jewel-quest-the-sapphire-dragon-collectors-edition\/","og_site_name":"IPlay","og_image":[{"width":310,"height":310,"url":"https:\/\/www.iplay.com\/wp-content\/uploads\/2023\/12\/large_square_tile_image-1056.jpg","type":"image\/jpeg"}],"twitter_card":"summary_large_image","twitter_misc":{"Dur\u00e9e de lecture estim\u00e9e":"2 minutes"},"schema":{"@context":"https:\/\/schema.org","@graph":[{"@type":"WebPage","@id":"https:\/\/www.iplay.com\/fr\/games\/jewel-quest-the-sapphire-dragon-collectors-edition\/","url":"https:\/\/www.iplay.com\/fr\/games\/jewel-quest-the-sapphire-dragon-collectors-edition\/","name":"Jewel Quest\u00a0: Le Dragon de Saphir -- \u00c9dition Collector - D\u00e9couvrez le secret du Dragon de Saphir","isPartOf":{"@id":"https:\/\/www.iplay.com\/en\/#website"},"primaryImageOfPage":{"@id":"https:\/\/www.iplay.com\/fr\/games\/jewel-quest-the-sapphire-dragon-collectors-edition\/#primaryimage"},"image":{"@id":"https:\/\/www.iplay.com\/fr\/games\/jewel-quest-the-sapphire-dragon-collectors-edition\/#primaryimage"},"thumbnailUrl":"https:\/\/www.iplay.com\/wp-content\/uploads\/2023\/12\/large_square_tile_image-1056.jpg","datePublished":"2022-07-07T00:00:00+00:00","description":"D\u00e9couvrez le myst\u00e8re qui entoure le rare dragon de saphir !","breadcrumb":{"@id":"https:\/\/www.iplay.com\/fr\/games\/jewel-quest-the-sapphire-dragon-collectors-edition\/#breadcrumb"},"inLanguage":"fr-FR","potentialAction":[{"@type":"ReadAction","target":["https:\/\/www.iplay.com\/fr\/games\/jewel-quest-the-sapphire-dragon-collectors-edition\/"]}]},{"@type":"ImageObject","inLanguage":"fr-FR","@id":"https:\/\/www.iplay.com\/fr\/games\/jewel-quest-the-sapphire-dragon-collectors-edition\/#primaryimage","url":"https:\/\/www.iplay.com\/wp-content\/uploads\/2023\/12\/large_square_tile_image-1056.jpg","contentUrl":"https:\/\/www.iplay.com\/wp-content\/uploads\/2023\/12\/large_square_tile_image-1056.jpg","width":310,"height":310},{"@type":"BreadcrumbList","@id":"https:\/\/www.iplay.com\/fr\/games\/jewel-quest-the-sapphire-dragon-collectors-edition\/#breadcrumb","itemListElement":[{"@type":"ListItem","position":1,"name":"Home","item":"https:\/\/www.iplay.com\/fr\/home-page-2\/"},{"@type":"ListItem","position":2,"name":"Shop","item":"https:\/\/www.iplay.com\/en\/shop\/"},{"@type":"ListItem","position":3,"name":"Jewel Quest: The Sapphire Dragon &#8212; Collector&#8217;s Edition"}]},{"@type":"WebSite","@id":"https:\/\/www.iplay.com\/en\/#website","url":"https:\/\/www.iplay.com\/en\/","name":"IPlay","description":"The Best Casual Games!","publisher":{"@id":"https:\/\/www.iplay.com\/en\/#organization"},"potentialAction":[{"@type":"SearchAction","target":{"@type":"EntryPoint","urlTemplate":"https:\/\/www.iplay.com\/en\/?s={search_term_string}"},"query-input":{"@type":"PropertyValueSpecification","valueRequired":true,"valueName":"search_term_string"}}],"inLanguage":"fr-FR"},{"@type":"Organization","@id":"https:\/\/www.iplay.com\/en\/#organization","name":"IPlay","url":"https:\/\/www.iplay.com\/en\/","logo":{"@type":"ImageObject","inLanguage":"fr-FR","@id":"https:\/\/www.iplay.com\/en\/#\/schema\/logo\/image\/","url":"https:\/\/www.iplay.com\/wp-content\/uploads\/2023\/11\/Group-6100.svg","contentUrl":"https:\/\/www.iplay.com\/wp-content\/uploads\/2023\/11\/Group-6100.svg","width":98,"height":25,"caption":"IPlay"},"image":{"@id":"https:\/\/www.iplay.com\/en\/#\/schema\/logo\/image\/"}}]}},"_links":{"self":[{"href":"https:\/\/www.iplay.com\/fr\/wp-json\/wp\/v2\/product\/126538","targetHints":{"allow":["GET"]}}],"collection":[{"href":"https:\/\/www.iplay.com\/fr\/wp-json\/wp\/v2\/product"}],"about":[{"href":"https:\/\/www.iplay.com\/fr\/wp-json\/wp\/v2\/types\/product"}],"author":[{"embeddable":true,"href":"https:\/\/www.iplay.com\/fr\/wp-json\/wp\/v2\/users\/4"}],"replies":[{"embeddable":true,"href":"https:\/\/www.iplay.com\/fr\/wp-json\/wp\/v2\/comments?post=126538"}],"wp:featuredmedia":[{"embeddable":true,"href":"https:\/\/www.iplay.com\/fr\/wp-json\/wp\/v2\/media\/57333"}],"wp:attachment":[{"href":"https:\/\/www.iplay.com\/fr\/wp-json\/wp\/v2\/media?parent=126538"}],"wp:term":[{"taxonomy":"product_brand","embeddable":true,"href":"https:\/\/www.iplay.com\/fr\/wp-json\/wp\/v2\/product_brand?post=126538"},{"taxonomy":"product_cat","embeddable":true,"href":"https:\/\/www.iplay.com\/fr\/wp-json\/wp\/v2\/product_cat?post=126538"},{"taxonomy":"product_tag","embeddable":true,"href":"https:\/\/www.iplay.com\/fr\/wp-json\/wp\/v2\/product_tag?post=126538"}],"curies":[{"name":"wp","href":"https:\/\/api.w.org\/{rel}","templated":true}]}}