{"id":126524,"date":"2009-09-03T00:00:00","date_gmt":"2009-09-03T00:00:00","guid":{"rendered":"https:\/\/www.iplay.com\/games\/horatios-travels\/"},"modified":"2009-09-03T00:00:00","modified_gmt":"2009-09-03T00:00:00","slug":"horatios-travels","status":"publish","type":"product","link":"https:\/\/www.iplay.com\/fr\/games\/horatios-travels\/","title":{"rendered":"Horatio&#8217;s Travels"},"content":{"rendered":"<p>Lieux \u00e0 voir ! Des gens \u00e0 rencontrer ! Horatio n\u2019arrive tout simplement pas \u00e0 s\u2019installer avec tout un monde de possibilit\u00e9s \u00e0 sa porte. La solution ? Il ouvrira son propre stand de cr\u00e8me glac\u00e9e pour financer son envie de voyager. Suivez Horatio dans son aventure autour du monde alors qu\u2019il apporte de d\u00e9licieuses friandises \u00e0 certains des clients les plus farfelus de la plan\u00e8te. Gardez la t\u00eate froide et un \u0153il attentif sur ces commandes, et vous rencontrerez des pirates pointilleux, des pingouins croustillants, des oursons voraces et le reste de leurs amis amateurs de glaces. Visitez le paradis et devenez le scoop le plus rapide du r\u00e8gne animal dans Horatio\u2019s Travels.<\/p>\n","protected":false},"excerpt":{"rendered":"<p>Lieux \u00e0 voir ! Des gens \u00e0 rencontrer ! Horatio n\u2019arrive tout simplement pas \u00e0 s\u2019installer avec tout un monde de possibilit\u00e9s \u00e0 sa porte. La solution ?   <\/p>\n","protected":false},"author":114,"featured_media":58485,"comment_status":"open","ping_status":"closed","template":"","meta":{"_acf_changed":false,"inline_featured_image":false},"product_brand":[],"product_cat":[216],"product_tag":[287],"class_list":{"0":"post-126524","1":"product","2":"type-product","3":"status-publish","4":"has-post-thumbnail","6":"product_cat-time-management-fr","7":"product_tag-play-on-pc-fr","9":"first","10":"instock","11":"shipping-taxable","12":"purchasable","13":"product-type-simple"},"acf":[],"yoast_head":"<!-- This site is optimized with the Yoast SEO Premium plugin v25.2 (Yoast SEO v25.2) - https:\/\/yoast.com\/wordpress\/plugins\/seo\/ -->\n<title>Horatio\u2019s Travels - Amusez-vous avec des pingouins lanceurs de glaces dans cette d\u00e9licieuse aventure<\/title>\n<meta name=\"description\" content=\"Lieux \u00e0 voir ! Des gens \u00e0 rencontrer ! Horatio n\u2019arrive tout simplement pas \u00e0 s\u2019installer avec tout un monde de possibilit\u00e9s \u00e0 sa porte. La solution ?\" \/>\n<meta name=\"robots\" content=\"index, follow, max-snippet:-1, max-image-preview:large, max-video-preview:-1\" \/>\n<link rel=\"canonical\" href=\"https:\/\/www.iplay.com\/fr\/games\/horatios-travels\/\" \/>\n<meta property=\"og:locale\" content=\"fr_FR\" \/>\n<meta property=\"og:type\" content=\"article\" \/>\n<meta property=\"og:title\" content=\"Horatio&#039;s Travels\" \/>\n<meta property=\"og:description\" content=\"Lieux \u00e0 voir ! Des gens \u00e0 rencontrer ! Horatio n\u2019arrive tout simplement pas \u00e0 s\u2019installer avec tout un monde de possibilit\u00e9s \u00e0 sa porte. La solution ?\" \/>\n<meta property=\"og:url\" content=\"https:\/\/www.iplay.com\/fr\/games\/horatios-travels\/\" \/>\n<meta property=\"og:site_name\" content=\"IPlay\" \/>\n<meta property=\"og:image\" content=\"https:\/\/www.iplay.com\/wp-content\/uploads\/2023\/12\/large_square_tile_image-1130.jpg\" \/>\n\t<meta property=\"og:image:width\" content=\"310\" \/>\n\t<meta property=\"og:image:height\" content=\"310\" \/>\n\t<meta property=\"og:image:type\" content=\"image\/jpeg\" \/>\n<meta name=\"twitter:card\" content=\"summary_large_image\" \/>\n<meta name=\"twitter:label1\" content=\"Dur\u00e9e de lecture estim\u00e9e\" \/>\n\t<meta name=\"twitter:data1\" content=\"1 minute\" \/>\n<script type=\"application\/ld+json\" class=\"yoast-schema-graph\">{\"@context\":\"https:\/\/schema.org\",\"@graph\":[{\"@type\":\"WebPage\",\"@id\":\"https:\/\/www.iplay.com\/fr\/games\/horatios-travels\/\",\"url\":\"https:\/\/www.iplay.com\/fr\/games\/horatios-travels\/\",\"name\":\"Horatio\u2019s Travels - Amusez-vous avec des pingouins lanceurs de glaces dans cette d\u00e9licieuse aventure\",\"isPartOf\":{\"@id\":\"https:\/\/www.iplay.com\/en\/#website\"},\"primaryImageOfPage\":{\"@id\":\"https:\/\/www.iplay.com\/fr\/games\/horatios-travels\/#primaryimage\"},\"image\":{\"@id\":\"https:\/\/www.iplay.com\/fr\/games\/horatios-travels\/#primaryimage\"},\"thumbnailUrl\":\"https:\/\/www.iplay.com\/wp-content\/uploads\/2023\/12\/large_square_tile_image-1130.jpg\",\"datePublished\":\"2009-09-03T00:00:00+00:00\",\"description\":\"Lieux \u00e0 voir ! Des gens \u00e0 rencontrer ! Horatio n\u2019arrive tout simplement pas \u00e0 s\u2019installer avec tout un monde de possibilit\u00e9s \u00e0 sa porte. La solution ?\",\"breadcrumb\":{\"@id\":\"https:\/\/www.iplay.com\/fr\/games\/horatios-travels\/#breadcrumb\"},\"inLanguage\":\"fr-FR\",\"potentialAction\":[{\"@type\":\"ReadAction\",\"target\":[\"https:\/\/www.iplay.com\/fr\/games\/horatios-travels\/\"]}]},{\"@type\":\"ImageObject\",\"inLanguage\":\"fr-FR\",\"@id\":\"https:\/\/www.iplay.com\/fr\/games\/horatios-travels\/#primaryimage\",\"url\":\"https:\/\/www.iplay.com\/wp-content\/uploads\/2023\/12\/large_square_tile_image-1130.jpg\",\"contentUrl\":\"https:\/\/www.iplay.com\/wp-content\/uploads\/2023\/12\/large_square_tile_image-1130.jpg\",\"width\":310,\"height\":310},{\"@type\":\"BreadcrumbList\",\"@id\":\"https:\/\/www.iplay.com\/fr\/games\/horatios-travels\/#breadcrumb\",\"itemListElement\":[{\"@type\":\"ListItem\",\"position\":1,\"name\":\"Home\",\"item\":\"https:\/\/www.iplay.com\/fr\/home-page-2\/\"},{\"@type\":\"ListItem\",\"position\":2,\"name\":\"Shop\",\"item\":\"https:\/\/www.iplay.com\/en\/shop\/\"},{\"@type\":\"ListItem\",\"position\":3,\"name\":\"Horatio&#8217;s Travels\"}]},{\"@type\":\"WebSite\",\"@id\":\"https:\/\/www.iplay.com\/en\/#website\",\"url\":\"https:\/\/www.iplay.com\/en\/\",\"name\":\"IPlay\",\"description\":\"The Best Casual Games!\",\"publisher\":{\"@id\":\"https:\/\/www.iplay.com\/en\/#organization\"},\"potentialAction\":[{\"@type\":\"SearchAction\",\"target\":{\"@type\":\"EntryPoint\",\"urlTemplate\":\"https:\/\/www.iplay.com\/en\/?s={search_term_string}\"},\"query-input\":{\"@type\":\"PropertyValueSpecification\",\"valueRequired\":true,\"valueName\":\"search_term_string\"}}],\"inLanguage\":\"fr-FR\"},{\"@type\":\"Organization\",\"@id\":\"https:\/\/www.iplay.com\/en\/#organization\",\"name\":\"IPlay\",\"url\":\"https:\/\/www.iplay.com\/en\/\",\"logo\":{\"@type\":\"ImageObject\",\"inLanguage\":\"fr-FR\",\"@id\":\"https:\/\/www.iplay.com\/en\/#\/schema\/logo\/image\/\",\"url\":\"https:\/\/www.iplay.com\/wp-content\/uploads\/2023\/11\/Group-6100.svg\",\"contentUrl\":\"https:\/\/www.iplay.com\/wp-content\/uploads\/2023\/11\/Group-6100.svg\",\"width\":98,\"height\":25,\"caption\":\"IPlay\"},\"image\":{\"@id\":\"https:\/\/www.iplay.com\/en\/#\/schema\/logo\/image\/\"}}]}<\/script>\n<!-- \/ Yoast SEO Premium plugin. -->","yoast_head_json":{"title":"Horatio\u2019s Travels - Amusez-vous avec des pingouins lanceurs de glaces dans cette d\u00e9licieuse aventure","description":"Lieux \u00e0 voir ! Des gens \u00e0 rencontrer ! Horatio n\u2019arrive tout simplement pas \u00e0 s\u2019installer avec tout un monde de possibilit\u00e9s \u00e0 sa porte. La solution ?","robots":{"index":"index","follow":"follow","max-snippet":"max-snippet:-1","max-image-preview":"max-image-preview:large","max-video-preview":"max-video-preview:-1"},"canonical":"https:\/\/www.iplay.com\/fr\/games\/horatios-travels\/","og_locale":"fr_FR","og_type":"article","og_title":"Horatio's Travels","og_description":"Lieux \u00e0 voir ! Des gens \u00e0 rencontrer ! Horatio n\u2019arrive tout simplement pas \u00e0 s\u2019installer avec tout un monde de possibilit\u00e9s \u00e0 sa porte. La solution ?","og_url":"https:\/\/www.iplay.com\/fr\/games\/horatios-travels\/","og_site_name":"IPlay","og_image":[{"width":310,"height":310,"url":"https:\/\/www.iplay.com\/wp-content\/uploads\/2023\/12\/large_square_tile_image-1130.jpg","type":"image\/jpeg"}],"twitter_card":"summary_large_image","twitter_misc":{"Dur\u00e9e de lecture estim\u00e9e":"1 minute"},"schema":{"@context":"https:\/\/schema.org","@graph":[{"@type":"WebPage","@id":"https:\/\/www.iplay.com\/fr\/games\/horatios-travels\/","url":"https:\/\/www.iplay.com\/fr\/games\/horatios-travels\/","name":"Horatio\u2019s Travels - Amusez-vous avec des pingouins lanceurs de glaces dans cette d\u00e9licieuse aventure","isPartOf":{"@id":"https:\/\/www.iplay.com\/en\/#website"},"primaryImageOfPage":{"@id":"https:\/\/www.iplay.com\/fr\/games\/horatios-travels\/#primaryimage"},"image":{"@id":"https:\/\/www.iplay.com\/fr\/games\/horatios-travels\/#primaryimage"},"thumbnailUrl":"https:\/\/www.iplay.com\/wp-content\/uploads\/2023\/12\/large_square_tile_image-1130.jpg","datePublished":"2009-09-03T00:00:00+00:00","description":"Lieux \u00e0 voir ! Des gens \u00e0 rencontrer ! Horatio n\u2019arrive tout simplement pas \u00e0 s\u2019installer avec tout un monde de possibilit\u00e9s \u00e0 sa porte. La solution ?","breadcrumb":{"@id":"https:\/\/www.iplay.com\/fr\/games\/horatios-travels\/#breadcrumb"},"inLanguage":"fr-FR","potentialAction":[{"@type":"ReadAction","target":["https:\/\/www.iplay.com\/fr\/games\/horatios-travels\/"]}]},{"@type":"ImageObject","inLanguage":"fr-FR","@id":"https:\/\/www.iplay.com\/fr\/games\/horatios-travels\/#primaryimage","url":"https:\/\/www.iplay.com\/wp-content\/uploads\/2023\/12\/large_square_tile_image-1130.jpg","contentUrl":"https:\/\/www.iplay.com\/wp-content\/uploads\/2023\/12\/large_square_tile_image-1130.jpg","width":310,"height":310},{"@type":"BreadcrumbList","@id":"https:\/\/www.iplay.com\/fr\/games\/horatios-travels\/#breadcrumb","itemListElement":[{"@type":"ListItem","position":1,"name":"Home","item":"https:\/\/www.iplay.com\/fr\/home-page-2\/"},{"@type":"ListItem","position":2,"name":"Shop","item":"https:\/\/www.iplay.com\/en\/shop\/"},{"@type":"ListItem","position":3,"name":"Horatio&#8217;s Travels"}]},{"@type":"WebSite","@id":"https:\/\/www.iplay.com\/en\/#website","url":"https:\/\/www.iplay.com\/en\/","name":"IPlay","description":"The Best Casual Games!","publisher":{"@id":"https:\/\/www.iplay.com\/en\/#organization"},"potentialAction":[{"@type":"SearchAction","target":{"@type":"EntryPoint","urlTemplate":"https:\/\/www.iplay.com\/en\/?s={search_term_string}"},"query-input":{"@type":"PropertyValueSpecification","valueRequired":true,"valueName":"search_term_string"}}],"inLanguage":"fr-FR"},{"@type":"Organization","@id":"https:\/\/www.iplay.com\/en\/#organization","name":"IPlay","url":"https:\/\/www.iplay.com\/en\/","logo":{"@type":"ImageObject","inLanguage":"fr-FR","@id":"https:\/\/www.iplay.com\/en\/#\/schema\/logo\/image\/","url":"https:\/\/www.iplay.com\/wp-content\/uploads\/2023\/11\/Group-6100.svg","contentUrl":"https:\/\/www.iplay.com\/wp-content\/uploads\/2023\/11\/Group-6100.svg","width":98,"height":25,"caption":"IPlay"},"image":{"@id":"https:\/\/www.iplay.com\/en\/#\/schema\/logo\/image\/"}}]}},"_links":{"self":[{"href":"https:\/\/www.iplay.com\/fr\/wp-json\/wp\/v2\/product\/126524","targetHints":{"allow":["GET"]}}],"collection":[{"href":"https:\/\/www.iplay.com\/fr\/wp-json\/wp\/v2\/product"}],"about":[{"href":"https:\/\/www.iplay.com\/fr\/wp-json\/wp\/v2\/types\/product"}],"author":[{"embeddable":true,"href":"https:\/\/www.iplay.com\/fr\/wp-json\/wp\/v2\/users\/114"}],"replies":[{"embeddable":true,"href":"https:\/\/www.iplay.com\/fr\/wp-json\/wp\/v2\/comments?post=126524"}],"wp:featuredmedia":[{"embeddable":true,"href":"https:\/\/www.iplay.com\/fr\/wp-json\/wp\/v2\/media\/58485"}],"wp:attachment":[{"href":"https:\/\/www.iplay.com\/fr\/wp-json\/wp\/v2\/media?parent=126524"}],"wp:term":[{"taxonomy":"product_brand","embeddable":true,"href":"https:\/\/www.iplay.com\/fr\/wp-json\/wp\/v2\/product_brand?post=126524"},{"taxonomy":"product_cat","embeddable":true,"href":"https:\/\/www.iplay.com\/fr\/wp-json\/wp\/v2\/product_cat?post=126524"},{"taxonomy":"product_tag","embeddable":true,"href":"https:\/\/www.iplay.com\/fr\/wp-json\/wp\/v2\/product_tag?post=126524"}],"curies":[{"name":"wp","href":"https:\/\/api.w.org\/{rel}","templated":true}]}}