{"id":126518,"date":"2022-09-03T00:00:00","date_gmt":"2022-09-03T00:00:00","guid":{"rendered":"https:\/\/www.iplay.com\/games\/barbarous-2-tavern-wars\/"},"modified":"2022-09-03T00:00:00","modified_gmt":"2022-09-03T00:00:00","slug":"barbarous-2-tavern-wars","status":"publish","type":"product","link":"https:\/\/www.iplay.com\/fr\/games\/barbarous-2-tavern-wars\/","title":{"rendered":"Barbarous 2 &#8211; Tavern Wars"},"content":{"rendered":"<p>L\u2019agitation de la taverne a \u00e9t\u00e9 bris\u00e9e par nul autre que le Paladin McArthus, un nom connu dans tous les royaumes ! McArthus est pr\u00eat \u00e0 faire \u00e0 Emyr une offre qu\u2019il ne peut pas refuser, inspir\u00e9 par le nouvel emploi r\u00e9ussi de son ancien adversaire Emyr. Pendant ce temps, Gwen est incapable d\u2019\u00e9chapper \u00e0 ses obligations familiales. Choisira-t-elle la responsabilit\u00e9 plut\u00f4t que de renoncer \u00e0 ce qu\u2019elle aime ? Emyr se retrouve rapidement impliqu\u00e9 dans un jeu trompeur sans r\u00e8gles claires. Quand il s\u2019agit de la fiert\u00e9 et de la renomm\u00e9e du meilleur bar du monde, il ne peut y avoir de compassion ! Le pouvoir des liens familiaux et de l\u2019amiti\u00e9 suffira-t-il \u00e0 surmonter l\u2019adversit\u00e9 ? G\u00e9rez bien votre temps et vous serez en mesure de g\u00e9rer une taverne qui plaira non seulement \u00e0 vos clients, mais aussi au Grand Critique Culinaire ! Profitez de l\u2019excellente intrigue du jeu et d\u2019un gameplay captivant \u00e0 travers les 60 niveaux.        <\/p>\n<p>&nbsp;<\/p>\n<p>&nbsp;<\/p>\n<p><strong>Fonctionnalit\u00e9s:<\/strong><\/p>\n<p>&nbsp;<\/p>\n<p>&#8211; Rejoignez Emyr et le groupe des Barbares dans une nouvelle aventure passionnante !<br \/>\n&#8211; Plongez dans une histoire incroyable et rendez votre taverne populaire dans tout le pays !<br \/>\n&#8211; Personnalisez le jeu en s\u00e9lectionnant l\u2019un des trois niveaux de difficult\u00e9.<br \/>\n&#8211; Explorez des lieux \u00e9poustouflants sur une bande-son \u00e9pique.<\/p>\n","protected":false},"excerpt":{"rendered":"<p>Retournez voir Emyr et le groupe des Barbares alors qu\u2019ils font face \u00e0 de nouveaux d\u00e9fis incroyables !<\/p>\n","protected":false},"author":128,"featured_media":76104,"comment_status":"open","ping_status":"closed","template":"","meta":{"_acf_changed":false,"inline_featured_image":false},"product_brand":[],"product_cat":[216],"product_tag":[287],"class_list":{"0":"post-126518","1":"product","2":"type-product","3":"status-publish","4":"has-post-thumbnail","6":"product_cat-time-management-fr","7":"product_tag-play-on-pc-fr","9":"first","10":"instock","11":"shipping-taxable","12":"purchasable","13":"product-type-simple"},"acf":[],"yoast_head":"<!-- This site is optimized with the Yoast SEO Premium plugin v25.2 (Yoast SEO v25.2) - https:\/\/yoast.com\/wordpress\/plugins\/seo\/ -->\n<title>Barbarous 2 - Tavern Wars - Relevez des d\u00e9fis l\u00e9gendaires lors d\u2019une f\u00eate barbare<\/title>\n<meta name=\"description\" content=\"Retournez voir Emyr et le groupe des Barbares alors qu\u2019ils font face \u00e0 de nouveaux d\u00e9fis incroyables !\" \/>\n<meta name=\"robots\" content=\"index, follow, max-snippet:-1, max-image-preview:large, max-video-preview:-1\" \/>\n<link rel=\"canonical\" href=\"https:\/\/www.iplay.com\/fr\/games\/barbarous-2-tavern-wars\/\" \/>\n<meta property=\"og:locale\" content=\"fr_FR\" \/>\n<meta property=\"og:type\" content=\"article\" \/>\n<meta property=\"og:title\" content=\"Barbarous 2 - Tavern Wars\" \/>\n<meta property=\"og:description\" content=\"Retournez voir Emyr et le groupe des Barbares alors qu\u2019ils font face \u00e0 de nouveaux d\u00e9fis incroyables !\" \/>\n<meta property=\"og:url\" content=\"https:\/\/www.iplay.com\/fr\/games\/barbarous-2-tavern-wars\/\" \/>\n<meta property=\"og:site_name\" content=\"IPlay\" \/>\n<meta property=\"og:image\" content=\"https:\/\/www.iplay.com\/wp-content\/uploads\/2023\/12\/large_square_tile_image-2254.jpg\" \/>\n\t<meta property=\"og:image:width\" content=\"310\" \/>\n\t<meta property=\"og:image:height\" content=\"310\" \/>\n\t<meta property=\"og:image:type\" content=\"image\/jpeg\" \/>\n<meta name=\"twitter:card\" content=\"summary_large_image\" \/>\n<meta name=\"twitter:label1\" content=\"Dur\u00e9e de lecture estim\u00e9e\" \/>\n\t<meta name=\"twitter:data1\" content=\"1 minute\" \/>\n<script type=\"application\/ld+json\" class=\"yoast-schema-graph\">{\"@context\":\"https:\/\/schema.org\",\"@graph\":[{\"@type\":\"WebPage\",\"@id\":\"https:\/\/www.iplay.com\/fr\/games\/barbarous-2-tavern-wars\/\",\"url\":\"https:\/\/www.iplay.com\/fr\/games\/barbarous-2-tavern-wars\/\",\"name\":\"Barbarous 2 - Tavern Wars - Relevez des d\u00e9fis l\u00e9gendaires lors d\u2019une f\u00eate barbare\",\"isPartOf\":{\"@id\":\"https:\/\/www.iplay.com\/en\/#website\"},\"primaryImageOfPage\":{\"@id\":\"https:\/\/www.iplay.com\/fr\/games\/barbarous-2-tavern-wars\/#primaryimage\"},\"image\":{\"@id\":\"https:\/\/www.iplay.com\/fr\/games\/barbarous-2-tavern-wars\/#primaryimage\"},\"thumbnailUrl\":\"https:\/\/www.iplay.com\/wp-content\/uploads\/2023\/12\/large_square_tile_image-2254.jpg\",\"datePublished\":\"2022-09-03T00:00:00+00:00\",\"description\":\"Retournez voir Emyr et le groupe des Barbares alors qu\u2019ils font face \u00e0 de nouveaux d\u00e9fis incroyables !\",\"breadcrumb\":{\"@id\":\"https:\/\/www.iplay.com\/fr\/games\/barbarous-2-tavern-wars\/#breadcrumb\"},\"inLanguage\":\"fr-FR\",\"potentialAction\":[{\"@type\":\"ReadAction\",\"target\":[\"https:\/\/www.iplay.com\/fr\/games\/barbarous-2-tavern-wars\/\"]}]},{\"@type\":\"ImageObject\",\"inLanguage\":\"fr-FR\",\"@id\":\"https:\/\/www.iplay.com\/fr\/games\/barbarous-2-tavern-wars\/#primaryimage\",\"url\":\"https:\/\/www.iplay.com\/wp-content\/uploads\/2023\/12\/large_square_tile_image-2254.jpg\",\"contentUrl\":\"https:\/\/www.iplay.com\/wp-content\/uploads\/2023\/12\/large_square_tile_image-2254.jpg\",\"width\":310,\"height\":310},{\"@type\":\"BreadcrumbList\",\"@id\":\"https:\/\/www.iplay.com\/fr\/games\/barbarous-2-tavern-wars\/#breadcrumb\",\"itemListElement\":[{\"@type\":\"ListItem\",\"position\":1,\"name\":\"Home\",\"item\":\"https:\/\/www.iplay.com\/fr\/home-page-2\/\"},{\"@type\":\"ListItem\",\"position\":2,\"name\":\"Shop\",\"item\":\"https:\/\/www.iplay.com\/en\/shop\/\"},{\"@type\":\"ListItem\",\"position\":3,\"name\":\"Barbarous 2 &#8211; Tavern Wars\"}]},{\"@type\":\"WebSite\",\"@id\":\"https:\/\/www.iplay.com\/en\/#website\",\"url\":\"https:\/\/www.iplay.com\/en\/\",\"name\":\"IPlay\",\"description\":\"The Best Casual Games!\",\"publisher\":{\"@id\":\"https:\/\/www.iplay.com\/en\/#organization\"},\"potentialAction\":[{\"@type\":\"SearchAction\",\"target\":{\"@type\":\"EntryPoint\",\"urlTemplate\":\"https:\/\/www.iplay.com\/en\/?s={search_term_string}\"},\"query-input\":{\"@type\":\"PropertyValueSpecification\",\"valueRequired\":true,\"valueName\":\"search_term_string\"}}],\"inLanguage\":\"fr-FR\"},{\"@type\":\"Organization\",\"@id\":\"https:\/\/www.iplay.com\/en\/#organization\",\"name\":\"IPlay\",\"url\":\"https:\/\/www.iplay.com\/en\/\",\"logo\":{\"@type\":\"ImageObject\",\"inLanguage\":\"fr-FR\",\"@id\":\"https:\/\/www.iplay.com\/en\/#\/schema\/logo\/image\/\",\"url\":\"https:\/\/www.iplay.com\/wp-content\/uploads\/2023\/11\/Group-6100.svg\",\"contentUrl\":\"https:\/\/www.iplay.com\/wp-content\/uploads\/2023\/11\/Group-6100.svg\",\"width\":98,\"height\":25,\"caption\":\"IPlay\"},\"image\":{\"@id\":\"https:\/\/www.iplay.com\/en\/#\/schema\/logo\/image\/\"}}]}<\/script>\n<!-- \/ Yoast SEO Premium plugin. -->","yoast_head_json":{"title":"Barbarous 2 - Tavern Wars - Relevez des d\u00e9fis l\u00e9gendaires lors d\u2019une f\u00eate barbare","description":"Retournez voir Emyr et le groupe des Barbares alors qu\u2019ils font face \u00e0 de nouveaux d\u00e9fis incroyables !","robots":{"index":"index","follow":"follow","max-snippet":"max-snippet:-1","max-image-preview":"max-image-preview:large","max-video-preview":"max-video-preview:-1"},"canonical":"https:\/\/www.iplay.com\/fr\/games\/barbarous-2-tavern-wars\/","og_locale":"fr_FR","og_type":"article","og_title":"Barbarous 2 - Tavern Wars","og_description":"Retournez voir Emyr et le groupe des Barbares alors qu\u2019ils font face \u00e0 de nouveaux d\u00e9fis incroyables !","og_url":"https:\/\/www.iplay.com\/fr\/games\/barbarous-2-tavern-wars\/","og_site_name":"IPlay","og_image":[{"width":310,"height":310,"url":"https:\/\/www.iplay.com\/wp-content\/uploads\/2023\/12\/large_square_tile_image-2254.jpg","type":"image\/jpeg"}],"twitter_card":"summary_large_image","twitter_misc":{"Dur\u00e9e de lecture estim\u00e9e":"1 minute"},"schema":{"@context":"https:\/\/schema.org","@graph":[{"@type":"WebPage","@id":"https:\/\/www.iplay.com\/fr\/games\/barbarous-2-tavern-wars\/","url":"https:\/\/www.iplay.com\/fr\/games\/barbarous-2-tavern-wars\/","name":"Barbarous 2 - Tavern Wars - Relevez des d\u00e9fis l\u00e9gendaires lors d\u2019une f\u00eate barbare","isPartOf":{"@id":"https:\/\/www.iplay.com\/en\/#website"},"primaryImageOfPage":{"@id":"https:\/\/www.iplay.com\/fr\/games\/barbarous-2-tavern-wars\/#primaryimage"},"image":{"@id":"https:\/\/www.iplay.com\/fr\/games\/barbarous-2-tavern-wars\/#primaryimage"},"thumbnailUrl":"https:\/\/www.iplay.com\/wp-content\/uploads\/2023\/12\/large_square_tile_image-2254.jpg","datePublished":"2022-09-03T00:00:00+00:00","description":"Retournez voir Emyr et le groupe des Barbares alors qu\u2019ils font face \u00e0 de nouveaux d\u00e9fis incroyables !","breadcrumb":{"@id":"https:\/\/www.iplay.com\/fr\/games\/barbarous-2-tavern-wars\/#breadcrumb"},"inLanguage":"fr-FR","potentialAction":[{"@type":"ReadAction","target":["https:\/\/www.iplay.com\/fr\/games\/barbarous-2-tavern-wars\/"]}]},{"@type":"ImageObject","inLanguage":"fr-FR","@id":"https:\/\/www.iplay.com\/fr\/games\/barbarous-2-tavern-wars\/#primaryimage","url":"https:\/\/www.iplay.com\/wp-content\/uploads\/2023\/12\/large_square_tile_image-2254.jpg","contentUrl":"https:\/\/www.iplay.com\/wp-content\/uploads\/2023\/12\/large_square_tile_image-2254.jpg","width":310,"height":310},{"@type":"BreadcrumbList","@id":"https:\/\/www.iplay.com\/fr\/games\/barbarous-2-tavern-wars\/#breadcrumb","itemListElement":[{"@type":"ListItem","position":1,"name":"Home","item":"https:\/\/www.iplay.com\/fr\/home-page-2\/"},{"@type":"ListItem","position":2,"name":"Shop","item":"https:\/\/www.iplay.com\/en\/shop\/"},{"@type":"ListItem","position":3,"name":"Barbarous 2 &#8211; Tavern Wars"}]},{"@type":"WebSite","@id":"https:\/\/www.iplay.com\/en\/#website","url":"https:\/\/www.iplay.com\/en\/","name":"IPlay","description":"The Best Casual Games!","publisher":{"@id":"https:\/\/www.iplay.com\/en\/#organization"},"potentialAction":[{"@type":"SearchAction","target":{"@type":"EntryPoint","urlTemplate":"https:\/\/www.iplay.com\/en\/?s={search_term_string}"},"query-input":{"@type":"PropertyValueSpecification","valueRequired":true,"valueName":"search_term_string"}}],"inLanguage":"fr-FR"},{"@type":"Organization","@id":"https:\/\/www.iplay.com\/en\/#organization","name":"IPlay","url":"https:\/\/www.iplay.com\/en\/","logo":{"@type":"ImageObject","inLanguage":"fr-FR","@id":"https:\/\/www.iplay.com\/en\/#\/schema\/logo\/image\/","url":"https:\/\/www.iplay.com\/wp-content\/uploads\/2023\/11\/Group-6100.svg","contentUrl":"https:\/\/www.iplay.com\/wp-content\/uploads\/2023\/11\/Group-6100.svg","width":98,"height":25,"caption":"IPlay"},"image":{"@id":"https:\/\/www.iplay.com\/en\/#\/schema\/logo\/image\/"}}]}},"_links":{"self":[{"href":"https:\/\/www.iplay.com\/fr\/wp-json\/wp\/v2\/product\/126518","targetHints":{"allow":["GET"]}}],"collection":[{"href":"https:\/\/www.iplay.com\/fr\/wp-json\/wp\/v2\/product"}],"about":[{"href":"https:\/\/www.iplay.com\/fr\/wp-json\/wp\/v2\/types\/product"}],"author":[{"embeddable":true,"href":"https:\/\/www.iplay.com\/fr\/wp-json\/wp\/v2\/users\/128"}],"replies":[{"embeddable":true,"href":"https:\/\/www.iplay.com\/fr\/wp-json\/wp\/v2\/comments?post=126518"}],"wp:featuredmedia":[{"embeddable":true,"href":"https:\/\/www.iplay.com\/fr\/wp-json\/wp\/v2\/media\/76104"}],"wp:attachment":[{"href":"https:\/\/www.iplay.com\/fr\/wp-json\/wp\/v2\/media?parent=126518"}],"wp:term":[{"taxonomy":"product_brand","embeddable":true,"href":"https:\/\/www.iplay.com\/fr\/wp-json\/wp\/v2\/product_brand?post=126518"},{"taxonomy":"product_cat","embeddable":true,"href":"https:\/\/www.iplay.com\/fr\/wp-json\/wp\/v2\/product_cat?post=126518"},{"taxonomy":"product_tag","embeddable":true,"href":"https:\/\/www.iplay.com\/fr\/wp-json\/wp\/v2\/product_tag?post=126518"}],"curies":[{"name":"wp","href":"https:\/\/api.w.org\/{rel}","templated":true}]}}